{"id":22597,"date":"2024-01-09T15:45:54","date_gmt":"2024-01-09T15:45:54","guid":{"rendered":"http:\/\/rucashk.com\/?post_type=product&#038;p=22597"},"modified":"2024-03-13T08:59:13","modified_gmt":"2024-03-13T08:59:13","slug":"xiaomi-e-bike-himo-z16-wholesale","status":"publish","type":"product","link":"https:\/\/www.rucashk.com\/es\/producto\/xiaomi-e-bike-himo-z16-wholesale\/","title":{"rendered":"Xiaomi E-bicicleta HIMO Z16"},"content":{"rendered":"<h2 style=\"text-align: center\">Bicicleta el\u00e9ctrica Xiaomi HIMO Z16<\/h2>\n<h2 style=\"text-align: center\"><img fetchpriority=\"high\" decoding=\"async\" class=\"aligncenter\" src=\"\/wp-content\/uploads\/replace\/c7007115dbd7c32916abf9f052ae62fe.jpeg\" alt=\"Xiaomi\u00a0E-bike HIMO Z16 Wholesale\" width=\"833\" height=\"556\" \/><\/h2>\n<p style=\"text-align: center\"><img decoding=\"async\" class=\"alignnone\" src=\"\/wp-content\/uploads\/replace\/f4a1f6a05ef37a0bbe722182651924d0.jpeg\" alt=\"Xiaomi\u00a0E-bike HIMO Z16 Wholesale\" width=\"824\" height=\"550\" \/><\/p>\n<p style=\"text-align: center\"><img decoding=\"async\" class=\"alignnone\" src=\"\/wp-content\/uploads\/replace\/f50fad1d4351d47bb8fc00b1725373d8.jpeg\" alt=\"Xiaomi\u00a0E-bike HIMO Z16 Wholesale\" width=\"805\" height=\"670\" \/><\/p>\n<p style=\"text-align: center\"><img loading=\"lazy\" decoding=\"async\" class=\"alignnone\" src=\"\/wp-content\/uploads\/replace\/cafa75d1dacbbbda304ed3a042ef6d59.jpeg\" alt=\"Xiaomi\u00a0E-bike HIMO Z16 Wholesale\" width=\"817\" height=\"817\" \/><\/p>\n<p style=\"text-align: center\"><img loading=\"lazy\" decoding=\"async\" class=\"alignnone\" src=\"\/wp-content\/uploads\/replace\/fb906e15a62ec31ac39a070608c889a2.jpeg\" alt=\"Xiaomi\u00a0E-bike HIMO Z16 Wholesale\" width=\"781\" height=\"388\" \/><\/p>\n<p style=\"text-align: center\"><img loading=\"lazy\" decoding=\"async\" class=\"alignnone\" src=\"\/wp-content\/uploads\/replace\/9b3dbc483148e48d276c003af0476e84.jpeg\" alt=\"Xiaomi\u00a0E-bike HIMO Z16 Wholesale\" width=\"871\" height=\"581\" \/><\/p>\n<p style=\"text-align: center\"><img loading=\"lazy\" decoding=\"async\" class=\"alignnone\" src=\"\/wp-content\/uploads\/replace\/7c242a29451bb45a9b5292e76ef78c21.jpeg\" alt=\"Xiaomi\u00a0E-bike HIMO Z16 Wholesale\" width=\"824\" height=\"550\" \/><\/p>\n<p style=\"text-align: center\"><img loading=\"lazy\" decoding=\"async\" class=\"alignnone\" src=\"\/wp-content\/uploads\/replace\/e8325a1892925a3c0e5812db301401b5.jpeg\" alt=\"Xiaomi\u00a0E-bike HIMO Z16 Wholesale\" width=\"746\" height=\"643\" \/><\/p>\n<p style=\"text-align: center\"><img loading=\"lazy\" decoding=\"async\" class=\"alignnone\" src=\"\/wp-content\/uploads\/replace\/7d9de0ea6caabf60408922de8672edcf.jpeg\" alt=\"Xiaomi\u00a0E-bike HIMO Z16 Wholesale\" width=\"795\" height=\"621\" \/><\/p>\n<p style=\"text-align: center\"><img loading=\"lazy\" decoding=\"async\" class=\"alignnone\" src=\"\/wp-content\/uploads\/replace\/4caa32cd531b75c8143784ba401eac7f.jpeg\" alt=\"Xiaomi\u00a0E-bike HIMO Z16 Wholesale\" width=\"773\" height=\"748\" \/><\/p>\n<p style=\"text-align: center\"><img loading=\"lazy\" decoding=\"async\" class=\"alignnone\" src=\"\/wp-content\/uploads\/replace\/689625236bdede8f6ea332af677869ed.jpeg\" alt=\"Xiaomi\u00a0E-bike HIMO Z16 Wholesale\" width=\"784\" height=\"506\" \/><\/p>\n<p><img loading=\"lazy\" decoding=\"async\" class=\"aligncenter\" src=\"\/wp-content\/uploads\/replace\/b839cc28bd72caa75525aaea0fbfd18d.jpeg\" alt=\"Xiaomi\u00a0E-bike HIMO Z16 Wholesale\" width=\"743\" height=\"496\" \/><\/p>\n<h3>Caracter\u00edsticas de Xiaomi HIMO Z16:<\/h3>\n<p>Puedes doblar la bicicleta el\u00e9ctrica Xiaomi Himo Z16 de tres formas: manillar, pliegue de carrocer\u00eda y pedal. La mejor parte de la bicicleta plegable es que puedes guardarla en un ba\u00fal despu\u00e9s de plegarla. Y ser\u00e1 f\u00e1cil de transportar ya que el peso de la bicicleta plegable es de 22,5 kg.<\/p>","protected":false},"excerpt":{"rendered":"<h3>Caracter\u00edsticas de Xiaomi HIMO Z16:<\/h3>\n<p>Puedes doblar la bicicleta el\u00e9ctrica Xiaomi Himo Z16 de tres formas: manillar, pliegue de carrocer\u00eda y pedal. La mejor parte de la bicicleta plegable es que puedes guardarla en un ba\u00fal despu\u00e9s de plegarla. Y ser\u00e1 f\u00e1cil de transportar ya que el peso de la bicicleta plegable es de 22,5 kg.<\/p>","protected":false},"featured_media":22685,"template":"","meta":[],"product_brand":[],"product_cat":[1321,1305],"product_tag":[744],"class_list":{"0":"post-22597","1":"product","2":"type-product","3":"status-publish","4":"has-post-thumbnail","6":"product_cat-sports","7":"product_cat-xiaomi-eco","8":"product_tag-xiaomi-e-bike-himo-z16","10":"first","11":"instock","12":"shipping-taxable","13":"product-type-external"},"aioseo_notices":[],"aioseo_head":"\n\t\t<!-- All in One SEO Pro 4.5.9.2 - aioseo.com -->\n\t\t<meta name=\"description\" content=\"Features of Xiaomi HIMO Z16: You can folf the Xiaomi Himo Z16 electric bike in tree ways, i.e. handlecar, body fold, and foot pedal. The best part of folding bicycle is that you can putt this bicycle in a trunk after folding it. And it will be easy to carry as the weight of the folding bicycle is 22.5kg.\" \/>\n\t\t<meta name=\"robots\" content=\"max-image-preview:large\" \/>\n\t\t<link rel=\"canonical\" href=\"https:\/\/www.rucashk.com\/es\/producto\/xiaomi-e-bike-himo-z16-wholesale\/\" \/>\n\t\t<meta name=\"generator\" content=\"All in One SEO Pro (AIOSEO) 4.5.9.2\" \/>\n\t\t<meta property=\"og:locale\" content=\"es_ES\" \/>\n\t\t<meta property=\"og:site_name\" content=\"Rucas - One-stop AIoT Distribution Worldwide\" \/>\n\t\t<meta property=\"og:type\" content=\"article\" \/>\n\t\t<meta property=\"og:title\" content=\"Xiaomi E-bike HIMO Z16 Wholesale - Rucas - Wholesale and Distribution\" \/>\n\t\t<meta property=\"og:description\" content=\"Features of Xiaomi HIMO Z16: You can folf the Xiaomi Himo Z16 electric bike in tree ways, i.e. handlecar, body fold, and foot pedal. The best part of folding bicycle is that you can putt this bicycle in a trunk after folding it. And it will be easy to carry as the weight of the folding bicycle is 22.5kg.\" \/>\n\t\t<meta property=\"og:url\" content=\"https:\/\/www.rucashk.com\/es\/producto\/xiaomi-e-bike-himo-z16-wholesale\/\" \/>\n\t\t<meta property=\"og:image\" content=\"https:\/\/www.rucashk.com\/wp-content\/uploads\/replace\/503b8e645f128a97ccde2b6290747646.jpeg\" \/>\n\t\t<meta property=\"og:image:secure_url\" content=\"https:\/\/www.rucashk.com\/wp-content\/uploads\/replace\/503b8e645f128a97ccde2b6290747646.jpeg\" \/>\n\t\t<meta property=\"og:image:width\" content=\"1456\" \/>\n\t\t<meta property=\"og:image:height\" content=\"816\" \/>\n\t\t<meta property=\"article:published_time\" content=\"2024-01-09T15:45:54+00:00\" \/>\n\t\t<meta property=\"article:modified_time\" content=\"2024-03-13T08:59:13+00:00\" \/>\n\t\t<meta name=\"twitter:card\" content=\"summary_large_image\" \/>\n\t\t<meta name=\"twitter:title\" content=\"Xiaomi E-bike HIMO Z16 Wholesale - Rucas - Wholesale and Distribution\" \/>\n\t\t<meta name=\"twitter:description\" content=\"Features of Xiaomi HIMO Z16: You can folf the Xiaomi Himo Z16 electric bike in tree ways, i.e. handlecar, body fold, and foot pedal. The best part of folding bicycle is that you can putt this bicycle in a trunk after folding it. And it will be easy to carry as the weight of the folding bicycle is 22.5kg.\" \/>\n\t\t<meta name=\"twitter:image\" content=\"https:\/\/www.rucashk.com\/wp-content\/uploads\/replace\/503b8e645f128a97ccde2b6290747646.jpeg\" \/>\n\t\t<script type=\"application\/ld+json\" class=\"aioseo-schema\">\n\t\t\t{\"@context\":\"https:\\\/\\\/schema.org\",\"@graph\":[{\"@type\":\"BreadcrumbList\",\"@id\":\"https:\\\/\\\/www.rucashk.com\\\/es\\\/producto\\\/xiaomi-e-bike-himo-z16-wholesale\\\/#breadcrumblist\",\"itemListElement\":[{\"@type\":\"ListItem\",\"@id\":\"https:\\\/\\\/www.rucashk.com\\\/es\\\/#listItem\",\"position\":1,\"name\":\"Home\",\"item\":\"https:\\\/\\\/www.rucashk.com\\\/es\\\/\",\"nextItem\":\"https:\\\/\\\/www.rucashk.com\\\/es\\\/producto\\\/xiaomi-e-bike-himo-z16-wholesale\\\/#listItem\"},{\"@type\":\"ListItem\",\"@id\":\"https:\\\/\\\/www.rucashk.com\\\/es\\\/producto\\\/xiaomi-e-bike-himo-z16-wholesale\\\/#listItem\",\"position\":2,\"name\":\"Xiaomi\\u00a0E-bike HIMO Z16 Wholesale\",\"previousItem\":\"https:\\\/\\\/www.rucashk.com\\\/es\\\/#listItem\"}]},{\"@type\":\"Organization\",\"@id\":\"https:\\\/\\\/www.rucashk.com\\\/es\\\/#organization\",\"name\":\"Rucas\",\"url\":\"https:\\\/\\\/www.rucashk.com\\\/es\\\/\",\"logo\":{\"@type\":\"ImageObject\",\"url\":\"https:\\\/\\\/www.rucashk.com\\\/wp-content\\\/uploads\\\/2023\\\/12\\\/Rucas_campany_logo.png\",\"@id\":\"https:\\\/\\\/www.rucashk.com\\\/es\\\/producto\\\/xiaomi-e-bike-himo-z16-wholesale\\\/#organizationLogo\",\"width\":221,\"height\":65},\"image\":{\"@id\":\"https:\\\/\\\/www.rucashk.com\\\/es\\\/#organizationLogo\"}},{\"@type\":\"Person\",\"@id\":\"https:\\\/\\\/www.rucashk.com\\\/es\\\/author\\\/admin\\\/#author\",\"url\":\"https:\\\/\\\/www.rucashk.com\\\/es\\\/author\\\/admin\\\/\",\"name\":\"admin\",\"image\":{\"@type\":\"ImageObject\",\"@id\":\"https:\\\/\\\/www.rucashk.com\\\/es\\\/producto\\\/xiaomi-e-bike-himo-z16-wholesale\\\/#authorImage\",\"url\":\"https:\\\/\\\/secure.gravatar.com\\\/avatar\\\/b7c8925b09a27e72b30232f8ecaadbd5af0f70a38c78096863fe51b64f031c24?s=96&d=mm&r=g\",\"width\":96,\"height\":96,\"caption\":\"admin\"}},{\"@type\":\"WebPage\",\"@id\":\"https:\\\/\\\/www.rucashk.com\\\/es\\\/producto\\\/xiaomi-e-bike-himo-z16-wholesale\\\/#webpage\",\"url\":\"https:\\\/\\\/www.rucashk.com\\\/es\\\/producto\\\/xiaomi-e-bike-himo-z16-wholesale\\\/\",\"name\":\"Xiaomi E-bike HIMO Z16 Wholesale - Rucas - Wholesale and Distribution\",\"description\":\"Features of Xiaomi HIMO Z16: You can folf the Xiaomi Himo Z16 electric bike in tree ways, i.e. handlecar, body fold, and foot pedal. The best part of folding bicycle is that you can putt this bicycle in a trunk after folding it. And it will be easy to carry as the weight of the folding bicycle is 22.5kg.\",\"inLanguage\":\"es-ES\",\"isPartOf\":{\"@id\":\"https:\\\/\\\/www.rucashk.com\\\/es\\\/#website\"},\"breadcrumb\":{\"@id\":\"https:\\\/\\\/www.rucashk.com\\\/es\\\/producto\\\/xiaomi-e-bike-himo-z16-wholesale\\\/#breadcrumblist\"},\"author\":{\"@id\":\"https:\\\/\\\/www.rucashk.com\\\/es\\\/author\\\/admin\\\/#author\"},\"creator\":{\"@id\":\"https:\\\/\\\/www.rucashk.com\\\/es\\\/author\\\/admin\\\/#author\"},\"image\":{\"@type\":\"ImageObject\",\"url\":\"https:\\\/\\\/www.rucashk.com\\\/wp-content\\\/uploads\\\/2024\\\/01\\\/6_\\u526f\\u672c-2.jpg\",\"@id\":\"https:\\\/\\\/www.rucashk.com\\\/es\\\/producto\\\/xiaomi-e-bike-himo-z16-wholesale\\\/#mainImage\",\"width\":800,\"height\":800},\"primaryImageOfPage\":{\"@id\":\"https:\\\/\\\/www.rucashk.com\\\/es\\\/producto\\\/xiaomi-e-bike-himo-z16-wholesale\\\/#mainImage\"},\"datePublished\":\"2024-01-09T15:45:54+00:00\",\"dateModified\":\"2024-03-13T08:59:13+00:00\"},{\"@type\":\"WebSite\",\"@id\":\"https:\\\/\\\/www.rucashk.com\\\/es\\\/#website\",\"url\":\"https:\\\/\\\/www.rucashk.com\\\/es\\\/\",\"name\":\"Rucas - Wholesale and distribution worldwide\",\"alternateName\":\"Rucas - One-stop AIoT Distribution Worldwide\",\"description\":\"One-stop AIoT Distribution Worldwide\",\"inLanguage\":\"es-ES\",\"publisher\":{\"@id\":\"https:\\\/\\\/www.rucashk.com\\\/es\\\/#organization\"}}]}\n\t\t<\/script>\n\t\t<!-- All in One SEO Pro -->\r\n\t\t<title>Xiaomi E-bike HIMO Z16 Wholesale - Rucas - Wholesale and Distribution<\/title>\n\n","aioseo_head_json":{"title":"Xiaomi E-bike HIMO Z16 Wholesale - Rucas - Wholesale and Distribution","description":"Features of Xiaomi HIMO Z16: You can folf the Xiaomi Himo Z16 electric bike in tree ways, i.e. handlecar, body fold, and foot pedal. The best part of folding bicycle is that you can putt this bicycle in a trunk after folding it. And it will be easy to carry as the weight of the folding bicycle is 22.5kg.","canonical_url":"https:\/\/www.rucashk.com\/es\/producto\/xiaomi-e-bike-himo-z16-wholesale\/","robots":"max-image-preview:large","keywords":"","webmasterTools":{"miscellaneous":""},"og:locale":"es_ES","og:site_name":"Rucas - One-stop AIoT Distribution Worldwide","og:type":"article","og:title":"Xiaomi E-bike HIMO Z16 Wholesale - Rucas - Wholesale and Distribution","og:description":"Features of Xiaomi HIMO Z16: You can folf the Xiaomi Himo Z16 electric bike in tree ways, i.e. handlecar, body fold, and foot pedal. The best part of folding bicycle is that you can putt this bicycle in a trunk after folding it. And it will be easy to carry as the weight of the folding bicycle is 22.5kg.","og:url":"https:\/\/www.rucashk.com\/es\/producto\/xiaomi-e-bike-himo-z16-wholesale\/","og:image":"https:\/\/www.rucashk.com\/wp-content\/uploads\/replace\/503b8e645f128a97ccde2b6290747646.jpeg","og:image:secure_url":"https:\/\/www.rucashk.com\/wp-content\/uploads\/replace\/503b8e645f128a97ccde2b6290747646.jpeg","og:image:width":1456,"og:image:height":816,"article:published_time":"2024-01-09T15:45:54+00:00","article:modified_time":"2024-03-13T08:59:13+00:00","twitter:card":"summary_large_image","twitter:title":"Xiaomi E-bike HIMO Z16 Wholesale - Rucas - Wholesale and Distribution","twitter:description":"Features of Xiaomi HIMO Z16: You can folf the Xiaomi Himo Z16 electric bike in tree ways, i.e. handlecar, body fold, and foot pedal. The best part of folding bicycle is that you can putt this bicycle in a trunk after folding it. And it will be easy to carry as the weight of the folding bicycle is 22.5kg.","twitter:image":"https:\/\/www.rucashk.com\/wp-content\/uploads\/replace\/503b8e645f128a97ccde2b6290747646.jpeg","schema":{"@context":"https:\/\/schema.org","@graph":[{"@type":"BreadcrumbList","@id":"https:\/\/www.rucashk.com\/es\/producto\/xiaomi-e-bike-himo-z16-wholesale\/#breadcrumblist","itemListElement":[{"@type":"ListItem","@id":"https:\/\/www.rucashk.com\/es\/#listItem","position":1,"name":"Home","item":"https:\/\/www.rucashk.com\/es\/","nextItem":"https:\/\/www.rucashk.com\/es\/producto\/xiaomi-e-bike-himo-z16-wholesale\/#listItem"},{"@type":"ListItem","@id":"https:\/\/www.rucashk.com\/es\/producto\/xiaomi-e-bike-himo-z16-wholesale\/#listItem","position":2,"name":"Xiaomi\u00a0E-bike HIMO Z16 Wholesale","previousItem":"https:\/\/www.rucashk.com\/es\/#listItem"}]},{"@type":"Organization","@id":"https:\/\/www.rucashk.com\/es\/#organization","name":"Rucas","url":"https:\/\/www.rucashk.com\/es\/","logo":{"@type":"ImageObject","url":"https:\/\/www.rucashk.com\/wp-content\/uploads\/2023\/12\/Rucas_campany_logo.png","@id":"https:\/\/www.rucashk.com\/es\/producto\/xiaomi-e-bike-himo-z16-wholesale\/#organizationLogo","width":221,"height":65},"image":{"@id":"https:\/\/www.rucashk.com\/es\/#organizationLogo"}},{"@type":"Person","@id":"https:\/\/www.rucashk.com\/es\/author\/admin\/#author","url":"https:\/\/www.rucashk.com\/es\/author\/admin\/","name":"admin","image":{"@type":"ImageObject","@id":"https:\/\/www.rucashk.com\/es\/producto\/xiaomi-e-bike-himo-z16-wholesale\/#authorImage","url":"https:\/\/secure.gravatar.com\/avatar\/b7c8925b09a27e72b30232f8ecaadbd5af0f70a38c78096863fe51b64f031c24?s=96&d=mm&r=g","width":96,"height":96,"caption":"admin"}},{"@type":"WebPage","@id":"https:\/\/www.rucashk.com\/es\/producto\/xiaomi-e-bike-himo-z16-wholesale\/#webpage","url":"https:\/\/www.rucashk.com\/es\/producto\/xiaomi-e-bike-himo-z16-wholesale\/","name":"Xiaomi E-bike HIMO Z16 Wholesale - Rucas - Wholesale and Distribution","description":"Features of Xiaomi HIMO Z16: You can folf the Xiaomi Himo Z16 electric bike in tree ways, i.e. handlecar, body fold, and foot pedal. The best part of folding bicycle is that you can putt this bicycle in a trunk after folding it. And it will be easy to carry as the weight of the folding bicycle is 22.5kg.","inLanguage":"es-ES","isPartOf":{"@id":"https:\/\/www.rucashk.com\/es\/#website"},"breadcrumb":{"@id":"https:\/\/www.rucashk.com\/es\/producto\/xiaomi-e-bike-himo-z16-wholesale\/#breadcrumblist"},"author":{"@id":"https:\/\/www.rucashk.com\/es\/author\/admin\/#author"},"creator":{"@id":"https:\/\/www.rucashk.com\/es\/author\/admin\/#author"},"image":{"@type":"ImageObject","url":"https:\/\/www.rucashk.com\/wp-content\/uploads\/2024\/01\/6_\u526f\u672c-2.jpg","@id":"https:\/\/www.rucashk.com\/es\/producto\/xiaomi-e-bike-himo-z16-wholesale\/#mainImage","width":800,"height":800},"primaryImageOfPage":{"@id":"https:\/\/www.rucashk.com\/es\/producto\/xiaomi-e-bike-himo-z16-wholesale\/#mainImage"},"datePublished":"2024-01-09T15:45:54+00:00","dateModified":"2024-03-13T08:59:13+00:00"},{"@type":"WebSite","@id":"https:\/\/www.rucashk.com\/es\/#website","url":"https:\/\/www.rucashk.com\/es\/","name":"Rucas - Wholesale and distribution worldwide","alternateName":"Rucas - One-stop AIoT Distribution Worldwide","description":"One-stop AIoT Distribution Worldwide","inLanguage":"es-ES","publisher":{"@id":"https:\/\/www.rucashk.com\/es\/#organization"}}]}},"aioseo_meta_data":{"post_id":"22597","title":null,"description":null,"keywords":null,"keyphrases":null,"primary_term":null,"canonical_url":null,"og_title":null,"og_description":null,"og_object_type":"default","og_image_type":"default","og_image_url":null,"og_image_width":null,"og_image_height":null,"og_image_custom_url":null,"og_image_custom_fields":null,"og_video":null,"og_custom_url":null,"og_article_section":null,"og_article_tags":null,"twitter_use_og":false,"twitter_card":"default","twitter_image_type":"default","twitter_image_url":null,"twitter_image_custom_url":null,"twitter_image_custom_fields":null,"twitter_title":null,"twitter_description":null,"schema":{"blockGraphs":[],"customGraphs":[],"default":{"data":{"Article":[],"Course":[],"Dataset":[],"FAQPage":[],"Movie":[],"Person":[],"Product":[],"Recipe":[],"Service":[],"SoftwareApplication":[],"WebPage":[]},"graphName":"","isEnabled":true},"graphs":[]},"schema_type":"default","schema_type_options":null,"pillar_content":false,"robots_default":true,"robots_noindex":false,"robots_noarchive":false,"robots_nosnippet":false,"robots_nofollow":false,"robots_noimageindex":false,"robots_noodp":false,"robots_notranslate":false,"robots_max_snippet":null,"robots_max_videopreview":null,"robots_max_imagepreview":"large","priority":null,"frequency":null,"local_seo":null,"breadcrumb_settings":null,"limit_modified_date":false,"created":"2024-04-11 01:55:23","updated":"2025-06-22 16:46:55"},"aioseo_breadcrumb":"<div class=\"aioseo-breadcrumbs\"><span class=\"aioseo-breadcrumb\">\n\t<a href=\"https:\/\/www.rucashk.com\/es\" title=\"Home\">Home<\/a>\n<\/span><span class=\"aioseo-breadcrumb-separator\">&raquo;<\/span><span class=\"aioseo-breadcrumb\">\n\t<a href=\"https:\/\/www.rucashk.com\/es\/products\/\" title=\"Productos\">Productos<\/a>\n<\/span><span class=\"aioseo-breadcrumb-separator\">&raquo;<\/span><span class=\"aioseo-breadcrumb\">\n\t<a href=\"https:\/\/www.rucashk.com\/es\/categoria-producto\/xiaomi-eco\/\" title=\"Xiaomi Eco\">Xiaomi Eco<\/a>\n<\/span><span class=\"aioseo-breadcrumb-separator\">&raquo;<\/span><span class=\"aioseo-breadcrumb\">\n\t<a href=\"https:\/\/www.rucashk.com\/es\/categoria-producto\/xiaomi-eco\/sports\/\" title=\"Sports\">Sports<\/a>\n<\/span><span class=\"aioseo-breadcrumb-separator\">&raquo;<\/span><span class=\"aioseo-breadcrumb\">\n\tXiaomi\u00a0E-bike HIMO Z16 Wholesale\n<\/span><\/div>","aioseo_breadcrumb_json":[{"label":"Home","link":"https:\/\/www.rucashk.com\/es"},{"label":"Productos","link":"https:\/\/www.rucashk.com\/es\/products\/"},{"label":"Xiaomi Eco","link":"https:\/\/www.rucashk.com\/es\/categoria-producto\/xiaomi-eco\/"},{"label":"Sports","link":"https:\/\/www.rucashk.com\/es\/categoria-producto\/xiaomi-eco\/sports\/"},{"label":"Xiaomi\u00a0E-bike HIMO Z16 Wholesale","link":"https:\/\/www.rucashk.com\/es\/producto\/xiaomi-e-bike-himo-z16-wholesale\/"}],"_links":{"self":[{"href":"https:\/\/www.rucashk.com\/es\/wp-json\/wp\/v2\/product\/22597","targetHints":{"allow":["GET"]}}],"collection":[{"href":"https:\/\/www.rucashk.com\/es\/wp-json\/wp\/v2\/product"}],"about":[{"href":"https:\/\/www.rucashk.com\/es\/wp-json\/wp\/v2\/types\/product"}],"wp:featuredmedia":[{"embeddable":true,"href":"https:\/\/www.rucashk.com\/es\/wp-json\/wp\/v2\/media\/22685"}],"wp:attachment":[{"href":"https:\/\/www.rucashk.com\/es\/wp-json\/wp\/v2\/media?parent=22597"}],"wp:term":[{"taxonomy":"product_brand","embeddable":true,"href":"https:\/\/www.rucashk.com\/es\/wp-json\/wp\/v2\/product_brand?post=22597"},{"taxonomy":"product_cat","embeddable":true,"href":"https:\/\/www.rucashk.com\/es\/wp-json\/wp\/v2\/product_cat?post=22597"},{"taxonomy":"product_tag","embeddable":true,"href":"https:\/\/www.rucashk.com\/es\/wp-json\/wp\/v2\/product_tag?post=22597"}],"curies":[{"name":"wp","href":"https:\/\/api.w.org\/{rel}","templated":true}]}}