{"id":22596,"date":"2024-01-09T15:45:54","date_gmt":"2024-01-09T15:45:54","guid":{"rendered":"http:\/\/rucashk.com\/?post_type=product&#038;p=22596"},"modified":"2024-03-12T04:23:07","modified_gmt":"2024-03-12T04:23:07","slug":"garmin-fenix-6","status":"publish","type":"product","link":"https:\/\/www.rucashk.com\/es\/producto\/garmin-fenix-6\/","title":{"rendered":"Garmin F\u00e9nix 6"},"content":{"rendered":"<div class=\"columns\">\n<div class=\"column main\">\n<div class=\"product media\">\n<div class=\"gallery product-images\">\n<div class=\"swiper-container gallery-top swiper-container-initialized swiper-container-horizontal swiper-container-multirow\">\n<div class=\"swiper-container swiper-container-initialized swiper-container-horizontal swiper-container-multirow\">\n<div class=\"wrapper product-images-count-6 product-images-multiple swiper-wrapper\" data-imagecount=\"6\">\n<figure class=\"swiper-slide swiper-slide-active\" data-swiper-column=\"0\" data-swiper-row=\"0\">\n<h1 class=\"image-wrapper\">Garmin F\u00e9nix 6<img decoding=\"async\" class=\"aligncenter\" src=\"\/wp-content\/uploads\/replace\/f655bf644ba17ea19cede0d4acd17b98.jpeg\" alt=\"-316441\" \/><\/h1>\n<div style=\"text-align: center\"><strong>M\u00fasica y conectividad<br \/>\n<\/strong>El Garmin Fenix 6 Sapphire se puede conectar a tu cuenta de Spotify o Deezer, lo que te permite transmitir tu m\u00fasica favorita est\u00e9s donde est\u00e9s. Tambi\u00e9n puedes guardar m\u00fasica en tu reloj. Con 32 GB de memoria, puedes agregar muchas canciones a tu lista de reproducci\u00f3n en ejecuci\u00f3n. El reloj se puede conectar a sus auriculares mediante Bluetooth.<\/div>\n<\/figure>\n<figure class=\"swiper-slide swiper-slide-next\" data-swiper-column=\"0\" data-swiper-row=\"1\">\n<div class=\"image-wrapper\"><img decoding=\"async\" class=\"aligncenter\" src=\"\/wp-content\/uploads\/replace\/6f7e4b7632d9f55f37dc49f5213a367c.jpeg\" alt=\"-316442\" \/><\/div>\n<div style=\"text-align: center\"><strong>Pago Garmin<br \/>\n<\/strong>Otra funci\u00f3n \u00fatil del Garmin Fenix 6 Sapphire es la funci\u00f3n Garmin Pay. Si desea detenerse en alg\u00fan punto del camino, esta funci\u00f3n le permite pagar ese refrigerio o la visita al ba\u00f1o con su reloj. Para que no tengas que llevar tu cartera cuando salgas a correr.<\/div>\n<\/figure>\n<figure class=\"swiper-slide\" data-swiper-column=\"1\" data-swiper-row=\"0\">\n<div class=\"image-wrapper\"><img decoding=\"async\" class=\"aligncenter\" src=\"\/wp-content\/uploads\/replace\/2100c88ab04b8dc2b0c50b2a8990e03f.jpeg\" alt=\"-316443\" \/><\/div>\n<div style=\"text-align: center\"><strong>Seguridad<br \/>\n<\/strong>Las funciones de seguridad y seguimiento del Fenix 6 Zafiro tambi\u00e9n cuentan con detecci\u00f3n de incidencias y contactos de emergencia. Cuando ocurre un incidente, los sensores del reloj deportivo lo detectan. Luego puede compartir su ubicaci\u00f3n en tiempo real de forma manual o autom\u00e1tica. A trav\u00e9s de la conexi\u00f3n con su tel\u00e9fono, se enviar\u00e1 un mensaje de texto automatizado y un correo electr\u00f3nico en el que se comparte su nombre y ubicaci\u00f3n a sus contactos personales de emergencia.<\/div>\n<div><\/div>\n<\/figure>\n<figure class=\"swiper-slide\" data-swiper-column=\"1\" data-swiper-row=\"1\">\n<div class=\"image-wrapper\"><img decoding=\"async\" class=\"aligncenter\" src=\"\/wp-content\/uploads\/replace\/4ce18f831c96a81b5c5431169218c19f.jpeg\" alt=\"-316444\" \/><\/div>\n<div style=\"text-align: center\"><strong>Bater\u00eda<\/strong><br \/>\nLa bater\u00eda del Garmin Fenix 6 Zafiro dura 14 d\u00edas en modo reloj inteligente. En modo GPS la bater\u00eda dura hasta 36 horas. Cuando se utiliza GPS y m\u00fasica al mismo tiempo, la bater\u00eda dura hasta 10 horas. El reloj multideporte cuenta con diferentes modos de ahorro de bater\u00eda: en modo expedici\u00f3n la bater\u00eda durar\u00e1 hasta 28 d\u00edas; El modo de ahorro de bater\u00eda te permite utilizar el reloj hasta 48 d\u00edas sin cargarlo.<\/div>\n<div><\/div>\n<\/figure>\n<figure class=\"swiper-slide\" data-swiper-column=\"2\" data-swiper-row=\"0\">\n<div class=\"image-wrapper\"><img decoding=\"async\" class=\"aligncenter\" src=\"\/wp-content\/uploads\/replace\/3b00ae693ebe30a20bdf8a7dd29b90ed.jpeg\" alt=\"-316445\" \/><\/div>\n<\/figure>\n<figure class=\"swiper-slide\" data-swiper-column=\"2\" data-swiper-row=\"1\">\n<div class=\"image-wrapper\"><img decoding=\"async\" class=\"aligncenter\" src=\"\/wp-content\/uploads\/replace\/904c783dde1305008c74ca11af8a4524.jpeg\" alt=\"-316446\" \/><\/div>\n<div style=\"text-align: left\"><strong>Detalles:<\/strong><\/div>\n<div>\n<ul>\n<li style=\"text-align: left\">Escuche m\u00fasica a trav\u00e9s de Spotify y Deezer, o directamente desde su reloj<\/li>\n<li style=\"text-align: left\">GPS integrado<\/li>\n<li style=\"text-align: left\">Navegaci\u00f3n mediante GPS, GLONASS y GALILEO<\/li>\n<li style=\"text-align: left\">Mapas de navegaci\u00f3n a todo color<\/li>\n<li style=\"text-align: left\">Mapas TOPO de Europa, campos de golf y mapas de esqu\u00ed precargados<\/li>\n<li style=\"text-align: left\">Navegaci\u00f3n paso a paso<\/li>\n<li style=\"text-align: left\">Pago Garmin<\/li>\n<li style=\"text-align: left\">Mida la frecuencia card\u00edaca dentro y fuera del agua.<\/li>\n<li style=\"text-align: left\">Detecci\u00f3n y asistencia de incidentes<\/li>\n<li style=\"text-align: left\">Bater\u00eda: 14 d\u00edas en modo reloj inteligente, 36 horas en modo GPS<\/li>\n<li style=\"text-align: left\">Resistente al agua hasta 100 metros<\/li>\n<li style=\"text-align: left\">Tama\u00f1o: 47,0x47,0x14,7mm<\/li>\n<li style=\"text-align: left\">Peso: 72 gramos<\/li>\n<li style=\"text-align: left\">Memoria: 32GB<\/li>\n<li style=\"text-align: left\">Material de la lente: Cristal de zafiro<\/li>\n<li style=\"text-align: left\">USB recargable<\/li>\n<\/ul>\n<\/div>\n<\/figure>\n<\/div>\n<\/div>\n<\/div>\n<\/div>\n<\/div>\n<div class=\"product-specifications\">\n<div id=\"specs-and-info\" class=\"product-specs-and-info\">\n<div class=\"inner\">\n<div class=\"product-specs\">\n<p>&nbsp;<\/p>\n<div class=\"attributes\">\n<div class=\"specs\"><\/div>\n<\/div>\n<\/div>\n<div id=\"expert-advice\" class=\"product-expert-info-image\">\n<div class=\"inner\"><\/div>\n<\/div>\n<\/div>\n<\/div>\n<\/div>\n<div class=\"navbar-scrollspy-container product-menu\">\n<div class=\"navbar-scrollspy-inner inner\"><\/div>\n<\/div>\n<\/div>\n<\/div>\n<div class=\"breadcrumbs-wrapper\">\n<div class=\"breadcrumbs\">\n<p>&nbsp;<\/p>\n<\/div>\n<\/div>","protected":false},"excerpt":{"rendered":"<p>\u2022 EXTREMELY RUGGED: High-quality Corning\u00ae Gorilla\u00ae Glass 3 and a case tested to the US military standard MIL-STD-810G for temperature, impact and water resistance (up to 100 metres).<br \/>\n\u2022 WRIST-BASED HEART RATE MEASUREMENT: Featuring wrist-based heart rate measurement, the watch provides heart rate, heart rate variability, stress level and heart rate data in the water.<br \/>\n\u2022 PULSE OX SENSOR: Pulse Ox2 monitors your blood oxygen level to analyse how well your body is acclimating to high altitudes and to check whether breathing stops during sleep.<\/p>","protected":false},"featured_media":22684,"template":"","meta":[],"product_brand":[],"product_cat":[1346,1322],"product_tag":[],"class_list":{"0":"post-22596","1":"product","2":"type-product","3":"status-publish","4":"has-post-thumbnail","6":"product_cat-garmin-other-a-brands","7":"product_cat-other-a-brands","9":"first","10":"instock","11":"shipping-taxable","12":"product-type-external"},"aioseo_notices":[],"aioseo_head":"\n\t\t<!-- All in One SEO Pro 4.5.9.2 - aioseo.com -->\n\t\t<meta name=\"description\" content=\"\u2022 EXTREMELY RUGGED: High-quality Corning\u00ae Gorilla\u00ae Glass 3 and a case tested to the US military standard MIL-STD-810G for temperature, impact and water resistance (up to 100 metres). \u2022 WRIST-BASED HEART RATE MEASUREMENT: Featuring wrist-based heart rate measurement, the watch provides heart rate, heart rate variability, stress level and heart rate data in the water. \u2022 PULSE OX SENSOR: Pulse Ox2 monitors your blood oxygen level to analyse how well your body is acclimating to high altitudes and to check whether breathing stops during sleep.\" \/>\n\t\t<meta name=\"robots\" content=\"max-image-preview:large\" \/>\n\t\t<link rel=\"canonical\" href=\"https:\/\/www.rucashk.com\/es\/producto\/garmin-fenix-6\/\" \/>\n\t\t<meta name=\"generator\" content=\"All in One SEO Pro (AIOSEO) 4.5.9.2\" \/>\n\t\t<meta property=\"og:locale\" content=\"es_ES\" \/>\n\t\t<meta property=\"og:site_name\" content=\"Rucas - One-stop AIoT Distribution Worldwide\" \/>\n\t\t<meta property=\"og:type\" content=\"article\" \/>\n\t\t<meta property=\"og:title\" content=\"Garmin Fenix 6 - Rucas - Wholesale and Distribution\" \/>\n\t\t<meta property=\"og:description\" content=\"\u2022 EXTREMELY RUGGED: High-quality Corning\u00ae Gorilla\u00ae Glass 3 and a case tested to the US military standard MIL-STD-810G for temperature, impact and water resistance (up to 100 metres). \u2022 WRIST-BASED HEART RATE MEASUREMENT: Featuring wrist-based heart rate measurement, the watch provides heart rate, heart rate variability, stress level and heart rate data in the water. \u2022 PULSE OX SENSOR: Pulse Ox2 monitors your blood oxygen level to analyse how well your body is acclimating to high altitudes and to check whether breathing stops during sleep.\" \/>\n\t\t<meta property=\"og:url\" content=\"https:\/\/www.rucashk.com\/es\/producto\/garmin-fenix-6\/\" \/>\n\t\t<meta property=\"og:image\" content=\"https:\/\/www.rucashk.com\/wp-content\/uploads\/replace\/503b8e645f128a97ccde2b6290747646.jpeg\" \/>\n\t\t<meta property=\"og:image:secure_url\" content=\"https:\/\/www.rucashk.com\/wp-content\/uploads\/replace\/503b8e645f128a97ccde2b6290747646.jpeg\" \/>\n\t\t<meta property=\"og:image:width\" content=\"1456\" \/>\n\t\t<meta property=\"og:image:height\" content=\"816\" \/>\n\t\t<meta property=\"article:published_time\" content=\"2024-01-09T15:45:54+00:00\" \/>\n\t\t<meta property=\"article:modified_time\" content=\"2024-03-12T04:23:07+00:00\" \/>\n\t\t<meta name=\"twitter:card\" content=\"summary_large_image\" \/>\n\t\t<meta name=\"twitter:title\" content=\"Garmin Fenix 6 - Rucas - Wholesale and Distribution\" \/>\n\t\t<meta name=\"twitter:description\" content=\"\u2022 EXTREMELY RUGGED: High-quality Corning\u00ae Gorilla\u00ae Glass 3 and a case tested to the US military standard MIL-STD-810G for temperature, impact and water resistance (up to 100 metres). \u2022 WRIST-BASED HEART RATE MEASUREMENT: Featuring wrist-based heart rate measurement, the watch provides heart rate, heart rate variability, stress level and heart rate data in the water. \u2022 PULSE OX SENSOR: Pulse Ox2 monitors your blood oxygen level to analyse how well your body is acclimating to high altitudes and to check whether breathing stops during sleep.\" \/>\n\t\t<meta name=\"twitter:image\" content=\"https:\/\/www.rucashk.com\/wp-content\/uploads\/replace\/503b8e645f128a97ccde2b6290747646.jpeg\" \/>\n\t\t<script type=\"application\/ld+json\" class=\"aioseo-schema\">\n\t\t\t{\"@context\":\"https:\\\/\\\/schema.org\",\"@graph\":[{\"@type\":\"BreadcrumbList\",\"@id\":\"https:\\\/\\\/www.rucashk.com\\\/es\\\/producto\\\/garmin-fenix-6\\\/#breadcrumblist\",\"itemListElement\":[{\"@type\":\"ListItem\",\"@id\":\"https:\\\/\\\/www.rucashk.com\\\/es\\\/#listItem\",\"position\":1,\"name\":\"Home\",\"item\":\"https:\\\/\\\/www.rucashk.com\\\/es\\\/\",\"nextItem\":\"https:\\\/\\\/www.rucashk.com\\\/es\\\/producto\\\/garmin-fenix-6\\\/#listItem\"},{\"@type\":\"ListItem\",\"@id\":\"https:\\\/\\\/www.rucashk.com\\\/es\\\/producto\\\/garmin-fenix-6\\\/#listItem\",\"position\":2,\"name\":\"Garmin\\u00a0Fenix 6\",\"previousItem\":\"https:\\\/\\\/www.rucashk.com\\\/es\\\/#listItem\"}]},{\"@type\":\"Organization\",\"@id\":\"https:\\\/\\\/www.rucashk.com\\\/es\\\/#organization\",\"name\":\"Rucas\",\"url\":\"https:\\\/\\\/www.rucashk.com\\\/es\\\/\",\"logo\":{\"@type\":\"ImageObject\",\"url\":\"https:\\\/\\\/www.rucashk.com\\\/wp-content\\\/uploads\\\/2023\\\/12\\\/Rucas_campany_logo.png\",\"@id\":\"https:\\\/\\\/www.rucashk.com\\\/es\\\/producto\\\/garmin-fenix-6\\\/#organizationLogo\",\"width\":221,\"height\":65},\"image\":{\"@id\":\"https:\\\/\\\/www.rucashk.com\\\/es\\\/#organizationLogo\"}},{\"@type\":\"Person\",\"@id\":\"https:\\\/\\\/www.rucashk.com\\\/es\\\/author\\\/admin\\\/#author\",\"url\":\"https:\\\/\\\/www.rucashk.com\\\/es\\\/author\\\/admin\\\/\",\"name\":\"admin\",\"image\":{\"@type\":\"ImageObject\",\"@id\":\"https:\\\/\\\/www.rucashk.com\\\/es\\\/producto\\\/garmin-fenix-6\\\/#authorImage\",\"url\":\"https:\\\/\\\/secure.gravatar.com\\\/avatar\\\/b7c8925b09a27e72b30232f8ecaadbd5af0f70a38c78096863fe51b64f031c24?s=96&d=mm&r=g\",\"width\":96,\"height\":96,\"caption\":\"admin\"}},{\"@type\":\"WebPage\",\"@id\":\"https:\\\/\\\/www.rucashk.com\\\/es\\\/producto\\\/garmin-fenix-6\\\/#webpage\",\"url\":\"https:\\\/\\\/www.rucashk.com\\\/es\\\/producto\\\/garmin-fenix-6\\\/\",\"name\":\"Garmin Fenix 6 - Rucas - Wholesale and Distribution\",\"description\":\"\\u2022 EXTREMELY RUGGED: High-quality Corning\\u00ae Gorilla\\u00ae Glass 3 and a case tested to the US military standard MIL-STD-810G for temperature, impact and water resistance (up to 100 metres). \\u2022 WRIST-BASED HEART RATE MEASUREMENT: Featuring wrist-based heart rate measurement, the watch provides heart rate, heart rate variability, stress level and heart rate data in the water. \\u2022 PULSE OX SENSOR: Pulse Ox2 monitors your blood oxygen level to analyse how well your body is acclimating to high altitudes and to check whether breathing stops during sleep.\",\"inLanguage\":\"es-ES\",\"isPartOf\":{\"@id\":\"https:\\\/\\\/www.rucashk.com\\\/es\\\/#website\"},\"breadcrumb\":{\"@id\":\"https:\\\/\\\/www.rucashk.com\\\/es\\\/producto\\\/garmin-fenix-6\\\/#breadcrumblist\"},\"author\":{\"@id\":\"https:\\\/\\\/www.rucashk.com\\\/es\\\/author\\\/admin\\\/#author\"},\"creator\":{\"@id\":\"https:\\\/\\\/www.rucashk.com\\\/es\\\/author\\\/admin\\\/#author\"},\"image\":{\"@type\":\"ImageObject\",\"url\":\"https:\\\/\\\/www.rucashk.com\\\/wp-content\\\/uploads\\\/2024\\\/01\\\/garmin-fenix-6.jpg\",\"@id\":\"https:\\\/\\\/www.rucashk.com\\\/es\\\/producto\\\/garmin-fenix-6\\\/#mainImage\",\"width\":578,\"height\":578},\"primaryImageOfPage\":{\"@id\":\"https:\\\/\\\/www.rucashk.com\\\/es\\\/producto\\\/garmin-fenix-6\\\/#mainImage\"},\"datePublished\":\"2024-01-09T15:45:54+00:00\",\"dateModified\":\"2024-03-12T04:23:07+00:00\"},{\"@type\":\"WebSite\",\"@id\":\"https:\\\/\\\/www.rucashk.com\\\/es\\\/#website\",\"url\":\"https:\\\/\\\/www.rucashk.com\\\/es\\\/\",\"name\":\"Rucas - Wholesale and distribution worldwide\",\"alternateName\":\"Rucas - One-stop AIoT Distribution Worldwide\",\"description\":\"One-stop AIoT Distribution Worldwide\",\"inLanguage\":\"es-ES\",\"publisher\":{\"@id\":\"https:\\\/\\\/www.rucashk.com\\\/es\\\/#organization\"}}]}\n\t\t<\/script>\n\t\t<!-- All in One SEO Pro -->\r\n\t\t<title>Garmin Fenix 6 - Rucas - Wholesale and Distribution<\/title>\n\n","aioseo_head_json":{"title":"Garmin Fenix 6 - Rucas - Wholesale and Distribution","description":"\u2022 EXTREMELY RUGGED: High-quality Corning\u00ae Gorilla\u00ae Glass 3 and a case tested to the US military standard MIL-STD-810G for temperature, impact and water resistance (up to 100 metres). \u2022 WRIST-BASED HEART RATE MEASUREMENT: Featuring wrist-based heart rate measurement, the watch provides heart rate, heart rate variability, stress level and heart rate data in the water. \u2022 PULSE OX SENSOR: Pulse Ox2 monitors your blood oxygen level to analyse how well your body is acclimating to high altitudes and to check whether breathing stops during sleep.","canonical_url":"https:\/\/www.rucashk.com\/es\/producto\/garmin-fenix-6\/","robots":"max-image-preview:large","keywords":"","webmasterTools":{"miscellaneous":""},"og:locale":"es_ES","og:site_name":"Rucas - One-stop AIoT Distribution Worldwide","og:type":"article","og:title":"Garmin Fenix 6 - Rucas - Wholesale and Distribution","og:description":"\u2022 EXTREMELY RUGGED: High-quality Corning\u00ae Gorilla\u00ae Glass 3 and a case tested to the US military standard MIL-STD-810G for temperature, impact and water resistance (up to 100 metres). \u2022 WRIST-BASED HEART RATE MEASUREMENT: Featuring wrist-based heart rate measurement, the watch provides heart rate, heart rate variability, stress level and heart rate data in the water. \u2022 PULSE OX SENSOR: Pulse Ox2 monitors your blood oxygen level to analyse how well your body is acclimating to high altitudes and to check whether breathing stops during sleep.","og:url":"https:\/\/www.rucashk.com\/es\/producto\/garmin-fenix-6\/","og:image":"https:\/\/www.rucashk.com\/wp-content\/uploads\/replace\/503b8e645f128a97ccde2b6290747646.jpeg","og:image:secure_url":"https:\/\/www.rucashk.com\/wp-content\/uploads\/replace\/503b8e645f128a97ccde2b6290747646.jpeg","og:image:width":1456,"og:image:height":816,"article:published_time":"2024-01-09T15:45:54+00:00","article:modified_time":"2024-03-12T04:23:07+00:00","twitter:card":"summary_large_image","twitter:title":"Garmin Fenix 6 - Rucas - Wholesale and Distribution","twitter:description":"\u2022 EXTREMELY RUGGED: High-quality Corning\u00ae Gorilla\u00ae Glass 3 and a case tested to the US military standard MIL-STD-810G for temperature, impact and water resistance (up to 100 metres). \u2022 WRIST-BASED HEART RATE MEASUREMENT: Featuring wrist-based heart rate measurement, the watch provides heart rate, heart rate variability, stress level and heart rate data in the water. \u2022 PULSE OX SENSOR: Pulse Ox2 monitors your blood oxygen level to analyse how well your body is acclimating to high altitudes and to check whether breathing stops during sleep.","twitter:image":"https:\/\/www.rucashk.com\/wp-content\/uploads\/replace\/503b8e645f128a97ccde2b6290747646.jpeg","schema":{"@context":"https:\/\/schema.org","@graph":[{"@type":"BreadcrumbList","@id":"https:\/\/www.rucashk.com\/es\/producto\/garmin-fenix-6\/#breadcrumblist","itemListElement":[{"@type":"ListItem","@id":"https:\/\/www.rucashk.com\/es\/#listItem","position":1,"name":"Home","item":"https:\/\/www.rucashk.com\/es\/","nextItem":"https:\/\/www.rucashk.com\/es\/producto\/garmin-fenix-6\/#listItem"},{"@type":"ListItem","@id":"https:\/\/www.rucashk.com\/es\/producto\/garmin-fenix-6\/#listItem","position":2,"name":"Garmin\u00a0Fenix 6","previousItem":"https:\/\/www.rucashk.com\/es\/#listItem"}]},{"@type":"Organization","@id":"https:\/\/www.rucashk.com\/es\/#organization","name":"Rucas","url":"https:\/\/www.rucashk.com\/es\/","logo":{"@type":"ImageObject","url":"https:\/\/www.rucashk.com\/wp-content\/uploads\/2023\/12\/Rucas_campany_logo.png","@id":"https:\/\/www.rucashk.com\/es\/producto\/garmin-fenix-6\/#organizationLogo","width":221,"height":65},"image":{"@id":"https:\/\/www.rucashk.com\/es\/#organizationLogo"}},{"@type":"Person","@id":"https:\/\/www.rucashk.com\/es\/author\/admin\/#author","url":"https:\/\/www.rucashk.com\/es\/author\/admin\/","name":"admin","image":{"@type":"ImageObject","@id":"https:\/\/www.rucashk.com\/es\/producto\/garmin-fenix-6\/#authorImage","url":"https:\/\/secure.gravatar.com\/avatar\/b7c8925b09a27e72b30232f8ecaadbd5af0f70a38c78096863fe51b64f031c24?s=96&d=mm&r=g","width":96,"height":96,"caption":"admin"}},{"@type":"WebPage","@id":"https:\/\/www.rucashk.com\/es\/producto\/garmin-fenix-6\/#webpage","url":"https:\/\/www.rucashk.com\/es\/producto\/garmin-fenix-6\/","name":"Garmin Fenix 6 - Rucas - Wholesale and Distribution","description":"\u2022 EXTREMELY RUGGED: High-quality Corning\u00ae Gorilla\u00ae Glass 3 and a case tested to the US military standard MIL-STD-810G for temperature, impact and water resistance (up to 100 metres). \u2022 WRIST-BASED HEART RATE MEASUREMENT: Featuring wrist-based heart rate measurement, the watch provides heart rate, heart rate variability, stress level and heart rate data in the water. \u2022 PULSE OX SENSOR: Pulse Ox2 monitors your blood oxygen level to analyse how well your body is acclimating to high altitudes and to check whether breathing stops during sleep.","inLanguage":"es-ES","isPartOf":{"@id":"https:\/\/www.rucashk.com\/es\/#website"},"breadcrumb":{"@id":"https:\/\/www.rucashk.com\/es\/producto\/garmin-fenix-6\/#breadcrumblist"},"author":{"@id":"https:\/\/www.rucashk.com\/es\/author\/admin\/#author"},"creator":{"@id":"https:\/\/www.rucashk.com\/es\/author\/admin\/#author"},"image":{"@type":"ImageObject","url":"https:\/\/www.rucashk.com\/wp-content\/uploads\/2024\/01\/garmin-fenix-6.jpg","@id":"https:\/\/www.rucashk.com\/es\/producto\/garmin-fenix-6\/#mainImage","width":578,"height":578},"primaryImageOfPage":{"@id":"https:\/\/www.rucashk.com\/es\/producto\/garmin-fenix-6\/#mainImage"},"datePublished":"2024-01-09T15:45:54+00:00","dateModified":"2024-03-12T04:23:07+00:00"},{"@type":"WebSite","@id":"https:\/\/www.rucashk.com\/es\/#website","url":"https:\/\/www.rucashk.com\/es\/","name":"Rucas - Wholesale and distribution worldwide","alternateName":"Rucas - One-stop AIoT Distribution Worldwide","description":"One-stop AIoT Distribution Worldwide","inLanguage":"es-ES","publisher":{"@id":"https:\/\/www.rucashk.com\/es\/#organization"}}]}},"aioseo_meta_data":{"post_id":"22596","title":null,"description":null,"keywords":null,"keyphrases":null,"primary_term":null,"canonical_url":null,"og_title":null,"og_description":null,"og_object_type":"default","og_image_type":"default","og_image_url":null,"og_image_width":null,"og_image_height":null,"og_image_custom_url":null,"og_image_custom_fields":null,"og_video":null,"og_custom_url":null,"og_article_section":null,"og_article_tags":null,"twitter_use_og":false,"twitter_card":"default","twitter_image_type":"default","twitter_image_url":null,"twitter_image_custom_url":null,"twitter_image_custom_fields":null,"twitter_title":null,"twitter_description":null,"schema":{"blockGraphs":[],"customGraphs":[],"default":{"data":{"Article":[],"Course":[],"Dataset":[],"FAQPage":[],"Movie":[],"Person":[],"Product":[],"Recipe":[],"Service":[],"SoftwareApplication":[],"WebPage":[]},"graphName":"","isEnabled":true},"graphs":[]},"schema_type":"default","schema_type_options":null,"pillar_content":false,"robots_default":true,"robots_noindex":false,"robots_noarchive":false,"robots_nosnippet":false,"robots_nofollow":false,"robots_noimageindex":false,"robots_noodp":false,"robots_notranslate":false,"robots_max_snippet":null,"robots_max_videopreview":null,"robots_max_imagepreview":"large","priority":null,"frequency":null,"local_seo":null,"breadcrumb_settings":null,"limit_modified_date":false,"created":"2024-04-11 01:55:23","updated":"2025-06-22 16:46:55"},"aioseo_breadcrumb":"<div class=\"aioseo-breadcrumbs\"><span class=\"aioseo-breadcrumb\">\n\t<a href=\"https:\/\/www.rucashk.com\/es\" title=\"Home\">Home<\/a>\n<\/span><span class=\"aioseo-breadcrumb-separator\">&raquo;<\/span><span class=\"aioseo-breadcrumb\">\n\t<a href=\"https:\/\/www.rucashk.com\/es\/products\/\" title=\"Productos\">Productos<\/a>\n<\/span><span class=\"aioseo-breadcrumb-separator\">&raquo;<\/span><span class=\"aioseo-breadcrumb\">\n\t<a href=\"https:\/\/www.rucashk.com\/es\/categoria-producto\/other-a-brands\/\" title=\"Other A-Brands\">Other A-Brands<\/a>\n<\/span><span class=\"aioseo-breadcrumb-separator\">&raquo;<\/span><span class=\"aioseo-breadcrumb\">\n\t<a href=\"https:\/\/www.rucashk.com\/es\/categoria-producto\/other-a-brands\/garmin-other-a-brands\/\" title=\"Garmin\">Garmin<\/a>\n<\/span><span class=\"aioseo-breadcrumb-separator\">&raquo;<\/span><span class=\"aioseo-breadcrumb\">\n\tGarmin\u00a0Fenix 6\n<\/span><\/div>","aioseo_breadcrumb_json":[{"label":"Home","link":"https:\/\/www.rucashk.com\/es"},{"label":"Productos","link":"https:\/\/www.rucashk.com\/es\/products\/"},{"label":"Other A-Brands","link":"https:\/\/www.rucashk.com\/es\/categoria-producto\/other-a-brands\/"},{"label":"Garmin","link":"https:\/\/www.rucashk.com\/es\/categoria-producto\/other-a-brands\/garmin-other-a-brands\/"},{"label":"Garmin\u00a0Fenix 6","link":"https:\/\/www.rucashk.com\/es\/producto\/garmin-fenix-6\/"}],"_links":{"self":[{"href":"https:\/\/www.rucashk.com\/es\/wp-json\/wp\/v2\/product\/22596","targetHints":{"allow":["GET"]}}],"collection":[{"href":"https:\/\/www.rucashk.com\/es\/wp-json\/wp\/v2\/product"}],"about":[{"href":"https:\/\/www.rucashk.com\/es\/wp-json\/wp\/v2\/types\/product"}],"wp:featuredmedia":[{"embeddable":true,"href":"https:\/\/www.rucashk.com\/es\/wp-json\/wp\/v2\/media\/22684"}],"wp:attachment":[{"href":"https:\/\/www.rucashk.com\/es\/wp-json\/wp\/v2\/media?parent=22596"}],"wp:term":[{"taxonomy":"product_brand","embeddable":true,"href":"https:\/\/www.rucashk.com\/es\/wp-json\/wp\/v2\/product_brand?post=22596"},{"taxonomy":"product_cat","embeddable":true,"href":"https:\/\/www.rucashk.com\/es\/wp-json\/wp\/v2\/product_cat?post=22596"},{"taxonomy":"product_tag","embeddable":true,"href":"https:\/\/www.rucashk.com\/es\/wp-json\/wp\/v2\/product_tag?post=22596"}],"curies":[{"name":"wp","href":"https:\/\/api.w.org\/{rel}","templated":true}]}}