{"id":22595,"date":"2024-01-09T15:45:54","date_gmt":"2024-01-09T15:45:54","guid":{"rendered":"http:\/\/rucashk.com\/?post_type=product&#038;p=22595"},"modified":"2024-03-12T04:22:38","modified_gmt":"2024-03-12T04:22:38","slug":"amazfit-stratos","status":"publish","type":"product","link":"https:\/\/www.rucashk.com\/es\/producto\/amazfit-stratos\/","title":{"rendered":"Amazfit Stratos"},"content":{"rendered":"<div class=\"self-adaption\"><img fetchpriority=\"high\" decoding=\"async\" class=\"aligncenter\" title=\"20181214100301_76444.jpg\" src=\"\/wp-content\/uploads\/replace\/5055d44e7860c561049496aaf1d4d260.jpeg\" alt=\"Amazfit\u00a0Stratos\" width=\"1000\" height=\"600\" \/><\/div>\n<div class=\"self-adaption\"><img decoding=\"async\" class=\"aligncenter\" title=\"20181214100301_38619.jpg\" src=\"\/wp-content\/uploads\/replace\/67b417736db4e8bf6873384a14fe9970.jpeg\" alt=\"Amazfit\u00a0Stratos\" width=\"1000\" height=\"600\" \/><\/div>\n<div class=\"self-adaption\"><img decoding=\"async\" class=\"aligncenter\" title=\"20181214100301_41287.jpg\" src=\"\/wp-content\/uploads\/replace\/bdc8f28e84fe19946a8dfb60d3e5697b.jpeg\" alt=\"Amazfit\u00a0Stratos\" width=\"1000\" height=\"547\" \/><\/div>\n<div class=\"self-adaption\"><img loading=\"lazy\" decoding=\"async\" class=\"aligncenter\" title=\"20181214100301_24920.jpg\" src=\"\/wp-content\/uploads\/replace\/d5b2ae7bcb28b99bd50b17f161b44469.jpeg\" alt=\"Amazfit\u00a0Stratos\" width=\"1000\" height=\"508\" \/><\/div>\n<div class=\"self-adaption\"><img loading=\"lazy\" decoding=\"async\" class=\"aligncenter\" title=\"20181214100302_38103.jpg\" src=\"\/wp-content\/uploads\/replace\/c28255d1c44bf2c0f99a3747e51202f1.jpeg\" alt=\"Amazfit\u00a0Stratos\" width=\"1000\" height=\"500\" \/><\/div>\n<div class=\"self-adaption\"><img loading=\"lazy\" decoding=\"async\" class=\"aligncenter\" title=\"20181214100302_43331.jpg\" src=\"\/wp-content\/uploads\/replace\/4c0b9c9979a32cfec5eb7a820881e6d5.jpeg\" alt=\"Amazfit\u00a0Stratos\" width=\"1000\" height=\"441\" \/><\/div>\n<div class=\"self-adaption\"><img loading=\"lazy\" decoding=\"async\" class=\"aligncenter\" title=\"20181214100303_99898.jpg\" src=\"\/wp-content\/uploads\/replace\/8729f06d18e8d08a00674d0b3f4e4e86.jpeg\" alt=\"Amazfit\u00a0Stratos\" width=\"1000\" height=\"508\" \/><\/div>\n<div class=\"self-adaption\"><\/div>\n<div>\n<table cellspacing=\"0\" cellpadding=\"0\">\n<tbody>\n<tr>\n<td colspan=\"2\" data-spm-anchor-id=\"a2g0o.detail.1000023.i4.670b6ba0RIUOoR\">General<\/td>\n<\/tr>\n<tr>\n<td>Marca<\/td>\n<td>Amazfit<\/td>\n<\/tr>\n<tr>\n<td>Pantalla<\/td>\n<td>OLED<\/td>\n<\/tr>\n<tr>\n<td>Versi\u00f3n Bluetooth<\/td>\n<td>bluetooth 4.2<\/td>\n<\/tr>\n<tr>\n<td>Modo operativo<\/td>\n<td>presiona el bot\u00f3n<\/td>\n<\/tr>\n<tr>\n<td>RAM<\/td>\n<td>512 MB<\/td>\n<\/tr>\n<tr>\n<td>ROM<\/td>\n<td>4 GB<\/td>\n<\/tr>\n<tr>\n<td colspan=\"2\">Funciones<\/td>\n<\/tr>\n<tr>\n<td>Tipo de alerta<\/td>\n<td>Vibraci\u00f3n<\/td>\n<\/tr>\n<tr>\n<td>llamadas bluetooth<\/td>\n<td>Recordatorio de llamada telef\u00f3nica, visualizaci\u00f3n del nombre de la persona que llama<\/td>\n<\/tr>\n<tr>\n<td>grupos de alarma<\/td>\n<td>3<\/td>\n<\/tr>\n<tr>\n<td>rastreador de salud<\/td>\n<td>Monitor de ritmo card\u00edaco, monitor de sue\u00f1o<\/td>\n<\/tr>\n<tr>\n<td>Pantalla de bloqueo<\/td>\n<td>1<\/td>\n<\/tr>\n<tr>\n<td>Mensajer\u00eda<\/td>\n<td>Recordatorio de mensaje<\/td>\n<\/tr>\n<tr>\n<td>Notificaci\u00f3n<\/td>\n<td>S\u00ed<\/td>\n<\/tr>\n<tr>\n<td>Otra funci\u00f3n<\/td>\n<td>Bluetooth, alarma, impermeable, calendario<\/td>\n<\/tr>\n<tr>\n<td>Tipo de notificaci\u00f3n<\/td>\n<td>Facebook, WhatsApp, Twitter, G-mail, Wechat, Skype, Line<\/td>\n<\/tr>\n<tr>\n<td colspan=\"2\">C\u00e1mara<\/td>\n<\/tr>\n<tr>\n<td colspan=\"2\">Bater\u00eda<\/td>\n<\/tr>\n<tr>\n<td>Capacidad de la bater\u00eda<\/td>\n<td>280mAh<\/td>\n<\/tr>\n<tr>\n<td>Tiempo de carga<\/td>\n<td>Alrededor de 2 horas<\/td>\n<\/tr>\n<tr>\n<td>Tiempo de espera<\/td>\n<td>5 dias<\/td>\n<\/tr>\n<tr>\n<td>tipo de bater\u00eda<\/td>\n<td>Bater\u00eda de pol\u00edmero de iones de litio<\/td>\n<\/tr>\n<tr>\n<td colspan=\"2\">Dial y banda<\/td>\n<\/tr>\n<tr>\n<td>Material de la banda<\/td>\n<td>Silicona<\/td>\n<\/tr>\n<tr>\n<td>Material de la Caja<\/td>\n<td><a href=\"https:\/\/www.rucashk.com\/es\/39-9rmb-xiaomi-grocery-store-new-life-experience-high-quality-stainless-steel-create-a-xiaomi-ecological-chain-explosive\/\" class=\"\" style=\"width: auto !important\" data-wpil-post-to-id=\"7150\">Acero inoxidable<\/a><\/td>\n<\/tr>\n<tr>\n<td>Forma de la esfera<\/td>\n<td>Redondo<\/td>\n<\/tr>\n<tr>\n<td>Tama\u00f1o del dial<\/td>\n<td>3,5x3,5x1,5 cm<\/td>\n<\/tr>\n<tr>\n<td>Tama\u00f1o de la banda<\/td>\n<td>23x2,2 cm<\/td>\n<\/tr>\n<tr>\n<td colspan=\"2\">Caracter\u00edsticas<\/td>\n<\/tr>\n<tr>\n<td>SO compatibles<\/td>\n<td>Android, IOS<\/td>\n<\/tr>\n<tr>\n<td>Idioma<\/td>\n<td>Ingl\u00e9s, chino simplificado, chino tradicional<\/td>\n<\/tr>\n<tr>\n<td colspan=\"2\">Dimensiones y peso<\/td>\n<\/tr>\n<tr>\n<td>Peso del Producto<\/td>\n<td>0,0600 kilogramos<\/td>\n<\/tr>\n<tr>\n<td>Peso del paquete<\/td>\n<td>0,2810 kilogramos<\/td>\n<\/tr>\n<tr>\n<td>Tama\u00f1o del producto (largo x ancho x alto)<\/td>\n<td>24,50 x 3,50 x 1,50 cm \/ 9,65 x 1,38 x 0,59 pulgadas<\/td>\n<\/tr>\n<tr>\n<td>Tama\u00f1o del paquete (largo x ancho x alto)<\/td>\n<td>12,00 x 12,00 x 10,00 cm \/ 4,72 x 4,72 x 3,94 pulgadas<\/td>\n<\/tr>\n<tr>\n<td colspan=\"2\">contenidos del paquete<\/td>\n<\/tr>\n<tr>\n<td>contenidos del paquete<\/td>\n<td>1 reloj inteligente, 1 cable de carga, 1 manual en ingl\u00e9s<\/td>\n<\/tr>\n<\/tbody>\n<\/table>\n<\/div>","protected":false},"excerpt":{"rendered":"<p><b>\u25cf Rastreador de salud personal perfecto:\u00a0<\/b>Monitor de sue\u00f1o, monitor de frecuencia card\u00edaca<br \/>\n<b>\u25cf Duraci\u00f3n de la bater\u00eda ultralarga:<\/b>\u00a0Consume menos energ\u00eda y generalmente puede estar en espera durante\u00a0<b>5 dias<\/b><br \/>\n<b>\u25cf 512 MB de RAM y 4 GB de ROM:<\/b>\u00a0proporciona espacio para almacenar im\u00e1genes, v\u00eddeos, m\u00fasica y m\u00e1s<br \/>\n<b>\u25cf Chip original Xiaomi<\/b>: caracter\u00edsticas de bajo consumo detalladas con alto rendimiento, flexibles y r\u00e1pidas<br \/>\n<b>\u25cf Sincronismo de datos<\/b>: download APP named &#8220;Amazfit Watch 2.0&#8221; to save and sync the data to achieve your healthy goal<br \/>\n<b>\u25cf<\/b>Levanta o gira tus manos, ilumina la pantalla.<br \/>\n<b>\u25cf<\/b> Admite actualizaci\u00f3n de firmware<\/p>","protected":false},"featured_media":22683,"template":"","meta":[],"product_brand":[],"product_cat":[1339,1305],"product_tag":[],"class_list":{"0":"post-22595","1":"product","2":"type-product","3":"status-publish","4":"has-post-thumbnail","6":"product_cat-amazfit-smartwatch","7":"product_cat-xiaomi-eco","9":"first","10":"instock","11":"shipping-taxable","12":"product-type-external"},"aioseo_notices":[],"aioseo_head":"\n\t\t<!-- All in One SEO Pro 4.5.9.2 - aioseo.com -->\n\t\t<meta name=\"description\" content=\"\u25cf Perfect Personal Health Tracker: Sleeping Monitor, Heart Rate Monitor \u25cf Ultra-long Battery Life: it consumes less power and can generally standby for 5 days \u25cf 512MB RAM 4GB ROM: provides room to store pictures, videos, music and more \u25cf Original Xiaomi Chip: features low consumption detailed with high performance, flexible and quickly \u25cf Data Synchronism: download APP named &quot;Amazfit Watch 2.0&quot; to save and sync the data to achieve your healthy goal \u25cfLift or turn over your hands, light up the screen \u25cf Support firmware upgrade\" \/>\n\t\t<meta name=\"robots\" content=\"max-image-preview:large\" \/>\n\t\t<link rel=\"canonical\" href=\"https:\/\/www.rucashk.com\/es\/producto\/amazfit-stratos\/\" \/>\n\t\t<meta name=\"generator\" content=\"All in One SEO Pro (AIOSEO) 4.5.9.2\" \/>\n\t\t<meta property=\"og:locale\" content=\"es_ES\" \/>\n\t\t<meta property=\"og:site_name\" content=\"Rucas - One-stop AIoT Distribution Worldwide\" \/>\n\t\t<meta property=\"og:type\" content=\"article\" \/>\n\t\t<meta property=\"og:title\" content=\"Amazfit Stratos - Rucas - Wholesale and Distribution\" \/>\n\t\t<meta property=\"og:description\" content=\"\u25cf Perfect Personal Health Tracker: Sleeping Monitor, Heart Rate Monitor \u25cf Ultra-long Battery Life: it consumes less power and can generally standby for 5 days \u25cf 512MB RAM 4GB ROM: provides room to store pictures, videos, music and more \u25cf Original Xiaomi Chip: features low consumption detailed with high performance, flexible and quickly \u25cf Data Synchronism: download APP named &quot;Amazfit Watch 2.0&quot; to save and sync the data to achieve your healthy goal \u25cfLift or turn over your hands, light up the screen \u25cf Support firmware upgrade\" \/>\n\t\t<meta property=\"og:url\" content=\"https:\/\/www.rucashk.com\/es\/producto\/amazfit-stratos\/\" \/>\n\t\t<meta property=\"og:image\" content=\"https:\/\/www.rucashk.com\/wp-content\/uploads\/replace\/503b8e645f128a97ccde2b6290747646.jpeg\" \/>\n\t\t<meta property=\"og:image:secure_url\" content=\"https:\/\/www.rucashk.com\/wp-content\/uploads\/replace\/503b8e645f128a97ccde2b6290747646.jpeg\" \/>\n\t\t<meta property=\"og:image:width\" content=\"1456\" \/>\n\t\t<meta property=\"og:image:height\" content=\"816\" \/>\n\t\t<meta property=\"article:published_time\" content=\"2024-01-09T15:45:54+00:00\" \/>\n\t\t<meta property=\"article:modified_time\" content=\"2024-03-12T04:22:38+00:00\" \/>\n\t\t<meta name=\"twitter:card\" content=\"summary_large_image\" \/>\n\t\t<meta name=\"twitter:title\" content=\"Amazfit Stratos - Rucas - Wholesale and Distribution\" \/>\n\t\t<meta name=\"twitter:description\" content=\"\u25cf Perfect Personal Health Tracker: Sleeping Monitor, Heart Rate Monitor \u25cf Ultra-long Battery Life: it consumes less power and can generally standby for 5 days \u25cf 512MB RAM 4GB ROM: provides room to store pictures, videos, music and more \u25cf Original Xiaomi Chip: features low consumption detailed with high performance, flexible and quickly \u25cf Data Synchronism: download APP named &quot;Amazfit Watch 2.0&quot; to save and sync the data to achieve your healthy goal \u25cfLift or turn over your hands, light up the screen \u25cf Support firmware upgrade\" \/>\n\t\t<meta name=\"twitter:image\" content=\"https:\/\/www.rucashk.com\/wp-content\/uploads\/replace\/503b8e645f128a97ccde2b6290747646.jpeg\" \/>\n\t\t<script type=\"application\/ld+json\" class=\"aioseo-schema\">\n\t\t\t{\"@context\":\"https:\\\/\\\/schema.org\",\"@graph\":[{\"@type\":\"BreadcrumbList\",\"@id\":\"https:\\\/\\\/www.rucashk.com\\\/es\\\/producto\\\/amazfit-stratos\\\/#breadcrumblist\",\"itemListElement\":[{\"@type\":\"ListItem\",\"@id\":\"https:\\\/\\\/www.rucashk.com\\\/es\\\/#listItem\",\"position\":1,\"name\":\"Home\",\"item\":\"https:\\\/\\\/www.rucashk.com\\\/es\\\/\",\"nextItem\":\"https:\\\/\\\/www.rucashk.com\\\/es\\\/producto\\\/amazfit-stratos\\\/#listItem\"},{\"@type\":\"ListItem\",\"@id\":\"https:\\\/\\\/www.rucashk.com\\\/es\\\/producto\\\/amazfit-stratos\\\/#listItem\",\"position\":2,\"name\":\"Amazfit\\u00a0Stratos\",\"previousItem\":\"https:\\\/\\\/www.rucashk.com\\\/es\\\/#listItem\"}]},{\"@type\":\"Organization\",\"@id\":\"https:\\\/\\\/www.rucashk.com\\\/es\\\/#organization\",\"name\":\"Rucas\",\"url\":\"https:\\\/\\\/www.rucashk.com\\\/es\\\/\",\"logo\":{\"@type\":\"ImageObject\",\"url\":\"https:\\\/\\\/www.rucashk.com\\\/wp-content\\\/uploads\\\/2023\\\/12\\\/Rucas_campany_logo.png\",\"@id\":\"https:\\\/\\\/www.rucashk.com\\\/es\\\/producto\\\/amazfit-stratos\\\/#organizationLogo\",\"width\":221,\"height\":65},\"image\":{\"@id\":\"https:\\\/\\\/www.rucashk.com\\\/es\\\/#organizationLogo\"}},{\"@type\":\"Person\",\"@id\":\"https:\\\/\\\/www.rucashk.com\\\/es\\\/author\\\/admin\\\/#author\",\"url\":\"https:\\\/\\\/www.rucashk.com\\\/es\\\/author\\\/admin\\\/\",\"name\":\"admin\",\"image\":{\"@type\":\"ImageObject\",\"@id\":\"https:\\\/\\\/www.rucashk.com\\\/es\\\/producto\\\/amazfit-stratos\\\/#authorImage\",\"url\":\"https:\\\/\\\/secure.gravatar.com\\\/avatar\\\/b7c8925b09a27e72b30232f8ecaadbd5af0f70a38c78096863fe51b64f031c24?s=96&d=mm&r=g\",\"width\":96,\"height\":96,\"caption\":\"admin\"}},{\"@type\":\"WebPage\",\"@id\":\"https:\\\/\\\/www.rucashk.com\\\/es\\\/producto\\\/amazfit-stratos\\\/#webpage\",\"url\":\"https:\\\/\\\/www.rucashk.com\\\/es\\\/producto\\\/amazfit-stratos\\\/\",\"name\":\"Amazfit Stratos - Rucas - Wholesale and Distribution\",\"description\":\"\\u25cf Perfect Personal Health Tracker: Sleeping Monitor, Heart Rate Monitor \\u25cf Ultra-long Battery Life: it consumes less power and can generally standby for 5 days \\u25cf 512MB RAM 4GB ROM: provides room to store pictures, videos, music and more \\u25cf Original Xiaomi Chip: features low consumption detailed with high performance, flexible and quickly \\u25cf Data Synchronism: download APP named \\\"Amazfit Watch 2.0\\\" to save and sync the data to achieve your healthy goal \\u25cfLift or turn over your hands, light up the screen \\u25cf Support firmware upgrade\",\"inLanguage\":\"es-ES\",\"isPartOf\":{\"@id\":\"https:\\\/\\\/www.rucashk.com\\\/es\\\/#website\"},\"breadcrumb\":{\"@id\":\"https:\\\/\\\/www.rucashk.com\\\/es\\\/producto\\\/amazfit-stratos\\\/#breadcrumblist\"},\"author\":{\"@id\":\"https:\\\/\\\/www.rucashk.com\\\/es\\\/author\\\/admin\\\/#author\"},\"creator\":{\"@id\":\"https:\\\/\\\/www.rucashk.com\\\/es\\\/author\\\/admin\\\/#author\"},\"image\":{\"@type\":\"ImageObject\",\"url\":\"https:\\\/\\\/www.rucashk.com\\\/wp-content\\\/uploads\\\/2024\\\/01\\\/amazfit-stratos.jpg\",\"@id\":\"https:\\\/\\\/www.rucashk.com\\\/es\\\/producto\\\/amazfit-stratos\\\/#mainImage\",\"width\":493,\"height\":488},\"primaryImageOfPage\":{\"@id\":\"https:\\\/\\\/www.rucashk.com\\\/es\\\/producto\\\/amazfit-stratos\\\/#mainImage\"},\"datePublished\":\"2024-01-09T15:45:54+00:00\",\"dateModified\":\"2024-03-12T04:22:38+00:00\"},{\"@type\":\"WebSite\",\"@id\":\"https:\\\/\\\/www.rucashk.com\\\/es\\\/#website\",\"url\":\"https:\\\/\\\/www.rucashk.com\\\/es\\\/\",\"name\":\"Rucas - Wholesale and distribution worldwide\",\"alternateName\":\"Rucas - One-stop AIoT Distribution Worldwide\",\"description\":\"One-stop AIoT Distribution Worldwide\",\"inLanguage\":\"es-ES\",\"publisher\":{\"@id\":\"https:\\\/\\\/www.rucashk.com\\\/es\\\/#organization\"}}]}\n\t\t<\/script>\n\t\t<!-- All in One SEO Pro -->\r\n\t\t<title>Amazfit Stratos - Rucas - Wholesale and Distribution<\/title>\n\n","aioseo_head_json":{"title":"Amazfit Stratos - Rucas - Wholesale and Distribution","description":"\u25cf Perfect Personal Health Tracker: Sleeping Monitor, Heart Rate Monitor \u25cf Ultra-long Battery Life: it consumes less power and can generally standby for 5 days \u25cf 512MB RAM 4GB ROM: provides room to store pictures, videos, music and more \u25cf Original Xiaomi Chip: features low consumption detailed with high performance, flexible and quickly \u25cf Data Synchronism: download APP named \"Amazfit Watch 2.0\" to save and sync the data to achieve your healthy goal \u25cfLift or turn over your hands, light up the screen \u25cf Support firmware upgrade","canonical_url":"https:\/\/www.rucashk.com\/es\/producto\/amazfit-stratos\/","robots":"max-image-preview:large","keywords":"","webmasterTools":{"miscellaneous":""},"og:locale":"es_ES","og:site_name":"Rucas - One-stop AIoT Distribution Worldwide","og:type":"article","og:title":"Amazfit Stratos - Rucas - Wholesale and Distribution","og:description":"\u25cf Perfect Personal Health Tracker: Sleeping Monitor, Heart Rate Monitor \u25cf Ultra-long Battery Life: it consumes less power and can generally standby for 5 days \u25cf 512MB RAM 4GB ROM: provides room to store pictures, videos, music and more \u25cf Original Xiaomi Chip: features low consumption detailed with high performance, flexible and quickly \u25cf Data Synchronism: download APP named &quot;Amazfit Watch 2.0&quot; to save and sync the data to achieve your healthy goal \u25cfLift or turn over your hands, light up the screen \u25cf Support firmware upgrade","og:url":"https:\/\/www.rucashk.com\/es\/producto\/amazfit-stratos\/","og:image":"https:\/\/www.rucashk.com\/wp-content\/uploads\/replace\/503b8e645f128a97ccde2b6290747646.jpeg","og:image:secure_url":"https:\/\/www.rucashk.com\/wp-content\/uploads\/replace\/503b8e645f128a97ccde2b6290747646.jpeg","og:image:width":1456,"og:image:height":816,"article:published_time":"2024-01-09T15:45:54+00:00","article:modified_time":"2024-03-12T04:22:38+00:00","twitter:card":"summary_large_image","twitter:title":"Amazfit Stratos - Rucas - Wholesale and Distribution","twitter:description":"\u25cf Perfect Personal Health Tracker: Sleeping Monitor, Heart Rate Monitor \u25cf Ultra-long Battery Life: it consumes less power and can generally standby for 5 days \u25cf 512MB RAM 4GB ROM: provides room to store pictures, videos, music and more \u25cf Original Xiaomi Chip: features low consumption detailed with high performance, flexible and quickly \u25cf Data Synchronism: download APP named &quot;Amazfit Watch 2.0&quot; to save and sync the data to achieve your healthy goal \u25cfLift or turn over your hands, light up the screen \u25cf Support firmware upgrade","twitter:image":"https:\/\/www.rucashk.com\/wp-content\/uploads\/replace\/503b8e645f128a97ccde2b6290747646.jpeg","schema":{"@context":"https:\/\/schema.org","@graph":[{"@type":"BreadcrumbList","@id":"https:\/\/www.rucashk.com\/es\/producto\/amazfit-stratos\/#breadcrumblist","itemListElement":[{"@type":"ListItem","@id":"https:\/\/www.rucashk.com\/es\/#listItem","position":1,"name":"Home","item":"https:\/\/www.rucashk.com\/es\/","nextItem":"https:\/\/www.rucashk.com\/es\/producto\/amazfit-stratos\/#listItem"},{"@type":"ListItem","@id":"https:\/\/www.rucashk.com\/es\/producto\/amazfit-stratos\/#listItem","position":2,"name":"Amazfit\u00a0Stratos","previousItem":"https:\/\/www.rucashk.com\/es\/#listItem"}]},{"@type":"Organization","@id":"https:\/\/www.rucashk.com\/es\/#organization","name":"Rucas","url":"https:\/\/www.rucashk.com\/es\/","logo":{"@type":"ImageObject","url":"https:\/\/www.rucashk.com\/wp-content\/uploads\/2023\/12\/Rucas_campany_logo.png","@id":"https:\/\/www.rucashk.com\/es\/producto\/amazfit-stratos\/#organizationLogo","width":221,"height":65},"image":{"@id":"https:\/\/www.rucashk.com\/es\/#organizationLogo"}},{"@type":"Person","@id":"https:\/\/www.rucashk.com\/es\/author\/admin\/#author","url":"https:\/\/www.rucashk.com\/es\/author\/admin\/","name":"admin","image":{"@type":"ImageObject","@id":"https:\/\/www.rucashk.com\/es\/producto\/amazfit-stratos\/#authorImage","url":"https:\/\/secure.gravatar.com\/avatar\/b7c8925b09a27e72b30232f8ecaadbd5af0f70a38c78096863fe51b64f031c24?s=96&d=mm&r=g","width":96,"height":96,"caption":"admin"}},{"@type":"WebPage","@id":"https:\/\/www.rucashk.com\/es\/producto\/amazfit-stratos\/#webpage","url":"https:\/\/www.rucashk.com\/es\/producto\/amazfit-stratos\/","name":"Amazfit Stratos - Rucas - Wholesale and Distribution","description":"\u25cf Perfect Personal Health Tracker: Sleeping Monitor, Heart Rate Monitor \u25cf Ultra-long Battery Life: it consumes less power and can generally standby for 5 days \u25cf 512MB RAM 4GB ROM: provides room to store pictures, videos, music and more \u25cf Original Xiaomi Chip: features low consumption detailed with high performance, flexible and quickly \u25cf Data Synchronism: download APP named \"Amazfit Watch 2.0\" to save and sync the data to achieve your healthy goal \u25cfLift or turn over your hands, light up the screen \u25cf Support firmware upgrade","inLanguage":"es-ES","isPartOf":{"@id":"https:\/\/www.rucashk.com\/es\/#website"},"breadcrumb":{"@id":"https:\/\/www.rucashk.com\/es\/producto\/amazfit-stratos\/#breadcrumblist"},"author":{"@id":"https:\/\/www.rucashk.com\/es\/author\/admin\/#author"},"creator":{"@id":"https:\/\/www.rucashk.com\/es\/author\/admin\/#author"},"image":{"@type":"ImageObject","url":"https:\/\/www.rucashk.com\/wp-content\/uploads\/2024\/01\/amazfit-stratos.jpg","@id":"https:\/\/www.rucashk.com\/es\/producto\/amazfit-stratos\/#mainImage","width":493,"height":488},"primaryImageOfPage":{"@id":"https:\/\/www.rucashk.com\/es\/producto\/amazfit-stratos\/#mainImage"},"datePublished":"2024-01-09T15:45:54+00:00","dateModified":"2024-03-12T04:22:38+00:00"},{"@type":"WebSite","@id":"https:\/\/www.rucashk.com\/es\/#website","url":"https:\/\/www.rucashk.com\/es\/","name":"Rucas - Wholesale and distribution worldwide","alternateName":"Rucas - One-stop AIoT Distribution Worldwide","description":"One-stop AIoT Distribution Worldwide","inLanguage":"es-ES","publisher":{"@id":"https:\/\/www.rucashk.com\/es\/#organization"}}]}},"aioseo_meta_data":{"post_id":"22595","title":null,"description":null,"keywords":null,"keyphrases":null,"primary_term":null,"canonical_url":null,"og_title":null,"og_description":null,"og_object_type":"default","og_image_type":"default","og_image_url":null,"og_image_width":null,"og_image_height":null,"og_image_custom_url":null,"og_image_custom_fields":null,"og_video":null,"og_custom_url":null,"og_article_section":null,"og_article_tags":null,"twitter_use_og":false,"twitter_card":"default","twitter_image_type":"default","twitter_image_url":null,"twitter_image_custom_url":null,"twitter_image_custom_fields":null,"twitter_title":null,"twitter_description":null,"schema":{"blockGraphs":[],"customGraphs":[],"default":{"data":{"Article":[],"Course":[],"Dataset":[],"FAQPage":[],"Movie":[],"Person":[],"Product":[],"Recipe":[],"Service":[],"SoftwareApplication":[],"WebPage":[]},"graphName":"","isEnabled":true},"graphs":[]},"schema_type":"default","schema_type_options":null,"pillar_content":false,"robots_default":true,"robots_noindex":false,"robots_noarchive":false,"robots_nosnippet":false,"robots_nofollow":false,"robots_noimageindex":false,"robots_noodp":false,"robots_notranslate":false,"robots_max_snippet":null,"robots_max_videopreview":null,"robots_max_imagepreview":"large","priority":null,"frequency":null,"local_seo":null,"breadcrumb_settings":null,"limit_modified_date":false,"created":"2024-04-11 01:55:23","updated":"2025-06-22 16:46:55"},"aioseo_breadcrumb":"<div class=\"aioseo-breadcrumbs\"><span class=\"aioseo-breadcrumb\">\n\t<a href=\"https:\/\/www.rucashk.com\/es\" title=\"Home\">Home<\/a>\n<\/span><span class=\"aioseo-breadcrumb-separator\">&raquo;<\/span><span class=\"aioseo-breadcrumb\">\n\t<a href=\"https:\/\/www.rucashk.com\/es\/products\/\" title=\"Productos\">Productos<\/a>\n<\/span><span class=\"aioseo-breadcrumb-separator\">&raquo;<\/span><span class=\"aioseo-breadcrumb\">\n\t<a href=\"https:\/\/www.rucashk.com\/es\/categoria-producto\/xiaomi-eco\/\" title=\"Xiaomi Eco\">Xiaomi Eco<\/a>\n<\/span><span class=\"aioseo-breadcrumb-separator\">&raquo;<\/span><span class=\"aioseo-breadcrumb\">\n\t<a href=\"https:\/\/www.rucashk.com\/es\/categoria-producto\/xiaomi-eco\/amazfit-smartwatch\/\" title=\"Amazfit Smartwatch\">Amazfit Smartwatch<\/a>\n<\/span><span class=\"aioseo-breadcrumb-separator\">&raquo;<\/span><span class=\"aioseo-breadcrumb\">\n\tAmazfit\u00a0Stratos\n<\/span><\/div>","aioseo_breadcrumb_json":[{"label":"Home","link":"https:\/\/www.rucashk.com\/es"},{"label":"Productos","link":"https:\/\/www.rucashk.com\/es\/products\/"},{"label":"Xiaomi Eco","link":"https:\/\/www.rucashk.com\/es\/categoria-producto\/xiaomi-eco\/"},{"label":"Amazfit Smartwatch","link":"https:\/\/www.rucashk.com\/es\/categoria-producto\/xiaomi-eco\/amazfit-smartwatch\/"},{"label":"Amazfit\u00a0Stratos","link":"https:\/\/www.rucashk.com\/es\/producto\/amazfit-stratos\/"}],"_links":{"self":[{"href":"https:\/\/www.rucashk.com\/es\/wp-json\/wp\/v2\/product\/22595","targetHints":{"allow":["GET"]}}],"collection":[{"href":"https:\/\/www.rucashk.com\/es\/wp-json\/wp\/v2\/product"}],"about":[{"href":"https:\/\/www.rucashk.com\/es\/wp-json\/wp\/v2\/types\/product"}],"wp:featuredmedia":[{"embeddable":true,"href":"https:\/\/www.rucashk.com\/es\/wp-json\/wp\/v2\/media\/22683"}],"wp:attachment":[{"href":"https:\/\/www.rucashk.com\/es\/wp-json\/wp\/v2\/media?parent=22595"}],"wp:term":[{"taxonomy":"product_brand","embeddable":true,"href":"https:\/\/www.rucashk.com\/es\/wp-json\/wp\/v2\/product_brand?post=22595"},{"taxonomy":"product_cat","embeddable":true,"href":"https:\/\/www.rucashk.com\/es\/wp-json\/wp\/v2\/product_cat?post=22595"},{"taxonomy":"product_tag","embeddable":true,"href":"https:\/\/www.rucashk.com\/es\/wp-json\/wp\/v2\/product_tag?post=22595"}],"curies":[{"name":"wp","href":"https:\/\/api.w.org\/{rel}","templated":true}]}}