{"id":22566,"date":"2024-01-09T15:45:29","date_gmt":"2024-01-09T15:45:29","guid":{"rendered":"http:\/\/rucashk.com\/?post_type=product&#038;p=22566"},"modified":"2024-03-11T07:57:34","modified_gmt":"2024-03-11T07:57:34","slug":"xiaomi-qin-2","status":"publish","type":"product","link":"https:\/\/www.rucashk.com\/es\/producto\/xiaomi-qin-2\/","title":{"rendered":"Xiaomi QIN 2"},"content":{"rendered":"<div id=\"imgBox\">\n<div class=\"single-post-image\" style=\"text-align: center\">\n<h2>Xiaomi QIN 2<\/h2>\n<\/div>\n<p><img fetchpriority=\"high\" decoding=\"async\" class=\"lazyloaded alignnone wp-image-81883 size-full\" src=\"\/wp-content\/uploads\/replace\/05be4f3c850b2a855f4f3ede2c0053d4.jpeg\" alt=\"Xiaomi QIN 2\" width=\"1080\" height=\"1132\" data-src=\"\/wp-content\/uploads\/replace\/05be4f3c850b2a855f4f3ede2c0053d4.jpeg\" \/><\/p>\n<p style=\"text-align: center\">Aqu\u00ed est\u00e1 el dise\u00f1o m\u00e1s simple: casi todo el panel frontal ocupa una pantalla con una relaci\u00f3n de aspecto r\u00e9cord de 22,5: 9. Pero si cree que Qin ha resultado una &quot;pala&quot; demasiado larga, me apresuro a asegurarle lo contrario: La diagonal es de s\u00f3lo 5,05 pulgadas con una resoluci\u00f3n de 1440 \u00d7 576 p\u00edxeles.<\/p>\n<p style=\"text-align: center\">Gracias a la pantalla ampliada, el tel\u00e9fono inteligente result\u00f3 ser muy compacto: 132,6 \u00d7 55,4 \u00d7 8,6 mm. Es decir, es 9 mm m\u00e1s largo que el peque\u00f1o iPhone SE y 3 mm m\u00e1s estrecho que este. En teor\u00eda, esto deber\u00eda tener un buen efecto al controlar Qin 2 con manos con dedos no muy largos. Pesa, por cierto, s\u00f3lo 105 gramos.<\/p>\n<p><img decoding=\"async\" class=\"lazyloaded aligncenter wp-image-81881 size-full\" src=\"\/wp-content\/uploads\/replace\/2bf315182e325a109b87e8d9a3630646.jpeg\" alt=\"Xiaomi QIN 2\" width=\"2000\" height=\"1324\" data-src=\"\/wp-content\/uploads\/replace\/2bf315182e325a109b87e8d9a3630646.jpeg\" data-srcset=\"\/wp-content\/uploads\/replace\/2bf315182e325a109b87e8d9a3630646.jpeg 2000w, https:\/\/wylsa.com\/wp-content\/uploads\/2019\/07\/2be6285eab184807b0d8ab50181d615b-300x199.jpg 300w, https:\/\/wylsa.com\/wp-content\/uploads\/2019\/07\/2be6285eab184807b0d8ab50181d615b-768x508.jpg 768w, https:\/\/wylsa.com\/wp-content\/uploads\/2019\/07\/2be6285eab184807b0d8ab50181d615b-1024x678.jpg 1024w\" \/><\/p>\n<p style=\"text-align: center\">Los botones est\u00e1n solo en un lado. Este es un control de volumen y un bot\u00f3n de encendido. Si mantienes presionado el \u00faltimo, se activar\u00e1 el asistente de voz.<\/p>\n<h2 style=\"text-align: center\">Especificaciones<\/h2>\n<p style=\"text-align: center\">Este es un tel\u00e9fono inteligente econ\u00f3mico, basado en el programa Android Go, con todos los pros y los contras consiguientes.<\/p>\n<p style=\"text-align: center\">El <a href=\"https:\/\/www.rucashk.com\/es\/producto\/wiko-view4\/\" class=\"\" style=\"width: auto !important\" data-wpil-post-to-id=\"5633\">El tel\u00e9fono inteligente tiene un procesador Spreadtrum SC9832E y 1 GB.<\/a> de RAM. Aqu\u00ed ya hay 32 GB constantes, pero no hay ranura para tarjeta de memoria. Aunque \u00bfpor qu\u00e9 est\u00e1 ella aqu\u00ed?<\/p>\n<p style=\"text-align: center\">Todo esto te permite trabajar en modo multitarea con seis aplicaciones en ejecuci\u00f3n.<\/p>\n<p><img decoding=\"async\" class=\"lazyloaded aligncenter wp-image-81886 size-full\" src=\"\/wp-content\/uploads\/replace\/bcc788ce5508053efbd995eb7ca49370.jpeg\" alt=\"Xiaomi QIN 2\" width=\"1080\" height=\"992\" data-src=\"\/wp-content\/uploads\/replace\/bcc788ce5508053efbd995eb7ca49370.jpeg\" data-srcset=\"\/wp-content\/uploads\/replace\/bcc788ce5508053efbd995eb7ca49370.jpeg 1080w, https:\/\/wylsa.com\/wp-content\/uploads\/2019\/07\/QIN-2-300x276.jpg 300w, https:\/\/wylsa.com\/wp-content\/uploads\/2019\/07\/QIN-2-768x705.jpg 768w, https:\/\/wylsa.com\/wp-content\/uploads\/2019\/07\/QIN-2-1024x941.jpg 1024w\" \/><\/p>\n<p><img loading=\"lazy\" decoding=\"async\" class=\"lazyloaded aligncenter wp-image-81884 size-full\" src=\"\/wp-content\/uploads\/replace\/789c2af4bbeb26cc254eac6a91412007.jpeg\" alt=\"Xiaomi QIN 2\" width=\"2000\" height=\"1324\" data-src=\"\/wp-content\/uploads\/replace\/789c2af4bbeb26cc254eac6a91412007.jpeg\" data-srcset=\"\/wp-content\/uploads\/replace\/789c2af4bbeb26cc254eac6a91412007.jpeg 2000w, https:\/\/wylsa.com\/wp-content\/uploads\/2019\/07\/d97a0d277cfc4dfb8e345e36c4024bff-300x199.jpg 300w, https:\/\/wylsa.com\/wp-content\/uploads\/2019\/07\/d97a0d277cfc4dfb8e345e36c4024bff-768x508.jpg 768w, https:\/\/wylsa.com\/wp-content\/uploads\/2019\/07\/d97a0d277cfc4dfb8e345e36c4024bff-1024x678.jpg 1024w\" \/><\/p>\n<\/div>\n<div style=\"text-align: center\"><\/div>\n<div><\/div>\n<div>\n<table border=\"1\" cellspacing=\"1\" cellpadding=\"1\">\n<tbody>\n<tr>\n<td colspan=\"1\" rowspan=\"1\">Informaci\u00f3n b\u00e1sica<\/td>\n<td>Marca: QIN completo <a href=\"https:\/\/www.rucashk.com\/es\/how-to-clean-the-greasy-on-the-phone-screen\/\" class=\"\" style=\"width: auto !important\" data-wpil-post-to-id=\"7022\">Tel\u00e9fono de pantalla<\/a> (<a href=\"https:\/\/www.rucashk.com\/es\/producto\/amiro-o-series-cosmetic-mirrors-rechargeable\/\" class=\"\" style=\"width: auto !important\" data-wpil-post-to-id=\"5180\">Marca de cooperaci\u00f3n Xiaomi<\/a>)<br \/>\nModelo:\u00a0<strong>Versi\u00f3n global Tel\u00e9fono QIN AI (1GB+32GB)<\/strong><br \/>\nTipo: Tel\u00e9fono de barra<br \/>\nRAM: 1GB<br \/>\nROM: 32GB<br \/>\nUPC:\u00a0<strong>Android Ir 9.0<\/strong><\/td>\n<\/tr>\n<tr>\n<td>Red<\/td>\n<td>Tipo de red: GSM\/WCDMA\/TDD-LTE\/FDD-LTE<br \/>\nFrecuencia:<br \/>\n2GG\/M(2\/3\/5\/8)<br \/>\n3G WCDMA (BANDA1\/2\/5\/8)<br \/>\n4G FDD (BANDA1\/B2\/B3\/B5\/B8)<br \/>\n4G TDD(B34B38B39\/B40\/B41(100M))<br \/>\nbluetooth: S\u00ed 4.2<\/td>\n<\/tr>\n<tr>\n<td>Mostrar<\/td>\n<td>Tama\u00f1o de pantalla: 5,05 pulgadas<br \/>\nResoluci\u00f3n de pantalla: 576\u00d71440<\/td>\n<\/tr>\n<tr>\n<td>Conectividad<\/td>\n<td>Ranura para tarjeta SIM: tarjeta SIM \u00fanica (tarjeta Nano SIM)<br \/>\nRanura USB: S\u00ed<br \/>\nAltavoz: Compatible<\/td>\n<\/tr>\n<tr>\n<td><strong>Idiomas<\/strong><\/td>\n<td><strong>Varios idiomas, consulte la p\u00e1gina espec\u00edfica para obtener m\u00e1s detalles (ingl\u00e9s predeterminado).<\/strong><\/td>\n<\/tr>\n<tr>\n<td>Bater\u00eda<\/td>\n<td><strong>2100mAh<\/strong><\/td>\n<\/tr>\n<tr>\n<td colspan=\"1\" rowspan=\"1\">Tiempo de espera<\/td>\n<td>10 d\u00edas<\/td>\n<\/tr>\n<tr>\n<td colspan=\"1\" rowspan=\"1\">N\u00famero de tel\u00e9fono<\/td>\n<td>3000<\/td>\n<\/tr>\n<tr>\n<td colspan=\"1\" rowspan=\"1\">N\u00famero de mensaje<\/td>\n<td>500 (SMS\/MMS\/correo electr\u00f3nico)<\/td>\n<\/tr>\n<tr>\n<td>C\u00e1mara<\/td>\n<td>S\u00cd. (5MP, enfoque autom\u00e1tico, ajustes de balance de blancos)<\/td>\n<\/tr>\n<tr>\n<td>Funci\u00f3n de vibraci\u00f3n<\/td>\n<td>S\u00cd<\/td>\n<\/tr>\n<tr>\n<td>Funci\u00f3n de traducci\u00f3n<\/td>\n<td>S\u00cd. Se pueden traducir idiomas globales. Pero esta funci\u00f3n es costosa y se cobra de acuerdo con las tarifas internacionales. (Voz en tiempo real, traducci\u00f3n del m\u00e9todo de entrada, traducci\u00f3n de fotograf\u00edas)<\/td>\n<\/tr>\n<tr>\n<td>WIFI<\/td>\n<td>S\u00cd<\/td>\n<\/tr>\n<tr>\n<td colspan=\"1\" rowspan=\"1\">Punto de acceso wifi<\/td>\n<td>S\u00cd (la velocidad m\u00e1xima del hotspot alcanz\u00f3 los 150 Mbps;<br \/>\nLos puntos calientes se pueden utilizar durante 5 a 10 horas seguidas)<\/td>\n<\/tr>\n<tr>\n<td colspan=\"1\" rowspan=\"1\">GPS<\/td>\n<td>S\u00cd<\/td>\n<\/tr>\n<tr>\n<td colspan=\"1\">Interfaz<\/td>\n<td>Tipo C, soporte OTG<\/td>\n<\/tr>\n<tr>\n<td colspan=\"1\" rowspan=\"1\">VOLTE<\/td>\n<td>S\u00cd<\/td>\n<\/tr>\n<tr>\n<td>infrarrojo <a href=\"https:\/\/www.rucashk.com\/es\/update-your-air-conditioning-xiaomi-releases-a-smart-ai-universal-remote-control\/\" class=\"\" style=\"width: auto !important\" data-wpil-post-to-id=\"9669\">control remoto<\/a><\/td>\n<td>S\u00cd<\/td>\n<\/tr>\n<tr>\n<td>Asistente de sincronizaci\u00f3n de contactos\/SMS<\/td>\n<td>S\u00cd<\/td>\n<\/tr>\n<tr>\n<td>Grabaci\u00f3n autom\u00e1tica de llamadas<\/td>\n<td>S\u00cd (Puede elegir entre grabaci\u00f3n autom\u00e1tica o grabaci\u00f3n manual en el men\u00fa de configuraci\u00f3n de llamadas).<\/td>\n<\/tr>\n<tr>\n<td>Tono de llamada personalizado<\/td>\n<td>S\u00cd (Perfiles \u2013 Modo est\u00e1ndar \u2013 Configuraci\u00f3n personal \u2013 Tono de llamada de la persona que llama \u2013 Seleccionar de un archivo)<\/td>\n<\/tr>\n<tr>\n<td colspan=\"1\" rowspan=\"1\">Google<\/td>\n<td>S\u00cd<\/td>\n<\/tr>\n<tr>\n<td colspan=\"1\"><a href=\"https:\/\/www.rucashk.com\/es\/xiaomi-mi-calculator-application-is-now-available-in-the-play-store\/\" class=\"\" style=\"width: auto !important\" data-wpil-post-to-id=\"7665\">Tienda de juegos<\/a><\/td>\n<td>S\u00cd, puede descargar varios programas sociales<\/td>\n<\/tr>\n<tr>\n<td>Aporte<\/td>\n<td>Escritura a mano\/teclado<\/td>\n<\/tr>\n<tr>\n<td>Formatos de medios<\/td>\n<td>Formato de imagen: BMP, GIF<\/td>\n<\/tr>\n<tr>\n<td>Otras caracter\u00edsticas<\/td>\n<td>\n<div>3G, 4G, GPS, bluetooth, Correo electr\u00f3nico,<\/div>\n<div data-spm-anchor-id=\"a2g0o.detail.1000023.i1.70d4736avNRBZe\">Mensajer\u00eda, calendario, calculadora, reloj, c\u00e1mara, puntos de acceso, etc.<\/div>\n<\/td>\n<\/tr>\n<tr>\n<td>Dimensiones<\/td>\n<td>Tama\u00f1o del producto: 132,6 \u00d7 55,4 \u00d7 8,6 mm<br \/>\nPeso del producto: 105g<\/td>\n<\/tr>\n<tr>\n<td><strong>contenidos del paquete<\/strong><\/td>\n<td>1X <a href=\"https:\/\/www.rucashk.com\/es\/redmi-redmi-cell-phone-and-jd-com-released-redmi-k30-5g-extreme-edition\/\" class=\"\" style=\"width: auto !important\" data-wpil-post-to-id=\"8380\">Tel\u00e9fono m\u00f3vil<\/a><br \/>\n1 pin SIM.<br \/>\n1X Cable tipo C<br \/>\n1X cubierta del tel\u00e9fono de TPU<\/td>\n<\/tr>\n<\/tbody>\n<\/table>\n<\/div>","protected":false},"excerpt":{"rendered":"<p>\u2022 Dimensioni: 132,6 mm x 55,4 mm x 8,6 mm, peso 105 g<br \/>\n\u2022 Display: 5,05 &#8220;(22,5: 9), 1440 \u00d7 576 HD, IPS, 2,5D<br \/>\n\u2022 Processore: Spreadtrum a 4 core SC9832E, fino a 1,4 GHz<br \/>\n\u2022 GPU: Mali-T820 MP1<br \/>\n\u2022 Fotocamera: 5 megapixel (principale) con flash, nessuna fotocamera frontale<\/p>\n<p>&nbsp;<\/p>","protected":false},"featured_media":22672,"template":"","meta":[],"product_brand":[],"product_cat":[1295,1296],"product_tag":[],"class_list":{"0":"post-22566","1":"product","2":"type-product","3":"status-publish","4":"has-post-thumbnail","6":"product_cat-mobile-phone","7":"product_cat-xiaomi-mobile-phone","9":"first","10":"instock","11":"shipping-taxable","12":"product-type-external"},"aioseo_notices":[],"aioseo_head":"\n\t\t<!-- All in One SEO Pro 4.5.9.2 - aioseo.com -->\n\t\t<meta name=\"description\" content=\"\u2022 Dimensioni: 132,6 mm x 55,4 mm x 8,6 mm, peso 105 g \u2022 Display: 5,05 &quot;(22,5: 9), 1440 \u00d7 576 HD, IPS, 2,5D \u2022 Processore: Spreadtrum a 4 core SC9832E, fino a 1,4 GHz \u2022 GPU: Mali-T820 MP1 \u2022 Fotocamera: 5 megapixel (principale) con flash, nessuna fotocamera frontale\" \/>\n\t\t<meta name=\"robots\" content=\"max-image-preview:large\" \/>\n\t\t<link rel=\"canonical\" href=\"https:\/\/www.rucashk.com\/es\/producto\/xiaomi-qin-2\/\" \/>\n\t\t<meta name=\"generator\" content=\"All in One SEO Pro (AIOSEO) 4.5.9.2\" \/>\n\t\t<meta property=\"og:locale\" content=\"es_ES\" \/>\n\t\t<meta property=\"og:site_name\" content=\"Rucas - One-stop AIoT Distribution Worldwide\" \/>\n\t\t<meta property=\"og:type\" content=\"article\" \/>\n\t\t<meta property=\"og:title\" content=\"Xiaomi QIN 2 - Rucas - Wholesale and Distribution\" \/>\n\t\t<meta property=\"og:description\" content=\"\u2022 Dimensioni: 132,6 mm x 55,4 mm x 8,6 mm, peso 105 g \u2022 Display: 5,05 &quot;(22,5: 9), 1440 \u00d7 576 HD, IPS, 2,5D \u2022 Processore: Spreadtrum a 4 core SC9832E, fino a 1,4 GHz \u2022 GPU: Mali-T820 MP1 \u2022 Fotocamera: 5 megapixel (principale) con flash, nessuna fotocamera frontale\" \/>\n\t\t<meta property=\"og:url\" content=\"https:\/\/www.rucashk.com\/es\/producto\/xiaomi-qin-2\/\" \/>\n\t\t<meta property=\"og:image\" content=\"https:\/\/www.rucashk.com\/wp-content\/uploads\/replace\/503b8e645f128a97ccde2b6290747646.jpeg\" \/>\n\t\t<meta property=\"og:image:secure_url\" content=\"https:\/\/www.rucashk.com\/wp-content\/uploads\/replace\/503b8e645f128a97ccde2b6290747646.jpeg\" \/>\n\t\t<meta property=\"og:image:width\" content=\"1456\" \/>\n\t\t<meta property=\"og:image:height\" content=\"816\" \/>\n\t\t<meta property=\"article:published_time\" content=\"2024-01-09T15:45:29+00:00\" \/>\n\t\t<meta property=\"article:modified_time\" content=\"2024-03-11T07:57:34+00:00\" \/>\n\t\t<meta name=\"twitter:card\" content=\"summary_large_image\" \/>\n\t\t<meta name=\"twitter:title\" content=\"Xiaomi QIN 2 - Rucas - Wholesale and Distribution\" \/>\n\t\t<meta name=\"twitter:description\" content=\"\u2022 Dimensioni: 132,6 mm x 55,4 mm x 8,6 mm, peso 105 g \u2022 Display: 5,05 &quot;(22,5: 9), 1440 \u00d7 576 HD, IPS, 2,5D \u2022 Processore: Spreadtrum a 4 core SC9832E, fino a 1,4 GHz \u2022 GPU: Mali-T820 MP1 \u2022 Fotocamera: 5 megapixel (principale) con flash, nessuna fotocamera frontale\" \/>\n\t\t<meta name=\"twitter:image\" content=\"https:\/\/www.rucashk.com\/wp-content\/uploads\/replace\/503b8e645f128a97ccde2b6290747646.jpeg\" \/>\n\t\t<script type=\"application\/ld+json\" class=\"aioseo-schema\">\n\t\t\t{\"@context\":\"https:\\\/\\\/schema.org\",\"@graph\":[{\"@type\":\"BreadcrumbList\",\"@id\":\"https:\\\/\\\/www.rucashk.com\\\/es\\\/producto\\\/xiaomi-qin-2\\\/#breadcrumblist\",\"itemListElement\":[{\"@type\":\"ListItem\",\"@id\":\"https:\\\/\\\/www.rucashk.com\\\/es\\\/#listItem\",\"position\":1,\"name\":\"Home\",\"item\":\"https:\\\/\\\/www.rucashk.com\\\/es\\\/\",\"nextItem\":\"https:\\\/\\\/www.rucashk.com\\\/es\\\/producto\\\/xiaomi-qin-2\\\/#listItem\"},{\"@type\":\"ListItem\",\"@id\":\"https:\\\/\\\/www.rucashk.com\\\/es\\\/producto\\\/xiaomi-qin-2\\\/#listItem\",\"position\":2,\"name\":\"Xiaomi QIN 2\",\"previousItem\":\"https:\\\/\\\/www.rucashk.com\\\/es\\\/#listItem\"}]},{\"@type\":\"Organization\",\"@id\":\"https:\\\/\\\/www.rucashk.com\\\/es\\\/#organization\",\"name\":\"Rucas\",\"url\":\"https:\\\/\\\/www.rucashk.com\\\/es\\\/\",\"logo\":{\"@type\":\"ImageObject\",\"url\":\"https:\\\/\\\/www.rucashk.com\\\/wp-content\\\/uploads\\\/2023\\\/12\\\/Rucas_campany_logo.png\",\"@id\":\"https:\\\/\\\/www.rucashk.com\\\/es\\\/producto\\\/xiaomi-qin-2\\\/#organizationLogo\",\"width\":221,\"height\":65},\"image\":{\"@id\":\"https:\\\/\\\/www.rucashk.com\\\/es\\\/#organizationLogo\"}},{\"@type\":\"Person\",\"@id\":\"https:\\\/\\\/www.rucashk.com\\\/es\\\/author\\\/admin\\\/#author\",\"url\":\"https:\\\/\\\/www.rucashk.com\\\/es\\\/author\\\/admin\\\/\",\"name\":\"admin\",\"image\":{\"@type\":\"ImageObject\",\"@id\":\"https:\\\/\\\/www.rucashk.com\\\/es\\\/producto\\\/xiaomi-qin-2\\\/#authorImage\",\"url\":\"https:\\\/\\\/secure.gravatar.com\\\/avatar\\\/b7c8925b09a27e72b30232f8ecaadbd5af0f70a38c78096863fe51b64f031c24?s=96&d=mm&r=g\",\"width\":96,\"height\":96,\"caption\":\"admin\"}},{\"@type\":\"WebPage\",\"@id\":\"https:\\\/\\\/www.rucashk.com\\\/es\\\/producto\\\/xiaomi-qin-2\\\/#webpage\",\"url\":\"https:\\\/\\\/www.rucashk.com\\\/es\\\/producto\\\/xiaomi-qin-2\\\/\",\"name\":\"Xiaomi QIN 2 - Rucas - Wholesale and Distribution\",\"description\":\"\\u2022 Dimensioni: 132,6 mm x 55,4 mm x 8,6 mm, peso 105 g \\u2022 Display: 5,05 \\\"(22,5: 9), 1440 \\u00d7 576 HD, IPS, 2,5D \\u2022 Processore: Spreadtrum a 4 core SC9832E, fino a 1,4 GHz \\u2022 GPU: Mali-T820 MP1 \\u2022 Fotocamera: 5 megapixel (principale) con flash, nessuna fotocamera frontale\",\"inLanguage\":\"es-ES\",\"isPartOf\":{\"@id\":\"https:\\\/\\\/www.rucashk.com\\\/es\\\/#website\"},\"breadcrumb\":{\"@id\":\"https:\\\/\\\/www.rucashk.com\\\/es\\\/producto\\\/xiaomi-qin-2\\\/#breadcrumblist\"},\"author\":{\"@id\":\"https:\\\/\\\/www.rucashk.com\\\/es\\\/author\\\/admin\\\/#author\"},\"creator\":{\"@id\":\"https:\\\/\\\/www.rucashk.com\\\/es\\\/author\\\/admin\\\/#author\"},\"image\":{\"@type\":\"ImageObject\",\"url\":\"https:\\\/\\\/www.rucashk.com\\\/wp-content\\\/uploads\\\/2024\\\/01\\\/Xiaomi-QIN-2.jpg\",\"@id\":\"https:\\\/\\\/www.rucashk.com\\\/es\\\/producto\\\/xiaomi-qin-2\\\/#mainImage\",\"width\":494,\"height\":438},\"primaryImageOfPage\":{\"@id\":\"https:\\\/\\\/www.rucashk.com\\\/es\\\/producto\\\/xiaomi-qin-2\\\/#mainImage\"},\"datePublished\":\"2024-01-09T15:45:29+00:00\",\"dateModified\":\"2024-03-11T07:57:34+00:00\"},{\"@type\":\"WebSite\",\"@id\":\"https:\\\/\\\/www.rucashk.com\\\/es\\\/#website\",\"url\":\"https:\\\/\\\/www.rucashk.com\\\/es\\\/\",\"name\":\"Rucas - Wholesale and distribution worldwide\",\"alternateName\":\"Rucas - One-stop AIoT Distribution Worldwide\",\"description\":\"One-stop AIoT Distribution Worldwide\",\"inLanguage\":\"es-ES\",\"publisher\":{\"@id\":\"https:\\\/\\\/www.rucashk.com\\\/es\\\/#organization\"}}]}\n\t\t<\/script>\n\t\t<!-- All in One SEO Pro -->\r\n\t\t<title>Xiaomi QIN 2 - Rucas - Wholesale and Distribution<\/title>\n\n","aioseo_head_json":{"title":"Xiaomi QIN 2 - Rucas - Wholesale and Distribution","description":"\u2022 Dimensioni: 132,6 mm x 55,4 mm x 8,6 mm, peso 105 g \u2022 Display: 5,05 \"(22,5: 9), 1440 \u00d7 576 HD, IPS, 2,5D \u2022 Processore: Spreadtrum a 4 core SC9832E, fino a 1,4 GHz \u2022 GPU: Mali-T820 MP1 \u2022 Fotocamera: 5 megapixel (principale) con flash, nessuna fotocamera frontale","canonical_url":"https:\/\/www.rucashk.com\/es\/producto\/xiaomi-qin-2\/","robots":"max-image-preview:large","keywords":"","webmasterTools":{"miscellaneous":""},"og:locale":"es_ES","og:site_name":"Rucas - One-stop AIoT Distribution Worldwide","og:type":"article","og:title":"Xiaomi QIN 2 - Rucas - Wholesale and Distribution","og:description":"\u2022 Dimensioni: 132,6 mm x 55,4 mm x 8,6 mm, peso 105 g \u2022 Display: 5,05 &quot;(22,5: 9), 1440 \u00d7 576 HD, IPS, 2,5D \u2022 Processore: Spreadtrum a 4 core SC9832E, fino a 1,4 GHz \u2022 GPU: Mali-T820 MP1 \u2022 Fotocamera: 5 megapixel (principale) con flash, nessuna fotocamera frontale","og:url":"https:\/\/www.rucashk.com\/es\/producto\/xiaomi-qin-2\/","og:image":"https:\/\/www.rucashk.com\/wp-content\/uploads\/replace\/503b8e645f128a97ccde2b6290747646.jpeg","og:image:secure_url":"https:\/\/www.rucashk.com\/wp-content\/uploads\/replace\/503b8e645f128a97ccde2b6290747646.jpeg","og:image:width":1456,"og:image:height":816,"article:published_time":"2024-01-09T15:45:29+00:00","article:modified_time":"2024-03-11T07:57:34+00:00","twitter:card":"summary_large_image","twitter:title":"Xiaomi QIN 2 - Rucas - Wholesale and Distribution","twitter:description":"\u2022 Dimensioni: 132,6 mm x 55,4 mm x 8,6 mm, peso 105 g \u2022 Display: 5,05 &quot;(22,5: 9), 1440 \u00d7 576 HD, IPS, 2,5D \u2022 Processore: Spreadtrum a 4 core SC9832E, fino a 1,4 GHz \u2022 GPU: Mali-T820 MP1 \u2022 Fotocamera: 5 megapixel (principale) con flash, nessuna fotocamera frontale","twitter:image":"https:\/\/www.rucashk.com\/wp-content\/uploads\/replace\/503b8e645f128a97ccde2b6290747646.jpeg","schema":{"@context":"https:\/\/schema.org","@graph":[{"@type":"BreadcrumbList","@id":"https:\/\/www.rucashk.com\/es\/producto\/xiaomi-qin-2\/#breadcrumblist","itemListElement":[{"@type":"ListItem","@id":"https:\/\/www.rucashk.com\/es\/#listItem","position":1,"name":"Home","item":"https:\/\/www.rucashk.com\/es\/","nextItem":"https:\/\/www.rucashk.com\/es\/producto\/xiaomi-qin-2\/#listItem"},{"@type":"ListItem","@id":"https:\/\/www.rucashk.com\/es\/producto\/xiaomi-qin-2\/#listItem","position":2,"name":"Xiaomi QIN 2","previousItem":"https:\/\/www.rucashk.com\/es\/#listItem"}]},{"@type":"Organization","@id":"https:\/\/www.rucashk.com\/es\/#organization","name":"Rucas","url":"https:\/\/www.rucashk.com\/es\/","logo":{"@type":"ImageObject","url":"https:\/\/www.rucashk.com\/wp-content\/uploads\/2023\/12\/Rucas_campany_logo.png","@id":"https:\/\/www.rucashk.com\/es\/producto\/xiaomi-qin-2\/#organizationLogo","width":221,"height":65},"image":{"@id":"https:\/\/www.rucashk.com\/es\/#organizationLogo"}},{"@type":"Person","@id":"https:\/\/www.rucashk.com\/es\/author\/admin\/#author","url":"https:\/\/www.rucashk.com\/es\/author\/admin\/","name":"admin","image":{"@type":"ImageObject","@id":"https:\/\/www.rucashk.com\/es\/producto\/xiaomi-qin-2\/#authorImage","url":"https:\/\/secure.gravatar.com\/avatar\/b7c8925b09a27e72b30232f8ecaadbd5af0f70a38c78096863fe51b64f031c24?s=96&d=mm&r=g","width":96,"height":96,"caption":"admin"}},{"@type":"WebPage","@id":"https:\/\/www.rucashk.com\/es\/producto\/xiaomi-qin-2\/#webpage","url":"https:\/\/www.rucashk.com\/es\/producto\/xiaomi-qin-2\/","name":"Xiaomi QIN 2 - Rucas - Wholesale and Distribution","description":"\u2022 Dimensioni: 132,6 mm x 55,4 mm x 8,6 mm, peso 105 g \u2022 Display: 5,05 \"(22,5: 9), 1440 \u00d7 576 HD, IPS, 2,5D \u2022 Processore: Spreadtrum a 4 core SC9832E, fino a 1,4 GHz \u2022 GPU: Mali-T820 MP1 \u2022 Fotocamera: 5 megapixel (principale) con flash, nessuna fotocamera frontale","inLanguage":"es-ES","isPartOf":{"@id":"https:\/\/www.rucashk.com\/es\/#website"},"breadcrumb":{"@id":"https:\/\/www.rucashk.com\/es\/producto\/xiaomi-qin-2\/#breadcrumblist"},"author":{"@id":"https:\/\/www.rucashk.com\/es\/author\/admin\/#author"},"creator":{"@id":"https:\/\/www.rucashk.com\/es\/author\/admin\/#author"},"image":{"@type":"ImageObject","url":"https:\/\/www.rucashk.com\/wp-content\/uploads\/2024\/01\/Xiaomi-QIN-2.jpg","@id":"https:\/\/www.rucashk.com\/es\/producto\/xiaomi-qin-2\/#mainImage","width":494,"height":438},"primaryImageOfPage":{"@id":"https:\/\/www.rucashk.com\/es\/producto\/xiaomi-qin-2\/#mainImage"},"datePublished":"2024-01-09T15:45:29+00:00","dateModified":"2024-03-11T07:57:34+00:00"},{"@type":"WebSite","@id":"https:\/\/www.rucashk.com\/es\/#website","url":"https:\/\/www.rucashk.com\/es\/","name":"Rucas - Wholesale and distribution worldwide","alternateName":"Rucas - One-stop AIoT Distribution Worldwide","description":"One-stop AIoT Distribution Worldwide","inLanguage":"es-ES","publisher":{"@id":"https:\/\/www.rucashk.com\/es\/#organization"}}]}},"aioseo_meta_data":{"post_id":"22566","title":null,"description":null,"keywords":null,"keyphrases":null,"primary_term":null,"canonical_url":null,"og_title":null,"og_description":null,"og_object_type":"default","og_image_type":"default","og_image_url":null,"og_image_width":null,"og_image_height":null,"og_image_custom_url":null,"og_image_custom_fields":null,"og_video":null,"og_custom_url":null,"og_article_section":null,"og_article_tags":null,"twitter_use_og":false,"twitter_card":"default","twitter_image_type":"default","twitter_image_url":null,"twitter_image_custom_url":null,"twitter_image_custom_fields":null,"twitter_title":null,"twitter_description":null,"schema":{"blockGraphs":[],"customGraphs":[],"default":{"data":{"Article":[],"Course":[],"Dataset":[],"FAQPage":[],"Movie":[],"Person":[],"Product":[],"Recipe":[],"Service":[],"SoftwareApplication":[],"WebPage":[]},"graphName":"","isEnabled":true},"graphs":[]},"schema_type":"default","schema_type_options":null,"pillar_content":false,"robots_default":true,"robots_noindex":false,"robots_noarchive":false,"robots_nosnippet":false,"robots_nofollow":false,"robots_noimageindex":false,"robots_noodp":false,"robots_notranslate":false,"robots_max_snippet":null,"robots_max_videopreview":null,"robots_max_imagepreview":"large","priority":null,"frequency":null,"local_seo":null,"breadcrumb_settings":null,"limit_modified_date":false,"created":"2024-04-11 01:55:23","updated":"2025-06-22 16:45:57"},"aioseo_breadcrumb":"<div class=\"aioseo-breadcrumbs\"><span class=\"aioseo-breadcrumb\">\n\t<a href=\"https:\/\/www.rucashk.com\/es\" title=\"Home\">Home<\/a>\n<\/span><span class=\"aioseo-breadcrumb-separator\">&raquo;<\/span><span class=\"aioseo-breadcrumb\">\n\t<a href=\"https:\/\/www.rucashk.com\/es\/products\/\" title=\"Productos\">Productos<\/a>\n<\/span><span class=\"aioseo-breadcrumb-separator\">&raquo;<\/span><span class=\"aioseo-breadcrumb\">\n\t<a href=\"https:\/\/www.rucashk.com\/es\/categoria-producto\/mobile-phone\/\" title=\"Mobile Phone\">Mobile Phone<\/a>\n<\/span><span class=\"aioseo-breadcrumb-separator\">&raquo;<\/span><span class=\"aioseo-breadcrumb\">\n\t<a href=\"https:\/\/www.rucashk.com\/es\/categoria-producto\/mobile-phone\/xiaomi-mobile-phone\/\" title=\"Xiaomi\">Xiaomi<\/a>\n<\/span><span class=\"aioseo-breadcrumb-separator\">&raquo;<\/span><span class=\"aioseo-breadcrumb\">\n\tXiaomi QIN 2\n<\/span><\/div>","aioseo_breadcrumb_json":[{"label":"Home","link":"https:\/\/www.rucashk.com\/es"},{"label":"Productos","link":"https:\/\/www.rucashk.com\/es\/products\/"},{"label":"Mobile Phone","link":"https:\/\/www.rucashk.com\/es\/categoria-producto\/mobile-phone\/"},{"label":"Xiaomi","link":"https:\/\/www.rucashk.com\/es\/categoria-producto\/mobile-phone\/xiaomi-mobile-phone\/"},{"label":"Xiaomi QIN 2","link":"https:\/\/www.rucashk.com\/es\/producto\/xiaomi-qin-2\/"}],"_links":{"self":[{"href":"https:\/\/www.rucashk.com\/es\/wp-json\/wp\/v2\/product\/22566","targetHints":{"allow":["GET"]}}],"collection":[{"href":"https:\/\/www.rucashk.com\/es\/wp-json\/wp\/v2\/product"}],"about":[{"href":"https:\/\/www.rucashk.com\/es\/wp-json\/wp\/v2\/types\/product"}],"wp:featuredmedia":[{"embeddable":true,"href":"https:\/\/www.rucashk.com\/es\/wp-json\/wp\/v2\/media\/22672"}],"wp:attachment":[{"href":"https:\/\/www.rucashk.com\/es\/wp-json\/wp\/v2\/media?parent=22566"}],"wp:term":[{"taxonomy":"product_brand","embeddable":true,"href":"https:\/\/www.rucashk.com\/es\/wp-json\/wp\/v2\/product_brand?post=22566"},{"taxonomy":"product_cat","embeddable":true,"href":"https:\/\/www.rucashk.com\/es\/wp-json\/wp\/v2\/product_cat?post=22566"},{"taxonomy":"product_tag","embeddable":true,"href":"https:\/\/www.rucashk.com\/es\/wp-json\/wp\/v2\/product_tag?post=22566"}],"curies":[{"name":"wp","href":"https:\/\/api.w.org\/{rel}","templated":true}]}}