{"id":22565,"date":"2024-01-09T15:45:29","date_gmt":"2024-01-09T15:45:29","guid":{"rendered":"http:\/\/rucashk.com\/?post_type=product&#038;p=22565"},"modified":"2024-03-13T10:33:05","modified_gmt":"2024-03-13T10:33:05","slug":"xiaomi-mijia-s-m-pet-dog-training-urine-pad","status":"publish","type":"product","link":"https:\/\/www.rucashk.com\/es\/producto\/xiaomi-mijia-s-m-pet-dog-training-urine-pad\/","title":{"rendered":"Almohadilla de orina para entrenamiento de perros XIAOMI Mijia S\/M"},"content":{"rendered":"<p><img decoding=\"async\" alt=\"XIAOMI Mijia S\/M Pet Dog Training Urine Pad\" src=\"\/wp-content\/uploads\/replace\/bbf15d0212964e32b6bf38d649922202.jpeg\" \/><img decoding=\"async\" alt=\"XIAOMI Mijia S\/M Pet Dog Training Urine Pad\" src=\"\/wp-content\/uploads\/replace\/14783da63b21c2b8c1ea8ecce8f4b0c1.jpeg\" \/><img decoding=\"async\" alt=\"XIAOMI Mijia S\/M Pet Dog Training Urine Pad\" src=\"\/wp-content\/uploads\/replace\/b408e0e51e6f895c54c3096380431dab.jpeg\" \/><img decoding=\"async\" alt=\"XIAOMI Mijia S\/M Pet Dog Training Urine Pad\" src=\"\/wp-content\/uploads\/replace\/317adaaa68f084d2cb344df0243c4230.jpeg\" \/><img decoding=\"async\" alt=\"XIAOMI Mijia S\/M Pet Dog Training Urine Pad\" src=\"\/wp-content\/uploads\/replace\/fb37875d4159e1f24a18894e51afc702.jpeg\" \/><img decoding=\"async\" alt=\"XIAOMI Mijia S\/M Pet Dog Training Urine Pad\" src=\"\/wp-content\/uploads\/replace\/639fcafdda75bede284e73eb75e2b74f.jpeg\" \/><img decoding=\"async\" alt=\"XIAOMI Mijia S\/M Pet Dog Training Urine Pad\" src=\"\/wp-content\/uploads\/replace\/fa6d56a32c9dbe64813232811c8dbf26.jpeg\" \/><img decoding=\"async\" alt=\"XIAOMI Mijia S\/M Pet Dog Training Urine Pad\" src=\"\/wp-content\/uploads\/replace\/ff7b46bc345abf762dd5da7dcd4bd69b.jpeg\" \/><img decoding=\"async\" alt=\"XIAOMI Mijia S\/M Pet Dog Training Urine Pad\" src=\"\/wp-content\/uploads\/replace\/1b211bce0319eb61aafb9dcda6c2d636.jpeg\" \/><img decoding=\"async\" alt=\"XIAOMI Mijia S\/M Pet Dog Training Urine Pad\" src=\"\/wp-content\/uploads\/replace\/d11fb1e0648144bc960b2cb831f502dc.jpeg\" \/><\/p>\n<p><img decoding=\"async\" alt=\"XIAOMI Mijia S\/M Pet Dog Training Urine Pad\" src=\"\/wp-content\/uploads\/replace\/fb4bb902cdccb06e6c4c7bcd8a9c8484.jpeg\" \/><\/p>","protected":false},"excerpt":{"rendered":"<p><strong>Caracter\u00edsticas:<\/strong><\/p>\n<div>Capa superior de secado r\u00e1pido para evitar marcas de patas sucias.<\/div>\n<div>Delgada y ultraabsorbente. Contiene pol\u00edmeros s\u00faper absorbentes SAP que convierten el fluido en s\u00f3lido r\u00e1pidamente.<\/div>\n<div>F\u00e1cil de limpiar. Capa inferior impermeable que mantiene el piso seco, solo envu\u00e9lvalo y des\u00e9chelo.<\/div>\n<div>Almohadillas de entrenamiento ideales en casa. Perfecto para ense\u00f1ar a ir al ba\u00f1o o para perros que no pueden salir al aire libre por motivos de salud.<\/div>\n<div>Hay dos tama\u00f1os disponibles. Adecuado para cachorros, perros peque\u00f1os y perros de edad avanzada. Tambi\u00e9n se puede utilizar con soporte para almohadillas, camas para mascotas, jaulas para perros, transportadores de viaje para autom\u00f3viles y mascotas, etc.<\/div>","protected":false},"featured_media":22658,"template":"","meta":[],"product_brand":[],"product_cat":[1318,1305],"product_tag":[741],"class_list":{"0":"post-22565","1":"product","2":"type-product","3":"status-publish","4":"has-post-thumbnail","6":"product_cat-gadgets","7":"product_cat-xiaomi-eco","8":"product_tag-xiaomi-mijia-s-m-pet-dog-training-urine-pad","10":"first","11":"instock","12":"shipping-taxable","13":"product-type-external"},"aioseo_notices":[],"aioseo_head":"\n\t\t<!-- All in One SEO Pro 4.5.9.2 - aioseo.com -->\n\t\t<meta name=\"description\" content=\"Features: Top layer quick drying to avoid messy paw marks. Slim and ultra-absorbant. Contains SAP super absorbant polymers that converts fluid into solid fast. Easy to clean up. Waterproof bottom layer that keeps your floor dry, just wrap and dispose. Ideal house training pads. Perfect for potty training or dogs that can\u2019t go outdoors for health reasons. Two size are available. Suitable for puppies, small dogs and aging dogs. Also usable with pad holder, pet beds, dog crate, car and pet travel carrier etc.\" \/>\n\t\t<meta name=\"robots\" content=\"max-image-preview:large\" \/>\n\t\t<link rel=\"canonical\" href=\"https:\/\/www.rucashk.com\/es\/producto\/xiaomi-mijia-s-m-pet-dog-training-urine-pad\/\" \/>\n\t\t<meta name=\"generator\" content=\"All in One SEO Pro (AIOSEO) 4.5.9.2\" \/>\n\t\t<meta property=\"og:locale\" content=\"es_ES\" \/>\n\t\t<meta property=\"og:site_name\" content=\"Rucas - One-stop AIoT Distribution Worldwide\" \/>\n\t\t<meta property=\"og:type\" content=\"article\" \/>\n\t\t<meta property=\"og:title\" content=\"XIAOMI Mijia S\/M Pet Dog Training Urine Pad - Rucas - Wholesale and Distribution\" \/>\n\t\t<meta property=\"og:description\" content=\"Features: Top layer quick drying to avoid messy paw marks. Slim and ultra-absorbant. Contains SAP super absorbant polymers that converts fluid into solid fast. Easy to clean up. Waterproof bottom layer that keeps your floor dry, just wrap and dispose. Ideal house training pads. Perfect for potty training or dogs that can\u2019t go outdoors for health reasons. Two size are available. Suitable for puppies, small dogs and aging dogs. Also usable with pad holder, pet beds, dog crate, car and pet travel carrier etc.\" \/>\n\t\t<meta property=\"og:url\" content=\"https:\/\/www.rucashk.com\/es\/producto\/xiaomi-mijia-s-m-pet-dog-training-urine-pad\/\" \/>\n\t\t<meta property=\"og:image\" content=\"https:\/\/www.rucashk.com\/wp-content\/uploads\/replace\/503b8e645f128a97ccde2b6290747646.jpeg\" \/>\n\t\t<meta property=\"og:image:secure_url\" content=\"https:\/\/www.rucashk.com\/wp-content\/uploads\/replace\/503b8e645f128a97ccde2b6290747646.jpeg\" \/>\n\t\t<meta property=\"og:image:width\" content=\"1456\" \/>\n\t\t<meta property=\"og:image:height\" content=\"816\" \/>\n\t\t<meta property=\"article:published_time\" content=\"2024-01-09T15:45:29+00:00\" \/>\n\t\t<meta property=\"article:modified_time\" content=\"2024-03-13T10:33:05+00:00\" \/>\n\t\t<meta name=\"twitter:card\" content=\"summary_large_image\" \/>\n\t\t<meta name=\"twitter:title\" content=\"XIAOMI Mijia S\/M Pet Dog Training Urine Pad - Rucas - Wholesale and Distribution\" \/>\n\t\t<meta name=\"twitter:description\" content=\"Features: Top layer quick drying to avoid messy paw marks. Slim and ultra-absorbant. Contains SAP super absorbant polymers that converts fluid into solid fast. Easy to clean up. Waterproof bottom layer that keeps your floor dry, just wrap and dispose. Ideal house training pads. Perfect for potty training or dogs that can\u2019t go outdoors for health reasons. Two size are available. Suitable for puppies, small dogs and aging dogs. Also usable with pad holder, pet beds, dog crate, car and pet travel carrier etc.\" \/>\n\t\t<meta name=\"twitter:image\" content=\"https:\/\/www.rucashk.com\/wp-content\/uploads\/replace\/503b8e645f128a97ccde2b6290747646.jpeg\" \/>\n\t\t<script type=\"application\/ld+json\" class=\"aioseo-schema\">\n\t\t\t{\"@context\":\"https:\\\/\\\/schema.org\",\"@graph\":[{\"@type\":\"BreadcrumbList\",\"@id\":\"https:\\\/\\\/www.rucashk.com\\\/es\\\/producto\\\/xiaomi-mijia-s-m-pet-dog-training-urine-pad\\\/#breadcrumblist\",\"itemListElement\":[{\"@type\":\"ListItem\",\"@id\":\"https:\\\/\\\/www.rucashk.com\\\/es\\\/#listItem\",\"position\":1,\"name\":\"Home\",\"item\":\"https:\\\/\\\/www.rucashk.com\\\/es\\\/\",\"nextItem\":\"https:\\\/\\\/www.rucashk.com\\\/es\\\/producto\\\/xiaomi-mijia-s-m-pet-dog-training-urine-pad\\\/#listItem\"},{\"@type\":\"ListItem\",\"@id\":\"https:\\\/\\\/www.rucashk.com\\\/es\\\/producto\\\/xiaomi-mijia-s-m-pet-dog-training-urine-pad\\\/#listItem\",\"position\":2,\"name\":\"XIAOMI Mijia S\\\/M Pet Dog Training Urine Pad\",\"previousItem\":\"https:\\\/\\\/www.rucashk.com\\\/es\\\/#listItem\"}]},{\"@type\":\"Organization\",\"@id\":\"https:\\\/\\\/www.rucashk.com\\\/es\\\/#organization\",\"name\":\"Rucas\",\"url\":\"https:\\\/\\\/www.rucashk.com\\\/es\\\/\",\"logo\":{\"@type\":\"ImageObject\",\"url\":\"https:\\\/\\\/www.rucashk.com\\\/wp-content\\\/uploads\\\/2023\\\/12\\\/Rucas_campany_logo.png\",\"@id\":\"https:\\\/\\\/www.rucashk.com\\\/es\\\/producto\\\/xiaomi-mijia-s-m-pet-dog-training-urine-pad\\\/#organizationLogo\",\"width\":221,\"height\":65},\"image\":{\"@id\":\"https:\\\/\\\/www.rucashk.com\\\/es\\\/#organizationLogo\"}},{\"@type\":\"Person\",\"@id\":\"https:\\\/\\\/www.rucashk.com\\\/es\\\/author\\\/admin\\\/#author\",\"url\":\"https:\\\/\\\/www.rucashk.com\\\/es\\\/author\\\/admin\\\/\",\"name\":\"admin\",\"image\":{\"@type\":\"ImageObject\",\"@id\":\"https:\\\/\\\/www.rucashk.com\\\/es\\\/producto\\\/xiaomi-mijia-s-m-pet-dog-training-urine-pad\\\/#authorImage\",\"url\":\"https:\\\/\\\/secure.gravatar.com\\\/avatar\\\/b7c8925b09a27e72b30232f8ecaadbd5af0f70a38c78096863fe51b64f031c24?s=96&d=mm&r=g\",\"width\":96,\"height\":96,\"caption\":\"admin\"}},{\"@type\":\"WebPage\",\"@id\":\"https:\\\/\\\/www.rucashk.com\\\/es\\\/producto\\\/xiaomi-mijia-s-m-pet-dog-training-urine-pad\\\/#webpage\",\"url\":\"https:\\\/\\\/www.rucashk.com\\\/es\\\/producto\\\/xiaomi-mijia-s-m-pet-dog-training-urine-pad\\\/\",\"name\":\"XIAOMI Mijia S\\\/M Pet Dog Training Urine Pad - Rucas - Wholesale and Distribution\",\"description\":\"Features: Top layer quick drying to avoid messy paw marks. Slim and ultra-absorbant. Contains SAP super absorbant polymers that converts fluid into solid fast. Easy to clean up. Waterproof bottom layer that keeps your floor dry, just wrap and dispose. Ideal house training pads. Perfect for potty training or dogs that can\\u2019t go outdoors for health reasons. Two size are available. Suitable for puppies, small dogs and aging dogs. Also usable with pad holder, pet beds, dog crate, car and pet travel carrier etc.\",\"inLanguage\":\"es-ES\",\"isPartOf\":{\"@id\":\"https:\\\/\\\/www.rucashk.com\\\/es\\\/#website\"},\"breadcrumb\":{\"@id\":\"https:\\\/\\\/www.rucashk.com\\\/es\\\/producto\\\/xiaomi-mijia-s-m-pet-dog-training-urine-pad\\\/#breadcrumblist\"},\"author\":{\"@id\":\"https:\\\/\\\/www.rucashk.com\\\/es\\\/author\\\/admin\\\/#author\"},\"creator\":{\"@id\":\"https:\\\/\\\/www.rucashk.com\\\/es\\\/author\\\/admin\\\/#author\"},\"image\":{\"@type\":\"ImageObject\",\"url\":\"https:\\\/\\\/www.rucashk.com\\\/wp-content\\\/uploads\\\/2024\\\/01\\\/3-2-1.jpg\",\"@id\":\"https:\\\/\\\/www.rucashk.com\\\/es\\\/producto\\\/xiaomi-mijia-s-m-pet-dog-training-urine-pad\\\/#mainImage\",\"width\":800,\"height\":800},\"primaryImageOfPage\":{\"@id\":\"https:\\\/\\\/www.rucashk.com\\\/es\\\/producto\\\/xiaomi-mijia-s-m-pet-dog-training-urine-pad\\\/#mainImage\"},\"datePublished\":\"2024-01-09T15:45:29+00:00\",\"dateModified\":\"2024-03-13T10:33:05+00:00\"},{\"@type\":\"WebSite\",\"@id\":\"https:\\\/\\\/www.rucashk.com\\\/es\\\/#website\",\"url\":\"https:\\\/\\\/www.rucashk.com\\\/es\\\/\",\"name\":\"Rucas - Wholesale and distribution worldwide\",\"alternateName\":\"Rucas - One-stop AIoT Distribution Worldwide\",\"description\":\"One-stop AIoT Distribution Worldwide\",\"inLanguage\":\"es-ES\",\"publisher\":{\"@id\":\"https:\\\/\\\/www.rucashk.com\\\/es\\\/#organization\"}}]}\n\t\t<\/script>\n\t\t<!-- All in One SEO Pro -->\r\n\t\t<title>XIAOMI Mijia S\/M Pet Dog Training Urine Pad - Rucas - Wholesale and Distribution<\/title>\n\n","aioseo_head_json":{"title":"XIAOMI Mijia S\/M Pet Dog Training Urine Pad - Rucas - Wholesale and Distribution","description":"Features: Top layer quick drying to avoid messy paw marks. Slim and ultra-absorbant. Contains SAP super absorbant polymers that converts fluid into solid fast. Easy to clean up. Waterproof bottom layer that keeps your floor dry, just wrap and dispose. Ideal house training pads. Perfect for potty training or dogs that can\u2019t go outdoors for health reasons. Two size are available. Suitable for puppies, small dogs and aging dogs. Also usable with pad holder, pet beds, dog crate, car and pet travel carrier etc.","canonical_url":"https:\/\/www.rucashk.com\/es\/producto\/xiaomi-mijia-s-m-pet-dog-training-urine-pad\/","robots":"max-image-preview:large","keywords":"","webmasterTools":{"miscellaneous":""},"og:locale":"es_ES","og:site_name":"Rucas - One-stop AIoT Distribution Worldwide","og:type":"article","og:title":"XIAOMI Mijia S\/M Pet Dog Training Urine Pad - Rucas - Wholesale and Distribution","og:description":"Features: Top layer quick drying to avoid messy paw marks. Slim and ultra-absorbant. Contains SAP super absorbant polymers that converts fluid into solid fast. Easy to clean up. Waterproof bottom layer that keeps your floor dry, just wrap and dispose. Ideal house training pads. Perfect for potty training or dogs that can\u2019t go outdoors for health reasons. Two size are available. Suitable for puppies, small dogs and aging dogs. Also usable with pad holder, pet beds, dog crate, car and pet travel carrier etc.","og:url":"https:\/\/www.rucashk.com\/es\/producto\/xiaomi-mijia-s-m-pet-dog-training-urine-pad\/","og:image":"https:\/\/www.rucashk.com\/wp-content\/uploads\/replace\/503b8e645f128a97ccde2b6290747646.jpeg","og:image:secure_url":"https:\/\/www.rucashk.com\/wp-content\/uploads\/replace\/503b8e645f128a97ccde2b6290747646.jpeg","og:image:width":1456,"og:image:height":816,"article:published_time":"2024-01-09T15:45:29+00:00","article:modified_time":"2024-03-13T10:33:05+00:00","twitter:card":"summary_large_image","twitter:title":"XIAOMI Mijia S\/M Pet Dog Training Urine Pad - Rucas - Wholesale and Distribution","twitter:description":"Features: Top layer quick drying to avoid messy paw marks. Slim and ultra-absorbant. Contains SAP super absorbant polymers that converts fluid into solid fast. Easy to clean up. Waterproof bottom layer that keeps your floor dry, just wrap and dispose. Ideal house training pads. Perfect for potty training or dogs that can\u2019t go outdoors for health reasons. Two size are available. Suitable for puppies, small dogs and aging dogs. Also usable with pad holder, pet beds, dog crate, car and pet travel carrier etc.","twitter:image":"https:\/\/www.rucashk.com\/wp-content\/uploads\/replace\/503b8e645f128a97ccde2b6290747646.jpeg","schema":{"@context":"https:\/\/schema.org","@graph":[{"@type":"BreadcrumbList","@id":"https:\/\/www.rucashk.com\/es\/producto\/xiaomi-mijia-s-m-pet-dog-training-urine-pad\/#breadcrumblist","itemListElement":[{"@type":"ListItem","@id":"https:\/\/www.rucashk.com\/es\/#listItem","position":1,"name":"Home","item":"https:\/\/www.rucashk.com\/es\/","nextItem":"https:\/\/www.rucashk.com\/es\/producto\/xiaomi-mijia-s-m-pet-dog-training-urine-pad\/#listItem"},{"@type":"ListItem","@id":"https:\/\/www.rucashk.com\/es\/producto\/xiaomi-mijia-s-m-pet-dog-training-urine-pad\/#listItem","position":2,"name":"XIAOMI Mijia S\/M Pet Dog Training Urine Pad","previousItem":"https:\/\/www.rucashk.com\/es\/#listItem"}]},{"@type":"Organization","@id":"https:\/\/www.rucashk.com\/es\/#organization","name":"Rucas","url":"https:\/\/www.rucashk.com\/es\/","logo":{"@type":"ImageObject","url":"https:\/\/www.rucashk.com\/wp-content\/uploads\/2023\/12\/Rucas_campany_logo.png","@id":"https:\/\/www.rucashk.com\/es\/producto\/xiaomi-mijia-s-m-pet-dog-training-urine-pad\/#organizationLogo","width":221,"height":65},"image":{"@id":"https:\/\/www.rucashk.com\/es\/#organizationLogo"}},{"@type":"Person","@id":"https:\/\/www.rucashk.com\/es\/author\/admin\/#author","url":"https:\/\/www.rucashk.com\/es\/author\/admin\/","name":"admin","image":{"@type":"ImageObject","@id":"https:\/\/www.rucashk.com\/es\/producto\/xiaomi-mijia-s-m-pet-dog-training-urine-pad\/#authorImage","url":"https:\/\/secure.gravatar.com\/avatar\/b7c8925b09a27e72b30232f8ecaadbd5af0f70a38c78096863fe51b64f031c24?s=96&d=mm&r=g","width":96,"height":96,"caption":"admin"}},{"@type":"WebPage","@id":"https:\/\/www.rucashk.com\/es\/producto\/xiaomi-mijia-s-m-pet-dog-training-urine-pad\/#webpage","url":"https:\/\/www.rucashk.com\/es\/producto\/xiaomi-mijia-s-m-pet-dog-training-urine-pad\/","name":"XIAOMI Mijia S\/M Pet Dog Training Urine Pad - Rucas - Wholesale and Distribution","description":"Features: Top layer quick drying to avoid messy paw marks. Slim and ultra-absorbant. Contains SAP super absorbant polymers that converts fluid into solid fast. Easy to clean up. Waterproof bottom layer that keeps your floor dry, just wrap and dispose. Ideal house training pads. Perfect for potty training or dogs that can\u2019t go outdoors for health reasons. Two size are available. Suitable for puppies, small dogs and aging dogs. Also usable with pad holder, pet beds, dog crate, car and pet travel carrier etc.","inLanguage":"es-ES","isPartOf":{"@id":"https:\/\/www.rucashk.com\/es\/#website"},"breadcrumb":{"@id":"https:\/\/www.rucashk.com\/es\/producto\/xiaomi-mijia-s-m-pet-dog-training-urine-pad\/#breadcrumblist"},"author":{"@id":"https:\/\/www.rucashk.com\/es\/author\/admin\/#author"},"creator":{"@id":"https:\/\/www.rucashk.com\/es\/author\/admin\/#author"},"image":{"@type":"ImageObject","url":"https:\/\/www.rucashk.com\/wp-content\/uploads\/2024\/01\/3-2-1.jpg","@id":"https:\/\/www.rucashk.com\/es\/producto\/xiaomi-mijia-s-m-pet-dog-training-urine-pad\/#mainImage","width":800,"height":800},"primaryImageOfPage":{"@id":"https:\/\/www.rucashk.com\/es\/producto\/xiaomi-mijia-s-m-pet-dog-training-urine-pad\/#mainImage"},"datePublished":"2024-01-09T15:45:29+00:00","dateModified":"2024-03-13T10:33:05+00:00"},{"@type":"WebSite","@id":"https:\/\/www.rucashk.com\/es\/#website","url":"https:\/\/www.rucashk.com\/es\/","name":"Rucas - Wholesale and distribution worldwide","alternateName":"Rucas - One-stop AIoT Distribution Worldwide","description":"One-stop AIoT Distribution Worldwide","inLanguage":"es-ES","publisher":{"@id":"https:\/\/www.rucashk.com\/es\/#organization"}}]}},"aioseo_meta_data":{"post_id":"22565","title":null,"description":null,"keywords":null,"keyphrases":null,"primary_term":null,"canonical_url":null,"og_title":null,"og_description":null,"og_object_type":"default","og_image_type":"default","og_image_url":null,"og_image_width":null,"og_image_height":null,"og_image_custom_url":null,"og_image_custom_fields":null,"og_video":null,"og_custom_url":null,"og_article_section":null,"og_article_tags":null,"twitter_use_og":false,"twitter_card":"default","twitter_image_type":"default","twitter_image_url":null,"twitter_image_custom_url":null,"twitter_image_custom_fields":null,"twitter_title":null,"twitter_description":null,"schema":{"blockGraphs":[],"customGraphs":[],"default":{"data":{"Article":[],"Course":[],"Dataset":[],"FAQPage":[],"Movie":[],"Person":[],"Product":[],"Recipe":[],"Service":[],"SoftwareApplication":[],"WebPage":[]},"graphName":"","isEnabled":true},"graphs":[]},"schema_type":"default","schema_type_options":null,"pillar_content":false,"robots_default":true,"robots_noindex":false,"robots_noarchive":false,"robots_nosnippet":false,"robots_nofollow":false,"robots_noimageindex":false,"robots_noodp":false,"robots_notranslate":false,"robots_max_snippet":null,"robots_max_videopreview":null,"robots_max_imagepreview":"large","priority":null,"frequency":null,"local_seo":null,"breadcrumb_settings":null,"limit_modified_date":false,"created":"2024-04-11 01:55:23","updated":"2025-06-22 16:45:57"},"aioseo_breadcrumb":"<div class=\"aioseo-breadcrumbs\"><span class=\"aioseo-breadcrumb\">\n\t<a href=\"https:\/\/www.rucashk.com\/es\" title=\"Home\">Home<\/a>\n<\/span><span class=\"aioseo-breadcrumb-separator\">&raquo;<\/span><span class=\"aioseo-breadcrumb\">\n\t<a href=\"https:\/\/www.rucashk.com\/es\/products\/\" title=\"Productos\">Productos<\/a>\n<\/span><span class=\"aioseo-breadcrumb-separator\">&raquo;<\/span><span class=\"aioseo-breadcrumb\">\n\t<a href=\"https:\/\/www.rucashk.com\/es\/categoria-producto\/xiaomi-eco\/\" title=\"Xiaomi Eco\">Xiaomi Eco<\/a>\n<\/span><span class=\"aioseo-breadcrumb-separator\">&raquo;<\/span><span class=\"aioseo-breadcrumb\">\n\t<a href=\"https:\/\/www.rucashk.com\/es\/categoria-producto\/xiaomi-eco\/gadgets\/\" title=\"Gadgets\">Gadgets<\/a>\n<\/span><span class=\"aioseo-breadcrumb-separator\">&raquo;<\/span><span class=\"aioseo-breadcrumb\">\n\tXIAOMI Mijia S\/M Pet Dog Training Urine Pad\n<\/span><\/div>","aioseo_breadcrumb_json":[{"label":"Home","link":"https:\/\/www.rucashk.com\/es"},{"label":"Productos","link":"https:\/\/www.rucashk.com\/es\/products\/"},{"label":"Xiaomi Eco","link":"https:\/\/www.rucashk.com\/es\/categoria-producto\/xiaomi-eco\/"},{"label":"Gadgets","link":"https:\/\/www.rucashk.com\/es\/categoria-producto\/xiaomi-eco\/gadgets\/"},{"label":"XIAOMI Mijia S\/M Pet Dog Training Urine Pad","link":"https:\/\/www.rucashk.com\/es\/producto\/xiaomi-mijia-s-m-pet-dog-training-urine-pad\/"}],"_links":{"self":[{"href":"https:\/\/www.rucashk.com\/es\/wp-json\/wp\/v2\/product\/22565","targetHints":{"allow":["GET"]}}],"collection":[{"href":"https:\/\/www.rucashk.com\/es\/wp-json\/wp\/v2\/product"}],"about":[{"href":"https:\/\/www.rucashk.com\/es\/wp-json\/wp\/v2\/types\/product"}],"wp:featuredmedia":[{"embeddable":true,"href":"https:\/\/www.rucashk.com\/es\/wp-json\/wp\/v2\/media\/22658"}],"wp:attachment":[{"href":"https:\/\/www.rucashk.com\/es\/wp-json\/wp\/v2\/media?parent=22565"}],"wp:term":[{"taxonomy":"product_brand","embeddable":true,"href":"https:\/\/www.rucashk.com\/es\/wp-json\/wp\/v2\/product_brand?post=22565"},{"taxonomy":"product_cat","embeddable":true,"href":"https:\/\/www.rucashk.com\/es\/wp-json\/wp\/v2\/product_cat?post=22565"},{"taxonomy":"product_tag","embeddable":true,"href":"https:\/\/www.rucashk.com\/es\/wp-json\/wp\/v2\/product_tag?post=22565"}],"curies":[{"name":"wp","href":"https:\/\/api.w.org\/{rel}","templated":true}]}}