{"id":22562,"date":"2024-01-09T15:45:29","date_gmt":"2024-01-09T15:45:29","guid":{"rendered":"http:\/\/rucashk.com\/?post_type=product&#038;p=22562"},"modified":"2024-03-11T07:56:43","modified_gmt":"2024-03-11T07:56:43","slug":"xiaomi-redmi-5plus","status":"publish","type":"product","link":"https:\/\/www.rucashk.com\/es\/producto\/xiaomi-redmi-5plus\/","title":{"rendered":"Xiaomi Redmi 5Plus"},"content":{"rendered":"<dl class=\"gallery-item\">\n<dt class=\"gallery-icon landscape\"><\/dt>\n<\/dl>\n<dl class=\"gallery-item\">\n<dt>\n<h1 style=\"text-align: center\">Xiaomi Redmi 5Plus<\/h1>\n<h2><img decoding=\"async\" class=\"product_lazy aligncenter\" src=\"\/wp-content\/uploads\/replace\/3f9541bee01c67c0544e5174602f7be1.jpeg\" alt=\"Xiaomi Redmi 5 Plus 5.99 Inch 4G LTE Smartphone 18:9 Full Screen MIUI 9 4GB 64GB Snapdragon 625 Octa Core 12.0MP Cam - Rose Gold\" data-original=\"\/\/img.gkbcdn.com\/s3\/d\/201712\/32acfb7f-f45d-42e5-b417-a4b6159705da.jpg\" \/><img decoding=\"async\" class=\"product_lazy\" src=\"\/wp-content\/uploads\/replace\/774678acbb0a20a0a041e4aefcb63daa.jpeg\" alt=\"Xiaomi Redmi 5 Plus 5.99 Inch 4G LTE Smartphone 18:9 Full Screen MIUI 9 4GB 64GB Snapdragon 625 Octa Core 12.0MP Cam - Rose Gold\" data-original=\"\/\/img.gkbcdn.com\/s3\/d\/201712\/628b481c-6c78-409b-b9c5-152e0f2b42f6.jpg\" \/><img decoding=\"async\" class=\"product_lazy aligncenter\" src=\"\/wp-content\/uploads\/replace\/8ab713d600cac2d30e32c885af892257.jpeg\" alt=\"Xiaomi Redmi 5 Plus 5.99 Inch 4G LTE Smartphone 18:9 Full Screen MIUI 9 4GB 64GB Snapdragon 625 Octa Core 12.0MP Cam - Rose Gold\" data-original=\"\/\/img.gkbcdn.com\/s3\/d\/201712\/e2b7bcf3-5faa-482e-9ec5-6c47765a14be.jpg\" \/><img decoding=\"async\" class=\"product_lazy aligncenter\" src=\"\/wp-content\/uploads\/replace\/e098f7bf13dd069d43ac04cf4a598206.jpeg\" alt=\"Xiaomi Redmi 5 Plus 5.99 Inch 4G LTE Smartphone 18:9 Full Screen MIUI 9 4GB 64GB Snapdragon 625 Octa Core 12.0MP Cam - Rose Gold\" data-original=\"\/\/img.gkbcdn.com\/s3\/d\/201712\/02284be3-de81-408c-b021-2582e012c1b8.jpg\" \/><img decoding=\"async\" class=\"product_lazy aligncenter\" src=\"\/wp-content\/uploads\/replace\/5909f83a4bdb20f500d37aec7d14f044.jpeg\" alt=\"Xiaomi Redmi 5 Plus 5.99 Inch 4G LTE Smartphone 18:9 Full Screen MIUI 9 4GB 64GB Snapdragon 625 Octa Core 12.0MP Cam - Rose Gold\" data-original=\"\/\/img.gkbcdn.com\/s3\/d\/201712\/9ac3d5a2-8f55-4ae0-8d13-d30fcf5b5a8e.jpg\" \/><img decoding=\"async\" class=\"product_lazy aligncenter\" src=\"\/wp-content\/uploads\/replace\/55f7d4cd13c52c0cd30183e71b3494fe.jpeg\" alt=\"Xiaomi Redmi 5 Plus 5.99 Inch 4G LTE Smartphone 18:9 Full Screen MIUI 9 4GB 64GB Snapdragon 625 Octa Core 12.0MP Cam - Rose Gold\" data-original=\"\/\/img.gkbcdn.com\/s3\/d\/201712\/3a206a9d-ffd5-4d60-9b24-a68181bee9aa.jpg\" \/><img decoding=\"async\" class=\"product_lazy aligncenter\" src=\"\/wp-content\/uploads\/replace\/634701cb1c657c1933d94fc546344aa7.jpeg\" alt=\"Xiaomi Redmi 5 Plus 5.99 Inch 4G LTE Smartphone 18:9 Full Screen MIUI 9 4GB 64GB Snapdragon 625 Octa Core 12.0MP Cam - Rose Gold\" data-original=\"\/\/img.gkbcdn.com\/s3\/d\/201712\/a433a63e-d691-4cde-b8ec-c393e0d4f064.jpg\" \/><img decoding=\"async\" class=\"product_lazy aligncenter\" src=\"\/wp-content\/uploads\/replace\/803476a66ee5d876f560a43b20e79059.jpeg\" alt=\"Xiaomi Redmi 5 Plus 5.99 Inch 4G LTE Smartphone 18:9 Full Screen MIUI 9 4GB 64GB Snapdragon 625 Octa Core 12.0MP Cam - Rose Gold\" data-original=\"\/\/img.gkbcdn.com\/s3\/d\/201712\/fe17a12c-d9c7-444e-8f39-bf50c580aeb7.jpg\" \/><img decoding=\"async\" class=\"product_lazy aligncenter\" src=\"\/wp-content\/uploads\/replace\/259ac59635feeb4a7b7255a1332315b5.jpeg\" alt=\"Xiaomi Redmi 5 Plus 5.99 Inch 4G LTE Smartphone 18:9 Full Screen MIUI 9 4GB 64GB Snapdragon 625 Octa Core 12.0MP Cam - Rose Gold\" data-original=\"\/\/img.gkbcdn.com\/s3\/d\/201712\/f396f3c8-3df8-4c2d-a7dd-2deeadbc9ca6.jpg\" \/><img decoding=\"async\" class=\"product_lazy aligncenter\" src=\"\/wp-content\/uploads\/replace\/201190d1cf517cd8acd96c5e93b168b2.jpeg\" alt=\"Xiaomi Redmi 5 Plus 5.99 Inch 4G LTE Smartphone 18:9 Full Screen MIUI 9 4GB 64GB Snapdragon 625 Octa Core 12.0MP Cam - Rose Gold\" data-original=\"\/\/img.gkbcdn.com\/s3\/d\/201712\/0c6ab5de-5dfb-4764-8827-3c1976b970b1.jpg\" \/><img decoding=\"async\" class=\"product_lazy aligncenter\" src=\"\/wp-content\/uploads\/replace\/a2cdf938e044b7af6dc7d2bf9104ce21.jpeg\" alt=\"Xiaomi Redmi 5 Plus 5.99 Inch 4G LTE Smartphone 18:9 Full Screen MIUI 9 4GB 64GB Snapdragon 625 Octa Core 12.0MP Cam - Rose Gold\" data-original=\"\/\/img.gkbcdn.com\/s3\/d\/201712\/fa801b71-9ad6-4a0f-bf87-def7550d4f6a.jpg\" \/><img decoding=\"async\" class=\"product_lazy aligncenter\" src=\"\/wp-content\/uploads\/replace\/925855efa762f03f62f0965aef99600e.jpeg\" alt=\"Xiaomi Redmi 5 Plus 5.99 Inch 4G LTE Smartphone 18:9 Full Screen MIUI 9 4GB 64GB Snapdragon 625 Octa Core 12.0MP Cam - Rose Gold\" data-original=\"\/\/img.gkbcdn.com\/s3\/d\/201712\/5b017cc1-4232-4d5d-b5c1-289e1ed67dda.jpg\" \/><img decoding=\"async\" class=\"product_lazy aligncenter\" src=\"\/wp-content\/uploads\/replace\/4cf9ddf462276a00f2bbc2d00b6c45ec.jpeg\" alt=\"Xiaomi Redmi 5 Plus 5.99 Inch 4G LTE Smartphone 18:9 Full Screen MIUI 9 4GB 64GB Snapdragon 625 Octa Core 12.0MP Cam - Rose Gold\" data-original=\"\/\/img.gkbcdn.com\/s3\/d\/201712\/70185212-3c10-4b02-a3f5-7035710bae46.jpg\" \/><img decoding=\"async\" class=\"product_lazy aligncenter\" src=\"\/wp-content\/uploads\/replace\/bc18cb27a0de36cc5e86dea2c994f43e.jpeg\" alt=\"Xiaomi Redmi 5 Plus 5.99 Inch 4G LTE Smartphone 18:9 Full Screen MIUI 9 4GB 64GB Snapdragon 625 Octa Core 12.0MP Cam - Rose Gold\" data-original=\"\/\/img.gkbcdn.com\/s3\/d\/201712\/4a482944-81af-4dfc-bd1c-3c0ff345b340.jpg\" \/><\/h2>\n<h2>Especificaci\u00f3n<\/h2>\n<table class=\"jbEidtTable\" border=\"1\" cellspacing=\"0\" cellpadding=\"5\">\n<tbody>\n<tr>\n<td>General<\/td>\n<td>Marca:Xiaomi<br \/>\nModelo: Redmi 5 Plus<br \/>\nColor:Oro rosa<\/td>\n<\/tr>\n<tr>\n<td>Sistema<\/td>\n<td>Sistema operativo: MIUI 9 basado en el sistema operativo Android 7.1<br \/>\nCPU: Qualcomm Snapdragon 625, <a href=\"https:\/\/www.rucashk.com\/es\/producto\/mi-mix-3-snapdragon-855-octa-core-5g-smartphone\/\" class=\"\" style=\"width: auto !important\" data-wpil-post-to-id=\"1703\">Ocho nucleos<\/a> 64 bits 2,0 GHz, GPU: Adreno 506<br \/>\nRAM: 4GB<br \/>\nROM: 64GB<br \/>\nAlmacenamiento extendido: 128 GB<\/td>\n<\/tr>\n<tr>\n<td>Mostrar<\/td>\n<td>Tipo de pantalla: pantalla capacitiva<br \/>\nTama\u00f1o de pantalla: 5,99 pulgadas<br \/>\nResoluci\u00f3n de pantalla:FHD (2160\u00d71080 p\u00edxeles) <a href=\"https:\/\/www.rucashk.com\/es\/really-fragrant-lenovo-notebook-xiaoxin-15-update-performance-soars-the-screen-display-is-dazzling\/\" class=\"\" style=\"width: auto !important\" data-wpil-post-to-id=\"7164\">visualizaci\u00f3n de la pantalla<\/a><\/td>\n<\/tr>\n<tr>\n<td>Red<\/td>\n<td>Conectividad inal\u00e1mbrica: GSM, 3G, 4G, GPS, WiFi, Bluetooth<br \/>\nFrecuencia:<br \/>\n2G: GSM B2\/B3\/B5\/B8, CDMA2000\/1X BC0<br \/>\n3G: WCDMA B1\/B2\/B5\/B8, TD-SCDMA B34\/B39<br \/>\n4G: FDD-LTE B1\/B3\/B5\/B7\/B8, TD-LTE B34\/B38\/B39\/B40\/B41<br \/>\nBluetooth: S\u00ed<br \/>\nWi-Fi: S\u00ed<br \/>\nGPS: S\u00ed<\/td>\n<\/tr>\n<tr>\n<td>C\u00e1mara<\/td>\n<td>Tipo de c\u00e1mara: C\u00e1maras duales (una frontal y otra trasera)<br \/>\nC\u00e1mara trasera: 12.0MP<br \/>\nC\u00e1mara frontal: 5.0MP<br \/>\nGrabaci\u00f3n de v\u00eddeo: S\u00ed<\/td>\n<\/tr>\n<tr>\n<td>Conectividad<\/td>\n<td><a href=\"https:\/\/www.rucashk.com\/es\/producto\/wiko-view4-lite\/\" class=\"\" style=\"width: auto !important\" data-wpil-post-to-id=\"5614\">Ranura para tarjeta SIM: Doble tarjeta Nano SIM dual<\/a> en espera (2 tarjetas Nano Sim o 1 tarjeta Nano Sim + 1 TF)<br \/>\nRanura para tarjeta TF: S\u00ed<br \/>\nRanura USB: Micro USB<br \/>\nSalida de audio: S\u00ed (interoperabilidad de boca de carga)<br \/>\nMicr\u00f3fono: compatible<br \/>\nAltavoz: compatible<\/td>\n<\/tr>\n<tr>\n<td>Medios de comunicaci\u00f3n<\/td>\n<td>Formato de v\u00eddeo: 3GP, MP4, RMVB<br \/>\nFormato de audio: WAV, AMR, MP3<br \/>\nFormato de imagen: GIF, JPEG, BMP, PNG<br \/>\nRadio FM: soporte de software<\/td>\n<\/tr>\n<tr>\n<td>Idioma<\/td>\n<td>Ingl\u00e9s, chino tradicional\/simplificado<\/td>\n<\/tr>\n<tr>\n<td>Sensor<\/td>\n<td>Sensor de gravedad, sensor de luz, sensor de proximidad, sensor de infrarrojos, sensor girosc\u00f3pico,<\/td>\n<\/tr>\n<tr>\n<td>Caracter\u00edsticas adicionales<\/td>\n<td>4G, 3G, GPS, OTG, MP3, MP4, calculadora, gesti\u00f3n de archivos ES, cron\u00f3metro, calendario, despertador, Miracast, E-mail, G-mail, Touch ID, etc.<\/td>\n<\/tr>\n<tr>\n<td>Bater\u00eda<\/td>\n<td>Tipo de bater\u00eda: Litio<br \/>\nCapacidad: 4000 mAh (t\u00edpico)\/3900 mAh (m\u00ednimo) incorporados<br \/>\nTiempo en espera: alrededor de 2 ~ 3 d\u00edas<br \/>\nCargador:USB<\/td>\n<\/tr>\n<tr>\n<td>Dimensi\u00f3n y peso (producto principal)<\/td>\n<td>Dimensi\u00f3n: 158,5*75,45*8,05mm<br \/>\nPeso: 180g<\/td>\n<\/tr>\n<tr>\n<td>contenidos del paquete<\/td>\n<td>1 \u00d7 tel\u00e9fono<br \/>\n1 \u00d7 bater\u00eda incorporada<br \/>\n1 cable USB.<br \/>\n1 \u00d7 Pin de expulsi\u00f3n<br \/>\n1 \u00d7 funda de TPU<br \/>\n1 \u00d7 EE. UU. <a href=\"https:\/\/www.rucashk.com\/es\/producto\/xiaomi-mi-usb-c-charger-65w-output-rate-socket-power-adapter\/\" class=\"\" style=\"width: auto !important\" data-wpil-post-to-id=\"2611\">Adaptador de corriente<\/a> (Se le enviar\u00e1 un adaptador de CA adecuado como pa\u00eds de env\u00edo)<\/td>\n<\/tr>\n<\/tbody>\n<\/table>\n<\/dt>\n<\/dl>","protected":false},"excerpt":{"rendered":"<p>5.99 inch capacitive screen, FHD 2160&#215;1080 pixels<\/p>\n<p>CPU:Qualcomm Snapdragon 625, Octa Core 64bit 2.0GHz,GPU:Adreno 506<\/p>\n<p>MIUI 9 based on Android 7.1 OS<\/p>\n<p>4GB RAM, 64GB ROM, expandable memory up to 128GB with microSD<\/p>\n<p>Doble tarjeta Nano SIM de doble modo de espera<\/p>\n<p>12.0MP rear camera, 5.0 MP front-facing camera<\/p>\n<p>Support 4G LTE, Wi-Fi 802.11 b\/g\/n, Bluetooth, GPS + GLONASS, Touch ID<\/p>\n<p>&nbsp;<\/p>","protected":false},"featured_media":22652,"template":"","meta":[],"product_brand":[],"product_cat":[1295,1297],"product_tag":[],"class_list":{"0":"post-22562","1":"product","2":"type-product","3":"status-publish","4":"has-post-thumbnail","6":"product_cat-mobile-phone","7":"product_cat-redmi-mobile-phone","9":"first","10":"instock","11":"shipping-taxable","12":"product-type-external"},"aioseo_notices":[],"aioseo_head":"\n\t\t<!-- All in One SEO Pro 4.5.9.2 - aioseo.com -->\n\t\t<meta name=\"description\" content=\"5.99 inch capacitive screen, FHD 2160x1080 pixels CPU:Qualcomm Snapdragon 625, Octa Core 64bit 2.0GHz,GPU:Adreno 506 MIUI 9 based on Android 7.1 OS 4GB RAM, 64GB ROM, expandable memory up to 128GB with microSD Dual Nano SIM Card dual standby 12.0MP rear camera, 5.0 MP front-facing camera Support 4G LTE, Wi-Fi 802.11 b\/g\/n, Bluetooth, GPS + GLONASS, Touch ID\" \/>\n\t\t<meta name=\"robots\" content=\"max-image-preview:large\" \/>\n\t\t<link rel=\"canonical\" href=\"https:\/\/www.rucashk.com\/es\/producto\/xiaomi-redmi-5plus\/\" \/>\n\t\t<meta name=\"generator\" content=\"All in One SEO Pro (AIOSEO) 4.5.9.2\" \/>\n\t\t<meta property=\"og:locale\" content=\"es_ES\" \/>\n\t\t<meta property=\"og:site_name\" content=\"Rucas - One-stop AIoT Distribution Worldwide\" \/>\n\t\t<meta property=\"og:type\" content=\"article\" \/>\n\t\t<meta property=\"og:title\" content=\"Xiaomi Redmi 5Plus - Rucas - Wholesale and Distribution\" \/>\n\t\t<meta property=\"og:description\" content=\"5.99 inch capacitive screen, FHD 2160x1080 pixels CPU:Qualcomm Snapdragon 625, Octa Core 64bit 2.0GHz,GPU:Adreno 506 MIUI 9 based on Android 7.1 OS 4GB RAM, 64GB ROM, expandable memory up to 128GB with microSD Dual Nano SIM Card dual standby 12.0MP rear camera, 5.0 MP front-facing camera Support 4G LTE, Wi-Fi 802.11 b\/g\/n, Bluetooth, GPS + GLONASS, Touch ID\" \/>\n\t\t<meta property=\"og:url\" content=\"https:\/\/www.rucashk.com\/es\/producto\/xiaomi-redmi-5plus\/\" \/>\n\t\t<meta property=\"og:image\" content=\"https:\/\/www.rucashk.com\/wp-content\/uploads\/replace\/503b8e645f128a97ccde2b6290747646.jpeg\" \/>\n\t\t<meta property=\"og:image:secure_url\" content=\"https:\/\/www.rucashk.com\/wp-content\/uploads\/replace\/503b8e645f128a97ccde2b6290747646.jpeg\" \/>\n\t\t<meta property=\"og:image:width\" content=\"1456\" \/>\n\t\t<meta property=\"og:image:height\" content=\"816\" \/>\n\t\t<meta property=\"article:published_time\" content=\"2024-01-09T15:45:29+00:00\" \/>\n\t\t<meta property=\"article:modified_time\" content=\"2024-03-11T07:56:43+00:00\" \/>\n\t\t<meta name=\"twitter:card\" content=\"summary_large_image\" \/>\n\t\t<meta name=\"twitter:title\" content=\"Xiaomi Redmi 5Plus - Rucas - Wholesale and Distribution\" \/>\n\t\t<meta name=\"twitter:description\" content=\"5.99 inch capacitive screen, FHD 2160x1080 pixels CPU:Qualcomm Snapdragon 625, Octa Core 64bit 2.0GHz,GPU:Adreno 506 MIUI 9 based on Android 7.1 OS 4GB RAM, 64GB ROM, expandable memory up to 128GB with microSD Dual Nano SIM Card dual standby 12.0MP rear camera, 5.0 MP front-facing camera Support 4G LTE, Wi-Fi 802.11 b\/g\/n, Bluetooth, GPS + GLONASS, Touch ID\" \/>\n\t\t<meta name=\"twitter:image\" content=\"https:\/\/www.rucashk.com\/wp-content\/uploads\/replace\/503b8e645f128a97ccde2b6290747646.jpeg\" \/>\n\t\t<script type=\"application\/ld+json\" class=\"aioseo-schema\">\n\t\t\t{\"@context\":\"https:\\\/\\\/schema.org\",\"@graph\":[{\"@type\":\"BreadcrumbList\",\"@id\":\"https:\\\/\\\/www.rucashk.com\\\/es\\\/producto\\\/xiaomi-redmi-5plus\\\/#breadcrumblist\",\"itemListElement\":[{\"@type\":\"ListItem\",\"@id\":\"https:\\\/\\\/www.rucashk.com\\\/es\\\/#listItem\",\"position\":1,\"name\":\"Home\",\"item\":\"https:\\\/\\\/www.rucashk.com\\\/es\\\/\",\"nextItem\":\"https:\\\/\\\/www.rucashk.com\\\/es\\\/producto\\\/xiaomi-redmi-5plus\\\/#listItem\"},{\"@type\":\"ListItem\",\"@id\":\"https:\\\/\\\/www.rucashk.com\\\/es\\\/producto\\\/xiaomi-redmi-5plus\\\/#listItem\",\"position\":2,\"name\":\"Xiaomi Redmi 5Plus\",\"previousItem\":\"https:\\\/\\\/www.rucashk.com\\\/es\\\/#listItem\"}]},{\"@type\":\"Organization\",\"@id\":\"https:\\\/\\\/www.rucashk.com\\\/es\\\/#organization\",\"name\":\"Rucas\",\"url\":\"https:\\\/\\\/www.rucashk.com\\\/es\\\/\",\"logo\":{\"@type\":\"ImageObject\",\"url\":\"https:\\\/\\\/www.rucashk.com\\\/wp-content\\\/uploads\\\/2023\\\/12\\\/Rucas_campany_logo.png\",\"@id\":\"https:\\\/\\\/www.rucashk.com\\\/es\\\/producto\\\/xiaomi-redmi-5plus\\\/#organizationLogo\",\"width\":221,\"height\":65},\"image\":{\"@id\":\"https:\\\/\\\/www.rucashk.com\\\/es\\\/#organizationLogo\"}},{\"@type\":\"Person\",\"@id\":\"https:\\\/\\\/www.rucashk.com\\\/es\\\/author\\\/admin\\\/#author\",\"url\":\"https:\\\/\\\/www.rucashk.com\\\/es\\\/author\\\/admin\\\/\",\"name\":\"admin\",\"image\":{\"@type\":\"ImageObject\",\"@id\":\"https:\\\/\\\/www.rucashk.com\\\/es\\\/producto\\\/xiaomi-redmi-5plus\\\/#authorImage\",\"url\":\"https:\\\/\\\/secure.gravatar.com\\\/avatar\\\/b7c8925b09a27e72b30232f8ecaadbd5af0f70a38c78096863fe51b64f031c24?s=96&d=mm&r=g\",\"width\":96,\"height\":96,\"caption\":\"admin\"}},{\"@type\":\"WebPage\",\"@id\":\"https:\\\/\\\/www.rucashk.com\\\/es\\\/producto\\\/xiaomi-redmi-5plus\\\/#webpage\",\"url\":\"https:\\\/\\\/www.rucashk.com\\\/es\\\/producto\\\/xiaomi-redmi-5plus\\\/\",\"name\":\"Xiaomi Redmi 5Plus - Rucas - Wholesale and Distribution\",\"description\":\"5.99 inch capacitive screen, FHD 2160x1080 pixels CPU:Qualcomm Snapdragon 625, Octa Core 64bit 2.0GHz,GPU:Adreno 506 MIUI 9 based on Android 7.1 OS 4GB RAM, 64GB ROM, expandable memory up to 128GB with microSD Dual Nano SIM Card dual standby 12.0MP rear camera, 5.0 MP front-facing camera Support 4G LTE, Wi-Fi 802.11 b\\\/g\\\/n, Bluetooth, GPS + GLONASS, Touch ID\",\"inLanguage\":\"es-ES\",\"isPartOf\":{\"@id\":\"https:\\\/\\\/www.rucashk.com\\\/es\\\/#website\"},\"breadcrumb\":{\"@id\":\"https:\\\/\\\/www.rucashk.com\\\/es\\\/producto\\\/xiaomi-redmi-5plus\\\/#breadcrumblist\"},\"author\":{\"@id\":\"https:\\\/\\\/www.rucashk.com\\\/es\\\/author\\\/admin\\\/#author\"},\"creator\":{\"@id\":\"https:\\\/\\\/www.rucashk.com\\\/es\\\/author\\\/admin\\\/#author\"},\"image\":{\"@type\":\"ImageObject\",\"url\":\"https:\\\/\\\/www.rucashk.com\\\/wp-content\\\/uploads\\\/2024\\\/01\\\/Xiaomi-Redmi-5Plus.jpg\",\"@id\":\"https:\\\/\\\/www.rucashk.com\\\/es\\\/producto\\\/xiaomi-redmi-5plus\\\/#mainImage\",\"width\":538,\"height\":539},\"primaryImageOfPage\":{\"@id\":\"https:\\\/\\\/www.rucashk.com\\\/es\\\/producto\\\/xiaomi-redmi-5plus\\\/#mainImage\"},\"datePublished\":\"2024-01-09T15:45:29+00:00\",\"dateModified\":\"2024-03-11T07:56:43+00:00\"},{\"@type\":\"WebSite\",\"@id\":\"https:\\\/\\\/www.rucashk.com\\\/es\\\/#website\",\"url\":\"https:\\\/\\\/www.rucashk.com\\\/es\\\/\",\"name\":\"Rucas - Wholesale and distribution worldwide\",\"alternateName\":\"Rucas - One-stop AIoT Distribution Worldwide\",\"description\":\"One-stop AIoT Distribution Worldwide\",\"inLanguage\":\"es-ES\",\"publisher\":{\"@id\":\"https:\\\/\\\/www.rucashk.com\\\/es\\\/#organization\"}}]}\n\t\t<\/script>\n\t\t<!-- All in One SEO Pro -->\r\n\t\t<title>Xiaomi Redmi 5Plus - Rucas - Wholesale and Distribution<\/title>\n\n","aioseo_head_json":{"title":"Xiaomi Redmi 5Plus - Rucas - Wholesale and Distribution","description":"5.99 inch capacitive screen, FHD 2160x1080 pixels CPU:Qualcomm Snapdragon 625, Octa Core 64bit 2.0GHz,GPU:Adreno 506 MIUI 9 based on Android 7.1 OS 4GB RAM, 64GB ROM, expandable memory up to 128GB with microSD Dual Nano SIM Card dual standby 12.0MP rear camera, 5.0 MP front-facing camera Support 4G LTE, Wi-Fi 802.11 b\/g\/n, Bluetooth, GPS + GLONASS, Touch ID","canonical_url":"https:\/\/www.rucashk.com\/es\/producto\/xiaomi-redmi-5plus\/","robots":"max-image-preview:large","keywords":"","webmasterTools":{"miscellaneous":""},"og:locale":"es_ES","og:site_name":"Rucas - One-stop AIoT Distribution Worldwide","og:type":"article","og:title":"Xiaomi Redmi 5Plus - Rucas - Wholesale and Distribution","og:description":"5.99 inch capacitive screen, FHD 2160x1080 pixels CPU:Qualcomm Snapdragon 625, Octa Core 64bit 2.0GHz,GPU:Adreno 506 MIUI 9 based on Android 7.1 OS 4GB RAM, 64GB ROM, expandable memory up to 128GB with microSD Dual Nano SIM Card dual standby 12.0MP rear camera, 5.0 MP front-facing camera Support 4G LTE, Wi-Fi 802.11 b\/g\/n, Bluetooth, GPS + GLONASS, Touch ID","og:url":"https:\/\/www.rucashk.com\/es\/producto\/xiaomi-redmi-5plus\/","og:image":"https:\/\/www.rucashk.com\/wp-content\/uploads\/replace\/503b8e645f128a97ccde2b6290747646.jpeg","og:image:secure_url":"https:\/\/www.rucashk.com\/wp-content\/uploads\/replace\/503b8e645f128a97ccde2b6290747646.jpeg","og:image:width":1456,"og:image:height":816,"article:published_time":"2024-01-09T15:45:29+00:00","article:modified_time":"2024-03-11T07:56:43+00:00","twitter:card":"summary_large_image","twitter:title":"Xiaomi Redmi 5Plus - Rucas - Wholesale and Distribution","twitter:description":"5.99 inch capacitive screen, FHD 2160x1080 pixels CPU:Qualcomm Snapdragon 625, Octa Core 64bit 2.0GHz,GPU:Adreno 506 MIUI 9 based on Android 7.1 OS 4GB RAM, 64GB ROM, expandable memory up to 128GB with microSD Dual Nano SIM Card dual standby 12.0MP rear camera, 5.0 MP front-facing camera Support 4G LTE, Wi-Fi 802.11 b\/g\/n, Bluetooth, GPS + GLONASS, Touch ID","twitter:image":"https:\/\/www.rucashk.com\/wp-content\/uploads\/replace\/503b8e645f128a97ccde2b6290747646.jpeg","schema":{"@context":"https:\/\/schema.org","@graph":[{"@type":"BreadcrumbList","@id":"https:\/\/www.rucashk.com\/es\/producto\/xiaomi-redmi-5plus\/#breadcrumblist","itemListElement":[{"@type":"ListItem","@id":"https:\/\/www.rucashk.com\/es\/#listItem","position":1,"name":"Home","item":"https:\/\/www.rucashk.com\/es\/","nextItem":"https:\/\/www.rucashk.com\/es\/producto\/xiaomi-redmi-5plus\/#listItem"},{"@type":"ListItem","@id":"https:\/\/www.rucashk.com\/es\/producto\/xiaomi-redmi-5plus\/#listItem","position":2,"name":"Xiaomi Redmi 5Plus","previousItem":"https:\/\/www.rucashk.com\/es\/#listItem"}]},{"@type":"Organization","@id":"https:\/\/www.rucashk.com\/es\/#organization","name":"Rucas","url":"https:\/\/www.rucashk.com\/es\/","logo":{"@type":"ImageObject","url":"https:\/\/www.rucashk.com\/wp-content\/uploads\/2023\/12\/Rucas_campany_logo.png","@id":"https:\/\/www.rucashk.com\/es\/producto\/xiaomi-redmi-5plus\/#organizationLogo","width":221,"height":65},"image":{"@id":"https:\/\/www.rucashk.com\/es\/#organizationLogo"}},{"@type":"Person","@id":"https:\/\/www.rucashk.com\/es\/author\/admin\/#author","url":"https:\/\/www.rucashk.com\/es\/author\/admin\/","name":"admin","image":{"@type":"ImageObject","@id":"https:\/\/www.rucashk.com\/es\/producto\/xiaomi-redmi-5plus\/#authorImage","url":"https:\/\/secure.gravatar.com\/avatar\/b7c8925b09a27e72b30232f8ecaadbd5af0f70a38c78096863fe51b64f031c24?s=96&d=mm&r=g","width":96,"height":96,"caption":"admin"}},{"@type":"WebPage","@id":"https:\/\/www.rucashk.com\/es\/producto\/xiaomi-redmi-5plus\/#webpage","url":"https:\/\/www.rucashk.com\/es\/producto\/xiaomi-redmi-5plus\/","name":"Xiaomi Redmi 5Plus - Rucas - Wholesale and Distribution","description":"5.99 inch capacitive screen, FHD 2160x1080 pixels CPU:Qualcomm Snapdragon 625, Octa Core 64bit 2.0GHz,GPU:Adreno 506 MIUI 9 based on Android 7.1 OS 4GB RAM, 64GB ROM, expandable memory up to 128GB with microSD Dual Nano SIM Card dual standby 12.0MP rear camera, 5.0 MP front-facing camera Support 4G LTE, Wi-Fi 802.11 b\/g\/n, Bluetooth, GPS + GLONASS, Touch ID","inLanguage":"es-ES","isPartOf":{"@id":"https:\/\/www.rucashk.com\/es\/#website"},"breadcrumb":{"@id":"https:\/\/www.rucashk.com\/es\/producto\/xiaomi-redmi-5plus\/#breadcrumblist"},"author":{"@id":"https:\/\/www.rucashk.com\/es\/author\/admin\/#author"},"creator":{"@id":"https:\/\/www.rucashk.com\/es\/author\/admin\/#author"},"image":{"@type":"ImageObject","url":"https:\/\/www.rucashk.com\/wp-content\/uploads\/2024\/01\/Xiaomi-Redmi-5Plus.jpg","@id":"https:\/\/www.rucashk.com\/es\/producto\/xiaomi-redmi-5plus\/#mainImage","width":538,"height":539},"primaryImageOfPage":{"@id":"https:\/\/www.rucashk.com\/es\/producto\/xiaomi-redmi-5plus\/#mainImage"},"datePublished":"2024-01-09T15:45:29+00:00","dateModified":"2024-03-11T07:56:43+00:00"},{"@type":"WebSite","@id":"https:\/\/www.rucashk.com\/es\/#website","url":"https:\/\/www.rucashk.com\/es\/","name":"Rucas - Wholesale and distribution worldwide","alternateName":"Rucas - One-stop AIoT Distribution Worldwide","description":"One-stop AIoT Distribution Worldwide","inLanguage":"es-ES","publisher":{"@id":"https:\/\/www.rucashk.com\/es\/#organization"}}]}},"aioseo_meta_data":{"post_id":"22562","title":null,"description":null,"keywords":null,"keyphrases":null,"primary_term":null,"canonical_url":null,"og_title":null,"og_description":null,"og_object_type":"default","og_image_type":"default","og_image_url":null,"og_image_width":null,"og_image_height":null,"og_image_custom_url":null,"og_image_custom_fields":null,"og_video":null,"og_custom_url":null,"og_article_section":null,"og_article_tags":null,"twitter_use_og":false,"twitter_card":"default","twitter_image_type":"default","twitter_image_url":null,"twitter_image_custom_url":null,"twitter_image_custom_fields":null,"twitter_title":null,"twitter_description":null,"schema":{"blockGraphs":[],"customGraphs":[],"default":{"data":{"Article":[],"Course":[],"Dataset":[],"FAQPage":[],"Movie":[],"Person":[],"Product":[],"Recipe":[],"Service":[],"SoftwareApplication":[],"WebPage":[]},"graphName":"","isEnabled":true},"graphs":[]},"schema_type":"default","schema_type_options":null,"pillar_content":false,"robots_default":true,"robots_noindex":false,"robots_noarchive":false,"robots_nosnippet":false,"robots_nofollow":false,"robots_noimageindex":false,"robots_noodp":false,"robots_notranslate":false,"robots_max_snippet":null,"robots_max_videopreview":null,"robots_max_imagepreview":"large","priority":null,"frequency":null,"local_seo":null,"breadcrumb_settings":null,"limit_modified_date":false,"created":"2024-04-11 01:55:23","updated":"2025-06-22 16:45:56"},"aioseo_breadcrumb":"<div class=\"aioseo-breadcrumbs\"><span class=\"aioseo-breadcrumb\">\n\t<a href=\"https:\/\/www.rucashk.com\/es\" title=\"Home\">Home<\/a>\n<\/span><span class=\"aioseo-breadcrumb-separator\">&raquo;<\/span><span class=\"aioseo-breadcrumb\">\n\t<a href=\"https:\/\/www.rucashk.com\/es\/products\/\" title=\"Productos\">Productos<\/a>\n<\/span><span class=\"aioseo-breadcrumb-separator\">&raquo;<\/span><span class=\"aioseo-breadcrumb\">\n\t<a href=\"https:\/\/www.rucashk.com\/es\/categoria-producto\/mobile-phone\/\" title=\"Mobile Phone\">Mobile Phone<\/a>\n<\/span><span class=\"aioseo-breadcrumb-separator\">&raquo;<\/span><span class=\"aioseo-breadcrumb\">\n\t<a href=\"https:\/\/www.rucashk.com\/es\/categoria-producto\/mobile-phone\/redmi-mobile-phone\/\" title=\"Redmi\">Redmi<\/a>\n<\/span><span class=\"aioseo-breadcrumb-separator\">&raquo;<\/span><span class=\"aioseo-breadcrumb\">\n\tXiaomi Redmi 5Plus\n<\/span><\/div>","aioseo_breadcrumb_json":[{"label":"Home","link":"https:\/\/www.rucashk.com\/es"},{"label":"Productos","link":"https:\/\/www.rucashk.com\/es\/products\/"},{"label":"Mobile Phone","link":"https:\/\/www.rucashk.com\/es\/categoria-producto\/mobile-phone\/"},{"label":"Redmi","link":"https:\/\/www.rucashk.com\/es\/categoria-producto\/mobile-phone\/redmi-mobile-phone\/"},{"label":"Xiaomi Redmi 5Plus","link":"https:\/\/www.rucashk.com\/es\/producto\/xiaomi-redmi-5plus\/"}],"_links":{"self":[{"href":"https:\/\/www.rucashk.com\/es\/wp-json\/wp\/v2\/product\/22562","targetHints":{"allow":["GET"]}}],"collection":[{"href":"https:\/\/www.rucashk.com\/es\/wp-json\/wp\/v2\/product"}],"about":[{"href":"https:\/\/www.rucashk.com\/es\/wp-json\/wp\/v2\/types\/product"}],"wp:featuredmedia":[{"embeddable":true,"href":"https:\/\/www.rucashk.com\/es\/wp-json\/wp\/v2\/media\/22652"}],"wp:attachment":[{"href":"https:\/\/www.rucashk.com\/es\/wp-json\/wp\/v2\/media?parent=22562"}],"wp:term":[{"taxonomy":"product_brand","embeddable":true,"href":"https:\/\/www.rucashk.com\/es\/wp-json\/wp\/v2\/product_brand?post=22562"},{"taxonomy":"product_cat","embeddable":true,"href":"https:\/\/www.rucashk.com\/es\/wp-json\/wp\/v2\/product_cat?post=22562"},{"taxonomy":"product_tag","embeddable":true,"href":"https:\/\/www.rucashk.com\/es\/wp-json\/wp\/v2\/product_tag?post=22562"}],"curies":[{"name":"wp","href":"https:\/\/api.w.org\/{rel}","templated":true}]}}