{"id":22560,"date":"2024-01-09T15:45:29","date_gmt":"2024-01-09T15:45:29","guid":{"rendered":"http:\/\/rucashk.com\/?post_type=product&#038;p=22560"},"modified":"2024-03-13T10:31:08","modified_gmt":"2024-03-13T10:31:08","slug":"xiaomi-mi-band-5-smart-band-wholesale","status":"publish","type":"product","link":"https:\/\/www.rucashk.com\/es\/producto\/xiaomi-mi-band-5-smart-band-wholesale\/","title":{"rendered":"Banda inteligente Xiaomi Mi Band 5 al por mayor"},"content":{"rendered":"<div><u><img fetchpriority=\"high\" decoding=\"async\" class=\"aligncenter\" src=\"\/wp-content\/uploads\/replace\/6c29b510a2e44cf4009e3e73b96fd4d3.jpeg\" alt=\"Xiaomi Mi Band 5 Smart Band Wholesale\" width=\"1000\" height=\"609\" \/><\/u><\/div>\n<div>\n<div style=\"text-align: center\"><strong>M\u00e1s de 1000 colocaciones de personalidad<\/strong><\/div>\n<div style=\"text-align: center\"><strong>Muestra tu vitalidad y moda en tu mu\u00f1eca.<\/strong><\/div>\n<div style=\"text-align: center\">* M\u00e1s de 100 diales tem\u00e1ticos en l\u00ednea y fondos de pantalla personalizados, combinados con c\u00e1lculo de combinaci\u00f3n gratuita de 8 pulseras.<\/div>\n<div style=\"text-align: center\"><img decoding=\"async\" class=\"alignnone\" src=\"\/wp-content\/uploads\/replace\/37fb2c454f781d019827c85667c277cd.jpeg\" alt=\"Xiaomi Mi Band 5 Smart Band Wholesale\" width=\"1000\" height=\"767\" \/><\/div>\n<div style=\"text-align: center\"><strong>Toda la informaci\u00f3n se muestra en una pantalla<\/strong><\/div>\n<div style=\"text-align: center\">El \u00e1rea de visualizaci\u00f3n vuelve a aumentar en aproximadamente 20%*, lo que aclara las llamadas, los mensajes y los recordatorios.<\/div>\n<div style=\"text-align: center\">Visible y por primera vez realizada la visualizaci\u00f3n din\u00e1mica del dial.<\/div>\n<div style=\"text-align: center\">\u00c1rea de visualizaci\u00f3n aproximadamente +20%<\/div>\n<div style=\"text-align: center\"><img decoding=\"async\" class=\"alignnone\" src=\"\/wp-content\/uploads\/replace\/0e4f5cb06646d59d87fa3cbc8358922f.jpeg\" alt=\"Xiaomi Mi Band 5 Smart Band Wholesale\" width=\"1000\" height=\"459\" \/><\/div>\n<div style=\"text-align: center\"><strong>La IP cl\u00e1sica de dibujos animados que te gusta<\/strong><\/div>\n<div style=\"text-align: center\"><strong>Todo en tu esfera<\/strong><\/div>\n<div style=\"text-align: center\">La aplicaci\u00f3n de <a class=\"\" style=\"width: auto !important\" href=\"https:\/\/www.rucashk.com\/es\/producto\/xiaomi-mi-band-4-smart-bracelet\/\" data-wpil-post-to-id=\"1828\">mi banda<\/a> 5 tiene incorporados m\u00e1s de 100 diales tem\u00e1ticos como Bob Esponja, Evangelion, Hatsune Miku, Detective Conan y m\u00e1s por primera vez.<\/div>\n<div style=\"text-align: center\">Admite personalizaci\u00f3n de la funci\u00f3n de dial*, un dial de este tipo no solo es hermoso, sino tambi\u00e9n m\u00e1s f\u00e1cil de usar.<\/div>\n<div style=\"text-align: center\"><img loading=\"lazy\" decoding=\"async\" class=\"alignnone\" src=\"\/wp-content\/uploads\/replace\/fdaef4c4de7c0359d29ee26b84658037.jpeg\" alt=\"Xiaomi Mi Band 5 Smart Band Wholesale\" width=\"1000\" height=\"502\" \/><\/div>\n<div style=\"text-align: center\"><strong>11 profesional <a class=\"\" style=\"width: auto !important\" href=\"https:\/\/www.rucashk.com\/es\/5-sport-modes-are-added-in-mi-bracelet-5-control-phones-to-shoot-pictures\/\" data-wpil-post-to-id=\"9254\">Modos deportivos<\/a><\/strong><\/div>\n<div style=\"text-align: center\"><\/div>\n<div style=\"text-align: center\">Por primera vez, <a class=\"\" style=\"width: auto !important\" href=\"https:\/\/www.rucashk.com\/es\/producto\/xiaomi-mi-band-4-smart-bracelet\/\" data-wpil-post-to-id=\"1828\">mi banda<\/a> admite yoga, m\u00e1quinas de remo moldeadoras y reductoras de grasa, cuerdas para saltar, etc., monitorear y analizar con precisi\u00f3n cada postura deportiva, frecuencia card\u00edaca, ritmo y consumo de calor\u00edas lo ayudan a lograr sus objetivos de p\u00e9rdida de peso de manera eficiente.<\/div>\n<div style=\"text-align: center\">M\u00e1quina de remo\/entrenador el\u00edptico\/Yuga\/correr al aire libre\/ciclismo\/nadar\/spinning\/saltar la cuerda\/cinta de correr\/caminar r\u00e1pido\/entrenamiento libre<\/div>\n<div style=\"text-align: center\"><img decoding=\"async\" src=\"\/wp-content\/uploads\/replace\/cd4817cb25a0e89b2e9a935fb6586016.jpeg\" alt=\"7\" \/><\/div>\n<div style=\"text-align: center\"><strong>Comprender cada anomal\u00eda y malestar.<\/strong><\/div>\n<div style=\"text-align: center\">El algoritmo y el hardware* est\u00e1n completamente actualizados. Al realizar deportes irregulares como carreras a campo traviesa, monta\u00f1ismo y caminatas, la precisi\u00f3n del monitoreo aumenta hasta 50% y tambi\u00e9n puede vibrar cuando su frecuencia card\u00edaca es anormal.<\/div>\n<div style=\"text-align: center\"><\/div>\n<div style=\"text-align: center\"><img loading=\"lazy\" decoding=\"async\" class=\"alignnone\" src=\"\/wp-content\/uploads\/replace\/3fded24b71b726a453041868a5db3a9a.jpeg\" alt=\"Xiaomi Mi Band 5 Smart Band Wholesale\" width=\"1000\" height=\"738\" \/><\/div>\n<div style=\"text-align: center\"><\/div>\n<div style=\"text-align: center\"><strong>Secreto, registro y recordatorio mensual<\/strong><\/div>\n<div style=\"text-align: center\">El per\u00edodo fisiol\u00f3gico y el per\u00edodo de ovulaci\u00f3n no solo se pueden registrar en su totalidad, sino que tambi\u00e9n se pueden recordar antes de venir. Cuanto m\u00e1s lo uses, mejor entender\u00e1s tu peque\u00f1o secreto.<\/div>\n<div style=\"text-align: center\"><\/div>\n<div style=\"text-align: center\"><img loading=\"lazy\" decoding=\"async\" class=\"alignnone\" src=\"\/wp-content\/uploads\/replace\/f220f2bd607ba0bddbf595ee476a377a.jpeg\" alt=\"Xiaomi Mi Band 5 Smart Band Wholesale\" width=\"1000\" height=\"1272\" \/><img loading=\"lazy\" decoding=\"async\" class=\"alignnone\" src=\"\/wp-content\/uploads\/replace\/851b781358b0b87084069df7b6d9e9ca.jpeg\" alt=\"Xiaomi Mi Band 5 Smart Band Wholesale\" width=\"1000\" height=\"459\" \/><\/div>\n<div style=\"text-align: center\"><img loading=\"lazy\" decoding=\"async\" class=\"alignnone\" src=\"\/wp-content\/uploads\/replace\/dd5d849e6672acaf7afe3cb0706cabd4.jpeg\" alt=\"Xiaomi Mi Band 5 Smart Band Wholesale\" width=\"1000\" height=\"398\" \/><\/div>\n<div style=\"text-align: center\"><strong>Una llave <a class=\"\" style=\"width: auto !important\" href=\"https:\/\/www.rucashk.com\/es\/update-your-air-conditioning-xiaomi-releases-a-smart-ai-universal-remote-control\/\" data-wpil-post-to-id=\"9669\">Control remoto<\/a> Tomando fotos<\/strong><\/div>\n<div style=\"text-align: center\">Toma selfies y toma fotos sin pedir ayuda.<\/div>\n<div style=\"text-align: center\"><img decoding=\"async\" src=\"\/wp-content\/uploads\/replace\/aa629bd75f7329e9e161e4122bac71c1.jpeg\" alt=\"QQ\u622a\u56fe20200612171551\" \/><\/div>\n<div style=\"text-align: center\">M\u00e1s funciones<\/div>\n<div style=\"text-align: center\">Control de m\u00fasica, Buscar tel\u00e9fono, Silenciar tel\u00e9fono, No molestar, Desbloquear tel\u00e9fono, Recordatorio de llamadas, Cuenta regresiva, Recordatorio de calendario, Recordatorio de eventos, Recordatorio de mensajes\/notificaciones, Recordatorio de sedentarismo, Previsi\u00f3n meteorol\u00f3gica<\/div>\n<div>\u200b<img decoding=\"async\" class=\"aligncenter\" src=\"\/wp-content\/uploads\/replace\/8f627aebb4dc94190b2c4a8b7baf4226.jpeg\" alt=\"shouhuan5-01_20\" \/><img loading=\"lazy\" decoding=\"async\" class=\"aligncenter\" src=\"\/wp-content\/uploads\/replace\/dbf7beaf649f774ec66df7928b08aefe.jpeg\" alt=\"Xiaomi Mi Band 5 Smart Band Wholesale\" width=\"1000\" height=\"509\" \/><img loading=\"lazy\" decoding=\"async\" class=\"aligncenter\" src=\"\/wp-content\/uploads\/replace\/70b0f1ee15d007f10a63d3496124e18e.jpeg\" alt=\"Xiaomi Mi Band 5 Smart Band Wholesale\" width=\"1000\" height=\"509\" \/><img loading=\"lazy\" decoding=\"async\" class=\"aligncenter\" src=\"\/wp-content\/uploads\/replace\/f7aeb0c39ed3077ff8810c9d62dcb15d.jpeg\" alt=\"Xiaomi Mi Band 5 Smart Band Wholesale\" width=\"1000\" height=\"509\" \/><img loading=\"lazy\" decoding=\"async\" class=\"aligncenter\" src=\"\/wp-content\/uploads\/replace\/294e20e3f9c31ada5c3ef6a9d198592a.jpeg\" alt=\"Xiaomi Mi Band 5 Smart Band Wholesale\" width=\"1000\" height=\"509\" \/><\/div>\n<\/div>","protected":false},"excerpt":{"rendered":"<p><strong>Reflejos:<\/strong><\/p>\n<p>1. Blood oxygen saturation monitoring function.<br \/>\n2. Support Globe NFC.<br \/>\n3. Amazon Alexa voice\u00a0assistant.<br \/>\n4. More 5 sports modes: yoga, elliptical machine, rowing machine, skipping rope and indoor bicycle.<br \/>\n5. Support mobile phone\u00a0photography.<br \/>\n6. Use a larger 1.2-inch screen.<br \/>\n7. New analog dial.<br \/>\n8. Available on 11st, june.<\/p>","protected":false},"featured_media":22642,"template":"","meta":[],"product_brand":[],"product_cat":[1307,1305],"product_tag":[510],"class_list":{"0":"post-22560","1":"product","2":"type-product","3":"status-publish","4":"has-post-thumbnail","6":"product_cat-mi-band-smartwatch","7":"product_cat-xiaomi-eco","8":"product_tag-mi-band","10":"first","11":"instock","12":"featured","13":"shipping-taxable","14":"product-type-external"},"aioseo_notices":[],"aioseo_head":"\n\t\t<!-- All in One SEO Pro 4.5.9.2 - aioseo.com -->\n\t\t<meta name=\"description\" content=\"Highlights: 1. Blood oxygen saturation monitoring function. 2. Support Globe NFC. 3. Amazon Alexa voice assistant. 4. More 5 sports modes: yoga, elliptical machine, rowing machine, skipping rope and indoor bicycle. 5. Support mobile phone photography. 6. Use a larger 1.2-inch screen. 7. New analog dial. 8. Available on 11st, june.\" \/>\n\t\t<meta name=\"robots\" content=\"max-image-preview:large\" \/>\n\t\t<link rel=\"canonical\" href=\"https:\/\/www.rucashk.com\/es\/producto\/xiaomi-mi-band-5-smart-band-wholesale\/\" \/>\n\t\t<meta name=\"generator\" content=\"All in One SEO Pro (AIOSEO) 4.5.9.2\" \/>\n\t\t<meta property=\"og:locale\" content=\"es_ES\" \/>\n\t\t<meta property=\"og:site_name\" content=\"Rucas - One-stop AIoT Distribution Worldwide\" \/>\n\t\t<meta property=\"og:type\" content=\"article\" \/>\n\t\t<meta property=\"og:title\" content=\"Xiaomi Mi Band 5 Smart Band Wholesale - Rucas - Wholesale and Distribution\" \/>\n\t\t<meta property=\"og:description\" content=\"Highlights: 1. Blood oxygen saturation monitoring function. 2. Support Globe NFC. 3. Amazon Alexa voice assistant. 4. More 5 sports modes: yoga, elliptical machine, rowing machine, skipping rope and indoor bicycle. 5. Support mobile phone photography. 6. Use a larger 1.2-inch screen. 7. New analog dial. 8. Available on 11st, june.\" \/>\n\t\t<meta property=\"og:url\" content=\"https:\/\/www.rucashk.com\/es\/producto\/xiaomi-mi-band-5-smart-band-wholesale\/\" \/>\n\t\t<meta property=\"og:image\" content=\"https:\/\/www.rucashk.com\/wp-content\/uploads\/replace\/503b8e645f128a97ccde2b6290747646.jpeg\" \/>\n\t\t<meta property=\"og:image:secure_url\" content=\"https:\/\/www.rucashk.com\/wp-content\/uploads\/replace\/503b8e645f128a97ccde2b6290747646.jpeg\" \/>\n\t\t<meta property=\"og:image:width\" content=\"1456\" \/>\n\t\t<meta property=\"og:image:height\" content=\"816\" \/>\n\t\t<meta property=\"article:published_time\" content=\"2024-01-09T15:45:29+00:00\" \/>\n\t\t<meta property=\"article:modified_time\" content=\"2024-03-13T10:31:08+00:00\" \/>\n\t\t<meta name=\"twitter:card\" content=\"summary_large_image\" \/>\n\t\t<meta name=\"twitter:title\" content=\"Xiaomi Mi Band 5 Smart Band Wholesale - Rucas - Wholesale and Distribution\" \/>\n\t\t<meta name=\"twitter:description\" content=\"Highlights: 1. Blood oxygen saturation monitoring function. 2. Support Globe NFC. 3. Amazon Alexa voice assistant. 4. More 5 sports modes: yoga, elliptical machine, rowing machine, skipping rope and indoor bicycle. 5. Support mobile phone photography. 6. Use a larger 1.2-inch screen. 7. New analog dial. 8. Available on 11st, june.\" \/>\n\t\t<meta name=\"twitter:image\" content=\"https:\/\/www.rucashk.com\/wp-content\/uploads\/replace\/503b8e645f128a97ccde2b6290747646.jpeg\" \/>\n\t\t<script type=\"application\/ld+json\" class=\"aioseo-schema\">\n\t\t\t{\"@context\":\"https:\\\/\\\/schema.org\",\"@graph\":[{\"@type\":\"BreadcrumbList\",\"@id\":\"https:\\\/\\\/www.rucashk.com\\\/es\\\/producto\\\/xiaomi-mi-band-5-smart-band-wholesale\\\/#breadcrumblist\",\"itemListElement\":[{\"@type\":\"ListItem\",\"@id\":\"https:\\\/\\\/www.rucashk.com\\\/es\\\/#listItem\",\"position\":1,\"name\":\"Home\",\"item\":\"https:\\\/\\\/www.rucashk.com\\\/es\\\/\",\"nextItem\":\"https:\\\/\\\/www.rucashk.com\\\/es\\\/producto\\\/xiaomi-mi-band-5-smart-band-wholesale\\\/#listItem\"},{\"@type\":\"ListItem\",\"@id\":\"https:\\\/\\\/www.rucashk.com\\\/es\\\/producto\\\/xiaomi-mi-band-5-smart-band-wholesale\\\/#listItem\",\"position\":2,\"name\":\"Xiaomi Mi Band 5 Smart Band Wholesale\",\"previousItem\":\"https:\\\/\\\/www.rucashk.com\\\/es\\\/#listItem\"}]},{\"@type\":\"Organization\",\"@id\":\"https:\\\/\\\/www.rucashk.com\\\/es\\\/#organization\",\"name\":\"Rucas\",\"url\":\"https:\\\/\\\/www.rucashk.com\\\/es\\\/\",\"logo\":{\"@type\":\"ImageObject\",\"url\":\"https:\\\/\\\/www.rucashk.com\\\/wp-content\\\/uploads\\\/2023\\\/12\\\/Rucas_campany_logo.png\",\"@id\":\"https:\\\/\\\/www.rucashk.com\\\/es\\\/producto\\\/xiaomi-mi-band-5-smart-band-wholesale\\\/#organizationLogo\",\"width\":221,\"height\":65},\"image\":{\"@id\":\"https:\\\/\\\/www.rucashk.com\\\/es\\\/#organizationLogo\"}},{\"@type\":\"Person\",\"@id\":\"https:\\\/\\\/www.rucashk.com\\\/es\\\/author\\\/admin\\\/#author\",\"url\":\"https:\\\/\\\/www.rucashk.com\\\/es\\\/author\\\/admin\\\/\",\"name\":\"admin\",\"image\":{\"@type\":\"ImageObject\",\"@id\":\"https:\\\/\\\/www.rucashk.com\\\/es\\\/producto\\\/xiaomi-mi-band-5-smart-band-wholesale\\\/#authorImage\",\"url\":\"https:\\\/\\\/secure.gravatar.com\\\/avatar\\\/b7c8925b09a27e72b30232f8ecaadbd5af0f70a38c78096863fe51b64f031c24?s=96&d=mm&r=g\",\"width\":96,\"height\":96,\"caption\":\"admin\"}},{\"@type\":\"WebPage\",\"@id\":\"https:\\\/\\\/www.rucashk.com\\\/es\\\/producto\\\/xiaomi-mi-band-5-smart-band-wholesale\\\/#webpage\",\"url\":\"https:\\\/\\\/www.rucashk.com\\\/es\\\/producto\\\/xiaomi-mi-band-5-smart-band-wholesale\\\/\",\"name\":\"Xiaomi Mi Band 5 Smart Band Wholesale - Rucas - Wholesale and Distribution\",\"description\":\"Highlights: 1. Blood oxygen saturation monitoring function. 2. Support Globe NFC. 3. Amazon Alexa voice assistant. 4. More 5 sports modes: yoga, elliptical machine, rowing machine, skipping rope and indoor bicycle. 5. Support mobile phone photography. 6. Use a larger 1.2-inch screen. 7. New analog dial. 8. Available on 11st, june.\",\"inLanguage\":\"es-ES\",\"isPartOf\":{\"@id\":\"https:\\\/\\\/www.rucashk.com\\\/es\\\/#website\"},\"breadcrumb\":{\"@id\":\"https:\\\/\\\/www.rucashk.com\\\/es\\\/producto\\\/xiaomi-mi-band-5-smart-band-wholesale\\\/#breadcrumblist\"},\"author\":{\"@id\":\"https:\\\/\\\/www.rucashk.com\\\/es\\\/author\\\/admin\\\/#author\"},\"creator\":{\"@id\":\"https:\\\/\\\/www.rucashk.com\\\/es\\\/author\\\/admin\\\/#author\"},\"image\":{\"@type\":\"ImageObject\",\"url\":\"https:\\\/\\\/www.rucashk.com\\\/wp-content\\\/uploads\\\/2024\\\/01\\\/xiaomi_mi-band_5_new.jpg\",\"@id\":\"https:\\\/\\\/www.rucashk.com\\\/es\\\/producto\\\/xiaomi-mi-band-5-smart-band-wholesale\\\/#mainImage\",\"width\":800,\"height\":800},\"primaryImageOfPage\":{\"@id\":\"https:\\\/\\\/www.rucashk.com\\\/es\\\/producto\\\/xiaomi-mi-band-5-smart-band-wholesale\\\/#mainImage\"},\"datePublished\":\"2024-01-09T15:45:29+00:00\",\"dateModified\":\"2024-03-13T10:31:08+00:00\"},{\"@type\":\"WebSite\",\"@id\":\"https:\\\/\\\/www.rucashk.com\\\/es\\\/#website\",\"url\":\"https:\\\/\\\/www.rucashk.com\\\/es\\\/\",\"name\":\"Rucas - Wholesale and distribution worldwide\",\"alternateName\":\"Rucas - One-stop AIoT Distribution Worldwide\",\"description\":\"One-stop AIoT Distribution Worldwide\",\"inLanguage\":\"es-ES\",\"publisher\":{\"@id\":\"https:\\\/\\\/www.rucashk.com\\\/es\\\/#organization\"}}]}\n\t\t<\/script>\n\t\t<!-- All in One SEO Pro -->\r\n\t\t<title>Xiaomi Mi Band 5 Smart Band Wholesale - Rucas - Wholesale and Distribution<\/title>\n\n","aioseo_head_json":{"title":"Xiaomi Mi Band 5 Smart Band Wholesale - Rucas - Wholesale and Distribution","description":"Highlights: 1. Blood oxygen saturation monitoring function. 2. Support Globe NFC. 3. Amazon Alexa voice assistant. 4. More 5 sports modes: yoga, elliptical machine, rowing machine, skipping rope and indoor bicycle. 5. Support mobile phone photography. 6. Use a larger 1.2-inch screen. 7. New analog dial. 8. Available on 11st, june.","canonical_url":"https:\/\/www.rucashk.com\/es\/producto\/xiaomi-mi-band-5-smart-band-wholesale\/","robots":"max-image-preview:large","keywords":"","webmasterTools":{"miscellaneous":""},"og:locale":"es_ES","og:site_name":"Rucas - One-stop AIoT Distribution Worldwide","og:type":"article","og:title":"Xiaomi Mi Band 5 Smart Band Wholesale - Rucas - Wholesale and Distribution","og:description":"Highlights: 1. Blood oxygen saturation monitoring function. 2. Support Globe NFC. 3. Amazon Alexa voice assistant. 4. More 5 sports modes: yoga, elliptical machine, rowing machine, skipping rope and indoor bicycle. 5. Support mobile phone photography. 6. Use a larger 1.2-inch screen. 7. New analog dial. 8. Available on 11st, june.","og:url":"https:\/\/www.rucashk.com\/es\/producto\/xiaomi-mi-band-5-smart-band-wholesale\/","og:image":"https:\/\/www.rucashk.com\/wp-content\/uploads\/replace\/503b8e645f128a97ccde2b6290747646.jpeg","og:image:secure_url":"https:\/\/www.rucashk.com\/wp-content\/uploads\/replace\/503b8e645f128a97ccde2b6290747646.jpeg","og:image:width":1456,"og:image:height":816,"article:published_time":"2024-01-09T15:45:29+00:00","article:modified_time":"2024-03-13T10:31:08+00:00","twitter:card":"summary_large_image","twitter:title":"Xiaomi Mi Band 5 Smart Band Wholesale - Rucas - Wholesale and Distribution","twitter:description":"Highlights: 1. Blood oxygen saturation monitoring function. 2. Support Globe NFC. 3. Amazon Alexa voice assistant. 4. More 5 sports modes: yoga, elliptical machine, rowing machine, skipping rope and indoor bicycle. 5. Support mobile phone photography. 6. Use a larger 1.2-inch screen. 7. New analog dial. 8. Available on 11st, june.","twitter:image":"https:\/\/www.rucashk.com\/wp-content\/uploads\/replace\/503b8e645f128a97ccde2b6290747646.jpeg","schema":{"@context":"https:\/\/schema.org","@graph":[{"@type":"BreadcrumbList","@id":"https:\/\/www.rucashk.com\/es\/producto\/xiaomi-mi-band-5-smart-band-wholesale\/#breadcrumblist","itemListElement":[{"@type":"ListItem","@id":"https:\/\/www.rucashk.com\/es\/#listItem","position":1,"name":"Home","item":"https:\/\/www.rucashk.com\/es\/","nextItem":"https:\/\/www.rucashk.com\/es\/producto\/xiaomi-mi-band-5-smart-band-wholesale\/#listItem"},{"@type":"ListItem","@id":"https:\/\/www.rucashk.com\/es\/producto\/xiaomi-mi-band-5-smart-band-wholesale\/#listItem","position":2,"name":"Xiaomi Mi Band 5 Smart Band Wholesale","previousItem":"https:\/\/www.rucashk.com\/es\/#listItem"}]},{"@type":"Organization","@id":"https:\/\/www.rucashk.com\/es\/#organization","name":"Rucas","url":"https:\/\/www.rucashk.com\/es\/","logo":{"@type":"ImageObject","url":"https:\/\/www.rucashk.com\/wp-content\/uploads\/2023\/12\/Rucas_campany_logo.png","@id":"https:\/\/www.rucashk.com\/es\/producto\/xiaomi-mi-band-5-smart-band-wholesale\/#organizationLogo","width":221,"height":65},"image":{"@id":"https:\/\/www.rucashk.com\/es\/#organizationLogo"}},{"@type":"Person","@id":"https:\/\/www.rucashk.com\/es\/author\/admin\/#author","url":"https:\/\/www.rucashk.com\/es\/author\/admin\/","name":"admin","image":{"@type":"ImageObject","@id":"https:\/\/www.rucashk.com\/es\/producto\/xiaomi-mi-band-5-smart-band-wholesale\/#authorImage","url":"https:\/\/secure.gravatar.com\/avatar\/b7c8925b09a27e72b30232f8ecaadbd5af0f70a38c78096863fe51b64f031c24?s=96&d=mm&r=g","width":96,"height":96,"caption":"admin"}},{"@type":"WebPage","@id":"https:\/\/www.rucashk.com\/es\/producto\/xiaomi-mi-band-5-smart-band-wholesale\/#webpage","url":"https:\/\/www.rucashk.com\/es\/producto\/xiaomi-mi-band-5-smart-band-wholesale\/","name":"Xiaomi Mi Band 5 Smart Band Wholesale - Rucas - Wholesale and Distribution","description":"Highlights: 1. Blood oxygen saturation monitoring function. 2. Support Globe NFC. 3. Amazon Alexa voice assistant. 4. More 5 sports modes: yoga, elliptical machine, rowing machine, skipping rope and indoor bicycle. 5. Support mobile phone photography. 6. Use a larger 1.2-inch screen. 7. New analog dial. 8. Available on 11st, june.","inLanguage":"es-ES","isPartOf":{"@id":"https:\/\/www.rucashk.com\/es\/#website"},"breadcrumb":{"@id":"https:\/\/www.rucashk.com\/es\/producto\/xiaomi-mi-band-5-smart-band-wholesale\/#breadcrumblist"},"author":{"@id":"https:\/\/www.rucashk.com\/es\/author\/admin\/#author"},"creator":{"@id":"https:\/\/www.rucashk.com\/es\/author\/admin\/#author"},"image":{"@type":"ImageObject","url":"https:\/\/www.rucashk.com\/wp-content\/uploads\/2024\/01\/xiaomi_mi-band_5_new.jpg","@id":"https:\/\/www.rucashk.com\/es\/producto\/xiaomi-mi-band-5-smart-band-wholesale\/#mainImage","width":800,"height":800},"primaryImageOfPage":{"@id":"https:\/\/www.rucashk.com\/es\/producto\/xiaomi-mi-band-5-smart-band-wholesale\/#mainImage"},"datePublished":"2024-01-09T15:45:29+00:00","dateModified":"2024-03-13T10:31:08+00:00"},{"@type":"WebSite","@id":"https:\/\/www.rucashk.com\/es\/#website","url":"https:\/\/www.rucashk.com\/es\/","name":"Rucas - Wholesale and distribution worldwide","alternateName":"Rucas - One-stop AIoT Distribution Worldwide","description":"One-stop AIoT Distribution Worldwide","inLanguage":"es-ES","publisher":{"@id":"https:\/\/www.rucashk.com\/es\/#organization"}}]}},"aioseo_meta_data":{"post_id":"22560","title":null,"description":null,"keywords":null,"keyphrases":null,"primary_term":null,"canonical_url":null,"og_title":null,"og_description":null,"og_object_type":"default","og_image_type":"default","og_image_url":null,"og_image_width":null,"og_image_height":null,"og_image_custom_url":null,"og_image_custom_fields":null,"og_video":null,"og_custom_url":null,"og_article_section":null,"og_article_tags":null,"twitter_use_og":false,"twitter_card":"default","twitter_image_type":"default","twitter_image_url":null,"twitter_image_custom_url":null,"twitter_image_custom_fields":null,"twitter_title":null,"twitter_description":null,"schema":{"blockGraphs":[],"customGraphs":[],"default":{"data":{"Article":[],"Course":[],"Dataset":[],"FAQPage":[],"Movie":[],"Person":[],"Product":[],"Recipe":[],"Service":[],"SoftwareApplication":[],"WebPage":[]},"graphName":"","isEnabled":true},"graphs":[]},"schema_type":"default","schema_type_options":null,"pillar_content":false,"robots_default":true,"robots_noindex":false,"robots_noarchive":false,"robots_nosnippet":false,"robots_nofollow":false,"robots_noimageindex":false,"robots_noodp":false,"robots_notranslate":false,"robots_max_snippet":null,"robots_max_videopreview":null,"robots_max_imagepreview":"large","priority":null,"frequency":null,"local_seo":null,"breadcrumb_settings":null,"limit_modified_date":false,"created":"2024-04-11 01:55:23","updated":"2025-06-22 16:45:56"},"aioseo_breadcrumb":"<div class=\"aioseo-breadcrumbs\"><span class=\"aioseo-breadcrumb\">\n\t<a href=\"https:\/\/www.rucashk.com\/es\" title=\"Home\">Home<\/a>\n<\/span><span class=\"aioseo-breadcrumb-separator\">&raquo;<\/span><span class=\"aioseo-breadcrumb\">\n\t<a href=\"https:\/\/www.rucashk.com\/es\/products\/\" title=\"Productos\">Productos<\/a>\n<\/span><span class=\"aioseo-breadcrumb-separator\">&raquo;<\/span><span class=\"aioseo-breadcrumb\">\n\t<a href=\"https:\/\/www.rucashk.com\/es\/categoria-producto\/xiaomi-eco\/\" title=\"Xiaomi Eco\">Xiaomi Eco<\/a>\n<\/span><span class=\"aioseo-breadcrumb-separator\">&raquo;<\/span><span class=\"aioseo-breadcrumb\">\n\t<a href=\"https:\/\/www.rucashk.com\/es\/categoria-producto\/xiaomi-eco\/mi-band-smartwatch\/\" title=\"Mi Band Smartwatch\">Mi Band Smartwatch<\/a>\n<\/span><span class=\"aioseo-breadcrumb-separator\">&raquo;<\/span><span class=\"aioseo-breadcrumb\">\n\tXiaomi Mi Band 5 Smart Band Wholesale\n<\/span><\/div>","aioseo_breadcrumb_json":[{"label":"Home","link":"https:\/\/www.rucashk.com\/es"},{"label":"Productos","link":"https:\/\/www.rucashk.com\/es\/products\/"},{"label":"Xiaomi Eco","link":"https:\/\/www.rucashk.com\/es\/categoria-producto\/xiaomi-eco\/"},{"label":"Mi Band Smartwatch","link":"https:\/\/www.rucashk.com\/es\/categoria-producto\/xiaomi-eco\/mi-band-smartwatch\/"},{"label":"Xiaomi Mi Band 5 Smart Band Wholesale","link":"https:\/\/www.rucashk.com\/es\/producto\/xiaomi-mi-band-5-smart-band-wholesale\/"}],"_links":{"self":[{"href":"https:\/\/www.rucashk.com\/es\/wp-json\/wp\/v2\/product\/22560","targetHints":{"allow":["GET"]}}],"collection":[{"href":"https:\/\/www.rucashk.com\/es\/wp-json\/wp\/v2\/product"}],"about":[{"href":"https:\/\/www.rucashk.com\/es\/wp-json\/wp\/v2\/types\/product"}],"wp:featuredmedia":[{"embeddable":true,"href":"https:\/\/www.rucashk.com\/es\/wp-json\/wp\/v2\/media\/22642"}],"wp:attachment":[{"href":"https:\/\/www.rucashk.com\/es\/wp-json\/wp\/v2\/media?parent=22560"}],"wp:term":[{"taxonomy":"product_brand","embeddable":true,"href":"https:\/\/www.rucashk.com\/es\/wp-json\/wp\/v2\/product_brand?post=22560"},{"taxonomy":"product_cat","embeddable":true,"href":"https:\/\/www.rucashk.com\/es\/wp-json\/wp\/v2\/product_cat?post=22560"},{"taxonomy":"product_tag","embeddable":true,"href":"https:\/\/www.rucashk.com\/es\/wp-json\/wp\/v2\/product_tag?post=22560"}],"curies":[{"name":"wp","href":"https:\/\/api.w.org\/{rel}","templated":true}]}}