{"id":22519,"date":"2024-01-09T15:45:06","date_gmt":"2024-01-09T15:45:06","guid":{"rendered":"http:\/\/rucashk.com\/?post_type=product&#038;p=22519"},"modified":"2024-03-11T07:58:45","modified_gmt":"2024-03-11T07:58:45","slug":"xiaomi-redmi-k20","status":"publish","type":"product","link":"https:\/\/www.rucashk.com\/es\/producto\/xiaomi-redmi-k20\/","title":{"rendered":"Xiaomi Redmi K20"},"content":{"rendered":"<div class=\"detailmodule_html\">\n<div class=\"detailmodule_html\">\n<div class=\"detail-desc-decorate-richtext\">\n<div>\n<div>\n<div data-spm-anchor-id=\"0.0.0.i3.52f03e5fYuLggn\">\n<h2 style=\"text-align: center\" data-spm-anchor-id=\"a2g0o.detail.1000023.i0.4b0e14e2KgA428\"><strong>Xiaomi Redmi K20\u00a0<\/strong><\/h2>\n<div style=\"text-align: center\">Snapdragon 730 Octa N\u00facleo | C\u00e1maras triples de 48MP | C\u00e1mara emergente frontal de 20MP<\/div>\n<div><img fetchpriority=\"high\" decoding=\"async\" class=\"aligncenter\" src=\"\/wp-content\/uploads\/replace\/919ef029df26aca1fc072f11a29d565f.jpeg\" alt=\"Xiaomi Redmi K20 \" width=\"930\" height=\"500\" \/><\/div>\n<div><img decoding=\"async\" class=\"aligncenter\" src=\"\/wp-content\/uploads\/replace\/16aee0707505c24d97b1f100201d4e19.jpeg\" alt=\"Xiaomi Redmi K20 \" width=\"930\" height=\"398\" \/><\/div>\n<div style=\"text-align: center\">Qualcomm Snapdragon 730, CPU aumentada en 35%, tecnolog\u00eda de proceso de 8 nm, consumo de energ\u00eda reducido<\/div>\n<div style=\"text-align: center\">10%; La eficiencia del procesamiento de IA aument\u00f3 2,6 veces<\/div>\n<div><img decoding=\"async\" class=\"aligncenter\" src=\"\/wp-content\/uploads\/replace\/e02442b0e0e080f50136d21fc802113f.jpeg\" alt=\"k20-3\" \/><\/div>\n<div style=\"text-align: center\">Juego Turbo 2.0 | MI Turbo<\/div>\n<div style=\"text-align: center\">Reducir la velocidad de carrera lenta en 25%<\/div>\n<div><img decoding=\"async\" class=\"aligncenter\" src=\"\/wp-content\/uploads\/replace\/e7fec4e031c8dde717bf655ba19da8ab.jpeg\" alt=\"k20-4\" \/><\/div>\n<div style=\"text-align: center\">AMOLED de 6,39 pulgadas: barbilla estrecha de 3,8 mm, protector solar 2.0, luz azul baja VDE<\/div>\n<div><img decoding=\"async\" class=\"aligncenter\" src=\"\/wp-content\/uploads\/replace\/6211bc62de90b89406666c12443c1c66.jpeg\" alt=\"\u672a\u6807\u9898-8\" \/><\/div>\n<div style=\"text-align: center\">4000 mAh con cargador de 18 W<\/div>\n<div><img decoding=\"async\" class=\"aligncenter\" src=\"\/wp-content\/uploads\/replace\/9f25eac71b7b493420168028a71dfc44.jpeg\" alt=\"k20-6\" \/><\/div>\n<div style=\"text-align: center\">C\u00e1maras IMX 582 48MP + 8MP + 13MP<\/div>\n<div><img decoding=\"async\" class=\"aligncenter\" src=\"\/wp-content\/uploads\/replace\/3e876c33681dcf0e8d7454c01cdf2df8.jpeg\" alt=\"k20-7\" \/><\/div>\n<div><img decoding=\"async\" class=\"aligncenter\" src=\"\/wp-content\/uploads\/replace\/573ff041b36e52520c77446aaed53c35.jpeg\" alt=\"Xiaomi Redmi K20 \" width=\"930\" height=\"500\" \/><\/div>\n<div style=\"text-align: center\">S\u00faper gran angular | Fotograf\u00eda s\u00faper gran angular de 124,8\u00b0<\/div>\n<div><img loading=\"lazy\" decoding=\"async\" class=\"aligncenter\" src=\"\/wp-content\/uploads\/replace\/ca27f619875432b7473649d796edb0c1.jpeg\" alt=\"Xiaomi Redmi K20 \" width=\"930\" height=\"600\" \/><\/div>\n<div style=\"text-align: center\">S\u00faper escena nocturna | Sensor de 1\/2\u2033 y sensor grande de 1,6\u03bcm<\/div>\n<div><img loading=\"lazy\" decoding=\"async\" class=\"aligncenter\" src=\"\/wp-content\/uploads\/replace\/384f3d5fe33a5bb45d6f331b83137104.jpeg\" alt=\"Xiaomi Redmi K20 \" width=\"930\" height=\"500\" \/><\/div>\n<div style=\"text-align: center\">C\u00e1maras emergentes frontales de 20 MP Belleza inteligente con IA<\/div>\n<div><img loading=\"lazy\" decoding=\"async\" class=\"aligncenter\" src=\"\/wp-content\/uploads\/replace\/2f114e92d7bed49f930dd127be1afaef.jpeg\" alt=\"Xiaomi Redmi K20 \" width=\"930\" height=\"500\" \/><\/div>\n<div><img loading=\"lazy\" decoding=\"async\" class=\"aligncenter\" src=\"\/wp-content\/uploads\/replace\/ce6c668db31c0c05320da73bc83aa5ac.jpeg\" alt=\"Xiaomi Redmi K20 \" width=\"930\" height=\"500\" \/><\/div>\n<div style=\"text-align: center\">Huellas dactilares en pantalla de s\u00e9ptima generaci\u00f3n<\/div>\n<div><img loading=\"lazy\" decoding=\"async\" class=\"aligncenter\" src=\"\/wp-content\/uploads\/replace\/964c80d1615f97d70811f83b14ce18b1.jpeg\" alt=\"Xiaomi Redmi K20 \" width=\"930\" height=\"540\" \/><\/div>\n<div><img decoding=\"async\" class=\"aligncenter\" src=\"\/wp-content\/uploads\/replace\/59dfa9bef1aa0a2861836554d78828cc.jpeg\" alt=\"k20-14\" \/><\/div>\n<div style=\"text-align: center\"><\/div>\n<div style=\"text-align: center\">Calidad de sonido HiFi: chip de audio independiente Qualcomm WCD9375<\/div>\n<div style=\"text-align: center\">Conector para auriculares de 3,5 mm | Admite auriculares digitales USB-C<\/div>\n<div><img loading=\"lazy\" decoding=\"async\" class=\"aligncenter\" src=\"\/wp-content\/uploads\/replace\/d89d4f2de052b380a8b67b988dc6ba16.jpeg\" alt=\"Xiaomi Redmi K20 \" width=\"930\" height=\"500\" \/><\/div>\n<div><img loading=\"lazy\" decoding=\"async\" class=\"aligncenter\" src=\"\/wp-content\/uploads\/replace\/7abbc25c1708d38b0b9203bbdbd309e7.jpeg\" alt=\"Xiaomi Redmi K20 \" width=\"930\" height=\"500\" \/><\/div>\n<\/div>\n<\/div>\n<\/div>\n<\/div>\n<\/div>\n<\/div>\n<p><img loading=\"lazy\" decoding=\"async\" class=\"aligncenter\" src=\"\/wp-content\/uploads\/replace\/95373e7965fd436e0eb56dc51a93ecb6.jpeg\" alt=\"Xiaomi Redmi K20 \" width=\"940\" height=\"470\" \/><\/p>\n<div>CPU \u2014\u2014\u2014- Snapdragon 730 Octa Core, Adreno 618<\/div>\n<div>\n<div>\u00a0\u00a0\u00a0Pantalla \u2014\u2014- Pantalla AMOLED de 6,39 \u2033, 19,5: 9 403 PPI, 2340*1080 FHD+<\/div>\n<div>\u00a0\u00a0\u00a0RAM+ROM: 6 GB + 128 GB (no compatible con tarjeta TF)<\/div>\n<div>\u00a0\u00a0\u00a0C\u00e1mara \u2014\u2014 C\u00e1mara trasera triple de 48MP+8MP+13MP, c\u00e1mara frontal de 20MP<\/div>\n<div>\u00a0\u00a0\u00a0Bater\u00eda \u2014\u2014 4000 mAh (t\u00edpico)\/3900 mAh (m\u00ednimo), con cargador de 18 W<\/div>\n<div>\u00a0\u00a0\u00a0SO \u2014\u2014\u2014\u2013 MIUI 10, Versi\u00f3n CN, 2 Opciones,<\/div>\n<div>\u00a0 \u00a0 \u00a0 \u00a0 \u00a0 \u00a0 \u00a0 \u00a0 \u00a0 \u00a0 \u00a0 \u00a0 \u00a0(El gestor de arranque desbloqueado para instalar Global rom, Android Pay, Netflix, es posible que algunas aplicaciones bancarias no sean compatibles).<\/div>\n<div><\/div>\n<div>\u00a0\u00a0\u00a0Otros \u2014\u2014\u2013 WIFI, Bluetooth 5.0, GPS, OTG, Game Turbo 2.0, HIFI, NFC<\/div>\n<div>\u00a0\u00a0\u00a0Red \u2014\u2013 Netcom completo, Doble SIM Modo de espera dual (Tarjeta Nano SIM x 2)<\/div>\n<div>\u00a0\u00a0\u00a02G: GSM 850\/900\/1800\/1900MHz,CDMA 1X:BC0<\/div>\n<div>\u00a0\u00a0\u00a03G: WCDMA 850\/900\/1900\/2100 MHz, TD-SCDMA: B34\/B39, CDMA EVDO: BC0<\/div>\n<\/div>\n<div>\n<p>\u00a0\u00a0\u00a04G: FDD LTE B3\/B1\/B7\/B5\/B8;<\/p>\n<div data-spm-anchor-id=\"a2g0o.detail.1000023.i1.4b0e14e2KgA428\">\u00a0 \u00a0 \u00a0 \u00a0 \u00a0TD LTE B34\/B38\/B39\/B40\/B41<\/div>\n<\/div>\n<p>&nbsp;<\/p>\n<div><\/div>\n<p>&nbsp;<\/p>\n<div><\/div>","protected":false},"excerpt":{"rendered":"<p>Qualcomm\u00ae Snapdragon\u2122 730.<\/p>\n<p>Game Turbo 2.0.<\/p>\n<p>4000mAh high-capacity battery.<\/p>\n<p>48MP AI Triple Rear camera.<\/p>\n<p>In-display fingerprint sensor.<\/p>\n<div class=\"context\">\n<div class=\"h2-color transi-up delay-05 webfont\">Corning\u00ae Gorilla\u00ae Glass 5.<\/div>\n<\/div>","protected":false},"featured_media":22582,"template":"","meta":[],"product_brand":[],"product_cat":[1295,1297],"product_tag":[],"class_list":{"0":"post-22519","1":"product","2":"type-product","3":"status-publish","4":"has-post-thumbnail","6":"product_cat-mobile-phone","7":"product_cat-redmi-mobile-phone","9":"first","10":"instock","11":"shipping-taxable","12":"product-type-external"},"aioseo_notices":[],"aioseo_head":"\n\t\t<!-- All in One SEO Pro 4.5.9.2 - aioseo.com -->\n\t\t<meta name=\"description\" content=\"Qualcomm\u00ae Snapdragon\u2122 730. Game Turbo 2.0. 4000mAh high-capacity battery. 48MP AI Triple Rear camera. In-display fingerprint sensor. Corning\u00ae Gorilla\u00ae Glass 5.\" \/>\n\t\t<meta name=\"robots\" content=\"max-image-preview:large\" \/>\n\t\t<link rel=\"canonical\" href=\"https:\/\/www.rucashk.com\/es\/producto\/xiaomi-redmi-k20\/\" \/>\n\t\t<meta name=\"generator\" content=\"All in One SEO Pro (AIOSEO) 4.5.9.2\" \/>\n\t\t<meta property=\"og:locale\" content=\"es_ES\" \/>\n\t\t<meta property=\"og:site_name\" content=\"Rucas - One-stop AIoT Distribution Worldwide\" \/>\n\t\t<meta property=\"og:type\" content=\"article\" \/>\n\t\t<meta property=\"og:title\" content=\"Xiaomi Redmi K20 - Rucas - Wholesale and Distribution\" \/>\n\t\t<meta property=\"og:description\" content=\"Qualcomm\u00ae Snapdragon\u2122 730. Game Turbo 2.0. 4000mAh high-capacity battery. 48MP AI Triple Rear camera. In-display fingerprint sensor. Corning\u00ae Gorilla\u00ae Glass 5.\" \/>\n\t\t<meta property=\"og:url\" content=\"https:\/\/www.rucashk.com\/es\/producto\/xiaomi-redmi-k20\/\" \/>\n\t\t<meta property=\"og:image\" content=\"https:\/\/www.rucashk.com\/wp-content\/uploads\/replace\/503b8e645f128a97ccde2b6290747646.jpeg\" \/>\n\t\t<meta property=\"og:image:secure_url\" content=\"https:\/\/www.rucashk.com\/wp-content\/uploads\/replace\/503b8e645f128a97ccde2b6290747646.jpeg\" \/>\n\t\t<meta property=\"og:image:width\" content=\"1456\" \/>\n\t\t<meta property=\"og:image:height\" content=\"816\" \/>\n\t\t<meta property=\"article:published_time\" content=\"2024-01-09T15:45:06+00:00\" \/>\n\t\t<meta property=\"article:modified_time\" content=\"2024-03-11T07:58:45+00:00\" \/>\n\t\t<meta name=\"twitter:card\" content=\"summary_large_image\" \/>\n\t\t<meta name=\"twitter:title\" content=\"Xiaomi Redmi K20 - Rucas - Wholesale and Distribution\" \/>\n\t\t<meta name=\"twitter:description\" content=\"Qualcomm\u00ae Snapdragon\u2122 730. Game Turbo 2.0. 4000mAh high-capacity battery. 48MP AI Triple Rear camera. In-display fingerprint sensor. Corning\u00ae Gorilla\u00ae Glass 5.\" \/>\n\t\t<meta name=\"twitter:image\" content=\"https:\/\/www.rucashk.com\/wp-content\/uploads\/replace\/503b8e645f128a97ccde2b6290747646.jpeg\" \/>\n\t\t<script type=\"application\/ld+json\" class=\"aioseo-schema\">\n\t\t\t{\"@context\":\"https:\\\/\\\/schema.org\",\"@graph\":[{\"@type\":\"BreadcrumbList\",\"@id\":\"https:\\\/\\\/www.rucashk.com\\\/es\\\/producto\\\/xiaomi-redmi-k20\\\/#breadcrumblist\",\"itemListElement\":[{\"@type\":\"ListItem\",\"@id\":\"https:\\\/\\\/www.rucashk.com\\\/es\\\/#listItem\",\"position\":1,\"name\":\"Home\",\"item\":\"https:\\\/\\\/www.rucashk.com\\\/es\\\/\",\"nextItem\":\"https:\\\/\\\/www.rucashk.com\\\/es\\\/producto\\\/xiaomi-redmi-k20\\\/#listItem\"},{\"@type\":\"ListItem\",\"@id\":\"https:\\\/\\\/www.rucashk.com\\\/es\\\/producto\\\/xiaomi-redmi-k20\\\/#listItem\",\"position\":2,\"name\":\"Xiaomi Redmi K20\",\"previousItem\":\"https:\\\/\\\/www.rucashk.com\\\/es\\\/#listItem\"}]},{\"@type\":\"Organization\",\"@id\":\"https:\\\/\\\/www.rucashk.com\\\/es\\\/#organization\",\"name\":\"Rucas\",\"url\":\"https:\\\/\\\/www.rucashk.com\\\/es\\\/\",\"logo\":{\"@type\":\"ImageObject\",\"url\":\"https:\\\/\\\/www.rucashk.com\\\/wp-content\\\/uploads\\\/2023\\\/12\\\/Rucas_campany_logo.png\",\"@id\":\"https:\\\/\\\/www.rucashk.com\\\/es\\\/producto\\\/xiaomi-redmi-k20\\\/#organizationLogo\",\"width\":221,\"height\":65},\"image\":{\"@id\":\"https:\\\/\\\/www.rucashk.com\\\/es\\\/#organizationLogo\"}},{\"@type\":\"Person\",\"@id\":\"https:\\\/\\\/www.rucashk.com\\\/es\\\/author\\\/admin\\\/#author\",\"url\":\"https:\\\/\\\/www.rucashk.com\\\/es\\\/author\\\/admin\\\/\",\"name\":\"admin\",\"image\":{\"@type\":\"ImageObject\",\"@id\":\"https:\\\/\\\/www.rucashk.com\\\/es\\\/producto\\\/xiaomi-redmi-k20\\\/#authorImage\",\"url\":\"https:\\\/\\\/secure.gravatar.com\\\/avatar\\\/b7c8925b09a27e72b30232f8ecaadbd5af0f70a38c78096863fe51b64f031c24?s=96&d=mm&r=g\",\"width\":96,\"height\":96,\"caption\":\"admin\"}},{\"@type\":\"WebPage\",\"@id\":\"https:\\\/\\\/www.rucashk.com\\\/es\\\/producto\\\/xiaomi-redmi-k20\\\/#webpage\",\"url\":\"https:\\\/\\\/www.rucashk.com\\\/es\\\/producto\\\/xiaomi-redmi-k20\\\/\",\"name\":\"Xiaomi Redmi K20 - Rucas - Wholesale and Distribution\",\"description\":\"Qualcomm\\u00ae Snapdragon\\u2122 730. Game Turbo 2.0. 4000mAh high-capacity battery. 48MP AI Triple Rear camera. In-display fingerprint sensor. Corning\\u00ae Gorilla\\u00ae Glass 5.\",\"inLanguage\":\"es-ES\",\"isPartOf\":{\"@id\":\"https:\\\/\\\/www.rucashk.com\\\/es\\\/#website\"},\"breadcrumb\":{\"@id\":\"https:\\\/\\\/www.rucashk.com\\\/es\\\/producto\\\/xiaomi-redmi-k20\\\/#breadcrumblist\"},\"author\":{\"@id\":\"https:\\\/\\\/www.rucashk.com\\\/es\\\/author\\\/admin\\\/#author\"},\"creator\":{\"@id\":\"https:\\\/\\\/www.rucashk.com\\\/es\\\/author\\\/admin\\\/#author\"},\"image\":{\"@type\":\"ImageObject\",\"url\":\"https:\\\/\\\/www.rucashk.com\\\/wp-content\\\/uploads\\\/2024\\\/01\\\/xiaomi-k20_\\u526f\\u672c-1.png\",\"@id\":\"https:\\\/\\\/www.rucashk.com\\\/es\\\/producto\\\/xiaomi-redmi-k20\\\/#mainImage\",\"width\":800,\"height\":800},\"primaryImageOfPage\":{\"@id\":\"https:\\\/\\\/www.rucashk.com\\\/es\\\/producto\\\/xiaomi-redmi-k20\\\/#mainImage\"},\"datePublished\":\"2024-01-09T15:45:06+00:00\",\"dateModified\":\"2024-03-11T07:58:45+00:00\"},{\"@type\":\"WebSite\",\"@id\":\"https:\\\/\\\/www.rucashk.com\\\/es\\\/#website\",\"url\":\"https:\\\/\\\/www.rucashk.com\\\/es\\\/\",\"name\":\"Rucas - Wholesale and distribution worldwide\",\"alternateName\":\"Rucas - One-stop AIoT Distribution Worldwide\",\"description\":\"One-stop AIoT Distribution Worldwide\",\"inLanguage\":\"es-ES\",\"publisher\":{\"@id\":\"https:\\\/\\\/www.rucashk.com\\\/es\\\/#organization\"}}]}\n\t\t<\/script>\n\t\t<!-- All in One SEO Pro -->\r\n\t\t<title>Xiaomi Redmi K20 - Rucas - Wholesale and Distribution<\/title>\n\n","aioseo_head_json":{"title":"Xiaomi Redmi K20 - Rucas - Wholesale and Distribution","description":"Qualcomm\u00ae Snapdragon\u2122 730. Game Turbo 2.0. 4000mAh high-capacity battery. 48MP AI Triple Rear camera. In-display fingerprint sensor. Corning\u00ae Gorilla\u00ae Glass 5.","canonical_url":"https:\/\/www.rucashk.com\/es\/producto\/xiaomi-redmi-k20\/","robots":"max-image-preview:large","keywords":"","webmasterTools":{"miscellaneous":""},"og:locale":"es_ES","og:site_name":"Rucas - One-stop AIoT Distribution Worldwide","og:type":"article","og:title":"Xiaomi Redmi K20 - Rucas - Wholesale and Distribution","og:description":"Qualcomm\u00ae Snapdragon\u2122 730. Game Turbo 2.0. 4000mAh high-capacity battery. 48MP AI Triple Rear camera. In-display fingerprint sensor. Corning\u00ae Gorilla\u00ae Glass 5.","og:url":"https:\/\/www.rucashk.com\/es\/producto\/xiaomi-redmi-k20\/","og:image":"https:\/\/www.rucashk.com\/wp-content\/uploads\/replace\/503b8e645f128a97ccde2b6290747646.jpeg","og:image:secure_url":"https:\/\/www.rucashk.com\/wp-content\/uploads\/replace\/503b8e645f128a97ccde2b6290747646.jpeg","og:image:width":1456,"og:image:height":816,"article:published_time":"2024-01-09T15:45:06+00:00","article:modified_time":"2024-03-11T07:58:45+00:00","twitter:card":"summary_large_image","twitter:title":"Xiaomi Redmi K20 - Rucas - Wholesale and Distribution","twitter:description":"Qualcomm\u00ae Snapdragon\u2122 730. Game Turbo 2.0. 4000mAh high-capacity battery. 48MP AI Triple Rear camera. In-display fingerprint sensor. Corning\u00ae Gorilla\u00ae Glass 5.","twitter:image":"https:\/\/www.rucashk.com\/wp-content\/uploads\/replace\/503b8e645f128a97ccde2b6290747646.jpeg","schema":{"@context":"https:\/\/schema.org","@graph":[{"@type":"BreadcrumbList","@id":"https:\/\/www.rucashk.com\/es\/producto\/xiaomi-redmi-k20\/#breadcrumblist","itemListElement":[{"@type":"ListItem","@id":"https:\/\/www.rucashk.com\/es\/#listItem","position":1,"name":"Home","item":"https:\/\/www.rucashk.com\/es\/","nextItem":"https:\/\/www.rucashk.com\/es\/producto\/xiaomi-redmi-k20\/#listItem"},{"@type":"ListItem","@id":"https:\/\/www.rucashk.com\/es\/producto\/xiaomi-redmi-k20\/#listItem","position":2,"name":"Xiaomi Redmi K20","previousItem":"https:\/\/www.rucashk.com\/es\/#listItem"}]},{"@type":"Organization","@id":"https:\/\/www.rucashk.com\/es\/#organization","name":"Rucas","url":"https:\/\/www.rucashk.com\/es\/","logo":{"@type":"ImageObject","url":"https:\/\/www.rucashk.com\/wp-content\/uploads\/2023\/12\/Rucas_campany_logo.png","@id":"https:\/\/www.rucashk.com\/es\/producto\/xiaomi-redmi-k20\/#organizationLogo","width":221,"height":65},"image":{"@id":"https:\/\/www.rucashk.com\/es\/#organizationLogo"}},{"@type":"Person","@id":"https:\/\/www.rucashk.com\/es\/author\/admin\/#author","url":"https:\/\/www.rucashk.com\/es\/author\/admin\/","name":"admin","image":{"@type":"ImageObject","@id":"https:\/\/www.rucashk.com\/es\/producto\/xiaomi-redmi-k20\/#authorImage","url":"https:\/\/secure.gravatar.com\/avatar\/b7c8925b09a27e72b30232f8ecaadbd5af0f70a38c78096863fe51b64f031c24?s=96&d=mm&r=g","width":96,"height":96,"caption":"admin"}},{"@type":"WebPage","@id":"https:\/\/www.rucashk.com\/es\/producto\/xiaomi-redmi-k20\/#webpage","url":"https:\/\/www.rucashk.com\/es\/producto\/xiaomi-redmi-k20\/","name":"Xiaomi Redmi K20 - Rucas - Wholesale and Distribution","description":"Qualcomm\u00ae Snapdragon\u2122 730. Game Turbo 2.0. 4000mAh high-capacity battery. 48MP AI Triple Rear camera. In-display fingerprint sensor. Corning\u00ae Gorilla\u00ae Glass 5.","inLanguage":"es-ES","isPartOf":{"@id":"https:\/\/www.rucashk.com\/es\/#website"},"breadcrumb":{"@id":"https:\/\/www.rucashk.com\/es\/producto\/xiaomi-redmi-k20\/#breadcrumblist"},"author":{"@id":"https:\/\/www.rucashk.com\/es\/author\/admin\/#author"},"creator":{"@id":"https:\/\/www.rucashk.com\/es\/author\/admin\/#author"},"image":{"@type":"ImageObject","url":"https:\/\/www.rucashk.com\/wp-content\/uploads\/2024\/01\/xiaomi-k20_\u526f\u672c-1.png","@id":"https:\/\/www.rucashk.com\/es\/producto\/xiaomi-redmi-k20\/#mainImage","width":800,"height":800},"primaryImageOfPage":{"@id":"https:\/\/www.rucashk.com\/es\/producto\/xiaomi-redmi-k20\/#mainImage"},"datePublished":"2024-01-09T15:45:06+00:00","dateModified":"2024-03-11T07:58:45+00:00"},{"@type":"WebSite","@id":"https:\/\/www.rucashk.com\/es\/#website","url":"https:\/\/www.rucashk.com\/es\/","name":"Rucas - Wholesale and distribution worldwide","alternateName":"Rucas - One-stop AIoT Distribution Worldwide","description":"One-stop AIoT Distribution Worldwide","inLanguage":"es-ES","publisher":{"@id":"https:\/\/www.rucashk.com\/es\/#organization"}}]}},"aioseo_meta_data":{"post_id":"22519","title":null,"description":null,"keywords":null,"keyphrases":null,"primary_term":null,"canonical_url":null,"og_title":null,"og_description":null,"og_object_type":"default","og_image_type":"default","og_image_url":null,"og_image_width":null,"og_image_height":null,"og_image_custom_url":null,"og_image_custom_fields":null,"og_video":null,"og_custom_url":null,"og_article_section":null,"og_article_tags":null,"twitter_use_og":false,"twitter_card":"default","twitter_image_type":"default","twitter_image_url":null,"twitter_image_custom_url":null,"twitter_image_custom_fields":null,"twitter_title":null,"twitter_description":null,"schema":{"blockGraphs":[],"customGraphs":[],"default":{"data":{"Article":[],"Course":[],"Dataset":[],"FAQPage":[],"Movie":[],"Person":[],"Product":[],"Recipe":[],"Service":[],"SoftwareApplication":[],"WebPage":[]},"graphName":"","isEnabled":true},"graphs":[]},"schema_type":"default","schema_type_options":null,"pillar_content":false,"robots_default":true,"robots_noindex":false,"robots_noarchive":false,"robots_nosnippet":false,"robots_nofollow":false,"robots_noimageindex":false,"robots_noodp":false,"robots_notranslate":false,"robots_max_snippet":null,"robots_max_videopreview":null,"robots_max_imagepreview":"large","priority":null,"frequency":null,"local_seo":null,"breadcrumb_settings":null,"limit_modified_date":false,"created":"2024-04-11 01:55:23","updated":"2025-06-22 16:44:02"},"aioseo_breadcrumb":"<div class=\"aioseo-breadcrumbs\"><span class=\"aioseo-breadcrumb\">\n\t<a href=\"https:\/\/www.rucashk.com\/es\" title=\"Home\">Home<\/a>\n<\/span><span class=\"aioseo-breadcrumb-separator\">&raquo;<\/span><span class=\"aioseo-breadcrumb\">\n\t<a href=\"https:\/\/www.rucashk.com\/es\/products\/\" title=\"Productos\">Productos<\/a>\n<\/span><span class=\"aioseo-breadcrumb-separator\">&raquo;<\/span><span class=\"aioseo-breadcrumb\">\n\t<a href=\"https:\/\/www.rucashk.com\/es\/categoria-producto\/mobile-phone\/\" title=\"Mobile Phone\">Mobile Phone<\/a>\n<\/span><span class=\"aioseo-breadcrumb-separator\">&raquo;<\/span><span class=\"aioseo-breadcrumb\">\n\t<a href=\"https:\/\/www.rucashk.com\/es\/categoria-producto\/mobile-phone\/redmi-mobile-phone\/\" title=\"Redmi\">Redmi<\/a>\n<\/span><span class=\"aioseo-breadcrumb-separator\">&raquo;<\/span><span class=\"aioseo-breadcrumb\">\n\tXiaomi Redmi K20\n<\/span><\/div>","aioseo_breadcrumb_json":[{"label":"Home","link":"https:\/\/www.rucashk.com\/es"},{"label":"Productos","link":"https:\/\/www.rucashk.com\/es\/products\/"},{"label":"Mobile Phone","link":"https:\/\/www.rucashk.com\/es\/categoria-producto\/mobile-phone\/"},{"label":"Redmi","link":"https:\/\/www.rucashk.com\/es\/categoria-producto\/mobile-phone\/redmi-mobile-phone\/"},{"label":"Xiaomi Redmi K20","link":"https:\/\/www.rucashk.com\/es\/producto\/xiaomi-redmi-k20\/"}],"_links":{"self":[{"href":"https:\/\/www.rucashk.com\/es\/wp-json\/wp\/v2\/product\/22519","targetHints":{"allow":["GET"]}}],"collection":[{"href":"https:\/\/www.rucashk.com\/es\/wp-json\/wp\/v2\/product"}],"about":[{"href":"https:\/\/www.rucashk.com\/es\/wp-json\/wp\/v2\/types\/product"}],"wp:featuredmedia":[{"embeddable":true,"href":"https:\/\/www.rucashk.com\/es\/wp-json\/wp\/v2\/media\/22582"}],"wp:attachment":[{"href":"https:\/\/www.rucashk.com\/es\/wp-json\/wp\/v2\/media?parent=22519"}],"wp:term":[{"taxonomy":"product_brand","embeddable":true,"href":"https:\/\/www.rucashk.com\/es\/wp-json\/wp\/v2\/product_brand?post=22519"},{"taxonomy":"product_cat","embeddable":true,"href":"https:\/\/www.rucashk.com\/es\/wp-json\/wp\/v2\/product_cat?post=22519"},{"taxonomy":"product_tag","embeddable":true,"href":"https:\/\/www.rucashk.com\/es\/wp-json\/wp\/v2\/product_tag?post=22519"}],"curies":[{"name":"wp","href":"https:\/\/api.w.org\/{rel}","templated":true}]}}