{"id":22483,"date":"2024-01-09T15:44:44","date_gmt":"2024-01-09T15:44:44","guid":{"rendered":"http:\/\/rucashk.com\/?post_type=product&#038;p=22483"},"modified":"2024-03-12T06:56:52","modified_gmt":"2024-03-12T06:56:52","slug":"garmin-vivoactive-4","status":"publish","type":"product","link":"https:\/\/www.rucashk.com\/es\/producto\/garmin-vivoactive-4\/","title":{"rendered":"Garmin Vivoactive 4"},"content":{"rendered":"<div class=\"product-info-main\">\n<div class=\"product-info-usp-container\">\n<h1 class=\"product-specs\" style=\"text-align: center\"><strong>Garmin Vivoactive 4<\/strong><\/h1>\n<div id=\"expert-advice\" class=\"product-expert-info-image\">\n<div class=\"inner\"><\/div>\n<\/div>\n<\/div>\n<\/div>\n<div class=\"product media\">\n<div class=\"gallery product-images\">\n<div class=\"swiper-container gallery-top swiper-container-initialized swiper-container-horizontal swiper-container-multirow\">\n<div class=\"swiper-container swiper-container-initialized swiper-container-horizontal swiper-container-multirow\">\n<div class=\"wrapper product-images-count-6 product-images-multiple swiper-wrapper\" data-imagecount=\"6\">\n<figure class=\"swiper-slide swiper-slide-active\" data-swiper-column=\"0\" data-swiper-row=\"0\">\n<div class=\"image-wrapper\"><img decoding=\"async\" class=\"aligncenter\" src=\"\/wp-content\/uploads\/replace\/99cda3dd6274c57107be6717d2ed37c7.jpeg\" alt=\"-337646\" \/><\/div>\n<\/figure>\n<figure class=\"swiper-slide swiper-slide-next\" data-swiper-column=\"0\" data-swiper-row=\"1\">\n<div class=\"image-wrapper\"><img decoding=\"async\" class=\"aligncenter\" src=\"\/wp-content\/uploads\/replace\/55df8fed25d66e713c472a3a91034055.jpeg\" alt=\"-337647\" \/><\/div>\n<\/figure>\n<figure class=\"swiper-slide\" data-swiper-column=\"1\" data-swiper-row=\"0\">\n<div class=\"image-wrapper\"><img decoding=\"async\" class=\"aligncenter\" src=\"\/wp-content\/uploads\/replace\/fe0575119de53c5e61374fe1b608e8c5.jpeg\" alt=\"-337648\" \/><\/div>\n<\/figure>\n<figure class=\"swiper-slide\" data-swiper-column=\"1\" data-swiper-row=\"1\">\n<div class=\"image-wrapper\"><img decoding=\"async\" class=\"aligncenter\" src=\"\/wp-content\/uploads\/replace\/f0bf0b4da1a61c4b58cbdf3e6e808d2b.jpeg\" alt=\"-337649\" \/><\/div>\n<div>\n<p><strong>Especificaci\u00f3n<\/strong>:<\/p>\n<ul>\n<li>Escuche m\u00fasica a trav\u00e9s de Spotify y Deezer, o directamente desde su reloj inteligente con GPS<\/li>\n<li>Descarga hasta 500 canciones en tu reloj inteligente<\/li>\n<li>Recibe notificaciones desde tu tel\u00e9fono<\/li>\n<li>GPS integrado<\/li>\n<li>El sensor Pulse Ox mide la saturaci\u00f3n de ox\u00edgeno en la sangre<\/li>\n<li>Pago Garmin<\/li>\n<li>Detecci\u00f3n y asistencia de incidentes<\/li>\n<li><a href=\"https:\/\/www.rucashk.com\/es\/producto\/xiaomi-smart-watch-gps-45days-long-battery\/\" class=\"\" style=\"width: auto !important\" data-wpil-post-to-id=\"9404\">Duraci\u00f3n de la bater\u00eda: 8 d\u00edas en modo reloj inteligente, 6 horas en GPS<\/a> y modo m\u00fasica<\/li>\n<li>Resistente al agua hasta 50 metros<\/li>\n<li>Tama\u00f1o: 45,1x45,1x12,8mm<\/li>\n<li>Peso: 50 gramos<\/li>\n<li>USB recargable<\/li>\n<\/ul>\n<\/div>\n<\/figure>\n<p>&nbsp;<\/p>\n<\/div>\n<\/div>\n<\/div>\n<\/div>\n<\/div>","protected":false},"excerpt":{"rendered":"<ul>\n<li><strong>Vigila tu salud las 24 horas del d\u00eda<\/strong>\u00a0con la funci\u00f3n de oximetr\u00eda de pulso y Body Energy Monitor Battery\u2122, y realice un seguimiento de su respiraci\u00f3n, ciclo menstrual, estr\u00e9s, sue\u00f1o, frecuencia card\u00edaca, hidrataci\u00f3n y m\u00e1s.<\/li>\n<li><strong>Descarga pistas f\u00e1cilmente a tu reloj<\/strong>, incluidas listas de reproducci\u00f3n de tu cuenta de Spotify\u00ae, Amazon Music o Deezer, y empar\u00e9jalo con auriculares (se venden por separado) para escuchar sin usar tu tel\u00e9fono.<\/li>\n<li>Graba cada forma en que te mueves\u00a0<strong>M\u00e1s de 20 aplicaciones de deportes de interior preinstaladas.<\/strong>\u00a0y funci\u00f3n de GPS para yoga, nataci\u00f3n, carrera y m\u00e1s.<\/li>\n<li>Realice tareas f\u00e1ciles de seguir,\u00a0<strong>entrenamientos divertidos<\/strong>\u00a0directamente en la pantalla del reloj, incluyendo entrenamiento de fuerza, cardio, yoga y Pilates.<\/li>\n<li>Disfrutar\u00a0<strong>hasta 8 d\u00edas de duraci\u00f3n de la bater\u00eda<\/strong> en modo inteligente y hasta 6 horas en modo GPS y m\u00fasica.<\/li>\n<\/ul>","protected":false},"featured_media":22574,"template":"","meta":[],"product_brand":[],"product_cat":[1346,1322],"product_tag":[],"class_list":{"0":"post-22483","1":"product","2":"type-product","3":"status-publish","4":"has-post-thumbnail","6":"product_cat-garmin-other-a-brands","7":"product_cat-other-a-brands","9":"first","10":"instock","11":"shipping-taxable","12":"product-type-external"},"aioseo_notices":[],"aioseo_head":"\n\t\t<!-- All in One SEO Pro 4.5.9.2 - aioseo.com -->\n\t\t<meta name=\"description\" content=\"Monitor your health 24 hours a day with the pulse oximetry feature and the Body Energy Monitor Battery\u2122, and track your breathing, menstrual cycle, stress, sleep, heart rate, hydration and more. Easily download tracks to your watch, including playlists from your Spotify\u00ae, Amazon Music or Deezer account, and pair it with headphones (sold separately) for listening without using your phone. Record every way you move with over 20 pre-installed indoor sports apps and GPS feature for yoga, swimming, running and more. Perform easy-to-follow, fun workouts directly on the watch display, including strength training, cardio, yoga and Pilates. Enjoy up to 8 days of battery life in smart mode and up to 6 hours in GPS and music mode.\" \/>\n\t\t<meta name=\"robots\" content=\"max-image-preview:large\" \/>\n\t\t<link rel=\"canonical\" href=\"https:\/\/www.rucashk.com\/es\/producto\/garmin-vivoactive-4\/\" \/>\n\t\t<meta name=\"generator\" content=\"All in One SEO Pro (AIOSEO) 4.5.9.2\" \/>\n\t\t<meta property=\"og:locale\" content=\"es_ES\" \/>\n\t\t<meta property=\"og:site_name\" content=\"Rucas - One-stop AIoT Distribution Worldwide\" \/>\n\t\t<meta property=\"og:type\" content=\"article\" \/>\n\t\t<meta property=\"og:title\" content=\"Garmin Vivoactive 4 - Rucas - Wholesale and Distribution\" \/>\n\t\t<meta property=\"og:description\" content=\"Monitor your health 24 hours a day with the pulse oximetry feature and the Body Energy Monitor Battery\u2122, and track your breathing, menstrual cycle, stress, sleep, heart rate, hydration and more. Easily download tracks to your watch, including playlists from your Spotify\u00ae, Amazon Music or Deezer account, and pair it with headphones (sold separately) for listening without using your phone. Record every way you move with over 20 pre-installed indoor sports apps and GPS feature for yoga, swimming, running and more. Perform easy-to-follow, fun workouts directly on the watch display, including strength training, cardio, yoga and Pilates. Enjoy up to 8 days of battery life in smart mode and up to 6 hours in GPS and music mode.\" \/>\n\t\t<meta property=\"og:url\" content=\"https:\/\/www.rucashk.com\/es\/producto\/garmin-vivoactive-4\/\" \/>\n\t\t<meta property=\"og:image\" content=\"https:\/\/www.rucashk.com\/wp-content\/uploads\/replace\/503b8e645f128a97ccde2b6290747646.jpeg\" \/>\n\t\t<meta property=\"og:image:secure_url\" content=\"https:\/\/www.rucashk.com\/wp-content\/uploads\/replace\/503b8e645f128a97ccde2b6290747646.jpeg\" \/>\n\t\t<meta property=\"og:image:width\" content=\"1456\" \/>\n\t\t<meta property=\"og:image:height\" content=\"816\" \/>\n\t\t<meta property=\"article:published_time\" content=\"2024-01-09T15:44:44+00:00\" \/>\n\t\t<meta property=\"article:modified_time\" content=\"2024-03-12T06:56:52+00:00\" \/>\n\t\t<meta name=\"twitter:card\" content=\"summary_large_image\" \/>\n\t\t<meta name=\"twitter:title\" content=\"Garmin Vivoactive 4 - Rucas - Wholesale and Distribution\" \/>\n\t\t<meta name=\"twitter:description\" content=\"Monitor your health 24 hours a day with the pulse oximetry feature and the Body Energy Monitor Battery\u2122, and track your breathing, menstrual cycle, stress, sleep, heart rate, hydration and more. Easily download tracks to your watch, including playlists from your Spotify\u00ae, Amazon Music or Deezer account, and pair it with headphones (sold separately) for listening without using your phone. Record every way you move with over 20 pre-installed indoor sports apps and GPS feature for yoga, swimming, running and more. Perform easy-to-follow, fun workouts directly on the watch display, including strength training, cardio, yoga and Pilates. Enjoy up to 8 days of battery life in smart mode and up to 6 hours in GPS and music mode.\" \/>\n\t\t<meta name=\"twitter:image\" content=\"https:\/\/www.rucashk.com\/wp-content\/uploads\/replace\/503b8e645f128a97ccde2b6290747646.jpeg\" \/>\n\t\t<script type=\"application\/ld+json\" class=\"aioseo-schema\">\n\t\t\t{\"@context\":\"https:\\\/\\\/schema.org\",\"@graph\":[{\"@type\":\"BreadcrumbList\",\"@id\":\"https:\\\/\\\/www.rucashk.com\\\/es\\\/producto\\\/garmin-vivoactive-4\\\/#breadcrumblist\",\"itemListElement\":[{\"@type\":\"ListItem\",\"@id\":\"https:\\\/\\\/www.rucashk.com\\\/es\\\/#listItem\",\"position\":1,\"name\":\"Home\",\"item\":\"https:\\\/\\\/www.rucashk.com\\\/es\\\/\",\"nextItem\":\"https:\\\/\\\/www.rucashk.com\\\/es\\\/producto\\\/garmin-vivoactive-4\\\/#listItem\"},{\"@type\":\"ListItem\",\"@id\":\"https:\\\/\\\/www.rucashk.com\\\/es\\\/producto\\\/garmin-vivoactive-4\\\/#listItem\",\"position\":2,\"name\":\"Garmin\\u00a0Vivoactive 4\",\"previousItem\":\"https:\\\/\\\/www.rucashk.com\\\/es\\\/#listItem\"}]},{\"@type\":\"Organization\",\"@id\":\"https:\\\/\\\/www.rucashk.com\\\/es\\\/#organization\",\"name\":\"Rucas\",\"url\":\"https:\\\/\\\/www.rucashk.com\\\/es\\\/\",\"logo\":{\"@type\":\"ImageObject\",\"url\":\"https:\\\/\\\/www.rucashk.com\\\/wp-content\\\/uploads\\\/2023\\\/12\\\/Rucas_campany_logo.png\",\"@id\":\"https:\\\/\\\/www.rucashk.com\\\/es\\\/producto\\\/garmin-vivoactive-4\\\/#organizationLogo\",\"width\":221,\"height\":65},\"image\":{\"@id\":\"https:\\\/\\\/www.rucashk.com\\\/es\\\/#organizationLogo\"}},{\"@type\":\"Person\",\"@id\":\"https:\\\/\\\/www.rucashk.com\\\/es\\\/author\\\/admin\\\/#author\",\"url\":\"https:\\\/\\\/www.rucashk.com\\\/es\\\/author\\\/admin\\\/\",\"name\":\"admin\",\"image\":{\"@type\":\"ImageObject\",\"@id\":\"https:\\\/\\\/www.rucashk.com\\\/es\\\/producto\\\/garmin-vivoactive-4\\\/#authorImage\",\"url\":\"https:\\\/\\\/secure.gravatar.com\\\/avatar\\\/b7c8925b09a27e72b30232f8ecaadbd5af0f70a38c78096863fe51b64f031c24?s=96&d=mm&r=g\",\"width\":96,\"height\":96,\"caption\":\"admin\"}},{\"@type\":\"WebPage\",\"@id\":\"https:\\\/\\\/www.rucashk.com\\\/es\\\/producto\\\/garmin-vivoactive-4\\\/#webpage\",\"url\":\"https:\\\/\\\/www.rucashk.com\\\/es\\\/producto\\\/garmin-vivoactive-4\\\/\",\"name\":\"Garmin Vivoactive 4 - Rucas - Wholesale and Distribution\",\"description\":\"Monitor your health 24 hours a day with the pulse oximetry feature and the Body Energy Monitor Battery\\u2122, and track your breathing, menstrual cycle, stress, sleep, heart rate, hydration and more. Easily download tracks to your watch, including playlists from your Spotify\\u00ae, Amazon Music or Deezer account, and pair it with headphones (sold separately) for listening without using your phone. Record every way you move with over 20 pre-installed indoor sports apps and GPS feature for yoga, swimming, running and more. Perform easy-to-follow, fun workouts directly on the watch display, including strength training, cardio, yoga and Pilates. Enjoy up to 8 days of battery life in smart mode and up to 6 hours in GPS and music mode.\",\"inLanguage\":\"es-ES\",\"isPartOf\":{\"@id\":\"https:\\\/\\\/www.rucashk.com\\\/es\\\/#website\"},\"breadcrumb\":{\"@id\":\"https:\\\/\\\/www.rucashk.com\\\/es\\\/producto\\\/garmin-vivoactive-4\\\/#breadcrumblist\"},\"author\":{\"@id\":\"https:\\\/\\\/www.rucashk.com\\\/es\\\/author\\\/admin\\\/#author\"},\"creator\":{\"@id\":\"https:\\\/\\\/www.rucashk.com\\\/es\\\/author\\\/admin\\\/#author\"},\"image\":{\"@type\":\"ImageObject\",\"url\":\"https:\\\/\\\/www.rucashk.com\\\/wp-content\\\/uploads\\\/2024\\\/01\\\/garmin-vivoactive-4_\\u526f\\u672c.jpg\",\"@id\":\"https:\\\/\\\/www.rucashk.com\\\/es\\\/producto\\\/garmin-vivoactive-4\\\/#mainImage\",\"width\":858,\"height\":788},\"primaryImageOfPage\":{\"@id\":\"https:\\\/\\\/www.rucashk.com\\\/es\\\/producto\\\/garmin-vivoactive-4\\\/#mainImage\"},\"datePublished\":\"2024-01-09T15:44:44+00:00\",\"dateModified\":\"2024-03-12T06:56:52+00:00\"},{\"@type\":\"WebSite\",\"@id\":\"https:\\\/\\\/www.rucashk.com\\\/es\\\/#website\",\"url\":\"https:\\\/\\\/www.rucashk.com\\\/es\\\/\",\"name\":\"Rucas - Wholesale and distribution worldwide\",\"alternateName\":\"Rucas - One-stop AIoT Distribution Worldwide\",\"description\":\"One-stop AIoT Distribution Worldwide\",\"inLanguage\":\"es-ES\",\"publisher\":{\"@id\":\"https:\\\/\\\/www.rucashk.com\\\/es\\\/#organization\"}}]}\n\t\t<\/script>\n\t\t<!-- All in One SEO Pro -->\r\n\t\t<title>Garmin Vivoactive 4 - Rucas - Wholesale and Distribution<\/title>\n\n","aioseo_head_json":{"title":"Garmin Vivoactive 4 - Rucas - Wholesale and Distribution","description":"Monitor your health 24 hours a day with the pulse oximetry feature and the Body Energy Monitor Battery\u2122, and track your breathing, menstrual cycle, stress, sleep, heart rate, hydration and more. Easily download tracks to your watch, including playlists from your Spotify\u00ae, Amazon Music or Deezer account, and pair it with headphones (sold separately) for listening without using your phone. Record every way you move with over 20 pre-installed indoor sports apps and GPS feature for yoga, swimming, running and more. Perform easy-to-follow, fun workouts directly on the watch display, including strength training, cardio, yoga and Pilates. Enjoy up to 8 days of battery life in smart mode and up to 6 hours in GPS and music mode.","canonical_url":"https:\/\/www.rucashk.com\/es\/producto\/garmin-vivoactive-4\/","robots":"max-image-preview:large","keywords":"","webmasterTools":{"miscellaneous":""},"og:locale":"es_ES","og:site_name":"Rucas - One-stop AIoT Distribution Worldwide","og:type":"article","og:title":"Garmin Vivoactive 4 - Rucas - Wholesale and Distribution","og:description":"Monitor your health 24 hours a day with the pulse oximetry feature and the Body Energy Monitor Battery\u2122, and track your breathing, menstrual cycle, stress, sleep, heart rate, hydration and more. Easily download tracks to your watch, including playlists from your Spotify\u00ae, Amazon Music or Deezer account, and pair it with headphones (sold separately) for listening without using your phone. Record every way you move with over 20 pre-installed indoor sports apps and GPS feature for yoga, swimming, running and more. Perform easy-to-follow, fun workouts directly on the watch display, including strength training, cardio, yoga and Pilates. Enjoy up to 8 days of battery life in smart mode and up to 6 hours in GPS and music mode.","og:url":"https:\/\/www.rucashk.com\/es\/producto\/garmin-vivoactive-4\/","og:image":"https:\/\/www.rucashk.com\/wp-content\/uploads\/replace\/503b8e645f128a97ccde2b6290747646.jpeg","og:image:secure_url":"https:\/\/www.rucashk.com\/wp-content\/uploads\/replace\/503b8e645f128a97ccde2b6290747646.jpeg","og:image:width":1456,"og:image:height":816,"article:published_time":"2024-01-09T15:44:44+00:00","article:modified_time":"2024-03-12T06:56:52+00:00","twitter:card":"summary_large_image","twitter:title":"Garmin Vivoactive 4 - Rucas - Wholesale and Distribution","twitter:description":"Monitor your health 24 hours a day with the pulse oximetry feature and the Body Energy Monitor Battery\u2122, and track your breathing, menstrual cycle, stress, sleep, heart rate, hydration and more. Easily download tracks to your watch, including playlists from your Spotify\u00ae, Amazon Music or Deezer account, and pair it with headphones (sold separately) for listening without using your phone. Record every way you move with over 20 pre-installed indoor sports apps and GPS feature for yoga, swimming, running and more. Perform easy-to-follow, fun workouts directly on the watch display, including strength training, cardio, yoga and Pilates. Enjoy up to 8 days of battery life in smart mode and up to 6 hours in GPS and music mode.","twitter:image":"https:\/\/www.rucashk.com\/wp-content\/uploads\/replace\/503b8e645f128a97ccde2b6290747646.jpeg","schema":{"@context":"https:\/\/schema.org","@graph":[{"@type":"BreadcrumbList","@id":"https:\/\/www.rucashk.com\/es\/producto\/garmin-vivoactive-4\/#breadcrumblist","itemListElement":[{"@type":"ListItem","@id":"https:\/\/www.rucashk.com\/es\/#listItem","position":1,"name":"Home","item":"https:\/\/www.rucashk.com\/es\/","nextItem":"https:\/\/www.rucashk.com\/es\/producto\/garmin-vivoactive-4\/#listItem"},{"@type":"ListItem","@id":"https:\/\/www.rucashk.com\/es\/producto\/garmin-vivoactive-4\/#listItem","position":2,"name":"Garmin\u00a0Vivoactive 4","previousItem":"https:\/\/www.rucashk.com\/es\/#listItem"}]},{"@type":"Organization","@id":"https:\/\/www.rucashk.com\/es\/#organization","name":"Rucas","url":"https:\/\/www.rucashk.com\/es\/","logo":{"@type":"ImageObject","url":"https:\/\/www.rucashk.com\/wp-content\/uploads\/2023\/12\/Rucas_campany_logo.png","@id":"https:\/\/www.rucashk.com\/es\/producto\/garmin-vivoactive-4\/#organizationLogo","width":221,"height":65},"image":{"@id":"https:\/\/www.rucashk.com\/es\/#organizationLogo"}},{"@type":"Person","@id":"https:\/\/www.rucashk.com\/es\/author\/admin\/#author","url":"https:\/\/www.rucashk.com\/es\/author\/admin\/","name":"admin","image":{"@type":"ImageObject","@id":"https:\/\/www.rucashk.com\/es\/producto\/garmin-vivoactive-4\/#authorImage","url":"https:\/\/secure.gravatar.com\/avatar\/b7c8925b09a27e72b30232f8ecaadbd5af0f70a38c78096863fe51b64f031c24?s=96&d=mm&r=g","width":96,"height":96,"caption":"admin"}},{"@type":"WebPage","@id":"https:\/\/www.rucashk.com\/es\/producto\/garmin-vivoactive-4\/#webpage","url":"https:\/\/www.rucashk.com\/es\/producto\/garmin-vivoactive-4\/","name":"Garmin Vivoactive 4 - Rucas - Wholesale and Distribution","description":"Monitor your health 24 hours a day with the pulse oximetry feature and the Body Energy Monitor Battery\u2122, and track your breathing, menstrual cycle, stress, sleep, heart rate, hydration and more. Easily download tracks to your watch, including playlists from your Spotify\u00ae, Amazon Music or Deezer account, and pair it with headphones (sold separately) for listening without using your phone. Record every way you move with over 20 pre-installed indoor sports apps and GPS feature for yoga, swimming, running and more. Perform easy-to-follow, fun workouts directly on the watch display, including strength training, cardio, yoga and Pilates. Enjoy up to 8 days of battery life in smart mode and up to 6 hours in GPS and music mode.","inLanguage":"es-ES","isPartOf":{"@id":"https:\/\/www.rucashk.com\/es\/#website"},"breadcrumb":{"@id":"https:\/\/www.rucashk.com\/es\/producto\/garmin-vivoactive-4\/#breadcrumblist"},"author":{"@id":"https:\/\/www.rucashk.com\/es\/author\/admin\/#author"},"creator":{"@id":"https:\/\/www.rucashk.com\/es\/author\/admin\/#author"},"image":{"@type":"ImageObject","url":"https:\/\/www.rucashk.com\/wp-content\/uploads\/2024\/01\/garmin-vivoactive-4_\u526f\u672c.jpg","@id":"https:\/\/www.rucashk.com\/es\/producto\/garmin-vivoactive-4\/#mainImage","width":858,"height":788},"primaryImageOfPage":{"@id":"https:\/\/www.rucashk.com\/es\/producto\/garmin-vivoactive-4\/#mainImage"},"datePublished":"2024-01-09T15:44:44+00:00","dateModified":"2024-03-12T06:56:52+00:00"},{"@type":"WebSite","@id":"https:\/\/www.rucashk.com\/es\/#website","url":"https:\/\/www.rucashk.com\/es\/","name":"Rucas - Wholesale and distribution worldwide","alternateName":"Rucas - One-stop AIoT Distribution Worldwide","description":"One-stop AIoT Distribution Worldwide","inLanguage":"es-ES","publisher":{"@id":"https:\/\/www.rucashk.com\/es\/#organization"}}]}},"aioseo_meta_data":{"post_id":"22483","title":null,"description":null,"keywords":null,"keyphrases":null,"primary_term":null,"canonical_url":null,"og_title":null,"og_description":null,"og_object_type":"default","og_image_type":"default","og_image_url":null,"og_image_width":null,"og_image_height":null,"og_image_custom_url":null,"og_image_custom_fields":null,"og_video":null,"og_custom_url":null,"og_article_section":null,"og_article_tags":null,"twitter_use_og":false,"twitter_card":"default","twitter_image_type":"default","twitter_image_url":null,"twitter_image_custom_url":null,"twitter_image_custom_fields":null,"twitter_title":null,"twitter_description":null,"schema":{"blockGraphs":[],"customGraphs":[],"default":{"data":{"Article":[],"Course":[],"Dataset":[],"FAQPage":[],"Movie":[],"Person":[],"Product":[],"Recipe":[],"Service":[],"SoftwareApplication":[],"WebPage":[]},"graphName":"","isEnabled":true},"graphs":[]},"schema_type":"default","schema_type_options":null,"pillar_content":false,"robots_default":true,"robots_noindex":false,"robots_noarchive":false,"robots_nosnippet":false,"robots_nofollow":false,"robots_noimageindex":false,"robots_noodp":false,"robots_notranslate":false,"robots_max_snippet":null,"robots_max_videopreview":null,"robots_max_imagepreview":"large","priority":null,"frequency":null,"local_seo":null,"breadcrumb_settings":null,"limit_modified_date":false,"created":"2024-04-11 01:55:23","updated":"2025-06-22 16:44:00"},"aioseo_breadcrumb":"<div class=\"aioseo-breadcrumbs\"><span class=\"aioseo-breadcrumb\">\n\t<a href=\"https:\/\/www.rucashk.com\/es\" title=\"Home\">Home<\/a>\n<\/span><span class=\"aioseo-breadcrumb-separator\">&raquo;<\/span><span class=\"aioseo-breadcrumb\">\n\t<a href=\"https:\/\/www.rucashk.com\/es\/products\/\" title=\"Productos\">Productos<\/a>\n<\/span><span class=\"aioseo-breadcrumb-separator\">&raquo;<\/span><span class=\"aioseo-breadcrumb\">\n\t<a href=\"https:\/\/www.rucashk.com\/es\/categoria-producto\/other-a-brands\/\" title=\"Other A-Brands\">Other A-Brands<\/a>\n<\/span><span class=\"aioseo-breadcrumb-separator\">&raquo;<\/span><span class=\"aioseo-breadcrumb\">\n\t<a href=\"https:\/\/www.rucashk.com\/es\/categoria-producto\/other-a-brands\/garmin-other-a-brands\/\" title=\"Garmin\">Garmin<\/a>\n<\/span><span class=\"aioseo-breadcrumb-separator\">&raquo;<\/span><span class=\"aioseo-breadcrumb\">\n\tGarmin\u00a0Vivoactive 4\n<\/span><\/div>","aioseo_breadcrumb_json":[{"label":"Home","link":"https:\/\/www.rucashk.com\/es"},{"label":"Productos","link":"https:\/\/www.rucashk.com\/es\/products\/"},{"label":"Other A-Brands","link":"https:\/\/www.rucashk.com\/es\/categoria-producto\/other-a-brands\/"},{"label":"Garmin","link":"https:\/\/www.rucashk.com\/es\/categoria-producto\/other-a-brands\/garmin-other-a-brands\/"},{"label":"Garmin\u00a0Vivoactive 4","link":"https:\/\/www.rucashk.com\/es\/producto\/garmin-vivoactive-4\/"}],"_links":{"self":[{"href":"https:\/\/www.rucashk.com\/es\/wp-json\/wp\/v2\/product\/22483","targetHints":{"allow":["GET"]}}],"collection":[{"href":"https:\/\/www.rucashk.com\/es\/wp-json\/wp\/v2\/product"}],"about":[{"href":"https:\/\/www.rucashk.com\/es\/wp-json\/wp\/v2\/types\/product"}],"wp:featuredmedia":[{"embeddable":true,"href":"https:\/\/www.rucashk.com\/es\/wp-json\/wp\/v2\/media\/22574"}],"wp:attachment":[{"href":"https:\/\/www.rucashk.com\/es\/wp-json\/wp\/v2\/media?parent=22483"}],"wp:term":[{"taxonomy":"product_brand","embeddable":true,"href":"https:\/\/www.rucashk.com\/es\/wp-json\/wp\/v2\/product_brand?post=22483"},{"taxonomy":"product_cat","embeddable":true,"href":"https:\/\/www.rucashk.com\/es\/wp-json\/wp\/v2\/product_cat?post=22483"},{"taxonomy":"product_tag","embeddable":true,"href":"https:\/\/www.rucashk.com\/es\/wp-json\/wp\/v2\/product_tag?post=22483"}],"curies":[{"name":"wp","href":"https:\/\/api.w.org\/{rel}","templated":true}]}}