{"id":22448,"date":"2024-01-09T15:44:20","date_gmt":"2024-01-09T15:44:20","guid":{"rendered":"http:\/\/rucashk.com\/?post_type=product&#038;p=22448"},"modified":"2024-01-21T10:42:01","modified_gmt":"2024-01-21T10:42:01","slug":"xiaomi-dafang-smart-ip-camera-110-degree-1080p-fhd","status":"publish","type":"product","link":"https:\/\/www.rucashk.com\/es\/producto\/xiaomi-dafang-smart-ip-camera-110-degree-1080p-fhd\/","title":{"rendered":"C\u00e1mara IP inteligente Xiaomi Dafang 110 grados 1080P FHD"},"content":{"rendered":"<p><img decoding=\"async\" src=\"https:\/\/www.rucashk.com\/wp-content\/uploads\/2020\/06\/bf0bfad3-8a6b-4931-a7ed-1391e6d143fb.jpg\" \/><img decoding=\"async\" src=\"https:\/\/www.rucashk.com\/wp-content\/uploads\/2020\/06\/79041320-cdf5-4812-bd9a-fd18a01fd673.jpg\" \/><img decoding=\"async\" src=\"https:\/\/www.rucashk.com\/wp-content\/uploads\/2020\/06\/d9f0ba63-61b6-4a7b-bac2-d23b4cee5830.jpg\" \/><img decoding=\"async\" src=\"https:\/\/www.rucashk.com\/wp-content\/uploads\/2020\/06\/4e71ef83-ca54-4af2-90ea-11edd628918a.jpg\" \/><img decoding=\"async\" src=\"https:\/\/www.rucashk.com\/wp-content\/uploads\/2020\/06\/1ae14323-6e8b-4e66-bf12-18b970435c66.jpg\" \/><img decoding=\"async\" src=\"https:\/\/www.rucashk.com\/wp-content\/uploads\/2020\/06\/97ea5a73-b5cb-44e3-b80e-e52ef4c427dd.jpg\" \/><img decoding=\"async\" src=\"https:\/\/www.rucashk.com\/wp-content\/uploads\/2020\/06\/8b2a9ba3-64b7-44b9-a893-710a2dc68804.jpg\" \/><img decoding=\"async\" src=\"https:\/\/www.rucashk.com\/wp-content\/uploads\/2020\/06\/5acf99f4-10a5-41cb-919f-6affa6a15d17.jpg\" \/><img decoding=\"async\" src=\"https:\/\/www.rucashk.com\/wp-content\/uploads\/2020\/06\/e3ab3867-75fb-4e1b-96f0-677b25d8a8f4.jpg\" \/><\/p>\n<h2>Especificaci\u00f3n<\/h2>\n<p><img fetchpriority=\"high\" decoding=\"async\" class=\"alignnone size-full wp-image-11771\" src=\"https:\/\/www.rucashk.com\/wp-content\/uploads\/2020\/06\/\u5fae\u4fe1\u56fe\u7247_20200608105016.png\" alt=\"\" width=\"917\" height=\"585\" \/><\/p>","protected":false},"excerpt":{"rendered":"<h2>Reflejos<\/h2>\n<p><strong>PTZ de alta velocidad<\/strong><\/p>\n<p>La c\u00e1mara IP Dafang admite una resoluci\u00f3n de 1080P, tiene una lente de apertura F 2.3, un \u00e1ngulo de visi\u00f3n de 120 grados, al girar el card\u00e1n, puede tomar fotograf\u00edas de 360 grados o 93 grados, tomando 3 segundos para verificar todo el estado de su hogar.<\/p>\n<p><strong>Monitoreo auxiliar inteligente<\/strong><\/p>\n<p>Con la marca del marco verde de la imagen de la transacci\u00f3n, el card\u00e1n rastrear\u00e1 autom\u00e1ticamente, observar\u00e1 la casa, observar\u00e1 al beb\u00e9 y a las mascotas de manera muy conveniente.<\/p>\n<p><strong>Funci\u00f3n de visi\u00f3n nocturna<\/strong><\/p>\n<p>La c\u00e1mara IP Dafang est\u00e1 integrada con 6 piezas de luz infrarroja complementaria de 940 nm, que puede restaurar la escena de visi\u00f3n nocturna en una escala de grises de 18 \u00f3rdenes, mientras tanto, admite llamadas telef\u00f3nicas bidireccionales, 87 dB restaurando la voz humana y escuchando la conversaci\u00f3n a 10 metros.<\/p>\n<p><strong>Almacenamiento de v\u00eddeo en modo dual<\/strong><\/p>\n<p>Adem\u00e1s de admitir tarjeta SD para expansi\u00f3n, la c\u00e1mara IP Dafang puede admitir disco U mediante cable USB. Los usuarios pueden lograr el modo PIP en la aplicaci\u00f3n Mijia, reduciendo la escena de monitoreo a una ventana flotante, como chatear y monitorear juntos.<\/p>","protected":false},"featured_media":22546,"template":"","meta":[],"product_brand":[],"product_cat":[1316,1305],"product_tag":[649,726,420],"class_list":{"0":"post-22448","1":"product","2":"type-product","3":"status-publish","4":"has-post-thumbnail","6":"product_cat-mi-camera","7":"product_cat-xiaomi-eco","8":"product_tag-camera","9":"product_tag-smart","10":"product_tag-xiaomi","12":"first","13":"instock","14":"shipping-taxable","15":"product-type-external"},"aioseo_notices":[],"aioseo_head":"\n\t\t<!-- All in One SEO Pro 4.5.9.2 - aioseo.com -->\n\t\t<meta name=\"description\" content=\"Highlights High speed PTZ Dafang IP camera supports 1080P resolution, it has F 2.3 aperture lens, 120 degree viewing angle, by rotating the gimbal, it can take photographs by 360 degree or 93 degree, taking 3 seconds to check all state of your home. Intelligent auxiliary monitoring With the transaction image green frame mark , the gimbal will automatically track, watch home, watch baby and pets very conveniently. Night vision function Dafang IP camera is built in 6 pieces of 940nm infrared complimentary light, which can restore night vision scene in 18 order gray scale, meanwhile, it supports double way phone call, 87db restoring human voice, hearing the conversation in 10 meters. Dual mode video storage Besides supporting SD card for expansion, Dafang IP camera can support U disk by USB cable. Users can achieve PIP mode in Mijia app, narrowing the monitoring scene to floating window, such as chatting and monitoring together.\" \/>\n\t\t<meta name=\"robots\" content=\"max-image-preview:large\" \/>\n\t\t<link rel=\"canonical\" href=\"https:\/\/www.rucashk.com\/es\/producto\/xiaomi-dafang-smart-ip-camera-110-degree-1080p-fhd\/\" \/>\n\t\t<meta name=\"generator\" content=\"All in One SEO Pro (AIOSEO) 4.5.9.2\" \/>\n\t\t<meta property=\"og:locale\" content=\"es_ES\" \/>\n\t\t<meta property=\"og:site_name\" content=\"Rucas - One-stop AIoT Distribution Worldwide\" \/>\n\t\t<meta property=\"og:type\" content=\"article\" \/>\n\t\t<meta property=\"og:title\" content=\"Xiaomi Dafang Smart IP Camera 110 Degree 1080P FHD - Rucas - Wholesale and Distribution\" \/>\n\t\t<meta property=\"og:description\" content=\"Highlights High speed PTZ Dafang IP camera supports 1080P resolution, it has F 2.3 aperture lens, 120 degree viewing angle, by rotating the gimbal, it can take photographs by 360 degree or 93 degree, taking 3 seconds to check all state of your home. Intelligent auxiliary monitoring With the transaction image green frame mark , the gimbal will automatically track, watch home, watch baby and pets very conveniently. Night vision function Dafang IP camera is built in 6 pieces of 940nm infrared complimentary light, which can restore night vision scene in 18 order gray scale, meanwhile, it supports double way phone call, 87db restoring human voice, hearing the conversation in 10 meters. Dual mode video storage Besides supporting SD card for expansion, Dafang IP camera can support U disk by USB cable. Users can achieve PIP mode in Mijia app, narrowing the monitoring scene to floating window, such as chatting and monitoring together.\" \/>\n\t\t<meta property=\"og:url\" content=\"https:\/\/www.rucashk.com\/es\/producto\/xiaomi-dafang-smart-ip-camera-110-degree-1080p-fhd\/\" \/>\n\t\t<meta property=\"og:image\" content=\"https:\/\/www.rucashk.com\/wp-content\/uploads\/replace\/503b8e645f128a97ccde2b6290747646.jpeg\" \/>\n\t\t<meta property=\"og:image:secure_url\" content=\"https:\/\/www.rucashk.com\/wp-content\/uploads\/replace\/503b8e645f128a97ccde2b6290747646.jpeg\" \/>\n\t\t<meta property=\"og:image:width\" content=\"1456\" \/>\n\t\t<meta property=\"og:image:height\" content=\"816\" \/>\n\t\t<meta property=\"article:published_time\" content=\"2024-01-09T15:44:20+00:00\" \/>\n\t\t<meta property=\"article:modified_time\" content=\"2024-01-21T10:42:01+00:00\" \/>\n\t\t<meta name=\"twitter:card\" content=\"summary_large_image\" \/>\n\t\t<meta name=\"twitter:title\" content=\"Xiaomi Dafang Smart IP Camera 110 Degree 1080P FHD - Rucas - Wholesale and Distribution\" \/>\n\t\t<meta name=\"twitter:description\" content=\"Highlights High speed PTZ Dafang IP camera supports 1080P resolution, it has F 2.3 aperture lens, 120 degree viewing angle, by rotating the gimbal, it can take photographs by 360 degree or 93 degree, taking 3 seconds to check all state of your home. Intelligent auxiliary monitoring With the transaction image green frame mark , the gimbal will automatically track, watch home, watch baby and pets very conveniently. Night vision function Dafang IP camera is built in 6 pieces of 940nm infrared complimentary light, which can restore night vision scene in 18 order gray scale, meanwhile, it supports double way phone call, 87db restoring human voice, hearing the conversation in 10 meters. Dual mode video storage Besides supporting SD card for expansion, Dafang IP camera can support U disk by USB cable. Users can achieve PIP mode in Mijia app, narrowing the monitoring scene to floating window, such as chatting and monitoring together.\" \/>\n\t\t<meta name=\"twitter:image\" content=\"https:\/\/www.rucashk.com\/wp-content\/uploads\/replace\/503b8e645f128a97ccde2b6290747646.jpeg\" \/>\n\t\t<script type=\"application\/ld+json\" class=\"aioseo-schema\">\n\t\t\t{\"@context\":\"https:\\\/\\\/schema.org\",\"@graph\":[{\"@type\":\"BreadcrumbList\",\"@id\":\"https:\\\/\\\/www.rucashk.com\\\/es\\\/producto\\\/xiaomi-dafang-smart-ip-camera-110-degree-1080p-fhd\\\/#breadcrumblist\",\"itemListElement\":[{\"@type\":\"ListItem\",\"@id\":\"https:\\\/\\\/www.rucashk.com\\\/es\\\/#listItem\",\"position\":1,\"name\":\"Home\",\"item\":\"https:\\\/\\\/www.rucashk.com\\\/es\\\/\",\"nextItem\":\"https:\\\/\\\/www.rucashk.com\\\/es\\\/producto\\\/xiaomi-dafang-smart-ip-camera-110-degree-1080p-fhd\\\/#listItem\"},{\"@type\":\"ListItem\",\"@id\":\"https:\\\/\\\/www.rucashk.com\\\/es\\\/producto\\\/xiaomi-dafang-smart-ip-camera-110-degree-1080p-fhd\\\/#listItem\",\"position\":2,\"name\":\"Xiaomi Dafang Smart IP Camera 110 Degree 1080P FHD\",\"previousItem\":\"https:\\\/\\\/www.rucashk.com\\\/es\\\/#listItem\"}]},{\"@type\":\"Organization\",\"@id\":\"https:\\\/\\\/www.rucashk.com\\\/es\\\/#organization\",\"name\":\"Rucas\",\"url\":\"https:\\\/\\\/www.rucashk.com\\\/es\\\/\",\"logo\":{\"@type\":\"ImageObject\",\"url\":\"https:\\\/\\\/www.rucashk.com\\\/wp-content\\\/uploads\\\/2023\\\/12\\\/Rucas_campany_logo.png\",\"@id\":\"https:\\\/\\\/www.rucashk.com\\\/es\\\/producto\\\/xiaomi-dafang-smart-ip-camera-110-degree-1080p-fhd\\\/#organizationLogo\",\"width\":221,\"height\":65},\"image\":{\"@id\":\"https:\\\/\\\/www.rucashk.com\\\/es\\\/#organizationLogo\"}},{\"@type\":\"Person\",\"@id\":\"https:\\\/\\\/www.rucashk.com\\\/es\\\/author\\\/admin\\\/#author\",\"url\":\"https:\\\/\\\/www.rucashk.com\\\/es\\\/author\\\/admin\\\/\",\"name\":\"admin\",\"image\":{\"@type\":\"ImageObject\",\"@id\":\"https:\\\/\\\/www.rucashk.com\\\/es\\\/producto\\\/xiaomi-dafang-smart-ip-camera-110-degree-1080p-fhd\\\/#authorImage\",\"url\":\"https:\\\/\\\/secure.gravatar.com\\\/avatar\\\/b7c8925b09a27e72b30232f8ecaadbd5af0f70a38c78096863fe51b64f031c24?s=96&d=mm&r=g\",\"width\":96,\"height\":96,\"caption\":\"admin\"}},{\"@type\":\"WebPage\",\"@id\":\"https:\\\/\\\/www.rucashk.com\\\/es\\\/producto\\\/xiaomi-dafang-smart-ip-camera-110-degree-1080p-fhd\\\/#webpage\",\"url\":\"https:\\\/\\\/www.rucashk.com\\\/es\\\/producto\\\/xiaomi-dafang-smart-ip-camera-110-degree-1080p-fhd\\\/\",\"name\":\"Xiaomi Dafang Smart IP Camera 110 Degree 1080P FHD - Rucas - Wholesale and Distribution\",\"description\":\"Highlights High speed PTZ Dafang IP camera supports 1080P resolution, it has F 2.3 aperture lens, 120 degree viewing angle, by rotating the gimbal, it can take photographs by 360 degree or 93 degree, taking 3 seconds to check all state of your home. Intelligent auxiliary monitoring With the transaction image green frame mark , the gimbal will automatically track, watch home, watch baby and pets very conveniently. Night vision function Dafang IP camera is built in 6 pieces of 940nm infrared complimentary light, which can restore night vision scene in 18 order gray scale, meanwhile, it supports double way phone call, 87db restoring human voice, hearing the conversation in 10 meters. Dual mode video storage Besides supporting SD card for expansion, Dafang IP camera can support U disk by USB cable. Users can achieve PIP mode in Mijia app, narrowing the monitoring scene to floating window, such as chatting and monitoring together.\",\"inLanguage\":\"es-ES\",\"isPartOf\":{\"@id\":\"https:\\\/\\\/www.rucashk.com\\\/es\\\/#website\"},\"breadcrumb\":{\"@id\":\"https:\\\/\\\/www.rucashk.com\\\/es\\\/producto\\\/xiaomi-dafang-smart-ip-camera-110-degree-1080p-fhd\\\/#breadcrumblist\"},\"author\":{\"@id\":\"https:\\\/\\\/www.rucashk.com\\\/es\\\/author\\\/admin\\\/#author\"},\"creator\":{\"@id\":\"https:\\\/\\\/www.rucashk.com\\\/es\\\/author\\\/admin\\\/#author\"},\"image\":{\"@type\":\"ImageObject\",\"url\":\"https:\\\/\\\/www.rucashk.com\\\/wp-content\\\/uploads\\\/2024\\\/01\\\/1_\\u526f\\u672c-7.jpg\",\"@id\":\"https:\\\/\\\/www.rucashk.com\\\/es\\\/producto\\\/xiaomi-dafang-smart-ip-camera-110-degree-1080p-fhd\\\/#mainImage\",\"width\":800,\"height\":800},\"primaryImageOfPage\":{\"@id\":\"https:\\\/\\\/www.rucashk.com\\\/es\\\/producto\\\/xiaomi-dafang-smart-ip-camera-110-degree-1080p-fhd\\\/#mainImage\"},\"datePublished\":\"2024-01-09T15:44:20+00:00\",\"dateModified\":\"2024-01-21T10:42:01+00:00\"},{\"@type\":\"WebSite\",\"@id\":\"https:\\\/\\\/www.rucashk.com\\\/es\\\/#website\",\"url\":\"https:\\\/\\\/www.rucashk.com\\\/es\\\/\",\"name\":\"Rucas - Wholesale and distribution worldwide\",\"alternateName\":\"Rucas - One-stop AIoT Distribution Worldwide\",\"description\":\"One-stop AIoT Distribution Worldwide\",\"inLanguage\":\"es-ES\",\"publisher\":{\"@id\":\"https:\\\/\\\/www.rucashk.com\\\/es\\\/#organization\"}}]}\n\t\t<\/script>\n\t\t<!-- All in One SEO Pro -->\r\n\t\t<title>Xiaomi Dafang Smart IP Camera 110 Degree 1080P FHD - Rucas - Wholesale and Distribution<\/title>\n\n","aioseo_head_json":{"title":"Xiaomi Dafang Smart IP Camera 110 Degree 1080P FHD - Rucas - Wholesale and Distribution","description":"Highlights High speed PTZ Dafang IP camera supports 1080P resolution, it has F 2.3 aperture lens, 120 degree viewing angle, by rotating the gimbal, it can take photographs by 360 degree or 93 degree, taking 3 seconds to check all state of your home. Intelligent auxiliary monitoring With the transaction image green frame mark , the gimbal will automatically track, watch home, watch baby and pets very conveniently. Night vision function Dafang IP camera is built in 6 pieces of 940nm infrared complimentary light, which can restore night vision scene in 18 order gray scale, meanwhile, it supports double way phone call, 87db restoring human voice, hearing the conversation in 10 meters. Dual mode video storage Besides supporting SD card for expansion, Dafang IP camera can support U disk by USB cable. Users can achieve PIP mode in Mijia app, narrowing the monitoring scene to floating window, such as chatting and monitoring together.","canonical_url":"https:\/\/www.rucashk.com\/es\/producto\/xiaomi-dafang-smart-ip-camera-110-degree-1080p-fhd\/","robots":"max-image-preview:large","keywords":"","webmasterTools":{"miscellaneous":""},"og:locale":"es_ES","og:site_name":"Rucas - One-stop AIoT Distribution Worldwide","og:type":"article","og:title":"Xiaomi Dafang Smart IP Camera 110 Degree 1080P FHD - Rucas - Wholesale and Distribution","og:description":"Highlights High speed PTZ Dafang IP camera supports 1080P resolution, it has F 2.3 aperture lens, 120 degree viewing angle, by rotating the gimbal, it can take photographs by 360 degree or 93 degree, taking 3 seconds to check all state of your home. Intelligent auxiliary monitoring With the transaction image green frame mark , the gimbal will automatically track, watch home, watch baby and pets very conveniently. Night vision function Dafang IP camera is built in 6 pieces of 940nm infrared complimentary light, which can restore night vision scene in 18 order gray scale, meanwhile, it supports double way phone call, 87db restoring human voice, hearing the conversation in 10 meters. Dual mode video storage Besides supporting SD card for expansion, Dafang IP camera can support U disk by USB cable. Users can achieve PIP mode in Mijia app, narrowing the monitoring scene to floating window, such as chatting and monitoring together.","og:url":"https:\/\/www.rucashk.com\/es\/producto\/xiaomi-dafang-smart-ip-camera-110-degree-1080p-fhd\/","og:image":"https:\/\/www.rucashk.com\/wp-content\/uploads\/replace\/503b8e645f128a97ccde2b6290747646.jpeg","og:image:secure_url":"https:\/\/www.rucashk.com\/wp-content\/uploads\/replace\/503b8e645f128a97ccde2b6290747646.jpeg","og:image:width":1456,"og:image:height":816,"article:published_time":"2024-01-09T15:44:20+00:00","article:modified_time":"2024-01-21T10:42:01+00:00","twitter:card":"summary_large_image","twitter:title":"Xiaomi Dafang Smart IP Camera 110 Degree 1080P FHD - Rucas - Wholesale and Distribution","twitter:description":"Highlights High speed PTZ Dafang IP camera supports 1080P resolution, it has F 2.3 aperture lens, 120 degree viewing angle, by rotating the gimbal, it can take photographs by 360 degree or 93 degree, taking 3 seconds to check all state of your home. Intelligent auxiliary monitoring With the transaction image green frame mark , the gimbal will automatically track, watch home, watch baby and pets very conveniently. Night vision function Dafang IP camera is built in 6 pieces of 940nm infrared complimentary light, which can restore night vision scene in 18 order gray scale, meanwhile, it supports double way phone call, 87db restoring human voice, hearing the conversation in 10 meters. Dual mode video storage Besides supporting SD card for expansion, Dafang IP camera can support U disk by USB cable. Users can achieve PIP mode in Mijia app, narrowing the monitoring scene to floating window, such as chatting and monitoring together.","twitter:image":"https:\/\/www.rucashk.com\/wp-content\/uploads\/replace\/503b8e645f128a97ccde2b6290747646.jpeg","schema":{"@context":"https:\/\/schema.org","@graph":[{"@type":"BreadcrumbList","@id":"https:\/\/www.rucashk.com\/es\/producto\/xiaomi-dafang-smart-ip-camera-110-degree-1080p-fhd\/#breadcrumblist","itemListElement":[{"@type":"ListItem","@id":"https:\/\/www.rucashk.com\/es\/#listItem","position":1,"name":"Home","item":"https:\/\/www.rucashk.com\/es\/","nextItem":"https:\/\/www.rucashk.com\/es\/producto\/xiaomi-dafang-smart-ip-camera-110-degree-1080p-fhd\/#listItem"},{"@type":"ListItem","@id":"https:\/\/www.rucashk.com\/es\/producto\/xiaomi-dafang-smart-ip-camera-110-degree-1080p-fhd\/#listItem","position":2,"name":"Xiaomi Dafang Smart IP Camera 110 Degree 1080P FHD","previousItem":"https:\/\/www.rucashk.com\/es\/#listItem"}]},{"@type":"Organization","@id":"https:\/\/www.rucashk.com\/es\/#organization","name":"Rucas","url":"https:\/\/www.rucashk.com\/es\/","logo":{"@type":"ImageObject","url":"https:\/\/www.rucashk.com\/wp-content\/uploads\/2023\/12\/Rucas_campany_logo.png","@id":"https:\/\/www.rucashk.com\/es\/producto\/xiaomi-dafang-smart-ip-camera-110-degree-1080p-fhd\/#organizationLogo","width":221,"height":65},"image":{"@id":"https:\/\/www.rucashk.com\/es\/#organizationLogo"}},{"@type":"Person","@id":"https:\/\/www.rucashk.com\/es\/author\/admin\/#author","url":"https:\/\/www.rucashk.com\/es\/author\/admin\/","name":"admin","image":{"@type":"ImageObject","@id":"https:\/\/www.rucashk.com\/es\/producto\/xiaomi-dafang-smart-ip-camera-110-degree-1080p-fhd\/#authorImage","url":"https:\/\/secure.gravatar.com\/avatar\/b7c8925b09a27e72b30232f8ecaadbd5af0f70a38c78096863fe51b64f031c24?s=96&d=mm&r=g","width":96,"height":96,"caption":"admin"}},{"@type":"WebPage","@id":"https:\/\/www.rucashk.com\/es\/producto\/xiaomi-dafang-smart-ip-camera-110-degree-1080p-fhd\/#webpage","url":"https:\/\/www.rucashk.com\/es\/producto\/xiaomi-dafang-smart-ip-camera-110-degree-1080p-fhd\/","name":"Xiaomi Dafang Smart IP Camera 110 Degree 1080P FHD - Rucas - Wholesale and Distribution","description":"Highlights High speed PTZ Dafang IP camera supports 1080P resolution, it has F 2.3 aperture lens, 120 degree viewing angle, by rotating the gimbal, it can take photographs by 360 degree or 93 degree, taking 3 seconds to check all state of your home. Intelligent auxiliary monitoring With the transaction image green frame mark , the gimbal will automatically track, watch home, watch baby and pets very conveniently. Night vision function Dafang IP camera is built in 6 pieces of 940nm infrared complimentary light, which can restore night vision scene in 18 order gray scale, meanwhile, it supports double way phone call, 87db restoring human voice, hearing the conversation in 10 meters. Dual mode video storage Besides supporting SD card for expansion, Dafang IP camera can support U disk by USB cable. Users can achieve PIP mode in Mijia app, narrowing the monitoring scene to floating window, such as chatting and monitoring together.","inLanguage":"es-ES","isPartOf":{"@id":"https:\/\/www.rucashk.com\/es\/#website"},"breadcrumb":{"@id":"https:\/\/www.rucashk.com\/es\/producto\/xiaomi-dafang-smart-ip-camera-110-degree-1080p-fhd\/#breadcrumblist"},"author":{"@id":"https:\/\/www.rucashk.com\/es\/author\/admin\/#author"},"creator":{"@id":"https:\/\/www.rucashk.com\/es\/author\/admin\/#author"},"image":{"@type":"ImageObject","url":"https:\/\/www.rucashk.com\/wp-content\/uploads\/2024\/01\/1_\u526f\u672c-7.jpg","@id":"https:\/\/www.rucashk.com\/es\/producto\/xiaomi-dafang-smart-ip-camera-110-degree-1080p-fhd\/#mainImage","width":800,"height":800},"primaryImageOfPage":{"@id":"https:\/\/www.rucashk.com\/es\/producto\/xiaomi-dafang-smart-ip-camera-110-degree-1080p-fhd\/#mainImage"},"datePublished":"2024-01-09T15:44:20+00:00","dateModified":"2024-01-21T10:42:01+00:00"},{"@type":"WebSite","@id":"https:\/\/www.rucashk.com\/es\/#website","url":"https:\/\/www.rucashk.com\/es\/","name":"Rucas - Wholesale and distribution worldwide","alternateName":"Rucas - One-stop AIoT Distribution Worldwide","description":"One-stop AIoT Distribution Worldwide","inLanguage":"es-ES","publisher":{"@id":"https:\/\/www.rucashk.com\/es\/#organization"}}]}},"aioseo_meta_data":{"post_id":"22448","title":null,"description":null,"keywords":null,"keyphrases":null,"primary_term":null,"canonical_url":null,"og_title":null,"og_description":null,"og_object_type":"default","og_image_type":"default","og_image_url":null,"og_image_width":null,"og_image_height":null,"og_image_custom_url":null,"og_image_custom_fields":null,"og_video":null,"og_custom_url":null,"og_article_section":null,"og_article_tags":null,"twitter_use_og":false,"twitter_card":"default","twitter_image_type":"default","twitter_image_url":null,"twitter_image_custom_url":null,"twitter_image_custom_fields":null,"twitter_title":null,"twitter_description":null,"schema":{"blockGraphs":[],"customGraphs":[],"default":{"data":{"Article":[],"Course":[],"Dataset":[],"FAQPage":[],"Movie":[],"Person":[],"Product":[],"Recipe":[],"Service":[],"SoftwareApplication":[],"WebPage":[]},"graphName":"","isEnabled":true},"graphs":[]},"schema_type":"default","schema_type_options":null,"pillar_content":false,"robots_default":true,"robots_noindex":false,"robots_noarchive":false,"robots_nosnippet":false,"robots_nofollow":false,"robots_noimageindex":false,"robots_noodp":false,"robots_notranslate":false,"robots_max_snippet":null,"robots_max_videopreview":null,"robots_max_imagepreview":"large","priority":null,"frequency":null,"local_seo":null,"breadcrumb_settings":null,"limit_modified_date":false,"created":"2024-04-11 01:55:23","updated":"2025-06-22 16:42:57"},"aioseo_breadcrumb":"<div class=\"aioseo-breadcrumbs\"><span class=\"aioseo-breadcrumb\">\n\t<a href=\"https:\/\/www.rucashk.com\/es\" title=\"Home\">Home<\/a>\n<\/span><span class=\"aioseo-breadcrumb-separator\">&raquo;<\/span><span class=\"aioseo-breadcrumb\">\n\t<a href=\"https:\/\/www.rucashk.com\/es\/products\/\" title=\"Productos\">Productos<\/a>\n<\/span><span class=\"aioseo-breadcrumb-separator\">&raquo;<\/span><span class=\"aioseo-breadcrumb\">\n\t<a href=\"https:\/\/www.rucashk.com\/es\/categoria-producto\/xiaomi-eco\/\" title=\"Xiaomi Eco\">Xiaomi Eco<\/a>\n<\/span><span class=\"aioseo-breadcrumb-separator\">&raquo;<\/span><span class=\"aioseo-breadcrumb\">\n\t<a href=\"https:\/\/www.rucashk.com\/es\/categoria-producto\/xiaomi-eco\/mi-camera\/\" title=\"Mi Camera\">Mi Camera<\/a>\n<\/span><span class=\"aioseo-breadcrumb-separator\">&raquo;<\/span><span class=\"aioseo-breadcrumb\">\n\tXiaomi Dafang Smart IP Camera 110 Degree 1080P FHD\n<\/span><\/div>","aioseo_breadcrumb_json":[{"label":"Home","link":"https:\/\/www.rucashk.com\/es"},{"label":"Productos","link":"https:\/\/www.rucashk.com\/es\/products\/"},{"label":"Xiaomi Eco","link":"https:\/\/www.rucashk.com\/es\/categoria-producto\/xiaomi-eco\/"},{"label":"Mi Camera","link":"https:\/\/www.rucashk.com\/es\/categoria-producto\/xiaomi-eco\/mi-camera\/"},{"label":"Xiaomi Dafang Smart IP Camera 110 Degree 1080P FHD","link":"https:\/\/www.rucashk.com\/es\/producto\/xiaomi-dafang-smart-ip-camera-110-degree-1080p-fhd\/"}],"_links":{"self":[{"href":"https:\/\/www.rucashk.com\/es\/wp-json\/wp\/v2\/product\/22448","targetHints":{"allow":["GET"]}}],"collection":[{"href":"https:\/\/www.rucashk.com\/es\/wp-json\/wp\/v2\/product"}],"about":[{"href":"https:\/\/www.rucashk.com\/es\/wp-json\/wp\/v2\/types\/product"}],"wp:featuredmedia":[{"embeddable":true,"href":"https:\/\/www.rucashk.com\/es\/wp-json\/wp\/v2\/media\/22546"}],"wp:attachment":[{"href":"https:\/\/www.rucashk.com\/es\/wp-json\/wp\/v2\/media?parent=22448"}],"wp:term":[{"taxonomy":"product_brand","embeddable":true,"href":"https:\/\/www.rucashk.com\/es\/wp-json\/wp\/v2\/product_brand?post=22448"},{"taxonomy":"product_cat","embeddable":true,"href":"https:\/\/www.rucashk.com\/es\/wp-json\/wp\/v2\/product_cat?post=22448"},{"taxonomy":"product_tag","embeddable":true,"href":"https:\/\/www.rucashk.com\/es\/wp-json\/wp\/v2\/product_tag?post=22448"}],"curies":[{"name":"wp","href":"https:\/\/api.w.org\/{rel}","templated":true}]}}