{"id":22317,"date":"2024-01-09T15:42:47","date_gmt":"2024-01-09T15:42:47","guid":{"rendered":"http:\/\/rucashk.com\/?post_type=product&#038;p=22317"},"modified":"2024-03-13T10:19:46","modified_gmt":"2024-03-13T10:19:46","slug":"xiaomi-mi-portable-air-pump-for-scooter-basketballs-and-many-others","status":"publish","type":"product","link":"https:\/\/www.rucashk.com\/es\/producto\/xiaomi-mi-portable-air-pump-for-scooter-basketballs-and-many-others\/","title":{"rendered":"Bomba de aire port\u00e1til Xiaomi Mi para scooters, pelotas de baloncesto y muchos otros"},"content":{"rendered":"<h3 style=\"text-align: center\">Bomba de aire port\u00e1til Xiaomi Mi<\/h3>\n<p><img fetchpriority=\"high\" decoding=\"async\" class=\"alignnone\" src=\"\/wp-content\/uploads\/replace\/9882c308f30c61cd7f185db116114f6c.jpeg\" alt=\"Xiaomi Mi Portable Air Pump \" width=\"1000\" height=\"619\" \/><img decoding=\"async\" class=\"alignnone\" src=\"\/wp-content\/uploads\/replace\/292872b54beb4dcc2237d65e4e8e8ca1.jpeg\" alt=\"Xiaomi Mi Portable Air Pump \" width=\"1000\" height=\"226\" \/><img decoding=\"async\" class=\"alignnone\" src=\"\/wp-content\/uploads\/replace\/9704bdf62035c1198608ed5bcc2cfa75.jpeg\" alt=\"Xiaomi Mi Portable Air Pump \" width=\"1000\" height=\"646\" \/><img loading=\"lazy\" decoding=\"async\" class=\"alignnone\" src=\"\/wp-content\/uploads\/replace\/14030298b6ff397e3b1461494a3c53f3.jpeg\" alt=\"Xiaomi Mi Portable Air Pump \" width=\"1000\" height=\"579\" \/><img loading=\"lazy\" decoding=\"async\" class=\"alignnone\" src=\"\/wp-content\/uploads\/replace\/cdfd684fb1a0d71e87a7eab63c473fe7.jpeg\" alt=\"Xiaomi Mi Portable Air Pump \" width=\"1000\" height=\"343\" \/><img loading=\"lazy\" decoding=\"async\" class=\"alignnone\" src=\"\/wp-content\/uploads\/replace\/92cdc75981b071ef98349537fdbeedde.jpeg\" alt=\"Xiaomi Mi Portable Air Pump \" width=\"1000\" height=\"448\" \/><img loading=\"lazy\" decoding=\"async\" class=\"alignnone\" src=\"\/wp-content\/uploads\/replace\/ae3c963f620f665e90fe69f6c4c9dbc3.jpeg\" alt=\"Xiaomi Mi Portable Air Pump \" width=\"1000\" height=\"393\" \/><img loading=\"lazy\" decoding=\"async\" class=\"alignnone\" src=\"\/wp-content\/uploads\/replace\/1ff2d39c01200f51b4cead71887471ac.jpeg\" alt=\"Xiaomi Mi Portable Air Pump \" width=\"1000\" height=\"397\" \/><img loading=\"lazy\" decoding=\"async\" class=\"alignnone\" src=\"\/wp-content\/uploads\/replace\/c8bfd79f8bba294aa53d85bb1fb4c290.jpeg\" alt=\"Xiaomi Mi Portable Air Pump \" width=\"1000\" height=\"388\" \/><img loading=\"lazy\" decoding=\"async\" class=\"alignnone\" src=\"\/wp-content\/uploads\/replace\/a2f299e3e148fc6c8d4036932e42c31c.jpeg\" alt=\"Xiaomi Mi Portable Air Pump \" width=\"1000\" height=\"482\" \/><img loading=\"lazy\" decoding=\"async\" class=\"alignnone\" src=\"\/wp-content\/uploads\/replace\/d5957ea70b84221b0b1351c1b0a3c20b.jpeg\" alt=\"Xiaomi Mi Portable Air Pump \" width=\"1000\" height=\"548\" \/><\/p>\n<div id=\"product_left_column\">\n<div id=\"fsFeatures\" class=\"np_toggle_np1 p_tab_info\">\n<div>\n<div id=\"b21701\" class=\"content_block_container\">\n<h2><strong>Especificaciones:<\/strong><\/h2>\n<h2><img loading=\"lazy\" decoding=\"async\" class=\"alignnone wp-image-11147 size-full\" src=\"\/wp-content\/uploads\/replace\/e36547dcaed2c3310b39bc485bda8dc0.jpeg\" alt=\"Xiaomi Mi Portable Air Pump \" width=\"757\" height=\"606\" \/><\/h2>\n<\/div>\n<\/div>\n<\/div>\n<\/div>","protected":false},"excerpt":{"rendered":"<p><strong>Principales caracter\u00edsticas:<\/strong><\/p>\n<p>\u2013 Detecci\u00f3n digital de la presi\u00f3n de los neum\u00e1ticos.<br \/>\n\u2013 Det\u00e9ngase cuando la presi\u00f3n preestablecida est\u00e9 llena.<br \/>\n\u2013 Bater\u00eda de litio incorporada.<br \/>\n\u2013 Una m\u00e1quina polivalente.<br \/>\n\u2013 Carga USB, iluminaci\u00f3n LED.<\/p>","protected":false},"featured_media":22470,"template":"","meta":[],"product_brand":[],"product_cat":[1288,1293],"product_tag":[715],"class_list":{"0":"post-22317","1":"product","2":"type-product","3":"status-publish","4":"has-post-thumbnail","6":"product_cat-e-vehicle-accessories","7":"product_cat-tire-pressure-monitoring","8":"product_tag-xiaomi-mi-portable-air-pump","10":"first","11":"instock","12":"shipping-taxable","13":"product-type-external"},"aioseo_notices":[],"aioseo_head":"\n\t\t<!-- All in One SEO Pro 4.5.9.2 - aioseo.com -->\n\t\t<meta name=\"description\" content=\"Main Features: - Digital tire pressure detection. - Stop when the preset pressure is full. - Built-in lithium battery. - A multi-purpose machine. - USB charging, LED lighting.\" \/>\n\t\t<meta name=\"robots\" content=\"max-image-preview:large\" \/>\n\t\t<link rel=\"canonical\" href=\"https:\/\/www.rucashk.com\/es\/producto\/xiaomi-mi-portable-air-pump-for-scooter-basketballs-and-many-others\/\" \/>\n\t\t<meta name=\"generator\" content=\"All in One SEO Pro (AIOSEO) 4.5.9.2\" \/>\n\t\t<meta property=\"og:locale\" content=\"es_ES\" \/>\n\t\t<meta property=\"og:site_name\" content=\"Rucas - One-stop AIoT Distribution Worldwide\" \/>\n\t\t<meta property=\"og:type\" content=\"article\" \/>\n\t\t<meta property=\"og:title\" content=\"Xiaomi Mi Portable Air Pump for Scooter, Basketballs and Many Others - Rucas - Wholesale and Distribution\" \/>\n\t\t<meta property=\"og:description\" content=\"Main Features: - Digital tire pressure detection. - Stop when the preset pressure is full. - Built-in lithium battery. - A multi-purpose machine. - USB charging, LED lighting.\" \/>\n\t\t<meta property=\"og:url\" content=\"https:\/\/www.rucashk.com\/es\/producto\/xiaomi-mi-portable-air-pump-for-scooter-basketballs-and-many-others\/\" \/>\n\t\t<meta property=\"og:image\" content=\"https:\/\/www.rucashk.com\/wp-content\/uploads\/replace\/503b8e645f128a97ccde2b6290747646.jpeg\" \/>\n\t\t<meta property=\"og:image:secure_url\" content=\"https:\/\/www.rucashk.com\/wp-content\/uploads\/replace\/503b8e645f128a97ccde2b6290747646.jpeg\" \/>\n\t\t<meta property=\"og:image:width\" content=\"1456\" \/>\n\t\t<meta property=\"og:image:height\" content=\"816\" \/>\n\t\t<meta property=\"article:published_time\" content=\"2024-01-09T15:42:47+00:00\" \/>\n\t\t<meta property=\"article:modified_time\" content=\"2024-03-13T10:19:46+00:00\" \/>\n\t\t<meta name=\"twitter:card\" content=\"summary_large_image\" \/>\n\t\t<meta name=\"twitter:title\" content=\"Xiaomi Mi Portable Air Pump for Scooter, Basketballs and Many Others - Rucas - Wholesale and Distribution\" \/>\n\t\t<meta name=\"twitter:description\" content=\"Main Features: - Digital tire pressure detection. - Stop when the preset pressure is full. - Built-in lithium battery. - A multi-purpose machine. - USB charging, LED lighting.\" \/>\n\t\t<meta name=\"twitter:image\" content=\"https:\/\/www.rucashk.com\/wp-content\/uploads\/replace\/503b8e645f128a97ccde2b6290747646.jpeg\" \/>\n\t\t<script type=\"application\/ld+json\" class=\"aioseo-schema\">\n\t\t\t{\"@context\":\"https:\\\/\\\/schema.org\",\"@graph\":[{\"@type\":\"BreadcrumbList\",\"@id\":\"https:\\\/\\\/www.rucashk.com\\\/es\\\/producto\\\/xiaomi-mi-portable-air-pump-for-scooter-basketballs-and-many-others\\\/#breadcrumblist\",\"itemListElement\":[{\"@type\":\"ListItem\",\"@id\":\"https:\\\/\\\/www.rucashk.com\\\/es\\\/#listItem\",\"position\":1,\"name\":\"Home\",\"item\":\"https:\\\/\\\/www.rucashk.com\\\/es\\\/\",\"nextItem\":\"https:\\\/\\\/www.rucashk.com\\\/es\\\/producto\\\/xiaomi-mi-portable-air-pump-for-scooter-basketballs-and-many-others\\\/#listItem\"},{\"@type\":\"ListItem\",\"@id\":\"https:\\\/\\\/www.rucashk.com\\\/es\\\/producto\\\/xiaomi-mi-portable-air-pump-for-scooter-basketballs-and-many-others\\\/#listItem\",\"position\":2,\"name\":\"Xiaomi Mi Portable Air Pump for Scooter, Basketballs and Many Others\",\"previousItem\":\"https:\\\/\\\/www.rucashk.com\\\/es\\\/#listItem\"}]},{\"@type\":\"Organization\",\"@id\":\"https:\\\/\\\/www.rucashk.com\\\/es\\\/#organization\",\"name\":\"Rucas\",\"url\":\"https:\\\/\\\/www.rucashk.com\\\/es\\\/\",\"logo\":{\"@type\":\"ImageObject\",\"url\":\"https:\\\/\\\/www.rucashk.com\\\/wp-content\\\/uploads\\\/2023\\\/12\\\/Rucas_campany_logo.png\",\"@id\":\"https:\\\/\\\/www.rucashk.com\\\/es\\\/producto\\\/xiaomi-mi-portable-air-pump-for-scooter-basketballs-and-many-others\\\/#organizationLogo\",\"width\":221,\"height\":65},\"image\":{\"@id\":\"https:\\\/\\\/www.rucashk.com\\\/es\\\/#organizationLogo\"}},{\"@type\":\"Person\",\"@id\":\"https:\\\/\\\/www.rucashk.com\\\/es\\\/author\\\/admin\\\/#author\",\"url\":\"https:\\\/\\\/www.rucashk.com\\\/es\\\/author\\\/admin\\\/\",\"name\":\"admin\",\"image\":{\"@type\":\"ImageObject\",\"@id\":\"https:\\\/\\\/www.rucashk.com\\\/es\\\/producto\\\/xiaomi-mi-portable-air-pump-for-scooter-basketballs-and-many-others\\\/#authorImage\",\"url\":\"https:\\\/\\\/secure.gravatar.com\\\/avatar\\\/b7c8925b09a27e72b30232f8ecaadbd5af0f70a38c78096863fe51b64f031c24?s=96&d=mm&r=g\",\"width\":96,\"height\":96,\"caption\":\"admin\"}},{\"@type\":\"WebPage\",\"@id\":\"https:\\\/\\\/www.rucashk.com\\\/es\\\/producto\\\/xiaomi-mi-portable-air-pump-for-scooter-basketballs-and-many-others\\\/#webpage\",\"url\":\"https:\\\/\\\/www.rucashk.com\\\/es\\\/producto\\\/xiaomi-mi-portable-air-pump-for-scooter-basketballs-and-many-others\\\/\",\"name\":\"Xiaomi Mi Portable Air Pump for Scooter, Basketballs and Many Others - Rucas - Wholesale and Distribution\",\"description\":\"Main Features: - Digital tire pressure detection. - Stop when the preset pressure is full. - Built-in lithium battery. - A multi-purpose machine. - USB charging, LED lighting.\",\"inLanguage\":\"es-ES\",\"isPartOf\":{\"@id\":\"https:\\\/\\\/www.rucashk.com\\\/es\\\/#website\"},\"breadcrumb\":{\"@id\":\"https:\\\/\\\/www.rucashk.com\\\/es\\\/producto\\\/xiaomi-mi-portable-air-pump-for-scooter-basketballs-and-many-others\\\/#breadcrumblist\"},\"author\":{\"@id\":\"https:\\\/\\\/www.rucashk.com\\\/es\\\/author\\\/admin\\\/#author\"},\"creator\":{\"@id\":\"https:\\\/\\\/www.rucashk.com\\\/es\\\/author\\\/admin\\\/#author\"},\"image\":{\"@type\":\"ImageObject\",\"url\":\"https:\\\/\\\/www.rucashk.com\\\/wp-content\\\/uploads\\\/2024\\\/01\\\/2_\\u526f\\u672c-2.jpg\",\"@id\":\"https:\\\/\\\/www.rucashk.com\\\/es\\\/producto\\\/xiaomi-mi-portable-air-pump-for-scooter-basketballs-and-many-others\\\/#mainImage\",\"width\":800,\"height\":800},\"primaryImageOfPage\":{\"@id\":\"https:\\\/\\\/www.rucashk.com\\\/es\\\/producto\\\/xiaomi-mi-portable-air-pump-for-scooter-basketballs-and-many-others\\\/#mainImage\"},\"datePublished\":\"2024-01-09T15:42:47+00:00\",\"dateModified\":\"2024-03-13T10:19:46+00:00\"},{\"@type\":\"WebSite\",\"@id\":\"https:\\\/\\\/www.rucashk.com\\\/es\\\/#website\",\"url\":\"https:\\\/\\\/www.rucashk.com\\\/es\\\/\",\"name\":\"Rucas - Wholesale and distribution worldwide\",\"alternateName\":\"Rucas - One-stop AIoT Distribution Worldwide\",\"description\":\"One-stop AIoT Distribution Worldwide\",\"inLanguage\":\"es-ES\",\"publisher\":{\"@id\":\"https:\\\/\\\/www.rucashk.com\\\/es\\\/#organization\"}}]}\n\t\t<\/script>\n\t\t<!-- All in One SEO Pro -->\r\n\t\t<title>Xiaomi Mi Portable Air Pump for Scooter, Basketballs and Many Others - Rucas - Wholesale and Distribution<\/title>\n\n","aioseo_head_json":{"title":"Xiaomi Mi Portable Air Pump for Scooter, Basketballs and Many Others - Rucas - Wholesale and Distribution","description":"Main Features: - Digital tire pressure detection. - Stop when the preset pressure is full. - Built-in lithium battery. - A multi-purpose machine. - USB charging, LED lighting.","canonical_url":"https:\/\/www.rucashk.com\/es\/producto\/xiaomi-mi-portable-air-pump-for-scooter-basketballs-and-many-others\/","robots":"max-image-preview:large","keywords":"","webmasterTools":{"miscellaneous":""},"og:locale":"es_ES","og:site_name":"Rucas - One-stop AIoT Distribution Worldwide","og:type":"article","og:title":"Xiaomi Mi Portable Air Pump for Scooter, Basketballs and Many Others - Rucas - Wholesale and Distribution","og:description":"Main Features: - Digital tire pressure detection. - Stop when the preset pressure is full. - Built-in lithium battery. - A multi-purpose machine. - USB charging, LED lighting.","og:url":"https:\/\/www.rucashk.com\/es\/producto\/xiaomi-mi-portable-air-pump-for-scooter-basketballs-and-many-others\/","og:image":"https:\/\/www.rucashk.com\/wp-content\/uploads\/replace\/503b8e645f128a97ccde2b6290747646.jpeg","og:image:secure_url":"https:\/\/www.rucashk.com\/wp-content\/uploads\/replace\/503b8e645f128a97ccde2b6290747646.jpeg","og:image:width":1456,"og:image:height":816,"article:published_time":"2024-01-09T15:42:47+00:00","article:modified_time":"2024-03-13T10:19:46+00:00","twitter:card":"summary_large_image","twitter:title":"Xiaomi Mi Portable Air Pump for Scooter, Basketballs and Many Others - Rucas - Wholesale and Distribution","twitter:description":"Main Features: - Digital tire pressure detection. - Stop when the preset pressure is full. - Built-in lithium battery. - A multi-purpose machine. - USB charging, LED lighting.","twitter:image":"https:\/\/www.rucashk.com\/wp-content\/uploads\/replace\/503b8e645f128a97ccde2b6290747646.jpeg","schema":{"@context":"https:\/\/schema.org","@graph":[{"@type":"BreadcrumbList","@id":"https:\/\/www.rucashk.com\/es\/producto\/xiaomi-mi-portable-air-pump-for-scooter-basketballs-and-many-others\/#breadcrumblist","itemListElement":[{"@type":"ListItem","@id":"https:\/\/www.rucashk.com\/es\/#listItem","position":1,"name":"Home","item":"https:\/\/www.rucashk.com\/es\/","nextItem":"https:\/\/www.rucashk.com\/es\/producto\/xiaomi-mi-portable-air-pump-for-scooter-basketballs-and-many-others\/#listItem"},{"@type":"ListItem","@id":"https:\/\/www.rucashk.com\/es\/producto\/xiaomi-mi-portable-air-pump-for-scooter-basketballs-and-many-others\/#listItem","position":2,"name":"Xiaomi Mi Portable Air Pump for Scooter, Basketballs and Many Others","previousItem":"https:\/\/www.rucashk.com\/es\/#listItem"}]},{"@type":"Organization","@id":"https:\/\/www.rucashk.com\/es\/#organization","name":"Rucas","url":"https:\/\/www.rucashk.com\/es\/","logo":{"@type":"ImageObject","url":"https:\/\/www.rucashk.com\/wp-content\/uploads\/2023\/12\/Rucas_campany_logo.png","@id":"https:\/\/www.rucashk.com\/es\/producto\/xiaomi-mi-portable-air-pump-for-scooter-basketballs-and-many-others\/#organizationLogo","width":221,"height":65},"image":{"@id":"https:\/\/www.rucashk.com\/es\/#organizationLogo"}},{"@type":"Person","@id":"https:\/\/www.rucashk.com\/es\/author\/admin\/#author","url":"https:\/\/www.rucashk.com\/es\/author\/admin\/","name":"admin","image":{"@type":"ImageObject","@id":"https:\/\/www.rucashk.com\/es\/producto\/xiaomi-mi-portable-air-pump-for-scooter-basketballs-and-many-others\/#authorImage","url":"https:\/\/secure.gravatar.com\/avatar\/b7c8925b09a27e72b30232f8ecaadbd5af0f70a38c78096863fe51b64f031c24?s=96&d=mm&r=g","width":96,"height":96,"caption":"admin"}},{"@type":"WebPage","@id":"https:\/\/www.rucashk.com\/es\/producto\/xiaomi-mi-portable-air-pump-for-scooter-basketballs-and-many-others\/#webpage","url":"https:\/\/www.rucashk.com\/es\/producto\/xiaomi-mi-portable-air-pump-for-scooter-basketballs-and-many-others\/","name":"Xiaomi Mi Portable Air Pump for Scooter, Basketballs and Many Others - Rucas - Wholesale and Distribution","description":"Main Features: - Digital tire pressure detection. - Stop when the preset pressure is full. - Built-in lithium battery. - A multi-purpose machine. - USB charging, LED lighting.","inLanguage":"es-ES","isPartOf":{"@id":"https:\/\/www.rucashk.com\/es\/#website"},"breadcrumb":{"@id":"https:\/\/www.rucashk.com\/es\/producto\/xiaomi-mi-portable-air-pump-for-scooter-basketballs-and-many-others\/#breadcrumblist"},"author":{"@id":"https:\/\/www.rucashk.com\/es\/author\/admin\/#author"},"creator":{"@id":"https:\/\/www.rucashk.com\/es\/author\/admin\/#author"},"image":{"@type":"ImageObject","url":"https:\/\/www.rucashk.com\/wp-content\/uploads\/2024\/01\/2_\u526f\u672c-2.jpg","@id":"https:\/\/www.rucashk.com\/es\/producto\/xiaomi-mi-portable-air-pump-for-scooter-basketballs-and-many-others\/#mainImage","width":800,"height":800},"primaryImageOfPage":{"@id":"https:\/\/www.rucashk.com\/es\/producto\/xiaomi-mi-portable-air-pump-for-scooter-basketballs-and-many-others\/#mainImage"},"datePublished":"2024-01-09T15:42:47+00:00","dateModified":"2024-03-13T10:19:46+00:00"},{"@type":"WebSite","@id":"https:\/\/www.rucashk.com\/es\/#website","url":"https:\/\/www.rucashk.com\/es\/","name":"Rucas - Wholesale and distribution worldwide","alternateName":"Rucas - One-stop AIoT Distribution Worldwide","description":"One-stop AIoT Distribution Worldwide","inLanguage":"es-ES","publisher":{"@id":"https:\/\/www.rucashk.com\/es\/#organization"}}]}},"aioseo_meta_data":{"post_id":"22317","title":null,"description":null,"keywords":null,"keyphrases":null,"primary_term":null,"canonical_url":null,"og_title":null,"og_description":null,"og_object_type":"default","og_image_type":"default","og_image_url":null,"og_image_width":null,"og_image_height":null,"og_image_custom_url":null,"og_image_custom_fields":null,"og_video":null,"og_custom_url":null,"og_article_section":null,"og_article_tags":null,"twitter_use_og":false,"twitter_card":"default","twitter_image_type":"default","twitter_image_url":null,"twitter_image_custom_url":null,"twitter_image_custom_fields":null,"twitter_title":null,"twitter_description":null,"schema":{"blockGraphs":[],"customGraphs":[],"default":{"data":{"Article":[],"Course":[],"Dataset":[],"FAQPage":[],"Movie":[],"Person":[],"Product":[],"Recipe":[],"Service":[],"SoftwareApplication":[],"WebPage":[]},"graphName":"","isEnabled":true},"graphs":[]},"schema_type":"default","schema_type_options":null,"pillar_content":false,"robots_default":true,"robots_noindex":false,"robots_noarchive":false,"robots_nosnippet":false,"robots_nofollow":false,"robots_noimageindex":false,"robots_noodp":false,"robots_notranslate":false,"robots_max_snippet":null,"robots_max_videopreview":null,"robots_max_imagepreview":"large","priority":null,"frequency":null,"local_seo":null,"breadcrumb_settings":null,"limit_modified_date":false,"created":"2024-04-11 01:55:22","updated":"2025-06-22 16:40:56"},"aioseo_breadcrumb":"<div class=\"aioseo-breadcrumbs\"><span class=\"aioseo-breadcrumb\">\n\t<a href=\"https:\/\/www.rucashk.com\/es\" title=\"Home\">Home<\/a>\n<\/span><span class=\"aioseo-breadcrumb-separator\">&raquo;<\/span><span class=\"aioseo-breadcrumb\">\n\t<a href=\"https:\/\/www.rucashk.com\/es\/products\/\" title=\"Productos\">Productos<\/a>\n<\/span><span class=\"aioseo-breadcrumb-separator\">&raquo;<\/span><span class=\"aioseo-breadcrumb\">\n\t<a href=\"https:\/\/www.rucashk.com\/es\/categoria-producto\/e-vehicle-accessories\/\" title=\"E-Vehicle Accessories\">E-Vehicle Accessories<\/a>\n<\/span><span class=\"aioseo-breadcrumb-separator\">&raquo;<\/span><span class=\"aioseo-breadcrumb\">\n\t<a href=\"https:\/\/www.rucashk.com\/es\/categoria-producto\/e-vehicle-accessories\/tire-pressure-monitoring\/\" title=\"Tire Pressure Monitoring\">Tire Pressure Monitoring<\/a>\n<\/span><span class=\"aioseo-breadcrumb-separator\">&raquo;<\/span><span class=\"aioseo-breadcrumb\">\n\tXiaomi Mi Portable Air Pump for Scooter, Basketballs and Many Others\n<\/span><\/div>","aioseo_breadcrumb_json":[{"label":"Home","link":"https:\/\/www.rucashk.com\/es"},{"label":"Productos","link":"https:\/\/www.rucashk.com\/es\/products\/"},{"label":"E-Vehicle Accessories","link":"https:\/\/www.rucashk.com\/es\/categoria-producto\/e-vehicle-accessories\/"},{"label":"Tire Pressure Monitoring","link":"https:\/\/www.rucashk.com\/es\/categoria-producto\/e-vehicle-accessories\/tire-pressure-monitoring\/"},{"label":"Xiaomi Mi Portable Air Pump for Scooter, Basketballs and Many Others","link":"https:\/\/www.rucashk.com\/es\/producto\/xiaomi-mi-portable-air-pump-for-scooter-basketballs-and-many-others\/"}],"_links":{"self":[{"href":"https:\/\/www.rucashk.com\/es\/wp-json\/wp\/v2\/product\/22317","targetHints":{"allow":["GET"]}}],"collection":[{"href":"https:\/\/www.rucashk.com\/es\/wp-json\/wp\/v2\/product"}],"about":[{"href":"https:\/\/www.rucashk.com\/es\/wp-json\/wp\/v2\/types\/product"}],"wp:featuredmedia":[{"embeddable":true,"href":"https:\/\/www.rucashk.com\/es\/wp-json\/wp\/v2\/media\/22470"}],"wp:attachment":[{"href":"https:\/\/www.rucashk.com\/es\/wp-json\/wp\/v2\/media?parent=22317"}],"wp:term":[{"taxonomy":"product_brand","embeddable":true,"href":"https:\/\/www.rucashk.com\/es\/wp-json\/wp\/v2\/product_brand?post=22317"},{"taxonomy":"product_cat","embeddable":true,"href":"https:\/\/www.rucashk.com\/es\/wp-json\/wp\/v2\/product_cat?post=22317"},{"taxonomy":"product_tag","embeddable":true,"href":"https:\/\/www.rucashk.com\/es\/wp-json\/wp\/v2\/product_tag?post=22317"}],"curies":[{"name":"wp","href":"https:\/\/api.w.org\/{rel}","templated":true}]}}