{"id":22287,"date":"2024-01-09T15:42:22","date_gmt":"2024-01-09T15:42:22","guid":{"rendered":"http:\/\/rucashk.com\/?post_type=product&#038;p=22287"},"modified":"2024-03-13T10:20:17","modified_gmt":"2024-03-13T10:20:17","slug":"ninebot-kickscooter-air-t15-wholesale","status":"publish","type":"product","link":"https:\/\/www.rucashk.com\/es\/producto\/ninebot-kickscooter-air-t15-wholesale\/","title":{"rendered":"Ninebot KickScooter aire T15 al por mayor"},"content":{"rendered":"<h3 style=\"text-align: center\">Patinete Ninebot Air T15<\/h3>\n<p><img fetchpriority=\"high\" decoding=\"async\" class=\"alignnone\" src=\"\/wp-content\/uploads\/replace\/5965364da86764590f38466294d761aa.jpeg\" alt=\"Ninebot KickScooter Air T15 Wholesale\" width=\"884\" height=\"580\" \/><\/p>\n<h2>Plegado por la mitad con 8,7 pulgadas de altura<\/h2>\n<p>A diferencia de muchos <a class=\"\" style=\"width: auto !important\" href=\"https:\/\/www.rucashk.com\/es\/producto\/xiaomi-mi-portable-air-pump-for-scooter-basketballs-and-many-others\/\" data-wpil-post-to-id=\"11145\">Otros kickscooters plegables disponibles en el mercado, Air<\/a> T15 se pliega por la mitad como un papel. Una vez plegado, el Air T15 tiene solo 8,7 pulgadas de altura. El tama\u00f1o del cuerpo plegado es plano y compacto, y se puede guardar f\u00e1cilmente ya sea en el metro o en el maletero de su autom\u00f3vil.<\/p>\n<p><img decoding=\"async\" class=\"alignnone\" src=\"\/wp-content\/uploads\/replace\/f75fbc49a319b6af0f9ad9465c1dac38.jpeg\" alt=\"Ninebot KickScooter Air T15 Wholesale\" width=\"884\" height=\"580\" \/><\/p>\n<h2>Mecanismo de plegado en un segundo con manillar retr\u00e1ctil<\/h2>\n<p>Con un solo giro se puede plegar todo el veh\u00edculo\u00a0<strong>un segundo<\/strong>. El manillar girar\u00e1 y se retraer\u00e1 autom\u00e1ticamente. Una experiencia de usuario sencilla como nunca antes<\/p>\n<p><img decoding=\"async\" class=\"alignnone\" src=\"\/wp-content\/uploads\/replace\/f9b99745da59b49fe323a4de5ec01017.jpeg\" alt=\"Ninebot KickScooter Air T15 Wholesale\" width=\"884\" height=\"580\" \/><\/p>\n<h2>Cuatro modos de conducci\u00f3n<\/h2>\n<p>Los cuatro modos de conducci\u00f3n permiten a los ciclistas cambiar f\u00e1cilmente seg\u00fan las ocasiones de conducci\u00f3n. Semejante <a class=\"\" style=\"width: auto !important\" href=\"https:\/\/www.rucashk.com\/es\/5-sport-modes-are-added-in-mi-bracelet-5-control-phones-to-shoot-pictures\/\" data-wpil-post-to-id=\"9254\">Los modos incluyen modo peatonal, modo de ahorro de energ\u00eda, modo est\u00e1ndar y modo deportivo.<\/a> Modo con un l\u00edmite de velocidad preestablecido de 3,7 mph (6 km\/h), 6,2 mph (10 km\/h), 9,3 mph (15 km\/h) y 12,4 mph (20 km\/h) respectivamente.<\/p>\n<p><img loading=\"lazy\" decoding=\"async\" class=\"alignnone\" src=\"\/wp-content\/uploads\/replace\/1ab7ac297924b3550a1aaedb7caa1da6.jpeg\" alt=\"Ninebot KickScooter Air T15 Wholesale\" width=\"884\" height=\"580\" \/><\/p>\n<h2>Innovador sistema de frenado regenerativo<\/h2>\n<p>El innovador sistema de frenos regenerativos convierte tu e-scooter en un <a class=\"\" style=\"width: auto !important\" href=\"https:\/\/www.rucashk.com\/es\/the-super-battery-of-xiaomi-mijia-with-2900mah-surge-of-electric-energy-is-launched\/\" data-wpil-post-to-id=\"8398\">Veh\u00edculo el\u00e9ctrico propulsado por electricidad y energ\u00eda reciclada.<\/a> de montar. Las ruedas son capaces de transformar el <a class=\"\" style=\"width: auto !important\" href=\"https:\/\/www.rucashk.com\/es\/the-super-battery-of-xiaomi-mijia-with-2900mah-surge-of-electric-energy-is-launched\/\" data-wpil-post-to-id=\"8398\">energ\u00eda que se captura durante el frenado para convertirla en energ\u00eda y almacenarla en la bater\u00eda de litio integrada<\/a> embalar.<\/p>\n<p><img loading=\"lazy\" decoding=\"async\" class=\"alignnone\" src=\"\/wp-content\/uploads\/replace\/05d935482f12dfbef838c9842a6583c8.jpeg\" alt=\"Ninebot KickScooter Air T15 Wholesale\" width=\"884\" height=\"580\" \/><\/p>\n<h2>Conectividad de aplicaciones inteligentes<\/h2>\n<ul>\n<li>Aplicaci\u00f3n Segway-Ninebot para <a class=\"\" style=\"width: auto !important\" href=\"https:\/\/www.rucashk.com\/es\/instagram-updates-a-new-function-a-transition-between-android-and-ios\/\" data-wpil-post-to-id=\"9657\">iOS y Android<\/a><\/li>\n<li>Panel de estad\u00edsticas de conducci\u00f3n en vivo<\/li>\n<li>Personaliza los colores de la luz ambiental LED<\/li>\n<li>Y m\u00e1s<img loading=\"lazy\" decoding=\"async\" class=\"alignnone\" src=\"\/wp-content\/uploads\/replace\/6916950beeec6dde2660beb91944cd05.jpeg\" alt=\"Ninebot KickScooter Air T15 Wholesale\" width=\"1920\" height=\"957\" \/><\/li>\n<\/ul>\n<p>&nbsp;<\/p>","protected":false},"excerpt":{"rendered":"<div class=\"wpb_text_column wpb_content_element\">\n<div class=\"wpb_wrapper\">\n<p><strong>Reflejos:<\/strong><\/p>\n<p>Ninebot KickScooter Air T15 es el kickscooter el\u00e9ctrico m\u00e1s compacto, liviano y energ\u00e9ticamente eficiente jam\u00e1s presentado para navegar en un entorno urbano.<\/p>\n<p>&nbsp;<\/p>\n<\/div>\n<\/div>\n<div class=\"wpb_text_column wpb_content_element\">\n<div class=\"wpb_wrapper\">\n<p>El dise\u00f1o se adapta perfectamente al estilo de vida urbano y es mejor para completar el viaje de \u00faltima milla, realizar transporte p\u00fablico y guardarlo en autom\u00f3viles.<\/p>\n<p>&nbsp;<\/p>\n<p>La apariencia \u00fanica, elegante y futurista del Air T15 lo hace \u00fanico entre otros scooters del mercado.<\/p>\n<\/div>\n<\/div>","protected":false},"featured_media":22438,"template":"","meta":[],"product_brand":[],"product_cat":[1321,1305],"product_tag":[709],"class_list":{"0":"post-22287","1":"product","2":"type-product","3":"status-publish","4":"has-post-thumbnail","6":"product_cat-sports","7":"product_cat-xiaomi-eco","8":"product_tag-ninebot-kickscooter-air-t15","10":"first","11":"instock","12":"shipping-taxable","13":"product-type-external"},"aioseo_notices":[],"aioseo_head":"\n\t\t<!-- All in One SEO Pro 4.5.9.2 - aioseo.com -->\n\t\t<meta name=\"description\" content=\"Highlights: Ninebot KickScooter Air T15 is the most compact, lightweight, and energy-efficient electric kickscooter ever introduced to navigate in a city environment. The design is a perfect fit for the urban lifestyle and is best for completing your last-mile commute, carrying on mass transportation and storing in cars. The unique sleek and futuristic appearance of the Air T15 makes it one of a kind from other scooters in the market.\" \/>\n\t\t<meta name=\"robots\" content=\"max-image-preview:large\" \/>\n\t\t<link rel=\"canonical\" href=\"https:\/\/www.rucashk.com\/es\/producto\/ninebot-kickscooter-air-t15-wholesale\/\" \/>\n\t\t<meta name=\"generator\" content=\"All in One SEO Pro (AIOSEO) 4.5.9.2\" \/>\n\t\t<meta property=\"og:locale\" content=\"es_ES\" \/>\n\t\t<meta property=\"og:site_name\" content=\"Rucas - One-stop AIoT Distribution Worldwide\" \/>\n\t\t<meta property=\"og:type\" content=\"article\" \/>\n\t\t<meta property=\"og:title\" content=\"Ninebot KickScooter Air T15 Wholesale - Rucas - Wholesale and Distribution\" \/>\n\t\t<meta property=\"og:description\" content=\"Highlights: Ninebot KickScooter Air T15 is the most compact, lightweight, and energy-efficient electric kickscooter ever introduced to navigate in a city environment. The design is a perfect fit for the urban lifestyle and is best for completing your last-mile commute, carrying on mass transportation and storing in cars. The unique sleek and futuristic appearance of the Air T15 makes it one of a kind from other scooters in the market.\" \/>\n\t\t<meta property=\"og:url\" content=\"https:\/\/www.rucashk.com\/es\/producto\/ninebot-kickscooter-air-t15-wholesale\/\" \/>\n\t\t<meta property=\"og:image\" content=\"https:\/\/www.rucashk.com\/wp-content\/uploads\/replace\/503b8e645f128a97ccde2b6290747646.jpeg\" \/>\n\t\t<meta property=\"og:image:secure_url\" content=\"https:\/\/www.rucashk.com\/wp-content\/uploads\/replace\/503b8e645f128a97ccde2b6290747646.jpeg\" \/>\n\t\t<meta property=\"og:image:width\" content=\"1456\" \/>\n\t\t<meta property=\"og:image:height\" content=\"816\" \/>\n\t\t<meta property=\"article:published_time\" content=\"2024-01-09T15:42:22+00:00\" \/>\n\t\t<meta property=\"article:modified_time\" content=\"2024-03-13T10:20:17+00:00\" \/>\n\t\t<meta name=\"twitter:card\" content=\"summary_large_image\" \/>\n\t\t<meta name=\"twitter:title\" content=\"Ninebot KickScooter Air T15 Wholesale - Rucas - Wholesale and Distribution\" \/>\n\t\t<meta name=\"twitter:description\" content=\"Highlights: Ninebot KickScooter Air T15 is the most compact, lightweight, and energy-efficient electric kickscooter ever introduced to navigate in a city environment. The design is a perfect fit for the urban lifestyle and is best for completing your last-mile commute, carrying on mass transportation and storing in cars. The unique sleek and futuristic appearance of the Air T15 makes it one of a kind from other scooters in the market.\" \/>\n\t\t<meta name=\"twitter:image\" content=\"https:\/\/www.rucashk.com\/wp-content\/uploads\/replace\/503b8e645f128a97ccde2b6290747646.jpeg\" \/>\n\t\t<script type=\"application\/ld+json\" class=\"aioseo-schema\">\n\t\t\t{\"@context\":\"https:\\\/\\\/schema.org\",\"@graph\":[{\"@type\":\"BreadcrumbList\",\"@id\":\"https:\\\/\\\/www.rucashk.com\\\/es\\\/producto\\\/ninebot-kickscooter-air-t15-wholesale\\\/#breadcrumblist\",\"itemListElement\":[{\"@type\":\"ListItem\",\"@id\":\"https:\\\/\\\/www.rucashk.com\\\/es\\\/#listItem\",\"position\":1,\"name\":\"Home\",\"item\":\"https:\\\/\\\/www.rucashk.com\\\/es\\\/\",\"nextItem\":\"https:\\\/\\\/www.rucashk.com\\\/es\\\/producto\\\/ninebot-kickscooter-air-t15-wholesale\\\/#listItem\"},{\"@type\":\"ListItem\",\"@id\":\"https:\\\/\\\/www.rucashk.com\\\/es\\\/producto\\\/ninebot-kickscooter-air-t15-wholesale\\\/#listItem\",\"position\":2,\"name\":\"Ninebot  KickScooter Air T15 Wholesale\",\"previousItem\":\"https:\\\/\\\/www.rucashk.com\\\/es\\\/#listItem\"}]},{\"@type\":\"Organization\",\"@id\":\"https:\\\/\\\/www.rucashk.com\\\/es\\\/#organization\",\"name\":\"Rucas\",\"url\":\"https:\\\/\\\/www.rucashk.com\\\/es\\\/\",\"logo\":{\"@type\":\"ImageObject\",\"url\":\"https:\\\/\\\/www.rucashk.com\\\/wp-content\\\/uploads\\\/2023\\\/12\\\/Rucas_campany_logo.png\",\"@id\":\"https:\\\/\\\/www.rucashk.com\\\/es\\\/producto\\\/ninebot-kickscooter-air-t15-wholesale\\\/#organizationLogo\",\"width\":221,\"height\":65},\"image\":{\"@id\":\"https:\\\/\\\/www.rucashk.com\\\/es\\\/#organizationLogo\"}},{\"@type\":\"Person\",\"@id\":\"https:\\\/\\\/www.rucashk.com\\\/es\\\/author\\\/admin\\\/#author\",\"url\":\"https:\\\/\\\/www.rucashk.com\\\/es\\\/author\\\/admin\\\/\",\"name\":\"admin\",\"image\":{\"@type\":\"ImageObject\",\"@id\":\"https:\\\/\\\/www.rucashk.com\\\/es\\\/producto\\\/ninebot-kickscooter-air-t15-wholesale\\\/#authorImage\",\"url\":\"https:\\\/\\\/secure.gravatar.com\\\/avatar\\\/b7c8925b09a27e72b30232f8ecaadbd5af0f70a38c78096863fe51b64f031c24?s=96&d=mm&r=g\",\"width\":96,\"height\":96,\"caption\":\"admin\"}},{\"@type\":\"WebPage\",\"@id\":\"https:\\\/\\\/www.rucashk.com\\\/es\\\/producto\\\/ninebot-kickscooter-air-t15-wholesale\\\/#webpage\",\"url\":\"https:\\\/\\\/www.rucashk.com\\\/es\\\/producto\\\/ninebot-kickscooter-air-t15-wholesale\\\/\",\"name\":\"Ninebot KickScooter Air T15 Wholesale - Rucas - Wholesale and Distribution\",\"description\":\"Highlights: Ninebot KickScooter Air T15 is the most compact, lightweight, and energy-efficient electric kickscooter ever introduced to navigate in a city environment. The design is a perfect fit for the urban lifestyle and is best for completing your last-mile commute, carrying on mass transportation and storing in cars. The unique sleek and futuristic appearance of the Air T15 makes it one of a kind from other scooters in the market.\",\"inLanguage\":\"es-ES\",\"isPartOf\":{\"@id\":\"https:\\\/\\\/www.rucashk.com\\\/es\\\/#website\"},\"breadcrumb\":{\"@id\":\"https:\\\/\\\/www.rucashk.com\\\/es\\\/producto\\\/ninebot-kickscooter-air-t15-wholesale\\\/#breadcrumblist\"},\"author\":{\"@id\":\"https:\\\/\\\/www.rucashk.com\\\/es\\\/author\\\/admin\\\/#author\"},\"creator\":{\"@id\":\"https:\\\/\\\/www.rucashk.com\\\/es\\\/author\\\/admin\\\/#author\"},\"image\":{\"@type\":\"ImageObject\",\"url\":\"https:\\\/\\\/www.rucashk.com\\\/wp-content\\\/uploads\\\/2024\\\/01\\\/3.9_\\u526f\\u672c.jpg\",\"@id\":\"https:\\\/\\\/www.rucashk.com\\\/es\\\/producto\\\/ninebot-kickscooter-air-t15-wholesale\\\/#mainImage\",\"width\":800,\"height\":800},\"primaryImageOfPage\":{\"@id\":\"https:\\\/\\\/www.rucashk.com\\\/es\\\/producto\\\/ninebot-kickscooter-air-t15-wholesale\\\/#mainImage\"},\"datePublished\":\"2024-01-09T15:42:22+00:00\",\"dateModified\":\"2024-03-13T10:20:17+00:00\"},{\"@type\":\"WebSite\",\"@id\":\"https:\\\/\\\/www.rucashk.com\\\/es\\\/#website\",\"url\":\"https:\\\/\\\/www.rucashk.com\\\/es\\\/\",\"name\":\"Rucas - Wholesale and distribution worldwide\",\"alternateName\":\"Rucas - One-stop AIoT Distribution Worldwide\",\"description\":\"One-stop AIoT Distribution Worldwide\",\"inLanguage\":\"es-ES\",\"publisher\":{\"@id\":\"https:\\\/\\\/www.rucashk.com\\\/es\\\/#organization\"}}]}\n\t\t<\/script>\n\t\t<!-- All in One SEO Pro -->\r\n\t\t<title>Ninebot KickScooter Air T15 Wholesale - Rucas - Wholesale and Distribution<\/title>\n\n","aioseo_head_json":{"title":"Ninebot KickScooter Air T15 Wholesale - Rucas - Wholesale and Distribution","description":"Highlights: Ninebot KickScooter Air T15 is the most compact, lightweight, and energy-efficient electric kickscooter ever introduced to navigate in a city environment. The design is a perfect fit for the urban lifestyle and is best for completing your last-mile commute, carrying on mass transportation and storing in cars. The unique sleek and futuristic appearance of the Air T15 makes it one of a kind from other scooters in the market.","canonical_url":"https:\/\/www.rucashk.com\/es\/producto\/ninebot-kickscooter-air-t15-wholesale\/","robots":"max-image-preview:large","keywords":"","webmasterTools":{"miscellaneous":""},"og:locale":"es_ES","og:site_name":"Rucas - One-stop AIoT Distribution Worldwide","og:type":"article","og:title":"Ninebot KickScooter Air T15 Wholesale - Rucas - Wholesale and Distribution","og:description":"Highlights: Ninebot KickScooter Air T15 is the most compact, lightweight, and energy-efficient electric kickscooter ever introduced to navigate in a city environment. The design is a perfect fit for the urban lifestyle and is best for completing your last-mile commute, carrying on mass transportation and storing in cars. The unique sleek and futuristic appearance of the Air T15 makes it one of a kind from other scooters in the market.","og:url":"https:\/\/www.rucashk.com\/es\/producto\/ninebot-kickscooter-air-t15-wholesale\/","og:image":"https:\/\/www.rucashk.com\/wp-content\/uploads\/replace\/503b8e645f128a97ccde2b6290747646.jpeg","og:image:secure_url":"https:\/\/www.rucashk.com\/wp-content\/uploads\/replace\/503b8e645f128a97ccde2b6290747646.jpeg","og:image:width":1456,"og:image:height":816,"article:published_time":"2024-01-09T15:42:22+00:00","article:modified_time":"2024-03-13T10:20:17+00:00","twitter:card":"summary_large_image","twitter:title":"Ninebot KickScooter Air T15 Wholesale - Rucas - Wholesale and Distribution","twitter:description":"Highlights: Ninebot KickScooter Air T15 is the most compact, lightweight, and energy-efficient electric kickscooter ever introduced to navigate in a city environment. The design is a perfect fit for the urban lifestyle and is best for completing your last-mile commute, carrying on mass transportation and storing in cars. The unique sleek and futuristic appearance of the Air T15 makes it one of a kind from other scooters in the market.","twitter:image":"https:\/\/www.rucashk.com\/wp-content\/uploads\/replace\/503b8e645f128a97ccde2b6290747646.jpeg","schema":{"@context":"https:\/\/schema.org","@graph":[{"@type":"BreadcrumbList","@id":"https:\/\/www.rucashk.com\/es\/producto\/ninebot-kickscooter-air-t15-wholesale\/#breadcrumblist","itemListElement":[{"@type":"ListItem","@id":"https:\/\/www.rucashk.com\/es\/#listItem","position":1,"name":"Home","item":"https:\/\/www.rucashk.com\/es\/","nextItem":"https:\/\/www.rucashk.com\/es\/producto\/ninebot-kickscooter-air-t15-wholesale\/#listItem"},{"@type":"ListItem","@id":"https:\/\/www.rucashk.com\/es\/producto\/ninebot-kickscooter-air-t15-wholesale\/#listItem","position":2,"name":"Ninebot  KickScooter Air T15 Wholesale","previousItem":"https:\/\/www.rucashk.com\/es\/#listItem"}]},{"@type":"Organization","@id":"https:\/\/www.rucashk.com\/es\/#organization","name":"Rucas","url":"https:\/\/www.rucashk.com\/es\/","logo":{"@type":"ImageObject","url":"https:\/\/www.rucashk.com\/wp-content\/uploads\/2023\/12\/Rucas_campany_logo.png","@id":"https:\/\/www.rucashk.com\/es\/producto\/ninebot-kickscooter-air-t15-wholesale\/#organizationLogo","width":221,"height":65},"image":{"@id":"https:\/\/www.rucashk.com\/es\/#organizationLogo"}},{"@type":"Person","@id":"https:\/\/www.rucashk.com\/es\/author\/admin\/#author","url":"https:\/\/www.rucashk.com\/es\/author\/admin\/","name":"admin","image":{"@type":"ImageObject","@id":"https:\/\/www.rucashk.com\/es\/producto\/ninebot-kickscooter-air-t15-wholesale\/#authorImage","url":"https:\/\/secure.gravatar.com\/avatar\/b7c8925b09a27e72b30232f8ecaadbd5af0f70a38c78096863fe51b64f031c24?s=96&d=mm&r=g","width":96,"height":96,"caption":"admin"}},{"@type":"WebPage","@id":"https:\/\/www.rucashk.com\/es\/producto\/ninebot-kickscooter-air-t15-wholesale\/#webpage","url":"https:\/\/www.rucashk.com\/es\/producto\/ninebot-kickscooter-air-t15-wholesale\/","name":"Ninebot KickScooter Air T15 Wholesale - Rucas - Wholesale and Distribution","description":"Highlights: Ninebot KickScooter Air T15 is the most compact, lightweight, and energy-efficient electric kickscooter ever introduced to navigate in a city environment. The design is a perfect fit for the urban lifestyle and is best for completing your last-mile commute, carrying on mass transportation and storing in cars. The unique sleek and futuristic appearance of the Air T15 makes it one of a kind from other scooters in the market.","inLanguage":"es-ES","isPartOf":{"@id":"https:\/\/www.rucashk.com\/es\/#website"},"breadcrumb":{"@id":"https:\/\/www.rucashk.com\/es\/producto\/ninebot-kickscooter-air-t15-wholesale\/#breadcrumblist"},"author":{"@id":"https:\/\/www.rucashk.com\/es\/author\/admin\/#author"},"creator":{"@id":"https:\/\/www.rucashk.com\/es\/author\/admin\/#author"},"image":{"@type":"ImageObject","url":"https:\/\/www.rucashk.com\/wp-content\/uploads\/2024\/01\/3.9_\u526f\u672c.jpg","@id":"https:\/\/www.rucashk.com\/es\/producto\/ninebot-kickscooter-air-t15-wholesale\/#mainImage","width":800,"height":800},"primaryImageOfPage":{"@id":"https:\/\/www.rucashk.com\/es\/producto\/ninebot-kickscooter-air-t15-wholesale\/#mainImage"},"datePublished":"2024-01-09T15:42:22+00:00","dateModified":"2024-03-13T10:20:17+00:00"},{"@type":"WebSite","@id":"https:\/\/www.rucashk.com\/es\/#website","url":"https:\/\/www.rucashk.com\/es\/","name":"Rucas - Wholesale and distribution worldwide","alternateName":"Rucas - One-stop AIoT Distribution Worldwide","description":"One-stop AIoT Distribution Worldwide","inLanguage":"es-ES","publisher":{"@id":"https:\/\/www.rucashk.com\/es\/#organization"}}]}},"aioseo_meta_data":{"post_id":"22287","title":null,"description":null,"keywords":null,"keyphrases":null,"primary_term":null,"canonical_url":null,"og_title":null,"og_description":null,"og_object_type":"default","og_image_type":"default","og_image_url":null,"og_image_width":null,"og_image_height":null,"og_image_custom_url":null,"og_image_custom_fields":null,"og_video":null,"og_custom_url":null,"og_article_section":null,"og_article_tags":null,"twitter_use_og":false,"twitter_card":"default","twitter_image_type":"default","twitter_image_url":null,"twitter_image_custom_url":null,"twitter_image_custom_fields":null,"twitter_title":null,"twitter_description":null,"schema":{"blockGraphs":[],"customGraphs":[],"default":{"data":{"Article":[],"Course":[],"Dataset":[],"FAQPage":[],"Movie":[],"Person":[],"Product":[],"Recipe":[],"Service":[],"SoftwareApplication":[],"WebPage":[]},"graphName":"","isEnabled":true},"graphs":[]},"schema_type":"default","schema_type_options":null,"pillar_content":false,"robots_default":true,"robots_noindex":false,"robots_noarchive":false,"robots_nosnippet":false,"robots_nofollow":false,"robots_noimageindex":false,"robots_noodp":false,"robots_notranslate":false,"robots_max_snippet":null,"robots_max_videopreview":null,"robots_max_imagepreview":"large","priority":null,"frequency":null,"local_seo":null,"breadcrumb_settings":null,"limit_modified_date":false,"created":"2024-04-11 01:55:22","updated":"2025-06-22 16:40:54"},"aioseo_breadcrumb":"<div class=\"aioseo-breadcrumbs\"><span class=\"aioseo-breadcrumb\">\n\t<a href=\"https:\/\/www.rucashk.com\/es\" title=\"Home\">Home<\/a>\n<\/span><span class=\"aioseo-breadcrumb-separator\">&raquo;<\/span><span class=\"aioseo-breadcrumb\">\n\t<a href=\"https:\/\/www.rucashk.com\/es\/products\/\" title=\"Productos\">Productos<\/a>\n<\/span><span class=\"aioseo-breadcrumb-separator\">&raquo;<\/span><span class=\"aioseo-breadcrumb\">\n\t<a href=\"https:\/\/www.rucashk.com\/es\/categoria-producto\/xiaomi-eco\/\" title=\"Xiaomi Eco\">Xiaomi Eco<\/a>\n<\/span><span class=\"aioseo-breadcrumb-separator\">&raquo;<\/span><span class=\"aioseo-breadcrumb\">\n\t<a href=\"https:\/\/www.rucashk.com\/es\/categoria-producto\/xiaomi-eco\/sports\/\" title=\"Sports\">Sports<\/a>\n<\/span><span class=\"aioseo-breadcrumb-separator\">&raquo;<\/span><span class=\"aioseo-breadcrumb\">\n\tNinebot  KickScooter Air T15 Wholesale\n<\/span><\/div>","aioseo_breadcrumb_json":[{"label":"Home","link":"https:\/\/www.rucashk.com\/es"},{"label":"Productos","link":"https:\/\/www.rucashk.com\/es\/products\/"},{"label":"Xiaomi Eco","link":"https:\/\/www.rucashk.com\/es\/categoria-producto\/xiaomi-eco\/"},{"label":"Sports","link":"https:\/\/www.rucashk.com\/es\/categoria-producto\/xiaomi-eco\/sports\/"},{"label":"Ninebot  KickScooter Air T15 Wholesale","link":"https:\/\/www.rucashk.com\/es\/producto\/ninebot-kickscooter-air-t15-wholesale\/"}],"_links":{"self":[{"href":"https:\/\/www.rucashk.com\/es\/wp-json\/wp\/v2\/product\/22287","targetHints":{"allow":["GET"]}}],"collection":[{"href":"https:\/\/www.rucashk.com\/es\/wp-json\/wp\/v2\/product"}],"about":[{"href":"https:\/\/www.rucashk.com\/es\/wp-json\/wp\/v2\/types\/product"}],"wp:featuredmedia":[{"embeddable":true,"href":"https:\/\/www.rucashk.com\/es\/wp-json\/wp\/v2\/media\/22438"}],"wp:attachment":[{"href":"https:\/\/www.rucashk.com\/es\/wp-json\/wp\/v2\/media?parent=22287"}],"wp:term":[{"taxonomy":"product_brand","embeddable":true,"href":"https:\/\/www.rucashk.com\/es\/wp-json\/wp\/v2\/product_brand?post=22287"},{"taxonomy":"product_cat","embeddable":true,"href":"https:\/\/www.rucashk.com\/es\/wp-json\/wp\/v2\/product_cat?post=22287"},{"taxonomy":"product_tag","embeddable":true,"href":"https:\/\/www.rucashk.com\/es\/wp-json\/wp\/v2\/product_tag?post=22287"}],"curies":[{"name":"wp","href":"https:\/\/api.w.org\/{rel}","templated":true}]}}