{"id":22265,"date":"2024-01-09T15:41:59","date_gmt":"2024-01-09T15:41:59","guid":{"rendered":"http:\/\/rucashk.com\/?post_type=product&#038;p=22265"},"modified":"2024-03-13T10:25:48","modified_gmt":"2024-03-13T10:25:48","slug":"ninebot-gokart-pro-wholesale","status":"publish","type":"product","link":"https:\/\/www.rucashk.com\/es\/producto\/ninebot-gokart-pro-wholesale\/","title":{"rendered":"Ninebot GoKart Pro al por mayor"},"content":{"rendered":"<p><img fetchpriority=\"high\" decoding=\"async\" class=\"alignnone\" src=\"\/wp-content\/uploads\/replace\/c6370b436210d038c2d6a8f594d6c07d.jpeg\" alt=\"Ninebot GoKart Pro Wholesale\" width=\"1080\" height=\"1358\" \/><img decoding=\"async\" class=\"alignnone\" src=\"\/wp-content\/uploads\/replace\/d2860602a78586ab2fba49df6ac46278.jpeg\" alt=\"Ninebot GoKart Pro Wholesale\" width=\"1080\" height=\"1358\" \/><\/p>\n<p>\u2063El Segway Ninebot Gokart <a class=\"\" style=\"width: auto !important\" href=\"https:\/\/www.rucashk.com\/es\/producto\/xiaomi-mijia-electric-scooter-pro-smart-foldable-wholesale\/\" data-wpil-post-to-id=\"3185\">PRO es un GOKART completamente renovado con un motor mucho m\u00e1s potente y mayor velocidad m\u00e1xima, lo que lo convierte en un el\u00e9ctrico.<\/a> Kart de altas prestaciones, con m\u00e1s de 150cc. Viene con 1,02 gy de aceleraci\u00f3n y 96 nm de par. \u2063<\/p>\n<p><img decoding=\"async\" class=\"alignnone\" src=\"\/wp-content\/uploads\/replace\/74b17ca931ff3160f42d1c8d4b007a49.jpeg\" alt=\"Ninebot GoKart Pro Wholesale\" width=\"1080\" height=\"1358\" \/><\/p>\n<p>Tiene un altavoz que presenta un efecto de sonido del motor de un auto de carreras con un auto de carreras. <a class=\"\" style=\"width: auto !important\" href=\"https:\/\/www.rucashk.com\/es\/slim-body-design-of-xiaomi-5-pro-65-inches-2\/\" data-wpil-post-to-id=\"7674\">cuerpo dise\u00f1ado<\/a> kit y un aler\u00f3n de carreras que te brinda m\u00e1s agarre en el suelo.<\/p>\n<p><img loading=\"lazy\" decoding=\"async\" class=\"alignnone\" src=\"\/wp-content\/uploads\/replace\/3c6cb33530bdff32f2b134cad26bb221.jpeg\" alt=\"Ninebot GoKart Pro Wholesale\" width=\"1080\" height=\"1080\" \/><\/p>\n<p>Viene con bater\u00eda de 432wh y cuatro <a class=\"\" style=\"width: auto !important\" href=\"https:\/\/www.rucashk.com\/es\/summer-kitchen-cooling-artifact-xiaomi-youpin-sells-mobile-air-conditioners-exactly-like-purifiers\/\" data-wpil-post-to-id=\"7049\">salidas de aire para la refrigeraci\u00f3n de la bater\u00eda<\/a> sistema y le permite recorrer la pista de vueltas de 400 m durante 62 vueltas.\u2063<\/p>\n<p><img loading=\"lazy\" decoding=\"async\" class=\"alignnone\" src=\"\/wp-content\/uploads\/replace\/25a23a40c185d74b7bfba2f15921631d.jpeg\" alt=\"Ninebot GoKart Pro Wholesale\" width=\"760\" height=\"760\" \/><\/p>\n<p>El Segway Nimebot Gokart <a class=\"\" style=\"width: auto !important\" href=\"https:\/\/www.rucashk.com\/es\/slim-body-design-of-xiaomi-5-pro-65-inches\/\" data-wpil-post-to-id=\"7675\">PRO ha sido probado m\u00e1s de 33.000 km junto con un piloto de carreras profesional y dise\u00f1ado<\/a> juntos y est\u00e1n dise\u00f1ados para brindarte un modo de deriva mucho m\u00e1s placentero.<\/p>\n<p><img loading=\"lazy\" decoding=\"async\" class=\"alignnone\" src=\"\/wp-content\/uploads\/replace\/a2364fb21a569f7e72ddc1095079b687.jpeg\" alt=\"Ninebot GoKart Pro Wholesale\" width=\"892\" height=\"805\" \/><\/p>\n<p>Tambi\u00e9n viene con un motor de r\u00e1pida dispersi\u00f3n del calor, que evita que el motor se sobrecaliente. \u2063El gokart PRO utiliza un sistema de neum\u00e1ticos de desmontaje r\u00e1pido que facilita el cambio de neum\u00e1ticos si los desgastas r\u00e1pidamente debido a toda la deriva y la diversi\u00f3n.\u2063<br \/>\n\u2063<img loading=\"lazy\" decoding=\"async\" class=\"alignnone\" src=\"\/wp-content\/uploads\/replace\/f96acd0fc1c8ffeeb0f099a0651dddee.jpeg\" alt=\"Ninebot GoKart Pro Wholesale\" width=\"1434\" height=\"802\" \/><\/p>\n<p>Las caracter\u00edsticas adicionales incluyen retenci\u00f3n autom\u00e1tica, que evita que el kart se mueva en terreno degradado.<br \/>\n\u2063<br \/>\nIncluso puedes configurar la vectorizaci\u00f3n de par en la aplicaci\u00f3n seg\u00fan tu estilo de giro y estilo de carrera preferidos. \u2063<\/p>\n<p><img loading=\"lazy\" decoding=\"async\" class=\"alignnone\" src=\"\/wp-content\/uploads\/replace\/d439482eaa51cf40aca627423b6b1a02.jpeg\" alt=\"Ninebot GoKart Pro Wholesale\" width=\"1434\" height=\"798\" \/><\/p>\n<p>Caracter\u00edsticas de seguridad que incluyen parachoques delantero reforzado, neum\u00e1ticos delanteros con agarre adicional para aumentar la fricci\u00f3n y giros seguros a alta velocidad. \u2063<br \/>\n\u2063<br \/>\nElementos de seguridad que adem\u00e1s incluyen comunicaci\u00f3n dual entre el motor y el kit gokart, tanto con comunicaci\u00f3n por cable como por bluetooth. Lo que reducir\u00e1 el riesgo de perder la comunicaci\u00f3n de los pedales y el motor. \u2063<\/p>\n<p><img loading=\"lazy\" decoding=\"async\" class=\"alignnone wp-image-11309 size-full\" src=\"\/wp-content\/uploads\/replace\/8101aac976ad7741e7ec7d11cfd12101.jpeg\" alt=\"Ninebot GoKart Pro Wholesale\" width=\"1079\" height=\"526\" \/><\/p>\n<p><img decoding=\"async\" alt=\"Ninebot GoKart Pro Wholesale\" src=\"\/wp-content\/uploads\/replace\/66ab4cb1599e50448e32501cdf29e0a6.jpeg\" \/><img decoding=\"async\" alt=\"Ninebot GoKart Pro Wholesale\" src=\"\/wp-content\/uploads\/replace\/123bfc9edc0eb45adb9c758e674f9808.jpeg\" \/><\/p>\n<p><strong>Resumen de especificaciones del Segway <a class=\"\" style=\"width: auto !important\" href=\"https:\/\/www.rucashk.com\/es\/producto\/ninebot-gokart-kit-diy-kart-conversion-kits-go-kart-for-xiaomi\/\" data-wpil-post-to-id=\"10652\">Kart Ninebot<\/a> PRO:\u2063<\/strong><br \/>\n\u2063<br \/>\nVelocidad m\u00e1xima: 37 km\/h (modo carrera).<br \/>\nAlcance: 25km\u2063.<br \/>\nPar de torsi\u00f3n: 96 nm\u2063.<br \/>\nPotencia del motor: 900W\u2063.<br \/>\nPotencia m\u00e1xima de salida: 4800W\u2063.<br \/>\nAceleraci\u00f3n: 1.02G\u2063.<br \/>\nSistema de altavoces: S\u00ed\u2063.<br \/>\nSistema de bater\u00eda con ventilaci\u00f3n de aire: S\u00ed\u2063.<br \/>\nNeum\u00e1ticos: Tipo CST Drift\u2063.<br \/>\nModo de deriva: deriva de inercia y deriva din\u00e1mica.<br \/>\nTorque Vectoring: Controlado por aplicaci\u00f3n\u2063.<\/p>\n<p>&nbsp;<\/p>","protected":false},"excerpt":{"rendered":"<p><strong>Resumen de especificaciones para Segway Ninebot Gokart PRO:\u2063<\/strong><br \/>\n\u2063<br \/>\nVelocidad m\u00e1xima: 37 km\/h (modo carrera).<br \/>\nAlcance: 25km\u2063.<br \/>\nPar de torsi\u00f3n: 96 nm\u2063.<br \/>\nPotencia del motor: 900W\u2063.<br \/>\nPotencia m\u00e1xima de salida: 4800W\u2063.<br \/>\nAceleraci\u00f3n: 1.02G\u2063.<br \/>\nSistema de altavoces: S\u00ed\u2063.<br \/>\nSistema de bater\u00eda con ventilaci\u00f3n de aire: S\u00ed\u2063.<br \/>\nNeum\u00e1ticos: Tipo CST Drift\u2063.<br \/>\nModo de deriva: deriva de inercia y deriva din\u00e1mica.<br \/>\nTorque Vectoring: Controlado por aplicaci\u00f3n\u2063.<\/p>","protected":false},"featured_media":22416,"template":"","meta":[],"product_brand":[],"product_cat":[1321,1305],"product_tag":[706],"class_list":{"0":"post-22265","1":"product","2":"type-product","3":"status-publish","4":"has-post-thumbnail","6":"product_cat-sports","7":"product_cat-xiaomi-eco","8":"product_tag-ninebot-gokart-pro","10":"first","11":"instock","12":"shipping-taxable","13":"product-type-external"},"aioseo_notices":[],"aioseo_head":"\n\t\t<!-- All in One SEO Pro 4.5.9.2 - aioseo.com -->\n\t\t<meta name=\"description\" content=\"Specs summary for the Segway Ninebot Gokart PRO:\u2063 \u2063 Top Speed: 37km\/h (race mode)\u2063. Range: 25km\u2063. Torque: 96nm\u2063. Motor Power: 900W\u2063. Max Output Power: 4800W\u2063. Acceleration: 1.02G\u2063. Loudspeaker system: Yes \u2063. Air Vented Battery System: Yes \u2063. Tyres: CST Drift Type\u2063. Drift mode: Inertia Drift and Dynamic Drift\u2063. Torque Vectoring: App controlled \u2063.\" \/>\n\t\t<meta name=\"robots\" content=\"max-image-preview:large\" \/>\n\t\t<link rel=\"canonical\" href=\"https:\/\/www.rucashk.com\/es\/producto\/ninebot-gokart-pro-wholesale\/\" \/>\n\t\t<meta name=\"generator\" content=\"All in One SEO Pro (AIOSEO) 4.5.9.2\" \/>\n\t\t<meta property=\"og:locale\" content=\"es_ES\" \/>\n\t\t<meta property=\"og:site_name\" content=\"Rucas - One-stop AIoT Distribution Worldwide\" \/>\n\t\t<meta property=\"og:type\" content=\"article\" \/>\n\t\t<meta property=\"og:title\" content=\"Ninebot GoKart Pro Wholesale - Rucas - Wholesale and Distribution\" \/>\n\t\t<meta property=\"og:description\" content=\"Specs summary for the Segway Ninebot Gokart PRO:\u2063 \u2063 Top Speed: 37km\/h (race mode)\u2063. Range: 25km\u2063. Torque: 96nm\u2063. Motor Power: 900W\u2063. Max Output Power: 4800W\u2063. Acceleration: 1.02G\u2063. Loudspeaker system: Yes \u2063. Air Vented Battery System: Yes \u2063. Tyres: CST Drift Type\u2063. Drift mode: Inertia Drift and Dynamic Drift\u2063. Torque Vectoring: App controlled \u2063.\" \/>\n\t\t<meta property=\"og:url\" content=\"https:\/\/www.rucashk.com\/es\/producto\/ninebot-gokart-pro-wholesale\/\" \/>\n\t\t<meta property=\"og:image\" content=\"https:\/\/www.rucashk.com\/wp-content\/uploads\/replace\/503b8e645f128a97ccde2b6290747646.jpeg\" \/>\n\t\t<meta property=\"og:image:secure_url\" content=\"https:\/\/www.rucashk.com\/wp-content\/uploads\/replace\/503b8e645f128a97ccde2b6290747646.jpeg\" \/>\n\t\t<meta property=\"og:image:width\" content=\"1456\" \/>\n\t\t<meta property=\"og:image:height\" content=\"816\" \/>\n\t\t<meta property=\"article:published_time\" content=\"2024-01-09T15:41:59+00:00\" \/>\n\t\t<meta property=\"article:modified_time\" content=\"2024-03-13T10:25:48+00:00\" \/>\n\t\t<meta name=\"twitter:card\" content=\"summary_large_image\" \/>\n\t\t<meta name=\"twitter:title\" content=\"Ninebot GoKart Pro Wholesale - Rucas - Wholesale and Distribution\" \/>\n\t\t<meta name=\"twitter:description\" content=\"Specs summary for the Segway Ninebot Gokart PRO:\u2063 \u2063 Top Speed: 37km\/h (race mode)\u2063. Range: 25km\u2063. Torque: 96nm\u2063. Motor Power: 900W\u2063. Max Output Power: 4800W\u2063. Acceleration: 1.02G\u2063. Loudspeaker system: Yes \u2063. Air Vented Battery System: Yes \u2063. Tyres: CST Drift Type\u2063. Drift mode: Inertia Drift and Dynamic Drift\u2063. Torque Vectoring: App controlled \u2063.\" \/>\n\t\t<meta name=\"twitter:image\" content=\"https:\/\/www.rucashk.com\/wp-content\/uploads\/replace\/503b8e645f128a97ccde2b6290747646.jpeg\" \/>\n\t\t<script type=\"application\/ld+json\" class=\"aioseo-schema\">\n\t\t\t{\"@context\":\"https:\\\/\\\/schema.org\",\"@graph\":[{\"@type\":\"BreadcrumbList\",\"@id\":\"https:\\\/\\\/www.rucashk.com\\\/es\\\/producto\\\/ninebot-gokart-pro-wholesale\\\/#breadcrumblist\",\"itemListElement\":[{\"@type\":\"ListItem\",\"@id\":\"https:\\\/\\\/www.rucashk.com\\\/es\\\/#listItem\",\"position\":1,\"name\":\"Home\",\"item\":\"https:\\\/\\\/www.rucashk.com\\\/es\\\/\",\"nextItem\":\"https:\\\/\\\/www.rucashk.com\\\/es\\\/producto\\\/ninebot-gokart-pro-wholesale\\\/#listItem\"},{\"@type\":\"ListItem\",\"@id\":\"https:\\\/\\\/www.rucashk.com\\\/es\\\/producto\\\/ninebot-gokart-pro-wholesale\\\/#listItem\",\"position\":2,\"name\":\"Ninebot GoKart Pro Wholesale\",\"previousItem\":\"https:\\\/\\\/www.rucashk.com\\\/es\\\/#listItem\"}]},{\"@type\":\"Organization\",\"@id\":\"https:\\\/\\\/www.rucashk.com\\\/es\\\/#organization\",\"name\":\"Rucas\",\"url\":\"https:\\\/\\\/www.rucashk.com\\\/es\\\/\",\"logo\":{\"@type\":\"ImageObject\",\"url\":\"https:\\\/\\\/www.rucashk.com\\\/wp-content\\\/uploads\\\/2023\\\/12\\\/Rucas_campany_logo.png\",\"@id\":\"https:\\\/\\\/www.rucashk.com\\\/es\\\/producto\\\/ninebot-gokart-pro-wholesale\\\/#organizationLogo\",\"width\":221,\"height\":65},\"image\":{\"@id\":\"https:\\\/\\\/www.rucashk.com\\\/es\\\/#organizationLogo\"}},{\"@type\":\"Person\",\"@id\":\"https:\\\/\\\/www.rucashk.com\\\/es\\\/author\\\/admin\\\/#author\",\"url\":\"https:\\\/\\\/www.rucashk.com\\\/es\\\/author\\\/admin\\\/\",\"name\":\"admin\",\"image\":{\"@type\":\"ImageObject\",\"@id\":\"https:\\\/\\\/www.rucashk.com\\\/es\\\/producto\\\/ninebot-gokart-pro-wholesale\\\/#authorImage\",\"url\":\"https:\\\/\\\/secure.gravatar.com\\\/avatar\\\/b7c8925b09a27e72b30232f8ecaadbd5af0f70a38c78096863fe51b64f031c24?s=96&d=mm&r=g\",\"width\":96,\"height\":96,\"caption\":\"admin\"}},{\"@type\":\"WebPage\",\"@id\":\"https:\\\/\\\/www.rucashk.com\\\/es\\\/producto\\\/ninebot-gokart-pro-wholesale\\\/#webpage\",\"url\":\"https:\\\/\\\/www.rucashk.com\\\/es\\\/producto\\\/ninebot-gokart-pro-wholesale\\\/\",\"name\":\"Ninebot GoKart Pro Wholesale - Rucas - Wholesale and Distribution\",\"description\":\"Specs summary for the Segway Ninebot Gokart PRO:\\u2063 \\u2063 Top Speed: 37km\\\/h (race mode)\\u2063. Range: 25km\\u2063. Torque: 96nm\\u2063. Motor Power: 900W\\u2063. Max Output Power: 4800W\\u2063. Acceleration: 1.02G\\u2063. Loudspeaker system: Yes \\u2063. Air Vented Battery System: Yes \\u2063. Tyres: CST Drift Type\\u2063. Drift mode: Inertia Drift and Dynamic Drift\\u2063. Torque Vectoring: App controlled \\u2063.\",\"inLanguage\":\"es-ES\",\"isPartOf\":{\"@id\":\"https:\\\/\\\/www.rucashk.com\\\/es\\\/#website\"},\"breadcrumb\":{\"@id\":\"https:\\\/\\\/www.rucashk.com\\\/es\\\/producto\\\/ninebot-gokart-pro-wholesale\\\/#breadcrumblist\"},\"author\":{\"@id\":\"https:\\\/\\\/www.rucashk.com\\\/es\\\/author\\\/admin\\\/#author\"},\"creator\":{\"@id\":\"https:\\\/\\\/www.rucashk.com\\\/es\\\/author\\\/admin\\\/#author\"},\"image\":{\"@type\":\"ImageObject\",\"url\":\"https:\\\/\\\/www.rucashk.com\\\/wp-content\\\/uploads\\\/2024\\\/01\\\/1_\\u526f\\u672c.jpg\",\"@id\":\"https:\\\/\\\/www.rucashk.com\\\/es\\\/producto\\\/ninebot-gokart-pro-wholesale\\\/#mainImage\",\"width\":800,\"height\":800},\"primaryImageOfPage\":{\"@id\":\"https:\\\/\\\/www.rucashk.com\\\/es\\\/producto\\\/ninebot-gokart-pro-wholesale\\\/#mainImage\"},\"datePublished\":\"2024-01-09T15:41:59+00:00\",\"dateModified\":\"2024-03-13T10:25:48+00:00\"},{\"@type\":\"WebSite\",\"@id\":\"https:\\\/\\\/www.rucashk.com\\\/es\\\/#website\",\"url\":\"https:\\\/\\\/www.rucashk.com\\\/es\\\/\",\"name\":\"Rucas - Wholesale and distribution worldwide\",\"alternateName\":\"Rucas - One-stop AIoT Distribution Worldwide\",\"description\":\"One-stop AIoT Distribution Worldwide\",\"inLanguage\":\"es-ES\",\"publisher\":{\"@id\":\"https:\\\/\\\/www.rucashk.com\\\/es\\\/#organization\"}}]}\n\t\t<\/script>\n\t\t<!-- All in One SEO Pro -->\r\n\t\t<title>Ninebot GoKart Pro Wholesale - Rucas - Wholesale and Distribution<\/title>\n\n","aioseo_head_json":{"title":"Ninebot GoKart Pro Wholesale - Rucas - Wholesale and Distribution","description":"Specs summary for the Segway Ninebot Gokart PRO:\u2063 \u2063 Top Speed: 37km\/h (race mode)\u2063. Range: 25km\u2063. Torque: 96nm\u2063. Motor Power: 900W\u2063. Max Output Power: 4800W\u2063. Acceleration: 1.02G\u2063. Loudspeaker system: Yes \u2063. Air Vented Battery System: Yes \u2063. Tyres: CST Drift Type\u2063. Drift mode: Inertia Drift and Dynamic Drift\u2063. Torque Vectoring: App controlled \u2063.","canonical_url":"https:\/\/www.rucashk.com\/es\/producto\/ninebot-gokart-pro-wholesale\/","robots":"max-image-preview:large","keywords":"","webmasterTools":{"miscellaneous":""},"og:locale":"es_ES","og:site_name":"Rucas - One-stop AIoT Distribution Worldwide","og:type":"article","og:title":"Ninebot GoKart Pro Wholesale - Rucas - Wholesale and Distribution","og:description":"Specs summary for the Segway Ninebot Gokart PRO:\u2063 \u2063 Top Speed: 37km\/h (race mode)\u2063. Range: 25km\u2063. Torque: 96nm\u2063. Motor Power: 900W\u2063. Max Output Power: 4800W\u2063. Acceleration: 1.02G\u2063. Loudspeaker system: Yes \u2063. Air Vented Battery System: Yes \u2063. Tyres: CST Drift Type\u2063. Drift mode: Inertia Drift and Dynamic Drift\u2063. Torque Vectoring: App controlled \u2063.","og:url":"https:\/\/www.rucashk.com\/es\/producto\/ninebot-gokart-pro-wholesale\/","og:image":"https:\/\/www.rucashk.com\/wp-content\/uploads\/replace\/503b8e645f128a97ccde2b6290747646.jpeg","og:image:secure_url":"https:\/\/www.rucashk.com\/wp-content\/uploads\/replace\/503b8e645f128a97ccde2b6290747646.jpeg","og:image:width":1456,"og:image:height":816,"article:published_time":"2024-01-09T15:41:59+00:00","article:modified_time":"2024-03-13T10:25:48+00:00","twitter:card":"summary_large_image","twitter:title":"Ninebot GoKart Pro Wholesale - Rucas - Wholesale and Distribution","twitter:description":"Specs summary for the Segway Ninebot Gokart PRO:\u2063 \u2063 Top Speed: 37km\/h (race mode)\u2063. Range: 25km\u2063. Torque: 96nm\u2063. Motor Power: 900W\u2063. Max Output Power: 4800W\u2063. Acceleration: 1.02G\u2063. Loudspeaker system: Yes \u2063. Air Vented Battery System: Yes \u2063. Tyres: CST Drift Type\u2063. Drift mode: Inertia Drift and Dynamic Drift\u2063. Torque Vectoring: App controlled \u2063.","twitter:image":"https:\/\/www.rucashk.com\/wp-content\/uploads\/replace\/503b8e645f128a97ccde2b6290747646.jpeg","schema":{"@context":"https:\/\/schema.org","@graph":[{"@type":"BreadcrumbList","@id":"https:\/\/www.rucashk.com\/es\/producto\/ninebot-gokart-pro-wholesale\/#breadcrumblist","itemListElement":[{"@type":"ListItem","@id":"https:\/\/www.rucashk.com\/es\/#listItem","position":1,"name":"Home","item":"https:\/\/www.rucashk.com\/es\/","nextItem":"https:\/\/www.rucashk.com\/es\/producto\/ninebot-gokart-pro-wholesale\/#listItem"},{"@type":"ListItem","@id":"https:\/\/www.rucashk.com\/es\/producto\/ninebot-gokart-pro-wholesale\/#listItem","position":2,"name":"Ninebot GoKart Pro Wholesale","previousItem":"https:\/\/www.rucashk.com\/es\/#listItem"}]},{"@type":"Organization","@id":"https:\/\/www.rucashk.com\/es\/#organization","name":"Rucas","url":"https:\/\/www.rucashk.com\/es\/","logo":{"@type":"ImageObject","url":"https:\/\/www.rucashk.com\/wp-content\/uploads\/2023\/12\/Rucas_campany_logo.png","@id":"https:\/\/www.rucashk.com\/es\/producto\/ninebot-gokart-pro-wholesale\/#organizationLogo","width":221,"height":65},"image":{"@id":"https:\/\/www.rucashk.com\/es\/#organizationLogo"}},{"@type":"Person","@id":"https:\/\/www.rucashk.com\/es\/author\/admin\/#author","url":"https:\/\/www.rucashk.com\/es\/author\/admin\/","name":"admin","image":{"@type":"ImageObject","@id":"https:\/\/www.rucashk.com\/es\/producto\/ninebot-gokart-pro-wholesale\/#authorImage","url":"https:\/\/secure.gravatar.com\/avatar\/b7c8925b09a27e72b30232f8ecaadbd5af0f70a38c78096863fe51b64f031c24?s=96&d=mm&r=g","width":96,"height":96,"caption":"admin"}},{"@type":"WebPage","@id":"https:\/\/www.rucashk.com\/es\/producto\/ninebot-gokart-pro-wholesale\/#webpage","url":"https:\/\/www.rucashk.com\/es\/producto\/ninebot-gokart-pro-wholesale\/","name":"Ninebot GoKart Pro Wholesale - Rucas - Wholesale and Distribution","description":"Specs summary for the Segway Ninebot Gokart PRO:\u2063 \u2063 Top Speed: 37km\/h (race mode)\u2063. Range: 25km\u2063. Torque: 96nm\u2063. Motor Power: 900W\u2063. Max Output Power: 4800W\u2063. Acceleration: 1.02G\u2063. Loudspeaker system: Yes \u2063. Air Vented Battery System: Yes \u2063. Tyres: CST Drift Type\u2063. Drift mode: Inertia Drift and Dynamic Drift\u2063. Torque Vectoring: App controlled \u2063.","inLanguage":"es-ES","isPartOf":{"@id":"https:\/\/www.rucashk.com\/es\/#website"},"breadcrumb":{"@id":"https:\/\/www.rucashk.com\/es\/producto\/ninebot-gokart-pro-wholesale\/#breadcrumblist"},"author":{"@id":"https:\/\/www.rucashk.com\/es\/author\/admin\/#author"},"creator":{"@id":"https:\/\/www.rucashk.com\/es\/author\/admin\/#author"},"image":{"@type":"ImageObject","url":"https:\/\/www.rucashk.com\/wp-content\/uploads\/2024\/01\/1_\u526f\u672c.jpg","@id":"https:\/\/www.rucashk.com\/es\/producto\/ninebot-gokart-pro-wholesale\/#mainImage","width":800,"height":800},"primaryImageOfPage":{"@id":"https:\/\/www.rucashk.com\/es\/producto\/ninebot-gokart-pro-wholesale\/#mainImage"},"datePublished":"2024-01-09T15:41:59+00:00","dateModified":"2024-03-13T10:25:48+00:00"},{"@type":"WebSite","@id":"https:\/\/www.rucashk.com\/es\/#website","url":"https:\/\/www.rucashk.com\/es\/","name":"Rucas - Wholesale and distribution worldwide","alternateName":"Rucas - One-stop AIoT Distribution Worldwide","description":"One-stop AIoT Distribution Worldwide","inLanguage":"es-ES","publisher":{"@id":"https:\/\/www.rucashk.com\/es\/#organization"}}]}},"aioseo_meta_data":{"post_id":"22265","title":null,"description":null,"keywords":null,"keyphrases":null,"primary_term":null,"canonical_url":null,"og_title":null,"og_description":null,"og_object_type":"default","og_image_type":"default","og_image_url":null,"og_image_width":null,"og_image_height":null,"og_image_custom_url":null,"og_image_custom_fields":null,"og_video":null,"og_custom_url":null,"og_article_section":null,"og_article_tags":null,"twitter_use_og":false,"twitter_card":"default","twitter_image_type":"default","twitter_image_url":null,"twitter_image_custom_url":null,"twitter_image_custom_fields":null,"twitter_title":null,"twitter_description":null,"schema":{"blockGraphs":[],"customGraphs":[],"default":{"data":{"Article":[],"Course":[],"Dataset":[],"FAQPage":[],"Movie":[],"Person":[],"Product":[],"Recipe":[],"Service":[],"SoftwareApplication":[],"WebPage":[]},"graphName":"","isEnabled":true},"graphs":[]},"schema_type":"default","schema_type_options":null,"pillar_content":false,"robots_default":true,"robots_noindex":false,"robots_noarchive":false,"robots_nosnippet":false,"robots_nofollow":false,"robots_noimageindex":false,"robots_noodp":false,"robots_notranslate":false,"robots_max_snippet":null,"robots_max_videopreview":null,"robots_max_imagepreview":"large","priority":null,"frequency":null,"local_seo":null,"breadcrumb_settings":null,"limit_modified_date":false,"created":"2024-04-11 01:55:22","updated":"2025-06-22 16:39:57"},"aioseo_breadcrumb":"<div class=\"aioseo-breadcrumbs\"><span class=\"aioseo-breadcrumb\">\n\t<a href=\"https:\/\/www.rucashk.com\/es\" title=\"Home\">Home<\/a>\n<\/span><span class=\"aioseo-breadcrumb-separator\">&raquo;<\/span><span class=\"aioseo-breadcrumb\">\n\t<a href=\"https:\/\/www.rucashk.com\/es\/products\/\" title=\"Productos\">Productos<\/a>\n<\/span><span class=\"aioseo-breadcrumb-separator\">&raquo;<\/span><span class=\"aioseo-breadcrumb\">\n\t<a href=\"https:\/\/www.rucashk.com\/es\/categoria-producto\/xiaomi-eco\/\" title=\"Xiaomi Eco\">Xiaomi Eco<\/a>\n<\/span><span class=\"aioseo-breadcrumb-separator\">&raquo;<\/span><span class=\"aioseo-breadcrumb\">\n\t<a href=\"https:\/\/www.rucashk.com\/es\/categoria-producto\/xiaomi-eco\/sports\/\" title=\"Sports\">Sports<\/a>\n<\/span><span class=\"aioseo-breadcrumb-separator\">&raquo;<\/span><span class=\"aioseo-breadcrumb\">\n\tNinebot GoKart Pro Wholesale\n<\/span><\/div>","aioseo_breadcrumb_json":[{"label":"Home","link":"https:\/\/www.rucashk.com\/es"},{"label":"Productos","link":"https:\/\/www.rucashk.com\/es\/products\/"},{"label":"Xiaomi Eco","link":"https:\/\/www.rucashk.com\/es\/categoria-producto\/xiaomi-eco\/"},{"label":"Sports","link":"https:\/\/www.rucashk.com\/es\/categoria-producto\/xiaomi-eco\/sports\/"},{"label":"Ninebot GoKart Pro Wholesale","link":"https:\/\/www.rucashk.com\/es\/producto\/ninebot-gokart-pro-wholesale\/"}],"_links":{"self":[{"href":"https:\/\/www.rucashk.com\/es\/wp-json\/wp\/v2\/product\/22265","targetHints":{"allow":["GET"]}}],"collection":[{"href":"https:\/\/www.rucashk.com\/es\/wp-json\/wp\/v2\/product"}],"about":[{"href":"https:\/\/www.rucashk.com\/es\/wp-json\/wp\/v2\/types\/product"}],"wp:featuredmedia":[{"embeddable":true,"href":"https:\/\/www.rucashk.com\/es\/wp-json\/wp\/v2\/media\/22416"}],"wp:attachment":[{"href":"https:\/\/www.rucashk.com\/es\/wp-json\/wp\/v2\/media?parent=22265"}],"wp:term":[{"taxonomy":"product_brand","embeddable":true,"href":"https:\/\/www.rucashk.com\/es\/wp-json\/wp\/v2\/product_brand?post=22265"},{"taxonomy":"product_cat","embeddable":true,"href":"https:\/\/www.rucashk.com\/es\/wp-json\/wp\/v2\/product_cat?post=22265"},{"taxonomy":"product_tag","embeddable":true,"href":"https:\/\/www.rucashk.com\/es\/wp-json\/wp\/v2\/product_tag?post=22265"}],"curies":[{"name":"wp","href":"https:\/\/api.w.org\/{rel}","templated":true}]}}