{"id":22236,"date":"2024-01-09T15:41:37","date_gmt":"2024-01-09T15:41:37","guid":{"rendered":"http:\/\/rucashk.com\/?post_type=product&#038;p=22236"},"modified":"2024-03-13T10:26:36","modified_gmt":"2024-03-13T10:26:36","slug":"mijia-m365-scooter-skateboard-accessories","status":"publish","type":"product","link":"https:\/\/www.rucashk.com\/es\/producto\/mijia-m365-scooter-skateboard-accessories\/","title":{"rendered":"Accesorios para patinete scooter Mijia M365"},"content":{"rendered":"<p><img alt=\"Mijia M365 Scooter Skateboard Accessories\" \/><img alt=\"Mijia M365 Scooter Skateboard Accessories\" \/><img alt=\"Mijia M365 Scooter Skateboard Accessories\" \/><img alt=\"Mijia M365 Scooter Skateboard Accessories\" \/><img alt=\"Mijia M365 Scooter Skateboard Accessories\" \/><img alt=\"Mijia M365 Scooter Skateboard Accessories\" \/><img alt=\"Mijia M365 Scooter Skateboard Accessories\" \/><img alt=\"Mijia M365 Scooter Skateboard Accessories\" \/><img alt=\"Mijia M365 Scooter Skateboard Accessories\" \/><img alt=\"Mijia M365 Scooter Skateboard Accessories\" \/><img decoding=\"async\" alt=\"Mijia M365 Scooter Skateboard Accessories\" src=\"\/wp-content\/uploads\/replace\/8e420b81da174b94e664adc957824869.jpeg\" \/><\/p>\n<div><span data-spm-anchor-id=\"a2g0o.detail.1000023.i8.4d3143ecIYttHw\">1. Los art\u00edculos se enviar\u00e1n dentro de 3 a 7 d\u00edas h\u00e1biles despu\u00e9s de que los clientes paguen el pedido. Porque necesitamos organizar el env\u00edo un pedido por un pedido. Embalaremos bien los productos y comprobaremos todo el paquete antes de enviarlo. Le enviaremos los productos lo antes posible.<\/span><\/div>\n<div data-spm-anchor-id=\"a2g0o.detail.1000023.i7.4d3143ecIYttHw\"><\/div>\n<div><\/div>\n<div><span data-spm-anchor-id=\"a2g0o.detail.1000023.i9.4d3143ecIYttHw\">2. Solo enviamos a la direcci\u00f3n de pedido confirmada. La direcci\u00f3n de su pedido DEBE COINCIDIR con su direcci\u00f3n de env\u00edo. Si hemos enviado el paquete. No podremos cambiar la direcci\u00f3n por usted.<\/span><\/div>\n<div><\/div>\n<div><\/div>\n<div>3. Por lo general, la entrega del paquete al destino demora entre 20 y 60 d\u00edas h\u00e1biles (para \u00e1reas remotas, puede demorar un poco). Mientras tanto, puede elegir DHL Express para acortar el tiempo de env\u00edo si necesita el pedido con urgencia.<\/div>\n<div><\/div>\n<div><\/div>\n<div>4. Como todos sabemos, el env\u00edo internacional requiere procedimientos de env\u00edo m\u00e1s complicados. Si no recibe el pedido dentro de los 60 d\u00edas h\u00e1biles. Por favor, si\u00e9ntase libre de <a class=\"\" style=\"width: auto !important\" href=\"https:\/\/www.rucashk.com\/es\/contact-us\/\" data-wpil-post-to-id=\"907\">Cont\u00e1ctenos<\/a> Antes de dejar comentarios negativos. Haremos todo lo posible para ayudarle a resolver el problema.<\/div>\n<div><img decoding=\"async\" alt=\"Mijia M365 Scooter Skateboard Accessories\" src=\"\/wp-content\/uploads\/replace\/1351624f5b472fc21bcba8233c5469f6.jpeg\" \/><\/div>\n<div>\n<div><span data-spm-anchor-id=\"a2g0o.detail.1000023.i10.4d3143ecIYttHw\">1. Si no est\u00e1s satisfecho con el art\u00edculo cuando lo recibes. devu\u00e9lvelo dentro de los 10 d\u00edas para obtener un reemplazo o te devolveremos el dinero. Por favor <a class=\"\" style=\"width: auto !important\" href=\"https:\/\/www.rucashk.com\/es\/contact-us\/\" data-wpil-post-to-id=\"907\">Cont\u00e1ctenos<\/a> antes de devolverlo.<\/span><\/div>\n<div><\/div>\n<div><\/div>\n<div>2. Todos regresaron <a class=\"\" style=\"width: auto !important\" href=\"https:\/\/www.rucashk.com\/es\/user-list-item\/\" data-wpil-post-to-id=\"2964\">Los art\u00edculos deben estar en el embalaje original y usted debe proporcionarnos<\/a> con el n\u00famero de seguimiento del env\u00edo y el motivo espec\u00edfico de la devoluci\u00f3n.<\/div>\n<div><\/div>\n<div data-spm-anchor-id=\"a2g0o.detail.1000023.i12.4d3143ecIYttHw\"><\/div>\n<div>3. Le reembolsaremos el dinero completo una vez recibido el art\u00edculo en su estado original y en su embalaje con todos los componentes y accesorios incluidos.<\/div>\n<div><\/div>\n<\/div>\n<div>\n<div>4. Si el <a class=\"\" style=\"width: auto !important\" href=\"https:\/\/www.rucashk.com\/es\/xiaomi-today-let-us-talk-more-of-new-items\/\" data-wpil-post-to-id=\"5587\">El art\u00edculo se da\u00f1a durante el transporte o no se puede utilizar.<\/a> Normalmente, cont\u00e1ctanos y adjunta las fotos reales de los art\u00edculos y te reembolsaremos el dinero.<\/div>\n<div><img decoding=\"async\" alt=\"Mijia M365 Scooter Skateboard Accessories\" src=\"\/wp-content\/uploads\/replace\/205a1155066e071427454c39557c05a4.jpeg\" \/><\/div>\n<div>\n<div><span data-spm-anchor-id=\"a2g0o.detail.1000023.i16.4d3143ecIYttHw\">1. \u00a1Mantenemos altos est\u00e1ndares de excelencia y nos esforzamos por lograr la satisfacci\u00f3n del cliente 100%! Su satisfacci\u00f3n es nuestra primera prioridad.<\/span><\/div>\n<div><\/div>\n<div><\/div>\n<div>2. Si recibe el pedido y est\u00e1 en buenas condiciones, le agradecer\u00edamos que dejara un comentario positivo de 5 estrellas sobre la transacci\u00f3n.<\/div>\n<div><\/div>\n<div><\/div>\n<div>3. De lo contrario. le agradecer\u00edamos que lo hiciera <a href=\"https:\/\/www.rucashk.com\/es\/contact-us\/\" class=\"\" style=\"width: auto !important\" data-wpil-post-to-id=\"907\">Cont\u00e1ctenos<\/a> antes de dejar comentarios de 1 estrella a 3 estrellas. Estaremos encantados de ofrecerle una soluci\u00f3n satisfactoria.<\/div>\n<\/div>\n<\/div>","protected":false},"excerpt":{"rendered":"<ul class=\"product-specs-list util-clearfix\" data-spm-anchor-id=\"a2g0o.detail.0.i11.4d3143ecIYttHw\">\n<li class=\"product-prop line-limit-length\"><span class=\"property-title\">est\u00e1 personalizado:\u00a0<\/span><span class=\"property-desc line-limit-length\" title=\"S\u00ed\">S\u00ed<\/span><\/li>\n<li class=\"product-prop line-limit-length\"><span class=\"property-title\">Tipo:\u00a0<\/span><span class=\"property-desc line-limit-length\" title=\"Otro\">Otro<\/span><\/li>\n<li class=\"product-prop line-limit-length\"><span class=\"property-title\">Voltaje:\u00a0<\/span><span class=\"property-desc line-limit-length\" title=\"12V\">12V<\/span><\/li>\n<li class=\"product-prop line-limit-length\"><span class=\"property-title\">N\u00famero de modelo:\u00a0<\/span><span class=\"property-desc line-limit-length\" title=\"correa190\">correa190<\/span><\/li>\n<\/ul>","protected":false},"featured_media":22371,"template":"","meta":[],"product_brand":[],"product_cat":[1314,1305],"product_tag":[697],"class_list":{"0":"post-22236","1":"product","2":"type-product","3":"status-publish","4":"has-post-thumbnail","6":"product_cat-mi-scooter","7":"product_cat-xiaomi-eco","8":"product_tag-m365-scooter","10":"first","11":"instock","12":"shipping-taxable","13":"product-type-external"},"aioseo_notices":[],"aioseo_head":"\n\t\t<!-- All in One SEO Pro 4.5.9.2 - aioseo.com -->\n\t\t<meta name=\"description\" content=\"is_customized: Yes Type: Other Voltage: 12V Model Number: strap190\" \/>\n\t\t<meta name=\"robots\" content=\"max-image-preview:large\" \/>\n\t\t<link rel=\"canonical\" href=\"https:\/\/www.rucashk.com\/es\/producto\/mijia-m365-scooter-skateboard-accessories\/\" \/>\n\t\t<meta name=\"generator\" content=\"All in One SEO Pro (AIOSEO) 4.5.9.2\" \/>\n\t\t<meta property=\"og:locale\" content=\"es_ES\" \/>\n\t\t<meta property=\"og:site_name\" content=\"Rucas - One-stop AIoT Distribution Worldwide\" \/>\n\t\t<meta property=\"og:type\" content=\"article\" \/>\n\t\t<meta property=\"og:title\" content=\"Mijia M365 Scooter Skateboard Accessories - Rucas - Wholesale and Distribution\" \/>\n\t\t<meta property=\"og:description\" content=\"is_customized: Yes Type: Other Voltage: 12V Model Number: strap190\" \/>\n\t\t<meta property=\"og:url\" content=\"https:\/\/www.rucashk.com\/es\/producto\/mijia-m365-scooter-skateboard-accessories\/\" \/>\n\t\t<meta property=\"og:image\" content=\"https:\/\/www.rucashk.com\/wp-content\/uploads\/replace\/503b8e645f128a97ccde2b6290747646.jpeg\" \/>\n\t\t<meta property=\"og:image:secure_url\" content=\"https:\/\/www.rucashk.com\/wp-content\/uploads\/replace\/503b8e645f128a97ccde2b6290747646.jpeg\" \/>\n\t\t<meta property=\"og:image:width\" content=\"1456\" \/>\n\t\t<meta property=\"og:image:height\" content=\"816\" \/>\n\t\t<meta property=\"article:published_time\" content=\"2024-01-09T15:41:37+00:00\" \/>\n\t\t<meta property=\"article:modified_time\" content=\"2024-03-13T10:26:36+00:00\" \/>\n\t\t<meta name=\"twitter:card\" content=\"summary_large_image\" \/>\n\t\t<meta name=\"twitter:title\" content=\"Mijia M365 Scooter Skateboard Accessories - Rucas - Wholesale and Distribution\" \/>\n\t\t<meta name=\"twitter:description\" content=\"is_customized: Yes Type: Other Voltage: 12V Model Number: strap190\" \/>\n\t\t<meta name=\"twitter:image\" content=\"https:\/\/www.rucashk.com\/wp-content\/uploads\/replace\/503b8e645f128a97ccde2b6290747646.jpeg\" \/>\n\t\t<script type=\"application\/ld+json\" class=\"aioseo-schema\">\n\t\t\t{\"@context\":\"https:\\\/\\\/schema.org\",\"@graph\":[{\"@type\":\"BreadcrumbList\",\"@id\":\"https:\\\/\\\/www.rucashk.com\\\/es\\\/producto\\\/mijia-m365-scooter-skateboard-accessories\\\/#breadcrumblist\",\"itemListElement\":[{\"@type\":\"ListItem\",\"@id\":\"https:\\\/\\\/www.rucashk.com\\\/es\\\/#listItem\",\"position\":1,\"name\":\"Home\",\"item\":\"https:\\\/\\\/www.rucashk.com\\\/es\\\/\",\"nextItem\":\"https:\\\/\\\/www.rucashk.com\\\/es\\\/producto\\\/mijia-m365-scooter-skateboard-accessories\\\/#listItem\"},{\"@type\":\"ListItem\",\"@id\":\"https:\\\/\\\/www.rucashk.com\\\/es\\\/producto\\\/mijia-m365-scooter-skateboard-accessories\\\/#listItem\",\"position\":2,\"name\":\"Mijia M365 Scooter Skateboard Accessories\",\"previousItem\":\"https:\\\/\\\/www.rucashk.com\\\/es\\\/#listItem\"}]},{\"@type\":\"Organization\",\"@id\":\"https:\\\/\\\/www.rucashk.com\\\/es\\\/#organization\",\"name\":\"Rucas\",\"url\":\"https:\\\/\\\/www.rucashk.com\\\/es\\\/\",\"logo\":{\"@type\":\"ImageObject\",\"url\":\"https:\\\/\\\/www.rucashk.com\\\/wp-content\\\/uploads\\\/2023\\\/12\\\/Rucas_campany_logo.png\",\"@id\":\"https:\\\/\\\/www.rucashk.com\\\/es\\\/producto\\\/mijia-m365-scooter-skateboard-accessories\\\/#organizationLogo\",\"width\":221,\"height\":65},\"image\":{\"@id\":\"https:\\\/\\\/www.rucashk.com\\\/es\\\/#organizationLogo\"}},{\"@type\":\"Person\",\"@id\":\"https:\\\/\\\/www.rucashk.com\\\/es\\\/author\\\/admin\\\/#author\",\"url\":\"https:\\\/\\\/www.rucashk.com\\\/es\\\/author\\\/admin\\\/\",\"name\":\"admin\",\"image\":{\"@type\":\"ImageObject\",\"@id\":\"https:\\\/\\\/www.rucashk.com\\\/es\\\/producto\\\/mijia-m365-scooter-skateboard-accessories\\\/#authorImage\",\"url\":\"https:\\\/\\\/secure.gravatar.com\\\/avatar\\\/b7c8925b09a27e72b30232f8ecaadbd5af0f70a38c78096863fe51b64f031c24?s=96&d=mm&r=g\",\"width\":96,\"height\":96,\"caption\":\"admin\"}},{\"@type\":\"WebPage\",\"@id\":\"https:\\\/\\\/www.rucashk.com\\\/es\\\/producto\\\/mijia-m365-scooter-skateboard-accessories\\\/#webpage\",\"url\":\"https:\\\/\\\/www.rucashk.com\\\/es\\\/producto\\\/mijia-m365-scooter-skateboard-accessories\\\/\",\"name\":\"Mijia M365 Scooter Skateboard Accessories - Rucas - Wholesale and Distribution\",\"description\":\"is_customized: Yes Type: Other Voltage: 12V Model Number: strap190\",\"inLanguage\":\"es-ES\",\"isPartOf\":{\"@id\":\"https:\\\/\\\/www.rucashk.com\\\/es\\\/#website\"},\"breadcrumb\":{\"@id\":\"https:\\\/\\\/www.rucashk.com\\\/es\\\/producto\\\/mijia-m365-scooter-skateboard-accessories\\\/#breadcrumblist\"},\"author\":{\"@id\":\"https:\\\/\\\/www.rucashk.com\\\/es\\\/author\\\/admin\\\/#author\"},\"creator\":{\"@id\":\"https:\\\/\\\/www.rucashk.com\\\/es\\\/author\\\/admin\\\/#author\"},\"image\":{\"@type\":\"ImageObject\",\"url\":\"https:\\\/\\\/www.rucashk.com\\\/wp-content\\\/uploads\\\/2024\\\/01\\\/4_\\u526f\\u672c.jpg\",\"@id\":\"https:\\\/\\\/www.rucashk.com\\\/es\\\/producto\\\/mijia-m365-scooter-skateboard-accessories\\\/#mainImage\",\"width\":800,\"height\":800},\"primaryImageOfPage\":{\"@id\":\"https:\\\/\\\/www.rucashk.com\\\/es\\\/producto\\\/mijia-m365-scooter-skateboard-accessories\\\/#mainImage\"},\"datePublished\":\"2024-01-09T15:41:37+00:00\",\"dateModified\":\"2024-03-13T10:26:36+00:00\"},{\"@type\":\"WebSite\",\"@id\":\"https:\\\/\\\/www.rucashk.com\\\/es\\\/#website\",\"url\":\"https:\\\/\\\/www.rucashk.com\\\/es\\\/\",\"name\":\"Rucas - Wholesale and distribution worldwide\",\"alternateName\":\"Rucas - One-stop AIoT Distribution Worldwide\",\"description\":\"One-stop AIoT Distribution Worldwide\",\"inLanguage\":\"es-ES\",\"publisher\":{\"@id\":\"https:\\\/\\\/www.rucashk.com\\\/es\\\/#organization\"}}]}\n\t\t<\/script>\n\t\t<!-- All in One SEO Pro -->\r\n\t\t<title>Mijia M365 Scooter Skateboard Accessories - Rucas - Wholesale and Distribution<\/title>\n\n","aioseo_head_json":{"title":"Mijia M365 Scooter Skateboard Accessories - Rucas - Wholesale and Distribution","description":"is_customized: Yes Type: Other Voltage: 12V Model Number: strap190","canonical_url":"https:\/\/www.rucashk.com\/es\/producto\/mijia-m365-scooter-skateboard-accessories\/","robots":"max-image-preview:large","keywords":"","webmasterTools":{"miscellaneous":""},"og:locale":"es_ES","og:site_name":"Rucas - One-stop AIoT Distribution Worldwide","og:type":"article","og:title":"Mijia M365 Scooter Skateboard Accessories - Rucas - Wholesale and Distribution","og:description":"is_customized: Yes Type: Other Voltage: 12V Model Number: strap190","og:url":"https:\/\/www.rucashk.com\/es\/producto\/mijia-m365-scooter-skateboard-accessories\/","og:image":"https:\/\/www.rucashk.com\/wp-content\/uploads\/replace\/503b8e645f128a97ccde2b6290747646.jpeg","og:image:secure_url":"https:\/\/www.rucashk.com\/wp-content\/uploads\/replace\/503b8e645f128a97ccde2b6290747646.jpeg","og:image:width":1456,"og:image:height":816,"article:published_time":"2024-01-09T15:41:37+00:00","article:modified_time":"2024-03-13T10:26:36+00:00","twitter:card":"summary_large_image","twitter:title":"Mijia M365 Scooter Skateboard Accessories - Rucas - Wholesale and Distribution","twitter:description":"is_customized: Yes Type: Other Voltage: 12V Model Number: strap190","twitter:image":"https:\/\/www.rucashk.com\/wp-content\/uploads\/replace\/503b8e645f128a97ccde2b6290747646.jpeg","schema":{"@context":"https:\/\/schema.org","@graph":[{"@type":"BreadcrumbList","@id":"https:\/\/www.rucashk.com\/es\/producto\/mijia-m365-scooter-skateboard-accessories\/#breadcrumblist","itemListElement":[{"@type":"ListItem","@id":"https:\/\/www.rucashk.com\/es\/#listItem","position":1,"name":"Home","item":"https:\/\/www.rucashk.com\/es\/","nextItem":"https:\/\/www.rucashk.com\/es\/producto\/mijia-m365-scooter-skateboard-accessories\/#listItem"},{"@type":"ListItem","@id":"https:\/\/www.rucashk.com\/es\/producto\/mijia-m365-scooter-skateboard-accessories\/#listItem","position":2,"name":"Mijia M365 Scooter Skateboard Accessories","previousItem":"https:\/\/www.rucashk.com\/es\/#listItem"}]},{"@type":"Organization","@id":"https:\/\/www.rucashk.com\/es\/#organization","name":"Rucas","url":"https:\/\/www.rucashk.com\/es\/","logo":{"@type":"ImageObject","url":"https:\/\/www.rucashk.com\/wp-content\/uploads\/2023\/12\/Rucas_campany_logo.png","@id":"https:\/\/www.rucashk.com\/es\/producto\/mijia-m365-scooter-skateboard-accessories\/#organizationLogo","width":221,"height":65},"image":{"@id":"https:\/\/www.rucashk.com\/es\/#organizationLogo"}},{"@type":"Person","@id":"https:\/\/www.rucashk.com\/es\/author\/admin\/#author","url":"https:\/\/www.rucashk.com\/es\/author\/admin\/","name":"admin","image":{"@type":"ImageObject","@id":"https:\/\/www.rucashk.com\/es\/producto\/mijia-m365-scooter-skateboard-accessories\/#authorImage","url":"https:\/\/secure.gravatar.com\/avatar\/b7c8925b09a27e72b30232f8ecaadbd5af0f70a38c78096863fe51b64f031c24?s=96&d=mm&r=g","width":96,"height":96,"caption":"admin"}},{"@type":"WebPage","@id":"https:\/\/www.rucashk.com\/es\/producto\/mijia-m365-scooter-skateboard-accessories\/#webpage","url":"https:\/\/www.rucashk.com\/es\/producto\/mijia-m365-scooter-skateboard-accessories\/","name":"Mijia M365 Scooter Skateboard Accessories - Rucas - Wholesale and Distribution","description":"is_customized: Yes Type: Other Voltage: 12V Model Number: strap190","inLanguage":"es-ES","isPartOf":{"@id":"https:\/\/www.rucashk.com\/es\/#website"},"breadcrumb":{"@id":"https:\/\/www.rucashk.com\/es\/producto\/mijia-m365-scooter-skateboard-accessories\/#breadcrumblist"},"author":{"@id":"https:\/\/www.rucashk.com\/es\/author\/admin\/#author"},"creator":{"@id":"https:\/\/www.rucashk.com\/es\/author\/admin\/#author"},"image":{"@type":"ImageObject","url":"https:\/\/www.rucashk.com\/wp-content\/uploads\/2024\/01\/4_\u526f\u672c.jpg","@id":"https:\/\/www.rucashk.com\/es\/producto\/mijia-m365-scooter-skateboard-accessories\/#mainImage","width":800,"height":800},"primaryImageOfPage":{"@id":"https:\/\/www.rucashk.com\/es\/producto\/mijia-m365-scooter-skateboard-accessories\/#mainImage"},"datePublished":"2024-01-09T15:41:37+00:00","dateModified":"2024-03-13T10:26:36+00:00"},{"@type":"WebSite","@id":"https:\/\/www.rucashk.com\/es\/#website","url":"https:\/\/www.rucashk.com\/es\/","name":"Rucas - Wholesale and distribution worldwide","alternateName":"Rucas - One-stop AIoT Distribution Worldwide","description":"One-stop AIoT Distribution Worldwide","inLanguage":"es-ES","publisher":{"@id":"https:\/\/www.rucashk.com\/es\/#organization"}}]}},"aioseo_meta_data":{"post_id":"22236","title":null,"description":null,"keywords":null,"keyphrases":null,"primary_term":null,"canonical_url":null,"og_title":null,"og_description":null,"og_object_type":"default","og_image_type":"default","og_image_url":null,"og_image_width":null,"og_image_height":null,"og_image_custom_url":null,"og_image_custom_fields":null,"og_video":null,"og_custom_url":null,"og_article_section":null,"og_article_tags":null,"twitter_use_og":false,"twitter_card":"default","twitter_image_type":"default","twitter_image_url":null,"twitter_image_custom_url":null,"twitter_image_custom_fields":null,"twitter_title":null,"twitter_description":null,"schema":{"blockGraphs":[],"customGraphs":[],"default":{"data":{"Article":[],"Course":[],"Dataset":[],"FAQPage":[],"Movie":[],"Person":[],"Product":[],"Recipe":[],"Service":[],"SoftwareApplication":[],"WebPage":[]},"graphName":"","isEnabled":true},"graphs":[]},"schema_type":"default","schema_type_options":null,"pillar_content":false,"robots_default":true,"robots_noindex":false,"robots_noarchive":false,"robots_nosnippet":false,"robots_nofollow":false,"robots_noimageindex":false,"robots_noodp":false,"robots_notranslate":false,"robots_max_snippet":null,"robots_max_videopreview":null,"robots_max_imagepreview":"large","priority":null,"frequency":null,"local_seo":null,"breadcrumb_settings":null,"limit_modified_date":false,"created":"2024-04-11 01:55:22","updated":"2025-06-22 16:38:56"},"aioseo_breadcrumb":"<div class=\"aioseo-breadcrumbs\"><span class=\"aioseo-breadcrumb\">\n\t<a href=\"https:\/\/www.rucashk.com\/es\" title=\"Home\">Home<\/a>\n<\/span><span class=\"aioseo-breadcrumb-separator\">&raquo;<\/span><span class=\"aioseo-breadcrumb\">\n\t<a href=\"https:\/\/www.rucashk.com\/es\/products\/\" title=\"Productos\">Productos<\/a>\n<\/span><span class=\"aioseo-breadcrumb-separator\">&raquo;<\/span><span class=\"aioseo-breadcrumb\">\n\t<a href=\"https:\/\/www.rucashk.com\/es\/categoria-producto\/xiaomi-eco\/\" title=\"Xiaomi Eco\">Xiaomi Eco<\/a>\n<\/span><span class=\"aioseo-breadcrumb-separator\">&raquo;<\/span><span class=\"aioseo-breadcrumb\">\n\t<a href=\"https:\/\/www.rucashk.com\/es\/categoria-producto\/xiaomi-eco\/mi-scooter\/\" title=\"Mi Scooter\">Mi Scooter<\/a>\n<\/span><span class=\"aioseo-breadcrumb-separator\">&raquo;<\/span><span class=\"aioseo-breadcrumb\">\n\tMijia M365 Scooter Skateboard Accessories\n<\/span><\/div>","aioseo_breadcrumb_json":[{"label":"Home","link":"https:\/\/www.rucashk.com\/es"},{"label":"Productos","link":"https:\/\/www.rucashk.com\/es\/products\/"},{"label":"Xiaomi Eco","link":"https:\/\/www.rucashk.com\/es\/categoria-producto\/xiaomi-eco\/"},{"label":"Mi Scooter","link":"https:\/\/www.rucashk.com\/es\/categoria-producto\/xiaomi-eco\/mi-scooter\/"},{"label":"Mijia M365 Scooter Skateboard Accessories","link":"https:\/\/www.rucashk.com\/es\/producto\/mijia-m365-scooter-skateboard-accessories\/"}],"_links":{"self":[{"href":"https:\/\/www.rucashk.com\/es\/wp-json\/wp\/v2\/product\/22236","targetHints":{"allow":["GET"]}}],"collection":[{"href":"https:\/\/www.rucashk.com\/es\/wp-json\/wp\/v2\/product"}],"about":[{"href":"https:\/\/www.rucashk.com\/es\/wp-json\/wp\/v2\/types\/product"}],"wp:featuredmedia":[{"embeddable":true,"href":"https:\/\/www.rucashk.com\/es\/wp-json\/wp\/v2\/media\/22371"}],"wp:attachment":[{"href":"https:\/\/www.rucashk.com\/es\/wp-json\/wp\/v2\/media?parent=22236"}],"wp:term":[{"taxonomy":"product_brand","embeddable":true,"href":"https:\/\/www.rucashk.com\/es\/wp-json\/wp\/v2\/product_brand?post=22236"},{"taxonomy":"product_cat","embeddable":true,"href":"https:\/\/www.rucashk.com\/es\/wp-json\/wp\/v2\/product_cat?post=22236"},{"taxonomy":"product_tag","embeddable":true,"href":"https:\/\/www.rucashk.com\/es\/wp-json\/wp\/v2\/product_tag?post=22236"}],"curies":[{"name":"wp","href":"https:\/\/api.w.org\/{rel}","templated":true}]}}