{"id":22209,"date":"2024-01-09T15:41:15","date_gmt":"2024-01-09T15:41:15","guid":{"rendered":"http:\/\/rucashk.com\/?post_type=product&#038;p=22209"},"modified":"2024-03-13T10:29:30","modified_gmt":"2024-03-13T10:29:30","slug":"sonic-electric-toothbrush-tooth-brush","status":"publish","type":"product","link":"https:\/\/www.rucashk.com\/es\/producto\/sonic-electric-toothbrush-tooth-brush\/","title":{"rendered":"Cepillo de dientes el\u00e9ctrico s\u00f3nico"},"content":{"rendered":"<h3 style=\"text-align: center\">Cepillo de dientes el\u00e9ctrico s\u00f3nico<\/h3>\n<p><img decoding=\"async\" alt=\"Sonic Electric Toothbrush Tooth Brush\" src=\"\/wp-content\/uploads\/replace\/bee2f499003275c3d5f08049623b3e6a.jpeg\" \/><\/p>\n<p class=\"detail-desc-decorate-title\" data-spm-anchor-id=\"a2g0o.detail.1000023.i1.f50653acwHmXLI\">ODM, OEM y venta al por mayor son bienvenidos, si tiene alguna necesidad, simplemente comun\u00edquese con nuestro departamento de ventas y obtendr\u00e1 el mejor precio seg\u00fan sus cantidades.<\/p>\n<p class=\"detail-desc-decorate-content\">Env\u00edo directo 1. Ofrezca env\u00edo directo a ciegas, sin enviar una factura ni materiales de marketing asociados, incluidos dentro o sobre el embalaje. 2. Ofrezca env\u00edo directo a granel. Tiempo de procesamiento: dentro de las 24 horas. 3. El descuento de la oferta depende de la cantidad de su pedido. 4. Garant\u00eda de reembolso o reenv\u00edo.<\/p>\n<p><img fetchpriority=\"high\" decoding=\"async\" class=\"alignnone\" src=\"\/wp-content\/uploads\/replace\/2870938eec52131b0fda180fdfa60e9d.jpeg\" alt=\"Sonic Electric Toothbrush Tooth brush\" width=\"790\" height=\"1209\" \/><\/p>\n<p>El temporizador autom\u00e1tico de 2 minutos garantiza el tiempo de cepillado recomendado por el dentista<\/p>\n<p>Intervalo de 30 segundos para asegurarse de cepillarse bien los cuatro cuadrantes de la boca.<\/p>\n<p><img decoding=\"async\" class=\"alignnone\" src=\"\/wp-content\/uploads\/replace\/7423e9e3addfec7ff9bc36b6798f6281.jpeg\" alt=\"Sonic Electric Toothbrush Tooth brush\" width=\"790\" height=\"1037\" \/><img decoding=\"async\" class=\"alignnone\" src=\"\/wp-content\/uploads\/replace\/6b3194b60c22a40eb0a88afcfee53d97.jpeg\" alt=\"Sonic Electric Toothbrush Tooth brush\" width=\"790\" height=\"1005\" \/><\/p>\n<div class=\"detailmodule_text\">\n<p class=\"detail-desc-decorate-content\" data-spm-anchor-id=\"a2g0o.detail.1000023.i6.f50653acwHmXLI\">5 modos de cepillado que ofrecen diferentes necesidades de cuidado bucal<\/p>\n<p data-spm-anchor-id=\"a2g0o.detail.1000023.i6.f50653acwHmXLI\"><img loading=\"lazy\" decoding=\"async\" class=\"alignnone\" src=\"\/wp-content\/uploads\/replace\/6ba77fe4b68d2476377f9ca4f6da2091.jpeg\" alt=\"Sonic Electric Toothbrush Tooth brush\" width=\"790\" height=\"1003\" \/><\/p>\n<p data-spm-anchor-id=\"a2g0o.detail.1000023.i6.f50653acwHmXLI\">IPX7 resistente al agua<\/p>\n<p data-spm-anchor-id=\"a2g0o.detail.1000023.i6.f50653acwHmXLI\"><img loading=\"lazy\" decoding=\"async\" class=\"alignnone\" src=\"\/wp-content\/uploads\/replace\/e28a91013f5a4012705c2921e3eba620.jpeg\" alt=\"Sonic Electric Toothbrush Tooth brush\" width=\"790\" height=\"1174\" \/><img loading=\"lazy\" decoding=\"async\" class=\"alignnone\" src=\"\/wp-content\/uploads\/replace\/8d59110d5e7d087ad696240e9ac15362.jpeg\" alt=\"Sonic Electric Toothbrush Tooth brush\" width=\"800\" height=\"420\" \/><img loading=\"lazy\" decoding=\"async\" class=\"alignnone\" src=\"\/wp-content\/uploads\/replace\/4106083cfd590d25572ddb081a5c55ea.jpeg\" alt=\"Sonic Electric Toothbrush Tooth brush\" width=\"800\" height=\"800\" \/><img loading=\"lazy\" decoding=\"async\" class=\"alignnone\" src=\"\/wp-content\/uploads\/replace\/8e17beb6e1f2d1fc923761a913bbae4e.jpeg\" alt=\"Sonic Electric Toothbrush Tooth brush\" width=\"1000\" height=\"1000\" \/><img loading=\"lazy\" decoding=\"async\" class=\"alignnone\" src=\"\/wp-content\/uploads\/replace\/679c28b5715f9d7e5a723c699b56191e.jpeg\" alt=\"Sonic Electric Toothbrush Tooth brush\" width=\"800\" height=\"618\" \/><img loading=\"lazy\" decoding=\"async\" class=\"alignnone\" src=\"\/wp-content\/uploads\/replace\/0680b27f59afb2a57c4d12ea16ac2348.jpeg\" alt=\"Sonic Electric Toothbrush Tooth brush\" width=\"800\" height=\"702\" \/><img loading=\"lazy\" decoding=\"async\" class=\"alignnone\" src=\"\/wp-content\/uploads\/replace\/14a9cc03fa07a67d7bda83a819d9c643.jpeg\" alt=\"Sonic Electric Toothbrush Tooth brush\" width=\"800\" height=\"716\" \/><img loading=\"lazy\" decoding=\"async\" class=\"alignnone\" src=\"\/wp-content\/uploads\/replace\/11355d98040416c4cbc853e59efc43ea.jpeg\" alt=\"Sonic Electric Toothbrush Tooth brush\" width=\"930\" height=\"471\" \/><img decoding=\"async\" alt=\"Sonic Electric Toothbrush Tooth Brush\" src=\"\/wp-content\/uploads\/replace\/1051cdbdd277b41d6d0276da5dd97eab.jpeg\" \/><img loading=\"lazy\" decoding=\"async\" class=\"alignnone\" src=\"\/wp-content\/uploads\/replace\/3f6c3b27e8f37315a9e37fa2e993d062.jpeg\" alt=\"Sonic Electric Toothbrush Tooth brush\" width=\"930\" height=\"641\" \/><\/p>\n<\/div>","protected":false},"excerpt":{"rendered":"<ul class=\"product-specs-list util-clearfix\">\n<li class=\"product-prop line-limit-length\"><span class=\"property-title\" data-spm-anchor-id=\"a2g0o.detail.0.i9.f50653acwHmXLI\">Nombre de la marca:\u00a0<\/span><span class=\"property-desc line-limit-length\" title=\"seago\">seago<\/span><\/li>\n<li class=\"product-prop line-limit-length\"><span class=\"property-title\">Certificaci\u00f3n de calidad de los productos b\u00e1sicos:\u00a0<\/span><span class=\"property-desc line-limit-length\" title=\"CE\">CE<\/span><\/li>\n<li class=\"product-prop line-limit-length\"><span class=\"property-title\">Grupo de edad:\u00a0<\/span><span class=\"property-desc line-limit-length\" title=\"Adultos\">Adultos<\/span><\/li>\n<li class=\"product-prop line-limit-length\"><span class=\"property-title\">Tama\u00f1o:\u00a0<\/span><span class=\"property-desc line-limit-length\" title=\"222*25,5*25..5MM\">222*25,5*25..5MM<\/span><\/li>\n<li class=\"product-prop line-limit-length\"><span class=\"property-title\">Tipo de art\u00edculo:\u00a0<\/span><span class=\"property-desc line-limit-length\" title=\"Cepillo de dientes el\u00e9ctrico\">Cepillo de dientes el\u00e9ctrico<\/span><\/li>\n<li class=\"product-prop line-limit-length\"><span class=\"property-title\">Tipo:\u00a0<\/span><span class=\"property-desc line-limit-length\" title=\"Onda Ac\u00fastica\">Onda Ac\u00fastica<\/span><\/li>\n<li class=\"product-prop line-limit-length\"><span class=\"property-title\">N\u00famero de modelo:\u00a0<\/span><span class=\"property-desc line-limit-length\" title=\"SG-958\">SG-958<\/span><\/li>\n<li class=\"product-prop line-limit-length\"><span class=\"property-title\">Material:\u00a0<\/span><span class=\"property-desc line-limit-length\" title=\"ABS, TPE\">ABS, TPE<\/span><\/li>\n<li class=\"product-prop line-limit-length\"><span class=\"property-title\">Cantidad:\u00a0<\/span><span class=\"property-desc line-limit-length\" title=\"500\">500<\/span><\/li>\n<li class=\"product-prop line-limit-length\"><span class=\"property-title\">COLOR:\u00a0<\/span><span class=\"property-desc line-limit-length\" title=\"Blanco negro\">Blanco negro<\/span><\/li>\n<li class=\"product-prop line-limit-length\"><span class=\"property-title\">Impermeable:\u00a0<\/span><span class=\"property-desc line-limit-length\" title=\"cuerpo completo impermeable\">cuerpo completo impermeable<\/span><\/li>\n<li class=\"product-prop line-limit-length\"><span class=\"property-title\">Tiempo de carga:\u00a0<\/span><span class=\"property-desc line-limit-length\" title=\"4 horas\">4 horas<\/span><\/li>\n<li class=\"product-prop line-limit-length\"><span class=\"property-title\">Temporizador inteligente:\u00a0<\/span><span class=\"property-desc line-limit-length\" title=\"Temporizador autom\u00e1tico de 2 minutos\">Temporizador autom\u00e1tico de 2 minutos<\/span><\/li>\n<li class=\"product-prop line-limit-length\"><span class=\"property-title\">Frecuencia:\u00a0<\/span><span class=\"property-desc line-limit-length\" title=\"40000 golpes\/minuto\">40000 golpes\/minuto<\/span><\/li>\n<li class=\"product-prop line-limit-length\"><span class=\"property-title\">Modos de cepillado:\u00a0<\/span><span class=\"property-desc line-limit-length\" title=\"fuerte,medio,suave,polaco,masaje\">fuerte,medio,suave,polaco,masaje<\/span><\/li>\n<li class=\"product-prop line-limit-length\"><span class=\"property-title\">Caracter\u00edstica :\u00a0<\/span><span class=\"property-desc line-limit-length\" title=\"Higiene dental\">Higiene dental<\/span><\/li>\n<\/ul>","protected":false},"featured_media":22346,"template":"","meta":[],"product_brand":[],"product_cat":[1320,1305],"product_tag":[673],"class_list":{"0":"post-22209","1":"product","2":"type-product","3":"status-publish","4":"has-post-thumbnail","6":"product_cat-personal-care","7":"product_cat-xiaomi-eco","8":"product_tag-electric-toothbrush","10":"first","11":"instock","12":"shipping-taxable","13":"product-type-external"},"aioseo_notices":[],"aioseo_head":"\n\t\t<!-- All in One SEO Pro 4.5.9.2 - aioseo.com -->\n\t\t<meta name=\"description\" content=\"Brand Name: seago Commodity Quality Certification: ce Age Group: Adults Size: 222*25.5*25..5MM Item Type: Electric Toothbrush Type: Acoustic Wave Model Number: SG-958 Material: ABS,TPE Quantity: 500 COLOR: Black,White Waterproof: full body waterproof Charging time: 4 hours Smart timer: 2 minute auto timer Frequency: 40000 strokes\/minute Brushing modes: strong,medium,gentle,polish,massage Feature : Dental Hygiene\" \/>\n\t\t<meta name=\"robots\" content=\"max-image-preview:large\" \/>\n\t\t<link rel=\"canonical\" href=\"https:\/\/www.rucashk.com\/es\/producto\/sonic-electric-toothbrush-tooth-brush\/\" \/>\n\t\t<meta name=\"generator\" content=\"All in One SEO Pro (AIOSEO) 4.5.9.2\" \/>\n\t\t<meta property=\"og:locale\" content=\"es_ES\" \/>\n\t\t<meta property=\"og:site_name\" content=\"Rucas - One-stop AIoT Distribution Worldwide\" \/>\n\t\t<meta property=\"og:type\" content=\"article\" \/>\n\t\t<meta property=\"og:title\" content=\"Sonic Electric Toothbrush Tooth Brush - Rucas - Wholesale and Distribution\" \/>\n\t\t<meta property=\"og:description\" content=\"Brand Name: seago Commodity Quality Certification: ce Age Group: Adults Size: 222*25.5*25..5MM Item Type: Electric Toothbrush Type: Acoustic Wave Model Number: SG-958 Material: ABS,TPE Quantity: 500 COLOR: Black,White Waterproof: full body waterproof Charging time: 4 hours Smart timer: 2 minute auto timer Frequency: 40000 strokes\/minute Brushing modes: strong,medium,gentle,polish,massage Feature : Dental Hygiene\" \/>\n\t\t<meta property=\"og:url\" content=\"https:\/\/www.rucashk.com\/es\/producto\/sonic-electric-toothbrush-tooth-brush\/\" \/>\n\t\t<meta property=\"og:image\" content=\"https:\/\/www.rucashk.com\/wp-content\/uploads\/replace\/503b8e645f128a97ccde2b6290747646.jpeg\" \/>\n\t\t<meta property=\"og:image:secure_url\" content=\"https:\/\/www.rucashk.com\/wp-content\/uploads\/replace\/503b8e645f128a97ccde2b6290747646.jpeg\" \/>\n\t\t<meta property=\"og:image:width\" content=\"1456\" \/>\n\t\t<meta property=\"og:image:height\" content=\"816\" \/>\n\t\t<meta property=\"article:published_time\" content=\"2024-01-09T15:41:15+00:00\" \/>\n\t\t<meta property=\"article:modified_time\" content=\"2024-03-13T10:29:30+00:00\" \/>\n\t\t<meta name=\"twitter:card\" content=\"summary_large_image\" \/>\n\t\t<meta name=\"twitter:title\" content=\"Sonic Electric Toothbrush Tooth Brush - Rucas - Wholesale and Distribution\" \/>\n\t\t<meta name=\"twitter:description\" content=\"Brand Name: seago Commodity Quality Certification: ce Age Group: Adults Size: 222*25.5*25..5MM Item Type: Electric Toothbrush Type: Acoustic Wave Model Number: SG-958 Material: ABS,TPE Quantity: 500 COLOR: Black,White Waterproof: full body waterproof Charging time: 4 hours Smart timer: 2 minute auto timer Frequency: 40000 strokes\/minute Brushing modes: strong,medium,gentle,polish,massage Feature : Dental Hygiene\" \/>\n\t\t<meta name=\"twitter:image\" content=\"https:\/\/www.rucashk.com\/wp-content\/uploads\/replace\/503b8e645f128a97ccde2b6290747646.jpeg\" \/>\n\t\t<script type=\"application\/ld+json\" class=\"aioseo-schema\">\n\t\t\t{\"@context\":\"https:\\\/\\\/schema.org\",\"@graph\":[{\"@type\":\"BreadcrumbList\",\"@id\":\"https:\\\/\\\/www.rucashk.com\\\/es\\\/producto\\\/sonic-electric-toothbrush-tooth-brush\\\/#breadcrumblist\",\"itemListElement\":[{\"@type\":\"ListItem\",\"@id\":\"https:\\\/\\\/www.rucashk.com\\\/es\\\/#listItem\",\"position\":1,\"name\":\"Home\",\"item\":\"https:\\\/\\\/www.rucashk.com\\\/es\\\/\",\"nextItem\":\"https:\\\/\\\/www.rucashk.com\\\/es\\\/producto\\\/sonic-electric-toothbrush-tooth-brush\\\/#listItem\"},{\"@type\":\"ListItem\",\"@id\":\"https:\\\/\\\/www.rucashk.com\\\/es\\\/producto\\\/sonic-electric-toothbrush-tooth-brush\\\/#listItem\",\"position\":2,\"name\":\"Sonic Electric Toothbrush Tooth Brush\",\"previousItem\":\"https:\\\/\\\/www.rucashk.com\\\/es\\\/#listItem\"}]},{\"@type\":\"Organization\",\"@id\":\"https:\\\/\\\/www.rucashk.com\\\/es\\\/#organization\",\"name\":\"Rucas\",\"url\":\"https:\\\/\\\/www.rucashk.com\\\/es\\\/\",\"logo\":{\"@type\":\"ImageObject\",\"url\":\"https:\\\/\\\/www.rucashk.com\\\/wp-content\\\/uploads\\\/2023\\\/12\\\/Rucas_campany_logo.png\",\"@id\":\"https:\\\/\\\/www.rucashk.com\\\/es\\\/producto\\\/sonic-electric-toothbrush-tooth-brush\\\/#organizationLogo\",\"width\":221,\"height\":65},\"image\":{\"@id\":\"https:\\\/\\\/www.rucashk.com\\\/es\\\/#organizationLogo\"}},{\"@type\":\"Person\",\"@id\":\"https:\\\/\\\/www.rucashk.com\\\/es\\\/author\\\/admin\\\/#author\",\"url\":\"https:\\\/\\\/www.rucashk.com\\\/es\\\/author\\\/admin\\\/\",\"name\":\"admin\",\"image\":{\"@type\":\"ImageObject\",\"@id\":\"https:\\\/\\\/www.rucashk.com\\\/es\\\/producto\\\/sonic-electric-toothbrush-tooth-brush\\\/#authorImage\",\"url\":\"https:\\\/\\\/secure.gravatar.com\\\/avatar\\\/b7c8925b09a27e72b30232f8ecaadbd5af0f70a38c78096863fe51b64f031c24?s=96&d=mm&r=g\",\"width\":96,\"height\":96,\"caption\":\"admin\"}},{\"@type\":\"WebPage\",\"@id\":\"https:\\\/\\\/www.rucashk.com\\\/es\\\/producto\\\/sonic-electric-toothbrush-tooth-brush\\\/#webpage\",\"url\":\"https:\\\/\\\/www.rucashk.com\\\/es\\\/producto\\\/sonic-electric-toothbrush-tooth-brush\\\/\",\"name\":\"Sonic Electric Toothbrush Tooth Brush - Rucas - Wholesale and Distribution\",\"description\":\"Brand Name: seago Commodity Quality Certification: ce Age Group: Adults Size: 222*25.5*25..5MM Item Type: Electric Toothbrush Type: Acoustic Wave Model Number: SG-958 Material: ABS,TPE Quantity: 500 COLOR: Black,White Waterproof: full body waterproof Charging time: 4 hours Smart timer: 2 minute auto timer Frequency: 40000 strokes\\\/minute Brushing modes: strong,medium,gentle,polish,massage Feature : Dental Hygiene\",\"inLanguage\":\"es-ES\",\"isPartOf\":{\"@id\":\"https:\\\/\\\/www.rucashk.com\\\/es\\\/#website\"},\"breadcrumb\":{\"@id\":\"https:\\\/\\\/www.rucashk.com\\\/es\\\/producto\\\/sonic-electric-toothbrush-tooth-brush\\\/#breadcrumblist\"},\"author\":{\"@id\":\"https:\\\/\\\/www.rucashk.com\\\/es\\\/author\\\/admin\\\/#author\"},\"creator\":{\"@id\":\"https:\\\/\\\/www.rucashk.com\\\/es\\\/author\\\/admin\\\/#author\"},\"image\":{\"@type\":\"ImageObject\",\"url\":\"https:\\\/\\\/www.rucashk.com\\\/wp-content\\\/uploads\\\/2024\\\/01\\\/4.jpg\",\"@id\":\"https:\\\/\\\/www.rucashk.com\\\/es\\\/producto\\\/sonic-electric-toothbrush-tooth-brush\\\/#mainImage\",\"width\":800,\"height\":800},\"primaryImageOfPage\":{\"@id\":\"https:\\\/\\\/www.rucashk.com\\\/es\\\/producto\\\/sonic-electric-toothbrush-tooth-brush\\\/#mainImage\"},\"datePublished\":\"2024-01-09T15:41:15+00:00\",\"dateModified\":\"2024-03-13T10:29:30+00:00\"},{\"@type\":\"WebSite\",\"@id\":\"https:\\\/\\\/www.rucashk.com\\\/es\\\/#website\",\"url\":\"https:\\\/\\\/www.rucashk.com\\\/es\\\/\",\"name\":\"Rucas - Wholesale and distribution worldwide\",\"alternateName\":\"Rucas - One-stop AIoT Distribution Worldwide\",\"description\":\"One-stop AIoT Distribution Worldwide\",\"inLanguage\":\"es-ES\",\"publisher\":{\"@id\":\"https:\\\/\\\/www.rucashk.com\\\/es\\\/#organization\"}}]}\n\t\t<\/script>\n\t\t<!-- All in One SEO Pro -->\r\n\t\t<title>Sonic Electric Toothbrush Tooth Brush - Rucas - Wholesale and Distribution<\/title>\n\n","aioseo_head_json":{"title":"Sonic Electric Toothbrush Tooth Brush - Rucas - Wholesale and Distribution","description":"Brand Name: seago Commodity Quality Certification: ce Age Group: Adults Size: 222*25.5*25..5MM Item Type: Electric Toothbrush Type: Acoustic Wave Model Number: SG-958 Material: ABS,TPE Quantity: 500 COLOR: Black,White Waterproof: full body waterproof Charging time: 4 hours Smart timer: 2 minute auto timer Frequency: 40000 strokes\/minute Brushing modes: strong,medium,gentle,polish,massage Feature : Dental Hygiene","canonical_url":"https:\/\/www.rucashk.com\/es\/producto\/sonic-electric-toothbrush-tooth-brush\/","robots":"max-image-preview:large","keywords":"","webmasterTools":{"miscellaneous":""},"og:locale":"es_ES","og:site_name":"Rucas - One-stop AIoT Distribution Worldwide","og:type":"article","og:title":"Sonic Electric Toothbrush Tooth Brush - Rucas - Wholesale and Distribution","og:description":"Brand Name: seago Commodity Quality Certification: ce Age Group: Adults Size: 222*25.5*25..5MM Item Type: Electric Toothbrush Type: Acoustic Wave Model Number: SG-958 Material: ABS,TPE Quantity: 500 COLOR: Black,White Waterproof: full body waterproof Charging time: 4 hours Smart timer: 2 minute auto timer Frequency: 40000 strokes\/minute Brushing modes: strong,medium,gentle,polish,massage Feature : Dental Hygiene","og:url":"https:\/\/www.rucashk.com\/es\/producto\/sonic-electric-toothbrush-tooth-brush\/","og:image":"https:\/\/www.rucashk.com\/wp-content\/uploads\/replace\/503b8e645f128a97ccde2b6290747646.jpeg","og:image:secure_url":"https:\/\/www.rucashk.com\/wp-content\/uploads\/replace\/503b8e645f128a97ccde2b6290747646.jpeg","og:image:width":1456,"og:image:height":816,"article:published_time":"2024-01-09T15:41:15+00:00","article:modified_time":"2024-03-13T10:29:30+00:00","twitter:card":"summary_large_image","twitter:title":"Sonic Electric Toothbrush Tooth Brush - Rucas - Wholesale and Distribution","twitter:description":"Brand Name: seago Commodity Quality Certification: ce Age Group: Adults Size: 222*25.5*25..5MM Item Type: Electric Toothbrush Type: Acoustic Wave Model Number: SG-958 Material: ABS,TPE Quantity: 500 COLOR: Black,White Waterproof: full body waterproof Charging time: 4 hours Smart timer: 2 minute auto timer Frequency: 40000 strokes\/minute Brushing modes: strong,medium,gentle,polish,massage Feature : Dental Hygiene","twitter:image":"https:\/\/www.rucashk.com\/wp-content\/uploads\/replace\/503b8e645f128a97ccde2b6290747646.jpeg","schema":{"@context":"https:\/\/schema.org","@graph":[{"@type":"BreadcrumbList","@id":"https:\/\/www.rucashk.com\/es\/producto\/sonic-electric-toothbrush-tooth-brush\/#breadcrumblist","itemListElement":[{"@type":"ListItem","@id":"https:\/\/www.rucashk.com\/es\/#listItem","position":1,"name":"Home","item":"https:\/\/www.rucashk.com\/es\/","nextItem":"https:\/\/www.rucashk.com\/es\/producto\/sonic-electric-toothbrush-tooth-brush\/#listItem"},{"@type":"ListItem","@id":"https:\/\/www.rucashk.com\/es\/producto\/sonic-electric-toothbrush-tooth-brush\/#listItem","position":2,"name":"Sonic Electric Toothbrush Tooth Brush","previousItem":"https:\/\/www.rucashk.com\/es\/#listItem"}]},{"@type":"Organization","@id":"https:\/\/www.rucashk.com\/es\/#organization","name":"Rucas","url":"https:\/\/www.rucashk.com\/es\/","logo":{"@type":"ImageObject","url":"https:\/\/www.rucashk.com\/wp-content\/uploads\/2023\/12\/Rucas_campany_logo.png","@id":"https:\/\/www.rucashk.com\/es\/producto\/sonic-electric-toothbrush-tooth-brush\/#organizationLogo","width":221,"height":65},"image":{"@id":"https:\/\/www.rucashk.com\/es\/#organizationLogo"}},{"@type":"Person","@id":"https:\/\/www.rucashk.com\/es\/author\/admin\/#author","url":"https:\/\/www.rucashk.com\/es\/author\/admin\/","name":"admin","image":{"@type":"ImageObject","@id":"https:\/\/www.rucashk.com\/es\/producto\/sonic-electric-toothbrush-tooth-brush\/#authorImage","url":"https:\/\/secure.gravatar.com\/avatar\/b7c8925b09a27e72b30232f8ecaadbd5af0f70a38c78096863fe51b64f031c24?s=96&d=mm&r=g","width":96,"height":96,"caption":"admin"}},{"@type":"WebPage","@id":"https:\/\/www.rucashk.com\/es\/producto\/sonic-electric-toothbrush-tooth-brush\/#webpage","url":"https:\/\/www.rucashk.com\/es\/producto\/sonic-electric-toothbrush-tooth-brush\/","name":"Sonic Electric Toothbrush Tooth Brush - Rucas - Wholesale and Distribution","description":"Brand Name: seago Commodity Quality Certification: ce Age Group: Adults Size: 222*25.5*25..5MM Item Type: Electric Toothbrush Type: Acoustic Wave Model Number: SG-958 Material: ABS,TPE Quantity: 500 COLOR: Black,White Waterproof: full body waterproof Charging time: 4 hours Smart timer: 2 minute auto timer Frequency: 40000 strokes\/minute Brushing modes: strong,medium,gentle,polish,massage Feature : Dental Hygiene","inLanguage":"es-ES","isPartOf":{"@id":"https:\/\/www.rucashk.com\/es\/#website"},"breadcrumb":{"@id":"https:\/\/www.rucashk.com\/es\/producto\/sonic-electric-toothbrush-tooth-brush\/#breadcrumblist"},"author":{"@id":"https:\/\/www.rucashk.com\/es\/author\/admin\/#author"},"creator":{"@id":"https:\/\/www.rucashk.com\/es\/author\/admin\/#author"},"image":{"@type":"ImageObject","url":"https:\/\/www.rucashk.com\/wp-content\/uploads\/2024\/01\/4.jpg","@id":"https:\/\/www.rucashk.com\/es\/producto\/sonic-electric-toothbrush-tooth-brush\/#mainImage","width":800,"height":800},"primaryImageOfPage":{"@id":"https:\/\/www.rucashk.com\/es\/producto\/sonic-electric-toothbrush-tooth-brush\/#mainImage"},"datePublished":"2024-01-09T15:41:15+00:00","dateModified":"2024-03-13T10:29:30+00:00"},{"@type":"WebSite","@id":"https:\/\/www.rucashk.com\/es\/#website","url":"https:\/\/www.rucashk.com\/es\/","name":"Rucas - Wholesale and distribution worldwide","alternateName":"Rucas - One-stop AIoT Distribution Worldwide","description":"One-stop AIoT Distribution Worldwide","inLanguage":"es-ES","publisher":{"@id":"https:\/\/www.rucashk.com\/es\/#organization"}}]}},"aioseo_meta_data":{"post_id":"22209","title":null,"description":null,"keywords":null,"keyphrases":null,"primary_term":null,"canonical_url":null,"og_title":null,"og_description":null,"og_object_type":"default","og_image_type":"default","og_image_url":null,"og_image_width":null,"og_image_height":null,"og_image_custom_url":null,"og_image_custom_fields":null,"og_video":null,"og_custom_url":null,"og_article_section":null,"og_article_tags":null,"twitter_use_og":false,"twitter_card":"default","twitter_image_type":"default","twitter_image_url":null,"twitter_image_custom_url":null,"twitter_image_custom_fields":null,"twitter_title":null,"twitter_description":null,"schema":{"blockGraphs":[],"customGraphs":[],"default":{"data":{"Article":[],"Course":[],"Dataset":[],"FAQPage":[],"Movie":[],"Person":[],"Product":[],"Recipe":[],"Service":[],"SoftwareApplication":[],"WebPage":[]},"graphName":"","isEnabled":true},"graphs":[]},"schema_type":"default","schema_type_options":null,"pillar_content":false,"robots_default":true,"robots_noindex":false,"robots_noarchive":false,"robots_nosnippet":false,"robots_nofollow":false,"robots_noimageindex":false,"robots_noodp":false,"robots_notranslate":false,"robots_max_snippet":null,"robots_max_videopreview":null,"robots_max_imagepreview":"large","priority":null,"frequency":null,"local_seo":null,"breadcrumb_settings":null,"limit_modified_date":false,"created":"2024-04-11 01:55:22","updated":"2025-06-22 16:38:55"},"aioseo_breadcrumb":"<div class=\"aioseo-breadcrumbs\"><span class=\"aioseo-breadcrumb\">\n\t<a href=\"https:\/\/www.rucashk.com\/es\" title=\"Home\">Home<\/a>\n<\/span><span class=\"aioseo-breadcrumb-separator\">&raquo;<\/span><span class=\"aioseo-breadcrumb\">\n\t<a href=\"https:\/\/www.rucashk.com\/es\/products\/\" title=\"Productos\">Productos<\/a>\n<\/span><span class=\"aioseo-breadcrumb-separator\">&raquo;<\/span><span class=\"aioseo-breadcrumb\">\n\t<a href=\"https:\/\/www.rucashk.com\/es\/categoria-producto\/xiaomi-eco\/\" title=\"Xiaomi Eco\">Xiaomi Eco<\/a>\n<\/span><span class=\"aioseo-breadcrumb-separator\">&raquo;<\/span><span class=\"aioseo-breadcrumb\">\n\t<a href=\"https:\/\/www.rucashk.com\/es\/categoria-producto\/xiaomi-eco\/personal-care\/\" title=\"Personal Care\">Personal Care<\/a>\n<\/span><span class=\"aioseo-breadcrumb-separator\">&raquo;<\/span><span class=\"aioseo-breadcrumb\">\n\tSonic Electric Toothbrush Tooth Brush\n<\/span><\/div>","aioseo_breadcrumb_json":[{"label":"Home","link":"https:\/\/www.rucashk.com\/es"},{"label":"Productos","link":"https:\/\/www.rucashk.com\/es\/products\/"},{"label":"Xiaomi Eco","link":"https:\/\/www.rucashk.com\/es\/categoria-producto\/xiaomi-eco\/"},{"label":"Personal Care","link":"https:\/\/www.rucashk.com\/es\/categoria-producto\/xiaomi-eco\/personal-care\/"},{"label":"Sonic Electric Toothbrush Tooth Brush","link":"https:\/\/www.rucashk.com\/es\/producto\/sonic-electric-toothbrush-tooth-brush\/"}],"_links":{"self":[{"href":"https:\/\/www.rucashk.com\/es\/wp-json\/wp\/v2\/product\/22209","targetHints":{"allow":["GET"]}}],"collection":[{"href":"https:\/\/www.rucashk.com\/es\/wp-json\/wp\/v2\/product"}],"about":[{"href":"https:\/\/www.rucashk.com\/es\/wp-json\/wp\/v2\/types\/product"}],"wp:featuredmedia":[{"embeddable":true,"href":"https:\/\/www.rucashk.com\/es\/wp-json\/wp\/v2\/media\/22346"}],"wp:attachment":[{"href":"https:\/\/www.rucashk.com\/es\/wp-json\/wp\/v2\/media?parent=22209"}],"wp:term":[{"taxonomy":"product_brand","embeddable":true,"href":"https:\/\/www.rucashk.com\/es\/wp-json\/wp\/v2\/product_brand?post=22209"},{"taxonomy":"product_cat","embeddable":true,"href":"https:\/\/www.rucashk.com\/es\/wp-json\/wp\/v2\/product_cat?post=22209"},{"taxonomy":"product_tag","embeddable":true,"href":"https:\/\/www.rucashk.com\/es\/wp-json\/wp\/v2\/product_tag?post=22209"}],"curies":[{"name":"wp","href":"https:\/\/api.w.org\/{rel}","templated":true}]}}