{"id":22177,"date":"2024-01-09T15:40:51","date_gmt":"2024-01-09T15:40:51","guid":{"rendered":"http:\/\/rucashk.com\/?post_type=product&#038;p=22177"},"modified":"2024-01-17T03:50:47","modified_gmt":"2024-01-17T03:50:47","slug":"digital-infrared-thermometer","status":"publish","type":"product","link":"https:\/\/www.rucashk.com\/es\/producto\/digital-infrared-thermometer\/","title":{"rendered":"Term\u00f3metro infrarrojo digital"},"content":{"rendered":"<h3 style=\"text-align: center\">Term\u00f3metro infrarrojo digital<\/h3>\n<p><img fetchpriority=\"high\" decoding=\"async\" class=\"alignnone\" src=\"https:\/\/www.rucashk.com\/wp-content\/uploads\/2020\/05\/3b8789b31925.jpg\" alt=\"Digital Infrared Thermometer\" width=\"800\" height=\"800\" \/><img decoding=\"async\" class=\"alignnone\" src=\"https:\/\/www.rucashk.com\/wp-content\/uploads\/2020\/05\/edffa5de2b7c.jpg\" alt=\"Digital Infrared Thermometer\" width=\"800\" height=\"800\" \/><img decoding=\"async\" class=\"alignnone\" src=\"https:\/\/www.rucashk.com\/wp-content\/uploads\/2020\/05\/cf4bff0ea723.jpg\" alt=\"Digital Infrared Thermometer\" width=\"800\" height=\"800\" \/><img loading=\"lazy\" decoding=\"async\" class=\"alignnone\" src=\"https:\/\/www.rucashk.com\/wp-content\/uploads\/2020\/05\/23f8c0f9ed4d.jpg\" alt=\"Digital Infrared Thermometer\" width=\"800\" height=\"800\" \/>v<img loading=\"lazy\" decoding=\"async\" class=\"alignnone\" src=\"https:\/\/www.rucashk.com\/wp-content\/uploads\/2020\/05\/112d138acc34.jpg\" alt=\"Digital Infrared Thermometer\" width=\"800\" height=\"800\" \/><img loading=\"lazy\" decoding=\"async\" class=\"alignnone\" src=\"https:\/\/www.rucashk.com\/wp-content\/uploads\/2020\/05\/cd20f06639dc.jpg\" alt=\"Digital Infrared Thermometer\" width=\"800\" height=\"800\" \/><img loading=\"lazy\" decoding=\"async\" class=\"alignnone\" src=\"https:\/\/www.rucashk.com\/wp-content\/uploads\/2020\/05\/b588477842b4.jpg\" alt=\"Digital Infrared Thermometer\" width=\"800\" height=\"800\" \/><\/p>\n<p><strong>Principales caracter\u00edsticas:<\/strong><\/p>\n<p>1. Adopta un dispositivo avanzado de detecci\u00f3n de temperatura por infrarrojos y tiene un programa de calibraci\u00f3n de temperatura. El c\u00e1lculo es preciso y el resultado de la medici\u00f3n refleja verdaderamente la temperatura del cuerpo humano.<\/p>\n<p>2. Este term\u00f3metro tiene una sonda incorporada para una medici\u00f3n r\u00e1pida sin contacto de 1 segundo y almacenamiento de 10 conjuntos de datos de medici\u00f3n.<\/p>\n<p>3. El term\u00f3metro utiliza una pantalla digital LCD retroiluminada de gran tama\u00f1o con una lectura clara.<\/p>\n<p>4. La operaci\u00f3n es muy simple, solo necesita apuntar a la distancia de la frente de 5 a 15 cm y presionar el bot\u00f3n para finalizar la medici\u00f3n.<\/p>\n<p>5. Adecuado para beb\u00e9s, ni\u00f1os y adultos. No solo puede medir la temperatura del cuerpo humano, sino tambi\u00e9n la temperatura de objetos, habitaciones, alimentos, agua de ba\u00f1o, leche para beb\u00e9s, etc. Es ampliamente utilizado en agricultura, industria, alimentaci\u00f3n, petroqu\u00edmica y otras industrias.<\/p>\n<p>6. El dise\u00f1o ergon\u00f3mico del cuerpo del term\u00f3metro mejora la experiencia port\u00e1til y facilita su operaci\u00f3n.<\/p>","protected":false},"excerpt":{"rendered":"<p><strong>Principales caracter\u00edsticas:<\/strong><\/p>\n<p>1. Adopta un dispositivo avanzado de detecci\u00f3n de temperatura por infrarrojos y tiene un programa de calibraci\u00f3n de temperatura. El c\u00e1lculo es preciso y el resultado de la medici\u00f3n refleja verdaderamente la temperatura del cuerpo humano.<\/p>\n<p>2. Este term\u00f3metro tiene una sonda incorporada para una medici\u00f3n r\u00e1pida sin contacto de 1 segundo y almacenamiento de 10 conjuntos de datos de medici\u00f3n.<\/p>\n<p>3. El term\u00f3metro utiliza una pantalla digital LCD retroiluminada de gran tama\u00f1o con una lectura clara.<\/p>\n<p>4. La operaci\u00f3n es muy simple, solo necesita apuntar a la distancia de la frente de 5 a 15 cm y presionar el bot\u00f3n para finalizar la medici\u00f3n.<\/p>\n<p>5. Adecuado para beb\u00e9s, ni\u00f1os y adultos. No solo puede medir la temperatura del cuerpo humano, sino tambi\u00e9n la temperatura de objetos, habitaciones, alimentos, agua de ba\u00f1o, leche para beb\u00e9s, etc. Es ampliamente utilizado en agricultura, industria, alimentaci\u00f3n, petroqu\u00edmica y otras industrias.<\/p>\n<p>6. El dise\u00f1o ergon\u00f3mico del cuerpo del term\u00f3metro mejora la experiencia port\u00e1til y facilita su operaci\u00f3n.<\/p>","protected":false},"featured_media":22276,"template":"","meta":[],"product_brand":[],"product_cat":[1318,1305],"product_tag":[680],"class_list":{"0":"post-22177","1":"product","2":"type-product","3":"status-publish","4":"has-post-thumbnail","6":"product_cat-gadgets","7":"product_cat-xiaomi-eco","8":"product_tag-infrared-thermometer","10":"first","11":"instock","12":"shipping-taxable","13":"product-type-external"},"aioseo_notices":[],"aioseo_head":"\n\t\t<!-- All in One SEO Pro 4.5.9.2 - aioseo.com -->\n\t\t<meta name=\"description\" content=\"Main Features: 1. It adopts advanced infrared temperature sensing device and has a temperature calibration program. The calculation is accurate and the measurement result truly reflects the human body temperature. 2. This thermometer has a built-in probe for 1 second fast non-contact measurement and storage of 10 sets of measurement data. 3. Thermometer uses large screen backlit LCD digital display with clear reading. 4.The operation is very simple, just need to aim at the forehead distance 5-15 cm and press the button to finish measurement. 5. Suitable for babies, children and adults. It can not only measure the temperature of the human body, but also the temperature of objects, rooms, food, bath water, baby milk, etc. It is widely used in agriculture, industry, food, petrochemical and other industries. 6. The ergonomic design of the thermometer body enhances the handheld experience and makes it easier to operate.\" \/>\n\t\t<meta name=\"robots\" content=\"max-image-preview:large\" \/>\n\t\t<link rel=\"canonical\" href=\"https:\/\/www.rucashk.com\/es\/producto\/digital-infrared-thermometer\/\" \/>\n\t\t<meta name=\"generator\" content=\"All in One SEO Pro (AIOSEO) 4.5.9.2\" \/>\n\t\t<meta property=\"og:locale\" content=\"es_ES\" \/>\n\t\t<meta property=\"og:site_name\" content=\"Rucas - One-stop AIoT Distribution Worldwide\" \/>\n\t\t<meta property=\"og:type\" content=\"article\" \/>\n\t\t<meta property=\"og:title\" content=\"Digital Infrared Thermometer - Rucas - Wholesale and Distribution\" \/>\n\t\t<meta property=\"og:description\" content=\"Main Features: 1. It adopts advanced infrared temperature sensing device and has a temperature calibration program. The calculation is accurate and the measurement result truly reflects the human body temperature. 2. This thermometer has a built-in probe for 1 second fast non-contact measurement and storage of 10 sets of measurement data. 3. Thermometer uses large screen backlit LCD digital display with clear reading. 4.The operation is very simple, just need to aim at the forehead distance 5-15 cm and press the button to finish measurement. 5. Suitable for babies, children and adults. It can not only measure the temperature of the human body, but also the temperature of objects, rooms, food, bath water, baby milk, etc. It is widely used in agriculture, industry, food, petrochemical and other industries. 6. The ergonomic design of the thermometer body enhances the handheld experience and makes it easier to operate.\" \/>\n\t\t<meta property=\"og:url\" content=\"https:\/\/www.rucashk.com\/es\/producto\/digital-infrared-thermometer\/\" \/>\n\t\t<meta property=\"og:image\" content=\"https:\/\/www.rucashk.com\/wp-content\/uploads\/replace\/503b8e645f128a97ccde2b6290747646.jpeg\" \/>\n\t\t<meta property=\"og:image:secure_url\" content=\"https:\/\/www.rucashk.com\/wp-content\/uploads\/replace\/503b8e645f128a97ccde2b6290747646.jpeg\" \/>\n\t\t<meta property=\"og:image:width\" content=\"1456\" \/>\n\t\t<meta property=\"og:image:height\" content=\"816\" \/>\n\t\t<meta property=\"article:published_time\" content=\"2024-01-09T15:40:51+00:00\" \/>\n\t\t<meta property=\"article:modified_time\" content=\"2024-01-17T03:50:47+00:00\" \/>\n\t\t<meta name=\"twitter:card\" content=\"summary_large_image\" \/>\n\t\t<meta name=\"twitter:title\" content=\"Digital Infrared Thermometer - Rucas - Wholesale and Distribution\" \/>\n\t\t<meta name=\"twitter:description\" content=\"Main Features: 1. It adopts advanced infrared temperature sensing device and has a temperature calibration program. The calculation is accurate and the measurement result truly reflects the human body temperature. 2. This thermometer has a built-in probe for 1 second fast non-contact measurement and storage of 10 sets of measurement data. 3. Thermometer uses large screen backlit LCD digital display with clear reading. 4.The operation is very simple, just need to aim at the forehead distance 5-15 cm and press the button to finish measurement. 5. Suitable for babies, children and adults. It can not only measure the temperature of the human body, but also the temperature of objects, rooms, food, bath water, baby milk, etc. It is widely used in agriculture, industry, food, petrochemical and other industries. 6. The ergonomic design of the thermometer body enhances the handheld experience and makes it easier to operate.\" \/>\n\t\t<meta name=\"twitter:image\" content=\"https:\/\/www.rucashk.com\/wp-content\/uploads\/replace\/503b8e645f128a97ccde2b6290747646.jpeg\" \/>\n\t\t<script type=\"application\/ld+json\" class=\"aioseo-schema\">\n\t\t\t{\"@context\":\"https:\\\/\\\/schema.org\",\"@graph\":[{\"@type\":\"BreadcrumbList\",\"@id\":\"https:\\\/\\\/www.rucashk.com\\\/es\\\/producto\\\/digital-infrared-thermometer\\\/#breadcrumblist\",\"itemListElement\":[{\"@type\":\"ListItem\",\"@id\":\"https:\\\/\\\/www.rucashk.com\\\/es\\\/#listItem\",\"position\":1,\"name\":\"Home\",\"item\":\"https:\\\/\\\/www.rucashk.com\\\/es\\\/\",\"nextItem\":\"https:\\\/\\\/www.rucashk.com\\\/es\\\/producto\\\/digital-infrared-thermometer\\\/#listItem\"},{\"@type\":\"ListItem\",\"@id\":\"https:\\\/\\\/www.rucashk.com\\\/es\\\/producto\\\/digital-infrared-thermometer\\\/#listItem\",\"position\":2,\"name\":\"Digital Infrared Thermometer\",\"previousItem\":\"https:\\\/\\\/www.rucashk.com\\\/es\\\/#listItem\"}]},{\"@type\":\"Organization\",\"@id\":\"https:\\\/\\\/www.rucashk.com\\\/es\\\/#organization\",\"name\":\"Rucas\",\"url\":\"https:\\\/\\\/www.rucashk.com\\\/es\\\/\",\"logo\":{\"@type\":\"ImageObject\",\"url\":\"https:\\\/\\\/www.rucashk.com\\\/wp-content\\\/uploads\\\/2023\\\/12\\\/Rucas_campany_logo.png\",\"@id\":\"https:\\\/\\\/www.rucashk.com\\\/es\\\/producto\\\/digital-infrared-thermometer\\\/#organizationLogo\",\"width\":221,\"height\":65},\"image\":{\"@id\":\"https:\\\/\\\/www.rucashk.com\\\/es\\\/#organizationLogo\"}},{\"@type\":\"Person\",\"@id\":\"https:\\\/\\\/www.rucashk.com\\\/es\\\/author\\\/admin\\\/#author\",\"url\":\"https:\\\/\\\/www.rucashk.com\\\/es\\\/author\\\/admin\\\/\",\"name\":\"admin\",\"image\":{\"@type\":\"ImageObject\",\"@id\":\"https:\\\/\\\/www.rucashk.com\\\/es\\\/producto\\\/digital-infrared-thermometer\\\/#authorImage\",\"url\":\"https:\\\/\\\/secure.gravatar.com\\\/avatar\\\/b7c8925b09a27e72b30232f8ecaadbd5af0f70a38c78096863fe51b64f031c24?s=96&d=mm&r=g\",\"width\":96,\"height\":96,\"caption\":\"admin\"}},{\"@type\":\"WebPage\",\"@id\":\"https:\\\/\\\/www.rucashk.com\\\/es\\\/producto\\\/digital-infrared-thermometer\\\/#webpage\",\"url\":\"https:\\\/\\\/www.rucashk.com\\\/es\\\/producto\\\/digital-infrared-thermometer\\\/\",\"name\":\"Digital Infrared Thermometer - Rucas - Wholesale and Distribution\",\"description\":\"Main Features: 1. It adopts advanced infrared temperature sensing device and has a temperature calibration program. The calculation is accurate and the measurement result truly reflects the human body temperature. 2. This thermometer has a built-in probe for 1 second fast non-contact measurement and storage of 10 sets of measurement data. 3. Thermometer uses large screen backlit LCD digital display with clear reading. 4.The operation is very simple, just need to aim at the forehead distance 5-15 cm and press the button to finish measurement. 5. Suitable for babies, children and adults. It can not only measure the temperature of the human body, but also the temperature of objects, rooms, food, bath water, baby milk, etc. It is widely used in agriculture, industry, food, petrochemical and other industries. 6. The ergonomic design of the thermometer body enhances the handheld experience and makes it easier to operate.\",\"inLanguage\":\"es-ES\",\"isPartOf\":{\"@id\":\"https:\\\/\\\/www.rucashk.com\\\/es\\\/#website\"},\"breadcrumb\":{\"@id\":\"https:\\\/\\\/www.rucashk.com\\\/es\\\/producto\\\/digital-infrared-thermometer\\\/#breadcrumblist\"},\"author\":{\"@id\":\"https:\\\/\\\/www.rucashk.com\\\/es\\\/author\\\/admin\\\/#author\"},\"creator\":{\"@id\":\"https:\\\/\\\/www.rucashk.com\\\/es\\\/author\\\/admin\\\/#author\"},\"image\":{\"@type\":\"ImageObject\",\"url\":\"https:\\\/\\\/www.rucashk.com\\\/wp-content\\\/uploads\\\/2024\\\/01\\\/2.4_\\u526f\\u672c-1.jpg\",\"@id\":\"https:\\\/\\\/www.rucashk.com\\\/es\\\/producto\\\/digital-infrared-thermometer\\\/#mainImage\",\"width\":800,\"height\":800},\"primaryImageOfPage\":{\"@id\":\"https:\\\/\\\/www.rucashk.com\\\/es\\\/producto\\\/digital-infrared-thermometer\\\/#mainImage\"},\"datePublished\":\"2024-01-09T15:40:51+00:00\",\"dateModified\":\"2024-01-17T03:50:47+00:00\"},{\"@type\":\"WebSite\",\"@id\":\"https:\\\/\\\/www.rucashk.com\\\/es\\\/#website\",\"url\":\"https:\\\/\\\/www.rucashk.com\\\/es\\\/\",\"name\":\"Rucas - Wholesale and distribution worldwide\",\"alternateName\":\"Rucas - One-stop AIoT Distribution Worldwide\",\"description\":\"One-stop AIoT Distribution Worldwide\",\"inLanguage\":\"es-ES\",\"publisher\":{\"@id\":\"https:\\\/\\\/www.rucashk.com\\\/es\\\/#organization\"}}]}\n\t\t<\/script>\n\t\t<!-- All in One SEO Pro -->\r\n\t\t<title>Digital Infrared Thermometer - Rucas - Wholesale and Distribution<\/title>\n\n","aioseo_head_json":{"title":"Digital Infrared Thermometer - Rucas - Wholesale and Distribution","description":"Main Features: 1. It adopts advanced infrared temperature sensing device and has a temperature calibration program. The calculation is accurate and the measurement result truly reflects the human body temperature. 2. This thermometer has a built-in probe for 1 second fast non-contact measurement and storage of 10 sets of measurement data. 3. Thermometer uses large screen backlit LCD digital display with clear reading. 4.The operation is very simple, just need to aim at the forehead distance 5-15 cm and press the button to finish measurement. 5. Suitable for babies, children and adults. It can not only measure the temperature of the human body, but also the temperature of objects, rooms, food, bath water, baby milk, etc. It is widely used in agriculture, industry, food, petrochemical and other industries. 6. The ergonomic design of the thermometer body enhances the handheld experience and makes it easier to operate.","canonical_url":"https:\/\/www.rucashk.com\/es\/producto\/digital-infrared-thermometer\/","robots":"max-image-preview:large","keywords":"","webmasterTools":{"miscellaneous":""},"og:locale":"es_ES","og:site_name":"Rucas - One-stop AIoT Distribution Worldwide","og:type":"article","og:title":"Digital Infrared Thermometer - Rucas - Wholesale and Distribution","og:description":"Main Features: 1. It adopts advanced infrared temperature sensing device and has a temperature calibration program. The calculation is accurate and the measurement result truly reflects the human body temperature. 2. This thermometer has a built-in probe for 1 second fast non-contact measurement and storage of 10 sets of measurement data. 3. Thermometer uses large screen backlit LCD digital display with clear reading. 4.The operation is very simple, just need to aim at the forehead distance 5-15 cm and press the button to finish measurement. 5. Suitable for babies, children and adults. It can not only measure the temperature of the human body, but also the temperature of objects, rooms, food, bath water, baby milk, etc. It is widely used in agriculture, industry, food, petrochemical and other industries. 6. The ergonomic design of the thermometer body enhances the handheld experience and makes it easier to operate.","og:url":"https:\/\/www.rucashk.com\/es\/producto\/digital-infrared-thermometer\/","og:image":"https:\/\/www.rucashk.com\/wp-content\/uploads\/replace\/503b8e645f128a97ccde2b6290747646.jpeg","og:image:secure_url":"https:\/\/www.rucashk.com\/wp-content\/uploads\/replace\/503b8e645f128a97ccde2b6290747646.jpeg","og:image:width":1456,"og:image:height":816,"article:published_time":"2024-01-09T15:40:51+00:00","article:modified_time":"2024-01-17T03:50:47+00:00","twitter:card":"summary_large_image","twitter:title":"Digital Infrared Thermometer - Rucas - Wholesale and Distribution","twitter:description":"Main Features: 1. It adopts advanced infrared temperature sensing device and has a temperature calibration program. The calculation is accurate and the measurement result truly reflects the human body temperature. 2. This thermometer has a built-in probe for 1 second fast non-contact measurement and storage of 10 sets of measurement data. 3. Thermometer uses large screen backlit LCD digital display with clear reading. 4.The operation is very simple, just need to aim at the forehead distance 5-15 cm and press the button to finish measurement. 5. Suitable for babies, children and adults. It can not only measure the temperature of the human body, but also the temperature of objects, rooms, food, bath water, baby milk, etc. It is widely used in agriculture, industry, food, petrochemical and other industries. 6. The ergonomic design of the thermometer body enhances the handheld experience and makes it easier to operate.","twitter:image":"https:\/\/www.rucashk.com\/wp-content\/uploads\/replace\/503b8e645f128a97ccde2b6290747646.jpeg","schema":{"@context":"https:\/\/schema.org","@graph":[{"@type":"BreadcrumbList","@id":"https:\/\/www.rucashk.com\/es\/producto\/digital-infrared-thermometer\/#breadcrumblist","itemListElement":[{"@type":"ListItem","@id":"https:\/\/www.rucashk.com\/es\/#listItem","position":1,"name":"Home","item":"https:\/\/www.rucashk.com\/es\/","nextItem":"https:\/\/www.rucashk.com\/es\/producto\/digital-infrared-thermometer\/#listItem"},{"@type":"ListItem","@id":"https:\/\/www.rucashk.com\/es\/producto\/digital-infrared-thermometer\/#listItem","position":2,"name":"Digital Infrared Thermometer","previousItem":"https:\/\/www.rucashk.com\/es\/#listItem"}]},{"@type":"Organization","@id":"https:\/\/www.rucashk.com\/es\/#organization","name":"Rucas","url":"https:\/\/www.rucashk.com\/es\/","logo":{"@type":"ImageObject","url":"https:\/\/www.rucashk.com\/wp-content\/uploads\/2023\/12\/Rucas_campany_logo.png","@id":"https:\/\/www.rucashk.com\/es\/producto\/digital-infrared-thermometer\/#organizationLogo","width":221,"height":65},"image":{"@id":"https:\/\/www.rucashk.com\/es\/#organizationLogo"}},{"@type":"Person","@id":"https:\/\/www.rucashk.com\/es\/author\/admin\/#author","url":"https:\/\/www.rucashk.com\/es\/author\/admin\/","name":"admin","image":{"@type":"ImageObject","@id":"https:\/\/www.rucashk.com\/es\/producto\/digital-infrared-thermometer\/#authorImage","url":"https:\/\/secure.gravatar.com\/avatar\/b7c8925b09a27e72b30232f8ecaadbd5af0f70a38c78096863fe51b64f031c24?s=96&d=mm&r=g","width":96,"height":96,"caption":"admin"}},{"@type":"WebPage","@id":"https:\/\/www.rucashk.com\/es\/producto\/digital-infrared-thermometer\/#webpage","url":"https:\/\/www.rucashk.com\/es\/producto\/digital-infrared-thermometer\/","name":"Digital Infrared Thermometer - Rucas - Wholesale and Distribution","description":"Main Features: 1. It adopts advanced infrared temperature sensing device and has a temperature calibration program. The calculation is accurate and the measurement result truly reflects the human body temperature. 2. This thermometer has a built-in probe for 1 second fast non-contact measurement and storage of 10 sets of measurement data. 3. Thermometer uses large screen backlit LCD digital display with clear reading. 4.The operation is very simple, just need to aim at the forehead distance 5-15 cm and press the button to finish measurement. 5. Suitable for babies, children and adults. It can not only measure the temperature of the human body, but also the temperature of objects, rooms, food, bath water, baby milk, etc. It is widely used in agriculture, industry, food, petrochemical and other industries. 6. The ergonomic design of the thermometer body enhances the handheld experience and makes it easier to operate.","inLanguage":"es-ES","isPartOf":{"@id":"https:\/\/www.rucashk.com\/es\/#website"},"breadcrumb":{"@id":"https:\/\/www.rucashk.com\/es\/producto\/digital-infrared-thermometer\/#breadcrumblist"},"author":{"@id":"https:\/\/www.rucashk.com\/es\/author\/admin\/#author"},"creator":{"@id":"https:\/\/www.rucashk.com\/es\/author\/admin\/#author"},"image":{"@type":"ImageObject","url":"https:\/\/www.rucashk.com\/wp-content\/uploads\/2024\/01\/2.4_\u526f\u672c-1.jpg","@id":"https:\/\/www.rucashk.com\/es\/producto\/digital-infrared-thermometer\/#mainImage","width":800,"height":800},"primaryImageOfPage":{"@id":"https:\/\/www.rucashk.com\/es\/producto\/digital-infrared-thermometer\/#mainImage"},"datePublished":"2024-01-09T15:40:51+00:00","dateModified":"2024-01-17T03:50:47+00:00"},{"@type":"WebSite","@id":"https:\/\/www.rucashk.com\/es\/#website","url":"https:\/\/www.rucashk.com\/es\/","name":"Rucas - Wholesale and distribution worldwide","alternateName":"Rucas - One-stop AIoT Distribution Worldwide","description":"One-stop AIoT Distribution Worldwide","inLanguage":"es-ES","publisher":{"@id":"https:\/\/www.rucashk.com\/es\/#organization"}}]}},"aioseo_meta_data":{"post_id":"22177","title":null,"description":null,"keywords":null,"keyphrases":null,"primary_term":null,"canonical_url":null,"og_title":null,"og_description":null,"og_object_type":"default","og_image_type":"default","og_image_url":null,"og_image_width":null,"og_image_height":null,"og_image_custom_url":null,"og_image_custom_fields":null,"og_video":null,"og_custom_url":null,"og_article_section":null,"og_article_tags":null,"twitter_use_og":false,"twitter_card":"default","twitter_image_type":"default","twitter_image_url":null,"twitter_image_custom_url":null,"twitter_image_custom_fields":null,"twitter_title":null,"twitter_description":null,"schema":{"blockGraphs":[],"customGraphs":[],"default":{"data":{"Article":[],"Course":[],"Dataset":[],"FAQPage":[],"Movie":[],"Person":[],"Product":[],"Recipe":[],"Service":[],"SoftwareApplication":[],"WebPage":[]},"graphName":"","isEnabled":true},"graphs":[]},"schema_type":"default","schema_type_options":null,"pillar_content":false,"robots_default":true,"robots_noindex":false,"robots_noarchive":false,"robots_nosnippet":false,"robots_nofollow":false,"robots_noimageindex":false,"robots_noodp":false,"robots_notranslate":false,"robots_max_snippet":null,"robots_max_videopreview":null,"robots_max_imagepreview":"large","priority":null,"frequency":null,"local_seo":null,"breadcrumb_settings":null,"limit_modified_date":false,"created":"2024-04-11 01:55:22","updated":"2025-06-22 16:37:56"},"aioseo_breadcrumb":"<div class=\"aioseo-breadcrumbs\"><span class=\"aioseo-breadcrumb\">\n\t<a href=\"https:\/\/www.rucashk.com\/es\" title=\"Home\">Home<\/a>\n<\/span><span class=\"aioseo-breadcrumb-separator\">&raquo;<\/span><span class=\"aioseo-breadcrumb\">\n\t<a href=\"https:\/\/www.rucashk.com\/es\/products\/\" title=\"Productos\">Productos<\/a>\n<\/span><span class=\"aioseo-breadcrumb-separator\">&raquo;<\/span><span class=\"aioseo-breadcrumb\">\n\t<a href=\"https:\/\/www.rucashk.com\/es\/categoria-producto\/xiaomi-eco\/\" title=\"Xiaomi Eco\">Xiaomi Eco<\/a>\n<\/span><span class=\"aioseo-breadcrumb-separator\">&raquo;<\/span><span class=\"aioseo-breadcrumb\">\n\t<a href=\"https:\/\/www.rucashk.com\/es\/categoria-producto\/xiaomi-eco\/gadgets\/\" title=\"Gadgets\">Gadgets<\/a>\n<\/span><span class=\"aioseo-breadcrumb-separator\">&raquo;<\/span><span class=\"aioseo-breadcrumb\">\n\tDigital Infrared Thermometer\n<\/span><\/div>","aioseo_breadcrumb_json":[{"label":"Home","link":"https:\/\/www.rucashk.com\/es"},{"label":"Productos","link":"https:\/\/www.rucashk.com\/es\/products\/"},{"label":"Xiaomi Eco","link":"https:\/\/www.rucashk.com\/es\/categoria-producto\/xiaomi-eco\/"},{"label":"Gadgets","link":"https:\/\/www.rucashk.com\/es\/categoria-producto\/xiaomi-eco\/gadgets\/"},{"label":"Digital Infrared Thermometer","link":"https:\/\/www.rucashk.com\/es\/producto\/digital-infrared-thermometer\/"}],"_links":{"self":[{"href":"https:\/\/www.rucashk.com\/es\/wp-json\/wp\/v2\/product\/22177","targetHints":{"allow":["GET"]}}],"collection":[{"href":"https:\/\/www.rucashk.com\/es\/wp-json\/wp\/v2\/product"}],"about":[{"href":"https:\/\/www.rucashk.com\/es\/wp-json\/wp\/v2\/types\/product"}],"wp:featuredmedia":[{"embeddable":true,"href":"https:\/\/www.rucashk.com\/es\/wp-json\/wp\/v2\/media\/22276"}],"wp:attachment":[{"href":"https:\/\/www.rucashk.com\/es\/wp-json\/wp\/v2\/media?parent=22177"}],"wp:term":[{"taxonomy":"product_brand","embeddable":true,"href":"https:\/\/www.rucashk.com\/es\/wp-json\/wp\/v2\/product_brand?post=22177"},{"taxonomy":"product_cat","embeddable":true,"href":"https:\/\/www.rucashk.com\/es\/wp-json\/wp\/v2\/product_cat?post=22177"},{"taxonomy":"product_tag","embeddable":true,"href":"https:\/\/www.rucashk.com\/es\/wp-json\/wp\/v2\/product_tag?post=22177"}],"curies":[{"name":"wp","href":"https:\/\/api.w.org\/{rel}","templated":true}]}}