{"id":22053,"date":"2024-01-09T15:38:53","date_gmt":"2024-01-09T15:38:53","guid":{"rendered":"http:\/\/rucashk.com\/?post_type=product&#038;p=22053"},"modified":"2024-03-13T12:10:29","modified_gmt":"2024-03-13T12:10:29","slug":"mi-home-mi-eco-xiaomi-mi-truck","status":"publish","type":"product","link":"https:\/\/www.rucashk.com\/es\/producto\/mi-home-mi-eco-xiaomi-mi-truck\/","title":{"rendered":"Mi Home Mi Eco XiaoMi Mi Cami\u00f3n"},"content":{"rendered":"<div style=\"text-align: center\"><\/div>\n<div style=\"text-align: center\"><img fetchpriority=\"high\" decoding=\"async\" class=\"aligncenter\" src=\"\/wp-content\/uploads\/replace\/23531c57af65ba919eb5cc478c7d6540.jpeg\" alt=\"Mi Home Mi Eco XiaoMi  Mi Truck\" width=\"1000\" height=\"960\" data-spm-anchor-id=\"a2g0o.detail.1000023.i0.aa092787JuVLO5\" \/><img decoding=\"async\" class=\"alignnone\" src=\"\/wp-content\/uploads\/replace\/a47c9e96a7923e05aff01eb116f185c3.jpeg\" alt=\"Mi Home Mi Eco XiaoMi  Mi Truck\" width=\"1000\" height=\"1078\" \/><img decoding=\"async\" class=\"alignnone\" src=\"\/wp-content\/uploads\/replace\/b1ad78a148e0aebee5dafe3f59cc661a.jpeg\" alt=\"Mi Home Mi Eco XiaoMi  Mi Truck\" width=\"1000\" height=\"699\" \/><\/div>\n<div style=\"text-align: center\"><\/div>\n<div><img loading=\"lazy\" decoding=\"async\" class=\"aligncenter\" src=\"\/wp-content\/uploads\/replace\/660943e5bf78a9dda447c59102b5056f.jpeg\" alt=\"Mi Home Mi Eco XiaoMi  Mi Truck\" width=\"1000\" height=\"1031\" \/><img loading=\"lazy\" decoding=\"async\" class=\"aligncenter\" src=\"\/wp-content\/uploads\/replace\/77f8335735fa8a71deff6bf56b9b7158.jpeg\" alt=\"Mi Home Mi Eco XiaoMi  Mi Truck\" width=\"1000\" height=\"1071\" \/><img loading=\"lazy\" decoding=\"async\" class=\"aligncenter\" src=\"\/wp-content\/uploads\/replace\/eda6f7c404f2c8ae0ec0d1f64bf63f4c.jpeg\" alt=\"Mi Home Mi Eco XiaoMi  Mi Truck\" width=\"992\" height=\"744\" \/><img loading=\"lazy\" decoding=\"async\" class=\"aligncenter\" src=\"\/wp-content\/uploads\/replace\/dc9542c500c93ceb5180463da2b23741.jpeg\" alt=\"Mi Home Mi Eco XiaoMi  Mi Truck\" width=\"992\" height=\"744\" \/><\/div>\n<div>\n<div data-spm-anchor-id=\"a2g0o.detail.1000023.i3.aa092787JuVLO5\">\n<p>especificaciones<\/p>\n<p>informaci\u00f3n general<br \/>\nMarca: Xiaomi<br \/>\nTipo: edificio infantil<br \/>\nAsunto: veh\u00edculo<br \/>\nEdad: Adecuado para ni\u00f1os<br \/>\nG\u00e9nero: adecuado tanto para ni\u00f1os como para ni\u00f1as.<\/p>\n<\/div>\n<div><\/div>\n<div>\n<p>Tama\u00f1o y peso<\/p>\n<p>Peso del producto: 0,9000 kg<br \/>\nPeso del embalaje: 1.1000 kg<br \/>\nDimensiones del producto: 28,00 x 15,00 x 15,00 cm \/ 11,02 x 5,91 x 5,91 pulgadas<br \/>\nTama\u00f1o del embalaje: 35,00 x 20,00 x 18,00 cm \/ 13,78 x 7,87 x 7,09 pulgadas<br \/>\nContenido del paquete<br \/>\nContenido del paquete: 1 kit de bloques de componentes para cami\u00f3n minero<\/p>\n<\/div>\n<\/div>","protected":false},"excerpt":{"rendered":"<div>\n<p>Principales caracter\u00edsticas:<\/p>\n<p>\u25cf properly restore the shape and drive structure of the truck.<br \/>\n\u25cf splicing process is not only patient training, but also imagination.<br \/>\n\u25cf excellent direction control system, you can control the direction of the car at will.<br \/>\n\u25cf loading and unloading system modeled after a real car.<br \/>\nSix large rubber tires, suitable for all kinds of terrain.<br \/>\n\u25cf meet the country&#8217;s strict 3C standards, can rest assured that children play.<br \/>\n\u25cf recommended age: 6 +.<\/p>\n<\/div>","protected":false},"featured_media":22185,"template":"","meta":[],"product_brand":[],"product_cat":[1318,1305],"product_tag":[641,576,652],"class_list":{"0":"post-22053","1":"product","2":"type-product","3":"status-publish","4":"has-post-thumbnail","6":"product_cat-gadgets","7":"product_cat-xiaomi-eco","8":"product_tag-mi-eco","9":"product_tag-mi-home","10":"product_tag-truck-builder","12":"first","13":"instock","14":"shipping-taxable","15":"product-type-external"},"aioseo_notices":[],"aioseo_head":"\n\t\t<!-- All in One SEO Pro 4.5.9.2 - aioseo.com -->\n\t\t<meta name=\"description\" content=\"Main features: \u25cf properly restore the shape and drive structure of the truck. \u25cf splicing process is not only patient training, but also imagination. \u25cf excellent direction control system, you can control the direction of the car at will. \u25cf loading and unloading system modeled after a real car. Six large rubber tires, suitable for all kinds of terrain. \u25cf meet the country&#039;s strict 3C standards, can rest assured that children play. \u25cf recommended age: 6 +.\" \/>\n\t\t<meta name=\"robots\" content=\"max-image-preview:large\" \/>\n\t\t<link rel=\"canonical\" href=\"https:\/\/www.rucashk.com\/es\/producto\/mi-home-mi-eco-xiaomi-mi-truck\/\" \/>\n\t\t<meta name=\"generator\" content=\"All in One SEO Pro (AIOSEO) 4.5.9.2\" \/>\n\t\t<meta property=\"og:locale\" content=\"es_ES\" \/>\n\t\t<meta property=\"og:site_name\" content=\"Rucas - One-stop AIoT Distribution Worldwide\" \/>\n\t\t<meta property=\"og:type\" content=\"article\" \/>\n\t\t<meta property=\"og:title\" content=\"Mi Home Mi Eco XiaoMi Mi Truck - Rucas - Wholesale and Distribution\" \/>\n\t\t<meta property=\"og:description\" content=\"Main features: \u25cf properly restore the shape and drive structure of the truck. \u25cf splicing process is not only patient training, but also imagination. \u25cf excellent direction control system, you can control the direction of the car at will. \u25cf loading and unloading system modeled after a real car. Six large rubber tires, suitable for all kinds of terrain. \u25cf meet the country&#039;s strict 3C standards, can rest assured that children play. \u25cf recommended age: 6 +.\" \/>\n\t\t<meta property=\"og:url\" content=\"https:\/\/www.rucashk.com\/es\/producto\/mi-home-mi-eco-xiaomi-mi-truck\/\" \/>\n\t\t<meta property=\"og:image\" content=\"https:\/\/www.rucashk.com\/wp-content\/uploads\/replace\/503b8e645f128a97ccde2b6290747646.jpeg\" \/>\n\t\t<meta property=\"og:image:secure_url\" content=\"https:\/\/www.rucashk.com\/wp-content\/uploads\/replace\/503b8e645f128a97ccde2b6290747646.jpeg\" \/>\n\t\t<meta property=\"og:image:width\" content=\"1456\" \/>\n\t\t<meta property=\"og:image:height\" content=\"816\" \/>\n\t\t<meta property=\"article:published_time\" content=\"2024-01-09T15:38:53+00:00\" \/>\n\t\t<meta property=\"article:modified_time\" content=\"2024-03-13T12:10:29+00:00\" \/>\n\t\t<meta name=\"twitter:card\" content=\"summary_large_image\" \/>\n\t\t<meta name=\"twitter:title\" content=\"Mi Home Mi Eco XiaoMi Mi Truck - Rucas - Wholesale and Distribution\" \/>\n\t\t<meta name=\"twitter:description\" content=\"Main features: \u25cf properly restore the shape and drive structure of the truck. \u25cf splicing process is not only patient training, but also imagination. \u25cf excellent direction control system, you can control the direction of the car at will. \u25cf loading and unloading system modeled after a real car. Six large rubber tires, suitable for all kinds of terrain. \u25cf meet the country&#039;s strict 3C standards, can rest assured that children play. \u25cf recommended age: 6 +.\" \/>\n\t\t<meta name=\"twitter:image\" content=\"https:\/\/www.rucashk.com\/wp-content\/uploads\/replace\/503b8e645f128a97ccde2b6290747646.jpeg\" \/>\n\t\t<script type=\"application\/ld+json\" class=\"aioseo-schema\">\n\t\t\t{\"@context\":\"https:\\\/\\\/schema.org\",\"@graph\":[{\"@type\":\"BreadcrumbList\",\"@id\":\"https:\\\/\\\/www.rucashk.com\\\/es\\\/producto\\\/mi-home-mi-eco-xiaomi-mi-truck\\\/#breadcrumblist\",\"itemListElement\":[{\"@type\":\"ListItem\",\"@id\":\"https:\\\/\\\/www.rucashk.com\\\/es\\\/#listItem\",\"position\":1,\"name\":\"Home\",\"item\":\"https:\\\/\\\/www.rucashk.com\\\/es\\\/\",\"nextItem\":\"https:\\\/\\\/www.rucashk.com\\\/es\\\/producto\\\/mi-home-mi-eco-xiaomi-mi-truck\\\/#listItem\"},{\"@type\":\"ListItem\",\"@id\":\"https:\\\/\\\/www.rucashk.com\\\/es\\\/producto\\\/mi-home-mi-eco-xiaomi-mi-truck\\\/#listItem\",\"position\":2,\"name\":\"Mi Home Mi Eco XiaoMi  Mi Truck\",\"previousItem\":\"https:\\\/\\\/www.rucashk.com\\\/es\\\/#listItem\"}]},{\"@type\":\"Organization\",\"@id\":\"https:\\\/\\\/www.rucashk.com\\\/es\\\/#organization\",\"name\":\"Rucas\",\"url\":\"https:\\\/\\\/www.rucashk.com\\\/es\\\/\",\"logo\":{\"@type\":\"ImageObject\",\"url\":\"https:\\\/\\\/www.rucashk.com\\\/wp-content\\\/uploads\\\/2023\\\/12\\\/Rucas_campany_logo.png\",\"@id\":\"https:\\\/\\\/www.rucashk.com\\\/es\\\/producto\\\/mi-home-mi-eco-xiaomi-mi-truck\\\/#organizationLogo\",\"width\":221,\"height\":65},\"image\":{\"@id\":\"https:\\\/\\\/www.rucashk.com\\\/es\\\/#organizationLogo\"}},{\"@type\":\"Person\",\"@id\":\"https:\\\/\\\/www.rucashk.com\\\/es\\\/author\\\/admin\\\/#author\",\"url\":\"https:\\\/\\\/www.rucashk.com\\\/es\\\/author\\\/admin\\\/\",\"name\":\"admin\",\"image\":{\"@type\":\"ImageObject\",\"@id\":\"https:\\\/\\\/www.rucashk.com\\\/es\\\/producto\\\/mi-home-mi-eco-xiaomi-mi-truck\\\/#authorImage\",\"url\":\"https:\\\/\\\/secure.gravatar.com\\\/avatar\\\/b7c8925b09a27e72b30232f8ecaadbd5af0f70a38c78096863fe51b64f031c24?s=96&d=mm&r=g\",\"width\":96,\"height\":96,\"caption\":\"admin\"}},{\"@type\":\"WebPage\",\"@id\":\"https:\\\/\\\/www.rucashk.com\\\/es\\\/producto\\\/mi-home-mi-eco-xiaomi-mi-truck\\\/#webpage\",\"url\":\"https:\\\/\\\/www.rucashk.com\\\/es\\\/producto\\\/mi-home-mi-eco-xiaomi-mi-truck\\\/\",\"name\":\"Mi Home Mi Eco XiaoMi Mi Truck - Rucas - Wholesale and Distribution\",\"description\":\"Main features: \\u25cf properly restore the shape and drive structure of the truck. \\u25cf splicing process is not only patient training, but also imagination. \\u25cf excellent direction control system, you can control the direction of the car at will. \\u25cf loading and unloading system modeled after a real car. Six large rubber tires, suitable for all kinds of terrain. \\u25cf meet the country's strict 3C standards, can rest assured that children play. \\u25cf recommended age: 6 +.\",\"inLanguage\":\"es-ES\",\"isPartOf\":{\"@id\":\"https:\\\/\\\/www.rucashk.com\\\/es\\\/#website\"},\"breadcrumb\":{\"@id\":\"https:\\\/\\\/www.rucashk.com\\\/es\\\/producto\\\/mi-home-mi-eco-xiaomi-mi-truck\\\/#breadcrumblist\"},\"author\":{\"@id\":\"https:\\\/\\\/www.rucashk.com\\\/es\\\/author\\\/admin\\\/#author\"},\"creator\":{\"@id\":\"https:\\\/\\\/www.rucashk.com\\\/es\\\/author\\\/admin\\\/#author\"},\"image\":{\"@type\":\"ImageObject\",\"url\":\"https:\\\/\\\/www.rucashk.com\\\/wp-content\\\/uploads\\\/2024\\\/01\\\/\\u7c73.jpg\",\"@id\":\"https:\\\/\\\/www.rucashk.com\\\/es\\\/producto\\\/mi-home-mi-eco-xiaomi-mi-truck\\\/#mainImage\",\"width\":529,\"height\":448},\"primaryImageOfPage\":{\"@id\":\"https:\\\/\\\/www.rucashk.com\\\/es\\\/producto\\\/mi-home-mi-eco-xiaomi-mi-truck\\\/#mainImage\"},\"datePublished\":\"2024-01-09T15:38:53+00:00\",\"dateModified\":\"2024-03-13T12:10:29+00:00\"},{\"@type\":\"WebSite\",\"@id\":\"https:\\\/\\\/www.rucashk.com\\\/es\\\/#website\",\"url\":\"https:\\\/\\\/www.rucashk.com\\\/es\\\/\",\"name\":\"Rucas - Wholesale and distribution worldwide\",\"alternateName\":\"Rucas - One-stop AIoT Distribution Worldwide\",\"description\":\"One-stop AIoT Distribution Worldwide\",\"inLanguage\":\"es-ES\",\"publisher\":{\"@id\":\"https:\\\/\\\/www.rucashk.com\\\/es\\\/#organization\"}}]}\n\t\t<\/script>\n\t\t<!-- All in One SEO Pro -->\r\n\t\t<title>Mi Home Mi Eco XiaoMi Mi Truck - Rucas - Wholesale and Distribution<\/title>\n\n","aioseo_head_json":{"title":"Mi Home Mi Eco XiaoMi Mi Truck - Rucas - Wholesale and Distribution","description":"Main features: \u25cf properly restore the shape and drive structure of the truck. \u25cf splicing process is not only patient training, but also imagination. \u25cf excellent direction control system, you can control the direction of the car at will. \u25cf loading and unloading system modeled after a real car. Six large rubber tires, suitable for all kinds of terrain. \u25cf meet the country's strict 3C standards, can rest assured that children play. \u25cf recommended age: 6 +.","canonical_url":"https:\/\/www.rucashk.com\/es\/producto\/mi-home-mi-eco-xiaomi-mi-truck\/","robots":"max-image-preview:large","keywords":"","webmasterTools":{"miscellaneous":""},"og:locale":"es_ES","og:site_name":"Rucas - One-stop AIoT Distribution Worldwide","og:type":"article","og:title":"Mi Home Mi Eco XiaoMi Mi Truck - Rucas - Wholesale and Distribution","og:description":"Main features: \u25cf properly restore the shape and drive structure of the truck. \u25cf splicing process is not only patient training, but also imagination. \u25cf excellent direction control system, you can control the direction of the car at will. \u25cf loading and unloading system modeled after a real car. Six large rubber tires, suitable for all kinds of terrain. \u25cf meet the country's strict 3C standards, can rest assured that children play. \u25cf recommended age: 6 +.","og:url":"https:\/\/www.rucashk.com\/es\/producto\/mi-home-mi-eco-xiaomi-mi-truck\/","og:image":"https:\/\/www.rucashk.com\/wp-content\/uploads\/replace\/503b8e645f128a97ccde2b6290747646.jpeg","og:image:secure_url":"https:\/\/www.rucashk.com\/wp-content\/uploads\/replace\/503b8e645f128a97ccde2b6290747646.jpeg","og:image:width":1456,"og:image:height":816,"article:published_time":"2024-01-09T15:38:53+00:00","article:modified_time":"2024-03-13T12:10:29+00:00","twitter:card":"summary_large_image","twitter:title":"Mi Home Mi Eco XiaoMi Mi Truck - Rucas - Wholesale and Distribution","twitter:description":"Main features: \u25cf properly restore the shape and drive structure of the truck. \u25cf splicing process is not only patient training, but also imagination. \u25cf excellent direction control system, you can control the direction of the car at will. \u25cf loading and unloading system modeled after a real car. Six large rubber tires, suitable for all kinds of terrain. \u25cf meet the country's strict 3C standards, can rest assured that children play. \u25cf recommended age: 6 +.","twitter:image":"https:\/\/www.rucashk.com\/wp-content\/uploads\/replace\/503b8e645f128a97ccde2b6290747646.jpeg","schema":{"@context":"https:\/\/schema.org","@graph":[{"@type":"BreadcrumbList","@id":"https:\/\/www.rucashk.com\/es\/producto\/mi-home-mi-eco-xiaomi-mi-truck\/#breadcrumblist","itemListElement":[{"@type":"ListItem","@id":"https:\/\/www.rucashk.com\/es\/#listItem","position":1,"name":"Home","item":"https:\/\/www.rucashk.com\/es\/","nextItem":"https:\/\/www.rucashk.com\/es\/producto\/mi-home-mi-eco-xiaomi-mi-truck\/#listItem"},{"@type":"ListItem","@id":"https:\/\/www.rucashk.com\/es\/producto\/mi-home-mi-eco-xiaomi-mi-truck\/#listItem","position":2,"name":"Mi Home Mi Eco XiaoMi  Mi Truck","previousItem":"https:\/\/www.rucashk.com\/es\/#listItem"}]},{"@type":"Organization","@id":"https:\/\/www.rucashk.com\/es\/#organization","name":"Rucas","url":"https:\/\/www.rucashk.com\/es\/","logo":{"@type":"ImageObject","url":"https:\/\/www.rucashk.com\/wp-content\/uploads\/2023\/12\/Rucas_campany_logo.png","@id":"https:\/\/www.rucashk.com\/es\/producto\/mi-home-mi-eco-xiaomi-mi-truck\/#organizationLogo","width":221,"height":65},"image":{"@id":"https:\/\/www.rucashk.com\/es\/#organizationLogo"}},{"@type":"Person","@id":"https:\/\/www.rucashk.com\/es\/author\/admin\/#author","url":"https:\/\/www.rucashk.com\/es\/author\/admin\/","name":"admin","image":{"@type":"ImageObject","@id":"https:\/\/www.rucashk.com\/es\/producto\/mi-home-mi-eco-xiaomi-mi-truck\/#authorImage","url":"https:\/\/secure.gravatar.com\/avatar\/b7c8925b09a27e72b30232f8ecaadbd5af0f70a38c78096863fe51b64f031c24?s=96&d=mm&r=g","width":96,"height":96,"caption":"admin"}},{"@type":"WebPage","@id":"https:\/\/www.rucashk.com\/es\/producto\/mi-home-mi-eco-xiaomi-mi-truck\/#webpage","url":"https:\/\/www.rucashk.com\/es\/producto\/mi-home-mi-eco-xiaomi-mi-truck\/","name":"Mi Home Mi Eco XiaoMi Mi Truck - Rucas - Wholesale and Distribution","description":"Main features: \u25cf properly restore the shape and drive structure of the truck. \u25cf splicing process is not only patient training, but also imagination. \u25cf excellent direction control system, you can control the direction of the car at will. \u25cf loading and unloading system modeled after a real car. Six large rubber tires, suitable for all kinds of terrain. \u25cf meet the country's strict 3C standards, can rest assured that children play. \u25cf recommended age: 6 +.","inLanguage":"es-ES","isPartOf":{"@id":"https:\/\/www.rucashk.com\/es\/#website"},"breadcrumb":{"@id":"https:\/\/www.rucashk.com\/es\/producto\/mi-home-mi-eco-xiaomi-mi-truck\/#breadcrumblist"},"author":{"@id":"https:\/\/www.rucashk.com\/es\/author\/admin\/#author"},"creator":{"@id":"https:\/\/www.rucashk.com\/es\/author\/admin\/#author"},"image":{"@type":"ImageObject","url":"https:\/\/www.rucashk.com\/wp-content\/uploads\/2024\/01\/\u7c73.jpg","@id":"https:\/\/www.rucashk.com\/es\/producto\/mi-home-mi-eco-xiaomi-mi-truck\/#mainImage","width":529,"height":448},"primaryImageOfPage":{"@id":"https:\/\/www.rucashk.com\/es\/producto\/mi-home-mi-eco-xiaomi-mi-truck\/#mainImage"},"datePublished":"2024-01-09T15:38:53+00:00","dateModified":"2024-03-13T12:10:29+00:00"},{"@type":"WebSite","@id":"https:\/\/www.rucashk.com\/es\/#website","url":"https:\/\/www.rucashk.com\/es\/","name":"Rucas - Wholesale and distribution worldwide","alternateName":"Rucas - One-stop AIoT Distribution Worldwide","description":"One-stop AIoT Distribution Worldwide","inLanguage":"es-ES","publisher":{"@id":"https:\/\/www.rucashk.com\/es\/#organization"}}]}},"aioseo_meta_data":{"post_id":"22053","title":null,"description":null,"keywords":null,"keyphrases":null,"primary_term":null,"canonical_url":null,"og_title":null,"og_description":null,"og_object_type":"default","og_image_type":"default","og_image_url":null,"og_image_width":null,"og_image_height":null,"og_image_custom_url":null,"og_image_custom_fields":null,"og_video":null,"og_custom_url":null,"og_article_section":null,"og_article_tags":null,"twitter_use_og":false,"twitter_card":"default","twitter_image_type":"default","twitter_image_url":null,"twitter_image_custom_url":null,"twitter_image_custom_fields":null,"twitter_title":null,"twitter_description":null,"schema":{"blockGraphs":[],"customGraphs":[],"default":{"data":{"Article":[],"Course":[],"Dataset":[],"FAQPage":[],"Movie":[],"Person":[],"Product":[],"Recipe":[],"Service":[],"SoftwareApplication":[],"WebPage":[]},"graphName":"","isEnabled":true},"graphs":[]},"schema_type":"default","schema_type_options":null,"pillar_content":false,"robots_default":true,"robots_noindex":false,"robots_noarchive":false,"robots_nosnippet":false,"robots_nofollow":false,"robots_noimageindex":false,"robots_noodp":false,"robots_notranslate":false,"robots_max_snippet":null,"robots_max_videopreview":null,"robots_max_imagepreview":"large","priority":null,"frequency":null,"local_seo":null,"breadcrumb_settings":null,"limit_modified_date":false,"created":"2024-04-11 01:55:21","updated":"2025-06-22 16:35:54"},"aioseo_breadcrumb":"<div class=\"aioseo-breadcrumbs\"><span class=\"aioseo-breadcrumb\">\n\t<a href=\"https:\/\/www.rucashk.com\/es\" title=\"Home\">Home<\/a>\n<\/span><span class=\"aioseo-breadcrumb-separator\">&raquo;<\/span><span class=\"aioseo-breadcrumb\">\n\t<a href=\"https:\/\/www.rucashk.com\/es\/products\/\" title=\"Productos\">Productos<\/a>\n<\/span><span class=\"aioseo-breadcrumb-separator\">&raquo;<\/span><span class=\"aioseo-breadcrumb\">\n\t<a href=\"https:\/\/www.rucashk.com\/es\/categoria-producto\/xiaomi-eco\/\" title=\"Xiaomi Eco\">Xiaomi Eco<\/a>\n<\/span><span class=\"aioseo-breadcrumb-separator\">&raquo;<\/span><span class=\"aioseo-breadcrumb\">\n\t<a href=\"https:\/\/www.rucashk.com\/es\/categoria-producto\/xiaomi-eco\/gadgets\/\" title=\"Gadgets\">Gadgets<\/a>\n<\/span><span class=\"aioseo-breadcrumb-separator\">&raquo;<\/span><span class=\"aioseo-breadcrumb\">\n\tMi Home Mi Eco XiaoMi  Mi Truck\n<\/span><\/div>","aioseo_breadcrumb_json":[{"label":"Home","link":"https:\/\/www.rucashk.com\/es"},{"label":"Productos","link":"https:\/\/www.rucashk.com\/es\/products\/"},{"label":"Xiaomi Eco","link":"https:\/\/www.rucashk.com\/es\/categoria-producto\/xiaomi-eco\/"},{"label":"Gadgets","link":"https:\/\/www.rucashk.com\/es\/categoria-producto\/xiaomi-eco\/gadgets\/"},{"label":"Mi Home Mi Eco XiaoMi  Mi Truck","link":"https:\/\/www.rucashk.com\/es\/producto\/mi-home-mi-eco-xiaomi-mi-truck\/"}],"_links":{"self":[{"href":"https:\/\/www.rucashk.com\/es\/wp-json\/wp\/v2\/product\/22053","targetHints":{"allow":["GET"]}}],"collection":[{"href":"https:\/\/www.rucashk.com\/es\/wp-json\/wp\/v2\/product"}],"about":[{"href":"https:\/\/www.rucashk.com\/es\/wp-json\/wp\/v2\/types\/product"}],"wp:featuredmedia":[{"embeddable":true,"href":"https:\/\/www.rucashk.com\/es\/wp-json\/wp\/v2\/media\/22185"}],"wp:attachment":[{"href":"https:\/\/www.rucashk.com\/es\/wp-json\/wp\/v2\/media?parent=22053"}],"wp:term":[{"taxonomy":"product_brand","embeddable":true,"href":"https:\/\/www.rucashk.com\/es\/wp-json\/wp\/v2\/product_brand?post=22053"},{"taxonomy":"product_cat","embeddable":true,"href":"https:\/\/www.rucashk.com\/es\/wp-json\/wp\/v2\/product_cat?post=22053"},{"taxonomy":"product_tag","embeddable":true,"href":"https:\/\/www.rucashk.com\/es\/wp-json\/wp\/v2\/product_tag?post=22053"}],"curies":[{"name":"wp","href":"https:\/\/api.w.org\/{rel}","templated":true}]}}