{"id":22052,"date":"2024-01-09T15:38:53","date_gmt":"2024-01-09T15:38:53","guid":{"rendered":"http:\/\/rucashk.com\/?post_type=product&#038;p=22052"},"modified":"2024-03-13T12:11:12","modified_gmt":"2024-03-13T12:11:12","slug":"xiaomi-mi-box-mi-tv-box-s-wholesale","status":"publish","type":"product","link":"https:\/\/www.rucashk.com\/es\/producto\/xiaomi-mi-box-mi-tv-box-s-wholesale\/","title":{"rendered":"Xiaomi Mi Box Mi TV Box S Al Por Mayor"},"content":{"rendered":"<h2 style=\"text-align: center\"><strong>Xiaomi Mi Box Mi TV Box S<\/strong> <img alt=\"Xiaomi Mi Box Mi TV Box S Wholesale\" class=\"aligncenter\" data-spm-anchor-id=\"a2g0o.detail.1000023.i0.454723a4F7D6ru\" \/><img fetchpriority=\"high\" decoding=\"async\" class=\"aligncenter\" src=\"\/wp-content\/uploads\/replace\/2758000200ad0fed34af9bfd57d91d6b.jpeg\" alt=\"Xiaomi Mi Box Mi TV Box S Wholesale\" width=\"950\" height=\"730\" \/><img decoding=\"async\" class=\"aligncenter\" src=\"\/wp-content\/uploads\/replace\/f161fb781be22621ee1e62cb2febaea7.jpeg\" alt=\" Mi Box Mi TV Box S\" width=\"950\" height=\"311\" \/><\/h2>\n<p style=\"text-align: center\"><strong>Compatible con Android 8.1 para una funcionalidad superior<\/strong><\/p>\n<p style=\"text-align: center\"><a class=\"\" style=\"width: auto !important\" href=\"https:\/\/www.rucashk.com\/es\/producto\/mi-box-s-wifi-bluetooth-tv-box-streaming-media-player\/\" data-wpil-post-to-id=\"1823\">Mi caja S<\/a> es compatible con Android 8.1, es f\u00e1cil de usar y <a class=\"\" style=\"width: auto !important\" href=\"https:\/\/www.rucashk.com\/es\/xiaomi-pre-sales-driving-recorder2-2k-version-a-brand-supporting-voice-recording\/\" data-wpil-post-to-id=\"9520\">apoya la voz<\/a> buscar<br \/>\nY Chromecast, y ofrece un mundo de contenidos que familias enteras pueden disfrutar<\/p>\n<p style=\"text-align: center\"><img decoding=\"async\" class=\"aligncenter\" src=\"\/wp-content\/uploads\/replace\/64f64a803a561c7ddbe45ba98d6306e6.jpeg\" alt=\"Xiaomi Mi Box Mi TV Box S Wholesale\" width=\"950\" height=\"500\" \/><\/p>\n<p style=\"text-align: center\"><strong>Accede a una gran cantidad de contenido<\/strong><\/p>\n<p style=\"text-align: center\">Compatible con miles de aplicaciones, d\u00e1ndote acceso a una gran cantidad de v\u00eddeos de calidad<br \/>\nServicio y un flujo constante de contenido nuevo.<\/p>\n<p style=\"text-align: center\"><img loading=\"lazy\" decoding=\"async\" class=\"aligncenter\" src=\"\/wp-content\/uploads\/replace\/618ef022cfddd8f1538b14e6ac40af1d.jpeg\" alt=\" Mi Box Mi TV Box S\" width=\"950\" height=\"673\" \/><img loading=\"lazy\" decoding=\"async\" class=\"aligncenter\" src=\"\/wp-content\/uploads\/replace\/52d0da719ffa09d1c405f927a037905a.jpeg\" alt=\" Mi Box Mi TV Box S\" width=\"950\" height=\"403\" \/><img loading=\"lazy\" decoding=\"async\" class=\"aligncenter\" src=\"\/wp-content\/uploads\/replace\/95fae81e29a5774d51343aa3c355c400.jpeg\" alt=\"Xiaomi Mi Box Mi TV Box S Wholesale\" width=\"950\" height=\"550\" \/><\/p>\n<p style=\"text-align: center\"><span style=\"vertical-align: inherit\">Reparto inteligente<\/span><\/p>\n<p style=\"text-align: center\">Coeficiente de penetraci\u00f3n, mejor experiencia visual.<\/p>\n<p style=\"text-align: center\"><img loading=\"lazy\" decoding=\"async\" class=\"aligncenter\" src=\"\/wp-content\/uploads\/replace\/6f244d1f25a77ac1ae8ee32467969418.jpeg\" alt=\" Mi Box Mi TV Box S\" width=\"950\" height=\"959\" \/><\/p>\n<p style=\"text-align: center\"><span style=\"vertical-align: inherit\">Google <em><span class=\"skip\"><a data-keyword=\"assistant\">asistente<\/a><\/span><\/em><\/span><\/p>\n<p style=\"text-align: center\">Con el Asistente de Google, puedes acceder r\u00e1pidamente a lugares de entretenimiento, obtener respuestas y controlar dispositivos en tu hogar.<br \/>\nSimplemente presione el bot\u00f3n de tema en el <a class=\"\" style=\"width: auto !important\" href=\"https:\/\/www.rucashk.com\/es\/update-your-air-conditioning-xiaomi-releases-a-smart-ai-universal-remote-control\/\" data-wpil-post-to-id=\"9669\">control remoto<\/a> para empezar a usarlo.<br \/>\n* Google es una marca comercial de Google LLC.<\/p>\n<p style=\"text-align: center\"><img loading=\"lazy\" decoding=\"async\" class=\"aligncenter\" src=\"\/wp-content\/uploads\/replace\/be849a481cebcc5923bb85a66b7a7a16.jpeg\" alt=\" Mi Box Mi TV Box S\" width=\"950\" height=\"780\" \/><\/p>\n<h1 style=\"text-align: center\">Alta definici\u00f3n 4K HDR<\/h1>\n<p style=\"text-align: center\">Con la \u00faltima tecnolog\u00eda 4K HDR y capacidades de procesamiento 4K de alta velocidad, puede reproducir hasta 60 fps.<br \/>\nDisfrute de una experiencia de visualizaci\u00f3n realista y en s\u00faper alta definici\u00f3n<\/p>\n<p style=\"text-align: center\"><img loading=\"lazy\" decoding=\"async\" class=\"aligncenter\" src=\"\/wp-content\/uploads\/replace\/0f071e5f7d8823baee429695383d656a.jpeg\" alt=\" Mi Box Mi TV Box S\" width=\"950\" height=\"411\" \/><\/p>\n<div style=\"text-align: center\"><\/div>\n<h1 style=\"text-align: center\">audio de calidad<\/h1>\n<div style=\"text-align: center\">Dolby y DTS proporcionan un sonido envolvente tridimensional m\u00e1s claro<\/div>\n<p style=\"text-align: center\"><img loading=\"lazy\" decoding=\"async\" class=\"aligncenter\" src=\"\/wp-content\/uploads\/replace\/febd00a8a78d3ebcef66f19dcbb9a037.jpeg\" alt=\" Mi Box Mi TV Box S\" width=\"950\" height=\"749\" \/><img loading=\"lazy\" decoding=\"async\" class=\"aligncenter\" src=\"\/wp-content\/uploads\/replace\/cabc5053bdec70dd8eb0f83bc573076c.jpeg\" alt=\"Xiaomi Mi Box Mi TV Box S Wholesale\" width=\"950\" height=\"550\" \/><\/p>\n<p style=\"text-align: center\"><strong>eficiente<\/strong><br \/>\n<strong>Capacidad de almacenamiento<\/strong><\/p>\n<p style=\"text-align: center\">Instala muchas aplicaciones incre\u00edbles y mira<br \/>\nM\u00e1s contenido y m\u00e1s juegos para jugar mientras disfrutas de un rendimiento actualizado y estabilidad<\/p>\n<p style=\"text-align: center\"><img loading=\"lazy\" decoding=\"async\" class=\"aligncenter\" src=\"\/wp-content\/uploads\/replace\/d4a85e593afc2e514e7ee75c34151d57.jpeg\" alt=\" Mi Box Mi TV Box S\" width=\"950\" height=\"750\" \/><\/p>\n<p style=\"text-align: center\">Admite conexiones por cable e inal\u00e1mbricas<\/p>\n<p style=\"text-align: center\">Admite conectividad wi-fi, bluetooth y USB, siempre y cuando<\/p>\n<p style=\"text-align: center\"><img loading=\"lazy\" decoding=\"async\" class=\"aligncenter\" src=\"\/wp-content\/uploads\/replace\/1d6866bb976854b709136f4a45e1a346.jpeg\" alt=\" Mi Box Mi TV Box S\" width=\"950\" height=\"490\" \/><img loading=\"lazy\" decoding=\"async\" class=\"aligncenter\" src=\"\/wp-content\/uploads\/replace\/6afd82c19ff0c4da37c7e3e7d5f142c2.jpeg\" alt=\" Mi Box Mi TV Box S\" width=\"950\" height=\"473\" \/><img loading=\"lazy\" decoding=\"async\" class=\"aligncenter\" src=\"\/wp-content\/uploads\/replace\/d2315dd1ba53e1bb52445223d1f29d49.jpeg\" alt=\"Xiaomi Mi Box Mi TV Box S Wholesale\" width=\"800\" height=\"463\" \/><\/p>\n<div><img loading=\"lazy\" decoding=\"async\" class=\"aligncenter\" src=\"\/wp-content\/uploads\/replace\/2863a48fb94c3815f89e8d05ab31b7cf.jpeg\" alt=\" Mi Box Mi TV Box S\" width=\"800\" height=\"800\" \/><\/div>\n<div style=\"text-align: center\"><b>Especificaci\u00f3n:<\/b><br \/>\n\u2013 Sistema operativo Android 8.1<br \/>\n\u2013 CPU Cortex A53, cuatro n\u00facleos<br \/>\n\u2013 GPU Mali 450<br \/>\n\u2013 WiFi de doble banda de 2,4 GHz + 5,8 GHz<br \/>\n\u2013 2 GB de RAM + 8 GB de almanacemiento<\/div>\n<div><\/div>","protected":false},"excerpt":{"rendered":"<p><strong>Principales caracter\u00edsticas:<\/strong><\/p>\n<ul>\n<li class=\"textDescTitle\">Desarrollado por Android 8.1 para una funcionalidad superior<\/li>\n<li class=\"textDescTitle\">Accede a toneladas de contenido<\/li>\n<li class=\"textDescTitle\">Alta claridad 4K HDR<\/li>\n<li class=\"textDescTitle\">Premium Audio te pone en acci\u00f3n<\/li>\n<li>Capacidad de almacenamiento de alto rendimiento<\/li>\n<li>SmartCast Sum\u00e9rgete en una experiencia de visualizaci\u00f3n mejor y m\u00e1s amplia<\/li>\n<li>Admite conexiones Wi-Fi, Bluetooth y USB, brindando<\/li>\n<li>Con el Asistente de Google, puedes acceder r\u00e1pidamente al entretenimiento, obtener respuestas y controlar dispositivos en tu hogar.<\/li>\n<li>It&#8217;s European plug ,but not round-pronged.<\/li>\n<\/ul>","protected":false},"featured_media":22183,"template":"","meta":[],"product_brand":[],"product_cat":[1315,1305],"product_tag":[576,651],"class_list":{"0":"post-22052","1":"product","2":"type-product","3":"status-publish","4":"has-post-thumbnail","6":"product_cat-tv-accessories","7":"product_cat-xiaomi-eco","8":"product_tag-mi-home","9":"product_tag-mi-tv","11":"first","12":"instock","13":"shipping-taxable","14":"product-type-external"},"aioseo_notices":[],"aioseo_head":"\n\t\t<!-- All in One SEO Pro 4.5.9.2 - aioseo.com -->\n\t\t<meta name=\"description\" content=\"Main Features: Powered by Android 8.1 for Superior Functionality Access Tons of Content High Clarity 4K HDR Premium Audio puts you in the action High Performance Storage Capacity SmartCast Dive into a bigger, better viewing experience Supports Wi-Fi, Bluetooth, and USB connections, delivering With the Google Assistant, you can quickly access entertainment, get answers and control devices around your home. It&#039;s European plug ,but not round-pronged.\" \/>\n\t\t<meta name=\"robots\" content=\"max-image-preview:large\" \/>\n\t\t<link rel=\"canonical\" href=\"https:\/\/www.rucashk.com\/es\/producto\/xiaomi-mi-box-mi-tv-box-s-wholesale\/\" \/>\n\t\t<meta name=\"generator\" content=\"All in One SEO Pro (AIOSEO) 4.5.9.2\" \/>\n\t\t<meta property=\"og:locale\" content=\"es_ES\" \/>\n\t\t<meta property=\"og:site_name\" content=\"Rucas - One-stop AIoT Distribution Worldwide\" \/>\n\t\t<meta property=\"og:type\" content=\"article\" \/>\n\t\t<meta property=\"og:title\" content=\"Xiaomi Mi Box Mi TV Box S Wholesale - Rucas - Wholesale and Distribution\" \/>\n\t\t<meta property=\"og:description\" content=\"Main Features: Powered by Android 8.1 for Superior Functionality Access Tons of Content High Clarity 4K HDR Premium Audio puts you in the action High Performance Storage Capacity SmartCast Dive into a bigger, better viewing experience Supports Wi-Fi, Bluetooth, and USB connections, delivering With the Google Assistant, you can quickly access entertainment, get answers and control devices around your home. It&#039;s European plug ,but not round-pronged.\" \/>\n\t\t<meta property=\"og:url\" content=\"https:\/\/www.rucashk.com\/es\/producto\/xiaomi-mi-box-mi-tv-box-s-wholesale\/\" \/>\n\t\t<meta property=\"og:image\" content=\"https:\/\/www.rucashk.com\/wp-content\/uploads\/replace\/503b8e645f128a97ccde2b6290747646.jpeg\" \/>\n\t\t<meta property=\"og:image:secure_url\" content=\"https:\/\/www.rucashk.com\/wp-content\/uploads\/replace\/503b8e645f128a97ccde2b6290747646.jpeg\" \/>\n\t\t<meta property=\"og:image:width\" content=\"1456\" \/>\n\t\t<meta property=\"og:image:height\" content=\"816\" \/>\n\t\t<meta property=\"article:published_time\" content=\"2024-01-09T15:38:53+00:00\" \/>\n\t\t<meta property=\"article:modified_time\" content=\"2024-03-13T12:11:12+00:00\" \/>\n\t\t<meta name=\"twitter:card\" content=\"summary_large_image\" \/>\n\t\t<meta name=\"twitter:title\" content=\"Xiaomi Mi Box Mi TV Box S Wholesale - Rucas - Wholesale and Distribution\" \/>\n\t\t<meta name=\"twitter:description\" content=\"Main Features: Powered by Android 8.1 for Superior Functionality Access Tons of Content High Clarity 4K HDR Premium Audio puts you in the action High Performance Storage Capacity SmartCast Dive into a bigger, better viewing experience Supports Wi-Fi, Bluetooth, and USB connections, delivering With the Google Assistant, you can quickly access entertainment, get answers and control devices around your home. It&#039;s European plug ,but not round-pronged.\" \/>\n\t\t<meta name=\"twitter:image\" content=\"https:\/\/www.rucashk.com\/wp-content\/uploads\/replace\/503b8e645f128a97ccde2b6290747646.jpeg\" \/>\n\t\t<script type=\"application\/ld+json\" class=\"aioseo-schema\">\n\t\t\t{\"@context\":\"https:\\\/\\\/schema.org\",\"@graph\":[{\"@type\":\"BreadcrumbList\",\"@id\":\"https:\\\/\\\/www.rucashk.com\\\/es\\\/producto\\\/xiaomi-mi-box-mi-tv-box-s-wholesale\\\/#breadcrumblist\",\"itemListElement\":[{\"@type\":\"ListItem\",\"@id\":\"https:\\\/\\\/www.rucashk.com\\\/es\\\/#listItem\",\"position\":1,\"name\":\"Home\",\"item\":\"https:\\\/\\\/www.rucashk.com\\\/es\\\/\",\"nextItem\":\"https:\\\/\\\/www.rucashk.com\\\/es\\\/producto\\\/xiaomi-mi-box-mi-tv-box-s-wholesale\\\/#listItem\"},{\"@type\":\"ListItem\",\"@id\":\"https:\\\/\\\/www.rucashk.com\\\/es\\\/producto\\\/xiaomi-mi-box-mi-tv-box-s-wholesale\\\/#listItem\",\"position\":2,\"name\":\"Xiaomi Mi Box Mi TV Box S Wholesale\",\"previousItem\":\"https:\\\/\\\/www.rucashk.com\\\/es\\\/#listItem\"}]},{\"@type\":\"Organization\",\"@id\":\"https:\\\/\\\/www.rucashk.com\\\/es\\\/#organization\",\"name\":\"Rucas\",\"url\":\"https:\\\/\\\/www.rucashk.com\\\/es\\\/\",\"logo\":{\"@type\":\"ImageObject\",\"url\":\"https:\\\/\\\/www.rucashk.com\\\/wp-content\\\/uploads\\\/2023\\\/12\\\/Rucas_campany_logo.png\",\"@id\":\"https:\\\/\\\/www.rucashk.com\\\/es\\\/producto\\\/xiaomi-mi-box-mi-tv-box-s-wholesale\\\/#organizationLogo\",\"width\":221,\"height\":65},\"image\":{\"@id\":\"https:\\\/\\\/www.rucashk.com\\\/es\\\/#organizationLogo\"}},{\"@type\":\"Person\",\"@id\":\"https:\\\/\\\/www.rucashk.com\\\/es\\\/author\\\/admin\\\/#author\",\"url\":\"https:\\\/\\\/www.rucashk.com\\\/es\\\/author\\\/admin\\\/\",\"name\":\"admin\",\"image\":{\"@type\":\"ImageObject\",\"@id\":\"https:\\\/\\\/www.rucashk.com\\\/es\\\/producto\\\/xiaomi-mi-box-mi-tv-box-s-wholesale\\\/#authorImage\",\"url\":\"https:\\\/\\\/secure.gravatar.com\\\/avatar\\\/b7c8925b09a27e72b30232f8ecaadbd5af0f70a38c78096863fe51b64f031c24?s=96&d=mm&r=g\",\"width\":96,\"height\":96,\"caption\":\"admin\"}},{\"@type\":\"WebPage\",\"@id\":\"https:\\\/\\\/www.rucashk.com\\\/es\\\/producto\\\/xiaomi-mi-box-mi-tv-box-s-wholesale\\\/#webpage\",\"url\":\"https:\\\/\\\/www.rucashk.com\\\/es\\\/producto\\\/xiaomi-mi-box-mi-tv-box-s-wholesale\\\/\",\"name\":\"Xiaomi Mi Box Mi TV Box S Wholesale - Rucas - Wholesale and Distribution\",\"description\":\"Main Features: Powered by Android 8.1 for Superior Functionality Access Tons of Content High Clarity 4K HDR Premium Audio puts you in the action High Performance Storage Capacity SmartCast Dive into a bigger, better viewing experience Supports Wi-Fi, Bluetooth, and USB connections, delivering With the Google Assistant, you can quickly access entertainment, get answers and control devices around your home. It's European plug ,but not round-pronged.\",\"inLanguage\":\"es-ES\",\"isPartOf\":{\"@id\":\"https:\\\/\\\/www.rucashk.com\\\/es\\\/#website\"},\"breadcrumb\":{\"@id\":\"https:\\\/\\\/www.rucashk.com\\\/es\\\/producto\\\/xiaomi-mi-box-mi-tv-box-s-wholesale\\\/#breadcrumblist\"},\"author\":{\"@id\":\"https:\\\/\\\/www.rucashk.com\\\/es\\\/author\\\/admin\\\/#author\"},\"creator\":{\"@id\":\"https:\\\/\\\/www.rucashk.com\\\/es\\\/author\\\/admin\\\/#author\"},\"image\":{\"@type\":\"ImageObject\",\"url\":\"https:\\\/\\\/www.rucashk.com\\\/wp-content\\\/uploads\\\/2024\\\/01\\\/BOX-1.jpg\",\"@id\":\"https:\\\/\\\/www.rucashk.com\\\/es\\\/producto\\\/xiaomi-mi-box-mi-tv-box-s-wholesale\\\/#mainImage\",\"width\":550,\"height\":487},\"primaryImageOfPage\":{\"@id\":\"https:\\\/\\\/www.rucashk.com\\\/es\\\/producto\\\/xiaomi-mi-box-mi-tv-box-s-wholesale\\\/#mainImage\"},\"datePublished\":\"2024-01-09T15:38:53+00:00\",\"dateModified\":\"2024-03-13T12:11:12+00:00\"},{\"@type\":\"WebSite\",\"@id\":\"https:\\\/\\\/www.rucashk.com\\\/es\\\/#website\",\"url\":\"https:\\\/\\\/www.rucashk.com\\\/es\\\/\",\"name\":\"Rucas - Wholesale and distribution worldwide\",\"alternateName\":\"Rucas - One-stop AIoT Distribution Worldwide\",\"description\":\"One-stop AIoT Distribution Worldwide\",\"inLanguage\":\"es-ES\",\"publisher\":{\"@id\":\"https:\\\/\\\/www.rucashk.com\\\/es\\\/#organization\"}}]}\n\t\t<\/script>\n\t\t<!-- All in One SEO Pro -->\r\n\t\t<title>Xiaomi Mi Box Mi TV Box S Wholesale - Rucas - Wholesale and Distribution<\/title>\n\n","aioseo_head_json":{"title":"Xiaomi Mi Box Mi TV Box S Wholesale - Rucas - Wholesale and Distribution","description":"Main Features: Powered by Android 8.1 for Superior Functionality Access Tons of Content High Clarity 4K HDR Premium Audio puts you in the action High Performance Storage Capacity SmartCast Dive into a bigger, better viewing experience Supports Wi-Fi, Bluetooth, and USB connections, delivering With the Google Assistant, you can quickly access entertainment, get answers and control devices around your home. It's European plug ,but not round-pronged.","canonical_url":"https:\/\/www.rucashk.com\/es\/producto\/xiaomi-mi-box-mi-tv-box-s-wholesale\/","robots":"max-image-preview:large","keywords":"","webmasterTools":{"miscellaneous":""},"og:locale":"es_ES","og:site_name":"Rucas - One-stop AIoT Distribution Worldwide","og:type":"article","og:title":"Xiaomi Mi Box Mi TV Box S Wholesale - Rucas - Wholesale and Distribution","og:description":"Main Features: Powered by Android 8.1 for Superior Functionality Access Tons of Content High Clarity 4K HDR Premium Audio puts you in the action High Performance Storage Capacity SmartCast Dive into a bigger, better viewing experience Supports Wi-Fi, Bluetooth, and USB connections, delivering With the Google Assistant, you can quickly access entertainment, get answers and control devices around your home. It's European plug ,but not round-pronged.","og:url":"https:\/\/www.rucashk.com\/es\/producto\/xiaomi-mi-box-mi-tv-box-s-wholesale\/","og:image":"https:\/\/www.rucashk.com\/wp-content\/uploads\/replace\/503b8e645f128a97ccde2b6290747646.jpeg","og:image:secure_url":"https:\/\/www.rucashk.com\/wp-content\/uploads\/replace\/503b8e645f128a97ccde2b6290747646.jpeg","og:image:width":1456,"og:image:height":816,"article:published_time":"2024-01-09T15:38:53+00:00","article:modified_time":"2024-03-13T12:11:12+00:00","twitter:card":"summary_large_image","twitter:title":"Xiaomi Mi Box Mi TV Box S Wholesale - Rucas - Wholesale and Distribution","twitter:description":"Main Features: Powered by Android 8.1 for Superior Functionality Access Tons of Content High Clarity 4K HDR Premium Audio puts you in the action High Performance Storage Capacity SmartCast Dive into a bigger, better viewing experience Supports Wi-Fi, Bluetooth, and USB connections, delivering With the Google Assistant, you can quickly access entertainment, get answers and control devices around your home. It's European plug ,but not round-pronged.","twitter:image":"https:\/\/www.rucashk.com\/wp-content\/uploads\/replace\/503b8e645f128a97ccde2b6290747646.jpeg","schema":{"@context":"https:\/\/schema.org","@graph":[{"@type":"BreadcrumbList","@id":"https:\/\/www.rucashk.com\/es\/producto\/xiaomi-mi-box-mi-tv-box-s-wholesale\/#breadcrumblist","itemListElement":[{"@type":"ListItem","@id":"https:\/\/www.rucashk.com\/es\/#listItem","position":1,"name":"Home","item":"https:\/\/www.rucashk.com\/es\/","nextItem":"https:\/\/www.rucashk.com\/es\/producto\/xiaomi-mi-box-mi-tv-box-s-wholesale\/#listItem"},{"@type":"ListItem","@id":"https:\/\/www.rucashk.com\/es\/producto\/xiaomi-mi-box-mi-tv-box-s-wholesale\/#listItem","position":2,"name":"Xiaomi Mi Box Mi TV Box S Wholesale","previousItem":"https:\/\/www.rucashk.com\/es\/#listItem"}]},{"@type":"Organization","@id":"https:\/\/www.rucashk.com\/es\/#organization","name":"Rucas","url":"https:\/\/www.rucashk.com\/es\/","logo":{"@type":"ImageObject","url":"https:\/\/www.rucashk.com\/wp-content\/uploads\/2023\/12\/Rucas_campany_logo.png","@id":"https:\/\/www.rucashk.com\/es\/producto\/xiaomi-mi-box-mi-tv-box-s-wholesale\/#organizationLogo","width":221,"height":65},"image":{"@id":"https:\/\/www.rucashk.com\/es\/#organizationLogo"}},{"@type":"Person","@id":"https:\/\/www.rucashk.com\/es\/author\/admin\/#author","url":"https:\/\/www.rucashk.com\/es\/author\/admin\/","name":"admin","image":{"@type":"ImageObject","@id":"https:\/\/www.rucashk.com\/es\/producto\/xiaomi-mi-box-mi-tv-box-s-wholesale\/#authorImage","url":"https:\/\/secure.gravatar.com\/avatar\/b7c8925b09a27e72b30232f8ecaadbd5af0f70a38c78096863fe51b64f031c24?s=96&d=mm&r=g","width":96,"height":96,"caption":"admin"}},{"@type":"WebPage","@id":"https:\/\/www.rucashk.com\/es\/producto\/xiaomi-mi-box-mi-tv-box-s-wholesale\/#webpage","url":"https:\/\/www.rucashk.com\/es\/producto\/xiaomi-mi-box-mi-tv-box-s-wholesale\/","name":"Xiaomi Mi Box Mi TV Box S Wholesale - Rucas - Wholesale and Distribution","description":"Main Features: Powered by Android 8.1 for Superior Functionality Access Tons of Content High Clarity 4K HDR Premium Audio puts you in the action High Performance Storage Capacity SmartCast Dive into a bigger, better viewing experience Supports Wi-Fi, Bluetooth, and USB connections, delivering With the Google Assistant, you can quickly access entertainment, get answers and control devices around your home. It's European plug ,but not round-pronged.","inLanguage":"es-ES","isPartOf":{"@id":"https:\/\/www.rucashk.com\/es\/#website"},"breadcrumb":{"@id":"https:\/\/www.rucashk.com\/es\/producto\/xiaomi-mi-box-mi-tv-box-s-wholesale\/#breadcrumblist"},"author":{"@id":"https:\/\/www.rucashk.com\/es\/author\/admin\/#author"},"creator":{"@id":"https:\/\/www.rucashk.com\/es\/author\/admin\/#author"},"image":{"@type":"ImageObject","url":"https:\/\/www.rucashk.com\/wp-content\/uploads\/2024\/01\/BOX-1.jpg","@id":"https:\/\/www.rucashk.com\/es\/producto\/xiaomi-mi-box-mi-tv-box-s-wholesale\/#mainImage","width":550,"height":487},"primaryImageOfPage":{"@id":"https:\/\/www.rucashk.com\/es\/producto\/xiaomi-mi-box-mi-tv-box-s-wholesale\/#mainImage"},"datePublished":"2024-01-09T15:38:53+00:00","dateModified":"2024-03-13T12:11:12+00:00"},{"@type":"WebSite","@id":"https:\/\/www.rucashk.com\/es\/#website","url":"https:\/\/www.rucashk.com\/es\/","name":"Rucas - Wholesale and distribution worldwide","alternateName":"Rucas - One-stop AIoT Distribution Worldwide","description":"One-stop AIoT Distribution Worldwide","inLanguage":"es-ES","publisher":{"@id":"https:\/\/www.rucashk.com\/es\/#organization"}}]}},"aioseo_meta_data":{"post_id":"22052","title":null,"description":null,"keywords":null,"keyphrases":null,"primary_term":null,"canonical_url":null,"og_title":null,"og_description":null,"og_object_type":"default","og_image_type":"default","og_image_url":null,"og_image_width":null,"og_image_height":null,"og_image_custom_url":null,"og_image_custom_fields":null,"og_video":null,"og_custom_url":null,"og_article_section":null,"og_article_tags":null,"twitter_use_og":false,"twitter_card":"default","twitter_image_type":"default","twitter_image_url":null,"twitter_image_custom_url":null,"twitter_image_custom_fields":null,"twitter_title":null,"twitter_description":null,"schema":{"blockGraphs":[],"customGraphs":[],"default":{"data":{"Article":[],"Course":[],"Dataset":[],"FAQPage":[],"Movie":[],"Person":[],"Product":[],"Recipe":[],"Service":[],"SoftwareApplication":[],"WebPage":[]},"graphName":"","isEnabled":true},"graphs":[]},"schema_type":"default","schema_type_options":null,"pillar_content":false,"robots_default":true,"robots_noindex":false,"robots_noarchive":false,"robots_nosnippet":false,"robots_nofollow":false,"robots_noimageindex":false,"robots_noodp":false,"robots_notranslate":false,"robots_max_snippet":null,"robots_max_videopreview":null,"robots_max_imagepreview":"large","priority":null,"frequency":null,"local_seo":null,"breadcrumb_settings":null,"limit_modified_date":false,"created":"2024-04-11 01:55:21","updated":"2025-06-22 16:35:54"},"aioseo_breadcrumb":"<div class=\"aioseo-breadcrumbs\"><span class=\"aioseo-breadcrumb\">\n\t<a href=\"https:\/\/www.rucashk.com\/es\" title=\"Home\">Home<\/a>\n<\/span><span class=\"aioseo-breadcrumb-separator\">&raquo;<\/span><span class=\"aioseo-breadcrumb\">\n\t<a href=\"https:\/\/www.rucashk.com\/es\/products\/\" title=\"Productos\">Productos<\/a>\n<\/span><span class=\"aioseo-breadcrumb-separator\">&raquo;<\/span><span class=\"aioseo-breadcrumb\">\n\t<a href=\"https:\/\/www.rucashk.com\/es\/categoria-producto\/xiaomi-eco\/\" title=\"Xiaomi Eco\">Xiaomi Eco<\/a>\n<\/span><span class=\"aioseo-breadcrumb-separator\">&raquo;<\/span><span class=\"aioseo-breadcrumb\">\n\t<a href=\"https:\/\/www.rucashk.com\/es\/categoria-producto\/xiaomi-eco\/tv-accessories\/\" title=\"TV Accessories\">TV Accessories<\/a>\n<\/span><span class=\"aioseo-breadcrumb-separator\">&raquo;<\/span><span class=\"aioseo-breadcrumb\">\n\tXiaomi Mi Box Mi TV Box S Wholesale\n<\/span><\/div>","aioseo_breadcrumb_json":[{"label":"Home","link":"https:\/\/www.rucashk.com\/es"},{"label":"Productos","link":"https:\/\/www.rucashk.com\/es\/products\/"},{"label":"Xiaomi Eco","link":"https:\/\/www.rucashk.com\/es\/categoria-producto\/xiaomi-eco\/"},{"label":"TV Accessories","link":"https:\/\/www.rucashk.com\/es\/categoria-producto\/xiaomi-eco\/tv-accessories\/"},{"label":"Xiaomi Mi Box Mi TV Box S Wholesale","link":"https:\/\/www.rucashk.com\/es\/producto\/xiaomi-mi-box-mi-tv-box-s-wholesale\/"}],"_links":{"self":[{"href":"https:\/\/www.rucashk.com\/es\/wp-json\/wp\/v2\/product\/22052","targetHints":{"allow":["GET"]}}],"collection":[{"href":"https:\/\/www.rucashk.com\/es\/wp-json\/wp\/v2\/product"}],"about":[{"href":"https:\/\/www.rucashk.com\/es\/wp-json\/wp\/v2\/types\/product"}],"wp:featuredmedia":[{"embeddable":true,"href":"https:\/\/www.rucashk.com\/es\/wp-json\/wp\/v2\/media\/22183"}],"wp:attachment":[{"href":"https:\/\/www.rucashk.com\/es\/wp-json\/wp\/v2\/media?parent=22052"}],"wp:term":[{"taxonomy":"product_brand","embeddable":true,"href":"https:\/\/www.rucashk.com\/es\/wp-json\/wp\/v2\/product_brand?post=22052"},{"taxonomy":"product_cat","embeddable":true,"href":"https:\/\/www.rucashk.com\/es\/wp-json\/wp\/v2\/product_cat?post=22052"},{"taxonomy":"product_tag","embeddable":true,"href":"https:\/\/www.rucashk.com\/es\/wp-json\/wp\/v2\/product_tag?post=22052"}],"curies":[{"name":"wp","href":"https:\/\/api.w.org\/{rel}","templated":true}]}}