{"id":22047,"date":"2024-01-09T15:38:52","date_gmt":"2024-01-09T15:38:52","guid":{"rendered":"http:\/\/rucashk.com\/?post_type=product&#038;p=22047"},"modified":"2024-01-21T04:49:21","modified_gmt":"2024-01-21T04:49:21","slug":"mi-home-redmi-pad-5g","status":"publish","type":"product","link":"https:\/\/www.rucashk.com\/es\/producto\/mi-home-redmi-pad-5g\/","title":{"rendered":"Redmi Pad 5G"},"content":{"rendered":"<div class=\"highlights-widget test\">\n<p style=\"text-align: center\">Mi Casa Redmi Pad 5G<\/p>\n<\/div>\n<div><\/div>\n<div class=\"full-w-img\"><img fetchpriority=\"high\" decoding=\"async\" class=\"alignnone\" src=\"https:\/\/www.rucashk.com\/wp-content\/uploads\/2020\/04\/Redmi-Pad-5G.jpg\" alt=\" Redmi Pad 5G\" width=\"1200\" height=\"630\" \/><\/div>\n<p>Hasta ahora, <a class=\"\" style=\"width: auto !important\" href=\"https:\/\/www.rucashk.com\/es\/producto\/mi-mix-3-snapdragon-855-octa-core-5g-smartphone\/\" data-wpil-post-to-id=\"1703\">xiaomi ha lanzado cinco tabletas: la Mi<\/a> Pad, Mi Pad 2, Mi Pad 3, Mi Pad 4 y Mi Pad 4 Plus, pero no ha regresado al mercado de tabletas desde 2018.<br \/>\nEsto puede deberse al hecho de que el mercado de tabletas Android se est\u00e1 reduciendo a medida que el iPad contin\u00faa extendi\u00e9ndose por todo el mundo.<br \/>\nAunque samsung, huawei y lenovo a\u00fan no se han rendido, lanzan tablets peri\u00f3dicamente.<br \/>\nAhora, a pesar de Redmi, Xiaomi parece finalmente lista para volver a los juegos de tabletas.<br \/>\nLa pr\u00f3xima tableta se llama <a class=\"\" style=\"width: auto !important\" href=\"https:\/\/www.rucashk.com\/es\/the-new-redmi-5g-will-be-equipped-with-a-2-6ghz-tenguet-820-processor\/\" data-wpil-post-to-id=\"7603\">Redmi Pad 5G<\/a> y Techindeep lo anuncia en l\u00ednea.<br \/>\nRevela detalles clave sobre la tableta, incluido el sistema operativo del chipset, pantalla m\u00e1s alta <a class=\"\" style=\"width: auto !important\" href=\"https:\/\/www.rucashk.com\/es\/xiaomi-11-render-map-is-exposed-with-no-hole-diggingmatrix-four-shots-120hz-refresh-rate\/\" data-wpil-post-to-id=\"8067\">tasas de actualizaci\u00f3n<\/a> y m\u00e1s.<\/p>\n<ul>\n<li>\n<p class=\"src grammarSection\" style=\"text-align: center\" data-group=\"1-1\"><strong><a class=\"\" style=\"width: auto !important\" href=\"https:\/\/www.rucashk.com\/es\/redmi-redmi-cell-phone-and-jd-com-released-redmi-k30-5g-extreme-edition\/\" data-wpil-post-to-id=\"8380\">Redmi Pad 5G<\/a> precio, especificaciones<\/strong><\/p>\n<\/li>\n<\/ul>\n<div class=\"full-w-img\"><img decoding=\"async\" class=\"alignnone wp-image-6800 size-full\" src=\"https:\/\/www.rucashk.com\/wp-content\/uploads\/2020\/04\/\u5fae\u4fe1\u56fe\u7247_20200423141110.png\" alt=\" Redmi Pad 5G\" width=\"1280\" height=\"720\" \/><\/div>\n<div id=\"div-gpt-ad-1493810631751-0_0\" class=\"d-c-ads\" data-google-query-id=\"CPrw4oHx_egCFUIdvQodIFIOEA\"><\/div>\n<p>Seg\u00fan el cartel, <a class=\"\" style=\"width: auto !important\" href=\"https:\/\/www.rucashk.com\/es\/producto\/xiaomi-redmi-8-5000mah-snapdragon-octa-core-smartphone\/\" data-wpil-post-to-id=\"2406\">Se dice que Redmi Pad 5G funciona con Qualcomm Snapdragon<\/a> 765G SoC e iniciar\u00e1 MIUI para sistemas Pad con una frecuencia de actualizaci\u00f3n de 90 Hz y una carga r\u00e1pida por cable de 30 W.<br \/>\nSe espera que ofrezca un s\u00faper lineal de cuatro v\u00edas. <a class=\"\" style=\"width: auto !important\" href=\"https:\/\/www.rucashk.com\/es\/producto\/xiaomi-mi9t-6-39-inch-48mp-triple-camera-nfc-4000mah-smartphone\/\" data-wpil-post-to-id=\"2309\">c\u00e1mara y 48MP<\/a> c\u00e1mara principal.<br \/>\nLa tableta <a class=\"\" style=\"width: auto !important\" href=\"https:\/\/www.rucashk.com\/es\/top-10-mobile-phone-manufacturers-again-refresh-xiaomi-4th-huawei-2nd-one-black-horse-come-out\/\" data-wpil-post-to-id=\"2937\">ven en negro<\/a> y blanco.<br \/>\nEn cuanto al precio, se dice que el Redmi Pad 5G comienza en 1.999 yuanes (alrededor de 21.700 rupias).<br \/>\nDesde una perspectiva de dise\u00f1o, el <a class=\"\" style=\"width: auto !important\" href=\"https:\/\/www.rucashk.com\/es\/producto\/xiaomi-redmi-note8-48mp-quad-rear-camera-4000mah-smartphone\/\" data-wpil-post-to-id=\"2367\">Redmi Pad 5G tiene biseles estrechos en ambos tama\u00f1os y una c\u00e1mara para selfies<\/a> en el marco superior.<\/p>\n<p>A\u00fan no hay una fecha de lanzamiento exacta, pero Techindeep dice <a class=\"\" style=\"width: auto !important\" href=\"https:\/\/www.rucashk.com\/es\/miui-12-has-been-launched-globally-redmi-k20-xiaomi-9-will-be-updated-in-june\/\" data-wpil-post-to-id=\"8977\">Xiaomi podr\u00eda lanzar Redmi Pad 5G el 27 de abril, junto con Mi 10 Youth y MIUI<\/a> 12.<br \/>\nSin embargo, como no podemos verificar la validez del reclamo, le recomendamos que lo ignore por el momento.<br \/>\nSi Redmi Pad 5G existe, deber\u00edamos conocer m\u00e1s detalles lo antes posible.<br \/>\nParque cercano.<\/p>\n<aside class=\"mashsb-container mashsb-main mashsb-stretched\">\n<div class=\"mashsb-box\">\n<div class=\"mashsb-buttons\"><\/div>\n<\/div>\n<\/aside>","protected":false},"excerpt":{"rendered":"<p>Principales caracter\u00edsticas:<\/p>\n<p>1.Redmi Pad 5G trailer posters show specifications such as the Snapdragon 765G SoC, 5G, 90Hz refresh rate and 30W quick charging.<br \/>\n2.The tablet will cost 1,999 yuan (about 21,700 rupees).<br \/>\n3.RedmiPad 5G will be released on April 27 with the Mi 10 Youth Edition and MIUI 12.<\/p>","protected":false},"featured_media":22161,"template":"","meta":[],"product_brand":[],"product_cat":[1342,1305],"product_tag":[576,646],"class_list":{"0":"post-22047","1":"product","2":"type-product","3":"status-publish","4":"has-post-thumbnail","6":"product_cat-mi-pad","7":"product_cat-xiaomi-eco","8":"product_tag-mi-home","9":"product_tag-redmi-pad","11":"first","12":"instock","13":"shipping-taxable","14":"product-type-external"},"aioseo_notices":[],"aioseo_head":"\n\t\t<!-- All in One SEO Pro 4.5.9.2 - aioseo.com -->\n\t\t<meta name=\"description\" content=\"Main features: 1.Redmi Pad 5G trailer posters show specifications such as the Snapdragon 765G SoC, 5G, 90Hz refresh rate and 30W quick charging. 2.The tablet will cost 1,999 yuan (about 21,700 rupees). 3.RedmiPad 5G will be released on April 27 with the Mi 10 Youth Edition and MIUI 12.\" \/>\n\t\t<meta name=\"robots\" content=\"max-image-preview:large\" \/>\n\t\t<link rel=\"canonical\" href=\"https:\/\/www.rucashk.com\/es\/producto\/mi-home-redmi-pad-5g\/\" \/>\n\t\t<meta name=\"generator\" content=\"All in One SEO Pro (AIOSEO) 4.5.9.2\" \/>\n\t\t<meta property=\"og:locale\" content=\"es_ES\" \/>\n\t\t<meta property=\"og:site_name\" content=\"Rucas - One-stop AIoT Distribution Worldwide\" \/>\n\t\t<meta property=\"og:type\" content=\"article\" \/>\n\t\t<meta property=\"og:title\" content=\"Redmi Pad 5G - Rucas - Wholesale and Distribution\" \/>\n\t\t<meta property=\"og:description\" content=\"Main features: 1.Redmi Pad 5G trailer posters show specifications such as the Snapdragon 765G SoC, 5G, 90Hz refresh rate and 30W quick charging. 2.The tablet will cost 1,999 yuan (about 21,700 rupees). 3.RedmiPad 5G will be released on April 27 with the Mi 10 Youth Edition and MIUI 12.\" \/>\n\t\t<meta property=\"og:url\" content=\"https:\/\/www.rucashk.com\/es\/producto\/mi-home-redmi-pad-5g\/\" \/>\n\t\t<meta property=\"og:image\" content=\"https:\/\/www.rucashk.com\/wp-content\/uploads\/replace\/503b8e645f128a97ccde2b6290747646.jpeg\" \/>\n\t\t<meta property=\"og:image:secure_url\" content=\"https:\/\/www.rucashk.com\/wp-content\/uploads\/replace\/503b8e645f128a97ccde2b6290747646.jpeg\" \/>\n\t\t<meta property=\"og:image:width\" content=\"1456\" \/>\n\t\t<meta property=\"og:image:height\" content=\"816\" \/>\n\t\t<meta property=\"article:published_time\" content=\"2024-01-09T15:38:52+00:00\" \/>\n\t\t<meta property=\"article:modified_time\" content=\"2024-01-21T04:49:21+00:00\" \/>\n\t\t<meta name=\"twitter:card\" content=\"summary_large_image\" \/>\n\t\t<meta name=\"twitter:title\" content=\"Redmi Pad 5G - Rucas - Wholesale and Distribution\" \/>\n\t\t<meta name=\"twitter:description\" content=\"Main features: 1.Redmi Pad 5G trailer posters show specifications such as the Snapdragon 765G SoC, 5G, 90Hz refresh rate and 30W quick charging. 2.The tablet will cost 1,999 yuan (about 21,700 rupees). 3.RedmiPad 5G will be released on April 27 with the Mi 10 Youth Edition and MIUI 12.\" \/>\n\t\t<meta name=\"twitter:image\" content=\"https:\/\/www.rucashk.com\/wp-content\/uploads\/replace\/503b8e645f128a97ccde2b6290747646.jpeg\" \/>\n\t\t<script type=\"application\/ld+json\" class=\"aioseo-schema\">\n\t\t\t{\"@context\":\"https:\\\/\\\/schema.org\",\"@graph\":[{\"@type\":\"BreadcrumbList\",\"@id\":\"https:\\\/\\\/www.rucashk.com\\\/es\\\/producto\\\/mi-home-redmi-pad-5g\\\/#breadcrumblist\",\"itemListElement\":[{\"@type\":\"ListItem\",\"@id\":\"https:\\\/\\\/www.rucashk.com\\\/es\\\/#listItem\",\"position\":1,\"name\":\"Home\",\"item\":\"https:\\\/\\\/www.rucashk.com\\\/es\\\/\",\"nextItem\":\"https:\\\/\\\/www.rucashk.com\\\/es\\\/producto\\\/mi-home-redmi-pad-5g\\\/#listItem\"},{\"@type\":\"ListItem\",\"@id\":\"https:\\\/\\\/www.rucashk.com\\\/es\\\/producto\\\/mi-home-redmi-pad-5g\\\/#listItem\",\"position\":2,\"name\":\"Redmi Pad 5G\",\"previousItem\":\"https:\\\/\\\/www.rucashk.com\\\/es\\\/#listItem\"}]},{\"@type\":\"Organization\",\"@id\":\"https:\\\/\\\/www.rucashk.com\\\/es\\\/#organization\",\"name\":\"Rucas\",\"url\":\"https:\\\/\\\/www.rucashk.com\\\/es\\\/\",\"logo\":{\"@type\":\"ImageObject\",\"url\":\"https:\\\/\\\/www.rucashk.com\\\/wp-content\\\/uploads\\\/2023\\\/12\\\/Rucas_campany_logo.png\",\"@id\":\"https:\\\/\\\/www.rucashk.com\\\/es\\\/producto\\\/mi-home-redmi-pad-5g\\\/#organizationLogo\",\"width\":221,\"height\":65},\"image\":{\"@id\":\"https:\\\/\\\/www.rucashk.com\\\/es\\\/#organizationLogo\"}},{\"@type\":\"Person\",\"@id\":\"https:\\\/\\\/www.rucashk.com\\\/es\\\/author\\\/admin\\\/#author\",\"url\":\"https:\\\/\\\/www.rucashk.com\\\/es\\\/author\\\/admin\\\/\",\"name\":\"admin\",\"image\":{\"@type\":\"ImageObject\",\"@id\":\"https:\\\/\\\/www.rucashk.com\\\/es\\\/producto\\\/mi-home-redmi-pad-5g\\\/#authorImage\",\"url\":\"https:\\\/\\\/secure.gravatar.com\\\/avatar\\\/b7c8925b09a27e72b30232f8ecaadbd5af0f70a38c78096863fe51b64f031c24?s=96&d=mm&r=g\",\"width\":96,\"height\":96,\"caption\":\"admin\"}},{\"@type\":\"WebPage\",\"@id\":\"https:\\\/\\\/www.rucashk.com\\\/es\\\/producto\\\/mi-home-redmi-pad-5g\\\/#webpage\",\"url\":\"https:\\\/\\\/www.rucashk.com\\\/es\\\/producto\\\/mi-home-redmi-pad-5g\\\/\",\"name\":\"Redmi Pad 5G - Rucas - Wholesale and Distribution\",\"description\":\"Main features: 1.Redmi Pad 5G trailer posters show specifications such as the Snapdragon 765G SoC, 5G, 90Hz refresh rate and 30W quick charging. 2.The tablet will cost 1,999 yuan (about 21,700 rupees). 3.RedmiPad 5G will be released on April 27 with the Mi 10 Youth Edition and MIUI 12.\",\"inLanguage\":\"es-ES\",\"isPartOf\":{\"@id\":\"https:\\\/\\\/www.rucashk.com\\\/es\\\/#website\"},\"breadcrumb\":{\"@id\":\"https:\\\/\\\/www.rucashk.com\\\/es\\\/producto\\\/mi-home-redmi-pad-5g\\\/#breadcrumblist\"},\"author\":{\"@id\":\"https:\\\/\\\/www.rucashk.com\\\/es\\\/author\\\/admin\\\/#author\"},\"creator\":{\"@id\":\"https:\\\/\\\/www.rucashk.com\\\/es\\\/author\\\/admin\\\/#author\"},\"image\":{\"@type\":\"ImageObject\",\"url\":\"https:\\\/\\\/www.rucashk.com\\\/wp-content\\\/uploads\\\/2024\\\/01\\\/1111.jpg\",\"@id\":\"https:\\\/\\\/www.rucashk.com\\\/es\\\/producto\\\/mi-home-redmi-pad-5g\\\/#mainImage\",\"width\":800,\"height\":800},\"primaryImageOfPage\":{\"@id\":\"https:\\\/\\\/www.rucashk.com\\\/es\\\/producto\\\/mi-home-redmi-pad-5g\\\/#mainImage\"},\"datePublished\":\"2024-01-09T15:38:52+00:00\",\"dateModified\":\"2024-01-21T04:49:21+00:00\"},{\"@type\":\"WebSite\",\"@id\":\"https:\\\/\\\/www.rucashk.com\\\/es\\\/#website\",\"url\":\"https:\\\/\\\/www.rucashk.com\\\/es\\\/\",\"name\":\"Rucas - Wholesale and distribution worldwide\",\"alternateName\":\"Rucas - One-stop AIoT Distribution Worldwide\",\"description\":\"One-stop AIoT Distribution Worldwide\",\"inLanguage\":\"es-ES\",\"publisher\":{\"@id\":\"https:\\\/\\\/www.rucashk.com\\\/es\\\/#organization\"}}]}\n\t\t<\/script>\n\t\t<!-- All in One SEO Pro -->\r\n\t\t<title>Redmi Pad 5G - Rucas - Wholesale and Distribution<\/title>\n\n","aioseo_head_json":{"title":"Redmi Pad 5G - Rucas - Wholesale and Distribution","description":"Main features: 1.Redmi Pad 5G trailer posters show specifications such as the Snapdragon 765G SoC, 5G, 90Hz refresh rate and 30W quick charging. 2.The tablet will cost 1,999 yuan (about 21,700 rupees). 3.RedmiPad 5G will be released on April 27 with the Mi 10 Youth Edition and MIUI 12.","canonical_url":"https:\/\/www.rucashk.com\/es\/producto\/mi-home-redmi-pad-5g\/","robots":"max-image-preview:large","keywords":"","webmasterTools":{"miscellaneous":""},"og:locale":"es_ES","og:site_name":"Rucas - One-stop AIoT Distribution Worldwide","og:type":"article","og:title":"Redmi Pad 5G - Rucas - Wholesale and Distribution","og:description":"Main features: 1.Redmi Pad 5G trailer posters show specifications such as the Snapdragon 765G SoC, 5G, 90Hz refresh rate and 30W quick charging. 2.The tablet will cost 1,999 yuan (about 21,700 rupees). 3.RedmiPad 5G will be released on April 27 with the Mi 10 Youth Edition and MIUI 12.","og:url":"https:\/\/www.rucashk.com\/es\/producto\/mi-home-redmi-pad-5g\/","og:image":"https:\/\/www.rucashk.com\/wp-content\/uploads\/replace\/503b8e645f128a97ccde2b6290747646.jpeg","og:image:secure_url":"https:\/\/www.rucashk.com\/wp-content\/uploads\/replace\/503b8e645f128a97ccde2b6290747646.jpeg","og:image:width":1456,"og:image:height":816,"article:published_time":"2024-01-09T15:38:52+00:00","article:modified_time":"2024-01-21T04:49:21+00:00","twitter:card":"summary_large_image","twitter:title":"Redmi Pad 5G - Rucas - Wholesale and Distribution","twitter:description":"Main features: 1.Redmi Pad 5G trailer posters show specifications such as the Snapdragon 765G SoC, 5G, 90Hz refresh rate and 30W quick charging. 2.The tablet will cost 1,999 yuan (about 21,700 rupees). 3.RedmiPad 5G will be released on April 27 with the Mi 10 Youth Edition and MIUI 12.","twitter:image":"https:\/\/www.rucashk.com\/wp-content\/uploads\/replace\/503b8e645f128a97ccde2b6290747646.jpeg","schema":{"@context":"https:\/\/schema.org","@graph":[{"@type":"BreadcrumbList","@id":"https:\/\/www.rucashk.com\/es\/producto\/mi-home-redmi-pad-5g\/#breadcrumblist","itemListElement":[{"@type":"ListItem","@id":"https:\/\/www.rucashk.com\/es\/#listItem","position":1,"name":"Home","item":"https:\/\/www.rucashk.com\/es\/","nextItem":"https:\/\/www.rucashk.com\/es\/producto\/mi-home-redmi-pad-5g\/#listItem"},{"@type":"ListItem","@id":"https:\/\/www.rucashk.com\/es\/producto\/mi-home-redmi-pad-5g\/#listItem","position":2,"name":"Redmi Pad 5G","previousItem":"https:\/\/www.rucashk.com\/es\/#listItem"}]},{"@type":"Organization","@id":"https:\/\/www.rucashk.com\/es\/#organization","name":"Rucas","url":"https:\/\/www.rucashk.com\/es\/","logo":{"@type":"ImageObject","url":"https:\/\/www.rucashk.com\/wp-content\/uploads\/2023\/12\/Rucas_campany_logo.png","@id":"https:\/\/www.rucashk.com\/es\/producto\/mi-home-redmi-pad-5g\/#organizationLogo","width":221,"height":65},"image":{"@id":"https:\/\/www.rucashk.com\/es\/#organizationLogo"}},{"@type":"Person","@id":"https:\/\/www.rucashk.com\/es\/author\/admin\/#author","url":"https:\/\/www.rucashk.com\/es\/author\/admin\/","name":"admin","image":{"@type":"ImageObject","@id":"https:\/\/www.rucashk.com\/es\/producto\/mi-home-redmi-pad-5g\/#authorImage","url":"https:\/\/secure.gravatar.com\/avatar\/b7c8925b09a27e72b30232f8ecaadbd5af0f70a38c78096863fe51b64f031c24?s=96&d=mm&r=g","width":96,"height":96,"caption":"admin"}},{"@type":"WebPage","@id":"https:\/\/www.rucashk.com\/es\/producto\/mi-home-redmi-pad-5g\/#webpage","url":"https:\/\/www.rucashk.com\/es\/producto\/mi-home-redmi-pad-5g\/","name":"Redmi Pad 5G - Rucas - Wholesale and Distribution","description":"Main features: 1.Redmi Pad 5G trailer posters show specifications such as the Snapdragon 765G SoC, 5G, 90Hz refresh rate and 30W quick charging. 2.The tablet will cost 1,999 yuan (about 21,700 rupees). 3.RedmiPad 5G will be released on April 27 with the Mi 10 Youth Edition and MIUI 12.","inLanguage":"es-ES","isPartOf":{"@id":"https:\/\/www.rucashk.com\/es\/#website"},"breadcrumb":{"@id":"https:\/\/www.rucashk.com\/es\/producto\/mi-home-redmi-pad-5g\/#breadcrumblist"},"author":{"@id":"https:\/\/www.rucashk.com\/es\/author\/admin\/#author"},"creator":{"@id":"https:\/\/www.rucashk.com\/es\/author\/admin\/#author"},"image":{"@type":"ImageObject","url":"https:\/\/www.rucashk.com\/wp-content\/uploads\/2024\/01\/1111.jpg","@id":"https:\/\/www.rucashk.com\/es\/producto\/mi-home-redmi-pad-5g\/#mainImage","width":800,"height":800},"primaryImageOfPage":{"@id":"https:\/\/www.rucashk.com\/es\/producto\/mi-home-redmi-pad-5g\/#mainImage"},"datePublished":"2024-01-09T15:38:52+00:00","dateModified":"2024-01-21T04:49:21+00:00"},{"@type":"WebSite","@id":"https:\/\/www.rucashk.com\/es\/#website","url":"https:\/\/www.rucashk.com\/es\/","name":"Rucas - Wholesale and distribution worldwide","alternateName":"Rucas - One-stop AIoT Distribution Worldwide","description":"One-stop AIoT Distribution Worldwide","inLanguage":"es-ES","publisher":{"@id":"https:\/\/www.rucashk.com\/es\/#organization"}}]}},"aioseo_meta_data":{"post_id":"22047","title":null,"description":null,"keywords":null,"keyphrases":null,"primary_term":null,"canonical_url":null,"og_title":null,"og_description":null,"og_object_type":"default","og_image_type":"default","og_image_url":null,"og_image_width":null,"og_image_height":null,"og_image_custom_url":null,"og_image_custom_fields":null,"og_video":null,"og_custom_url":null,"og_article_section":null,"og_article_tags":null,"twitter_use_og":false,"twitter_card":"default","twitter_image_type":"default","twitter_image_url":null,"twitter_image_custom_url":null,"twitter_image_custom_fields":null,"twitter_title":null,"twitter_description":null,"schema":{"blockGraphs":[],"customGraphs":[],"default":{"data":{"Article":[],"Course":[],"Dataset":[],"FAQPage":[],"Movie":[],"Person":[],"Product":[],"Recipe":[],"Service":[],"SoftwareApplication":[],"WebPage":[]},"graphName":"","isEnabled":true},"graphs":[]},"schema_type":"default","schema_type_options":null,"pillar_content":false,"robots_default":true,"robots_noindex":false,"robots_noarchive":false,"robots_nosnippet":false,"robots_nofollow":false,"robots_noimageindex":false,"robots_noodp":false,"robots_notranslate":false,"robots_max_snippet":null,"robots_max_videopreview":null,"robots_max_imagepreview":"large","priority":null,"frequency":null,"local_seo":null,"breadcrumb_settings":null,"limit_modified_date":false,"created":"2024-04-11 01:55:21","updated":"2025-06-22 16:34:59"},"aioseo_breadcrumb":"<div class=\"aioseo-breadcrumbs\"><span class=\"aioseo-breadcrumb\">\n\t<a href=\"https:\/\/www.rucashk.com\/es\" title=\"Home\">Home<\/a>\n<\/span><span class=\"aioseo-breadcrumb-separator\">&raquo;<\/span><span class=\"aioseo-breadcrumb\">\n\t<a href=\"https:\/\/www.rucashk.com\/es\/products\/\" title=\"Productos\">Productos<\/a>\n<\/span><span class=\"aioseo-breadcrumb-separator\">&raquo;<\/span><span class=\"aioseo-breadcrumb\">\n\t<a href=\"https:\/\/www.rucashk.com\/es\/categoria-producto\/xiaomi-eco\/\" title=\"Xiaomi Eco\">Xiaomi Eco<\/a>\n<\/span><span class=\"aioseo-breadcrumb-separator\">&raquo;<\/span><span class=\"aioseo-breadcrumb\">\n\t<a href=\"https:\/\/www.rucashk.com\/es\/categoria-producto\/xiaomi-eco\/mi-pad\/\" title=\"Mi Pad\">Mi Pad<\/a>\n<\/span><span class=\"aioseo-breadcrumb-separator\">&raquo;<\/span><span class=\"aioseo-breadcrumb\">\n\tRedmi Pad 5G\n<\/span><\/div>","aioseo_breadcrumb_json":[{"label":"Home","link":"https:\/\/www.rucashk.com\/es"},{"label":"Productos","link":"https:\/\/www.rucashk.com\/es\/products\/"},{"label":"Xiaomi Eco","link":"https:\/\/www.rucashk.com\/es\/categoria-producto\/xiaomi-eco\/"},{"label":"Mi Pad","link":"https:\/\/www.rucashk.com\/es\/categoria-producto\/xiaomi-eco\/mi-pad\/"},{"label":"Redmi Pad 5G","link":"https:\/\/www.rucashk.com\/es\/producto\/mi-home-redmi-pad-5g\/"}],"_links":{"self":[{"href":"https:\/\/www.rucashk.com\/es\/wp-json\/wp\/v2\/product\/22047","targetHints":{"allow":["GET"]}}],"collection":[{"href":"https:\/\/www.rucashk.com\/es\/wp-json\/wp\/v2\/product"}],"about":[{"href":"https:\/\/www.rucashk.com\/es\/wp-json\/wp\/v2\/types\/product"}],"wp:featuredmedia":[{"embeddable":true,"href":"https:\/\/www.rucashk.com\/es\/wp-json\/wp\/v2\/media\/22161"}],"wp:attachment":[{"href":"https:\/\/www.rucashk.com\/es\/wp-json\/wp\/v2\/media?parent=22047"}],"wp:term":[{"taxonomy":"product_brand","embeddable":true,"href":"https:\/\/www.rucashk.com\/es\/wp-json\/wp\/v2\/product_brand?post=22047"},{"taxonomy":"product_cat","embeddable":true,"href":"https:\/\/www.rucashk.com\/es\/wp-json\/wp\/v2\/product_cat?post=22047"},{"taxonomy":"product_tag","embeddable":true,"href":"https:\/\/www.rucashk.com\/es\/wp-json\/wp\/v2\/product_tag?post=22047"}],"curies":[{"name":"wp","href":"https:\/\/api.w.org\/{rel}","templated":true}]}}