{"id":22005,"date":"2024-01-09T15:38:27","date_gmt":"2024-01-09T15:38:27","guid":{"rendered":"http:\/\/rucashk.com\/?post_type=product&#038;p=22005"},"modified":"2024-01-17T03:53:03","modified_gmt":"2024-01-17T03:53:03","slug":"mi-home-mi-xiaolang-tds-automatic-water-pump-touch-switch-mini-wireless-rechargeable","status":"publish","type":"product","link":"https:\/\/www.rucashk.com\/es\/producto\/mi-home-mi-xiaolang-tds-automatic-water-pump-touch-switch-mini-wireless-rechargeable\/","title":{"rendered":"Mi Home Mi XiaoLang TDS Bomba de agua autom\u00e1tica Interruptor t\u00e1ctil Mini inal\u00e1mbrico recargable"},"content":{"rendered":"<div class=\"detailmodule_text-image\" data-spm-anchor-id=\"a2g0o.detail.1000023.i0.58101770Sh4ykQ\"><img fetchpriority=\"high\" decoding=\"async\" class=\"detail-desc-decorate-image aligncenter\" src=\"https:\/\/www.rucashk.com\/wp-content\/uploads\/2020\/04\/HTB1uC5IbRCw3KVjSZFlq6AJkFXaW.jpg\" alt=\"Mi XiaoLang TDS Automatic Water Pump Touch Switch Mini Wireless Rechargeable\" width=\"753\" height=\"1497\" \/><\/div>\n<div class=\"detailmodule_text-image\" style=\"text-align: center\">\n<p class=\"detail-desc-decorate-title\">[Compatible con una variedad de tama\u00f1os de cubos de agua]<\/p>\n<p class=\"detail-desc-decorate-content\">Dise\u00f1o compatible, multiusos, f\u00e1cil de combinar con una variedad de tama\u00f1os de cubo, f\u00e1cil de usar. Tambi\u00e9n puede evitar la contaminaci\u00f3n secundaria causada por la alternancia de contenedores.<\/p>\n<p><img decoding=\"async\" class=\"detail-desc-decorate-image alignnone\" src=\"https:\/\/www.rucashk.com\/wp-content\/uploads\/2020\/04\/HTB1BRCEbRWD3KVjSZKPq6yp7FXaE.jpg\" alt=\"Mi XiaoLang TDS Automatic Water Pump Touch Switch Mini Wireless Rechargeable\" width=\"759\" height=\"1097\" \/><\/p>\n<\/div>\n<div class=\"detailmodule_text-image\" style=\"text-align: center\">\n<p class=\"detail-desc-decorate-title\">Punto de venta [Respuesta r\u00e1pida de 0,2 segundos]<\/p>\n<p class=\"detail-desc-decorate-content\"><a class=\"\" style=\"width: auto !important\" href=\"https:\/\/www.rucashk.com\/es\/producto\/mi-xiaolang-tds-instant-heating-water-pump\/\" data-wpil-post-to-id=\"6647\">Bomba de agua<\/a> No almacena agua y previene el crecimiento bacteriano. Cada <a class=\"\" style=\"width: auto !important\" href=\"https:\/\/www.rucashk.com\/es\/explosive-products-of-xiaomi-ecological-chain-super-high-speed-motor-2-times-the-air-pressure-boost-hairline-i-am-saved\/\" data-wpil-post-to-id=\"7147\">tiempo que necesitas para beber agua, un potente motor de potencia<\/a> Puede reaccionar r\u00e1pidamente y hacer que el agua salga inmediatamente.<\/p>\n<p><img decoding=\"async\" class=\"detail-desc-decorate-image alignnone\" src=\"https:\/\/www.rucashk.com\/wp-content\/uploads\/2020\/04\/HTB1LlaCbUGF3KVjSZFoq6zmpFXaH.jpg\" alt=\"Mi XiaoLang TDS Automatic Water Pump Touch Switch Mini Wireless Rechargeable\" width=\"757\" height=\"1226\" \/><\/p>\n<\/div>\n<div class=\"detailmodule_text-image\" style=\"text-align: center\">\n<p class=\"detail-desc-decorate-title\">[Pruebas de calidad del agua en tiempo real]<\/p>\n<p class=\"detail-desc-decorate-content\">SDT <a class=\"\" style=\"width: auto !important\" href=\"https:\/\/www.rucashk.com\/es\/producto\/automatic-usb-mini-touch-switch-water-pump\/\" data-wpil-post-to-id=\"9442\">Bomba de agua autom\u00e1tica<\/a> tiene una funci\u00f3n de detecci\u00f3n de la calidad del agua para detectar tres tipos de impurezas en el agua en tiempo real: sales solubles, compuestos org\u00e1nicos i\u00f3nicos e iones de metales pesados. Antes de beber agua, puede comprender claramente la calidad del agua, beber agua de manera segura y vivir una vida saludable.<\/p>\n<p><img loading=\"lazy\" decoding=\"async\" class=\"detail-desc-decorate-image alignnone\" src=\"https:\/\/www.rucashk.com\/wp-content\/uploads\/2020\/04\/HTB1l8CCbLWG3KVjSZFPq6xaiXXa3.jpg\" alt=\"Mi XiaoLang TDS Automatic Water Pump Touch Switch Mini Wireless Rechargeable\" width=\"740\" height=\"1030\" \/><\/p>\n<\/div>\n<div class=\"detailmodule_text-image\" style=\"text-align: center\">\n<p class=\"detail-desc-decorate-title\">[Mostrar datos de calidad del agua]<\/p>\n<p class=\"detail-desc-decorate-content\"><a class=\"\" style=\"width: auto !important\" href=\"https:\/\/www.rucashk.com\/es\/producto\/mi-xiaolang-tds-instant-heating-water-pump\/\" data-wpil-post-to-id=\"6647\">Bomba de agua TDS<\/a> Puede mostrar claramente datos de calidad del agua en tiempo real. Generalmente, cuanto menor sea el valor de TDS, menos sales solubles, como los iones de metales pesados, en el agua, y m\u00e1s pura y segura ser\u00e1 el agua.<\/p>\n<p><img loading=\"lazy\" decoding=\"async\" class=\"detail-desc-decorate-image alignnone\" src=\"https:\/\/www.rucashk.com\/wp-content\/uploads\/2020\/04\/HTB1a0ONbHys3KVjSZFnq6xFzpXaT.jpg\" alt=\"Mi XiaoLang TDS Automatic Water Pump Touch Switch Mini Wireless Rechargeable\" width=\"770\" height=\"1146\" \/><\/p>\n<\/div>\n<div class=\"detailmodule_text-image\" style=\"text-align: center\">\n<p class=\"detail-desc-decorate-title\">[Material de calidad alimentaria]<\/p>\n<p class=\"detail-desc-decorate-content\"><a class=\"\" style=\"width: auto !important\" href=\"https:\/\/www.rucashk.com\/es\/producto\/automatic-usb-mini-touch-switch-water-pump\/\" data-wpil-post-to-id=\"9442\">Bomba de agua<\/a> y las piezas en contacto con el agua son materiales estrictamente de calidad alimentaria, reforzados de forma segura y saludables.<\/p>\n<p><img loading=\"lazy\" decoding=\"async\" class=\"detail-desc-decorate-image alignnone\" src=\"https:\/\/www.rucashk.com\/wp-content\/uploads\/2020\/04\/HTB1XMqNbHys3KVjSZFnq6xFzpXa0.jpg\" alt=\"Mi XiaoLang TDS Automatic Water Pump Touch Switch Mini Wireless Rechargeable\" width=\"757\" height=\"1112\" \/><\/p>\n<\/div>\n<div class=\"detailmodule_text-image\" style=\"text-align: center\"><img loading=\"lazy\" decoding=\"async\" class=\"detail-desc-decorate-image alignnone\" src=\"https:\/\/www.rucashk.com\/wp-content\/uploads\/2020\/04\/HTB1ys5MbG1s3KVjSZFAq6x_ZXXar.jpg\" alt=\"Mi XiaoLang TDS Automatic Water Pump Touch Switch Mini Wireless Rechargeable\" width=\"769\" height=\"1115\" \/><\/div>\n<div class=\"detailmodule_text-image\">\n<p class=\"detail-desc-decorate-title\" style=\"text-align: center\">Historia de la marca<\/p>\n<p><img loading=\"lazy\" decoding=\"async\" class=\"detail-desc-decorate-image aligncenter\" src=\"https:\/\/www.rucashk.com\/wp-content\/uploads\/2020\/04\/HTB1Oa1DbL5G3KVjSZPxq6zI3XXaS.jpg\" alt=\"Mi XiaoLang TDS Automatic Water Pump Touch Switch Mini Wireless Rechargeable\" width=\"759\" height=\"1247\" \/><img loading=\"lazy\" decoding=\"async\" class=\"detail-desc-decorate-image aligncenter\" src=\"https:\/\/www.rucashk.com\/wp-content\/uploads\/2020\/04\/HTB1RJyJbRGw3KVjSZFwq6zQ2FXat.jpg\" alt=\"Mi XiaoLang TDS Automatic Water Pump Touch Switch Mini Wireless Rechargeable\" width=\"759\" height=\"1242\" \/><img loading=\"lazy\" decoding=\"async\" class=\"detail-desc-decorate-image aligncenter\" src=\"https:\/\/www.rucashk.com\/wp-content\/uploads\/2020\/04\/HTB1DbyKbRKw3KVjSZTEq6AuRpXak.jpg\" alt=\"Mi XiaoLang TDS Automatic Water Pump Touch Switch Mini Wireless Rechargeable\" width=\"769\" height=\"1818\" \/><\/p>\n<\/div>","protected":false},"excerpt":{"rendered":"<p>Principales caracter\u00edsticas:<\/p>\n<p>\u25cf Automatic water supply<br \/>\n\u25cf Adapt to mainstream barrel water specifications<br \/>\n\u25cf Real-time water quality testing, water quality at a glance<br \/>\n\u25cf Food grade material, simple design and long battery life<br \/>\n\u25cf USB charging, charging time 3h, you can pump 144.9L water<br \/>\n\u25cf Rated voltage: 5V<br \/>\n\u25cf Applicable water temperature: 5 &#8211; 45 Deg.C<\/p>","protected":false},"featured_media":22132,"template":"","meta":[],"product_brand":[],"product_cat":[1318,1305],"product_tag":[576,636],"class_list":{"0":"post-22005","1":"product","2":"type-product","3":"status-publish","4":"has-post-thumbnail","6":"product_cat-gadgets","7":"product_cat-xiaomi-eco","8":"product_tag-mi-home","9":"product_tag-water-pump","11":"first","12":"instock","13":"shipping-taxable","14":"product-type-external"},"aioseo_notices":[],"aioseo_head":"\n\t\t<!-- All in One SEO Pro 4.5.9.2 - aioseo.com -->\n\t\t<meta name=\"description\" content=\"Main Features: \u25cf Automatic water supply \u25cf Adapt to mainstream barrel water specifications \u25cf Real-time water quality testing, water quality at a glance \u25cf Food grade material, simple design and long battery life \u25cf USB charging, charging time 3h, you can pump 144.9L water \u25cf Rated voltage: 5V \u25cf Applicable water temperature: 5 - 45 Deg.C\" \/>\n\t\t<meta name=\"robots\" content=\"max-image-preview:large\" \/>\n\t\t<link rel=\"canonical\" href=\"https:\/\/www.rucashk.com\/es\/producto\/mi-home-mi-xiaolang-tds-automatic-water-pump-touch-switch-mini-wireless-rechargeable\/\" \/>\n\t\t<meta name=\"generator\" content=\"All in One SEO Pro (AIOSEO) 4.5.9.2\" \/>\n\t\t<meta property=\"og:locale\" content=\"es_ES\" \/>\n\t\t<meta property=\"og:site_name\" content=\"Rucas - One-stop AIoT Distribution Worldwide\" \/>\n\t\t<meta property=\"og:type\" content=\"article\" \/>\n\t\t<meta property=\"og:title\" content=\"Mi Home Mi XiaoLang TDS Automatic Water Pump Touch Switch Mini Wireless Rechargeable - Rucas - Wholesale and Distribution\" \/>\n\t\t<meta property=\"og:description\" content=\"Main Features: \u25cf Automatic water supply \u25cf Adapt to mainstream barrel water specifications \u25cf Real-time water quality testing, water quality at a glance \u25cf Food grade material, simple design and long battery life \u25cf USB charging, charging time 3h, you can pump 144.9L water \u25cf Rated voltage: 5V \u25cf Applicable water temperature: 5 - 45 Deg.C\" \/>\n\t\t<meta property=\"og:url\" content=\"https:\/\/www.rucashk.com\/es\/producto\/mi-home-mi-xiaolang-tds-automatic-water-pump-touch-switch-mini-wireless-rechargeable\/\" \/>\n\t\t<meta property=\"og:image\" content=\"https:\/\/www.rucashk.com\/wp-content\/uploads\/replace\/503b8e645f128a97ccde2b6290747646.jpeg\" \/>\n\t\t<meta property=\"og:image:secure_url\" content=\"https:\/\/www.rucashk.com\/wp-content\/uploads\/replace\/503b8e645f128a97ccde2b6290747646.jpeg\" \/>\n\t\t<meta property=\"og:image:width\" content=\"1456\" \/>\n\t\t<meta property=\"og:image:height\" content=\"816\" \/>\n\t\t<meta property=\"article:published_time\" content=\"2024-01-09T15:38:27+00:00\" \/>\n\t\t<meta property=\"article:modified_time\" content=\"2024-01-17T03:53:03+00:00\" \/>\n\t\t<meta name=\"twitter:card\" content=\"summary_large_image\" \/>\n\t\t<meta name=\"twitter:title\" content=\"Mi Home Mi XiaoLang TDS Automatic Water Pump Touch Switch Mini Wireless Rechargeable - Rucas - Wholesale and Distribution\" \/>\n\t\t<meta name=\"twitter:description\" content=\"Main Features: \u25cf Automatic water supply \u25cf Adapt to mainstream barrel water specifications \u25cf Real-time water quality testing, water quality at a glance \u25cf Food grade material, simple design and long battery life \u25cf USB charging, charging time 3h, you can pump 144.9L water \u25cf Rated voltage: 5V \u25cf Applicable water temperature: 5 - 45 Deg.C\" \/>\n\t\t<meta name=\"twitter:image\" content=\"https:\/\/www.rucashk.com\/wp-content\/uploads\/replace\/503b8e645f128a97ccde2b6290747646.jpeg\" \/>\n\t\t<script type=\"application\/ld+json\" class=\"aioseo-schema\">\n\t\t\t{\"@context\":\"https:\\\/\\\/schema.org\",\"@graph\":[{\"@type\":\"BreadcrumbList\",\"@id\":\"https:\\\/\\\/www.rucashk.com\\\/es\\\/producto\\\/mi-home-mi-xiaolang-tds-automatic-water-pump-touch-switch-mini-wireless-rechargeable\\\/#breadcrumblist\",\"itemListElement\":[{\"@type\":\"ListItem\",\"@id\":\"https:\\\/\\\/www.rucashk.com\\\/es\\\/#listItem\",\"position\":1,\"name\":\"Home\",\"item\":\"https:\\\/\\\/www.rucashk.com\\\/es\\\/\",\"nextItem\":\"https:\\\/\\\/www.rucashk.com\\\/es\\\/producto\\\/mi-home-mi-xiaolang-tds-automatic-water-pump-touch-switch-mini-wireless-rechargeable\\\/#listItem\"},{\"@type\":\"ListItem\",\"@id\":\"https:\\\/\\\/www.rucashk.com\\\/es\\\/producto\\\/mi-home-mi-xiaolang-tds-automatic-water-pump-touch-switch-mini-wireless-rechargeable\\\/#listItem\",\"position\":2,\"name\":\"Mi Home Mi XiaoLang TDS Automatic Water Pump Touch Switch Mini Wireless Rechargeable\",\"previousItem\":\"https:\\\/\\\/www.rucashk.com\\\/es\\\/#listItem\"}]},{\"@type\":\"Organization\",\"@id\":\"https:\\\/\\\/www.rucashk.com\\\/es\\\/#organization\",\"name\":\"Rucas\",\"url\":\"https:\\\/\\\/www.rucashk.com\\\/es\\\/\",\"logo\":{\"@type\":\"ImageObject\",\"url\":\"https:\\\/\\\/www.rucashk.com\\\/wp-content\\\/uploads\\\/2023\\\/12\\\/Rucas_campany_logo.png\",\"@id\":\"https:\\\/\\\/www.rucashk.com\\\/es\\\/producto\\\/mi-home-mi-xiaolang-tds-automatic-water-pump-touch-switch-mini-wireless-rechargeable\\\/#organizationLogo\",\"width\":221,\"height\":65},\"image\":{\"@id\":\"https:\\\/\\\/www.rucashk.com\\\/es\\\/#organizationLogo\"}},{\"@type\":\"Person\",\"@id\":\"https:\\\/\\\/www.rucashk.com\\\/es\\\/author\\\/admin\\\/#author\",\"url\":\"https:\\\/\\\/www.rucashk.com\\\/es\\\/author\\\/admin\\\/\",\"name\":\"admin\",\"image\":{\"@type\":\"ImageObject\",\"@id\":\"https:\\\/\\\/www.rucashk.com\\\/es\\\/producto\\\/mi-home-mi-xiaolang-tds-automatic-water-pump-touch-switch-mini-wireless-rechargeable\\\/#authorImage\",\"url\":\"https:\\\/\\\/secure.gravatar.com\\\/avatar\\\/b7c8925b09a27e72b30232f8ecaadbd5af0f70a38c78096863fe51b64f031c24?s=96&d=mm&r=g\",\"width\":96,\"height\":96,\"caption\":\"admin\"}},{\"@type\":\"WebPage\",\"@id\":\"https:\\\/\\\/www.rucashk.com\\\/es\\\/producto\\\/mi-home-mi-xiaolang-tds-automatic-water-pump-touch-switch-mini-wireless-rechargeable\\\/#webpage\",\"url\":\"https:\\\/\\\/www.rucashk.com\\\/es\\\/producto\\\/mi-home-mi-xiaolang-tds-automatic-water-pump-touch-switch-mini-wireless-rechargeable\\\/\",\"name\":\"Mi Home Mi XiaoLang TDS Automatic Water Pump Touch Switch Mini Wireless Rechargeable - Rucas - Wholesale and Distribution\",\"description\":\"Main Features: \\u25cf Automatic water supply \\u25cf Adapt to mainstream barrel water specifications \\u25cf Real-time water quality testing, water quality at a glance \\u25cf Food grade material, simple design and long battery life \\u25cf USB charging, charging time 3h, you can pump 144.9L water \\u25cf Rated voltage: 5V \\u25cf Applicable water temperature: 5 - 45 Deg.C\",\"inLanguage\":\"es-ES\",\"isPartOf\":{\"@id\":\"https:\\\/\\\/www.rucashk.com\\\/es\\\/#website\"},\"breadcrumb\":{\"@id\":\"https:\\\/\\\/www.rucashk.com\\\/es\\\/producto\\\/mi-home-mi-xiaolang-tds-automatic-water-pump-touch-switch-mini-wireless-rechargeable\\\/#breadcrumblist\"},\"author\":{\"@id\":\"https:\\\/\\\/www.rucashk.com\\\/es\\\/author\\\/admin\\\/#author\"},\"creator\":{\"@id\":\"https:\\\/\\\/www.rucashk.com\\\/es\\\/author\\\/admin\\\/#author\"},\"image\":{\"@type\":\"ImageObject\",\"url\":\"https:\\\/\\\/www.rucashk.com\\\/wp-content\\\/uploads\\\/2024\\\/01\\\/XIAOMI-Xiaolang-Smart-TDS-Automatic-Water-Pump-Healthy-Drinking-Water-Quality-Testing-Food-Grade-Material-Built.jp_.jpg\",\"@id\":\"https:\\\/\\\/www.rucashk.com\\\/es\\\/producto\\\/mi-home-mi-xiaolang-tds-automatic-water-pump-touch-switch-mini-wireless-rechargeable\\\/#mainImage\",\"width\":640,\"height\":640},\"primaryImageOfPage\":{\"@id\":\"https:\\\/\\\/www.rucashk.com\\\/es\\\/producto\\\/mi-home-mi-xiaolang-tds-automatic-water-pump-touch-switch-mini-wireless-rechargeable\\\/#mainImage\"},\"datePublished\":\"2024-01-09T15:38:27+00:00\",\"dateModified\":\"2024-01-17T03:53:03+00:00\"},{\"@type\":\"WebSite\",\"@id\":\"https:\\\/\\\/www.rucashk.com\\\/es\\\/#website\",\"url\":\"https:\\\/\\\/www.rucashk.com\\\/es\\\/\",\"name\":\"Rucas - Wholesale and distribution worldwide\",\"alternateName\":\"Rucas - One-stop AIoT Distribution Worldwide\",\"description\":\"One-stop AIoT Distribution Worldwide\",\"inLanguage\":\"es-ES\",\"publisher\":{\"@id\":\"https:\\\/\\\/www.rucashk.com\\\/es\\\/#organization\"}}]}\n\t\t<\/script>\n\t\t<!-- All in One SEO Pro -->\r\n\t\t<title>Mi Home Mi XiaoLang TDS Automatic Water Pump Touch Switch Mini Wireless Rechargeable - Rucas - Wholesale and Distribution<\/title>\n\n","aioseo_head_json":{"title":"Mi Home Mi XiaoLang TDS Automatic Water Pump Touch Switch Mini Wireless Rechargeable - Rucas - Wholesale and Distribution","description":"Main Features: \u25cf Automatic water supply \u25cf Adapt to mainstream barrel water specifications \u25cf Real-time water quality testing, water quality at a glance \u25cf Food grade material, simple design and long battery life \u25cf USB charging, charging time 3h, you can pump 144.9L water \u25cf Rated voltage: 5V \u25cf Applicable water temperature: 5 - 45 Deg.C","canonical_url":"https:\/\/www.rucashk.com\/es\/producto\/mi-home-mi-xiaolang-tds-automatic-water-pump-touch-switch-mini-wireless-rechargeable\/","robots":"max-image-preview:large","keywords":"","webmasterTools":{"miscellaneous":""},"og:locale":"es_ES","og:site_name":"Rucas - One-stop AIoT Distribution Worldwide","og:type":"article","og:title":"Mi Home Mi XiaoLang TDS Automatic Water Pump Touch Switch Mini Wireless Rechargeable - Rucas - Wholesale and Distribution","og:description":"Main Features: \u25cf Automatic water supply \u25cf Adapt to mainstream barrel water specifications \u25cf Real-time water quality testing, water quality at a glance \u25cf Food grade material, simple design and long battery life \u25cf USB charging, charging time 3h, you can pump 144.9L water \u25cf Rated voltage: 5V \u25cf Applicable water temperature: 5 - 45 Deg.C","og:url":"https:\/\/www.rucashk.com\/es\/producto\/mi-home-mi-xiaolang-tds-automatic-water-pump-touch-switch-mini-wireless-rechargeable\/","og:image":"https:\/\/www.rucashk.com\/wp-content\/uploads\/replace\/503b8e645f128a97ccde2b6290747646.jpeg","og:image:secure_url":"https:\/\/www.rucashk.com\/wp-content\/uploads\/replace\/503b8e645f128a97ccde2b6290747646.jpeg","og:image:width":1456,"og:image:height":816,"article:published_time":"2024-01-09T15:38:27+00:00","article:modified_time":"2024-01-17T03:53:03+00:00","twitter:card":"summary_large_image","twitter:title":"Mi Home Mi XiaoLang TDS Automatic Water Pump Touch Switch Mini Wireless Rechargeable - Rucas - Wholesale and Distribution","twitter:description":"Main Features: \u25cf Automatic water supply \u25cf Adapt to mainstream barrel water specifications \u25cf Real-time water quality testing, water quality at a glance \u25cf Food grade material, simple design and long battery life \u25cf USB charging, charging time 3h, you can pump 144.9L water \u25cf Rated voltage: 5V \u25cf Applicable water temperature: 5 - 45 Deg.C","twitter:image":"https:\/\/www.rucashk.com\/wp-content\/uploads\/replace\/503b8e645f128a97ccde2b6290747646.jpeg","schema":{"@context":"https:\/\/schema.org","@graph":[{"@type":"BreadcrumbList","@id":"https:\/\/www.rucashk.com\/es\/producto\/mi-home-mi-xiaolang-tds-automatic-water-pump-touch-switch-mini-wireless-rechargeable\/#breadcrumblist","itemListElement":[{"@type":"ListItem","@id":"https:\/\/www.rucashk.com\/es\/#listItem","position":1,"name":"Home","item":"https:\/\/www.rucashk.com\/es\/","nextItem":"https:\/\/www.rucashk.com\/es\/producto\/mi-home-mi-xiaolang-tds-automatic-water-pump-touch-switch-mini-wireless-rechargeable\/#listItem"},{"@type":"ListItem","@id":"https:\/\/www.rucashk.com\/es\/producto\/mi-home-mi-xiaolang-tds-automatic-water-pump-touch-switch-mini-wireless-rechargeable\/#listItem","position":2,"name":"Mi Home Mi XiaoLang TDS Automatic Water Pump Touch Switch Mini Wireless Rechargeable","previousItem":"https:\/\/www.rucashk.com\/es\/#listItem"}]},{"@type":"Organization","@id":"https:\/\/www.rucashk.com\/es\/#organization","name":"Rucas","url":"https:\/\/www.rucashk.com\/es\/","logo":{"@type":"ImageObject","url":"https:\/\/www.rucashk.com\/wp-content\/uploads\/2023\/12\/Rucas_campany_logo.png","@id":"https:\/\/www.rucashk.com\/es\/producto\/mi-home-mi-xiaolang-tds-automatic-water-pump-touch-switch-mini-wireless-rechargeable\/#organizationLogo","width":221,"height":65},"image":{"@id":"https:\/\/www.rucashk.com\/es\/#organizationLogo"}},{"@type":"Person","@id":"https:\/\/www.rucashk.com\/es\/author\/admin\/#author","url":"https:\/\/www.rucashk.com\/es\/author\/admin\/","name":"admin","image":{"@type":"ImageObject","@id":"https:\/\/www.rucashk.com\/es\/producto\/mi-home-mi-xiaolang-tds-automatic-water-pump-touch-switch-mini-wireless-rechargeable\/#authorImage","url":"https:\/\/secure.gravatar.com\/avatar\/b7c8925b09a27e72b30232f8ecaadbd5af0f70a38c78096863fe51b64f031c24?s=96&d=mm&r=g","width":96,"height":96,"caption":"admin"}},{"@type":"WebPage","@id":"https:\/\/www.rucashk.com\/es\/producto\/mi-home-mi-xiaolang-tds-automatic-water-pump-touch-switch-mini-wireless-rechargeable\/#webpage","url":"https:\/\/www.rucashk.com\/es\/producto\/mi-home-mi-xiaolang-tds-automatic-water-pump-touch-switch-mini-wireless-rechargeable\/","name":"Mi Home Mi XiaoLang TDS Automatic Water Pump Touch Switch Mini Wireless Rechargeable - Rucas - Wholesale and Distribution","description":"Main Features: \u25cf Automatic water supply \u25cf Adapt to mainstream barrel water specifications \u25cf Real-time water quality testing, water quality at a glance \u25cf Food grade material, simple design and long battery life \u25cf USB charging, charging time 3h, you can pump 144.9L water \u25cf Rated voltage: 5V \u25cf Applicable water temperature: 5 - 45 Deg.C","inLanguage":"es-ES","isPartOf":{"@id":"https:\/\/www.rucashk.com\/es\/#website"},"breadcrumb":{"@id":"https:\/\/www.rucashk.com\/es\/producto\/mi-home-mi-xiaolang-tds-automatic-water-pump-touch-switch-mini-wireless-rechargeable\/#breadcrumblist"},"author":{"@id":"https:\/\/www.rucashk.com\/es\/author\/admin\/#author"},"creator":{"@id":"https:\/\/www.rucashk.com\/es\/author\/admin\/#author"},"image":{"@type":"ImageObject","url":"https:\/\/www.rucashk.com\/wp-content\/uploads\/2024\/01\/XIAOMI-Xiaolang-Smart-TDS-Automatic-Water-Pump-Healthy-Drinking-Water-Quality-Testing-Food-Grade-Material-Built.jp_.jpg","@id":"https:\/\/www.rucashk.com\/es\/producto\/mi-home-mi-xiaolang-tds-automatic-water-pump-touch-switch-mini-wireless-rechargeable\/#mainImage","width":640,"height":640},"primaryImageOfPage":{"@id":"https:\/\/www.rucashk.com\/es\/producto\/mi-home-mi-xiaolang-tds-automatic-water-pump-touch-switch-mini-wireless-rechargeable\/#mainImage"},"datePublished":"2024-01-09T15:38:27+00:00","dateModified":"2024-01-17T03:53:03+00:00"},{"@type":"WebSite","@id":"https:\/\/www.rucashk.com\/es\/#website","url":"https:\/\/www.rucashk.com\/es\/","name":"Rucas - Wholesale and distribution worldwide","alternateName":"Rucas - One-stop AIoT Distribution Worldwide","description":"One-stop AIoT Distribution Worldwide","inLanguage":"es-ES","publisher":{"@id":"https:\/\/www.rucashk.com\/es\/#organization"}}]}},"aioseo_meta_data":{"post_id":"22005","title":null,"description":null,"keywords":null,"keyphrases":null,"primary_term":null,"canonical_url":null,"og_title":null,"og_description":null,"og_object_type":"default","og_image_type":"default","og_image_url":null,"og_image_width":null,"og_image_height":null,"og_image_custom_url":null,"og_image_custom_fields":null,"og_video":null,"og_custom_url":null,"og_article_section":null,"og_article_tags":null,"twitter_use_og":false,"twitter_card":"default","twitter_image_type":"default","twitter_image_url":null,"twitter_image_custom_url":null,"twitter_image_custom_fields":null,"twitter_title":null,"twitter_description":null,"schema":{"blockGraphs":[],"customGraphs":[],"default":{"data":{"Article":[],"Course":[],"Dataset":[],"FAQPage":[],"Movie":[],"Person":[],"Product":[],"Recipe":[],"Service":[],"SoftwareApplication":[],"WebPage":[]},"graphName":"","isEnabled":true},"graphs":[]},"schema_type":"default","schema_type_options":null,"pillar_content":false,"robots_default":true,"robots_noindex":false,"robots_noarchive":false,"robots_nosnippet":false,"robots_nofollow":false,"robots_noimageindex":false,"robots_noodp":false,"robots_notranslate":false,"robots_max_snippet":null,"robots_max_videopreview":null,"robots_max_imagepreview":"large","priority":null,"frequency":null,"local_seo":null,"breadcrumb_settings":null,"limit_modified_date":false,"created":"2024-04-11 01:55:21","updated":"2025-06-22 16:33:59"},"aioseo_breadcrumb":"<div class=\"aioseo-breadcrumbs\"><span class=\"aioseo-breadcrumb\">\n\t<a href=\"https:\/\/www.rucashk.com\/es\" title=\"Home\">Home<\/a>\n<\/span><span class=\"aioseo-breadcrumb-separator\">&raquo;<\/span><span class=\"aioseo-breadcrumb\">\n\t<a href=\"https:\/\/www.rucashk.com\/es\/products\/\" title=\"Productos\">Productos<\/a>\n<\/span><span class=\"aioseo-breadcrumb-separator\">&raquo;<\/span><span class=\"aioseo-breadcrumb\">\n\t<a href=\"https:\/\/www.rucashk.com\/es\/categoria-producto\/xiaomi-eco\/\" title=\"Xiaomi Eco\">Xiaomi Eco<\/a>\n<\/span><span class=\"aioseo-breadcrumb-separator\">&raquo;<\/span><span class=\"aioseo-breadcrumb\">\n\t<a href=\"https:\/\/www.rucashk.com\/es\/categoria-producto\/xiaomi-eco\/gadgets\/\" title=\"Gadgets\">Gadgets<\/a>\n<\/span><span class=\"aioseo-breadcrumb-separator\">&raquo;<\/span><span class=\"aioseo-breadcrumb\">\n\tMi Home Mi XiaoLang TDS Automatic Water Pump Touch Switch Mini Wireless Rechargeable\n<\/span><\/div>","aioseo_breadcrumb_json":[{"label":"Home","link":"https:\/\/www.rucashk.com\/es"},{"label":"Productos","link":"https:\/\/www.rucashk.com\/es\/products\/"},{"label":"Xiaomi Eco","link":"https:\/\/www.rucashk.com\/es\/categoria-producto\/xiaomi-eco\/"},{"label":"Gadgets","link":"https:\/\/www.rucashk.com\/es\/categoria-producto\/xiaomi-eco\/gadgets\/"},{"label":"Mi Home Mi XiaoLang TDS Automatic Water Pump Touch Switch Mini Wireless Rechargeable","link":"https:\/\/www.rucashk.com\/es\/producto\/mi-home-mi-xiaolang-tds-automatic-water-pump-touch-switch-mini-wireless-rechargeable\/"}],"_links":{"self":[{"href":"https:\/\/www.rucashk.com\/es\/wp-json\/wp\/v2\/product\/22005","targetHints":{"allow":["GET"]}}],"collection":[{"href":"https:\/\/www.rucashk.com\/es\/wp-json\/wp\/v2\/product"}],"about":[{"href":"https:\/\/www.rucashk.com\/es\/wp-json\/wp\/v2\/types\/product"}],"wp:featuredmedia":[{"embeddable":true,"href":"https:\/\/www.rucashk.com\/es\/wp-json\/wp\/v2\/media\/22132"}],"wp:attachment":[{"href":"https:\/\/www.rucashk.com\/es\/wp-json\/wp\/v2\/media?parent=22005"}],"wp:term":[{"taxonomy":"product_brand","embeddable":true,"href":"https:\/\/www.rucashk.com\/es\/wp-json\/wp\/v2\/product_brand?post=22005"},{"taxonomy":"product_cat","embeddable":true,"href":"https:\/\/www.rucashk.com\/es\/wp-json\/wp\/v2\/product_cat?post=22005"},{"taxonomy":"product_tag","embeddable":true,"href":"https:\/\/www.rucashk.com\/es\/wp-json\/wp\/v2\/product_tag?post=22005"}],"curies":[{"name":"wp","href":"https:\/\/api.w.org\/{rel}","templated":true}]}}