{"id":22002,"date":"2024-01-09T15:38:27","date_gmt":"2024-01-09T15:38:27","guid":{"rendered":"http:\/\/rucashk.com\/?post_type=product&#038;p=22002"},"modified":"2024-03-12T06:58:07","modified_gmt":"2024-03-12T06:58:07","slug":"haylou-ls01-smart-watch-wholesale","status":"publish","type":"product","link":"https:\/\/www.rucashk.com\/es\/producto\/haylou-ls01-smart-watch-wholesale\/","title":{"rendered":"Reloj inteligente Haylou LS01 al por mayor"},"content":{"rendered":"<div class=\"detailmodule_image\"><img fetchpriority=\"high\" decoding=\"async\" class=\"detail-desc-decorate-image aligncenter\" src=\"\/wp-content\/uploads\/replace\/d6185f91bd835f77f36dca8121023e7f.jpeg\" alt=\"Haylou LS01 Smart Watch Wholesale\" width=\"960\" height=\"1731\" \/><\/div>\n<div class=\"detailmodule_image\" style=\"text-align: center\"><img decoding=\"async\" class=\"detail-desc-decorate-image alignnone\" src=\"\/wp-content\/uploads\/replace\/bfd3c6bb7b84060c45a8a3f3d4d46d68.jpeg\" alt=\"Haylou LS01 Smart Watch Wholesale\" width=\"960\" height=\"1956\" \/><\/div>\n<div class=\"detailmodule_image\" style=\"text-align: center\"><img decoding=\"async\" class=\"detail-desc-decorate-image alignnone\" src=\"\/wp-content\/uploads\/replace\/7a593aa1e35d48db5eb1edbaa4894c12.jpeg\" alt=\"Haylou LS01 Smart Watch Wholesale\" width=\"960\" height=\"1378\" \/><\/div>\n<div class=\"detailmodule_image\" style=\"text-align: center\"><img loading=\"lazy\" decoding=\"async\" class=\"detail-desc-decorate-image alignnone\" src=\"\/wp-content\/uploads\/replace\/7584d2de9130364c736a8c84f7f01412.jpeg\" alt=\"Haylou LS01 Smart Watch Wholesale\" width=\"960\" height=\"1934\" \/><\/div>\n<div class=\"detailmodule_image\" style=\"text-align: center\"><img loading=\"lazy\" decoding=\"async\" class=\"detail-desc-decorate-image alignnone\" src=\"\/wp-content\/uploads\/replace\/55f4b76a3186fb5c8b52a36f05335eac.jpeg\" alt=\"Haylou LS01 Smart Watch Wholesale\" width=\"960\" height=\"1511\" \/><\/div>\n<div class=\"detailmodule_image\" style=\"text-align: center\"><img loading=\"lazy\" decoding=\"async\" class=\"detail-desc-decorate-image alignnone\" src=\"\/wp-content\/uploads\/replace\/79639dd7dbd90737619f51bb7df5269f.jpeg\" alt=\"Haylou LS01 Smart Watch Wholesale\" width=\"960\" height=\"1422\" \/><\/div>\n<div class=\"detailmodule_image\" style=\"text-align: center\"><img loading=\"lazy\" decoding=\"async\" class=\"detail-desc-decorate-image alignnone\" src=\"\/wp-content\/uploads\/replace\/c17536b97701397a00f69d45fb29d287.jpeg\" alt=\"Haylou LS01 Smart Watch Wholesale\" width=\"960\" height=\"1422\" \/><\/div>\n<div class=\"detailmodule_image\" style=\"text-align: center\"><img loading=\"lazy\" decoding=\"async\" class=\"detail-desc-decorate-image alignnone\" src=\"\/wp-content\/uploads\/replace\/220f3f2eeffae2b1c43cde3a3a7318e2.jpeg\" alt=\"Haylou LS01 Smart Watch\" width=\"960\" height=\"1684\" \/><\/div>\n<div class=\"detailmodule_image\" style=\"text-align: center\"><img loading=\"lazy\" decoding=\"async\" class=\"detail-desc-decorate-image alignnone\" src=\"\/wp-content\/uploads\/replace\/a1d68e82d555a5bfd8da528425316afd.jpeg\" alt=\"Haylou LS01 Smart Watch Wholesale\" width=\"960\" height=\"1689\" \/><\/div>\n<div class=\"detailmodule_image\"><img loading=\"lazy\" decoding=\"async\" class=\"detail-desc-decorate-image aligncenter\" src=\"\/wp-content\/uploads\/replace\/09aba53732bf6be50ea090062b2c6114.jpeg\" alt=\"Haylou LS01 Smart Watch Wholesale\" width=\"960\" height=\"1600\" \/><img loading=\"lazy\" decoding=\"async\" class=\"detail-desc-decorate-image aligncenter\" src=\"\/wp-content\/uploads\/replace\/4130751d87ff1218dfbf35531a6798ff.jpeg\" alt=\"Haylou LS01 Smart Watch\" width=\"960\" height=\"2075\" \/><\/div>\n<div><\/div>\n<div><\/div>\n<div>\n<div class=\"product_pz\">\n<div class=\"product_pz_info mainfeatures desc_simp\">\u25cf<b>9 tipos de modos deportivos:<\/b><br \/>\n\u2013 Correr: duraci\u00f3n, n\u00famero de pasos, distancia, calor\u00edas, frecuencia card\u00edaca, ritmo, ritmo medio<br \/>\n\u2013 Caminar: duraci\u00f3n, n\u00famero de pasos, distancia, calor\u00edas, frecuencia card\u00edaca, ritmo, ritmo medio<br \/>\n\u2013 Senderismo: duraci\u00f3n, n\u00famero de pasos, distancia, calor\u00edas, frecuencia card\u00edaca, ritmo, ritmo medio,<br \/>\n\u2013 Equitaci\u00f3n: duraci\u00f3n, distancia, calor\u00edas, frecuencia card\u00edaca, ritmo, ritmo promedio (nota especial: solo ejercicio iniciado por la aplicaci\u00f3n: distancia, ritmo, ritmo promedio)<br \/>\n\u2013 Cinta de correr: duraci\u00f3n, pasos, calor\u00edas, frecuencia card\u00edaca<br \/>\n\u2013 Fitness: duraci\u00f3n, calor\u00edas, frecuencia card\u00edaca.<br \/>\n\u2013 Monta\u00f1ismo: duraci\u00f3n, pasos, calor\u00edas, frecuencia card\u00edaca.<br \/>\n\u2013 Bicicleta de spinning: duraci\u00f3n, calor\u00edas, frecuencia cardiaca<br \/>\n\u2013 Yoga: duraci\u00f3n, calor\u00edas, frecuencia card\u00edaca.<\/p>\n<p>\u25cf<b>Monitoreo de actividad diaria:<\/b><br \/>\n\u2013 Monitorizaci\u00f3n de la frecuencia card\u00edaca: frecuencia card\u00edaca en reposo, monitorizaci\u00f3n de la frecuencia card\u00edaca en reposo, monitorizaci\u00f3n din\u00e1mica de la frecuencia card\u00edaca<br \/>\n\u2013 Monitoreo del sue\u00f1o: controle la duraci\u00f3n del sue\u00f1o, el sue\u00f1o profundo, el sue\u00f1o ligero, el sue\u00f1o despierto<br \/>\n\u2013 Monitoreo de conteo de pasos: monitoree los pasos por minuto y registre los pasos cada 15 minutos<br \/>\n\u2013 Monitoreo de calor\u00edas: controle las calor\u00edas por minuto, registre las calor\u00edas cada 15 minutos<br \/>\n\u2013 Monitoreo de distancia: monitoree la distancia cada minuto, registre la distancia cada 15 minutos<\/p>\n<p>\u25cf<b>M\u00f3dulo recordatorio:<\/b><br \/>\n\u2013 Alerta de llamada entrante: muestra la alerta de llamada entrante cuando recibe la se\u00f1al de llamada entrante; puede colgar<br \/>\n\u2013 Recordatorios de mensajes: SMS, Wechat, QQ, Facebook, WhatsApp, calendario, etc.<br \/>\n\u2013 Recordatorio de alarma: puede sincronizar el despertador del tel\u00e9fono m\u00f3vil, admite apagado (admite hasta 20 despertadores)<br \/>\n\u2013 Recordatorio de pie (recordatorio sentado): cuando est\u00e1 sentado durante un per\u00edodo de tiempo determinado, este recordatorio aparece para recordarle al usuario que debe hacer ejercicio.<br \/>\n\u2013 Recordatorio de consecuci\u00f3n de objetivos: muestra este recordatorio cuando se alcanza el objetivo deportivo.<br \/>\n\u2013 Recordatorio de bater\u00eda baja: recordatorio de bater\u00eda baja, muestra recordatorio de bater\u00eda baja<br \/>\n\u2013 Recordatorio de bater\u00eda ultrabaja: la bater\u00eda es inferior a 5%, muestra bater\u00eda ultrabaja<br \/>\n\u2013 Recordatorio de vinculaci\u00f3n: cuando la aplicaci\u00f3n vincula la pulsera, admite la vinculaci\u00f3n del c\u00f3digo de autorizaci\u00f3n digital y se muestra un recordatorio de confirmaci\u00f3n en la pulsera.<\/p>\n<p>\u25cf<b>Otras funciones<\/b><br \/>\n\u2013 Entrenamiento de respiraci\u00f3n: entrenamiento de respiraci\u00f3n, similar al entrenamiento de atenci\u00f3n plena<br \/>\n\u2013 Cron\u00f3metro: soporte<br \/>\n\u2013 Temporizador: soporte<br \/>\n\u2013 Control de m\u00fasica: reproducir\/pausar, canci\u00f3n anterior, siguiente canci\u00f3n<br \/>\n\u2013 Encontrar tel\u00e9fono celular: sonando<br \/>\n\u2013 No molestar: no molestar (bloquear todos los recordatorios)<br \/>\n\u2013 Acerca de: vea informaci\u00f3n relacionada con el dispositivo (nombre del dispositivo, versi\u00f3n de firmware, direcci\u00f3n Mac, SN, etc.)<br \/>\n\u2013 Apagado: el dispositivo de pulsera entra en estado de apagado y necesita estar conectado al cargador para activarse<\/p>\n<p>\u25cf<b>Gesto<\/b><br \/>\n\u2013 Levantar la mu\u00f1eca: ilumina la pantalla y muestra la interfaz principal de la hora en condiciones normales; en modo deportivo, la pantalla muestra la interfaz de datos deportivos;<br \/>\n\u2013 Bajar: baje la pantalla, en modo no deportivo, contin\u00fae con la pantalla (sin operaci\u00f3n de pantalla brillante en la mu\u00f1eca) despu\u00e9s de 8 segundos, regrese a la interfaz de marcaci\u00f3n principal en el estado de pantalla<\/div>\n<\/div>\n<div class=\"product_pz\">\n<h4 class=\"expand_en_name\">Especificaci\u00f3n<\/h4>\n<div class=\"product_pz_info product_pz_style2\">\n<table>\n<tbody>\n<tr>\n<th>General<\/th>\n<td>Pantalla: LCD<br \/>\nVersi\u00f3n de Bluetooth: Bluetooth 4.2<br \/>\nResoluci\u00f3n de pantalla: 240 x 240<br \/>\nTama\u00f1o de pantalla: 1,3 pulgadas<br \/>\nModo de funcionamiento: Pantalla t\u00e1ctil<br \/>\nRAM: 2MB<br \/>\nROM: 64MB<br \/>\nImpermeable\/Resistente al agua: S\u00ed<br \/>\nClasificaci\u00f3n IP: IP68<br \/>\nTemperatura de trabajo: -20 \u2013 45 grados C<\/td>\n<\/tr>\n<tr>\n<th>Funciones<\/th>\n<td>Tipo de alerta: Vibraci\u00f3n<br \/>\nAntip\u00e9rdida: S\u00ed<br \/>\nRastreador de salud: monitor de frecuencia card\u00edaca, pod\u00f3metro, recordatorio de sedentarismo, monitor de sue\u00f1o<br \/>\nMensajer\u00eda: comprobaci\u00f3n de mensajes<br \/>\nOtras funciones: Alarma,Bluetooth,Cuenta atr\u00e1s,Recordatorio de bater\u00eda baja,Cron\u00f3metro,Impermeable<br \/>\nTipo de notificaci\u00f3n: Facebook,G-mail,Instagram,Kaokao Talk,LinkedIn,Mensaje,QQ,Skype,Twitter,Wechat,Weibo,WhatsApp<br \/>\nFunci\u00f3n de control remoto: m\u00fasica remota<\/td>\n<\/tr>\n<tr>\n<th>Bater\u00eda<\/th>\n<td>Capacidad de la bater\u00eda: 210 mAh<br \/>\nTiempo de carga: aproximadamente 2,5 horas<br \/>\nTiempo en espera: 14 d\u00edas<\/td>\n<\/tr>\n<tr>\n<th>Dial y banda<\/th>\n<td>Material de la banda: TPU<br \/>\nMaterial de la caja: Metal,Pl\u00e1stico<br \/>\nForma de la esfera: Forma cuadrada<br \/>\nTama\u00f1o de la esfera: 1,3\u2033<br \/>\nTama\u00f1o de la banda: 22 mm<\/td>\n<\/tr>\n<tr>\n<th>Caracter\u00edsticas<\/th>\n<td>Sistema operativo compatible: Android, IOS<br \/>\nVersi\u00f3n de sistema operativo compatible: iOS 8.0+ \/ Android4.4+<br \/>\nIdioma: Ingl\u00e9s,Alem\u00e1n,Coreano,Chino simplificado<br \/>\nColores disponibles: Negro, Plata<\/td>\n<\/tr>\n<tr>\n<th>Dimensiones y peso<\/th>\n<td>Peso del producto: 0,0340 kg<br \/>\nPeso del paquete: 0,2000 kg<br \/>\nTama\u00f1o del paquete (largo x ancho x alto): 10,00 x 8,00 x 5,00 cm \/ 3,94 x 3,15 x 1,97 pulgadas<\/td>\n<\/tr>\n<tr>\n<th>contenidos del paquete<\/th>\n<td>Contenido del Paquete: 1 x Reloj Inteligente, 1 x Pulsera, 1 x Cable de Carga, 1 x Manual en Ingl\u00e9s<\/td>\n<\/tr>\n<\/tbody>\n<\/table>\n<\/div>\n<\/div>\n<\/div>","protected":false},"excerpt":{"rendered":"<p><strong>Principales caracter\u00edsticas:<\/strong><\/p>\n<p>* 9 modos deportivos: te permiten avanzar<br \/>\n*Monitor de frecuencia card\u00edaca durante todo el d\u00eda<br \/>\n*Vida \u00fatil m\u00e1s larga hasta 14 d\u00edas<br \/>\n* Proporcionar consejos inteligentes durante el horario laboral<br \/>\n* Tu asistente de sue\u00f1o por la noche<br \/>\n* El cuerpo liviano de 34 g es c\u00f3modo de usar<br \/>\n* IP68 a prueba de polvo e impermeable<\/p>","protected":false},"featured_media":22114,"template":"","meta":[],"product_brand":[],"product_cat":[1310,1305],"product_tag":[474,576,427],"class_list":{"0":"post-22002","1":"product","2":"type-product","3":"status-publish","4":"has-post-thumbnail","6":"product_cat-haylou-smartwatch","7":"product_cat-xiaomi-eco","8":"product_tag-haylou","9":"product_tag-mi-home","10":"product_tag-smart-watch","12":"first","13":"instock","14":"shipping-taxable","15":"product-type-external"},"aioseo_notices":[],"aioseo_head":"\n\t\t<!-- All in One SEO Pro 4.5.9.2 - aioseo.com -->\n\t\t<meta name=\"description\" content=\"Main Features: * 9 sports modes: let you move forward *All-day heart rate monitor *Longer lifespan up to 14 days * Provide smart tips during working hours * Your sleep assistant at night * 34g lightweight body is comfortable to wear * IP68 dustproof and waterproof\" \/>\n\t\t<meta name=\"robots\" content=\"max-image-preview:large\" \/>\n\t\t<link rel=\"canonical\" href=\"https:\/\/www.rucashk.com\/es\/producto\/haylou-ls01-smart-watch-wholesale\/\" \/>\n\t\t<meta name=\"generator\" content=\"All in One SEO Pro (AIOSEO) 4.5.9.2\" \/>\n\t\t<meta property=\"og:locale\" content=\"es_ES\" \/>\n\t\t<meta property=\"og:site_name\" content=\"Rucas - One-stop AIoT Distribution Worldwide\" \/>\n\t\t<meta property=\"og:type\" content=\"article\" \/>\n\t\t<meta property=\"og:title\" content=\"Haylou LS01 Smart Watch Wholesale - Rucas - Wholesale and Distribution\" \/>\n\t\t<meta property=\"og:description\" content=\"Main Features: * 9 sports modes: let you move forward *All-day heart rate monitor *Longer lifespan up to 14 days * Provide smart tips during working hours * Your sleep assistant at night * 34g lightweight body is comfortable to wear * IP68 dustproof and waterproof\" \/>\n\t\t<meta property=\"og:url\" content=\"https:\/\/www.rucashk.com\/es\/producto\/haylou-ls01-smart-watch-wholesale\/\" \/>\n\t\t<meta property=\"og:image\" content=\"https:\/\/www.rucashk.com\/wp-content\/uploads\/replace\/503b8e645f128a97ccde2b6290747646.jpeg\" \/>\n\t\t<meta property=\"og:image:secure_url\" content=\"https:\/\/www.rucashk.com\/wp-content\/uploads\/replace\/503b8e645f128a97ccde2b6290747646.jpeg\" \/>\n\t\t<meta property=\"og:image:width\" content=\"1456\" \/>\n\t\t<meta property=\"og:image:height\" content=\"816\" \/>\n\t\t<meta property=\"article:published_time\" content=\"2024-01-09T15:38:27+00:00\" \/>\n\t\t<meta property=\"article:modified_time\" content=\"2024-03-12T06:58:07+00:00\" \/>\n\t\t<meta name=\"twitter:card\" content=\"summary_large_image\" \/>\n\t\t<meta name=\"twitter:title\" content=\"Haylou LS01 Smart Watch Wholesale - Rucas - Wholesale and Distribution\" \/>\n\t\t<meta name=\"twitter:description\" content=\"Main Features: * 9 sports modes: let you move forward *All-day heart rate monitor *Longer lifespan up to 14 days * Provide smart tips during working hours * Your sleep assistant at night * 34g lightweight body is comfortable to wear * IP68 dustproof and waterproof\" \/>\n\t\t<meta name=\"twitter:image\" content=\"https:\/\/www.rucashk.com\/wp-content\/uploads\/replace\/503b8e645f128a97ccde2b6290747646.jpeg\" \/>\n\t\t<script type=\"application\/ld+json\" class=\"aioseo-schema\">\n\t\t\t{\"@context\":\"https:\\\/\\\/schema.org\",\"@graph\":[{\"@type\":\"BreadcrumbList\",\"@id\":\"https:\\\/\\\/www.rucashk.com\\\/es\\\/producto\\\/haylou-ls01-smart-watch-wholesale\\\/#breadcrumblist\",\"itemListElement\":[{\"@type\":\"ListItem\",\"@id\":\"https:\\\/\\\/www.rucashk.com\\\/es\\\/#listItem\",\"position\":1,\"name\":\"Home\",\"item\":\"https:\\\/\\\/www.rucashk.com\\\/es\\\/\",\"nextItem\":\"https:\\\/\\\/www.rucashk.com\\\/es\\\/producto\\\/haylou-ls01-smart-watch-wholesale\\\/#listItem\"},{\"@type\":\"ListItem\",\"@id\":\"https:\\\/\\\/www.rucashk.com\\\/es\\\/producto\\\/haylou-ls01-smart-watch-wholesale\\\/#listItem\",\"position\":2,\"name\":\"Haylou LS01 Smart Watch Wholesale\",\"previousItem\":\"https:\\\/\\\/www.rucashk.com\\\/es\\\/#listItem\"}]},{\"@type\":\"Organization\",\"@id\":\"https:\\\/\\\/www.rucashk.com\\\/es\\\/#organization\",\"name\":\"Rucas\",\"url\":\"https:\\\/\\\/www.rucashk.com\\\/es\\\/\",\"logo\":{\"@type\":\"ImageObject\",\"url\":\"https:\\\/\\\/www.rucashk.com\\\/wp-content\\\/uploads\\\/2023\\\/12\\\/Rucas_campany_logo.png\",\"@id\":\"https:\\\/\\\/www.rucashk.com\\\/es\\\/producto\\\/haylou-ls01-smart-watch-wholesale\\\/#organizationLogo\",\"width\":221,\"height\":65},\"image\":{\"@id\":\"https:\\\/\\\/www.rucashk.com\\\/es\\\/#organizationLogo\"}},{\"@type\":\"Person\",\"@id\":\"https:\\\/\\\/www.rucashk.com\\\/es\\\/author\\\/admin\\\/#author\",\"url\":\"https:\\\/\\\/www.rucashk.com\\\/es\\\/author\\\/admin\\\/\",\"name\":\"admin\",\"image\":{\"@type\":\"ImageObject\",\"@id\":\"https:\\\/\\\/www.rucashk.com\\\/es\\\/producto\\\/haylou-ls01-smart-watch-wholesale\\\/#authorImage\",\"url\":\"https:\\\/\\\/secure.gravatar.com\\\/avatar\\\/b7c8925b09a27e72b30232f8ecaadbd5af0f70a38c78096863fe51b64f031c24?s=96&d=mm&r=g\",\"width\":96,\"height\":96,\"caption\":\"admin\"}},{\"@type\":\"WebPage\",\"@id\":\"https:\\\/\\\/www.rucashk.com\\\/es\\\/producto\\\/haylou-ls01-smart-watch-wholesale\\\/#webpage\",\"url\":\"https:\\\/\\\/www.rucashk.com\\\/es\\\/producto\\\/haylou-ls01-smart-watch-wholesale\\\/\",\"name\":\"Haylou LS01 Smart Watch Wholesale - Rucas - Wholesale and Distribution\",\"description\":\"Main Features: * 9 sports modes: let you move forward *All-day heart rate monitor *Longer lifespan up to 14 days * Provide smart tips during working hours * Your sleep assistant at night * 34g lightweight body is comfortable to wear * IP68 dustproof and waterproof\",\"inLanguage\":\"es-ES\",\"isPartOf\":{\"@id\":\"https:\\\/\\\/www.rucashk.com\\\/es\\\/#website\"},\"breadcrumb\":{\"@id\":\"https:\\\/\\\/www.rucashk.com\\\/es\\\/producto\\\/haylou-ls01-smart-watch-wholesale\\\/#breadcrumblist\"},\"author\":{\"@id\":\"https:\\\/\\\/www.rucashk.com\\\/es\\\/author\\\/admin\\\/#author\"},\"creator\":{\"@id\":\"https:\\\/\\\/www.rucashk.com\\\/es\\\/author\\\/admin\\\/#author\"},\"image\":{\"@type\":\"ImageObject\",\"url\":\"https:\\\/\\\/www.rucashk.com\\\/wp-content\\\/uploads\\\/2024\\\/01\\\/Haylou-LS01-Global-Version-9-Sport-Modes-Smart-Watch-IP68-Waterproof-Sleep-Management-Universal-Fashion-Bluetooth.jpg\",\"@id\":\"https:\\\/\\\/www.rucashk.com\\\/es\\\/producto\\\/haylou-ls01-smart-watch-wholesale\\\/#mainImage\",\"width\":800,\"height\":800},\"primaryImageOfPage\":{\"@id\":\"https:\\\/\\\/www.rucashk.com\\\/es\\\/producto\\\/haylou-ls01-smart-watch-wholesale\\\/#mainImage\"},\"datePublished\":\"2024-01-09T15:38:27+00:00\",\"dateModified\":\"2024-03-12T06:58:07+00:00\"},{\"@type\":\"WebSite\",\"@id\":\"https:\\\/\\\/www.rucashk.com\\\/es\\\/#website\",\"url\":\"https:\\\/\\\/www.rucashk.com\\\/es\\\/\",\"name\":\"Rucas - Wholesale and distribution worldwide\",\"alternateName\":\"Rucas - One-stop AIoT Distribution Worldwide\",\"description\":\"One-stop AIoT Distribution Worldwide\",\"inLanguage\":\"es-ES\",\"publisher\":{\"@id\":\"https:\\\/\\\/www.rucashk.com\\\/es\\\/#organization\"}}]}\n\t\t<\/script>\n\t\t<!-- All in One SEO Pro -->\r\n\t\t<title>Haylou LS01 Smart Watch Wholesale - Rucas - Wholesale and Distribution<\/title>\n\n","aioseo_head_json":{"title":"Haylou LS01 Smart Watch Wholesale - Rucas - Wholesale and Distribution","description":"Main Features: * 9 sports modes: let you move forward *All-day heart rate monitor *Longer lifespan up to 14 days * Provide smart tips during working hours * Your sleep assistant at night * 34g lightweight body is comfortable to wear * IP68 dustproof and waterproof","canonical_url":"https:\/\/www.rucashk.com\/es\/producto\/haylou-ls01-smart-watch-wholesale\/","robots":"max-image-preview:large","keywords":"","webmasterTools":{"miscellaneous":""},"og:locale":"es_ES","og:site_name":"Rucas - One-stop AIoT Distribution Worldwide","og:type":"article","og:title":"Haylou LS01 Smart Watch Wholesale - Rucas - Wholesale and Distribution","og:description":"Main Features: * 9 sports modes: let you move forward *All-day heart rate monitor *Longer lifespan up to 14 days * Provide smart tips during working hours * Your sleep assistant at night * 34g lightweight body is comfortable to wear * IP68 dustproof and waterproof","og:url":"https:\/\/www.rucashk.com\/es\/producto\/haylou-ls01-smart-watch-wholesale\/","og:image":"https:\/\/www.rucashk.com\/wp-content\/uploads\/replace\/503b8e645f128a97ccde2b6290747646.jpeg","og:image:secure_url":"https:\/\/www.rucashk.com\/wp-content\/uploads\/replace\/503b8e645f128a97ccde2b6290747646.jpeg","og:image:width":1456,"og:image:height":816,"article:published_time":"2024-01-09T15:38:27+00:00","article:modified_time":"2024-03-12T06:58:07+00:00","twitter:card":"summary_large_image","twitter:title":"Haylou LS01 Smart Watch Wholesale - Rucas - Wholesale and Distribution","twitter:description":"Main Features: * 9 sports modes: let you move forward *All-day heart rate monitor *Longer lifespan up to 14 days * Provide smart tips during working hours * Your sleep assistant at night * 34g lightweight body is comfortable to wear * IP68 dustproof and waterproof","twitter:image":"https:\/\/www.rucashk.com\/wp-content\/uploads\/replace\/503b8e645f128a97ccde2b6290747646.jpeg","schema":{"@context":"https:\/\/schema.org","@graph":[{"@type":"BreadcrumbList","@id":"https:\/\/www.rucashk.com\/es\/producto\/haylou-ls01-smart-watch-wholesale\/#breadcrumblist","itemListElement":[{"@type":"ListItem","@id":"https:\/\/www.rucashk.com\/es\/#listItem","position":1,"name":"Home","item":"https:\/\/www.rucashk.com\/es\/","nextItem":"https:\/\/www.rucashk.com\/es\/producto\/haylou-ls01-smart-watch-wholesale\/#listItem"},{"@type":"ListItem","@id":"https:\/\/www.rucashk.com\/es\/producto\/haylou-ls01-smart-watch-wholesale\/#listItem","position":2,"name":"Haylou LS01 Smart Watch Wholesale","previousItem":"https:\/\/www.rucashk.com\/es\/#listItem"}]},{"@type":"Organization","@id":"https:\/\/www.rucashk.com\/es\/#organization","name":"Rucas","url":"https:\/\/www.rucashk.com\/es\/","logo":{"@type":"ImageObject","url":"https:\/\/www.rucashk.com\/wp-content\/uploads\/2023\/12\/Rucas_campany_logo.png","@id":"https:\/\/www.rucashk.com\/es\/producto\/haylou-ls01-smart-watch-wholesale\/#organizationLogo","width":221,"height":65},"image":{"@id":"https:\/\/www.rucashk.com\/es\/#organizationLogo"}},{"@type":"Person","@id":"https:\/\/www.rucashk.com\/es\/author\/admin\/#author","url":"https:\/\/www.rucashk.com\/es\/author\/admin\/","name":"admin","image":{"@type":"ImageObject","@id":"https:\/\/www.rucashk.com\/es\/producto\/haylou-ls01-smart-watch-wholesale\/#authorImage","url":"https:\/\/secure.gravatar.com\/avatar\/b7c8925b09a27e72b30232f8ecaadbd5af0f70a38c78096863fe51b64f031c24?s=96&d=mm&r=g","width":96,"height":96,"caption":"admin"}},{"@type":"WebPage","@id":"https:\/\/www.rucashk.com\/es\/producto\/haylou-ls01-smart-watch-wholesale\/#webpage","url":"https:\/\/www.rucashk.com\/es\/producto\/haylou-ls01-smart-watch-wholesale\/","name":"Haylou LS01 Smart Watch Wholesale - Rucas - Wholesale and Distribution","description":"Main Features: * 9 sports modes: let you move forward *All-day heart rate monitor *Longer lifespan up to 14 days * Provide smart tips during working hours * Your sleep assistant at night * 34g lightweight body is comfortable to wear * IP68 dustproof and waterproof","inLanguage":"es-ES","isPartOf":{"@id":"https:\/\/www.rucashk.com\/es\/#website"},"breadcrumb":{"@id":"https:\/\/www.rucashk.com\/es\/producto\/haylou-ls01-smart-watch-wholesale\/#breadcrumblist"},"author":{"@id":"https:\/\/www.rucashk.com\/es\/author\/admin\/#author"},"creator":{"@id":"https:\/\/www.rucashk.com\/es\/author\/admin\/#author"},"image":{"@type":"ImageObject","url":"https:\/\/www.rucashk.com\/wp-content\/uploads\/2024\/01\/Haylou-LS01-Global-Version-9-Sport-Modes-Smart-Watch-IP68-Waterproof-Sleep-Management-Universal-Fashion-Bluetooth.jpg","@id":"https:\/\/www.rucashk.com\/es\/producto\/haylou-ls01-smart-watch-wholesale\/#mainImage","width":800,"height":800},"primaryImageOfPage":{"@id":"https:\/\/www.rucashk.com\/es\/producto\/haylou-ls01-smart-watch-wholesale\/#mainImage"},"datePublished":"2024-01-09T15:38:27+00:00","dateModified":"2024-03-12T06:58:07+00:00"},{"@type":"WebSite","@id":"https:\/\/www.rucashk.com\/es\/#website","url":"https:\/\/www.rucashk.com\/es\/","name":"Rucas - Wholesale and distribution worldwide","alternateName":"Rucas - One-stop AIoT Distribution Worldwide","description":"One-stop AIoT Distribution Worldwide","inLanguage":"es-ES","publisher":{"@id":"https:\/\/www.rucashk.com\/es\/#organization"}}]}},"aioseo_meta_data":{"post_id":"22002","title":null,"description":null,"keywords":null,"keyphrases":null,"primary_term":null,"canonical_url":null,"og_title":null,"og_description":null,"og_object_type":"default","og_image_type":"default","og_image_url":null,"og_image_width":null,"og_image_height":null,"og_image_custom_url":null,"og_image_custom_fields":null,"og_video":null,"og_custom_url":null,"og_article_section":null,"og_article_tags":null,"twitter_use_og":false,"twitter_card":"default","twitter_image_type":"default","twitter_image_url":null,"twitter_image_custom_url":null,"twitter_image_custom_fields":null,"twitter_title":null,"twitter_description":null,"schema":{"blockGraphs":[],"customGraphs":[],"default":{"data":{"Article":[],"Course":[],"Dataset":[],"FAQPage":[],"Movie":[],"Person":[],"Product":[],"Recipe":[],"Service":[],"SoftwareApplication":[],"WebPage":[]},"graphName":"","isEnabled":true},"graphs":[]},"schema_type":"default","schema_type_options":null,"pillar_content":false,"robots_default":true,"robots_noindex":false,"robots_noarchive":false,"robots_nosnippet":false,"robots_nofollow":false,"robots_noimageindex":false,"robots_noodp":false,"robots_notranslate":false,"robots_max_snippet":null,"robots_max_videopreview":null,"robots_max_imagepreview":"large","priority":null,"frequency":null,"local_seo":null,"breadcrumb_settings":null,"limit_modified_date":false,"created":"2024-04-11 01:55:21","updated":"2025-06-22 16:33:58"},"aioseo_breadcrumb":"<div class=\"aioseo-breadcrumbs\"><span class=\"aioseo-breadcrumb\">\n\t<a href=\"https:\/\/www.rucashk.com\/es\" title=\"Home\">Home<\/a>\n<\/span><span class=\"aioseo-breadcrumb-separator\">&raquo;<\/span><span class=\"aioseo-breadcrumb\">\n\t<a href=\"https:\/\/www.rucashk.com\/es\/products\/\" title=\"Productos\">Productos<\/a>\n<\/span><span class=\"aioseo-breadcrumb-separator\">&raquo;<\/span><span class=\"aioseo-breadcrumb\">\n\t<a href=\"https:\/\/www.rucashk.com\/es\/categoria-producto\/xiaomi-eco\/\" title=\"Xiaomi Eco\">Xiaomi Eco<\/a>\n<\/span><span class=\"aioseo-breadcrumb-separator\">&raquo;<\/span><span class=\"aioseo-breadcrumb\">\n\t<a href=\"https:\/\/www.rucashk.com\/es\/categoria-producto\/xiaomi-eco\/haylou-smartwatch\/\" title=\"Haylou Smartwatch\">Haylou Smartwatch<\/a>\n<\/span><span class=\"aioseo-breadcrumb-separator\">&raquo;<\/span><span class=\"aioseo-breadcrumb\">\n\tHaylou LS01 Smart Watch Wholesale\n<\/span><\/div>","aioseo_breadcrumb_json":[{"label":"Home","link":"https:\/\/www.rucashk.com\/es"},{"label":"Productos","link":"https:\/\/www.rucashk.com\/es\/products\/"},{"label":"Xiaomi Eco","link":"https:\/\/www.rucashk.com\/es\/categoria-producto\/xiaomi-eco\/"},{"label":"Haylou Smartwatch","link":"https:\/\/www.rucashk.com\/es\/categoria-producto\/xiaomi-eco\/haylou-smartwatch\/"},{"label":"Haylou LS01 Smart Watch Wholesale","link":"https:\/\/www.rucashk.com\/es\/producto\/haylou-ls01-smart-watch-wholesale\/"}],"_links":{"self":[{"href":"https:\/\/www.rucashk.com\/es\/wp-json\/wp\/v2\/product\/22002","targetHints":{"allow":["GET"]}}],"collection":[{"href":"https:\/\/www.rucashk.com\/es\/wp-json\/wp\/v2\/product"}],"about":[{"href":"https:\/\/www.rucashk.com\/es\/wp-json\/wp\/v2\/types\/product"}],"wp:featuredmedia":[{"embeddable":true,"href":"https:\/\/www.rucashk.com\/es\/wp-json\/wp\/v2\/media\/22114"}],"wp:attachment":[{"href":"https:\/\/www.rucashk.com\/es\/wp-json\/wp\/v2\/media?parent=22002"}],"wp:term":[{"taxonomy":"product_brand","embeddable":true,"href":"https:\/\/www.rucashk.com\/es\/wp-json\/wp\/v2\/product_brand?post=22002"},{"taxonomy":"product_cat","embeddable":true,"href":"https:\/\/www.rucashk.com\/es\/wp-json\/wp\/v2\/product_cat?post=22002"},{"taxonomy":"product_tag","embeddable":true,"href":"https:\/\/www.rucashk.com\/es\/wp-json\/wp\/v2\/product_tag?post=22002"}],"curies":[{"name":"wp","href":"https:\/\/api.w.org\/{rel}","templated":true}]}}