{"id":21963,"date":"2024-01-09T15:38:05","date_gmt":"2024-01-09T15:38:05","guid":{"rendered":"http:\/\/rucashk.com\/?post_type=product&#038;p=21963"},"modified":"2024-03-13T13:13:53","modified_gmt":"2024-03-13T13:13:53","slug":"brands-in-mi-store-five-sterilization-lamp","status":"publish","type":"product","link":"https:\/\/www.rucashk.com\/es\/producto\/brands-in-mi-store-five-sterilization-lamp\/","title":{"rendered":"Marcas en Mi Store Five L\u00e1mpara de esterilizaci\u00f3n"},"content":{"rendered":"<div id=\"imgBox\">\n<p style=\"text-align: center\"><img fetchpriority=\"high\" decoding=\"async\" class=\"bg_lazy alignnone\" title=\"\u5c0f\u7c73\u4e94\u4ee3\u667a\u80fd\u7d2b\u5916\u7ebf\u6740\u83cc\u706f\u6740\u83cc\u706f\u7d2b\u5916\u7ebf\u6740\u83cc\u667a\u80fd\u4eba\u4f53\u611f\u5e94\u5668\u7c73\u5bb6APP\u63a7\u5236\u5c0f\u7c73\u4f18\u54c1\" src=\"\/wp-content\/uploads\/replace\/23595ca980085ca6135b84f1f31214b2.jpeg\" alt=\"Brands in Mi Store Five Sterilization Lamp\" width=\"1024\" height=\"1024\" data-original=\"\/wp-content\/uploads\/replace\/23595ca980085ca6135b84f1f31214b2.jpeg\" \/><img decoding=\"async\" class=\"bg_lazy alignnone\" title=\"\u5c0f\u7c73\u4e94\u4ee3\u667a\u80fd\u7d2b\u5916\u7ebf\u6740\u83cc\u706f\u6740\u83cc\u706f\u7d2b\u5916\u7ebf\u6740\u83cc\u667a\u80fd\u4eba\u4f53\u611f\u5e94\u5668\u7c73\u5bb6APP\u63a7\u5236\u5c0f\u7c73\u4f18\u54c1\" src=\"\/wp-content\/uploads\/replace\/ddb364cb0022b17889a451435b99858c.jpeg\" alt=\"Brands in Mi Store Five Sterilization Lamp\" width=\"1000\" height=\"1000\" data-original=\"\/wp-content\/uploads\/replace\/ddb364cb0022b17889a451435b99858c.jpeg\" \/><img decoding=\"async\" class=\"bg_lazy alignnone\" title=\"\u5c0f\u7c73\u4e94\u4ee3\u667a\u80fd\u7d2b\u5916\u7ebf\u6740\u83cc\u706f\u6740\u83cc\u706f\u7d2b\u5916\u7ebf\u6740\u83cc\u667a\u80fd\u4eba\u4f53\u611f\u5e94\u5668\u7c73\u5bb6APP\u63a7\u5236\u5c0f\u7c73\u4f18\u54c1\" src=\"\/wp-content\/uploads\/replace\/63c80372a55327f89fc9a6e8a89e1cc6.jpeg\" alt=\"Brands in Mi Store Five Sterilization Lamp\" width=\"1024\" height=\"1024\" data-original=\"\/wp-content\/uploads\/replace\/63c80372a55327f89fc9a6e8a89e1cc6.jpeg\" \/><img loading=\"lazy\" decoding=\"async\" class=\"bg_lazy alignnone\" title=\"\u5c0f\u7c73\u4e94\u4ee3\u667a\u80fd\u7d2b\u5916\u7ebf\u6740\u83cc\u706f\u6740\u83cc\u706f\u7d2b\u5916\u7ebf\u6740\u83cc\u667a\u80fd\u4eba\u4f53\u611f\u5e94\u5668\u7c73\u5bb6APP\u63a7\u5236\u5c0f\u7c73\u4f18\u54c1\" src=\"\/wp-content\/uploads\/replace\/4c51d8ba84b82a60de4274834a23ebc2.jpeg\" alt=\"Brands in Mi Store Five Sterilization Lamp\" width=\"1024\" height=\"1024\" data-original=\"\/wp-content\/uploads\/replace\/4c51d8ba84b82a60de4274834a23ebc2.jpeg\" \/><img loading=\"lazy\" decoding=\"async\" class=\"bg_lazy alignnone\" title=\"\u5c0f\u7c73\u4e94\u4ee3\u667a\u80fd\u7d2b\u5916\u7ebf\u6740\u83cc\u706f\u6740\u83cc\u706f\u7d2b\u5916\u7ebf\u6740\u83cc\u667a\u80fd\u4eba\u4f53\u611f\u5e94\u5668\u7c73\u5bb6APP\u63a7\u5236\u5c0f\u7c73\u4f18\u54c1\" src=\"\/wp-content\/uploads\/replace\/2a5fd17e845df1db86e1bdc77f10eda9.jpeg\" alt=\"Brands in Mi Store Five Sterilization Lamp\" width=\"1000\" height=\"1000\" data-original=\"\/wp-content\/uploads\/replace\/2a5fd17e845df1db86e1bdc77f10eda9.jpeg\" \/><img loading=\"lazy\" decoding=\"async\" class=\"bg_lazy alignnone\" title=\"\u5c0f\u7c73\u4e94\u4ee3\u667a\u80fd\u7d2b\u5916\u7ebf\u6740\u83cc\u706f\u6740\u83cc\u706f\u7d2b\u5916\u7ebf\u6740\u83cc\u667a\u80fd\u4eba\u4f53\u611f\u5e94\u5668\u7c73\u5bb6APP\u63a7\u5236\u5c0f\u7c73\u4f18\u54c1\" src=\"\/wp-content\/uploads\/replace\/7b880e9feecdfc2b5be3592f722cbb36.jpeg\" alt=\"Brands in Mi Store Five Sterilization Lamp\" width=\"1024\" height=\"1024\" data-original=\"\/wp-content\/uploads\/replace\/7b880e9feecdfc2b5be3592f722cbb36.jpeg\" \/><img loading=\"lazy\" decoding=\"async\" class=\"bg_lazy alignnone\" title=\"\u5c0f\u7c73\u4e94\u4ee3\u667a\u80fd\u7d2b\u5916\u7ebf\u6740\u83cc\u706f\u6740\u83cc\u706f\u7d2b\u5916\u7ebf\u6740\u83cc\u667a\u80fd\u4eba\u4f53\u611f\u5e94\u5668\u7c73\u5bb6APP\u63a7\u5236\u5c0f\u7c73\u4f18\u54c1\" src=\"\/wp-content\/uploads\/replace\/689ae6d8e47f56574c0729559e41120a.jpeg\" alt=\"Brands in Mi Store Five Sterilization Lamp\" width=\"780\" height=\"780\" data-original=\"\/wp-content\/uploads\/replace\/689ae6d8e47f56574c0729559e41120a.jpeg\" \/><img loading=\"lazy\" decoding=\"async\" class=\"bg_lazy alignnone\" title=\"\u5c0f\u7c73\u4e94\u4ee3\u667a\u80fd\u7d2b\u5916\u7ebf\u6740\u83cc\u706f\u6740\u83cc\u706f\u7d2b\u5916\u7ebf\u6740\u83cc\u667a\u80fd\u4eba\u4f53\u611f\u5e94\u5668\u7c73\u5bb6APP\u63a7\u5236\u5c0f\u7c73\u4f18\u54c1\" src=\"\/wp-content\/uploads\/replace\/182b5faef41278d10e29f0d56a2c4568.jpeg\" alt=\"Brands in Mi Store Five Sterilization Lamp\" width=\"1000\" height=\"1000\" data-original=\"\/wp-content\/uploads\/replace\/182b5faef41278d10e29f0d56a2c4568.jpeg\" \/><\/p>\n<\/div>\n<div><\/div>\n<p style=\"text-align: left\">Pasos de operaci\u00f3n:<br \/>\n1. Mantenga presionado 3S, luego presione brevemente para iniciar el programa<br \/>\n2. Comience a trabajar unos 30 segundos despu\u00e9s de que no se detecte ninguna persona o mascota.<br \/>\n3. Cuando alguien se acerca durante el proceso de desinfecci\u00f3n, el timbre deja de funcionar y emite un pitido.<br \/>\n4. La l\u00e1mpara desinfectante seguir\u00e1 funcionando despu\u00e9s de que la persona\/mascota se haya ido durante unos 30 segundos.<br \/>\n5. Despu\u00e9s de la desinfecci\u00f3n, emitir\u00e1 un sonido largo, se iluminar\u00e1 y se apagar\u00e1.<\/p>\n<div style=\"text-align: left\"><\/div>\n<div style=\"text-align: left\">Operaci\u00f3n de red:<br \/>\n1. Abra la aplicaci\u00f3n Mijia para escanear el <a class=\"\" style=\"width: auto !important\" href=\"https:\/\/www.rucashk.com\/es\/the-updates-of-whatsapp-beta-add-real-security-and-qr-codes\/\" data-wpil-post-to-id=\"8968\">C\u00f3digo QR<\/a> instrucciones<br \/>\n2. Presione el bot\u00f3n durante 10 segundos y la luz indicadora del lado derecho se encender\u00e1.<br \/>\n3. Despu\u00e9s de que la conexi\u00f3n sea exitosa, opere de acuerdo con las indicaciones.<\/div>\n<div style=\"text-align: left\"><span style=\"font-family: Open Sans, Arial, Helvetica, sans-serif, Heiti\">\u200a<\/span><\/div>\n<div>\n<p>Especificaciones:<\/p>\n<p>Tama\u00f1o del producto: 245 mm x 120 mm x 120 mm<br \/>\nNombre del producto: cinco l\u00e1mparas de desinfecci\u00f3n inteligentes<br \/>\nModelo de producto: YSXDD001YS<br \/>\nEntrada nominal: 220V ~ 50Hz<br \/>\nPotencia nominal: 35W<br \/>\nFactor de esterilizaci\u00f3n: l\u00e1mpara de desinfecci\u00f3n ultravioleta.<br \/>\nSistema de soporte: Android4.4 o iOS9.0 o superior<br \/>\n\u00c1rea de uso: 20 m ~ 30 m<\/p>\n<p>Lista de embalaje:<\/p>\n<p>1 ultravioleta. <a class=\"\" style=\"width: auto !important\" href=\"https:\/\/www.rucashk.com\/es\/producto\/xiaomi-xiaoda-sterilizing-lamp\/\" data-wpil-post-to-id=\"3831\">l\u00e1mpara esterilizadora<\/a><\/p>\n<\/div>\n<p style=\"text-align: left\">","protected":false},"excerpt":{"rendered":"<p>Five kinds of intelligent sterilizing and sterilizing lamps are imported from philips ultraviolet lamp.<br \/>\nA lamp contains about one in 10 mercury thermometers, greatly reducing the risk of mercury contamination.<br \/>\nThe bulb can last up to 9000 hours.<br \/>\nThe customized chip design greatly improves the stability and consistency of the power supply, thus ensuring the safety and reliability of the product.<\/p>","protected":false},"featured_media":22090,"template":"","meta":[],"product_brand":[],"product_cat":[1318,1305],"product_tag":[582,628],"class_list":{"0":"post-21963","1":"product","2":"type-product","3":"status-publish","4":"has-post-thumbnail","6":"product_cat-gadgets","7":"product_cat-xiaomi-eco","8":"product_tag-mi-store","9":"product_tag-sterilization-lamp","11":"first","12":"instock","13":"shipping-taxable","14":"product-type-external"},"aioseo_notices":[],"aioseo_head":"\n\t\t<!-- All in One SEO Pro 4.5.9.2 - aioseo.com -->\n\t\t<meta name=\"description\" content=\"Five kinds of intelligent sterilizing and sterilizing lamps are imported from philips ultraviolet lamp. A lamp contains about one in 10 mercury thermometers, greatly reducing the risk of mercury contamination. The bulb can last up to 9000 hours. The customized chip design greatly improves the stability and consistency of the power supply, thus ensuring the safety and reliability of the product.\" \/>\n\t\t<meta name=\"robots\" content=\"max-image-preview:large\" \/>\n\t\t<link rel=\"canonical\" href=\"https:\/\/www.rucashk.com\/es\/producto\/brands-in-mi-store-five-sterilization-lamp\/\" \/>\n\t\t<meta name=\"generator\" content=\"All in One SEO Pro (AIOSEO) 4.5.9.2\" \/>\n\t\t<meta property=\"og:locale\" content=\"es_ES\" \/>\n\t\t<meta property=\"og:site_name\" content=\"Rucas - One-stop AIoT Distribution Worldwide\" \/>\n\t\t<meta property=\"og:type\" content=\"article\" \/>\n\t\t<meta property=\"og:title\" content=\"Brands in Mi Store Five Sterilization Lamp - Rucas - Wholesale and Distribution\" \/>\n\t\t<meta property=\"og:description\" content=\"Five kinds of intelligent sterilizing and sterilizing lamps are imported from philips ultraviolet lamp. A lamp contains about one in 10 mercury thermometers, greatly reducing the risk of mercury contamination. The bulb can last up to 9000 hours. The customized chip design greatly improves the stability and consistency of the power supply, thus ensuring the safety and reliability of the product.\" \/>\n\t\t<meta property=\"og:url\" content=\"https:\/\/www.rucashk.com\/es\/producto\/brands-in-mi-store-five-sterilization-lamp\/\" \/>\n\t\t<meta property=\"og:image\" content=\"https:\/\/www.rucashk.com\/wp-content\/uploads\/replace\/503b8e645f128a97ccde2b6290747646.jpeg\" \/>\n\t\t<meta property=\"og:image:secure_url\" content=\"https:\/\/www.rucashk.com\/wp-content\/uploads\/replace\/503b8e645f128a97ccde2b6290747646.jpeg\" \/>\n\t\t<meta property=\"og:image:width\" content=\"1456\" \/>\n\t\t<meta property=\"og:image:height\" content=\"816\" \/>\n\t\t<meta property=\"article:published_time\" content=\"2024-01-09T15:38:05+00:00\" \/>\n\t\t<meta property=\"article:modified_time\" content=\"2024-03-13T13:13:53+00:00\" \/>\n\t\t<meta name=\"twitter:card\" content=\"summary_large_image\" \/>\n\t\t<meta name=\"twitter:title\" content=\"Brands in Mi Store Five Sterilization Lamp - Rucas - Wholesale and Distribution\" \/>\n\t\t<meta name=\"twitter:description\" content=\"Five kinds of intelligent sterilizing and sterilizing lamps are imported from philips ultraviolet lamp. A lamp contains about one in 10 mercury thermometers, greatly reducing the risk of mercury contamination. The bulb can last up to 9000 hours. The customized chip design greatly improves the stability and consistency of the power supply, thus ensuring the safety and reliability of the product.\" \/>\n\t\t<meta name=\"twitter:image\" content=\"https:\/\/www.rucashk.com\/wp-content\/uploads\/replace\/503b8e645f128a97ccde2b6290747646.jpeg\" \/>\n\t\t<script type=\"application\/ld+json\" class=\"aioseo-schema\">\n\t\t\t{\"@context\":\"https:\\\/\\\/schema.org\",\"@graph\":[{\"@type\":\"BreadcrumbList\",\"@id\":\"https:\\\/\\\/www.rucashk.com\\\/es\\\/producto\\\/brands-in-mi-store-five-sterilization-lamp\\\/#breadcrumblist\",\"itemListElement\":[{\"@type\":\"ListItem\",\"@id\":\"https:\\\/\\\/www.rucashk.com\\\/es\\\/#listItem\",\"position\":1,\"name\":\"Home\",\"item\":\"https:\\\/\\\/www.rucashk.com\\\/es\\\/\",\"nextItem\":\"https:\\\/\\\/www.rucashk.com\\\/es\\\/producto\\\/brands-in-mi-store-five-sterilization-lamp\\\/#listItem\"},{\"@type\":\"ListItem\",\"@id\":\"https:\\\/\\\/www.rucashk.com\\\/es\\\/producto\\\/brands-in-mi-store-five-sterilization-lamp\\\/#listItem\",\"position\":2,\"name\":\"Brands in Mi Store Five Sterilization Lamp\",\"previousItem\":\"https:\\\/\\\/www.rucashk.com\\\/es\\\/#listItem\"}]},{\"@type\":\"Organization\",\"@id\":\"https:\\\/\\\/www.rucashk.com\\\/es\\\/#organization\",\"name\":\"Rucas\",\"url\":\"https:\\\/\\\/www.rucashk.com\\\/es\\\/\",\"logo\":{\"@type\":\"ImageObject\",\"url\":\"https:\\\/\\\/www.rucashk.com\\\/wp-content\\\/uploads\\\/2023\\\/12\\\/Rucas_campany_logo.png\",\"@id\":\"https:\\\/\\\/www.rucashk.com\\\/es\\\/producto\\\/brands-in-mi-store-five-sterilization-lamp\\\/#organizationLogo\",\"width\":221,\"height\":65},\"image\":{\"@id\":\"https:\\\/\\\/www.rucashk.com\\\/es\\\/#organizationLogo\"}},{\"@type\":\"Person\",\"@id\":\"https:\\\/\\\/www.rucashk.com\\\/es\\\/author\\\/admin\\\/#author\",\"url\":\"https:\\\/\\\/www.rucashk.com\\\/es\\\/author\\\/admin\\\/\",\"name\":\"admin\",\"image\":{\"@type\":\"ImageObject\",\"@id\":\"https:\\\/\\\/www.rucashk.com\\\/es\\\/producto\\\/brands-in-mi-store-five-sterilization-lamp\\\/#authorImage\",\"url\":\"https:\\\/\\\/secure.gravatar.com\\\/avatar\\\/b7c8925b09a27e72b30232f8ecaadbd5af0f70a38c78096863fe51b64f031c24?s=96&d=mm&r=g\",\"width\":96,\"height\":96,\"caption\":\"admin\"}},{\"@type\":\"WebPage\",\"@id\":\"https:\\\/\\\/www.rucashk.com\\\/es\\\/producto\\\/brands-in-mi-store-five-sterilization-lamp\\\/#webpage\",\"url\":\"https:\\\/\\\/www.rucashk.com\\\/es\\\/producto\\\/brands-in-mi-store-five-sterilization-lamp\\\/\",\"name\":\"Brands in Mi Store Five Sterilization Lamp - Rucas - Wholesale and Distribution\",\"description\":\"Five kinds of intelligent sterilizing and sterilizing lamps are imported from philips ultraviolet lamp. A lamp contains about one in 10 mercury thermometers, greatly reducing the risk of mercury contamination. The bulb can last up to 9000 hours. The customized chip design greatly improves the stability and consistency of the power supply, thus ensuring the safety and reliability of the product.\",\"inLanguage\":\"es-ES\",\"isPartOf\":{\"@id\":\"https:\\\/\\\/www.rucashk.com\\\/es\\\/#website\"},\"breadcrumb\":{\"@id\":\"https:\\\/\\\/www.rucashk.com\\\/es\\\/producto\\\/brands-in-mi-store-five-sterilization-lamp\\\/#breadcrumblist\"},\"author\":{\"@id\":\"https:\\\/\\\/www.rucashk.com\\\/es\\\/author\\\/admin\\\/#author\"},\"creator\":{\"@id\":\"https:\\\/\\\/www.rucashk.com\\\/es\\\/author\\\/admin\\\/#author\"},\"image\":{\"@type\":\"ImageObject\",\"url\":\"https:\\\/\\\/www.rucashk.com\\\/wp-content\\\/uploads\\\/2024\\\/01\\\/Xiaomi-FIVE-Intelligent-disinfection-lamp-Germicidal-Light-UVC-sterilization-intelligent-Human-body-sensor-Mijia-APP-contro-1.jpg\",\"@id\":\"https:\\\/\\\/www.rucashk.com\\\/es\\\/producto\\\/brands-in-mi-store-five-sterilization-lamp\\\/#mainImage\",\"width\":1000,\"height\":1000},\"primaryImageOfPage\":{\"@id\":\"https:\\\/\\\/www.rucashk.com\\\/es\\\/producto\\\/brands-in-mi-store-five-sterilization-lamp\\\/#mainImage\"},\"datePublished\":\"2024-01-09T15:38:05+00:00\",\"dateModified\":\"2024-03-13T13:13:53+00:00\"},{\"@type\":\"WebSite\",\"@id\":\"https:\\\/\\\/www.rucashk.com\\\/es\\\/#website\",\"url\":\"https:\\\/\\\/www.rucashk.com\\\/es\\\/\",\"name\":\"Rucas - Wholesale and distribution worldwide\",\"alternateName\":\"Rucas - One-stop AIoT Distribution Worldwide\",\"description\":\"One-stop AIoT Distribution Worldwide\",\"inLanguage\":\"es-ES\",\"publisher\":{\"@id\":\"https:\\\/\\\/www.rucashk.com\\\/es\\\/#organization\"}}]}\n\t\t<\/script>\n\t\t<!-- All in One SEO Pro -->\r\n\t\t<title>Brands in Mi Store Five Sterilization Lamp - Rucas - Wholesale and Distribution<\/title>\n\n","aioseo_head_json":{"title":"Brands in Mi Store Five Sterilization Lamp - Rucas - Wholesale and Distribution","description":"Five kinds of intelligent sterilizing and sterilizing lamps are imported from philips ultraviolet lamp. A lamp contains about one in 10 mercury thermometers, greatly reducing the risk of mercury contamination. The bulb can last up to 9000 hours. The customized chip design greatly improves the stability and consistency of the power supply, thus ensuring the safety and reliability of the product.","canonical_url":"https:\/\/www.rucashk.com\/es\/producto\/brands-in-mi-store-five-sterilization-lamp\/","robots":"max-image-preview:large","keywords":"","webmasterTools":{"miscellaneous":""},"og:locale":"es_ES","og:site_name":"Rucas - One-stop AIoT Distribution Worldwide","og:type":"article","og:title":"Brands in Mi Store Five Sterilization Lamp - Rucas - Wholesale and Distribution","og:description":"Five kinds of intelligent sterilizing and sterilizing lamps are imported from philips ultraviolet lamp. A lamp contains about one in 10 mercury thermometers, greatly reducing the risk of mercury contamination. The bulb can last up to 9000 hours. The customized chip design greatly improves the stability and consistency of the power supply, thus ensuring the safety and reliability of the product.","og:url":"https:\/\/www.rucashk.com\/es\/producto\/brands-in-mi-store-five-sterilization-lamp\/","og:image":"https:\/\/www.rucashk.com\/wp-content\/uploads\/replace\/503b8e645f128a97ccde2b6290747646.jpeg","og:image:secure_url":"https:\/\/www.rucashk.com\/wp-content\/uploads\/replace\/503b8e645f128a97ccde2b6290747646.jpeg","og:image:width":1456,"og:image:height":816,"article:published_time":"2024-01-09T15:38:05+00:00","article:modified_time":"2024-03-13T13:13:53+00:00","twitter:card":"summary_large_image","twitter:title":"Brands in Mi Store Five Sterilization Lamp - Rucas - Wholesale and Distribution","twitter:description":"Five kinds of intelligent sterilizing and sterilizing lamps are imported from philips ultraviolet lamp. A lamp contains about one in 10 mercury thermometers, greatly reducing the risk of mercury contamination. The bulb can last up to 9000 hours. The customized chip design greatly improves the stability and consistency of the power supply, thus ensuring the safety and reliability of the product.","twitter:image":"https:\/\/www.rucashk.com\/wp-content\/uploads\/replace\/503b8e645f128a97ccde2b6290747646.jpeg","schema":{"@context":"https:\/\/schema.org","@graph":[{"@type":"BreadcrumbList","@id":"https:\/\/www.rucashk.com\/es\/producto\/brands-in-mi-store-five-sterilization-lamp\/#breadcrumblist","itemListElement":[{"@type":"ListItem","@id":"https:\/\/www.rucashk.com\/es\/#listItem","position":1,"name":"Home","item":"https:\/\/www.rucashk.com\/es\/","nextItem":"https:\/\/www.rucashk.com\/es\/producto\/brands-in-mi-store-five-sterilization-lamp\/#listItem"},{"@type":"ListItem","@id":"https:\/\/www.rucashk.com\/es\/producto\/brands-in-mi-store-five-sterilization-lamp\/#listItem","position":2,"name":"Brands in Mi Store Five Sterilization Lamp","previousItem":"https:\/\/www.rucashk.com\/es\/#listItem"}]},{"@type":"Organization","@id":"https:\/\/www.rucashk.com\/es\/#organization","name":"Rucas","url":"https:\/\/www.rucashk.com\/es\/","logo":{"@type":"ImageObject","url":"https:\/\/www.rucashk.com\/wp-content\/uploads\/2023\/12\/Rucas_campany_logo.png","@id":"https:\/\/www.rucashk.com\/es\/producto\/brands-in-mi-store-five-sterilization-lamp\/#organizationLogo","width":221,"height":65},"image":{"@id":"https:\/\/www.rucashk.com\/es\/#organizationLogo"}},{"@type":"Person","@id":"https:\/\/www.rucashk.com\/es\/author\/admin\/#author","url":"https:\/\/www.rucashk.com\/es\/author\/admin\/","name":"admin","image":{"@type":"ImageObject","@id":"https:\/\/www.rucashk.com\/es\/producto\/brands-in-mi-store-five-sterilization-lamp\/#authorImage","url":"https:\/\/secure.gravatar.com\/avatar\/b7c8925b09a27e72b30232f8ecaadbd5af0f70a38c78096863fe51b64f031c24?s=96&d=mm&r=g","width":96,"height":96,"caption":"admin"}},{"@type":"WebPage","@id":"https:\/\/www.rucashk.com\/es\/producto\/brands-in-mi-store-five-sterilization-lamp\/#webpage","url":"https:\/\/www.rucashk.com\/es\/producto\/brands-in-mi-store-five-sterilization-lamp\/","name":"Brands in Mi Store Five Sterilization Lamp - Rucas - Wholesale and Distribution","description":"Five kinds of intelligent sterilizing and sterilizing lamps are imported from philips ultraviolet lamp. A lamp contains about one in 10 mercury thermometers, greatly reducing the risk of mercury contamination. The bulb can last up to 9000 hours. The customized chip design greatly improves the stability and consistency of the power supply, thus ensuring the safety and reliability of the product.","inLanguage":"es-ES","isPartOf":{"@id":"https:\/\/www.rucashk.com\/es\/#website"},"breadcrumb":{"@id":"https:\/\/www.rucashk.com\/es\/producto\/brands-in-mi-store-five-sterilization-lamp\/#breadcrumblist"},"author":{"@id":"https:\/\/www.rucashk.com\/es\/author\/admin\/#author"},"creator":{"@id":"https:\/\/www.rucashk.com\/es\/author\/admin\/#author"},"image":{"@type":"ImageObject","url":"https:\/\/www.rucashk.com\/wp-content\/uploads\/2024\/01\/Xiaomi-FIVE-Intelligent-disinfection-lamp-Germicidal-Light-UVC-sterilization-intelligent-Human-body-sensor-Mijia-APP-contro-1.jpg","@id":"https:\/\/www.rucashk.com\/es\/producto\/brands-in-mi-store-five-sterilization-lamp\/#mainImage","width":1000,"height":1000},"primaryImageOfPage":{"@id":"https:\/\/www.rucashk.com\/es\/producto\/brands-in-mi-store-five-sterilization-lamp\/#mainImage"},"datePublished":"2024-01-09T15:38:05+00:00","dateModified":"2024-03-13T13:13:53+00:00"},{"@type":"WebSite","@id":"https:\/\/www.rucashk.com\/es\/#website","url":"https:\/\/www.rucashk.com\/es\/","name":"Rucas - Wholesale and distribution worldwide","alternateName":"Rucas - One-stop AIoT Distribution Worldwide","description":"One-stop AIoT Distribution Worldwide","inLanguage":"es-ES","publisher":{"@id":"https:\/\/www.rucashk.com\/es\/#organization"}}]}},"aioseo_meta_data":{"post_id":"21963","title":null,"description":null,"keywords":null,"keyphrases":null,"primary_term":null,"canonical_url":null,"og_title":null,"og_description":null,"og_object_type":"default","og_image_type":"default","og_image_url":null,"og_image_width":null,"og_image_height":null,"og_image_custom_url":null,"og_image_custom_fields":null,"og_video":null,"og_custom_url":null,"og_article_section":null,"og_article_tags":null,"twitter_use_og":false,"twitter_card":"default","twitter_image_type":"default","twitter_image_url":null,"twitter_image_custom_url":null,"twitter_image_custom_fields":null,"twitter_title":null,"twitter_description":null,"schema":{"blockGraphs":[],"customGraphs":[],"default":{"data":{"Article":[],"Course":[],"Dataset":[],"FAQPage":[],"Movie":[],"Person":[],"Product":[],"Recipe":[],"Service":[],"SoftwareApplication":[],"WebPage":[]},"graphName":"","isEnabled":true},"graphs":[]},"schema_type":"default","schema_type_options":null,"pillar_content":false,"robots_default":true,"robots_noindex":false,"robots_noarchive":false,"robots_nosnippet":false,"robots_nofollow":false,"robots_noimageindex":false,"robots_noodp":false,"robots_notranslate":false,"robots_max_snippet":null,"robots_max_videopreview":null,"robots_max_imagepreview":"large","priority":null,"frequency":null,"local_seo":null,"breadcrumb_settings":null,"limit_modified_date":false,"created":"2024-04-11 01:55:21","updated":"2025-06-22 16:33:56"},"aioseo_breadcrumb":"<div class=\"aioseo-breadcrumbs\"><span class=\"aioseo-breadcrumb\">\n\t<a href=\"https:\/\/www.rucashk.com\/es\" title=\"Home\">Home<\/a>\n<\/span><span class=\"aioseo-breadcrumb-separator\">&raquo;<\/span><span class=\"aioseo-breadcrumb\">\n\t<a href=\"https:\/\/www.rucashk.com\/es\/products\/\" title=\"Productos\">Productos<\/a>\n<\/span><span class=\"aioseo-breadcrumb-separator\">&raquo;<\/span><span class=\"aioseo-breadcrumb\">\n\t<a href=\"https:\/\/www.rucashk.com\/es\/categoria-producto\/xiaomi-eco\/\" title=\"Xiaomi Eco\">Xiaomi Eco<\/a>\n<\/span><span class=\"aioseo-breadcrumb-separator\">&raquo;<\/span><span class=\"aioseo-breadcrumb\">\n\t<a href=\"https:\/\/www.rucashk.com\/es\/categoria-producto\/xiaomi-eco\/gadgets\/\" title=\"Gadgets\">Gadgets<\/a>\n<\/span><span class=\"aioseo-breadcrumb-separator\">&raquo;<\/span><span class=\"aioseo-breadcrumb\">\n\tBrands in Mi Store Five Sterilization Lamp\n<\/span><\/div>","aioseo_breadcrumb_json":[{"label":"Home","link":"https:\/\/www.rucashk.com\/es"},{"label":"Productos","link":"https:\/\/www.rucashk.com\/es\/products\/"},{"label":"Xiaomi Eco","link":"https:\/\/www.rucashk.com\/es\/categoria-producto\/xiaomi-eco\/"},{"label":"Gadgets","link":"https:\/\/www.rucashk.com\/es\/categoria-producto\/xiaomi-eco\/gadgets\/"},{"label":"Brands in Mi Store Five Sterilization Lamp","link":"https:\/\/www.rucashk.com\/es\/producto\/brands-in-mi-store-five-sterilization-lamp\/"}],"_links":{"self":[{"href":"https:\/\/www.rucashk.com\/es\/wp-json\/wp\/v2\/product\/21963","targetHints":{"allow":["GET"]}}],"collection":[{"href":"https:\/\/www.rucashk.com\/es\/wp-json\/wp\/v2\/product"}],"about":[{"href":"https:\/\/www.rucashk.com\/es\/wp-json\/wp\/v2\/types\/product"}],"wp:featuredmedia":[{"embeddable":true,"href":"https:\/\/www.rucashk.com\/es\/wp-json\/wp\/v2\/media\/22090"}],"wp:attachment":[{"href":"https:\/\/www.rucashk.com\/es\/wp-json\/wp\/v2\/media?parent=21963"}],"wp:term":[{"taxonomy":"product_brand","embeddable":true,"href":"https:\/\/www.rucashk.com\/es\/wp-json\/wp\/v2\/product_brand?post=21963"},{"taxonomy":"product_cat","embeddable":true,"href":"https:\/\/www.rucashk.com\/es\/wp-json\/wp\/v2\/product_cat?post=21963"},{"taxonomy":"product_tag","embeddable":true,"href":"https:\/\/www.rucashk.com\/es\/wp-json\/wp\/v2\/product_tag?post=21963"}],"curies":[{"name":"wp","href":"https:\/\/api.w.org\/{rel}","templated":true}]}}