{"id":21962,"date":"2024-01-09T15:38:05","date_gmt":"2024-01-09T15:38:05","guid":{"rendered":"http:\/\/rucashk.com\/?post_type=product&#038;p=21962"},"modified":"2024-01-21T10:43:42","modified_gmt":"2024-01-21T10:43:42","slug":"mi-home-mi-camera-xiaomi-smart-camera-ptz-pro","status":"publish","type":"product","link":"https:\/\/www.rucashk.com\/es\/producto\/mi-home-mi-camera-xiaomi-smart-camera-ptz-pro\/","title":{"rendered":"Mi Home Mi C\u00e1mara Xiaomi C\u00e1mara Inteligente PTZ Pro"},"content":{"rendered":"<div id=\"imgBox\" style=\"text-align: center\">\n<p><img class=\"bg_lazy\" title=\"[PTZ Pro]\u5c0f\u7c73\u7c73\u5bb62K 3\u767e\u4e07\u50cf\u7d20360\u00b0\u5168\u666f\u84dd\u72594.2\u667a\u80fdIP\u6444\u50cf\u673aAI\u68c0\u6d4b\u53cc\u5411\u5bf9\u8bb2\u5bb6\u7528\u5b89\u5168\u76d1\u63a7\u5668\" alt=\"\" data-original=\"https:\/\/imgaz.staticbg.com\/images\/oaupload\/banggood\/images\/82\/50\/32bf799d-507f-4d2d-b71b-c0ec198cdfc4.jpg\" \/><img fetchpriority=\"high\" decoding=\"async\" class=\"bg_lazy alignnone\" title=\"[PTZ Pro]\u5c0f\u7c73\u7c73\u5bb62K 3\u767e\u4e07\u50cf\u7d20360\u00b0\u5168\u666f\u84dd\u72594.2\u667a\u80fdIP\u6444\u50cf\u673aAI\u68c0\u6d4b\u53cc\u5411\u5bf9\u8bb2\u5bb6\u7528\u5b89\u5168\u76d1\u63a7\u5668\" src=\"https:\/\/www.rucashk.com\/wp-content\/uploads\/2020\/04\/21362f91-0a1e-4d9b-93b6-528495f5db14.jpg\" alt=\"\u5c0f\u7c73\u667a\u80fd\u76f8\u673aPTZ Pro\" width=\"1080\" height=\"1080\" data-original=\"https:\/\/www.rucashk.com\/wp-content\/uploads\/2020\/04\/21362f91-0a1e-4d9b-93b6-528495f5db14.jpg\" \/><img class=\"bg_lazy\" title=\"[PTZ Pro]\u5c0f\u7c73\u7c73\u5bb62K 3\u767e\u4e07\u50cf\u7d20360\u00b0\u5168\u666f\u84dd\u72594.2\u667a\u80fdIP\u6444\u50cf\u673aAI\u68c0\u6d4b\u53cc\u5411\u5bf9\u8bb2\u5bb6\u7528\u5b89\u5168\u76d1\u63a7\u5668\" alt=\"\" data-original=\"https:\/\/imgaz.staticbg.com\/images\/oaupload\/banggood\/images\/DD\/9A\/f456ff52-61d5-4287-ad9f-6bfe11a654cb.jpg\" \/><\/p>\n<p><img decoding=\"async\" class=\"bg_lazy alignnone\" title=\"[PTZ Pro]\u5c0f\u7c73\u7c73\u5bb62K 3\u767e\u4e07\u50cf\u7d20360\u00b0\u5168\u666f\u84dd\u72594.2\u667a\u80fdIP\u6444\u50cf\u673aAI\u68c0\u6d4b\u53cc\u5411\u5bf9\u8bb2\u5bb6\u7528\u5b89\u5168\u76d1\u63a7\u5668\" src=\"https:\/\/www.rucashk.com\/wp-content\/uploads\/2020\/04\/c3eeea40-7c18-4c30-b71f-ad59c4bbcc9a.jpg\" alt=\"\u5c0f\u7c73\u667a\u80fd\u76f8\u673aPTZ Pro\" width=\"1000\" height=\"511\" data-original=\"https:\/\/www.rucashk.com\/wp-content\/uploads\/2020\/04\/c3eeea40-7c18-4c30-b71f-ad59c4bbcc9a.jpg\" \/><img class=\"bg_lazy\" title=\"[PTZ Pro]\u5c0f\u7c73\u7c73\u5bb62K 3\u767e\u4e07\u50cf\u7d20360\u00b0\u5168\u666f\u84dd\u72594.2\u667a\u80fdIP\u6444\u50cf\u673aAI\u68c0\u6d4b\u53cc\u5411\u5bf9\u8bb2\u5bb6\u7528\u5b89\u5168\u76d1\u63a7\u5668\" alt=\"\" data-original=\"https:\/\/imgaz.staticbg.com\/images\/oaupload\/banggood\/images\/1A\/39\/74971247-092e-4a74-8838-bb7f3bb46f17.jpg\" \/><\/p>\n<\/div>\n<div id=\"specification\" style=\"text-align: center\">\n<h2><strong><span style=\"vertical-align: inherit\"><span style=\"vertical-align: inherit\"><span style=\"vertical-align: inherit\"><span style=\"vertical-align: inherit\">Especificaci\u00f3n:<\/span><\/span><\/span><\/span><\/strong><\/h2>\n<table border=\"1\" cellspacing=\"1\" cellpadding=\"1\">\n<tbody>\n<tr>\n<td colspan=\"2\"><strong><span style=\"vertical-align: inherit\"><span style=\"vertical-align: inherit\"><span style=\"vertical-align: inherit\"><span style=\"vertical-align: inherit\">Par\u00e1metro<\/span><\/span><\/span><\/span><\/strong><\/td>\n<\/tr>\n<tr>\n<td><span style=\"vertical-align: inherit\"><span style=\"vertical-align: inherit\"><span style=\"vertical-align: inherit\"><span style=\"vertical-align: inherit\">Marca<\/span><\/span><\/span><\/span><\/td>\n<td><span style=\"vertical-align: inherit\"><span style=\"vertical-align: inherit\"><span style=\"vertical-align: inherit\"><span style=\"vertical-align: inherit\">Xiaomi<\/span><\/span><\/span><\/span><\/td>\n<\/tr>\n<tr>\n<td><span style=\"vertical-align: inherit\"><span style=\"vertical-align: inherit\"><span style=\"vertical-align: inherit\"><span style=\"vertical-align: inherit\">Modelo<\/span><\/span><\/span><\/span><\/td>\n<td><span style=\"vertical-align: inherit\"><span style=\"vertical-align: inherit\"><span style=\"vertical-align: inherit\"><span style=\"vertical-align: inherit\">MJSXJ06CM<\/span><\/span><\/span><\/span><\/td>\n<\/tr>\n<tr>\n<td><span style=\"vertical-align: inherit\"><span style=\"vertical-align: inherit\"><span style=\"vertical-align: inherit\"><span style=\"vertical-align: inherit\">Nombre<\/span><\/span><\/span><\/span><\/td>\n<td><a class=\"\" style=\"width: auto !important\" href=\"https:\/\/www.rucashk.com\/es\/producto\/mi-smart-camera-2k\/\" data-wpil-post-to-id=\"5963\">C\u00e1mara IP inteligente PTZ Pro 2K de 3 megap\u00edxeles<\/a><\/td>\n<\/tr>\n<tr>\n<td><span style=\"vertical-align: inherit\"><span style=\"vertical-align: inherit\"><span style=\"vertical-align: inherit\"><span style=\"vertical-align: inherit\">\u00c1ngulo de la lente<\/span><\/span><\/span><\/span><\/td>\n<td><span style=\"vertical-align: inherit\"><span style=\"vertical-align: inherit\"><span style=\"vertical-align: inherit\"><span style=\"vertical-align: inherit\">110 grados<\/span><\/span><\/span><\/span><\/td>\n<\/tr>\n<tr>\n<td><span style=\"vertical-align: inherit\"><span style=\"vertical-align: inherit\"><span style=\"vertical-align: inherit\"><span style=\"vertical-align: inherit\">Abertura<\/span><\/span><\/span><\/span><\/td>\n<td><span style=\"vertical-align: inherit\"><span style=\"vertical-align: inherit\"><span style=\"vertical-align: inherit\"><span style=\"vertical-align: inherit\">F1.4<\/span><\/span><\/span><\/span><\/td>\n<\/tr>\n<tr>\n<td><span style=\"vertical-align: inherit\"><span style=\"vertical-align: inherit\"><span style=\"vertical-align: inherit\"><span style=\"vertical-align: inherit\">Resoluci\u00f3n<\/span><\/span><\/span><\/span><\/td>\n<td><span style=\"vertical-align: inherit\"><span style=\"vertical-align: inherit\"><span style=\"vertical-align: inherit\"><span style=\"vertical-align: inherit\">1296P (2K + 3 millones de p\u00edxeles)<\/span><\/span><\/span><\/span><\/td>\n<\/tr>\n<tr>\n<td>Est\u00e1ndar de compresi\u00f3n de v\u00eddeo<\/td>\n<td><span style=\"vertical-align: inherit\"><span style=\"vertical-align: inherit\"><span style=\"vertical-align: inherit\"><span style=\"vertical-align: inherit\">H.265<\/span><\/span><\/span><\/span><\/td>\n<\/tr>\n<tr>\n<td>Luz infrarroja<\/td>\n<td><span style=\"vertical-align: inherit\"><span style=\"vertical-align: inherit\"><span style=\"vertical-align: inherit\"><span style=\"vertical-align: inherit\">940 nm<\/span><\/span><\/span><\/span><\/td>\n<\/tr>\n<tr>\n<td rowspan=\"3\"><span style=\"vertical-align: inherit\"><span style=\"vertical-align: inherit\"><span style=\"vertical-align: inherit\"><span style=\"vertical-align: inherit\">Funciones de almacenamiento<\/span><\/span><\/span><\/span><\/td>\n<td>Tarjeta micro SD (m\u00e1ximo 32 GB)<br \/>\nalmacenamiento NAS<br \/>\nAlmacenamiento en la nube<\/td>\n<\/tr>\n<tr>\n<td colspan=\"1\" rowspan=\"2\"><\/td>\n<td><\/td>\n<\/tr>\n<tr>\n<td><\/td>\n<\/tr>\n<tr>\n<td><span style=\"vertical-align: inherit\"><span style=\"vertical-align: inherit\"><span style=\"vertical-align: inherit\"><span style=\"vertical-align: inherit\"><a class=\"\" style=\"width: auto !important\" href=\"https:\/\/www.rucashk.com\/es\/producto\/xiaomi-zmi-power-bank-2-20000mah-27w-charger-qc-3-0-power-supp\/\" data-wpil-post-to-id=\"2701\">Fuente de alimentaci\u00f3n<\/a><\/span><\/span><\/span><\/span><\/td>\n<td><span style=\"vertical-align: inherit\"><span style=\"vertical-align: inherit\"><span style=\"vertical-align: inherit\"><span style=\"vertical-align: inherit\">5V\/2A<\/span><\/span><\/span><\/span><\/td>\n<\/tr>\n<tr>\n<td><span style=\"vertical-align: inherit\"><span style=\"vertical-align: inherit\"><span style=\"vertical-align: inherit\"><span style=\"vertical-align: inherit\">Sistema soportado<\/span><\/span><\/span><\/span><\/td>\n<td><span style=\"vertical-align: inherit\"><span style=\"vertical-align: inherit\"><span style=\"vertical-align: inherit\"><span style=\"vertical-align: inherit\">Android 4.4 o iOS 9.0 o superior<\/span><\/span><\/span><\/span><\/td>\n<\/tr>\n<tr>\n<td><span style=\"vertical-align: inherit\"><span style=\"vertical-align: inherit\"><span style=\"vertical-align: inherit\"><span style=\"vertical-align: inherit\">Temperatura de trabajo<\/span><\/span><\/span><\/span><\/td>\n<td><span style=\"vertical-align: inherit\"><span style=\"vertical-align: inherit\"><span style=\"vertical-align: inherit\"><span style=\"vertical-align: inherit\">-10\u2103-50\u2103<\/span><\/span><\/span><\/span><\/td>\n<\/tr>\n<tr>\n<td><span style=\"vertical-align: inherit\"><span style=\"vertical-align: inherit\"><span style=\"vertical-align: inherit\"><span style=\"vertical-align: inherit\">Tama\u00f1o<\/span><\/span><\/span><\/span><\/td>\n<td><span style=\"vertical-align: inherit\"><span style=\"vertical-align: inherit\"><span style=\"vertical-align: inherit\"><span style=\"vertical-align: inherit\">122x78x78mm<\/span><\/span><\/span><\/span><\/td>\n<\/tr>\n<tr>\n<td><span style=\"vertical-align: inherit\"><span style=\"vertical-align: inherit\"><span style=\"vertical-align: inherit\"><span style=\"vertical-align: inherit\">Nombre de la aplicaci\u00f3n<\/span><\/span><\/span><\/span><\/td>\n<td>mika<\/td>\n<\/tr>\n<\/tbody>\n<\/table>\n<p>Embalaje incluido:<br \/>\n1 c\u00e1mara IP inteligente Xiaomi 2K de 3 megap\u00edxeles PTZ Pro.<br \/>\n1 cable de alimentaci\u00f3n<br \/>\n1 x cargador de enchufe americano<br \/>\n1 kit de montaje.<br \/>\n1 manual de usuario<\/p>\n<\/div>","protected":false},"excerpt":{"rendered":"<p>Caracteristica principal:<\/p>\n<p>Support low light recording, 2K recording.<br \/>\nDual-band Wi-Fi: 2.4GHz + 5GHz.<br \/>\nThe 3MP camera with af\/1.4 aperture can be tested manually by AI.<br \/>\nEquipped with 6P lens, can provide a 360-degree field of view.<br \/>\nSupport low-light recording and capture video in full color.<\/p>","protected":false},"featured_media":22087,"template":"","meta":[],"product_brand":[],"product_cat":[1316,1305],"product_tag":[627,621,420],"class_list":{"0":"post-21962","1":"product","2":"type-product","3":"status-publish","4":"has-post-thumbnail","6":"product_cat-mi-camera","7":"product_cat-xiaomi-eco","8":"product_tag-ptz","9":"product_tag-smart-camera","10":"product_tag-xiaomi","12":"first","13":"instock","14":"shipping-taxable","15":"product-type-external"},"aioseo_notices":[],"aioseo_head":"\n\t\t<!-- All in One SEO Pro 4.5.9.2 - aioseo.com -->\n\t\t<meta name=\"description\" content=\"Main Feature: Support low light recording, 2K recording. Dual-band Wi-Fi: 2.4GHz + 5GHz. The 3MP camera with af\/1.4 aperture can be tested manually by AI. Equipped with 6P lens, can provide a 360-degree field of view. Support low-light recording and capture video in full color.\" \/>\n\t\t<meta name=\"robots\" content=\"max-image-preview:large\" \/>\n\t\t<link rel=\"canonical\" href=\"https:\/\/www.rucashk.com\/es\/producto\/mi-home-mi-camera-xiaomi-smart-camera-ptz-pro\/\" \/>\n\t\t<meta name=\"generator\" content=\"All in One SEO Pro (AIOSEO) 4.5.9.2\" \/>\n\t\t<meta property=\"og:locale\" content=\"es_ES\" \/>\n\t\t<meta property=\"og:site_name\" content=\"Rucas - One-stop AIoT Distribution Worldwide\" \/>\n\t\t<meta property=\"og:type\" content=\"article\" \/>\n\t\t<meta property=\"og:title\" content=\"Mi Home Mi Camera Xiaomi Smart Camera PTZ Pro - Rucas - Wholesale and Distribution\" \/>\n\t\t<meta property=\"og:description\" content=\"Main Feature: Support low light recording, 2K recording. Dual-band Wi-Fi: 2.4GHz + 5GHz. The 3MP camera with af\/1.4 aperture can be tested manually by AI. Equipped with 6P lens, can provide a 360-degree field of view. Support low-light recording and capture video in full color.\" \/>\n\t\t<meta property=\"og:url\" content=\"https:\/\/www.rucashk.com\/es\/producto\/mi-home-mi-camera-xiaomi-smart-camera-ptz-pro\/\" \/>\n\t\t<meta property=\"og:image\" content=\"https:\/\/www.rucashk.com\/wp-content\/uploads\/replace\/503b8e645f128a97ccde2b6290747646.jpeg\" \/>\n\t\t<meta property=\"og:image:secure_url\" content=\"https:\/\/www.rucashk.com\/wp-content\/uploads\/replace\/503b8e645f128a97ccde2b6290747646.jpeg\" \/>\n\t\t<meta property=\"og:image:width\" content=\"1456\" \/>\n\t\t<meta property=\"og:image:height\" content=\"816\" \/>\n\t\t<meta property=\"article:published_time\" content=\"2024-01-09T15:38:05+00:00\" \/>\n\t\t<meta property=\"article:modified_time\" content=\"2024-01-21T10:43:42+00:00\" \/>\n\t\t<meta name=\"twitter:card\" content=\"summary_large_image\" \/>\n\t\t<meta name=\"twitter:title\" content=\"Mi Home Mi Camera Xiaomi Smart Camera PTZ Pro - Rucas - Wholesale and Distribution\" \/>\n\t\t<meta name=\"twitter:description\" content=\"Main Feature: Support low light recording, 2K recording. Dual-band Wi-Fi: 2.4GHz + 5GHz. The 3MP camera with af\/1.4 aperture can be tested manually by AI. Equipped with 6P lens, can provide a 360-degree field of view. Support low-light recording and capture video in full color.\" \/>\n\t\t<meta name=\"twitter:image\" content=\"https:\/\/www.rucashk.com\/wp-content\/uploads\/replace\/503b8e645f128a97ccde2b6290747646.jpeg\" \/>\n\t\t<script type=\"application\/ld+json\" class=\"aioseo-schema\">\n\t\t\t{\"@context\":\"https:\\\/\\\/schema.org\",\"@graph\":[{\"@type\":\"BreadcrumbList\",\"@id\":\"https:\\\/\\\/www.rucashk.com\\\/es\\\/producto\\\/mi-home-mi-camera-xiaomi-smart-camera-ptz-pro\\\/#breadcrumblist\",\"itemListElement\":[{\"@type\":\"ListItem\",\"@id\":\"https:\\\/\\\/www.rucashk.com\\\/es\\\/#listItem\",\"position\":1,\"name\":\"Home\",\"item\":\"https:\\\/\\\/www.rucashk.com\\\/es\\\/\",\"nextItem\":\"https:\\\/\\\/www.rucashk.com\\\/es\\\/producto\\\/mi-home-mi-camera-xiaomi-smart-camera-ptz-pro\\\/#listItem\"},{\"@type\":\"ListItem\",\"@id\":\"https:\\\/\\\/www.rucashk.com\\\/es\\\/producto\\\/mi-home-mi-camera-xiaomi-smart-camera-ptz-pro\\\/#listItem\",\"position\":2,\"name\":\"Mi Home Mi Camera Xiaomi Smart Camera PTZ Pro\",\"previousItem\":\"https:\\\/\\\/www.rucashk.com\\\/es\\\/#listItem\"}]},{\"@type\":\"Organization\",\"@id\":\"https:\\\/\\\/www.rucashk.com\\\/es\\\/#organization\",\"name\":\"Rucas\",\"url\":\"https:\\\/\\\/www.rucashk.com\\\/es\\\/\",\"logo\":{\"@type\":\"ImageObject\",\"url\":\"https:\\\/\\\/www.rucashk.com\\\/wp-content\\\/uploads\\\/2023\\\/12\\\/Rucas_campany_logo.png\",\"@id\":\"https:\\\/\\\/www.rucashk.com\\\/es\\\/producto\\\/mi-home-mi-camera-xiaomi-smart-camera-ptz-pro\\\/#organizationLogo\",\"width\":221,\"height\":65},\"image\":{\"@id\":\"https:\\\/\\\/www.rucashk.com\\\/es\\\/#organizationLogo\"}},{\"@type\":\"Person\",\"@id\":\"https:\\\/\\\/www.rucashk.com\\\/es\\\/author\\\/admin\\\/#author\",\"url\":\"https:\\\/\\\/www.rucashk.com\\\/es\\\/author\\\/admin\\\/\",\"name\":\"admin\",\"image\":{\"@type\":\"ImageObject\",\"@id\":\"https:\\\/\\\/www.rucashk.com\\\/es\\\/producto\\\/mi-home-mi-camera-xiaomi-smart-camera-ptz-pro\\\/#authorImage\",\"url\":\"https:\\\/\\\/secure.gravatar.com\\\/avatar\\\/b7c8925b09a27e72b30232f8ecaadbd5af0f70a38c78096863fe51b64f031c24?s=96&d=mm&r=g\",\"width\":96,\"height\":96,\"caption\":\"admin\"}},{\"@type\":\"WebPage\",\"@id\":\"https:\\\/\\\/www.rucashk.com\\\/es\\\/producto\\\/mi-home-mi-camera-xiaomi-smart-camera-ptz-pro\\\/#webpage\",\"url\":\"https:\\\/\\\/www.rucashk.com\\\/es\\\/producto\\\/mi-home-mi-camera-xiaomi-smart-camera-ptz-pro\\\/\",\"name\":\"Mi Home Mi Camera Xiaomi Smart Camera PTZ Pro - Rucas - Wholesale and Distribution\",\"description\":\"Main Feature: Support low light recording, 2K recording. Dual-band Wi-Fi: 2.4GHz + 5GHz. The 3MP camera with af\\\/1.4 aperture can be tested manually by AI. Equipped with 6P lens, can provide a 360-degree field of view. Support low-light recording and capture video in full color.\",\"inLanguage\":\"es-ES\",\"isPartOf\":{\"@id\":\"https:\\\/\\\/www.rucashk.com\\\/es\\\/#website\"},\"breadcrumb\":{\"@id\":\"https:\\\/\\\/www.rucashk.com\\\/es\\\/producto\\\/mi-home-mi-camera-xiaomi-smart-camera-ptz-pro\\\/#breadcrumblist\"},\"author\":{\"@id\":\"https:\\\/\\\/www.rucashk.com\\\/es\\\/author\\\/admin\\\/#author\"},\"creator\":{\"@id\":\"https:\\\/\\\/www.rucashk.com\\\/es\\\/author\\\/admin\\\/#author\"},\"image\":{\"@type\":\"ImageObject\",\"url\":\"https:\\\/\\\/www.rucashk.com\\\/wp-content\\\/uploads\\\/2024\\\/01\\\/2020-Original-Xiaomi-Mijia-Smart-360-Angle-Camera-PTZ-Pro-Gateway-and-Dual-frequency-5ghz-Wifi.jpg\",\"@id\":\"https:\\\/\\\/www.rucashk.com\\\/es\\\/producto\\\/mi-home-mi-camera-xiaomi-smart-camera-ptz-pro\\\/#mainImage\",\"width\":1000,\"height\":1000},\"primaryImageOfPage\":{\"@id\":\"https:\\\/\\\/www.rucashk.com\\\/es\\\/producto\\\/mi-home-mi-camera-xiaomi-smart-camera-ptz-pro\\\/#mainImage\"},\"datePublished\":\"2024-01-09T15:38:05+00:00\",\"dateModified\":\"2024-01-21T10:43:42+00:00\"},{\"@type\":\"WebSite\",\"@id\":\"https:\\\/\\\/www.rucashk.com\\\/es\\\/#website\",\"url\":\"https:\\\/\\\/www.rucashk.com\\\/es\\\/\",\"name\":\"Rucas - Wholesale and distribution worldwide\",\"alternateName\":\"Rucas - One-stop AIoT Distribution Worldwide\",\"description\":\"One-stop AIoT Distribution Worldwide\",\"inLanguage\":\"es-ES\",\"publisher\":{\"@id\":\"https:\\\/\\\/www.rucashk.com\\\/es\\\/#organization\"}}]}\n\t\t<\/script>\n\t\t<!-- All in One SEO Pro -->\r\n\t\t<title>Mi Home Mi Camera Xiaomi Smart Camera PTZ Pro - Rucas - Wholesale and Distribution<\/title>\n\n","aioseo_head_json":{"title":"Mi Home Mi Camera Xiaomi Smart Camera PTZ Pro - Rucas - Wholesale and Distribution","description":"Main Feature: Support low light recording, 2K recording. Dual-band Wi-Fi: 2.4GHz + 5GHz. The 3MP camera with af\/1.4 aperture can be tested manually by AI. Equipped with 6P lens, can provide a 360-degree field of view. Support low-light recording and capture video in full color.","canonical_url":"https:\/\/www.rucashk.com\/es\/producto\/mi-home-mi-camera-xiaomi-smart-camera-ptz-pro\/","robots":"max-image-preview:large","keywords":"","webmasterTools":{"miscellaneous":""},"og:locale":"es_ES","og:site_name":"Rucas - One-stop AIoT Distribution Worldwide","og:type":"article","og:title":"Mi Home Mi Camera Xiaomi Smart Camera PTZ Pro - Rucas - Wholesale and Distribution","og:description":"Main Feature: Support low light recording, 2K recording. Dual-band Wi-Fi: 2.4GHz + 5GHz. The 3MP camera with af\/1.4 aperture can be tested manually by AI. Equipped with 6P lens, can provide a 360-degree field of view. Support low-light recording and capture video in full color.","og:url":"https:\/\/www.rucashk.com\/es\/producto\/mi-home-mi-camera-xiaomi-smart-camera-ptz-pro\/","og:image":"https:\/\/www.rucashk.com\/wp-content\/uploads\/replace\/503b8e645f128a97ccde2b6290747646.jpeg","og:image:secure_url":"https:\/\/www.rucashk.com\/wp-content\/uploads\/replace\/503b8e645f128a97ccde2b6290747646.jpeg","og:image:width":1456,"og:image:height":816,"article:published_time":"2024-01-09T15:38:05+00:00","article:modified_time":"2024-01-21T10:43:42+00:00","twitter:card":"summary_large_image","twitter:title":"Mi Home Mi Camera Xiaomi Smart Camera PTZ Pro - Rucas - Wholesale and Distribution","twitter:description":"Main Feature: Support low light recording, 2K recording. Dual-band Wi-Fi: 2.4GHz + 5GHz. The 3MP camera with af\/1.4 aperture can be tested manually by AI. Equipped with 6P lens, can provide a 360-degree field of view. Support low-light recording and capture video in full color.","twitter:image":"https:\/\/www.rucashk.com\/wp-content\/uploads\/replace\/503b8e645f128a97ccde2b6290747646.jpeg","schema":{"@context":"https:\/\/schema.org","@graph":[{"@type":"BreadcrumbList","@id":"https:\/\/www.rucashk.com\/es\/producto\/mi-home-mi-camera-xiaomi-smart-camera-ptz-pro\/#breadcrumblist","itemListElement":[{"@type":"ListItem","@id":"https:\/\/www.rucashk.com\/es\/#listItem","position":1,"name":"Home","item":"https:\/\/www.rucashk.com\/es\/","nextItem":"https:\/\/www.rucashk.com\/es\/producto\/mi-home-mi-camera-xiaomi-smart-camera-ptz-pro\/#listItem"},{"@type":"ListItem","@id":"https:\/\/www.rucashk.com\/es\/producto\/mi-home-mi-camera-xiaomi-smart-camera-ptz-pro\/#listItem","position":2,"name":"Mi Home Mi Camera Xiaomi Smart Camera PTZ Pro","previousItem":"https:\/\/www.rucashk.com\/es\/#listItem"}]},{"@type":"Organization","@id":"https:\/\/www.rucashk.com\/es\/#organization","name":"Rucas","url":"https:\/\/www.rucashk.com\/es\/","logo":{"@type":"ImageObject","url":"https:\/\/www.rucashk.com\/wp-content\/uploads\/2023\/12\/Rucas_campany_logo.png","@id":"https:\/\/www.rucashk.com\/es\/producto\/mi-home-mi-camera-xiaomi-smart-camera-ptz-pro\/#organizationLogo","width":221,"height":65},"image":{"@id":"https:\/\/www.rucashk.com\/es\/#organizationLogo"}},{"@type":"Person","@id":"https:\/\/www.rucashk.com\/es\/author\/admin\/#author","url":"https:\/\/www.rucashk.com\/es\/author\/admin\/","name":"admin","image":{"@type":"ImageObject","@id":"https:\/\/www.rucashk.com\/es\/producto\/mi-home-mi-camera-xiaomi-smart-camera-ptz-pro\/#authorImage","url":"https:\/\/secure.gravatar.com\/avatar\/b7c8925b09a27e72b30232f8ecaadbd5af0f70a38c78096863fe51b64f031c24?s=96&d=mm&r=g","width":96,"height":96,"caption":"admin"}},{"@type":"WebPage","@id":"https:\/\/www.rucashk.com\/es\/producto\/mi-home-mi-camera-xiaomi-smart-camera-ptz-pro\/#webpage","url":"https:\/\/www.rucashk.com\/es\/producto\/mi-home-mi-camera-xiaomi-smart-camera-ptz-pro\/","name":"Mi Home Mi Camera Xiaomi Smart Camera PTZ Pro - Rucas - Wholesale and Distribution","description":"Main Feature: Support low light recording, 2K recording. Dual-band Wi-Fi: 2.4GHz + 5GHz. The 3MP camera with af\/1.4 aperture can be tested manually by AI. Equipped with 6P lens, can provide a 360-degree field of view. Support low-light recording and capture video in full color.","inLanguage":"es-ES","isPartOf":{"@id":"https:\/\/www.rucashk.com\/es\/#website"},"breadcrumb":{"@id":"https:\/\/www.rucashk.com\/es\/producto\/mi-home-mi-camera-xiaomi-smart-camera-ptz-pro\/#breadcrumblist"},"author":{"@id":"https:\/\/www.rucashk.com\/es\/author\/admin\/#author"},"creator":{"@id":"https:\/\/www.rucashk.com\/es\/author\/admin\/#author"},"image":{"@type":"ImageObject","url":"https:\/\/www.rucashk.com\/wp-content\/uploads\/2024\/01\/2020-Original-Xiaomi-Mijia-Smart-360-Angle-Camera-PTZ-Pro-Gateway-and-Dual-frequency-5ghz-Wifi.jpg","@id":"https:\/\/www.rucashk.com\/es\/producto\/mi-home-mi-camera-xiaomi-smart-camera-ptz-pro\/#mainImage","width":1000,"height":1000},"primaryImageOfPage":{"@id":"https:\/\/www.rucashk.com\/es\/producto\/mi-home-mi-camera-xiaomi-smart-camera-ptz-pro\/#mainImage"},"datePublished":"2024-01-09T15:38:05+00:00","dateModified":"2024-01-21T10:43:42+00:00"},{"@type":"WebSite","@id":"https:\/\/www.rucashk.com\/es\/#website","url":"https:\/\/www.rucashk.com\/es\/","name":"Rucas - Wholesale and distribution worldwide","alternateName":"Rucas - One-stop AIoT Distribution Worldwide","description":"One-stop AIoT Distribution Worldwide","inLanguage":"es-ES","publisher":{"@id":"https:\/\/www.rucashk.com\/es\/#organization"}}]}},"aioseo_meta_data":{"post_id":"21962","title":null,"description":null,"keywords":null,"keyphrases":null,"primary_term":null,"canonical_url":null,"og_title":null,"og_description":null,"og_object_type":"default","og_image_type":"default","og_image_url":null,"og_image_width":null,"og_image_height":null,"og_image_custom_url":null,"og_image_custom_fields":null,"og_video":null,"og_custom_url":null,"og_article_section":null,"og_article_tags":null,"twitter_use_og":false,"twitter_card":"default","twitter_image_type":"default","twitter_image_url":null,"twitter_image_custom_url":null,"twitter_image_custom_fields":null,"twitter_title":null,"twitter_description":null,"schema":{"blockGraphs":[],"customGraphs":[],"default":{"data":{"Article":[],"Course":[],"Dataset":[],"FAQPage":[],"Movie":[],"Person":[],"Product":[],"Recipe":[],"Service":[],"SoftwareApplication":[],"WebPage":[]},"graphName":"","isEnabled":true},"graphs":[]},"schema_type":"default","schema_type_options":null,"pillar_content":false,"robots_default":true,"robots_noindex":false,"robots_noarchive":false,"robots_nosnippet":false,"robots_nofollow":false,"robots_noimageindex":false,"robots_noodp":false,"robots_notranslate":false,"robots_max_snippet":null,"robots_max_videopreview":null,"robots_max_imagepreview":"large","priority":null,"frequency":null,"local_seo":null,"breadcrumb_settings":null,"limit_modified_date":false,"created":"2024-04-11 01:55:21","updated":"2025-06-22 16:33:55"},"aioseo_breadcrumb":"<div class=\"aioseo-breadcrumbs\"><span class=\"aioseo-breadcrumb\">\n\t<a href=\"https:\/\/www.rucashk.com\/es\" title=\"Home\">Home<\/a>\n<\/span><span class=\"aioseo-breadcrumb-separator\">&raquo;<\/span><span class=\"aioseo-breadcrumb\">\n\t<a href=\"https:\/\/www.rucashk.com\/es\/products\/\" title=\"Productos\">Productos<\/a>\n<\/span><span class=\"aioseo-breadcrumb-separator\">&raquo;<\/span><span class=\"aioseo-breadcrumb\">\n\t<a href=\"https:\/\/www.rucashk.com\/es\/categoria-producto\/xiaomi-eco\/\" title=\"Xiaomi Eco\">Xiaomi Eco<\/a>\n<\/span><span class=\"aioseo-breadcrumb-separator\">&raquo;<\/span><span class=\"aioseo-breadcrumb\">\n\t<a href=\"https:\/\/www.rucashk.com\/es\/categoria-producto\/xiaomi-eco\/mi-camera\/\" title=\"Mi Camera\">Mi Camera<\/a>\n<\/span><span class=\"aioseo-breadcrumb-separator\">&raquo;<\/span><span class=\"aioseo-breadcrumb\">\n\tMi Home Mi Camera Xiaomi Smart Camera PTZ Pro\n<\/span><\/div>","aioseo_breadcrumb_json":[{"label":"Home","link":"https:\/\/www.rucashk.com\/es"},{"label":"Productos","link":"https:\/\/www.rucashk.com\/es\/products\/"},{"label":"Xiaomi Eco","link":"https:\/\/www.rucashk.com\/es\/categoria-producto\/xiaomi-eco\/"},{"label":"Mi Camera","link":"https:\/\/www.rucashk.com\/es\/categoria-producto\/xiaomi-eco\/mi-camera\/"},{"label":"Mi Home Mi Camera Xiaomi Smart Camera PTZ Pro","link":"https:\/\/www.rucashk.com\/es\/producto\/mi-home-mi-camera-xiaomi-smart-camera-ptz-pro\/"}],"_links":{"self":[{"href":"https:\/\/www.rucashk.com\/es\/wp-json\/wp\/v2\/product\/21962","targetHints":{"allow":["GET"]}}],"collection":[{"href":"https:\/\/www.rucashk.com\/es\/wp-json\/wp\/v2\/product"}],"about":[{"href":"https:\/\/www.rucashk.com\/es\/wp-json\/wp\/v2\/types\/product"}],"wp:featuredmedia":[{"embeddable":true,"href":"https:\/\/www.rucashk.com\/es\/wp-json\/wp\/v2\/media\/22087"}],"wp:attachment":[{"href":"https:\/\/www.rucashk.com\/es\/wp-json\/wp\/v2\/media?parent=21962"}],"wp:term":[{"taxonomy":"product_brand","embeddable":true,"href":"https:\/\/www.rucashk.com\/es\/wp-json\/wp\/v2\/product_brand?post=21962"},{"taxonomy":"product_cat","embeddable":true,"href":"https:\/\/www.rucashk.com\/es\/wp-json\/wp\/v2\/product_cat?post=21962"},{"taxonomy":"product_tag","embeddable":true,"href":"https:\/\/www.rucashk.com\/es\/wp-json\/wp\/v2\/product_tag?post=21962"}],"curies":[{"name":"wp","href":"https:\/\/api.w.org\/{rel}","templated":true}]}}