{"id":21961,"date":"2024-01-09T15:38:05","date_gmt":"2024-01-09T15:38:05","guid":{"rendered":"http:\/\/rucashk.com\/?post_type=product&#038;p=21961"},"modified":"2024-01-21T10:43:01","modified_gmt":"2024-01-21T10:43:01","slug":"mi-home-mi-camera-mi-smart-camera-2k","status":"publish","type":"product","link":"https:\/\/www.rucashk.com\/es\/producto\/mi-home-mi-camera-mi-smart-camera-2k\/","title":{"rendered":"Mi Home Mi C\u00e1mara Mi C\u00e1mara Inteligente 2K"},"content":{"rendered":"<h3 style=\"text-align: center\"><strong>Mi Home Mi C\u00e1mara Mi C\u00e1mara Inteligente 2K<\/strong><\/h3>\n<p style=\"text-align: center\"><a href=\"https:\/\/www.gizmochina.com\/tag\/xiaomi\/\" target=\"_blank\" rel=\"noopener noreferrer\">Xiaomi<\/a>\u00a0es el anfitri\u00f3n del\u00a0<a href=\"https:\/\/www.gizmochina.com\/2020\/04\/03\/the-mi-fan-festival-2020-sale-featuring-great-discounts-big-coupons-and-unmissable-deals-kicks-off-on-gearbest\/\" target=\"_blank\" rel=\"noopener noreferrer\">mi festival<\/a>\u00a0evento de hoy (3 de abril de 2020) y organiza la conferencia de lanzamiento de varios productos nuevos. Entre los diversos dispositivos que se lanzar\u00e1n, un par de <a class=\"\" style=\"width: auto !important\" href=\"https:\/\/www.rucashk.com\/es\/producto\/xiaomi-smart-camera-ptz-pro\/\" data-wpil-post-to-id=\"5968\">C\u00e1maras Mi Smart PTZ<\/a> tambi\u00e9n han sido anunciados.<\/p>\n<p style=\"text-align: center\">Las dos nuevas c\u00e1maras incluyen la Xiaomi Mi Smart Camera PTZ y la variante PTZ Pro. El <a class=\"\" style=\"width: auto !important\" href=\"https:\/\/www.rucashk.com\/es\/producto\/imi-c1-home-security-camera-1080p\/\" data-wpil-post-to-id=\"5895\">Las c\u00e1maras son parte de los electrodom\u00e9sticos inteligentes del gigante tecnol\u00f3gico chino y esencialmente sirven como seguridad.<\/a> c\u00e1maras en los domicilios de los usuarios. Es decir, pueden usarse para monitorear su casa de forma remota o incluso informarle de una entrada ilegal en el peor de los casos.<\/p>\n<figure id=\"attachment_314586\" class=\"wp-caption aligncenter\" aria-describedby=\"caption-attachment-314586\"><img fetchpriority=\"high\" decoding=\"async\" class=\"wp-image-314586 size-full\" src=\"https:\/\/www.rucashk.com\/wp-content\/uploads\/2020\/04\/pms_1585726990.53483384.jpg\" alt=\"Xiaomi Mi Smart Camera PTZ\" width=\"800\" height=\"800\" \/><figcaption id=\"caption-attachment-314586\" class=\"wp-caption-text\">C\u00e1mara inteligente Xiaomi Mi PTZ<\/figcaption><\/figure>\n<p style=\"text-align: left\">Comenzando con Mi Smart Camera PTZ, cuenta con una c\u00e1mara de 3 megap\u00edxeles con apertura af\/1.4. El dispositivo admite grabaci\u00f3n con poca luz y el v\u00eddeo tambi\u00e9n se captura a todo color. Un aspecto notable de esta versi\u00f3n es que admite grabaci\u00f3n 2K. En otras palabras, puede capturar v\u00eddeos con mayor fidelidad, lo que permite capturar m\u00e1s detalles. El dispositivo cuenta con una lente 6P y puede ofrecer un campo de visi\u00f3n de 360 grados, ya que es capaz de girar.<\/p>\n<p><img decoding=\"async\" class=\"alignnone size-full wp-image-11129\" src=\"https:\/\/www.rucashk.com\/wp-content\/uploads\/2020\/04\/6d9eedc66ad3-1_\u526f\u672c.jpg\" alt=\"\" width=\"1000\" height=\"1000\" \/><\/p>\n<p><img decoding=\"async\" class=\"alignnone size-full wp-image-11130\" src=\"https:\/\/www.rucashk.com\/wp-content\/uploads\/2020\/04\/363983547f04_\u526f\u672c.jpg\" alt=\"\" width=\"958\" height=\"1107\" \/><\/p>\n<p><img loading=\"lazy\" decoding=\"async\" class=\"alignnone size-full wp-image-11131\" src=\"https:\/\/www.rucashk.com\/wp-content\/uploads\/2020\/04\/65d811e49e58_\u526f\u672c.jpg\" alt=\"\" width=\"958\" height=\"582\" \/><\/p>\n<p><img loading=\"lazy\" decoding=\"async\" class=\"alignnone size-full wp-image-11132\" src=\"https:\/\/www.rucashk.com\/wp-content\/uploads\/2020\/04\/6ed9f906235b_\u526f\u672c.jpg\" alt=\"\" width=\"958\" height=\"1102\" \/><\/p>\n<p><img loading=\"lazy\" decoding=\"async\" class=\"alignnone size-full wp-image-11133\" src=\"https:\/\/www.rucashk.com\/wp-content\/uploads\/2020\/04\/65d811e49e58_\u526f\u672c-1.jpg\" alt=\"\" width=\"958\" height=\"582\" \/><\/p>\n<p><img loading=\"lazy\" decoding=\"async\" class=\"alignnone size-full wp-image-11134\" src=\"https:\/\/www.rucashk.com\/wp-content\/uploads\/2020\/04\/1bfec7109399_\u526f\u672c.jpg\" alt=\"\" width=\"1000\" height=\"375\" \/><\/p>\n<p><img loading=\"lazy\" decoding=\"async\" class=\"alignnone size-full wp-image-11135\" src=\"https:\/\/www.rucashk.com\/wp-content\/uploads\/2020\/04\/eadc769ca619_\u526f\u672c.jpg\" alt=\"\" width=\"1000\" height=\"641\" \/><\/p>\n<p><img loading=\"lazy\" decoding=\"async\" class=\"alignnone size-full wp-image-11136\" src=\"https:\/\/www.rucashk.com\/wp-content\/uploads\/2020\/04\/d0ab668e17fa_\u526f\u672c.jpg\" alt=\"\" width=\"1000\" height=\"1000\" \/><\/p>\n<p><img loading=\"lazy\" decoding=\"async\" class=\"alignnone size-full wp-image-11137\" src=\"https:\/\/www.rucashk.com\/wp-content\/uploads\/2020\/04\/9cb9fa964408_\u526f\u672c.jpg\" alt=\"\" width=\"1000\" height=\"641\" \/><\/p>\n<p><img loading=\"lazy\" decoding=\"async\" class=\"alignnone size-full wp-image-11138\" src=\"https:\/\/www.rucashk.com\/wp-content\/uploads\/2020\/04\/9cb9a01068c6_\u526f\u672c.jpg\" alt=\"\" width=\"1500\" height=\"1500\" \/><\/p>\n<p><img loading=\"lazy\" decoding=\"async\" class=\"alignnone size-full wp-image-11139\" src=\"https:\/\/www.rucashk.com\/wp-content\/uploads\/2020\/04\/7eabd679f59b_\u526f\u672c.jpg\" alt=\"\" width=\"1000\" height=\"904\" \/><\/p>\n<p><img loading=\"lazy\" decoding=\"async\" class=\"alignnone size-full wp-image-11140\" src=\"https:\/\/www.rucashk.com\/wp-content\/uploads\/2020\/04\/7fe8293d3237_\u526f\u672c.jpg\" alt=\"\" width=\"1000\" height=\"796\" \/><\/p>\n<p><img loading=\"lazy\" decoding=\"async\" class=\"alignnone size-full wp-image-11141\" src=\"https:\/\/www.rucashk.com\/wp-content\/uploads\/2020\/04\/25c8c471215b_\u526f\u672c.jpg\" alt=\"\" width=\"1000\" height=\"408\" \/><\/p>\n<p><img loading=\"lazy\" decoding=\"async\" class=\"alignnone size-full wp-image-11142\" src=\"https:\/\/www.rucashk.com\/wp-content\/uploads\/2020\/04\/565b8dcc27ee_\u526f\u672c.jpg\" alt=\"\" width=\"800\" height=\"800\" \/><\/p>\n<p><img loading=\"lazy\" decoding=\"async\" class=\"alignnone wp-image-11143\" src=\"https:\/\/www.rucashk.com\/wp-content\/uploads\/2020\/04\/bdbc9f035edc_\u526f\u672c.jpg\" alt=\"\" width=\"944\" height=\"1135\" \/><\/p>\n<p>&nbsp;<\/p>","protected":false},"excerpt":{"rendered":"<p>Mi Home Mi Camera Mi Smart Camera 2K Xiaomi\u00a0is hosting the\u00a0Mi Festival\u00a0event today (3rd April 2020) and is hosting the launch conference for various new products. Among the various gadgets being released, a pair of Mi Smart PTZ cameras have also been announced. The two new cameras include the Xiaomi Mi Smart Camera PTZ and [&hellip;]<\/p>","protected":false},"featured_media":22084,"template":"","meta":[],"product_brand":[],"product_cat":[1316,1305],"product_tag":[620,621,420],"class_list":{"0":"post-21961","1":"product","2":"type-product","3":"status-publish","4":"has-post-thumbnail","6":"product_cat-mi-camera","7":"product_cat-xiaomi-eco","8":"product_tag-mi-camera","9":"product_tag-smart-camera","10":"product_tag-xiaomi","12":"first","13":"instock","14":"shipping-taxable","15":"product-type-external"},"aioseo_notices":[],"aioseo_head":"\n\t\t<!-- All in One SEO Pro 4.5.9.2 - aioseo.com -->\n\t\t<meta name=\"description\" content=\"Mi Home Mi Camera Mi Smart Camera 2K Xiaomi is hosting the Mi Festival event today (3rd April 2020) and is hosting the launch conference for various new products. Among the various gadgets being released, a pair of Mi Smart PTZ cameras have also been announced. The two new cameras include the Xiaomi Mi Smart Camera PTZ and\" \/>\n\t\t<meta name=\"robots\" content=\"max-image-preview:large\" \/>\n\t\t<link rel=\"canonical\" href=\"https:\/\/www.rucashk.com\/es\/producto\/mi-home-mi-camera-mi-smart-camera-2k\/\" \/>\n\t\t<meta name=\"generator\" content=\"All in One SEO Pro (AIOSEO) 4.5.9.2\" \/>\n\t\t<meta property=\"og:locale\" content=\"es_ES\" \/>\n\t\t<meta property=\"og:site_name\" content=\"Rucas - One-stop AIoT Distribution Worldwide\" \/>\n\t\t<meta property=\"og:type\" content=\"article\" \/>\n\t\t<meta property=\"og:title\" content=\"Mi Home Mi Camera Mi Smart Camera 2K - Rucas - Wholesale and Distribution\" \/>\n\t\t<meta property=\"og:description\" content=\"Mi Home Mi Camera Mi Smart Camera 2K Xiaomi is hosting the Mi Festival event today (3rd April 2020) and is hosting the launch conference for various new products. Among the various gadgets being released, a pair of Mi Smart PTZ cameras have also been announced. The two new cameras include the Xiaomi Mi Smart Camera PTZ and\" \/>\n\t\t<meta property=\"og:url\" content=\"https:\/\/www.rucashk.com\/es\/producto\/mi-home-mi-camera-mi-smart-camera-2k\/\" \/>\n\t\t<meta property=\"og:image\" content=\"https:\/\/www.rucashk.com\/wp-content\/uploads\/replace\/503b8e645f128a97ccde2b6290747646.jpeg\" \/>\n\t\t<meta property=\"og:image:secure_url\" content=\"https:\/\/www.rucashk.com\/wp-content\/uploads\/replace\/503b8e645f128a97ccde2b6290747646.jpeg\" \/>\n\t\t<meta property=\"og:image:width\" content=\"1456\" \/>\n\t\t<meta property=\"og:image:height\" content=\"816\" \/>\n\t\t<meta property=\"article:published_time\" content=\"2024-01-09T15:38:05+00:00\" \/>\n\t\t<meta property=\"article:modified_time\" content=\"2024-01-21T10:43:01+00:00\" \/>\n\t\t<meta name=\"twitter:card\" content=\"summary_large_image\" \/>\n\t\t<meta name=\"twitter:title\" content=\"Mi Home Mi Camera Mi Smart Camera 2K - Rucas - Wholesale and Distribution\" \/>\n\t\t<meta name=\"twitter:description\" content=\"Mi Home Mi Camera Mi Smart Camera 2K Xiaomi is hosting the Mi Festival event today (3rd April 2020) and is hosting the launch conference for various new products. Among the various gadgets being released, a pair of Mi Smart PTZ cameras have also been announced. The two new cameras include the Xiaomi Mi Smart Camera PTZ and\" \/>\n\t\t<meta name=\"twitter:image\" content=\"https:\/\/www.rucashk.com\/wp-content\/uploads\/replace\/503b8e645f128a97ccde2b6290747646.jpeg\" \/>\n\t\t<script type=\"application\/ld+json\" class=\"aioseo-schema\">\n\t\t\t{\"@context\":\"https:\\\/\\\/schema.org\",\"@graph\":[{\"@type\":\"BreadcrumbList\",\"@id\":\"https:\\\/\\\/www.rucashk.com\\\/es\\\/producto\\\/mi-home-mi-camera-mi-smart-camera-2k\\\/#breadcrumblist\",\"itemListElement\":[{\"@type\":\"ListItem\",\"@id\":\"https:\\\/\\\/www.rucashk.com\\\/es\\\/#listItem\",\"position\":1,\"name\":\"Home\",\"item\":\"https:\\\/\\\/www.rucashk.com\\\/es\\\/\",\"nextItem\":\"https:\\\/\\\/www.rucashk.com\\\/es\\\/producto\\\/mi-home-mi-camera-mi-smart-camera-2k\\\/#listItem\"},{\"@type\":\"ListItem\",\"@id\":\"https:\\\/\\\/www.rucashk.com\\\/es\\\/producto\\\/mi-home-mi-camera-mi-smart-camera-2k\\\/#listItem\",\"position\":2,\"name\":\"Mi Home  Mi Camera Mi Smart Camera 2K\",\"previousItem\":\"https:\\\/\\\/www.rucashk.com\\\/es\\\/#listItem\"}]},{\"@type\":\"Organization\",\"@id\":\"https:\\\/\\\/www.rucashk.com\\\/es\\\/#organization\",\"name\":\"Rucas\",\"url\":\"https:\\\/\\\/www.rucashk.com\\\/es\\\/\",\"logo\":{\"@type\":\"ImageObject\",\"url\":\"https:\\\/\\\/www.rucashk.com\\\/wp-content\\\/uploads\\\/2023\\\/12\\\/Rucas_campany_logo.png\",\"@id\":\"https:\\\/\\\/www.rucashk.com\\\/es\\\/producto\\\/mi-home-mi-camera-mi-smart-camera-2k\\\/#organizationLogo\",\"width\":221,\"height\":65},\"image\":{\"@id\":\"https:\\\/\\\/www.rucashk.com\\\/es\\\/#organizationLogo\"}},{\"@type\":\"Person\",\"@id\":\"https:\\\/\\\/www.rucashk.com\\\/es\\\/author\\\/admin\\\/#author\",\"url\":\"https:\\\/\\\/www.rucashk.com\\\/es\\\/author\\\/admin\\\/\",\"name\":\"admin\",\"image\":{\"@type\":\"ImageObject\",\"@id\":\"https:\\\/\\\/www.rucashk.com\\\/es\\\/producto\\\/mi-home-mi-camera-mi-smart-camera-2k\\\/#authorImage\",\"url\":\"https:\\\/\\\/secure.gravatar.com\\\/avatar\\\/b7c8925b09a27e72b30232f8ecaadbd5af0f70a38c78096863fe51b64f031c24?s=96&d=mm&r=g\",\"width\":96,\"height\":96,\"caption\":\"admin\"}},{\"@type\":\"WebPage\",\"@id\":\"https:\\\/\\\/www.rucashk.com\\\/es\\\/producto\\\/mi-home-mi-camera-mi-smart-camera-2k\\\/#webpage\",\"url\":\"https:\\\/\\\/www.rucashk.com\\\/es\\\/producto\\\/mi-home-mi-camera-mi-smart-camera-2k\\\/\",\"name\":\"Mi Home Mi Camera Mi Smart Camera 2K - Rucas - Wholesale and Distribution\",\"description\":\"Mi Home Mi Camera Mi Smart Camera 2K Xiaomi is hosting the Mi Festival event today (3rd April 2020) and is hosting the launch conference for various new products. Among the various gadgets being released, a pair of Mi Smart PTZ cameras have also been announced. The two new cameras include the Xiaomi Mi Smart Camera PTZ and\",\"inLanguage\":\"es-ES\",\"isPartOf\":{\"@id\":\"https:\\\/\\\/www.rucashk.com\\\/es\\\/#website\"},\"breadcrumb\":{\"@id\":\"https:\\\/\\\/www.rucashk.com\\\/es\\\/producto\\\/mi-home-mi-camera-mi-smart-camera-2k\\\/#breadcrumblist\"},\"author\":{\"@id\":\"https:\\\/\\\/www.rucashk.com\\\/es\\\/author\\\/admin\\\/#author\"},\"creator\":{\"@id\":\"https:\\\/\\\/www.rucashk.com\\\/es\\\/author\\\/admin\\\/#author\"},\"image\":{\"@type\":\"ImageObject\",\"url\":\"https:\\\/\\\/www.rucashk.com\\\/wp-content\\\/uploads\\\/2024\\\/01\\\/63908db520.jpg\",\"@id\":\"https:\\\/\\\/www.rucashk.com\\\/es\\\/producto\\\/mi-home-mi-camera-mi-smart-camera-2k\\\/#mainImage\",\"width\":696,\"height\":696},\"primaryImageOfPage\":{\"@id\":\"https:\\\/\\\/www.rucashk.com\\\/es\\\/producto\\\/mi-home-mi-camera-mi-smart-camera-2k\\\/#mainImage\"},\"datePublished\":\"2024-01-09T15:38:05+00:00\",\"dateModified\":\"2024-01-21T10:43:01+00:00\"},{\"@type\":\"WebSite\",\"@id\":\"https:\\\/\\\/www.rucashk.com\\\/es\\\/#website\",\"url\":\"https:\\\/\\\/www.rucashk.com\\\/es\\\/\",\"name\":\"Rucas - Wholesale and distribution worldwide\",\"alternateName\":\"Rucas - One-stop AIoT Distribution Worldwide\",\"description\":\"One-stop AIoT Distribution Worldwide\",\"inLanguage\":\"es-ES\",\"publisher\":{\"@id\":\"https:\\\/\\\/www.rucashk.com\\\/es\\\/#organization\"}}]}\n\t\t<\/script>\n\t\t<!-- All in One SEO Pro -->\r\n\t\t<title>Mi Home Mi Camera Mi Smart Camera 2K - Rucas - Wholesale and Distribution<\/title>\n\n","aioseo_head_json":{"title":"Mi Home Mi Camera Mi Smart Camera 2K - Rucas - Wholesale and Distribution","description":"Mi Home Mi Camera Mi Smart Camera 2K Xiaomi is hosting the Mi Festival event today (3rd April 2020) and is hosting the launch conference for various new products. Among the various gadgets being released, a pair of Mi Smart PTZ cameras have also been announced. The two new cameras include the Xiaomi Mi Smart Camera PTZ and","canonical_url":"https:\/\/www.rucashk.com\/es\/producto\/mi-home-mi-camera-mi-smart-camera-2k\/","robots":"max-image-preview:large","keywords":"","webmasterTools":{"miscellaneous":""},"og:locale":"es_ES","og:site_name":"Rucas - One-stop AIoT Distribution Worldwide","og:type":"article","og:title":"Mi Home Mi Camera Mi Smart Camera 2K - Rucas - Wholesale and Distribution","og:description":"Mi Home Mi Camera Mi Smart Camera 2K Xiaomi is hosting the Mi Festival event today (3rd April 2020) and is hosting the launch conference for various new products. Among the various gadgets being released, a pair of Mi Smart PTZ cameras have also been announced. The two new cameras include the Xiaomi Mi Smart Camera PTZ and","og:url":"https:\/\/www.rucashk.com\/es\/producto\/mi-home-mi-camera-mi-smart-camera-2k\/","og:image":"https:\/\/www.rucashk.com\/wp-content\/uploads\/replace\/503b8e645f128a97ccde2b6290747646.jpeg","og:image:secure_url":"https:\/\/www.rucashk.com\/wp-content\/uploads\/replace\/503b8e645f128a97ccde2b6290747646.jpeg","og:image:width":1456,"og:image:height":816,"article:published_time":"2024-01-09T15:38:05+00:00","article:modified_time":"2024-01-21T10:43:01+00:00","twitter:card":"summary_large_image","twitter:title":"Mi Home Mi Camera Mi Smart Camera 2K - Rucas - Wholesale and Distribution","twitter:description":"Mi Home Mi Camera Mi Smart Camera 2K Xiaomi is hosting the Mi Festival event today (3rd April 2020) and is hosting the launch conference for various new products. Among the various gadgets being released, a pair of Mi Smart PTZ cameras have also been announced. The two new cameras include the Xiaomi Mi Smart Camera PTZ and","twitter:image":"https:\/\/www.rucashk.com\/wp-content\/uploads\/replace\/503b8e645f128a97ccde2b6290747646.jpeg","schema":{"@context":"https:\/\/schema.org","@graph":[{"@type":"BreadcrumbList","@id":"https:\/\/www.rucashk.com\/es\/producto\/mi-home-mi-camera-mi-smart-camera-2k\/#breadcrumblist","itemListElement":[{"@type":"ListItem","@id":"https:\/\/www.rucashk.com\/es\/#listItem","position":1,"name":"Home","item":"https:\/\/www.rucashk.com\/es\/","nextItem":"https:\/\/www.rucashk.com\/es\/producto\/mi-home-mi-camera-mi-smart-camera-2k\/#listItem"},{"@type":"ListItem","@id":"https:\/\/www.rucashk.com\/es\/producto\/mi-home-mi-camera-mi-smart-camera-2k\/#listItem","position":2,"name":"Mi Home  Mi Camera Mi Smart Camera 2K","previousItem":"https:\/\/www.rucashk.com\/es\/#listItem"}]},{"@type":"Organization","@id":"https:\/\/www.rucashk.com\/es\/#organization","name":"Rucas","url":"https:\/\/www.rucashk.com\/es\/","logo":{"@type":"ImageObject","url":"https:\/\/www.rucashk.com\/wp-content\/uploads\/2023\/12\/Rucas_campany_logo.png","@id":"https:\/\/www.rucashk.com\/es\/producto\/mi-home-mi-camera-mi-smart-camera-2k\/#organizationLogo","width":221,"height":65},"image":{"@id":"https:\/\/www.rucashk.com\/es\/#organizationLogo"}},{"@type":"Person","@id":"https:\/\/www.rucashk.com\/es\/author\/admin\/#author","url":"https:\/\/www.rucashk.com\/es\/author\/admin\/","name":"admin","image":{"@type":"ImageObject","@id":"https:\/\/www.rucashk.com\/es\/producto\/mi-home-mi-camera-mi-smart-camera-2k\/#authorImage","url":"https:\/\/secure.gravatar.com\/avatar\/b7c8925b09a27e72b30232f8ecaadbd5af0f70a38c78096863fe51b64f031c24?s=96&d=mm&r=g","width":96,"height":96,"caption":"admin"}},{"@type":"WebPage","@id":"https:\/\/www.rucashk.com\/es\/producto\/mi-home-mi-camera-mi-smart-camera-2k\/#webpage","url":"https:\/\/www.rucashk.com\/es\/producto\/mi-home-mi-camera-mi-smart-camera-2k\/","name":"Mi Home Mi Camera Mi Smart Camera 2K - Rucas - Wholesale and Distribution","description":"Mi Home Mi Camera Mi Smart Camera 2K Xiaomi is hosting the Mi Festival event today (3rd April 2020) and is hosting the launch conference for various new products. Among the various gadgets being released, a pair of Mi Smart PTZ cameras have also been announced. The two new cameras include the Xiaomi Mi Smart Camera PTZ and","inLanguage":"es-ES","isPartOf":{"@id":"https:\/\/www.rucashk.com\/es\/#website"},"breadcrumb":{"@id":"https:\/\/www.rucashk.com\/es\/producto\/mi-home-mi-camera-mi-smart-camera-2k\/#breadcrumblist"},"author":{"@id":"https:\/\/www.rucashk.com\/es\/author\/admin\/#author"},"creator":{"@id":"https:\/\/www.rucashk.com\/es\/author\/admin\/#author"},"image":{"@type":"ImageObject","url":"https:\/\/www.rucashk.com\/wp-content\/uploads\/2024\/01\/63908db520.jpg","@id":"https:\/\/www.rucashk.com\/es\/producto\/mi-home-mi-camera-mi-smart-camera-2k\/#mainImage","width":696,"height":696},"primaryImageOfPage":{"@id":"https:\/\/www.rucashk.com\/es\/producto\/mi-home-mi-camera-mi-smart-camera-2k\/#mainImage"},"datePublished":"2024-01-09T15:38:05+00:00","dateModified":"2024-01-21T10:43:01+00:00"},{"@type":"WebSite","@id":"https:\/\/www.rucashk.com\/es\/#website","url":"https:\/\/www.rucashk.com\/es\/","name":"Rucas - Wholesale and distribution worldwide","alternateName":"Rucas - One-stop AIoT Distribution Worldwide","description":"One-stop AIoT Distribution Worldwide","inLanguage":"es-ES","publisher":{"@id":"https:\/\/www.rucashk.com\/es\/#organization"}}]}},"aioseo_meta_data":{"post_id":"21961","title":null,"description":null,"keywords":null,"keyphrases":null,"primary_term":null,"canonical_url":null,"og_title":null,"og_description":null,"og_object_type":"default","og_image_type":"default","og_image_url":null,"og_image_width":null,"og_image_height":null,"og_image_custom_url":null,"og_image_custom_fields":null,"og_video":null,"og_custom_url":null,"og_article_section":null,"og_article_tags":null,"twitter_use_og":false,"twitter_card":"default","twitter_image_type":"default","twitter_image_url":null,"twitter_image_custom_url":null,"twitter_image_custom_fields":null,"twitter_title":null,"twitter_description":null,"schema":{"blockGraphs":[],"customGraphs":[],"default":{"data":{"Article":[],"Course":[],"Dataset":[],"FAQPage":[],"Movie":[],"Person":[],"Product":[],"Recipe":[],"Service":[],"SoftwareApplication":[],"WebPage":[]},"graphName":"","isEnabled":true},"graphs":[]},"schema_type":"default","schema_type_options":null,"pillar_content":false,"robots_default":true,"robots_noindex":false,"robots_noarchive":false,"robots_nosnippet":false,"robots_nofollow":false,"robots_noimageindex":false,"robots_noodp":false,"robots_notranslate":false,"robots_max_snippet":null,"robots_max_videopreview":null,"robots_max_imagepreview":"large","priority":null,"frequency":null,"local_seo":null,"breadcrumb_settings":null,"limit_modified_date":false,"created":"2024-04-11 01:55:21","updated":"2025-06-22 16:33:55"},"aioseo_breadcrumb":"<div class=\"aioseo-breadcrumbs\"><span class=\"aioseo-breadcrumb\">\n\t<a href=\"https:\/\/www.rucashk.com\/es\" title=\"Home\">Home<\/a>\n<\/span><span class=\"aioseo-breadcrumb-separator\">&raquo;<\/span><span class=\"aioseo-breadcrumb\">\n\t<a href=\"https:\/\/www.rucashk.com\/es\/products\/\" title=\"Productos\">Productos<\/a>\n<\/span><span class=\"aioseo-breadcrumb-separator\">&raquo;<\/span><span class=\"aioseo-breadcrumb\">\n\t<a href=\"https:\/\/www.rucashk.com\/es\/categoria-producto\/xiaomi-eco\/\" title=\"Xiaomi Eco\">Xiaomi Eco<\/a>\n<\/span><span class=\"aioseo-breadcrumb-separator\">&raquo;<\/span><span class=\"aioseo-breadcrumb\">\n\t<a href=\"https:\/\/www.rucashk.com\/es\/categoria-producto\/xiaomi-eco\/mi-camera\/\" title=\"Mi Camera\">Mi Camera<\/a>\n<\/span><span class=\"aioseo-breadcrumb-separator\">&raquo;<\/span><span class=\"aioseo-breadcrumb\">\n\tMi Home  Mi Camera Mi Smart Camera 2K\n<\/span><\/div>","aioseo_breadcrumb_json":[{"label":"Home","link":"https:\/\/www.rucashk.com\/es"},{"label":"Productos","link":"https:\/\/www.rucashk.com\/es\/products\/"},{"label":"Xiaomi Eco","link":"https:\/\/www.rucashk.com\/es\/categoria-producto\/xiaomi-eco\/"},{"label":"Mi Camera","link":"https:\/\/www.rucashk.com\/es\/categoria-producto\/xiaomi-eco\/mi-camera\/"},{"label":"Mi Home  Mi Camera Mi Smart Camera 2K","link":"https:\/\/www.rucashk.com\/es\/producto\/mi-home-mi-camera-mi-smart-camera-2k\/"}],"_links":{"self":[{"href":"https:\/\/www.rucashk.com\/es\/wp-json\/wp\/v2\/product\/21961","targetHints":{"allow":["GET"]}}],"collection":[{"href":"https:\/\/www.rucashk.com\/es\/wp-json\/wp\/v2\/product"}],"about":[{"href":"https:\/\/www.rucashk.com\/es\/wp-json\/wp\/v2\/types\/product"}],"wp:featuredmedia":[{"embeddable":true,"href":"https:\/\/www.rucashk.com\/es\/wp-json\/wp\/v2\/media\/22084"}],"wp:attachment":[{"href":"https:\/\/www.rucashk.com\/es\/wp-json\/wp\/v2\/media?parent=21961"}],"wp:term":[{"taxonomy":"product_brand","embeddable":true,"href":"https:\/\/www.rucashk.com\/es\/wp-json\/wp\/v2\/product_brand?post=21961"},{"taxonomy":"product_cat","embeddable":true,"href":"https:\/\/www.rucashk.com\/es\/wp-json\/wp\/v2\/product_cat?post=21961"},{"taxonomy":"product_tag","embeddable":true,"href":"https:\/\/www.rucashk.com\/es\/wp-json\/wp\/v2\/product_tag?post=21961"}],"curies":[{"name":"wp","href":"https:\/\/api.w.org\/{rel}","templated":true}]}}