{"id":21844,"date":"2024-01-09T15:36:23","date_gmt":"2024-01-09T15:36:23","guid":{"rendered":"http:\/\/rucashk.com\/?post_type=product&#038;p=21844"},"modified":"2024-03-11T08:15:28","modified_gmt":"2024-03-11T08:15:28","slug":"wiko-view4-lite-dual-sim-smartphone","status":"publish","type":"product","link":"https:\/\/www.rucashk.com\/es\/producto\/wiko-view4-lite-dual-sim-smartphone\/","title":{"rendered":"Tel\u00e9fono inteligente Wiko View4 Lite con doble SIM"},"content":{"rendered":"<div class=\"container-\" style=\"text-align: center\">\n<div class=\"row pt-5\">\n<div class=\"hero__prem__header -bleen__bar mt-5 mb-5\">\n<h2 class=\"section__title\" data-division=\"0\">Bater\u00eda grande de 4000 mAh<\/h2>\n<\/div>\n<\/div>\n<\/div>\n<div class=\"row\" style=\"text-align: center\">\n<div class=\"col-12 mt-1 mb-5 text-center\">\n<div><img fetchpriority=\"high\" decoding=\"async\" class=\"img-fluid -two__format -resized alignnone\" src=\"\/wp-content\/uploads\/replace\/9240afdb7e36465c44ed99919891d4c1.jpeg\" alt=\"Wiko View4 Lite\" width=\"1920\" height=\"800\" \/><\/div>\n<\/div>\n<div class=\"-centered__textbox px-3\">\n<div class=\"col-12 pl-0\">\n<p>48 horas de resistencia<\/p>\n<p>Equipado con una bater\u00eda de 4000 mAh, el View4 Lite est\u00e1 disponible durante 2 d\u00edas con una sola carga, seg\u00fan lo verificado por el laboratorio de pruebas SmartViser.<br \/>\nHaz llamadas ilimitadas, env\u00eda mensajes de texto, reproduce tu m\u00fasica favorita o mira v\u00eddeos a trav\u00e9s de Internet.<br \/>\nView4 Lite proporciona una gran autonom\u00eda optimizando tanto el hardware como el software.<\/p>\n<p>C\u00e1mara inteligente tres en uno<\/p>\n<\/div>\n<\/div>\n<\/div>\n<div class=\"row\" style=\"text-align: center\">\n<div class=\"col-12 text-center mt-1 mb-5\">\n<div><img decoding=\"async\" class=\"img-fluid -two__format -resized alignnone\" src=\"\/wp-content\/uploads\/replace\/7b947fd90dc71f6fca9d66ad072bd956.jpeg\" alt=\"Wiko View4 Lite\" width=\"1920\" height=\"800\" \/><\/div>\n<\/div>\n<div class=\"-centered__textbox pb-5 mb-5\"><\/div>\n<\/div>\n<div class=\"container\" style=\"text-align: center\">\n<div class=\"row pt-5\">\n<div class=\"-centered__textbox col-12 pl-0\">\n<h3 class=\"-bleen__box d-none d-md-block mt-5 text-center\">C\u00e1mara tri en uno s\u00faper gran angular<\/h3>\n<\/div>\n<\/div>\n<\/div>\n<div class=\"row\" style=\"text-align: center\">\n<div class=\"col-12 text-center mt-1 mb-5\">\n<div><img decoding=\"async\" class=\"img-fluid -two__format -resized alignnone\" src=\"\/wp-content\/uploads\/replace\/a65a113c54c37f1841616ad27627dddf.jpeg\" alt=\"Wiko View4 Lite\" width=\"1920\" height=\"820\" \/><\/div>\n<\/div>\n<div class=\"-centered__textbox px-3 mt-5 pb-5 mb-5\">\n<p>\u00a1Usa una c\u00e1mara tres en uno para tomar fotograf\u00edas como un profesional!<br \/>\nEl sensor de 13MP captura fotograf\u00edas y retratos laboriosos.<br \/>\nEn el modo de dispersi\u00f3n, la c\u00e1mara de 13 megap\u00edxeles y el sensor de profundidad de 2 megap\u00edxeles pueden liberar colores art\u00edsticos para lograr un excelente efecto de desenfoque.<br \/>\nUtilice una c\u00e1mara ultra gran angular, paisajes eternos y fotograf\u00edas grupales.<\/p>\n<\/div>\n<\/div>\n<div class=\"big__img text-center text-center\" style=\"text-align: center\" data-target=\"#rp-285\">\n<div class=\"owl-carousel owl-carousel-default owl-loaded owl-drag\">\n<div class=\"owl-stage-outer\">\n<div class=\"owl-stage\">\n<div class=\"owl-item active\">\n<div data-hash=\"rp-1-285\">\n<div><img decoding=\"async\" class=\"-two__format -resized\" src=\"\/wp-content\/uploads\/replace\/a14894eaefddfd848ba68bfe128090bb.jpeg\" alt=\"\u4eba\u5de5\u667a\u80fd\u9a71\u52a8\" \/><\/div>\n<\/div>\n<\/div>\n<div class=\"owl-item\">\n<div data-hash=\"rp-2-285\">\n<div><img loading=\"lazy\" decoding=\"async\" class=\"-two__format -resized alignnone\" src=\"\/wp-content\/uploads\/replace\/951edd088d3a51679b3592715c9ed931.jpeg\" alt=\"Wiko View4 Lite\" width=\"1640\" height=\"700\" \/><\/div>\n<\/div>\n<\/div>\n<\/div>\n<\/div>\n<div class=\"owl-dots\"><\/div>\n<\/div>\n<p>&nbsp;<\/p>\n<\/div>\n<div class=\"row pb-4\" style=\"text-align: center\">\n<div class=\"-centered__textbox px-3\">\n<div id=\"rp-text-1-285\" class=\"row p-4 text__slider -active\">\n<p><strong><a class=\"\" style=\"width: auto !important\" href=\"https:\/\/www.rucashk.com\/es\/cancer-early-screening-ai-artificial-intelligence-technology-so-that-patients-can-avoid-cancer-syndrome-confusion\/\" data-wpil-post-to-id=\"7111\">Inteligencia artificial<\/a> conducir<\/strong><\/p>\n<p>La c\u00e1mara principal est\u00e1 equipada con inteligencia artificial, que puede detectar y ajustar autom\u00e1ticamente el paisaje.<\/p>\n<p>ROM de 32 gb y<br \/>\nProcesador \u00f3ctuple<br \/>\nGran memoria.<br \/>\nRendimiento fluido.<\/p>\n<p>El gran espacio de almacenamiento de 32 GB puede contener contenido importante: 4000 fotos, 50 episodios de su programa favorito o 300 \u00e1lbumes de m\u00fasica o 140 juegos.<br \/>\nUtilice una tarjeta microSD para ampliar el almacenamiento a 256 GB.<br \/>\nUtilice mediatek A25 8: acceso ilimitado al procesador central del tel\u00e9fono.<br \/>\nLa velocidad necesaria para manejar juegos casuales o aplicaciones populares.<\/p>\n<\/div>\n<\/div>\n<\/div>\n<div class=\"container\" style=\"text-align: center\">\n<div class=\"row pt-5\">\n<div class=\"col-md-6 px-0 pb-5\">\n<div><img loading=\"lazy\" decoding=\"async\" class=\"img-fluid alignnone\" src=\"\/wp-content\/uploads\/replace\/68d83d1b40c63c1bb3739ea83d54e7e2.jpeg\" alt=\"Wiko View4 Lite\" width=\"768\" height=\"971\" \/><\/div>\n<\/div>\n<\/div>\n<\/div>\n<div style=\"text-align: center\">\n<div class=\"container-fluid\">\n<div class=\"col-12\">\n<div class=\"svg__spec svg__spec__3 align-items-center text-center pb-5\"><\/div>\n<\/div>\n<\/div>\n<\/div>\n<div class=\"container\" style=\"text-align: center\">\n<div class=\"row mt-5 pt-5\">\n<div class=\"hero__prem__header -bleen__bar mt-5 mb-5\">\n<h2 class=\"section__title\" data-division=\"0\">Pantalla completa.<br \/>\nDise\u00f1o elegante.<\/h2>\n<\/div>\n<\/div>\n<\/div>\n<div class=\"row\" style=\"text-align: center\">\n<div class=\"col-12 text-center mt-1 mb-5\">\n<div><img loading=\"lazy\" decoding=\"async\" class=\"img-fluid -two__format -resized alignnone\" src=\"\/wp-content\/uploads\/replace\/57baba65ababc54f41ed2d887214d9f3.jpeg\" alt=\"Wiko View4 Lite\" width=\"1920\" height=\"800\" \/><\/div>\n<\/div>\n<div class=\"-centered__textbox px-3 pb-5 mb-5\">\n<p><strong>Pantalla totalmente inmersiva<\/strong><\/p>\n<p>El View4 Lite tiene una pantalla ultra inmersiva de 6,52 pulgadas con pantalla HD+.<br \/>\nLa pantalla 20:9 es mejor que la pantalla 20:9 y minimiza el espacio para garantizar una mejor experiencia visual con pantallas sin bordes.<\/p>\n<\/div>\n<\/div>\n<div style=\"text-align: center\">\n<div class=\"container-fluid\">\n<div class=\"col-12\">\n<div class=\"svg__spec svg__spec__3 align-items-center text-center pb-5\"><\/div>\n<\/div>\n<\/div>\n<\/div>\n<div class=\"row\" style=\"text-align: center\">\n<div class=\"-centered__textbox px-3 pb-5 mb-5\">\n<p>cuanto mas oscuro<\/p>\n<p>\u00bfPuedes elegir entre azul oscuro, dorado oscuro o verde oscuro?<br \/>\nLa contraportada tiene dos acabados, un azul marino brillante para un dise\u00f1o elegante y un acabado mate para dorado intenso y verde oscuro.<br \/>\nAdem\u00e1s, los accesorios personalizados originales de Wiko fueron dise\u00f1ados espec\u00edficamente para mostrar toda la belleza del View4 Lite, al tiempo que agregan caracter\u00edsticas ergon\u00f3micas para brindar una experiencia de usuario conveniente.<\/p>\n<\/div>\n<\/div>\n<div class=\"container-\" style=\"text-align: center\">\n<div class=\"row pt-5\">\n<div class=\"hero__prem__header -bleen__bar mt-5 mb-5\">\n<h2 class=\"section__title\" data-division=\"0\">bot\u00f3n asistente de google<\/h2>\n<\/div>\n<\/div>\n<\/div>\n<div class=\"row\" style=\"text-align: center\">\n<div class=\"col-12 mt-1 mb-5 text-center\">\n<div><img loading=\"lazy\" decoding=\"async\" class=\"img-fluid -two__format -resized alignnone\" src=\"\/wp-content\/uploads\/replace\/c59fc2d3633843b6dc8f03cf62b59f97.jpeg\" alt=\"Wiko View4 Lite\" width=\"1646\" height=\"763\" \/><\/div>\n<\/div>\n<div class=\"-centered__textbox px-3\">\n<div class=\"col-12 pl-0\">\n<h3 class=\"-bleen__box d-none d-md-block mt-5\">Acceso r\u00e1pido a funciones<\/h3>\n<\/div>\n<p>Con un solo clic, puede iniciar Walkie Talkie presionando el bot\u00f3n integrado del Asistente de Google y luego pedirle directamente a Google que configure una alarma, se tome una selfie, consulte el pron\u00f3stico del tiempo de ma\u00f1ana, encienda una linterna, etc.<br \/>\n\u00bfPor qu\u00e9 tomarse el tiempo para desbloquear su tel\u00e9fono o utilizar la palabra de llamada de atenci\u00f3n &quot;OK Google&quot;?<\/p>\n<\/div>\n<\/div>\n<div class=\"container\" style=\"text-align: center\">\n<div class=\"row mt-5 pt-5\">\n<div class=\"hero__prem__header -bleen__bar mt-5 mb-5\">\n<h2 class=\"section__title\" data-division=\"0\">Funciones y accesibilidad de Google<\/h2>\n<\/div>\n<\/div>\n<\/div>\n<div class=\"container\" style=\"text-align: center\">\n<div class=\"row\">\n<div class=\"col-md-6 px-0 pb-2\">\n<div><img loading=\"lazy\" decoding=\"async\" class=\"img-fluid alignnone\" src=\"\/wp-content\/uploads\/replace\/dcf3d7b97bb7930ba8654e10db0d10d7.jpeg\" alt=\"Wiko View4 Lite\" width=\"608\" height=\"608\" \/><\/div>\n<\/div>\n<div class=\"col-md-6 px-4 px-md-3 pb-2 d-flex flex-column justify-content-center\">\n<p>Control por voz y Android\u212210<\/p>\n<p>\u00a1Dilo y hazlo!<br \/>\nCon la activaci\u00f3n por voz, Google Lens\u2122 integrado te ayudar\u00e1 a buscar informaci\u00f3n sobre tus fotos u objetos e interactuar con el mundo que te rodea.<br \/>\nCombine todas las \u00faltimas innovaciones de Google con Android \u2122 10 *, incluidos subt\u00edtulos en vivo, respuestas inteligentes, navegaci\u00f3n basada en gestos y temas oscuros.<br \/>\n\u00a1Tu vida nunca ha sido m\u00e1s f\u00e1cil!<\/p>\n<p>* Android\u2122 es una marca registrada de Google LLC<\/p>\n<p>Seguridad de desbloqueo facial<\/p>\n<p>Utilice la funci\u00f3n &quot;desbloqueo facial&quot; para desbloquear el dispositivo de forma r\u00e1pida y segura con solo mirar la pantalla.<\/p>\n<\/div>\n<\/div>\n<\/div>\n<div class=\"container\" style=\"text-align: center\">\n<div class=\"row\">\n<div class=\"col-md-6 px-0 pb-2\">\n<div><img loading=\"lazy\" decoding=\"async\" class=\"img-fluid alignnone\" src=\"\/wp-content\/uploads\/replace\/1ce7cf4435306b27d3e4cb3236125fcd.jpeg\" alt=\"Wiko View4 Lite\" width=\"608\" height=\"608\" \/><\/div>\n<\/div>\n<\/div>\n<\/div>\n<p style=\"text-align: center\">","protected":false},"excerpt":{"rendered":"<h4><\/h4>\n<ul>\n<li>Principales caracter\u00edsticas:<br \/>\n6.52-inch hd + 1560 x 720 screen<br \/>\nThe 1.8ghz MediaTek Helio A25 eight-core CPU is used<br \/>\n2GB RAM + 64GB ROM, up to 256GB RAM can be added<br \/>\nRear camera 13MP + 2MP<br \/>\n5MP front facing camera<br \/>\nLithium 4000 mAh battery<br \/>\nOperating system version: Android 10.0<\/li>\n<\/ul>","protected":false},"featured_media":21985,"template":"","meta":[],"product_brand":[],"product_cat":[1295],"product_tag":[600,601],"class_list":{"0":"post-21844","1":"product","2":"type-product","3":"status-publish","4":"has-post-thumbnail","6":"product_cat-mobile-phone","7":"product_tag-dual-sim","8":"product_tag-wiko","10":"first","11":"instock","12":"shipping-taxable","13":"product-type-external"},"aioseo_notices":[],"aioseo_head":"\n\t\t<!-- All in One SEO Pro 4.5.9.2 - aioseo.com -->\n\t\t<meta name=\"description\" content=\"Main features: 6.52-inch hd + 1560 x 720 screen The 1.8ghz MediaTek Helio A25 eight-core CPU is used 2GB RAM + 64GB ROM, up to 256GB RAM can be added Rear camera 13MP + 2MP 5MP front facing camera Lithium 4000 mAh battery Operating system version: Android 10.0\" \/>\n\t\t<meta name=\"robots\" content=\"max-image-preview:large\" \/>\n\t\t<link rel=\"canonical\" href=\"https:\/\/www.rucashk.com\/es\/producto\/wiko-view4-lite-dual-sim-smartphone\/\" \/>\n\t\t<meta name=\"generator\" content=\"All in One SEO Pro (AIOSEO) 4.5.9.2\" \/>\n\t\t<meta property=\"og:locale\" content=\"es_ES\" \/>\n\t\t<meta property=\"og:site_name\" content=\"Rucas - One-stop AIoT Distribution Worldwide\" \/>\n\t\t<meta property=\"og:type\" content=\"article\" \/>\n\t\t<meta property=\"og:title\" content=\"Wiko View4 Lite Dual SIM Smartphone - Rucas - Wholesale and Distribution\" \/>\n\t\t<meta property=\"og:description\" content=\"Main features: 6.52-inch hd + 1560 x 720 screen The 1.8ghz MediaTek Helio A25 eight-core CPU is used 2GB RAM + 64GB ROM, up to 256GB RAM can be added Rear camera 13MP + 2MP 5MP front facing camera Lithium 4000 mAh battery Operating system version: Android 10.0\" \/>\n\t\t<meta property=\"og:url\" content=\"https:\/\/www.rucashk.com\/es\/producto\/wiko-view4-lite-dual-sim-smartphone\/\" \/>\n\t\t<meta property=\"og:image\" content=\"https:\/\/www.rucashk.com\/wp-content\/uploads\/replace\/503b8e645f128a97ccde2b6290747646.jpeg\" \/>\n\t\t<meta property=\"og:image:secure_url\" content=\"https:\/\/www.rucashk.com\/wp-content\/uploads\/replace\/503b8e645f128a97ccde2b6290747646.jpeg\" \/>\n\t\t<meta property=\"og:image:width\" content=\"1456\" \/>\n\t\t<meta property=\"og:image:height\" content=\"816\" \/>\n\t\t<meta property=\"article:published_time\" content=\"2024-01-09T15:36:23+00:00\" \/>\n\t\t<meta property=\"article:modified_time\" content=\"2024-03-11T08:15:28+00:00\" \/>\n\t\t<meta name=\"twitter:card\" content=\"summary_large_image\" \/>\n\t\t<meta name=\"twitter:title\" content=\"Wiko View4 Lite Dual SIM Smartphone - Rucas - Wholesale and Distribution\" \/>\n\t\t<meta name=\"twitter:description\" content=\"Main features: 6.52-inch hd + 1560 x 720 screen The 1.8ghz MediaTek Helio A25 eight-core CPU is used 2GB RAM + 64GB ROM, up to 256GB RAM can be added Rear camera 13MP + 2MP 5MP front facing camera Lithium 4000 mAh battery Operating system version: Android 10.0\" \/>\n\t\t<meta name=\"twitter:image\" content=\"https:\/\/www.rucashk.com\/wp-content\/uploads\/replace\/503b8e645f128a97ccde2b6290747646.jpeg\" \/>\n\t\t<script type=\"application\/ld+json\" class=\"aioseo-schema\">\n\t\t\t{\"@context\":\"https:\\\/\\\/schema.org\",\"@graph\":[{\"@type\":\"BreadcrumbList\",\"@id\":\"https:\\\/\\\/www.rucashk.com\\\/es\\\/producto\\\/wiko-view4-lite-dual-sim-smartphone\\\/#breadcrumblist\",\"itemListElement\":[{\"@type\":\"ListItem\",\"@id\":\"https:\\\/\\\/www.rucashk.com\\\/es\\\/#listItem\",\"position\":1,\"name\":\"Home\",\"item\":\"https:\\\/\\\/www.rucashk.com\\\/es\\\/\",\"nextItem\":\"https:\\\/\\\/www.rucashk.com\\\/es\\\/producto\\\/wiko-view4-lite-dual-sim-smartphone\\\/#listItem\"},{\"@type\":\"ListItem\",\"@id\":\"https:\\\/\\\/www.rucashk.com\\\/es\\\/producto\\\/wiko-view4-lite-dual-sim-smartphone\\\/#listItem\",\"position\":2,\"name\":\"Wiko View4 Lite  Dual SIM Smartphone\",\"previousItem\":\"https:\\\/\\\/www.rucashk.com\\\/es\\\/#listItem\"}]},{\"@type\":\"Organization\",\"@id\":\"https:\\\/\\\/www.rucashk.com\\\/es\\\/#organization\",\"name\":\"Rucas\",\"url\":\"https:\\\/\\\/www.rucashk.com\\\/es\\\/\",\"logo\":{\"@type\":\"ImageObject\",\"url\":\"https:\\\/\\\/www.rucashk.com\\\/wp-content\\\/uploads\\\/2023\\\/12\\\/Rucas_campany_logo.png\",\"@id\":\"https:\\\/\\\/www.rucashk.com\\\/es\\\/producto\\\/wiko-view4-lite-dual-sim-smartphone\\\/#organizationLogo\",\"width\":221,\"height\":65},\"image\":{\"@id\":\"https:\\\/\\\/www.rucashk.com\\\/es\\\/#organizationLogo\"}},{\"@type\":\"Person\",\"@id\":\"https:\\\/\\\/www.rucashk.com\\\/es\\\/author\\\/admin\\\/#author\",\"url\":\"https:\\\/\\\/www.rucashk.com\\\/es\\\/author\\\/admin\\\/\",\"name\":\"admin\",\"image\":{\"@type\":\"ImageObject\",\"@id\":\"https:\\\/\\\/www.rucashk.com\\\/es\\\/producto\\\/wiko-view4-lite-dual-sim-smartphone\\\/#authorImage\",\"url\":\"https:\\\/\\\/secure.gravatar.com\\\/avatar\\\/b7c8925b09a27e72b30232f8ecaadbd5af0f70a38c78096863fe51b64f031c24?s=96&d=mm&r=g\",\"width\":96,\"height\":96,\"caption\":\"admin\"}},{\"@type\":\"WebPage\",\"@id\":\"https:\\\/\\\/www.rucashk.com\\\/es\\\/producto\\\/wiko-view4-lite-dual-sim-smartphone\\\/#webpage\",\"url\":\"https:\\\/\\\/www.rucashk.com\\\/es\\\/producto\\\/wiko-view4-lite-dual-sim-smartphone\\\/\",\"name\":\"Wiko View4 Lite Dual SIM Smartphone - Rucas - Wholesale and Distribution\",\"description\":\"Main features: 6.52-inch hd + 1560 x 720 screen The 1.8ghz MediaTek Helio A25 eight-core CPU is used 2GB RAM + 64GB ROM, up to 256GB RAM can be added Rear camera 13MP + 2MP 5MP front facing camera Lithium 4000 mAh battery Operating system version: Android 10.0\",\"inLanguage\":\"es-ES\",\"isPartOf\":{\"@id\":\"https:\\\/\\\/www.rucashk.com\\\/es\\\/#website\"},\"breadcrumb\":{\"@id\":\"https:\\\/\\\/www.rucashk.com\\\/es\\\/producto\\\/wiko-view4-lite-dual-sim-smartphone\\\/#breadcrumblist\"},\"author\":{\"@id\":\"https:\\\/\\\/www.rucashk.com\\\/es\\\/author\\\/admin\\\/#author\"},\"creator\":{\"@id\":\"https:\\\/\\\/www.rucashk.com\\\/es\\\/author\\\/admin\\\/#author\"},\"image\":{\"@type\":\"ImageObject\",\"url\":\"https:\\\/\\\/www.rucashk.com\\\/wp-content\\\/uploads\\\/2024\\\/01\\\/ab22808c00cb203e0fd4a4acadf0890c-614x615-1.jpg\",\"@id\":\"https:\\\/\\\/www.rucashk.com\\\/es\\\/producto\\\/wiko-view4-lite-dual-sim-smartphone\\\/#mainImage\",\"width\":614,\"height\":615},\"primaryImageOfPage\":{\"@id\":\"https:\\\/\\\/www.rucashk.com\\\/es\\\/producto\\\/wiko-view4-lite-dual-sim-smartphone\\\/#mainImage\"},\"datePublished\":\"2024-01-09T15:36:23+00:00\",\"dateModified\":\"2024-03-11T08:15:28+00:00\"},{\"@type\":\"WebSite\",\"@id\":\"https:\\\/\\\/www.rucashk.com\\\/es\\\/#website\",\"url\":\"https:\\\/\\\/www.rucashk.com\\\/es\\\/\",\"name\":\"Rucas - Wholesale and distribution worldwide\",\"alternateName\":\"Rucas - One-stop AIoT Distribution Worldwide\",\"description\":\"One-stop AIoT Distribution Worldwide\",\"inLanguage\":\"es-ES\",\"publisher\":{\"@id\":\"https:\\\/\\\/www.rucashk.com\\\/es\\\/#organization\"}}]}\n\t\t<\/script>\n\t\t<!-- All in One SEO Pro -->\r\n\t\t<title>Wiko View4 Lite Dual SIM Smartphone - Rucas - Wholesale and Distribution<\/title>\n\n","aioseo_head_json":{"title":"Wiko View4 Lite Dual SIM Smartphone - Rucas - Wholesale and Distribution","description":"Main features: 6.52-inch hd + 1560 x 720 screen The 1.8ghz MediaTek Helio A25 eight-core CPU is used 2GB RAM + 64GB ROM, up to 256GB RAM can be added Rear camera 13MP + 2MP 5MP front facing camera Lithium 4000 mAh battery Operating system version: Android 10.0","canonical_url":"https:\/\/www.rucashk.com\/es\/producto\/wiko-view4-lite-dual-sim-smartphone\/","robots":"max-image-preview:large","keywords":"","webmasterTools":{"miscellaneous":""},"og:locale":"es_ES","og:site_name":"Rucas - One-stop AIoT Distribution Worldwide","og:type":"article","og:title":"Wiko View4 Lite Dual SIM Smartphone - Rucas - Wholesale and Distribution","og:description":"Main features: 6.52-inch hd + 1560 x 720 screen The 1.8ghz MediaTek Helio A25 eight-core CPU is used 2GB RAM + 64GB ROM, up to 256GB RAM can be added Rear camera 13MP + 2MP 5MP front facing camera Lithium 4000 mAh battery Operating system version: Android 10.0","og:url":"https:\/\/www.rucashk.com\/es\/producto\/wiko-view4-lite-dual-sim-smartphone\/","og:image":"https:\/\/www.rucashk.com\/wp-content\/uploads\/replace\/503b8e645f128a97ccde2b6290747646.jpeg","og:image:secure_url":"https:\/\/www.rucashk.com\/wp-content\/uploads\/replace\/503b8e645f128a97ccde2b6290747646.jpeg","og:image:width":1456,"og:image:height":816,"article:published_time":"2024-01-09T15:36:23+00:00","article:modified_time":"2024-03-11T08:15:28+00:00","twitter:card":"summary_large_image","twitter:title":"Wiko View4 Lite Dual SIM Smartphone - Rucas - Wholesale and Distribution","twitter:description":"Main features: 6.52-inch hd + 1560 x 720 screen The 1.8ghz MediaTek Helio A25 eight-core CPU is used 2GB RAM + 64GB ROM, up to 256GB RAM can be added Rear camera 13MP + 2MP 5MP front facing camera Lithium 4000 mAh battery Operating system version: Android 10.0","twitter:image":"https:\/\/www.rucashk.com\/wp-content\/uploads\/replace\/503b8e645f128a97ccde2b6290747646.jpeg","schema":{"@context":"https:\/\/schema.org","@graph":[{"@type":"BreadcrumbList","@id":"https:\/\/www.rucashk.com\/es\/producto\/wiko-view4-lite-dual-sim-smartphone\/#breadcrumblist","itemListElement":[{"@type":"ListItem","@id":"https:\/\/www.rucashk.com\/es\/#listItem","position":1,"name":"Home","item":"https:\/\/www.rucashk.com\/es\/","nextItem":"https:\/\/www.rucashk.com\/es\/producto\/wiko-view4-lite-dual-sim-smartphone\/#listItem"},{"@type":"ListItem","@id":"https:\/\/www.rucashk.com\/es\/producto\/wiko-view4-lite-dual-sim-smartphone\/#listItem","position":2,"name":"Wiko View4 Lite  Dual SIM Smartphone","previousItem":"https:\/\/www.rucashk.com\/es\/#listItem"}]},{"@type":"Organization","@id":"https:\/\/www.rucashk.com\/es\/#organization","name":"Rucas","url":"https:\/\/www.rucashk.com\/es\/","logo":{"@type":"ImageObject","url":"https:\/\/www.rucashk.com\/wp-content\/uploads\/2023\/12\/Rucas_campany_logo.png","@id":"https:\/\/www.rucashk.com\/es\/producto\/wiko-view4-lite-dual-sim-smartphone\/#organizationLogo","width":221,"height":65},"image":{"@id":"https:\/\/www.rucashk.com\/es\/#organizationLogo"}},{"@type":"Person","@id":"https:\/\/www.rucashk.com\/es\/author\/admin\/#author","url":"https:\/\/www.rucashk.com\/es\/author\/admin\/","name":"admin","image":{"@type":"ImageObject","@id":"https:\/\/www.rucashk.com\/es\/producto\/wiko-view4-lite-dual-sim-smartphone\/#authorImage","url":"https:\/\/secure.gravatar.com\/avatar\/b7c8925b09a27e72b30232f8ecaadbd5af0f70a38c78096863fe51b64f031c24?s=96&d=mm&r=g","width":96,"height":96,"caption":"admin"}},{"@type":"WebPage","@id":"https:\/\/www.rucashk.com\/es\/producto\/wiko-view4-lite-dual-sim-smartphone\/#webpage","url":"https:\/\/www.rucashk.com\/es\/producto\/wiko-view4-lite-dual-sim-smartphone\/","name":"Wiko View4 Lite Dual SIM Smartphone - Rucas - Wholesale and Distribution","description":"Main features: 6.52-inch hd + 1560 x 720 screen The 1.8ghz MediaTek Helio A25 eight-core CPU is used 2GB RAM + 64GB ROM, up to 256GB RAM can be added Rear camera 13MP + 2MP 5MP front facing camera Lithium 4000 mAh battery Operating system version: Android 10.0","inLanguage":"es-ES","isPartOf":{"@id":"https:\/\/www.rucashk.com\/es\/#website"},"breadcrumb":{"@id":"https:\/\/www.rucashk.com\/es\/producto\/wiko-view4-lite-dual-sim-smartphone\/#breadcrumblist"},"author":{"@id":"https:\/\/www.rucashk.com\/es\/author\/admin\/#author"},"creator":{"@id":"https:\/\/www.rucashk.com\/es\/author\/admin\/#author"},"image":{"@type":"ImageObject","url":"https:\/\/www.rucashk.com\/wp-content\/uploads\/2024\/01\/ab22808c00cb203e0fd4a4acadf0890c-614x615-1.jpg","@id":"https:\/\/www.rucashk.com\/es\/producto\/wiko-view4-lite-dual-sim-smartphone\/#mainImage","width":614,"height":615},"primaryImageOfPage":{"@id":"https:\/\/www.rucashk.com\/es\/producto\/wiko-view4-lite-dual-sim-smartphone\/#mainImage"},"datePublished":"2024-01-09T15:36:23+00:00","dateModified":"2024-03-11T08:15:28+00:00"},{"@type":"WebSite","@id":"https:\/\/www.rucashk.com\/es\/#website","url":"https:\/\/www.rucashk.com\/es\/","name":"Rucas - Wholesale and distribution worldwide","alternateName":"Rucas - One-stop AIoT Distribution Worldwide","description":"One-stop AIoT Distribution Worldwide","inLanguage":"es-ES","publisher":{"@id":"https:\/\/www.rucashk.com\/es\/#organization"}}]}},"aioseo_meta_data":{"post_id":"21844","title":null,"description":null,"keywords":null,"keyphrases":null,"primary_term":null,"canonical_url":null,"og_title":null,"og_description":null,"og_object_type":"default","og_image_type":"default","og_image_url":null,"og_image_width":null,"og_image_height":null,"og_image_custom_url":null,"og_image_custom_fields":null,"og_video":null,"og_custom_url":null,"og_article_section":null,"og_article_tags":null,"twitter_use_og":false,"twitter_card":"default","twitter_image_type":"default","twitter_image_url":null,"twitter_image_custom_url":null,"twitter_image_custom_fields":null,"twitter_title":null,"twitter_description":null,"schema":{"blockGraphs":[],"customGraphs":[],"default":{"data":{"Article":[],"Course":[],"Dataset":[],"FAQPage":[],"Movie":[],"Person":[],"Product":[],"Recipe":[],"Service":[],"SoftwareApplication":[],"WebPage":[]},"graphName":"","isEnabled":true},"graphs":[]},"schema_type":"default","schema_type_options":null,"pillar_content":false,"robots_default":true,"robots_noindex":false,"robots_noarchive":false,"robots_nosnippet":false,"robots_nofollow":false,"robots_noimageindex":false,"robots_noodp":false,"robots_notranslate":false,"robots_max_snippet":null,"robots_max_videopreview":null,"robots_max_imagepreview":"large","priority":null,"frequency":null,"local_seo":null,"breadcrumb_settings":null,"limit_modified_date":false,"created":"2024-04-11 01:55:20","updated":"2025-06-22 16:31:00"},"aioseo_breadcrumb":"<div class=\"aioseo-breadcrumbs\"><span class=\"aioseo-breadcrumb\">\n\t<a href=\"https:\/\/www.rucashk.com\/es\" title=\"Home\">Home<\/a>\n<\/span><span class=\"aioseo-breadcrumb-separator\">&raquo;<\/span><span class=\"aioseo-breadcrumb\">\n\t<a href=\"https:\/\/www.rucashk.com\/es\/products\/\" title=\"Productos\">Productos<\/a>\n<\/span><span class=\"aioseo-breadcrumb-separator\">&raquo;<\/span><span class=\"aioseo-breadcrumb\">\n\t<a href=\"https:\/\/www.rucashk.com\/es\/categoria-producto\/mobile-phone\/\" title=\"Mobile Phone\">Mobile Phone<\/a>\n<\/span><span class=\"aioseo-breadcrumb-separator\">&raquo;<\/span><span class=\"aioseo-breadcrumb\">\n\tWiko View4 Lite  Dual SIM Smartphone\n<\/span><\/div>","aioseo_breadcrumb_json":[{"label":"Home","link":"https:\/\/www.rucashk.com\/es"},{"label":"Productos","link":"https:\/\/www.rucashk.com\/es\/products\/"},{"label":"Mobile Phone","link":"https:\/\/www.rucashk.com\/es\/categoria-producto\/mobile-phone\/"},{"label":"Wiko View4 Lite  Dual SIM Smartphone","link":"https:\/\/www.rucashk.com\/es\/producto\/wiko-view4-lite-dual-sim-smartphone\/"}],"_links":{"self":[{"href":"https:\/\/www.rucashk.com\/es\/wp-json\/wp\/v2\/product\/21844","targetHints":{"allow":["GET"]}}],"collection":[{"href":"https:\/\/www.rucashk.com\/es\/wp-json\/wp\/v2\/product"}],"about":[{"href":"https:\/\/www.rucashk.com\/es\/wp-json\/wp\/v2\/types\/product"}],"wp:featuredmedia":[{"embeddable":true,"href":"https:\/\/www.rucashk.com\/es\/wp-json\/wp\/v2\/media\/21985"}],"wp:attachment":[{"href":"https:\/\/www.rucashk.com\/es\/wp-json\/wp\/v2\/media?parent=21844"}],"wp:term":[{"taxonomy":"product_brand","embeddable":true,"href":"https:\/\/www.rucashk.com\/es\/wp-json\/wp\/v2\/product_brand?post=21844"},{"taxonomy":"product_cat","embeddable":true,"href":"https:\/\/www.rucashk.com\/es\/wp-json\/wp\/v2\/product_cat?post=21844"},{"taxonomy":"product_tag","embeddable":true,"href":"https:\/\/www.rucashk.com\/es\/wp-json\/wp\/v2\/product_tag?post=21844"}],"curies":[{"name":"wp","href":"https:\/\/api.w.org\/{rel}","templated":true}]}}