{"id":21679,"date":"2024-01-09T15:34:47","date_gmt":"2024-01-09T15:34:47","guid":{"rendered":"http:\/\/rucashk.com\/?post_type=product&#038;p=21679"},"modified":"2024-03-12T07:54:42","modified_gmt":"2024-03-12T07:54:42","slug":"jimmy-jv-71-cordless-vacuum","status":"publish","type":"product","link":"https:\/\/www.rucashk.com\/es\/producto\/jimmy-jv-71-cordless-vacuum\/","title":{"rendered":"Aspiradora inal\u00e1mbrica Jimmy JV 71"},"content":{"rendered":"<div><img fetchpriority=\"high\" decoding=\"async\" class=\"aligncenter\" src=\"\/wp-content\/uploads\/replace\/ce1692546c016c1945f04579337618af.jpeg\" alt=\"Jimmy JV 71 cordless vacuum\" width=\"1000\" height=\"1297\" \/><\/div>\n<div style=\"text-align: center\"><img decoding=\"async\" class=\"alignnone\" src=\"\/wp-content\/uploads\/replace\/86f0ecd96e2c262c0bc0f0bb338499c8.jpeg\" alt=\"Jimmy JV 71 cordless vacuum\" width=\"1000\" height=\"1347\" \/><\/div>\n<div style=\"text-align: center\"><img decoding=\"async\" class=\"alignnone\" src=\"\/wp-content\/uploads\/replace\/305922868ca15f62abbe8fce8aa3e6b7.jpeg\" alt=\"Jimmy JV 71 cordless vacuum\" width=\"1000\" height=\"1487\" \/><\/div>\n<div style=\"text-align: center\"><img loading=\"lazy\" decoding=\"async\" class=\"alignnone\" src=\"\/wp-content\/uploads\/replace\/6d7138fbc1b183a38f0b7c6afcbdbfde.jpeg\" alt=\"Jimmy JV 71 cordless vacuum\" width=\"1000\" height=\"1481\" \/><\/div>\n<div><img loading=\"lazy\" decoding=\"async\" class=\"aligncenter\" src=\"\/wp-content\/uploads\/replace\/c248ddb8ab4ab4986c05bdadb1577be1.jpeg\" alt=\"Jimmy JV 71 cordless vacuum\" width=\"1000\" height=\"1557\" \/><\/div>\n<div>Principales caracter\u00edsticas:<br \/>\n&#8211; <a href=\"https:\/\/www.rucashk.com\/es\/producto\/dreame-xr-premium-handheld-wireless-vacuum-cleaner-wholesale\/\" class=\"\" style=\"width: auto !important\" data-wpil-post-to-id=\"3219\">Inal\u00e1mbrico vertical port\u00e1til<\/a> multifunci\u00f3n<br \/>\n\u2013 Dise\u00f1o de centro de gravedad bajo, la limpieza de paredes es m\u00e1s conveniente<br \/>\n\u2013 45 minutos m\u00e1s de duraci\u00f3n de la bater\u00eda, limpieza de gran tama\u00f1o sin presi\u00f3n<br \/>\n\u2013 Adecuado para su uso en diversos escenarios como camas, huecos, <a href=\"https:\/\/www.rucashk.com\/es\/new-xiaomi-soft-wind-air-conditioner-will-be-released-on-april-24\/\" class=\"\" style=\"width: auto !important\" data-wpil-post-to-id=\"6866\">aire acondicionado<\/a> respiraderos<br \/>\n\u2013 Tecnolog\u00eda de filtraci\u00f3n de tornados de tres etapas, bloquea el polvo y descarga aire limpio.<br \/>\n\u2013 La tercera generaci\u00f3n, adem\u00e1s del cabezal del cepillo, el cepillo giratorio tiene un ritmo potente y una eliminaci\u00f3n fuerte.<br \/>\n\u2013 Gran succi\u00f3n de 130 AW, motor sin escobillas de 100.000 rpm, limpieza m\u00e1s profunda<br \/>\n\u2013 El cepillo de tierra y el recipiente para el polvo se pueden lavar para que la limpieza sea m\u00e1s higi\u00e9nica y limpia.<br \/>\n\u2013 Grado de vac\u00edo 18 kpa, capacidad de recolecci\u00f3n de polvo 0,5 L, filtraci\u00f3n de aire HEPA, el material del cepillo giratorio es de cerdas de terciopelo<br \/>\n\u2013 Material: aleaci\u00f3n de magnesio, ABS<br \/>\n\u2013 Bater\u00eda de iones de litio incorporada de 2500 mAh<br \/>\nMarca:LEXY<br \/>\nTama\u00f1o del producto: 109,00 x 24,90 x 17,00 cm \/ 42,91 x 9,8 x 6,69 pulgadas<br \/>\nPeso del paquete: 5.300 kg<br \/>\nTama\u00f1o del paquete: 80,50 x 28,50 x 18,00 cm \/ 31,69 x 11,22 x 7,09 pulgadas<br \/>\nContenido del paquete: 1 aspiradora, 1 cepillo compuesto, 1 succi\u00f3n plana 2 en 1, 1 succi\u00f3n para sof\u00e1 2 en 1, 1 cepillo superior de succi\u00f3n, 1 cabezal de cepillo anti\u00e1caros, 1 <a href=\"https:\/\/www.rucashk.com\/es\/producto\/xiaomi-mi-usb-c-charger-65w-output-rate-socket-power-adapter\/\" class=\"\" style=\"width: auto !important\" data-wpil-post-to-id=\"2611\">Asiento de carga, 1 x tubo de metal conductor, 1 x manguera larga, 1 x alimentaci\u00f3n<\/a> Adaptador, 1 manual en chino<\/div>","protected":false},"excerpt":{"rendered":"<p><b data-spm-anchor-id=\"a2g0o.detail.1000023.i0.410a492bUl4wXs\">Principales caracter\u00edsticas:<\/b><br \/>\n\u25cf Handheld vertical wireless multifunction<br \/>\n\u25cf Low center of gravity design, wall cleaning is more convenient<br \/>\n\u25cf 45 minutes longer battery life, large size cleaning without pressure<br \/>\n\u25cf Suitable for use in various scenarios such as beds, gaps, air conditioning vents<br \/>\n\u25cf Three-stage tornado filtration technology, lock dust, discharge clean air<br \/>\n\u25cf The third generation in addition to the brush head, the roller brush powerful beat, strong removal<br \/>\n\u25cf 130AW large suction, 100,000 rpm brushless motor, more thorough cleaning<br \/>\n\u25cf The ground brush and dust cup can be washed so that the cleaning is more sanitary and clean<br \/>\n\u25cf Vacuum degree 18kpa, dust collection capacity 0.5L, air filtration HEPA, roller brush material is full velvet bristles<br \/>\n\u25cf Material: magnesium alloy, ABS<br \/>\n\u25cf Built-in 2500mAh Li-ion battery<\/p>\n<p>&nbsp;<\/p>","protected":false},"featured_media":21793,"template":"","meta":[],"product_brand":[],"product_cat":[1341,1305],"product_tag":[533,534],"class_list":{"0":"post-21679","1":"product","2":"type-product","3":"status-publish","4":"has-post-thumbnail","6":"product_cat-others","7":"product_cat-xiaomi-eco","8":"product_tag-ergonomic","9":"product_tag-low-gravity","11":"first","12":"instock","13":"shipping-taxable","14":"product-type-external"},"aioseo_notices":[],"aioseo_head":"\n\t\t<!-- All in One SEO Pro 4.5.9.2 - aioseo.com -->\n\t\t<meta name=\"description\" content=\"Main Features: \u25cf Handheld vertical wireless multifunction \u25cf Low center of gravity design, wall cleaning is more convenient \u25cf 45 minutes longer battery life, large size cleaning without pressure \u25cf Suitable for use in various scenarios such as beds, gaps, air conditioning vents \u25cf Three-stage tornado filtration technology, lock dust, discharge clean air \u25cf The third generation in addition to the brush head, the roller brush powerful beat, strong removal \u25cf 130AW large suction, 100,000 rpm brushless motor, more thorough cleaning \u25cf The ground brush and dust cup can be washed so that the cleaning is more sanitary and clean \u25cf Vacuum degree 18kpa, dust collection capacity 0.5L, air filtration HEPA, roller brush material is full velvet bristles \u25cf Material: magnesium alloy, ABS \u25cf Built-in 2500mAh Li-ion battery\" \/>\n\t\t<meta name=\"robots\" content=\"max-image-preview:large\" \/>\n\t\t<link rel=\"canonical\" href=\"https:\/\/www.rucashk.com\/es\/producto\/jimmy-jv-71-cordless-vacuum\/\" \/>\n\t\t<meta name=\"generator\" content=\"All in One SEO Pro (AIOSEO) 4.5.9.2\" \/>\n\t\t<meta property=\"og:locale\" content=\"es_ES\" \/>\n\t\t<meta property=\"og:site_name\" content=\"Rucas - One-stop AIoT Distribution Worldwide\" \/>\n\t\t<meta property=\"og:type\" content=\"article\" \/>\n\t\t<meta property=\"og:title\" content=\"Jimmy JV 71 cordless vacuum - Rucas - Wholesale and Distribution\" \/>\n\t\t<meta property=\"og:description\" content=\"Main Features: \u25cf Handheld vertical wireless multifunction \u25cf Low center of gravity design, wall cleaning is more convenient \u25cf 45 minutes longer battery life, large size cleaning without pressure \u25cf Suitable for use in various scenarios such as beds, gaps, air conditioning vents \u25cf Three-stage tornado filtration technology, lock dust, discharge clean air \u25cf The third generation in addition to the brush head, the roller brush powerful beat, strong removal \u25cf 130AW large suction, 100,000 rpm brushless motor, more thorough cleaning \u25cf The ground brush and dust cup can be washed so that the cleaning is more sanitary and clean \u25cf Vacuum degree 18kpa, dust collection capacity 0.5L, air filtration HEPA, roller brush material is full velvet bristles \u25cf Material: magnesium alloy, ABS \u25cf Built-in 2500mAh Li-ion battery\" \/>\n\t\t<meta property=\"og:url\" content=\"https:\/\/www.rucashk.com\/es\/producto\/jimmy-jv-71-cordless-vacuum\/\" \/>\n\t\t<meta property=\"og:image\" content=\"https:\/\/www.rucashk.com\/wp-content\/uploads\/replace\/503b8e645f128a97ccde2b6290747646.jpeg\" \/>\n\t\t<meta property=\"og:image:secure_url\" content=\"https:\/\/www.rucashk.com\/wp-content\/uploads\/replace\/503b8e645f128a97ccde2b6290747646.jpeg\" \/>\n\t\t<meta property=\"og:image:width\" content=\"1456\" \/>\n\t\t<meta property=\"og:image:height\" content=\"816\" \/>\n\t\t<meta property=\"article:published_time\" content=\"2024-01-09T15:34:47+00:00\" \/>\n\t\t<meta property=\"article:modified_time\" content=\"2024-03-12T07:54:42+00:00\" \/>\n\t\t<meta name=\"twitter:card\" content=\"summary_large_image\" \/>\n\t\t<meta name=\"twitter:title\" content=\"Jimmy JV 71 cordless vacuum - Rucas - Wholesale and Distribution\" \/>\n\t\t<meta name=\"twitter:description\" content=\"Main Features: \u25cf Handheld vertical wireless multifunction \u25cf Low center of gravity design, wall cleaning is more convenient \u25cf 45 minutes longer battery life, large size cleaning without pressure \u25cf Suitable for use in various scenarios such as beds, gaps, air conditioning vents \u25cf Three-stage tornado filtration technology, lock dust, discharge clean air \u25cf The third generation in addition to the brush head, the roller brush powerful beat, strong removal \u25cf 130AW large suction, 100,000 rpm brushless motor, more thorough cleaning \u25cf The ground brush and dust cup can be washed so that the cleaning is more sanitary and clean \u25cf Vacuum degree 18kpa, dust collection capacity 0.5L, air filtration HEPA, roller brush material is full velvet bristles \u25cf Material: magnesium alloy, ABS \u25cf Built-in 2500mAh Li-ion battery\" \/>\n\t\t<meta name=\"twitter:image\" content=\"https:\/\/www.rucashk.com\/wp-content\/uploads\/replace\/503b8e645f128a97ccde2b6290747646.jpeg\" \/>\n\t\t<script type=\"application\/ld+json\" class=\"aioseo-schema\">\n\t\t\t{\"@context\":\"https:\\\/\\\/schema.org\",\"@graph\":[{\"@type\":\"BreadcrumbList\",\"@id\":\"https:\\\/\\\/www.rucashk.com\\\/es\\\/producto\\\/jimmy-jv-71-cordless-vacuum\\\/#breadcrumblist\",\"itemListElement\":[{\"@type\":\"ListItem\",\"@id\":\"https:\\\/\\\/www.rucashk.com\\\/es\\\/#listItem\",\"position\":1,\"name\":\"Home\",\"item\":\"https:\\\/\\\/www.rucashk.com\\\/es\\\/\",\"nextItem\":\"https:\\\/\\\/www.rucashk.com\\\/es\\\/producto\\\/jimmy-jv-71-cordless-vacuum\\\/#listItem\"},{\"@type\":\"ListItem\",\"@id\":\"https:\\\/\\\/www.rucashk.com\\\/es\\\/producto\\\/jimmy-jv-71-cordless-vacuum\\\/#listItem\",\"position\":2,\"name\":\"Jimmy JV 71 cordless vacuum\",\"previousItem\":\"https:\\\/\\\/www.rucashk.com\\\/es\\\/#listItem\"}]},{\"@type\":\"Organization\",\"@id\":\"https:\\\/\\\/www.rucashk.com\\\/es\\\/#organization\",\"name\":\"Rucas\",\"url\":\"https:\\\/\\\/www.rucashk.com\\\/es\\\/\",\"logo\":{\"@type\":\"ImageObject\",\"url\":\"https:\\\/\\\/www.rucashk.com\\\/wp-content\\\/uploads\\\/2023\\\/12\\\/Rucas_campany_logo.png\",\"@id\":\"https:\\\/\\\/www.rucashk.com\\\/es\\\/producto\\\/jimmy-jv-71-cordless-vacuum\\\/#organizationLogo\",\"width\":221,\"height\":65},\"image\":{\"@id\":\"https:\\\/\\\/www.rucashk.com\\\/es\\\/#organizationLogo\"}},{\"@type\":\"Person\",\"@id\":\"https:\\\/\\\/www.rucashk.com\\\/es\\\/author\\\/admin\\\/#author\",\"url\":\"https:\\\/\\\/www.rucashk.com\\\/es\\\/author\\\/admin\\\/\",\"name\":\"admin\",\"image\":{\"@type\":\"ImageObject\",\"@id\":\"https:\\\/\\\/www.rucashk.com\\\/es\\\/producto\\\/jimmy-jv-71-cordless-vacuum\\\/#authorImage\",\"url\":\"https:\\\/\\\/secure.gravatar.com\\\/avatar\\\/b7c8925b09a27e72b30232f8ecaadbd5af0f70a38c78096863fe51b64f031c24?s=96&d=mm&r=g\",\"width\":96,\"height\":96,\"caption\":\"admin\"}},{\"@type\":\"WebPage\",\"@id\":\"https:\\\/\\\/www.rucashk.com\\\/es\\\/producto\\\/jimmy-jv-71-cordless-vacuum\\\/#webpage\",\"url\":\"https:\\\/\\\/www.rucashk.com\\\/es\\\/producto\\\/jimmy-jv-71-cordless-vacuum\\\/\",\"name\":\"Jimmy JV 71 cordless vacuum - Rucas - Wholesale and Distribution\",\"description\":\"Main Features: \\u25cf Handheld vertical wireless multifunction \\u25cf Low center of gravity design, wall cleaning is more convenient \\u25cf 45 minutes longer battery life, large size cleaning without pressure \\u25cf Suitable for use in various scenarios such as beds, gaps, air conditioning vents \\u25cf Three-stage tornado filtration technology, lock dust, discharge clean air \\u25cf The third generation in addition to the brush head, the roller brush powerful beat, strong removal \\u25cf 130AW large suction, 100,000 rpm brushless motor, more thorough cleaning \\u25cf The ground brush and dust cup can be washed so that the cleaning is more sanitary and clean \\u25cf Vacuum degree 18kpa, dust collection capacity 0.5L, air filtration HEPA, roller brush material is full velvet bristles \\u25cf Material: magnesium alloy, ABS \\u25cf Built-in 2500mAh Li-ion battery\",\"inLanguage\":\"es-ES\",\"isPartOf\":{\"@id\":\"https:\\\/\\\/www.rucashk.com\\\/es\\\/#website\"},\"breadcrumb\":{\"@id\":\"https:\\\/\\\/www.rucashk.com\\\/es\\\/producto\\\/jimmy-jv-71-cordless-vacuum\\\/#breadcrumblist\"},\"author\":{\"@id\":\"https:\\\/\\\/www.rucashk.com\\\/es\\\/author\\\/admin\\\/#author\"},\"creator\":{\"@id\":\"https:\\\/\\\/www.rucashk.com\\\/es\\\/author\\\/admin\\\/#author\"},\"image\":{\"@type\":\"ImageObject\",\"url\":\"https:\\\/\\\/www.rucashk.com\\\/wp-content\\\/uploads\\\/2024\\\/01\\\/2019-1-JIMMY-JV71-Vacuum-Cleaner-Vertical-Wireless-Cordless-Handheld-Vacuum-Cleaner-Large-Suction-International-Edition-1.jpg\",\"@id\":\"https:\\\/\\\/www.rucashk.com\\\/es\\\/producto\\\/jimmy-jv-71-cordless-vacuum\\\/#mainImage\",\"width\":800,\"height\":800},\"primaryImageOfPage\":{\"@id\":\"https:\\\/\\\/www.rucashk.com\\\/es\\\/producto\\\/jimmy-jv-71-cordless-vacuum\\\/#mainImage\"},\"datePublished\":\"2024-01-09T15:34:47+00:00\",\"dateModified\":\"2024-03-12T07:54:42+00:00\"},{\"@type\":\"WebSite\",\"@id\":\"https:\\\/\\\/www.rucashk.com\\\/es\\\/#website\",\"url\":\"https:\\\/\\\/www.rucashk.com\\\/es\\\/\",\"name\":\"Rucas - Wholesale and distribution worldwide\",\"alternateName\":\"Rucas - One-stop AIoT Distribution Worldwide\",\"description\":\"One-stop AIoT Distribution Worldwide\",\"inLanguage\":\"es-ES\",\"publisher\":{\"@id\":\"https:\\\/\\\/www.rucashk.com\\\/es\\\/#organization\"}}]}\n\t\t<\/script>\n\t\t<!-- All in One SEO Pro -->\r\n\t\t<title>Jimmy JV 71 cordless vacuum - Rucas - Wholesale and Distribution<\/title>\n\n","aioseo_head_json":{"title":"Jimmy JV 71 cordless vacuum - Rucas - Wholesale and Distribution","description":"Main Features: \u25cf Handheld vertical wireless multifunction \u25cf Low center of gravity design, wall cleaning is more convenient \u25cf 45 minutes longer battery life, large size cleaning without pressure \u25cf Suitable for use in various scenarios such as beds, gaps, air conditioning vents \u25cf Three-stage tornado filtration technology, lock dust, discharge clean air \u25cf The third generation in addition to the brush head, the roller brush powerful beat, strong removal \u25cf 130AW large suction, 100,000 rpm brushless motor, more thorough cleaning \u25cf The ground brush and dust cup can be washed so that the cleaning is more sanitary and clean \u25cf Vacuum degree 18kpa, dust collection capacity 0.5L, air filtration HEPA, roller brush material is full velvet bristles \u25cf Material: magnesium alloy, ABS \u25cf Built-in 2500mAh Li-ion battery","canonical_url":"https:\/\/www.rucashk.com\/es\/producto\/jimmy-jv-71-cordless-vacuum\/","robots":"max-image-preview:large","keywords":"","webmasterTools":{"miscellaneous":""},"og:locale":"es_ES","og:site_name":"Rucas - One-stop AIoT Distribution Worldwide","og:type":"article","og:title":"Jimmy JV 71 cordless vacuum - Rucas - Wholesale and Distribution","og:description":"Main Features: \u25cf Handheld vertical wireless multifunction \u25cf Low center of gravity design, wall cleaning is more convenient \u25cf 45 minutes longer battery life, large size cleaning without pressure \u25cf Suitable for use in various scenarios such as beds, gaps, air conditioning vents \u25cf Three-stage tornado filtration technology, lock dust, discharge clean air \u25cf The third generation in addition to the brush head, the roller brush powerful beat, strong removal \u25cf 130AW large suction, 100,000 rpm brushless motor, more thorough cleaning \u25cf The ground brush and dust cup can be washed so that the cleaning is more sanitary and clean \u25cf Vacuum degree 18kpa, dust collection capacity 0.5L, air filtration HEPA, roller brush material is full velvet bristles \u25cf Material: magnesium alloy, ABS \u25cf Built-in 2500mAh Li-ion battery","og:url":"https:\/\/www.rucashk.com\/es\/producto\/jimmy-jv-71-cordless-vacuum\/","og:image":"https:\/\/www.rucashk.com\/wp-content\/uploads\/replace\/503b8e645f128a97ccde2b6290747646.jpeg","og:image:secure_url":"https:\/\/www.rucashk.com\/wp-content\/uploads\/replace\/503b8e645f128a97ccde2b6290747646.jpeg","og:image:width":1456,"og:image:height":816,"article:published_time":"2024-01-09T15:34:47+00:00","article:modified_time":"2024-03-12T07:54:42+00:00","twitter:card":"summary_large_image","twitter:title":"Jimmy JV 71 cordless vacuum - Rucas - Wholesale and Distribution","twitter:description":"Main Features: \u25cf Handheld vertical wireless multifunction \u25cf Low center of gravity design, wall cleaning is more convenient \u25cf 45 minutes longer battery life, large size cleaning without pressure \u25cf Suitable for use in various scenarios such as beds, gaps, air conditioning vents \u25cf Three-stage tornado filtration technology, lock dust, discharge clean air \u25cf The third generation in addition to the brush head, the roller brush powerful beat, strong removal \u25cf 130AW large suction, 100,000 rpm brushless motor, more thorough cleaning \u25cf The ground brush and dust cup can be washed so that the cleaning is more sanitary and clean \u25cf Vacuum degree 18kpa, dust collection capacity 0.5L, air filtration HEPA, roller brush material is full velvet bristles \u25cf Material: magnesium alloy, ABS \u25cf Built-in 2500mAh Li-ion battery","twitter:image":"https:\/\/www.rucashk.com\/wp-content\/uploads\/replace\/503b8e645f128a97ccde2b6290747646.jpeg","schema":{"@context":"https:\/\/schema.org","@graph":[{"@type":"BreadcrumbList","@id":"https:\/\/www.rucashk.com\/es\/producto\/jimmy-jv-71-cordless-vacuum\/#breadcrumblist","itemListElement":[{"@type":"ListItem","@id":"https:\/\/www.rucashk.com\/es\/#listItem","position":1,"name":"Home","item":"https:\/\/www.rucashk.com\/es\/","nextItem":"https:\/\/www.rucashk.com\/es\/producto\/jimmy-jv-71-cordless-vacuum\/#listItem"},{"@type":"ListItem","@id":"https:\/\/www.rucashk.com\/es\/producto\/jimmy-jv-71-cordless-vacuum\/#listItem","position":2,"name":"Jimmy JV 71 cordless vacuum","previousItem":"https:\/\/www.rucashk.com\/es\/#listItem"}]},{"@type":"Organization","@id":"https:\/\/www.rucashk.com\/es\/#organization","name":"Rucas","url":"https:\/\/www.rucashk.com\/es\/","logo":{"@type":"ImageObject","url":"https:\/\/www.rucashk.com\/wp-content\/uploads\/2023\/12\/Rucas_campany_logo.png","@id":"https:\/\/www.rucashk.com\/es\/producto\/jimmy-jv-71-cordless-vacuum\/#organizationLogo","width":221,"height":65},"image":{"@id":"https:\/\/www.rucashk.com\/es\/#organizationLogo"}},{"@type":"Person","@id":"https:\/\/www.rucashk.com\/es\/author\/admin\/#author","url":"https:\/\/www.rucashk.com\/es\/author\/admin\/","name":"admin","image":{"@type":"ImageObject","@id":"https:\/\/www.rucashk.com\/es\/producto\/jimmy-jv-71-cordless-vacuum\/#authorImage","url":"https:\/\/secure.gravatar.com\/avatar\/b7c8925b09a27e72b30232f8ecaadbd5af0f70a38c78096863fe51b64f031c24?s=96&d=mm&r=g","width":96,"height":96,"caption":"admin"}},{"@type":"WebPage","@id":"https:\/\/www.rucashk.com\/es\/producto\/jimmy-jv-71-cordless-vacuum\/#webpage","url":"https:\/\/www.rucashk.com\/es\/producto\/jimmy-jv-71-cordless-vacuum\/","name":"Jimmy JV 71 cordless vacuum - Rucas - Wholesale and Distribution","description":"Main Features: \u25cf Handheld vertical wireless multifunction \u25cf Low center of gravity design, wall cleaning is more convenient \u25cf 45 minutes longer battery life, large size cleaning without pressure \u25cf Suitable for use in various scenarios such as beds, gaps, air conditioning vents \u25cf Three-stage tornado filtration technology, lock dust, discharge clean air \u25cf The third generation in addition to the brush head, the roller brush powerful beat, strong removal \u25cf 130AW large suction, 100,000 rpm brushless motor, more thorough cleaning \u25cf The ground brush and dust cup can be washed so that the cleaning is more sanitary and clean \u25cf Vacuum degree 18kpa, dust collection capacity 0.5L, air filtration HEPA, roller brush material is full velvet bristles \u25cf Material: magnesium alloy, ABS \u25cf Built-in 2500mAh Li-ion battery","inLanguage":"es-ES","isPartOf":{"@id":"https:\/\/www.rucashk.com\/es\/#website"},"breadcrumb":{"@id":"https:\/\/www.rucashk.com\/es\/producto\/jimmy-jv-71-cordless-vacuum\/#breadcrumblist"},"author":{"@id":"https:\/\/www.rucashk.com\/es\/author\/admin\/#author"},"creator":{"@id":"https:\/\/www.rucashk.com\/es\/author\/admin\/#author"},"image":{"@type":"ImageObject","url":"https:\/\/www.rucashk.com\/wp-content\/uploads\/2024\/01\/2019-1-JIMMY-JV71-Vacuum-Cleaner-Vertical-Wireless-Cordless-Handheld-Vacuum-Cleaner-Large-Suction-International-Edition-1.jpg","@id":"https:\/\/www.rucashk.com\/es\/producto\/jimmy-jv-71-cordless-vacuum\/#mainImage","width":800,"height":800},"primaryImageOfPage":{"@id":"https:\/\/www.rucashk.com\/es\/producto\/jimmy-jv-71-cordless-vacuum\/#mainImage"},"datePublished":"2024-01-09T15:34:47+00:00","dateModified":"2024-03-12T07:54:42+00:00"},{"@type":"WebSite","@id":"https:\/\/www.rucashk.com\/es\/#website","url":"https:\/\/www.rucashk.com\/es\/","name":"Rucas - Wholesale and distribution worldwide","alternateName":"Rucas - One-stop AIoT Distribution Worldwide","description":"One-stop AIoT Distribution Worldwide","inLanguage":"es-ES","publisher":{"@id":"https:\/\/www.rucashk.com\/es\/#organization"}}]}},"aioseo_meta_data":{"post_id":"21679","title":null,"description":null,"keywords":null,"keyphrases":null,"primary_term":null,"canonical_url":null,"og_title":null,"og_description":null,"og_object_type":"default","og_image_type":"default","og_image_url":null,"og_image_width":null,"og_image_height":null,"og_image_custom_url":null,"og_image_custom_fields":null,"og_video":null,"og_custom_url":null,"og_article_section":null,"og_article_tags":null,"twitter_use_og":false,"twitter_card":"default","twitter_image_type":"default","twitter_image_url":null,"twitter_image_custom_url":null,"twitter_image_custom_fields":null,"twitter_title":null,"twitter_description":null,"schema":{"blockGraphs":[],"customGraphs":[],"default":{"data":{"Article":[],"Course":[],"Dataset":[],"FAQPage":[],"Movie":[],"Person":[],"Product":[],"Recipe":[],"Service":[],"SoftwareApplication":[],"WebPage":[]},"graphName":"","isEnabled":true},"graphs":[]},"schema_type":"default","schema_type_options":null,"pillar_content":false,"robots_default":true,"robots_noindex":false,"robots_noarchive":false,"robots_nosnippet":false,"robots_nofollow":false,"robots_noimageindex":false,"robots_noodp":false,"robots_notranslate":false,"robots_max_snippet":null,"robots_max_videopreview":null,"robots_max_imagepreview":"large","priority":null,"frequency":null,"local_seo":null,"breadcrumb_settings":null,"limit_modified_date":false,"created":"2024-04-11 01:55:20","updated":"2025-06-22 16:28:59"},"aioseo_breadcrumb":"<div class=\"aioseo-breadcrumbs\"><span class=\"aioseo-breadcrumb\">\n\t<a href=\"https:\/\/www.rucashk.com\/es\" title=\"Home\">Home<\/a>\n<\/span><span class=\"aioseo-breadcrumb-separator\">&raquo;<\/span><span class=\"aioseo-breadcrumb\">\n\t<a href=\"https:\/\/www.rucashk.com\/es\/products\/\" title=\"Productos\">Productos<\/a>\n<\/span><span class=\"aioseo-breadcrumb-separator\">&raquo;<\/span><span class=\"aioseo-breadcrumb\">\n\t<a href=\"https:\/\/www.rucashk.com\/es\/categoria-producto\/xiaomi-eco\/\" title=\"Xiaomi Eco\">Xiaomi Eco<\/a>\n<\/span><span class=\"aioseo-breadcrumb-separator\">&raquo;<\/span><span class=\"aioseo-breadcrumb\">\n\t<a href=\"https:\/\/www.rucashk.com\/es\/categoria-producto\/xiaomi-eco\/others\/\" title=\"Others\">Others<\/a>\n<\/span><span class=\"aioseo-breadcrumb-separator\">&raquo;<\/span><span class=\"aioseo-breadcrumb\">\n\tJimmy JV 71 cordless vacuum\n<\/span><\/div>","aioseo_breadcrumb_json":[{"label":"Home","link":"https:\/\/www.rucashk.com\/es"},{"label":"Productos","link":"https:\/\/www.rucashk.com\/es\/products\/"},{"label":"Xiaomi Eco","link":"https:\/\/www.rucashk.com\/es\/categoria-producto\/xiaomi-eco\/"},{"label":"Others","link":"https:\/\/www.rucashk.com\/es\/categoria-producto\/xiaomi-eco\/others\/"},{"label":"Jimmy JV 71 cordless vacuum","link":"https:\/\/www.rucashk.com\/es\/producto\/jimmy-jv-71-cordless-vacuum\/"}],"_links":{"self":[{"href":"https:\/\/www.rucashk.com\/es\/wp-json\/wp\/v2\/product\/21679","targetHints":{"allow":["GET"]}}],"collection":[{"href":"https:\/\/www.rucashk.com\/es\/wp-json\/wp\/v2\/product"}],"about":[{"href":"https:\/\/www.rucashk.com\/es\/wp-json\/wp\/v2\/types\/product"}],"wp:featuredmedia":[{"embeddable":true,"href":"https:\/\/www.rucashk.com\/es\/wp-json\/wp\/v2\/media\/21793"}],"wp:attachment":[{"href":"https:\/\/www.rucashk.com\/es\/wp-json\/wp\/v2\/media?parent=21679"}],"wp:term":[{"taxonomy":"product_brand","embeddable":true,"href":"https:\/\/www.rucashk.com\/es\/wp-json\/wp\/v2\/product_brand?post=21679"},{"taxonomy":"product_cat","embeddable":true,"href":"https:\/\/www.rucashk.com\/es\/wp-json\/wp\/v2\/product_cat?post=21679"},{"taxonomy":"product_tag","embeddable":true,"href":"https:\/\/www.rucashk.com\/es\/wp-json\/wp\/v2\/product_tag?post=21679"}],"curies":[{"name":"wp","href":"https:\/\/api.w.org\/{rel}","templated":true}]}}