{"id":21640,"date":"2024-01-09T15:34:21","date_gmt":"2024-01-09T15:34:21","guid":{"rendered":"http:\/\/rucashk.com\/?post_type=product&#038;p=21640"},"modified":"2024-03-12T07:05:14","modified_gmt":"2024-03-12T07:05:14","slug":"amazfit-gtr-smart-watch","status":"publish","type":"product","link":"https:\/\/www.rucashk.com\/es\/producto\/amazfit-gtr-smart-watch\/","title":{"rendered":"Reloj inteligente Amazfit GTR"},"content":{"rendered":"<div style=\"text-align: left\">\n<div class=\"detailmodule_image\"><img decoding=\"async\" alt=\"Amazfit GTR Smart Watch\" class=\"detail-desc-decorate-image aligncenter\" src=\"\/wp-content\/uploads\/replace\/9293fc0aef9634b45811ec3302f084e0.jpeg\" \/><img decoding=\"async\" alt=\"Amazfit GTR Smart Watch\" class=\"detail-desc-decorate-image aligncenter\" src=\"\/wp-content\/uploads\/replace\/f5e50219d820218a92dae1f0d4e57fa8.jpeg\" \/><img decoding=\"async\" alt=\"Amazfit GTR Smart Watch\" class=\"detail-desc-decorate-image aligncenter\" src=\"\/wp-content\/uploads\/replace\/612b9c8bfa7e739a113287ea98445d20.jpeg\" \/><img decoding=\"async\" alt=\"Amazfit GTR Smart Watch\" class=\"detail-desc-decorate-image aligncenter\" src=\"\/wp-content\/uploads\/replace\/3965a469f88da1112a608e4d27a3610e.jpeg\" \/><img decoding=\"async\" alt=\"Amazfit GTR Smart Watch\" class=\"detail-desc-decorate-image aligncenter\" src=\"\/wp-content\/uploads\/replace\/e8699600b419b33445c47055fa8fc14b.jpeg\" \/><img decoding=\"async\" alt=\"Amazfit GTR Smart Watch\" class=\"detail-desc-decorate-image aligncenter\" src=\"\/wp-content\/uploads\/replace\/c558dfaa43e74e7b154fe5b5ef2021ca.jpeg\" \/><img decoding=\"async\" alt=\"Amazfit GTR Smart Watch\" class=\"detail-desc-decorate-image aligncenter\" src=\"\/wp-content\/uploads\/replace\/ed4ce5d113c3e7ba54d019ea4365d53e.jpeg\" \/><img decoding=\"async\" alt=\"Amazfit GTR Smart Watch\" class=\"detail-desc-decorate-image aligncenter\" src=\"\/wp-content\/uploads\/replace\/90f61021c98b7436d2cde6bb0bd5c768.jpeg\" \/><a href=\"https:\/\/amazfit.aliexpress.com\/store\/group\/Watch-Straps\/4805136_517147837.html?\"><img decoding=\"async\" alt=\"Amazfit GTR Smart Watch\" class=\"detail-desc-decorate-image aligncenter\" src=\"\/wp-content\/uploads\/replace\/e365305f64e5aca7a1914f478d7b9242.jpeg\" \/><\/a><img decoding=\"async\" alt=\"Amazfit GTR Smart Watch\" class=\"detail-desc-decorate-image aligncenter\" src=\"\/wp-content\/uploads\/replace\/a6f28f0da3a4badd4e0223cfada1e5f5.jpeg\" \/><\/div>\n<div class=\"detailmodule_image\"><img decoding=\"async\" alt=\"Amazfit GTR Smart Watch\" class=\"detail-desc-decorate-image aligncenter\" src=\"\/wp-content\/uploads\/replace\/245892595380fc95fccc24c3371e2667.jpeg\" \/><img decoding=\"async\" alt=\"Amazfit GTR Smart Watch\" class=\"detail-desc-decorate-image\" src=\"\/wp-content\/uploads\/replace\/77bd162c4833f90ee556053e36f7d9c1.jpeg\" \/><a href=\"https:\/\/amazfit.aliexpress.com\/store\/group\/Amazfit-GTR\/4805136_515902969.html\"><img decoding=\"async\" alt=\"Amazfit GTR Smart Watch\" class=\"detail-desc-decorate-image aligncenter\" src=\"\/wp-content\/uploads\/replace\/b22a1982af577d8993d74d628ae54418.jpeg\" \/><\/a><\/div>\n<\/div>\n<p>&nbsp;<\/p>\n<div style=\"text-align: left\"><strong><span data-spm-anchor-id=\"a2g0o.detail.1000023.i0.122f5a1bQlaiLT\">Especificaciones<\/span><\/strong><\/div>\n<div style=\"text-align: left\">Grado de resistencia al agua y al polvo: 5 ATM<\/div>\n<div style=\"text-align: left\">Tipos de correas de reloj est\u00e1ndar: Aleaci\u00f3n de aluminio: Correa de cuero marr\u00f3n<\/div>\n<div style=\"text-align: left\">Acero inoxidable: Correa de piel marr\u00f3n<\/div>\n<div style=\"text-align: left\">Titanio: correa de caucho fluorado<\/div>\n<div style=\"text-align: left\">Ancho de la correa: 22 mm<\/div>\n<div style=\"text-align: left\">Sensores: Sensor \u00f3ptico de seguimiento biol\u00f3gico BioTrackerTM PPG, sensor de aceleraci\u00f3n de 6 ejes, sensor geomagn\u00e9tico de 3 ejes, sensor de presi\u00f3n de aire, sensor de capacidad, sensor de luz ambiental<\/div>\n<div style=\"text-align: left\">Posicionamiento: GPS+GLONASS<\/div>\n<div style=\"text-align: left\">Conectividad: BT5.0 BLE<\/div>\n<div style=\"text-align: left\">M\u00e9todo de carga: base de carga magn\u00e9tica, carga de 2 pines Pogo Pin<\/div>\n<div style=\"text-align: left\">Duraci\u00f3n de la bater\u00eda :<\/div>\n<div style=\"text-align: left\">Escenario de uso t\u00edpico: 24 d\u00edas<\/div>\n<div style=\"text-align: left\">Frecuencia card\u00edaca siempre activa, monitorizaci\u00f3n del sue\u00f1o, 150 notificaciones autom\u00e1ticas con pantalla iluminada,<\/div>\n<div style=\"text-align: left\">levante la mu\u00f1eca para ver la pantalla 30 veces, corra o haga ejercicio 3 veces por semana durante 30 minutos con el GPS encendido y 5 minutos para otras operaciones.<\/div>\n<div style=\"text-align: left\">Modo de reloj b\u00e1sico: 74 d\u00edas<\/div>\n<div style=\"text-align: left\">Desactive Bluetooth, frecuencia card\u00edaca y otras funciones, y levante la mu\u00f1eca para ver la pantalla 100 veces al d\u00eda.<\/div>\n<div style=\"text-align: left\">GPS continuamente encendido: 40 horas<\/div>\n<div style=\"text-align: left\">La duraci\u00f3n de la bater\u00eda puede variar seg\u00fan el uso, la configuraci\u00f3n y muchos otros factores, y los resultados reales pueden diferir.<\/div>\n<div style=\"text-align: left\">Materiales del cuerpo: Metal, cer\u00e1mica de circonio microcristalino, materiales polim\u00e9ricos.<\/div>\n<div style=\"text-align: left\">Dispositivos compatibles: Android 5.0 y superior, iOS 10.0 y superior<\/div>\n<div style=\"text-align: left\">Accesorios: Base de carga magn\u00e9tica, manual de usuario.<\/div>\n<div style=\"text-align: left\"><\/div>","protected":false},"excerpt":{"rendered":"<p>Principales caracter\u00edsticas:<br \/>\n1.Large retina level AMOLED screen display with elegant dials.<br \/>\n2.A revolutionary battery that lasts 24 days in typical usage scenario.<br \/>\n3. Waterproof up to 50 meters and high precision GPS<br \/>\n4.WIth12 sport modes, It always keep track of your sport status<br \/>\n5.Count the steps, improve sleep,listen to music:<br \/>\nAll the necessary for your daily life.<br \/>\n6.Incoming calls, SMS, App notifications,get all your important updates right on your wrist.<\/p>","protected":false},"featured_media":21772,"template":"","meta":[],"product_brand":[],"product_cat":[1339,1305],"product_tag":[425,427],"class_list":{"0":"post-21640","1":"product","2":"type-product","3":"status-publish","4":"has-post-thumbnail","6":"product_cat-amazfit-smartwatch","7":"product_cat-xiaomi-eco","8":"product_tag-amazfit","9":"product_tag-smart-watch","11":"first","12":"instock","13":"shipping-taxable","14":"product-type-external"},"aioseo_notices":[],"aioseo_head":"\n\t\t<!-- All in One SEO Pro 4.5.9.2 - aioseo.com -->\n\t\t<meta name=\"description\" content=\"Main Features\uff1a 1.Large retina level AMOLED screen display with elegant dials. 2.A revolutionary battery that lasts 24 days in typical usage scenario. 3. Waterproof up to 50 meters and high precision GPS 4.WIth12 sport modes, It always keep track of your sport status 5.Count the steps, improve sleep,listen to music: All the necessary for your daily life. 6.Incoming calls, SMS, App notifications,get all your important updates right on your wrist.\" \/>\n\t\t<meta name=\"robots\" content=\"max-image-preview:large\" \/>\n\t\t<link rel=\"canonical\" href=\"https:\/\/www.rucashk.com\/es\/producto\/amazfit-gtr-smart-watch\/\" \/>\n\t\t<meta name=\"generator\" content=\"All in One SEO Pro (AIOSEO) 4.5.9.2\" \/>\n\t\t<meta property=\"og:locale\" content=\"es_ES\" \/>\n\t\t<meta property=\"og:site_name\" content=\"Rucas - One-stop AIoT Distribution Worldwide\" \/>\n\t\t<meta property=\"og:type\" content=\"article\" \/>\n\t\t<meta property=\"og:title\" content=\"Amazfit GTR Smart Watch - Rucas - Wholesale and Distribution\" \/>\n\t\t<meta property=\"og:description\" content=\"Main Features\uff1a 1.Large retina level AMOLED screen display with elegant dials. 2.A revolutionary battery that lasts 24 days in typical usage scenario. 3. Waterproof up to 50 meters and high precision GPS 4.WIth12 sport modes, It always keep track of your sport status 5.Count the steps, improve sleep,listen to music: All the necessary for your daily life. 6.Incoming calls, SMS, App notifications,get all your important updates right on your wrist.\" \/>\n\t\t<meta property=\"og:url\" content=\"https:\/\/www.rucashk.com\/es\/producto\/amazfit-gtr-smart-watch\/\" \/>\n\t\t<meta property=\"og:image\" content=\"https:\/\/www.rucashk.com\/wp-content\/uploads\/replace\/503b8e645f128a97ccde2b6290747646.jpeg\" \/>\n\t\t<meta property=\"og:image:secure_url\" content=\"https:\/\/www.rucashk.com\/wp-content\/uploads\/replace\/503b8e645f128a97ccde2b6290747646.jpeg\" \/>\n\t\t<meta property=\"og:image:width\" content=\"1456\" \/>\n\t\t<meta property=\"og:image:height\" content=\"816\" \/>\n\t\t<meta property=\"article:published_time\" content=\"2024-01-09T15:34:21+00:00\" \/>\n\t\t<meta property=\"article:modified_time\" content=\"2024-03-12T07:05:14+00:00\" \/>\n\t\t<meta name=\"twitter:card\" content=\"summary_large_image\" \/>\n\t\t<meta name=\"twitter:title\" content=\"Amazfit GTR Smart Watch - Rucas - Wholesale and Distribution\" \/>\n\t\t<meta name=\"twitter:description\" content=\"Main Features\uff1a 1.Large retina level AMOLED screen display with elegant dials. 2.A revolutionary battery that lasts 24 days in typical usage scenario. 3. Waterproof up to 50 meters and high precision GPS 4.WIth12 sport modes, It always keep track of your sport status 5.Count the steps, improve sleep,listen to music: All the necessary for your daily life. 6.Incoming calls, SMS, App notifications,get all your important updates right on your wrist.\" \/>\n\t\t<meta name=\"twitter:image\" content=\"https:\/\/www.rucashk.com\/wp-content\/uploads\/replace\/503b8e645f128a97ccde2b6290747646.jpeg\" \/>\n\t\t<script type=\"application\/ld+json\" class=\"aioseo-schema\">\n\t\t\t{\"@context\":\"https:\\\/\\\/schema.org\",\"@graph\":[{\"@type\":\"BreadcrumbList\",\"@id\":\"https:\\\/\\\/www.rucashk.com\\\/es\\\/producto\\\/amazfit-gtr-smart-watch\\\/#breadcrumblist\",\"itemListElement\":[{\"@type\":\"ListItem\",\"@id\":\"https:\\\/\\\/www.rucashk.com\\\/es\\\/#listItem\",\"position\":1,\"name\":\"Home\",\"item\":\"https:\\\/\\\/www.rucashk.com\\\/es\\\/\",\"nextItem\":\"https:\\\/\\\/www.rucashk.com\\\/es\\\/producto\\\/amazfit-gtr-smart-watch\\\/#listItem\"},{\"@type\":\"ListItem\",\"@id\":\"https:\\\/\\\/www.rucashk.com\\\/es\\\/producto\\\/amazfit-gtr-smart-watch\\\/#listItem\",\"position\":2,\"name\":\"Amazfit GTR Smart Watch\",\"previousItem\":\"https:\\\/\\\/www.rucashk.com\\\/es\\\/#listItem\"}]},{\"@type\":\"Organization\",\"@id\":\"https:\\\/\\\/www.rucashk.com\\\/es\\\/#organization\",\"name\":\"Rucas\",\"url\":\"https:\\\/\\\/www.rucashk.com\\\/es\\\/\",\"logo\":{\"@type\":\"ImageObject\",\"url\":\"https:\\\/\\\/www.rucashk.com\\\/wp-content\\\/uploads\\\/2023\\\/12\\\/Rucas_campany_logo.png\",\"@id\":\"https:\\\/\\\/www.rucashk.com\\\/es\\\/producto\\\/amazfit-gtr-smart-watch\\\/#organizationLogo\",\"width\":221,\"height\":65},\"image\":{\"@id\":\"https:\\\/\\\/www.rucashk.com\\\/es\\\/#organizationLogo\"}},{\"@type\":\"Person\",\"@id\":\"https:\\\/\\\/www.rucashk.com\\\/es\\\/author\\\/admin\\\/#author\",\"url\":\"https:\\\/\\\/www.rucashk.com\\\/es\\\/author\\\/admin\\\/\",\"name\":\"admin\",\"image\":{\"@type\":\"ImageObject\",\"@id\":\"https:\\\/\\\/www.rucashk.com\\\/es\\\/producto\\\/amazfit-gtr-smart-watch\\\/#authorImage\",\"url\":\"https:\\\/\\\/secure.gravatar.com\\\/avatar\\\/b7c8925b09a27e72b30232f8ecaadbd5af0f70a38c78096863fe51b64f031c24?s=96&d=mm&r=g\",\"width\":96,\"height\":96,\"caption\":\"admin\"}},{\"@type\":\"WebPage\",\"@id\":\"https:\\\/\\\/www.rucashk.com\\\/es\\\/producto\\\/amazfit-gtr-smart-watch\\\/#webpage\",\"url\":\"https:\\\/\\\/www.rucashk.com\\\/es\\\/producto\\\/amazfit-gtr-smart-watch\\\/\",\"name\":\"Amazfit GTR Smart Watch - Rucas - Wholesale and Distribution\",\"description\":\"Main Features\\uff1a 1.Large retina level AMOLED screen display with elegant dials. 2.A revolutionary battery that lasts 24 days in typical usage scenario. 3. Waterproof up to 50 meters and high precision GPS 4.WIth12 sport modes, It always keep track of your sport status 5.Count the steps, improve sleep,listen to music: All the necessary for your daily life. 6.Incoming calls, SMS, App notifications,get all your important updates right on your wrist.\",\"inLanguage\":\"es-ES\",\"isPartOf\":{\"@id\":\"https:\\\/\\\/www.rucashk.com\\\/es\\\/#website\"},\"breadcrumb\":{\"@id\":\"https:\\\/\\\/www.rucashk.com\\\/es\\\/producto\\\/amazfit-gtr-smart-watch\\\/#breadcrumblist\"},\"author\":{\"@id\":\"https:\\\/\\\/www.rucashk.com\\\/es\\\/author\\\/admin\\\/#author\"},\"creator\":{\"@id\":\"https:\\\/\\\/www.rucashk.com\\\/es\\\/author\\\/admin\\\/#author\"},\"image\":{\"@type\":\"ImageObject\",\"url\":\"https:\\\/\\\/www.rucashk.com\\\/wp-content\\\/uploads\\\/2024\\\/01\\\/Global-Version-Amazfit-GTR-47mm-42mm-SmartWatch-5ATM-Waterproof-watch-24Days-Battery-GPS-Music-Control-Leather-1.jpg\",\"@id\":\"https:\\\/\\\/www.rucashk.com\\\/es\\\/producto\\\/amazfit-gtr-smart-watch\\\/#mainImage\",\"width\":800,\"height\":800},\"primaryImageOfPage\":{\"@id\":\"https:\\\/\\\/www.rucashk.com\\\/es\\\/producto\\\/amazfit-gtr-smart-watch\\\/#mainImage\"},\"datePublished\":\"2024-01-09T15:34:21+00:00\",\"dateModified\":\"2024-03-12T07:05:14+00:00\"},{\"@type\":\"WebSite\",\"@id\":\"https:\\\/\\\/www.rucashk.com\\\/es\\\/#website\",\"url\":\"https:\\\/\\\/www.rucashk.com\\\/es\\\/\",\"name\":\"Rucas - Wholesale and distribution worldwide\",\"alternateName\":\"Rucas - One-stop AIoT Distribution Worldwide\",\"description\":\"One-stop AIoT Distribution Worldwide\",\"inLanguage\":\"es-ES\",\"publisher\":{\"@id\":\"https:\\\/\\\/www.rucashk.com\\\/es\\\/#organization\"}}]}\n\t\t<\/script>\n\t\t<!-- All in One SEO Pro -->\r\n\t\t<title>Amazfit GTR Smart Watch - Rucas - Wholesale and Distribution<\/title>\n\n","aioseo_head_json":{"title":"Amazfit GTR Smart Watch - Rucas - Wholesale and Distribution","description":"Main Features\uff1a 1.Large retina level AMOLED screen display with elegant dials. 2.A revolutionary battery that lasts 24 days in typical usage scenario. 3. Waterproof up to 50 meters and high precision GPS 4.WIth12 sport modes, It always keep track of your sport status 5.Count the steps, improve sleep,listen to music: All the necessary for your daily life. 6.Incoming calls, SMS, App notifications,get all your important updates right on your wrist.","canonical_url":"https:\/\/www.rucashk.com\/es\/producto\/amazfit-gtr-smart-watch\/","robots":"max-image-preview:large","keywords":"","webmasterTools":{"miscellaneous":""},"og:locale":"es_ES","og:site_name":"Rucas - One-stop AIoT Distribution Worldwide","og:type":"article","og:title":"Amazfit GTR Smart Watch - Rucas - Wholesale and Distribution","og:description":"Main Features\uff1a 1.Large retina level AMOLED screen display with elegant dials. 2.A revolutionary battery that lasts 24 days in typical usage scenario. 3. Waterproof up to 50 meters and high precision GPS 4.WIth12 sport modes, It always keep track of your sport status 5.Count the steps, improve sleep,listen to music: All the necessary for your daily life. 6.Incoming calls, SMS, App notifications,get all your important updates right on your wrist.","og:url":"https:\/\/www.rucashk.com\/es\/producto\/amazfit-gtr-smart-watch\/","og:image":"https:\/\/www.rucashk.com\/wp-content\/uploads\/replace\/503b8e645f128a97ccde2b6290747646.jpeg","og:image:secure_url":"https:\/\/www.rucashk.com\/wp-content\/uploads\/replace\/503b8e645f128a97ccde2b6290747646.jpeg","og:image:width":1456,"og:image:height":816,"article:published_time":"2024-01-09T15:34:21+00:00","article:modified_time":"2024-03-12T07:05:14+00:00","twitter:card":"summary_large_image","twitter:title":"Amazfit GTR Smart Watch - Rucas - Wholesale and Distribution","twitter:description":"Main Features\uff1a 1.Large retina level AMOLED screen display with elegant dials. 2.A revolutionary battery that lasts 24 days in typical usage scenario. 3. Waterproof up to 50 meters and high precision GPS 4.WIth12 sport modes, It always keep track of your sport status 5.Count the steps, improve sleep,listen to music: All the necessary for your daily life. 6.Incoming calls, SMS, App notifications,get all your important updates right on your wrist.","twitter:image":"https:\/\/www.rucashk.com\/wp-content\/uploads\/replace\/503b8e645f128a97ccde2b6290747646.jpeg","schema":{"@context":"https:\/\/schema.org","@graph":[{"@type":"BreadcrumbList","@id":"https:\/\/www.rucashk.com\/es\/producto\/amazfit-gtr-smart-watch\/#breadcrumblist","itemListElement":[{"@type":"ListItem","@id":"https:\/\/www.rucashk.com\/es\/#listItem","position":1,"name":"Home","item":"https:\/\/www.rucashk.com\/es\/","nextItem":"https:\/\/www.rucashk.com\/es\/producto\/amazfit-gtr-smart-watch\/#listItem"},{"@type":"ListItem","@id":"https:\/\/www.rucashk.com\/es\/producto\/amazfit-gtr-smart-watch\/#listItem","position":2,"name":"Amazfit GTR Smart Watch","previousItem":"https:\/\/www.rucashk.com\/es\/#listItem"}]},{"@type":"Organization","@id":"https:\/\/www.rucashk.com\/es\/#organization","name":"Rucas","url":"https:\/\/www.rucashk.com\/es\/","logo":{"@type":"ImageObject","url":"https:\/\/www.rucashk.com\/wp-content\/uploads\/2023\/12\/Rucas_campany_logo.png","@id":"https:\/\/www.rucashk.com\/es\/producto\/amazfit-gtr-smart-watch\/#organizationLogo","width":221,"height":65},"image":{"@id":"https:\/\/www.rucashk.com\/es\/#organizationLogo"}},{"@type":"Person","@id":"https:\/\/www.rucashk.com\/es\/author\/admin\/#author","url":"https:\/\/www.rucashk.com\/es\/author\/admin\/","name":"admin","image":{"@type":"ImageObject","@id":"https:\/\/www.rucashk.com\/es\/producto\/amazfit-gtr-smart-watch\/#authorImage","url":"https:\/\/secure.gravatar.com\/avatar\/b7c8925b09a27e72b30232f8ecaadbd5af0f70a38c78096863fe51b64f031c24?s=96&d=mm&r=g","width":96,"height":96,"caption":"admin"}},{"@type":"WebPage","@id":"https:\/\/www.rucashk.com\/es\/producto\/amazfit-gtr-smart-watch\/#webpage","url":"https:\/\/www.rucashk.com\/es\/producto\/amazfit-gtr-smart-watch\/","name":"Amazfit GTR Smart Watch - Rucas - Wholesale and Distribution","description":"Main Features\uff1a 1.Large retina level AMOLED screen display with elegant dials. 2.A revolutionary battery that lasts 24 days in typical usage scenario. 3. Waterproof up to 50 meters and high precision GPS 4.WIth12 sport modes, It always keep track of your sport status 5.Count the steps, improve sleep,listen to music: All the necessary for your daily life. 6.Incoming calls, SMS, App notifications,get all your important updates right on your wrist.","inLanguage":"es-ES","isPartOf":{"@id":"https:\/\/www.rucashk.com\/es\/#website"},"breadcrumb":{"@id":"https:\/\/www.rucashk.com\/es\/producto\/amazfit-gtr-smart-watch\/#breadcrumblist"},"author":{"@id":"https:\/\/www.rucashk.com\/es\/author\/admin\/#author"},"creator":{"@id":"https:\/\/www.rucashk.com\/es\/author\/admin\/#author"},"image":{"@type":"ImageObject","url":"https:\/\/www.rucashk.com\/wp-content\/uploads\/2024\/01\/Global-Version-Amazfit-GTR-47mm-42mm-SmartWatch-5ATM-Waterproof-watch-24Days-Battery-GPS-Music-Control-Leather-1.jpg","@id":"https:\/\/www.rucashk.com\/es\/producto\/amazfit-gtr-smart-watch\/#mainImage","width":800,"height":800},"primaryImageOfPage":{"@id":"https:\/\/www.rucashk.com\/es\/producto\/amazfit-gtr-smart-watch\/#mainImage"},"datePublished":"2024-01-09T15:34:21+00:00","dateModified":"2024-03-12T07:05:14+00:00"},{"@type":"WebSite","@id":"https:\/\/www.rucashk.com\/es\/#website","url":"https:\/\/www.rucashk.com\/es\/","name":"Rucas - Wholesale and distribution worldwide","alternateName":"Rucas - One-stop AIoT Distribution Worldwide","description":"One-stop AIoT Distribution Worldwide","inLanguage":"es-ES","publisher":{"@id":"https:\/\/www.rucashk.com\/es\/#organization"}}]}},"aioseo_meta_data":{"post_id":"21640","title":null,"description":null,"keywords":null,"keyphrases":null,"primary_term":null,"canonical_url":null,"og_title":null,"og_description":null,"og_object_type":"default","og_image_type":"default","og_image_url":null,"og_image_width":null,"og_image_height":null,"og_image_custom_url":null,"og_image_custom_fields":null,"og_video":null,"og_custom_url":null,"og_article_section":null,"og_article_tags":null,"twitter_use_og":false,"twitter_card":"default","twitter_image_type":"default","twitter_image_url":null,"twitter_image_custom_url":null,"twitter_image_custom_fields":null,"twitter_title":null,"twitter_description":null,"schema":{"blockGraphs":[],"customGraphs":[],"default":{"data":{"Article":[],"Course":[],"Dataset":[],"FAQPage":[],"Movie":[],"Person":[],"Product":[],"Recipe":[],"Service":[],"SoftwareApplication":[],"WebPage":[]},"graphName":"","isEnabled":true},"graphs":[]},"schema_type":"default","schema_type_options":null,"pillar_content":false,"robots_default":true,"robots_noindex":false,"robots_noarchive":false,"robots_nosnippet":false,"robots_nofollow":false,"robots_noimageindex":false,"robots_noodp":false,"robots_notranslate":false,"robots_max_snippet":null,"robots_max_videopreview":null,"robots_max_imagepreview":"large","priority":null,"frequency":null,"local_seo":null,"breadcrumb_settings":null,"limit_modified_date":false,"created":"2024-04-11 01:55:19","updated":"2025-06-22 16:27:56"},"aioseo_breadcrumb":"<div class=\"aioseo-breadcrumbs\"><span class=\"aioseo-breadcrumb\">\n\t<a href=\"https:\/\/www.rucashk.com\/es\" title=\"Home\">Home<\/a>\n<\/span><span class=\"aioseo-breadcrumb-separator\">&raquo;<\/span><span class=\"aioseo-breadcrumb\">\n\t<a href=\"https:\/\/www.rucashk.com\/es\/products\/\" title=\"Productos\">Productos<\/a>\n<\/span><span class=\"aioseo-breadcrumb-separator\">&raquo;<\/span><span class=\"aioseo-breadcrumb\">\n\t<a href=\"https:\/\/www.rucashk.com\/es\/categoria-producto\/xiaomi-eco\/\" title=\"Xiaomi Eco\">Xiaomi Eco<\/a>\n<\/span><span class=\"aioseo-breadcrumb-separator\">&raquo;<\/span><span class=\"aioseo-breadcrumb\">\n\t<a href=\"https:\/\/www.rucashk.com\/es\/categoria-producto\/xiaomi-eco\/amazfit-smartwatch\/\" title=\"Amazfit Smartwatch\">Amazfit Smartwatch<\/a>\n<\/span><span class=\"aioseo-breadcrumb-separator\">&raquo;<\/span><span class=\"aioseo-breadcrumb\">\n\tAmazfit GTR Smart Watch\n<\/span><\/div>","aioseo_breadcrumb_json":[{"label":"Home","link":"https:\/\/www.rucashk.com\/es"},{"label":"Productos","link":"https:\/\/www.rucashk.com\/es\/products\/"},{"label":"Xiaomi Eco","link":"https:\/\/www.rucashk.com\/es\/categoria-producto\/xiaomi-eco\/"},{"label":"Amazfit Smartwatch","link":"https:\/\/www.rucashk.com\/es\/categoria-producto\/xiaomi-eco\/amazfit-smartwatch\/"},{"label":"Amazfit GTR Smart Watch","link":"https:\/\/www.rucashk.com\/es\/producto\/amazfit-gtr-smart-watch\/"}],"_links":{"self":[{"href":"https:\/\/www.rucashk.com\/es\/wp-json\/wp\/v2\/product\/21640","targetHints":{"allow":["GET"]}}],"collection":[{"href":"https:\/\/www.rucashk.com\/es\/wp-json\/wp\/v2\/product"}],"about":[{"href":"https:\/\/www.rucashk.com\/es\/wp-json\/wp\/v2\/types\/product"}],"wp:featuredmedia":[{"embeddable":true,"href":"https:\/\/www.rucashk.com\/es\/wp-json\/wp\/v2\/media\/21772"}],"wp:attachment":[{"href":"https:\/\/www.rucashk.com\/es\/wp-json\/wp\/v2\/media?parent=21640"}],"wp:term":[{"taxonomy":"product_brand","embeddable":true,"href":"https:\/\/www.rucashk.com\/es\/wp-json\/wp\/v2\/product_brand?post=21640"},{"taxonomy":"product_cat","embeddable":true,"href":"https:\/\/www.rucashk.com\/es\/wp-json\/wp\/v2\/product_cat?post=21640"},{"taxonomy":"product_tag","embeddable":true,"href":"https:\/\/www.rucashk.com\/es\/wp-json\/wp\/v2\/product_tag?post=21640"}],"curies":[{"name":"wp","href":"https:\/\/api.w.org\/{rel}","templated":true}]}}