{"id":21636,"date":"2024-01-09T15:34:20","date_gmt":"2024-01-09T15:34:20","guid":{"rendered":"http:\/\/rucashk.com\/?post_type=product&#038;p=21636"},"modified":"2024-01-22T07:31:03","modified_gmt":"2024-01-22T07:31:03","slug":"amazfit-zenbuds-smart-noise-blocking-earbuds-wholesale","status":"publish","type":"product","link":"https:\/\/www.rucashk.com\/es\/producto\/amazfit-zenbuds-smart-noise-blocking-earbuds-wholesale\/","title":{"rendered":"Auriculares inteligentes con bloqueo de ruido Amazfit ZenBuds al por mayor"},"content":{"rendered":"<h1 class=\"wow fadeInUp active up\" style=\"text-align: center\">Amazfit ZenBuds<\/h1>\n<h2 class=\"wow fadeInUp active up\" style=\"text-align: center\" data-wow-delay=\".3s\">Conectar y dormir<\/h2>\n<p class=\"wow fadeInUp active up\" style=\"text-align: center\" data-wow-delay=\".5s\"><a class=\"\" style=\"width: auto !important\" href=\"https:\/\/www.rucashk.com\/es\/producto\/amazfit-zenbuds-noise-blocking-in-ear-earphones\/\" data-wpil-post-to-id=\"3349\">Intrauditivo con bloqueo de ruido<\/a> Dise\u00f1o | Ligero y c\u00f3modo<span class=\"active up\">Sonidos relajantes | Monitoreo del sue\u00f1o<\/span><\/p>\n<p style=\"text-align: center\"><img fetchpriority=\"high\" decoding=\"async\" class=\"alignnone wp-image-3350 size-full\" src=\"https:\/\/www.rucashk.com\/wp-content\/uploads\/2020\/03\/Amazfit-ZenBuds_1-1.jpg\" alt=\"Amazfit ZenBuds Smart Noise-blocking Earbuds Wholesale\" width=\"1905\" height=\"880\" \/><img decoding=\"async\" class=\"alignnone wp-image-3351 size-full\" src=\"https:\/\/www.rucashk.com\/wp-content\/uploads\/2020\/03\/Amazfit-ZenBuds_2-1.jpg\" alt=\"Amazfit ZenBuds Smart Noise-blocking Earbuds Wholesale\" width=\"1903\" height=\"1293\" \/><img decoding=\"async\" class=\"alignnone wp-image-3352 size-full\" src=\"https:\/\/www.rucashk.com\/wp-content\/uploads\/2020\/03\/Amazfit-ZenBuds_3-1.jpg\" alt=\"Amazfit ZenBuds Smart Noise-blocking Earbuds Wholesale\" width=\"1900\" height=\"2941\" \/><img loading=\"lazy\" decoding=\"async\" class=\"alignnone wp-image-3353 size-full\" src=\"https:\/\/www.rucashk.com\/wp-content\/uploads\/2020\/03\/Amazfit-ZenBuds_4-1.jpg\" alt=\"Amazfit ZenBuds Smart Noise-blocking Earbuds Wholesale\" width=\"1905\" height=\"2910\" \/><\/p>\n<p style=\"text-align: center\"><img loading=\"lazy\" decoding=\"async\" class=\"alignnone wp-image-3354 size-full\" src=\"https:\/\/www.rucashk.com\/wp-content\/uploads\/2020\/03\/Amazfit-ZenBuds_6-1.jpg\" alt=\"Amazfit ZenBuds Smart Noise-blocking Earbuds Wholesale\" width=\"1902\" height=\"1925\" \/><\/p>\n<table>\n<tbody>\n<tr>\n<th>General<\/th>\n<td>Tipo de auriculares: Auricular<br \/>\nMateriales: ABS<br \/>\nPrincipalmente compatible con: Blackberry, iPhone, LG, Motorola, SAMSUNG, Sony Ericsson<br \/>\nFunciones: Contestaci\u00f3n de llamadas telef\u00f3nicas, cambio de canci\u00f3n, m\u00fasica de soporte, control de voz<br \/>\nVersi\u00f3n de Bluetooth: V5.0<\/td>\n<\/tr>\n<tr>\n<th>Dimensiones y peso<\/th>\n<td>Peso del paquete: 0,1800 kg<br \/>\nTama\u00f1o del producto (largo x ancho x alto): 8,00 x 6,00 x 3,00 cm \/ 3,15 x 2,36 x 1,18 pulgadas<br \/>\nTama\u00f1o del paquete (largo x ancho x alto): 13,00 x 8,00 x 5,00 cm \/ 5,12 x 3,15 x 1,97 pulgadas<\/td>\n<\/tr>\n<tr>\n<th>contenidos del paquete<\/th>\n<td>Contenido del paquete: 1 par de auriculares, 1 base de carga, 1 manual en chino\/ingl\u00e9s, 3 pares de almohadillas<\/td>\n<\/tr>\n<\/tbody>\n<\/table>","protected":false},"excerpt":{"rendered":"<p>Principales caracter\u00edsticas:<br \/>\n\u25cf Smart Noise-blocking Earbuds The Journey to \u201cIdeal Sleep\u201d.<br \/>\n\u25cf Dise\u00f1o interno que bloquea el ruido.<br \/>\n\u25cf Sonidos relajantes que te hacen dormir.<br \/>\n\u25cf Ligero y C\u00f3modo.<br \/>\n\u25cf Ajuste seguro durante toda la noche.<br \/>\n\u25cf An\u00e1lisis profesional de la calidad del sue\u00f1o.<br \/>\n\u25cf Reloj despertador personal.<br \/>\n\u25cf El estuche de carga garantiza una larga duraci\u00f3n de la bater\u00eda.<\/p>","protected":false},"featured_media":21744,"template":"","meta":[],"product_brand":[],"product_cat":[1339,1305],"product_tag":[425,463],"class_list":{"0":"post-21636","1":"product","2":"type-product","3":"status-publish","4":"has-post-thumbnail","6":"product_cat-amazfit-smartwatch","7":"product_cat-xiaomi-eco","8":"product_tag-amazfit","9":"product_tag-earbuds","11":"first","12":"instock","13":"shipping-taxable","14":"product-type-external"},"aioseo_notices":[],"aioseo_head":"\n\t\t<!-- All in One SEO Pro 4.5.9.2 - aioseo.com -->\n\t\t<meta name=\"description\" content=\"Main Features: \u25cf Smart Noise-blocking Earbuds The Journey to \u201cIdeal Sleep\u201d. \u25cf Noise-blocking In-ear Design. \u25cf Soothing Sounds Drift You to Sleep. \u25cf ILight and Comfortable. \u25cf Secure Fit for the Whole Night. \u25cf Professional Sleep Quality Analysis. \u25cf Personal Alarm Clock. \u25cf Charging Case Ensures Long Battery Life.\" \/>\n\t\t<meta name=\"robots\" content=\"max-image-preview:large\" \/>\n\t\t<link rel=\"canonical\" href=\"https:\/\/www.rucashk.com\/es\/producto\/amazfit-zenbuds-smart-noise-blocking-earbuds-wholesale\/\" \/>\n\t\t<meta name=\"generator\" content=\"All in One SEO Pro (AIOSEO) 4.5.9.2\" \/>\n\t\t<meta property=\"og:locale\" content=\"es_ES\" \/>\n\t\t<meta property=\"og:site_name\" content=\"Rucas - One-stop AIoT Distribution Worldwide\" \/>\n\t\t<meta property=\"og:type\" content=\"article\" \/>\n\t\t<meta property=\"og:title\" content=\"Amazfit ZenBuds Smart Noise-blocking Earbuds Wholesale - Rucas - Wholesale and Distribution\" \/>\n\t\t<meta property=\"og:description\" content=\"Main Features: \u25cf Smart Noise-blocking Earbuds The Journey to \u201cIdeal Sleep\u201d. \u25cf Noise-blocking In-ear Design. \u25cf Soothing Sounds Drift You to Sleep. \u25cf ILight and Comfortable. \u25cf Secure Fit for the Whole Night. \u25cf Professional Sleep Quality Analysis. \u25cf Personal Alarm Clock. \u25cf Charging Case Ensures Long Battery Life.\" \/>\n\t\t<meta property=\"og:url\" content=\"https:\/\/www.rucashk.com\/es\/producto\/amazfit-zenbuds-smart-noise-blocking-earbuds-wholesale\/\" \/>\n\t\t<meta property=\"og:image\" content=\"https:\/\/www.rucashk.com\/wp-content\/uploads\/replace\/503b8e645f128a97ccde2b6290747646.jpeg\" \/>\n\t\t<meta property=\"og:image:secure_url\" content=\"https:\/\/www.rucashk.com\/wp-content\/uploads\/replace\/503b8e645f128a97ccde2b6290747646.jpeg\" \/>\n\t\t<meta property=\"og:image:width\" content=\"1456\" \/>\n\t\t<meta property=\"og:image:height\" content=\"816\" \/>\n\t\t<meta property=\"article:published_time\" content=\"2024-01-09T15:34:20+00:00\" \/>\n\t\t<meta property=\"article:modified_time\" content=\"2024-01-22T07:31:03+00:00\" \/>\n\t\t<meta name=\"twitter:card\" content=\"summary_large_image\" \/>\n\t\t<meta name=\"twitter:title\" content=\"Amazfit ZenBuds Smart Noise-blocking Earbuds Wholesale - Rucas - Wholesale and Distribution\" \/>\n\t\t<meta name=\"twitter:description\" content=\"Main Features: \u25cf Smart Noise-blocking Earbuds The Journey to \u201cIdeal Sleep\u201d. \u25cf Noise-blocking In-ear Design. \u25cf Soothing Sounds Drift You to Sleep. \u25cf ILight and Comfortable. \u25cf Secure Fit for the Whole Night. \u25cf Professional Sleep Quality Analysis. \u25cf Personal Alarm Clock. \u25cf Charging Case Ensures Long Battery Life.\" \/>\n\t\t<meta name=\"twitter:image\" content=\"https:\/\/www.rucashk.com\/wp-content\/uploads\/replace\/503b8e645f128a97ccde2b6290747646.jpeg\" \/>\n\t\t<script type=\"application\/ld+json\" class=\"aioseo-schema\">\n\t\t\t{\"@context\":\"https:\\\/\\\/schema.org\",\"@graph\":[{\"@type\":\"BreadcrumbList\",\"@id\":\"https:\\\/\\\/www.rucashk.com\\\/es\\\/producto\\\/amazfit-zenbuds-smart-noise-blocking-earbuds-wholesale\\\/#breadcrumblist\",\"itemListElement\":[{\"@type\":\"ListItem\",\"@id\":\"https:\\\/\\\/www.rucashk.com\\\/es\\\/#listItem\",\"position\":1,\"name\":\"Home\",\"item\":\"https:\\\/\\\/www.rucashk.com\\\/es\\\/\",\"nextItem\":\"https:\\\/\\\/www.rucashk.com\\\/es\\\/producto\\\/amazfit-zenbuds-smart-noise-blocking-earbuds-wholesale\\\/#listItem\"},{\"@type\":\"ListItem\",\"@id\":\"https:\\\/\\\/www.rucashk.com\\\/es\\\/producto\\\/amazfit-zenbuds-smart-noise-blocking-earbuds-wholesale\\\/#listItem\",\"position\":2,\"name\":\"Amazfit ZenBuds Smart Noise-blocking Earbuds Wholesale\",\"previousItem\":\"https:\\\/\\\/www.rucashk.com\\\/es\\\/#listItem\"}]},{\"@type\":\"Organization\",\"@id\":\"https:\\\/\\\/www.rucashk.com\\\/es\\\/#organization\",\"name\":\"Rucas\",\"url\":\"https:\\\/\\\/www.rucashk.com\\\/es\\\/\",\"logo\":{\"@type\":\"ImageObject\",\"url\":\"https:\\\/\\\/www.rucashk.com\\\/wp-content\\\/uploads\\\/2023\\\/12\\\/Rucas_campany_logo.png\",\"@id\":\"https:\\\/\\\/www.rucashk.com\\\/es\\\/producto\\\/amazfit-zenbuds-smart-noise-blocking-earbuds-wholesale\\\/#organizationLogo\",\"width\":221,\"height\":65},\"image\":{\"@id\":\"https:\\\/\\\/www.rucashk.com\\\/es\\\/#organizationLogo\"}},{\"@type\":\"Person\",\"@id\":\"https:\\\/\\\/www.rucashk.com\\\/es\\\/author\\\/admin\\\/#author\",\"url\":\"https:\\\/\\\/www.rucashk.com\\\/es\\\/author\\\/admin\\\/\",\"name\":\"admin\",\"image\":{\"@type\":\"ImageObject\",\"@id\":\"https:\\\/\\\/www.rucashk.com\\\/es\\\/producto\\\/amazfit-zenbuds-smart-noise-blocking-earbuds-wholesale\\\/#authorImage\",\"url\":\"https:\\\/\\\/secure.gravatar.com\\\/avatar\\\/b7c8925b09a27e72b30232f8ecaadbd5af0f70a38c78096863fe51b64f031c24?s=96&d=mm&r=g\",\"width\":96,\"height\":96,\"caption\":\"admin\"}},{\"@type\":\"WebPage\",\"@id\":\"https:\\\/\\\/www.rucashk.com\\\/es\\\/producto\\\/amazfit-zenbuds-smart-noise-blocking-earbuds-wholesale\\\/#webpage\",\"url\":\"https:\\\/\\\/www.rucashk.com\\\/es\\\/producto\\\/amazfit-zenbuds-smart-noise-blocking-earbuds-wholesale\\\/\",\"name\":\"Amazfit ZenBuds Smart Noise-blocking Earbuds Wholesale - Rucas - Wholesale and Distribution\",\"description\":\"Main Features: \\u25cf Smart Noise-blocking Earbuds The Journey to \\u201cIdeal Sleep\\u201d. \\u25cf Noise-blocking In-ear Design. \\u25cf Soothing Sounds Drift You to Sleep. \\u25cf ILight and Comfortable. \\u25cf Secure Fit for the Whole Night. \\u25cf Professional Sleep Quality Analysis. \\u25cf Personal Alarm Clock. \\u25cf Charging Case Ensures Long Battery Life.\",\"inLanguage\":\"es-ES\",\"isPartOf\":{\"@id\":\"https:\\\/\\\/www.rucashk.com\\\/es\\\/#website\"},\"breadcrumb\":{\"@id\":\"https:\\\/\\\/www.rucashk.com\\\/es\\\/producto\\\/amazfit-zenbuds-smart-noise-blocking-earbuds-wholesale\\\/#breadcrumblist\"},\"author\":{\"@id\":\"https:\\\/\\\/www.rucashk.com\\\/es\\\/author\\\/admin\\\/#author\"},\"creator\":{\"@id\":\"https:\\\/\\\/www.rucashk.com\\\/es\\\/author\\\/admin\\\/#author\"},\"image\":{\"@type\":\"ImageObject\",\"url\":\"https:\\\/\\\/www.rucashk.com\\\/wp-content\\\/uploads\\\/2024\\\/01\\\/Amazfit-ZenBuds_1-1-2.jpg\",\"@id\":\"https:\\\/\\\/www.rucashk.com\\\/es\\\/producto\\\/amazfit-zenbuds-smart-noise-blocking-earbuds-wholesale\\\/#mainImage\",\"width\":800,\"height\":800},\"primaryImageOfPage\":{\"@id\":\"https:\\\/\\\/www.rucashk.com\\\/es\\\/producto\\\/amazfit-zenbuds-smart-noise-blocking-earbuds-wholesale\\\/#mainImage\"},\"datePublished\":\"2024-01-09T15:34:20+00:00\",\"dateModified\":\"2024-01-22T07:31:03+00:00\"},{\"@type\":\"WebSite\",\"@id\":\"https:\\\/\\\/www.rucashk.com\\\/es\\\/#website\",\"url\":\"https:\\\/\\\/www.rucashk.com\\\/es\\\/\",\"name\":\"Rucas - Wholesale and distribution worldwide\",\"alternateName\":\"Rucas - One-stop AIoT Distribution Worldwide\",\"description\":\"One-stop AIoT Distribution Worldwide\",\"inLanguage\":\"es-ES\",\"publisher\":{\"@id\":\"https:\\\/\\\/www.rucashk.com\\\/es\\\/#organization\"}}]}\n\t\t<\/script>\n\t\t<!-- All in One SEO Pro -->\r\n\t\t<title>Amazfit ZenBuds Smart Noise-blocking Earbuds Wholesale - Rucas - Wholesale and Distribution<\/title>\n\n","aioseo_head_json":{"title":"Amazfit ZenBuds Smart Noise-blocking Earbuds Wholesale - Rucas - Wholesale and Distribution","description":"Main Features: \u25cf Smart Noise-blocking Earbuds The Journey to \u201cIdeal Sleep\u201d. \u25cf Noise-blocking In-ear Design. \u25cf Soothing Sounds Drift You to Sleep. \u25cf ILight and Comfortable. \u25cf Secure Fit for the Whole Night. \u25cf Professional Sleep Quality Analysis. \u25cf Personal Alarm Clock. \u25cf Charging Case Ensures Long Battery Life.","canonical_url":"https:\/\/www.rucashk.com\/es\/producto\/amazfit-zenbuds-smart-noise-blocking-earbuds-wholesale\/","robots":"max-image-preview:large","keywords":"","webmasterTools":{"miscellaneous":""},"og:locale":"es_ES","og:site_name":"Rucas - One-stop AIoT Distribution Worldwide","og:type":"article","og:title":"Amazfit ZenBuds Smart Noise-blocking Earbuds Wholesale - Rucas - Wholesale and Distribution","og:description":"Main Features: \u25cf Smart Noise-blocking Earbuds The Journey to \u201cIdeal Sleep\u201d. \u25cf Noise-blocking In-ear Design. \u25cf Soothing Sounds Drift You to Sleep. \u25cf ILight and Comfortable. \u25cf Secure Fit for the Whole Night. \u25cf Professional Sleep Quality Analysis. \u25cf Personal Alarm Clock. \u25cf Charging Case Ensures Long Battery Life.","og:url":"https:\/\/www.rucashk.com\/es\/producto\/amazfit-zenbuds-smart-noise-blocking-earbuds-wholesale\/","og:image":"https:\/\/www.rucashk.com\/wp-content\/uploads\/replace\/503b8e645f128a97ccde2b6290747646.jpeg","og:image:secure_url":"https:\/\/www.rucashk.com\/wp-content\/uploads\/replace\/503b8e645f128a97ccde2b6290747646.jpeg","og:image:width":1456,"og:image:height":816,"article:published_time":"2024-01-09T15:34:20+00:00","article:modified_time":"2024-01-22T07:31:03+00:00","twitter:card":"summary_large_image","twitter:title":"Amazfit ZenBuds Smart Noise-blocking Earbuds Wholesale - Rucas - Wholesale and Distribution","twitter:description":"Main Features: \u25cf Smart Noise-blocking Earbuds The Journey to \u201cIdeal Sleep\u201d. \u25cf Noise-blocking In-ear Design. \u25cf Soothing Sounds Drift You to Sleep. \u25cf ILight and Comfortable. \u25cf Secure Fit for the Whole Night. \u25cf Professional Sleep Quality Analysis. \u25cf Personal Alarm Clock. \u25cf Charging Case Ensures Long Battery Life.","twitter:image":"https:\/\/www.rucashk.com\/wp-content\/uploads\/replace\/503b8e645f128a97ccde2b6290747646.jpeg","schema":{"@context":"https:\/\/schema.org","@graph":[{"@type":"BreadcrumbList","@id":"https:\/\/www.rucashk.com\/es\/producto\/amazfit-zenbuds-smart-noise-blocking-earbuds-wholesale\/#breadcrumblist","itemListElement":[{"@type":"ListItem","@id":"https:\/\/www.rucashk.com\/es\/#listItem","position":1,"name":"Home","item":"https:\/\/www.rucashk.com\/es\/","nextItem":"https:\/\/www.rucashk.com\/es\/producto\/amazfit-zenbuds-smart-noise-blocking-earbuds-wholesale\/#listItem"},{"@type":"ListItem","@id":"https:\/\/www.rucashk.com\/es\/producto\/amazfit-zenbuds-smart-noise-blocking-earbuds-wholesale\/#listItem","position":2,"name":"Amazfit ZenBuds Smart Noise-blocking Earbuds Wholesale","previousItem":"https:\/\/www.rucashk.com\/es\/#listItem"}]},{"@type":"Organization","@id":"https:\/\/www.rucashk.com\/es\/#organization","name":"Rucas","url":"https:\/\/www.rucashk.com\/es\/","logo":{"@type":"ImageObject","url":"https:\/\/www.rucashk.com\/wp-content\/uploads\/2023\/12\/Rucas_campany_logo.png","@id":"https:\/\/www.rucashk.com\/es\/producto\/amazfit-zenbuds-smart-noise-blocking-earbuds-wholesale\/#organizationLogo","width":221,"height":65},"image":{"@id":"https:\/\/www.rucashk.com\/es\/#organizationLogo"}},{"@type":"Person","@id":"https:\/\/www.rucashk.com\/es\/author\/admin\/#author","url":"https:\/\/www.rucashk.com\/es\/author\/admin\/","name":"admin","image":{"@type":"ImageObject","@id":"https:\/\/www.rucashk.com\/es\/producto\/amazfit-zenbuds-smart-noise-blocking-earbuds-wholesale\/#authorImage","url":"https:\/\/secure.gravatar.com\/avatar\/b7c8925b09a27e72b30232f8ecaadbd5af0f70a38c78096863fe51b64f031c24?s=96&d=mm&r=g","width":96,"height":96,"caption":"admin"}},{"@type":"WebPage","@id":"https:\/\/www.rucashk.com\/es\/producto\/amazfit-zenbuds-smart-noise-blocking-earbuds-wholesale\/#webpage","url":"https:\/\/www.rucashk.com\/es\/producto\/amazfit-zenbuds-smart-noise-blocking-earbuds-wholesale\/","name":"Amazfit ZenBuds Smart Noise-blocking Earbuds Wholesale - Rucas - Wholesale and Distribution","description":"Main Features: \u25cf Smart Noise-blocking Earbuds The Journey to \u201cIdeal Sleep\u201d. \u25cf Noise-blocking In-ear Design. \u25cf Soothing Sounds Drift You to Sleep. \u25cf ILight and Comfortable. \u25cf Secure Fit for the Whole Night. \u25cf Professional Sleep Quality Analysis. \u25cf Personal Alarm Clock. \u25cf Charging Case Ensures Long Battery Life.","inLanguage":"es-ES","isPartOf":{"@id":"https:\/\/www.rucashk.com\/es\/#website"},"breadcrumb":{"@id":"https:\/\/www.rucashk.com\/es\/producto\/amazfit-zenbuds-smart-noise-blocking-earbuds-wholesale\/#breadcrumblist"},"author":{"@id":"https:\/\/www.rucashk.com\/es\/author\/admin\/#author"},"creator":{"@id":"https:\/\/www.rucashk.com\/es\/author\/admin\/#author"},"image":{"@type":"ImageObject","url":"https:\/\/www.rucashk.com\/wp-content\/uploads\/2024\/01\/Amazfit-ZenBuds_1-1-2.jpg","@id":"https:\/\/www.rucashk.com\/es\/producto\/amazfit-zenbuds-smart-noise-blocking-earbuds-wholesale\/#mainImage","width":800,"height":800},"primaryImageOfPage":{"@id":"https:\/\/www.rucashk.com\/es\/producto\/amazfit-zenbuds-smart-noise-blocking-earbuds-wholesale\/#mainImage"},"datePublished":"2024-01-09T15:34:20+00:00","dateModified":"2024-01-22T07:31:03+00:00"},{"@type":"WebSite","@id":"https:\/\/www.rucashk.com\/es\/#website","url":"https:\/\/www.rucashk.com\/es\/","name":"Rucas - Wholesale and distribution worldwide","alternateName":"Rucas - One-stop AIoT Distribution Worldwide","description":"One-stop AIoT Distribution Worldwide","inLanguage":"es-ES","publisher":{"@id":"https:\/\/www.rucashk.com\/es\/#organization"}}]}},"aioseo_meta_data":{"post_id":"21636","title":null,"description":null,"keywords":null,"keyphrases":null,"primary_term":null,"canonical_url":null,"og_title":null,"og_description":null,"og_object_type":"default","og_image_type":"default","og_image_url":null,"og_image_width":null,"og_image_height":null,"og_image_custom_url":null,"og_image_custom_fields":null,"og_video":null,"og_custom_url":null,"og_article_section":null,"og_article_tags":null,"twitter_use_og":false,"twitter_card":"default","twitter_image_type":"default","twitter_image_url":null,"twitter_image_custom_url":null,"twitter_image_custom_fields":null,"twitter_title":null,"twitter_description":null,"schema":{"blockGraphs":[],"customGraphs":[],"default":{"data":{"Article":[],"Course":[],"Dataset":[],"FAQPage":[],"Movie":[],"Person":[],"Product":[],"Recipe":[],"Service":[],"SoftwareApplication":[],"WebPage":[]},"graphName":"","isEnabled":true},"graphs":[]},"schema_type":"default","schema_type_options":null,"pillar_content":false,"robots_default":true,"robots_noindex":false,"robots_noarchive":false,"robots_nosnippet":false,"robots_nofollow":false,"robots_noimageindex":false,"robots_noodp":false,"robots_notranslate":false,"robots_max_snippet":null,"robots_max_videopreview":null,"robots_max_imagepreview":"large","priority":null,"frequency":null,"local_seo":null,"breadcrumb_settings":null,"limit_modified_date":false,"created":"2024-04-11 01:55:19","updated":"2025-06-22 16:27:55"},"aioseo_breadcrumb":"<div class=\"aioseo-breadcrumbs\"><span class=\"aioseo-breadcrumb\">\n\t<a href=\"https:\/\/www.rucashk.com\/es\" title=\"Home\">Home<\/a>\n<\/span><span class=\"aioseo-breadcrumb-separator\">&raquo;<\/span><span class=\"aioseo-breadcrumb\">\n\t<a href=\"https:\/\/www.rucashk.com\/es\/products\/\" title=\"Productos\">Productos<\/a>\n<\/span><span class=\"aioseo-breadcrumb-separator\">&raquo;<\/span><span class=\"aioseo-breadcrumb\">\n\t<a href=\"https:\/\/www.rucashk.com\/es\/categoria-producto\/xiaomi-eco\/\" title=\"Xiaomi Eco\">Xiaomi Eco<\/a>\n<\/span><span class=\"aioseo-breadcrumb-separator\">&raquo;<\/span><span class=\"aioseo-breadcrumb\">\n\t<a href=\"https:\/\/www.rucashk.com\/es\/categoria-producto\/xiaomi-eco\/amazfit-smartwatch\/\" title=\"Amazfit Smartwatch\">Amazfit Smartwatch<\/a>\n<\/span><span class=\"aioseo-breadcrumb-separator\">&raquo;<\/span><span class=\"aioseo-breadcrumb\">\n\tAmazfit ZenBuds Smart Noise-blocking Earbuds Wholesale\n<\/span><\/div>","aioseo_breadcrumb_json":[{"label":"Home","link":"https:\/\/www.rucashk.com\/es"},{"label":"Productos","link":"https:\/\/www.rucashk.com\/es\/products\/"},{"label":"Xiaomi Eco","link":"https:\/\/www.rucashk.com\/es\/categoria-producto\/xiaomi-eco\/"},{"label":"Amazfit Smartwatch","link":"https:\/\/www.rucashk.com\/es\/categoria-producto\/xiaomi-eco\/amazfit-smartwatch\/"},{"label":"Amazfit ZenBuds Smart Noise-blocking Earbuds Wholesale","link":"https:\/\/www.rucashk.com\/es\/producto\/amazfit-zenbuds-smart-noise-blocking-earbuds-wholesale\/"}],"_links":{"self":[{"href":"https:\/\/www.rucashk.com\/es\/wp-json\/wp\/v2\/product\/21636","targetHints":{"allow":["GET"]}}],"collection":[{"href":"https:\/\/www.rucashk.com\/es\/wp-json\/wp\/v2\/product"}],"about":[{"href":"https:\/\/www.rucashk.com\/es\/wp-json\/wp\/v2\/types\/product"}],"wp:featuredmedia":[{"embeddable":true,"href":"https:\/\/www.rucashk.com\/es\/wp-json\/wp\/v2\/media\/21744"}],"wp:attachment":[{"href":"https:\/\/www.rucashk.com\/es\/wp-json\/wp\/v2\/media?parent=21636"}],"wp:term":[{"taxonomy":"product_brand","embeddable":true,"href":"https:\/\/www.rucashk.com\/es\/wp-json\/wp\/v2\/product_brand?post=21636"},{"taxonomy":"product_cat","embeddable":true,"href":"https:\/\/www.rucashk.com\/es\/wp-json\/wp\/v2\/product_cat?post=21636"},{"taxonomy":"product_tag","embeddable":true,"href":"https:\/\/www.rucashk.com\/es\/wp-json\/wp\/v2\/product_tag?post=21636"}],"curies":[{"name":"wp","href":"https:\/\/api.w.org\/{rel}","templated":true}]}}