{"id":21557,"date":"2024-01-09T15:33:36","date_gmt":"2024-01-09T15:33:36","guid":{"rendered":"http:\/\/rucashk.com\/?post_type=product&#038;p=21557"},"modified":"2025-06-22T06:35:08","modified_gmt":"2025-06-22T06:35:08","slug":"qcy-t2c-tws-bluetooth-5-0-earphones-wholesale","status":"publish","type":"product","link":"https:\/\/www.rucashk.com\/es\/producto\/qcy-t2c-tws-bluetooth-5-0-earphones-wholesale\/","title":{"rendered":"Auriculares QCY T2C TWS Bluetooth 5,0 al por mayor"},"content":{"rendered":"<div>\n<h2 style=\"text-align: center\"><strong>Auriculares QCY T2C TWS Bluetooth 5.0<\/strong><\/h2>\n<\/div>\n<div><img fetchpriority=\"high\" decoding=\"async\" class=\"aligncenter\" src=\"https:\/\/www.rucashk.com\/wp-content\/uploads\/2020\/05\/HTB1q.cKatfvK1RjSspfq6zzXFXav.jpg\" alt=\"QCY T2C TWS Bluetooth 5.0 Earphones Wholesale\" width=\"750\" height=\"360\" \/>\u00a0<img decoding=\"async\" class=\"aligncenter\" src=\"https:\/\/www.rucashk.com\/wp-content\/uploads\/2020\/05\/HTB1Ue7CayfrK1RjSspbq6A4pFXac.jpg\" alt=\"QCY T2C TWS Bluetooth 5.0 Earphones Wholesalle\" width=\"750\" height=\"305\" \/>\u00a0<img decoding=\"async\" class=\"aligncenter\" src=\"https:\/\/www.rucashk.com\/wp-content\/uploads\/2020\/05\/HTB1jyMKazzuK1RjSsppq6xz0XXal.jpg\" alt=\"QCY T2C TWS Bluetooth 5.0 Earphones Wholesale\" width=\"750\" height=\"332\" \/>\u00a0<img loading=\"lazy\" decoding=\"async\" class=\"aligncenter\" src=\"https:\/\/www.rucashk.com\/wp-content\/uploads\/2020\/05\/HTB1BOELavfsK1RjSszgq6yXzpXan.jpg\" alt=\"QCY T2C TWS Bluetooth 5.0 Earphones Wholesalle\" width=\"750\" height=\"401\" \/><img loading=\"lazy\" decoding=\"async\" class=\"aligncenter\" src=\"https:\/\/www.rucashk.com\/wp-content\/uploads\/2020\/05\/HTB1hH.Jas_vK1RkSmRyq6xwupXaA.jpg\" alt=\"QCY T2C TWS Bluetooth 5.0 Earphones Wholesalle\" width=\"750\" height=\"380\" \/><img loading=\"lazy\" decoding=\"async\" class=\"aligncenter\" src=\"https:\/\/www.rucashk.com\/wp-content\/uploads\/2020\/05\/HTB1slEJaDjxK1Rjy0Fnq6yBaFXaz.jpg\" alt=\"QCY T2C TWS Bluetooth 5.0 Earphones Wholesalle\" width=\"750\" height=\"387\" \/><img loading=\"lazy\" decoding=\"async\" class=\"aligncenter\" src=\"https:\/\/www.rucashk.com\/wp-content\/uploads\/2020\/05\/HTB1_O.EasvrK1Rjy0Feq6ATmVXa6.jpg\" alt=\"QCY T2C TWS Bluetooth 5.0 Earphones Wholesalle\" width=\"750\" height=\"495\" \/><img loading=\"lazy\" decoding=\"async\" class=\"aligncenter\" src=\"https:\/\/www.rucashk.com\/wp-content\/uploads\/2020\/05\/HTB1gVUGazzuK1Rjy0Fpq6yEpFXan.jpg\" alt=\"QCY T2C TWS Bluetooth 5.0 Earphones Wholesalle\" width=\"750\" height=\"317\" \/><img loading=\"lazy\" decoding=\"async\" class=\"aligncenter\" src=\"https:\/\/www.rucashk.com\/wp-content\/uploads\/2020\/05\/HTB1ycIMavvsK1Rjy0Fiq6zwtXXa0.jpg\" alt=\"QCY T2C TWS Bluetooth 5.0 Earphones Wholesalle\" width=\"750\" height=\"324\" \/><img loading=\"lazy\" decoding=\"async\" class=\"aligncenter\" src=\"https:\/\/www.rucashk.com\/wp-content\/uploads\/2020\/05\/HTB1g8tZazLuK1Rjy0Fhq6xpdFXaz.jpg\" alt=\"QCY T2C TWS Bluetooth 5.0 Earphones Wholesalle\" width=\"750\" height=\"397\" \/><\/div>\n<div><\/div>\n<div>\n<div style=\"text-align: left\">\n<div>\n<div data-spm-anchor-id=\"a2g0o.detail.1000023.i0.35b2219aWPR4ee\">Modelo: <a class=\"\" style=\"width: auto !important\" href=\"https:\/\/www.rucashk.com\/es\/producto\/qcy-t1-new-tws-bluetooth-v5-0-earphones\/\" data-wpil-post-to-id=\"1859\">QCY T2C TWS Bluetooth<\/a> Auriculares V5.0.<\/div>\n<div>Versi\u00f3n de Bluetooth: v5.0.<\/div>\n<div>Tiempo de carga: aprox. 2 horas.<\/div>\n<div>Rango de operaci\u00f3n: 10 m.<\/div>\n<div>Tiempo en espera: aprox. 120 horas.<\/div>\n<div>Tiempo de conversaci\u00f3n: aprox. 4 h.<\/div>\n<div>Perfiles de Bluetooth: HFP\/A2DP\/HSP\/AVRCP.<\/div>\n<div>Capacidad de la bater\u00eda (auriculares): 3,7 V 43 mAh.<\/div>\n<div>Capacidad de la bater\u00eda (estuche de carga): 3,7 V 800 mAH.<\/div>\n<div>Tipo de bater\u00eda: ion de litio.<\/div>\n<div>(Todos los datos t\u00e9cnicos estar\u00e1n sujetos al desempe\u00f1o pr\u00e1ctico)<\/div>\n<div><\/div>\n<\/div>\n<div>\n<div>El paquete incluye:<\/div>\n<div>2 x mini auriculares Bluetooth (auriculares izquierdo y derecho)<\/div>\n<div>1 x caja de carga<\/div>\n<div>1x <a class=\"\" style=\"width: auto !important\" href=\"https:\/\/www.rucashk.com\/es\/producto\/roidmi-c1-quick-and-intelligent-car-charger-metal-dual-usb\/\" data-wpil-post-to-id=\"2628\">Carga USB<\/a> Cable<\/div>\n<div>2 x tapones para los o\u00eddos<\/div>\n<div>1 manual de usuario.<\/div>\n<\/div>\n<\/div>\n<\/div>","protected":false},"excerpt":{"rendered":"<p><b>Principales caracter\u00edsticas:<\/b><\/p>\n<p>\u25cf<b>Tecnolog\u00eda Bluetooth V5.0<\/b>, la velocidad de transmisi\u00f3n es dos veces mayor. El rendimiento antiinterferencias mejora y la conexi\u00f3n es m\u00e1s estable, evita retrasos en el sonido.<br \/>\n\u25cf<b>Reducci\u00f3n de ruido CVC 6.0<\/b>\u00a0Tecnolog\u00eda de micr\u00f3fono de silicona de alta sensibilidad, mejora el reconocimiento del habla, asegura que puedas hablar sin ning\u00fan esfuerzo incluso en ambientes ruidosos.<br \/>\n\u25cf<b>Dise\u00f1o ergon\u00f3mico<\/b>, los auriculares se ajustan exactamente al contorno de las orejas<br \/>\n\u25cf Exclusivo\u00a0<b>para llevar para usar<\/b>\u00a0dise\u00f1o, siempre hay un paso menos, tiempo seguro y manos libres<br \/>\n\u25cf<b>Peque\u00f1o estuche de carga incorporado de 800 mAh<\/b>\u00a0para energ\u00eda de respaldo<br \/>\n<b>Nota: T2C y T1S son del mismo tipo y el embalaje se env\u00eda de forma alternativa.<\/b><\/p>","protected":false},"featured_media":21686,"template":"","meta":[],"product_brand":[1417],"product_cat":[1311,1305],"product_tag":[464],"class_list":{"0":"post-21557","1":"product","2":"type-product","3":"status-publish","4":"has-post-thumbnail","6":"product_brand-qcy","7":"product_cat-qcy-earphone","8":"product_cat-xiaomi-eco","9":"product_tag-qcy","11":"first","12":"instock","13":"shipping-taxable","14":"product-type-external"},"aioseo_notices":[],"aioseo_head":"\n\t\t<!-- All in One SEO Pro 4.5.9.2 - aioseo.com -->\n\t\t<meta name=\"description\" content=\"Main Features\uff1a \u25cfBluetooth V5.0 technology, the transmission speed is twice higher. The anti-interference performance is enhanced and the connection is more stable, avoid sound delays \u25cfCVC 6.0 noise reduction technology high sensitivity silicone mic, improve the recognition of the speech, make sure you can talk without any effort even in noisy environments \u25cfErgonomically designed, the earbuds exactly fit the contours of the ears \u25cf Exclusive take-out-to use design, there is always one step less, safe time and free hands \u25cfSmall charging case built-in 800mAh for backup power Note: T2C and T1S are the same type, and the packaging is shipped alternately.\" \/>\n\t\t<meta name=\"robots\" content=\"max-image-preview:large\" \/>\n\t\t<link rel=\"canonical\" href=\"https:\/\/www.rucashk.com\/es\/producto\/qcy-t2c-tws-bluetooth-5-0-earphones-wholesale\/\" \/>\n\t\t<meta name=\"generator\" content=\"All in One SEO Pro (AIOSEO) 4.5.9.2\" \/>\n\t\t<meta property=\"og:locale\" content=\"es_ES\" \/>\n\t\t<meta property=\"og:site_name\" content=\"Rucas - One-stop AIoT Distribution Worldwide\" \/>\n\t\t<meta property=\"og:type\" content=\"article\" \/>\n\t\t<meta property=\"og:title\" content=\"QCY T2C TWS Bluetooth 5.0 Earphones Wholesale - Rucas - Wholesale and Distribution\" \/>\n\t\t<meta property=\"og:description\" content=\"Main Features\uff1a \u25cfBluetooth V5.0 technology, the transmission speed is twice higher. The anti-interference performance is enhanced and the connection is more stable, avoid sound delays \u25cfCVC 6.0 noise reduction technology high sensitivity silicone mic, improve the recognition of the speech, make sure you can talk without any effort even in noisy environments \u25cfErgonomically designed, the earbuds exactly fit the contours of the ears \u25cf Exclusive take-out-to use design, there is always one step less, safe time and free hands \u25cfSmall charging case built-in 800mAh for backup power Note: T2C and T1S are the same type, and the packaging is shipped alternately.\" \/>\n\t\t<meta property=\"og:url\" content=\"https:\/\/www.rucashk.com\/es\/producto\/qcy-t2c-tws-bluetooth-5-0-earphones-wholesale\/\" \/>\n\t\t<meta property=\"og:image\" content=\"https:\/\/www.rucashk.com\/wp-content\/uploads\/replace\/503b8e645f128a97ccde2b6290747646.jpeg\" \/>\n\t\t<meta property=\"og:image:secure_url\" content=\"https:\/\/www.rucashk.com\/wp-content\/uploads\/replace\/503b8e645f128a97ccde2b6290747646.jpeg\" \/>\n\t\t<meta property=\"og:image:width\" content=\"1456\" \/>\n\t\t<meta property=\"og:image:height\" content=\"816\" \/>\n\t\t<meta property=\"article:published_time\" content=\"2024-01-09T15:33:36+00:00\" \/>\n\t\t<meta property=\"article:modified_time\" content=\"2025-06-22T06:35:08+00:00\" \/>\n\t\t<meta name=\"twitter:card\" content=\"summary_large_image\" \/>\n\t\t<meta name=\"twitter:title\" content=\"QCY T2C TWS Bluetooth 5.0 Earphones Wholesale - Rucas - Wholesale and Distribution\" \/>\n\t\t<meta name=\"twitter:description\" content=\"Main Features\uff1a \u25cfBluetooth V5.0 technology, the transmission speed is twice higher. The anti-interference performance is enhanced and the connection is more stable, avoid sound delays \u25cfCVC 6.0 noise reduction technology high sensitivity silicone mic, improve the recognition of the speech, make sure you can talk without any effort even in noisy environments \u25cfErgonomically designed, the earbuds exactly fit the contours of the ears \u25cf Exclusive take-out-to use design, there is always one step less, safe time and free hands \u25cfSmall charging case built-in 800mAh for backup power Note: T2C and T1S are the same type, and the packaging is shipped alternately.\" \/>\n\t\t<meta name=\"twitter:image\" content=\"https:\/\/www.rucashk.com\/wp-content\/uploads\/replace\/503b8e645f128a97ccde2b6290747646.jpeg\" \/>\n\t\t<script type=\"application\/ld+json\" class=\"aioseo-schema\">\n\t\t\t{\"@context\":\"https:\\\/\\\/schema.org\",\"@graph\":[{\"@type\":\"BreadcrumbList\",\"@id\":\"https:\\\/\\\/www.rucashk.com\\\/es\\\/producto\\\/qcy-t2c-tws-bluetooth-5-0-earphones-wholesale\\\/#breadcrumblist\",\"itemListElement\":[{\"@type\":\"ListItem\",\"@id\":\"https:\\\/\\\/www.rucashk.com\\\/es\\\/#listItem\",\"position\":1,\"name\":\"Home\",\"item\":\"https:\\\/\\\/www.rucashk.com\\\/es\\\/\",\"nextItem\":\"https:\\\/\\\/www.rucashk.com\\\/es\\\/producto\\\/qcy-t2c-tws-bluetooth-5-0-earphones-wholesale\\\/#listItem\"},{\"@type\":\"ListItem\",\"@id\":\"https:\\\/\\\/www.rucashk.com\\\/es\\\/producto\\\/qcy-t2c-tws-bluetooth-5-0-earphones-wholesale\\\/#listItem\",\"position\":2,\"name\":\"QCY T2C TWS Bluetooth 5.0 Earphones Wholesale\",\"previousItem\":\"https:\\\/\\\/www.rucashk.com\\\/es\\\/#listItem\"}]},{\"@type\":\"Organization\",\"@id\":\"https:\\\/\\\/www.rucashk.com\\\/es\\\/#organization\",\"name\":\"Rucas\",\"url\":\"https:\\\/\\\/www.rucashk.com\\\/es\\\/\",\"logo\":{\"@type\":\"ImageObject\",\"url\":\"https:\\\/\\\/www.rucashk.com\\\/wp-content\\\/uploads\\\/2023\\\/12\\\/Rucas_campany_logo.png\",\"@id\":\"https:\\\/\\\/www.rucashk.com\\\/es\\\/producto\\\/qcy-t2c-tws-bluetooth-5-0-earphones-wholesale\\\/#organizationLogo\",\"width\":221,\"height\":65},\"image\":{\"@id\":\"https:\\\/\\\/www.rucashk.com\\\/es\\\/#organizationLogo\"}},{\"@type\":\"Person\",\"@id\":\"https:\\\/\\\/www.rucashk.com\\\/es\\\/author\\\/admin\\\/#author\",\"url\":\"https:\\\/\\\/www.rucashk.com\\\/es\\\/author\\\/admin\\\/\",\"name\":\"admin\",\"image\":{\"@type\":\"ImageObject\",\"@id\":\"https:\\\/\\\/www.rucashk.com\\\/es\\\/producto\\\/qcy-t2c-tws-bluetooth-5-0-earphones-wholesale\\\/#authorImage\",\"url\":\"https:\\\/\\\/secure.gravatar.com\\\/avatar\\\/b7c8925b09a27e72b30232f8ecaadbd5af0f70a38c78096863fe51b64f031c24?s=96&d=mm&r=g\",\"width\":96,\"height\":96,\"caption\":\"admin\"}},{\"@type\":\"WebPage\",\"@id\":\"https:\\\/\\\/www.rucashk.com\\\/es\\\/producto\\\/qcy-t2c-tws-bluetooth-5-0-earphones-wholesale\\\/#webpage\",\"url\":\"https:\\\/\\\/www.rucashk.com\\\/es\\\/producto\\\/qcy-t2c-tws-bluetooth-5-0-earphones-wholesale\\\/\",\"name\":\"QCY T2C TWS Bluetooth 5.0 Earphones Wholesale - Rucas - Wholesale and Distribution\",\"description\":\"Main Features\\uff1a \\u25cfBluetooth V5.0 technology, the transmission speed is twice higher. The anti-interference performance is enhanced and the connection is more stable, avoid sound delays \\u25cfCVC 6.0 noise reduction technology high sensitivity silicone mic, improve the recognition of the speech, make sure you can talk without any effort even in noisy environments \\u25cfErgonomically designed, the earbuds exactly fit the contours of the ears \\u25cf Exclusive take-out-to use design, there is always one step less, safe time and free hands \\u25cfSmall charging case built-in 800mAh for backup power Note: T2C and T1S are the same type, and the packaging is shipped alternately.\",\"inLanguage\":\"es-ES\",\"isPartOf\":{\"@id\":\"https:\\\/\\\/www.rucashk.com\\\/es\\\/#website\"},\"breadcrumb\":{\"@id\":\"https:\\\/\\\/www.rucashk.com\\\/es\\\/producto\\\/qcy-t2c-tws-bluetooth-5-0-earphones-wholesale\\\/#breadcrumblist\"},\"author\":{\"@id\":\"https:\\\/\\\/www.rucashk.com\\\/es\\\/author\\\/admin\\\/#author\"},\"creator\":{\"@id\":\"https:\\\/\\\/www.rucashk.com\\\/es\\\/author\\\/admin\\\/#author\"},\"image\":{\"@type\":\"ImageObject\",\"url\":\"https:\\\/\\\/www.rucashk.com\\\/wp-content\\\/uploads\\\/2024\\\/01\\\/QCY-QS2-T1S-TWS-Bluetooth-V5-0-Headset-Sports-Wireless-Earphones-3D-Stereo-Earbuds-Mini-in-1.jpg_640x640-1.jpg\",\"@id\":\"https:\\\/\\\/www.rucashk.com\\\/es\\\/producto\\\/qcy-t2c-tws-bluetooth-5-0-earphones-wholesale\\\/#mainImage\",\"width\":800,\"height\":800},\"primaryImageOfPage\":{\"@id\":\"https:\\\/\\\/www.rucashk.com\\\/es\\\/producto\\\/qcy-t2c-tws-bluetooth-5-0-earphones-wholesale\\\/#mainImage\"},\"datePublished\":\"2024-01-09T15:33:36+00:00\",\"dateModified\":\"2025-06-22T06:35:08+00:00\"},{\"@type\":\"WebSite\",\"@id\":\"https:\\\/\\\/www.rucashk.com\\\/es\\\/#website\",\"url\":\"https:\\\/\\\/www.rucashk.com\\\/es\\\/\",\"name\":\"Rucas - Wholesale and distribution worldwide\",\"alternateName\":\"Rucas - One-stop AIoT Distribution Worldwide\",\"description\":\"One-stop AIoT Distribution Worldwide\",\"inLanguage\":\"es-ES\",\"publisher\":{\"@id\":\"https:\\\/\\\/www.rucashk.com\\\/es\\\/#organization\"}}]}\n\t\t<\/script>\n\t\t<!-- All in One SEO Pro -->\r\n\t\t<title>QCY T2C TWS Bluetooth 5.0 Earphones Wholesale - Rucas - Wholesale and Distribution<\/title>\n\n","aioseo_head_json":{"title":"QCY T2C TWS Bluetooth 5.0 Earphones Wholesale - Rucas - Wholesale and Distribution","description":"Main Features\uff1a \u25cfBluetooth V5.0 technology, the transmission speed is twice higher. The anti-interference performance is enhanced and the connection is more stable, avoid sound delays \u25cfCVC 6.0 noise reduction technology high sensitivity silicone mic, improve the recognition of the speech, make sure you can talk without any effort even in noisy environments \u25cfErgonomically designed, the earbuds exactly fit the contours of the ears \u25cf Exclusive take-out-to use design, there is always one step less, safe time and free hands \u25cfSmall charging case built-in 800mAh for backup power Note: T2C and T1S are the same type, and the packaging is shipped alternately.","canonical_url":"https:\/\/www.rucashk.com\/es\/producto\/qcy-t2c-tws-bluetooth-5-0-earphones-wholesale\/","robots":"max-image-preview:large","keywords":"","webmasterTools":{"miscellaneous":""},"og:locale":"es_ES","og:site_name":"Rucas - One-stop AIoT Distribution Worldwide","og:type":"article","og:title":"QCY T2C TWS Bluetooth 5.0 Earphones Wholesale - Rucas - Wholesale and Distribution","og:description":"Main Features\uff1a \u25cfBluetooth V5.0 technology, the transmission speed is twice higher. The anti-interference performance is enhanced and the connection is more stable, avoid sound delays \u25cfCVC 6.0 noise reduction technology high sensitivity silicone mic, improve the recognition of the speech, make sure you can talk without any effort even in noisy environments \u25cfErgonomically designed, the earbuds exactly fit the contours of the ears \u25cf Exclusive take-out-to use design, there is always one step less, safe time and free hands \u25cfSmall charging case built-in 800mAh for backup power Note: T2C and T1S are the same type, and the packaging is shipped alternately.","og:url":"https:\/\/www.rucashk.com\/es\/producto\/qcy-t2c-tws-bluetooth-5-0-earphones-wholesale\/","og:image":"https:\/\/www.rucashk.com\/wp-content\/uploads\/replace\/503b8e645f128a97ccde2b6290747646.jpeg","og:image:secure_url":"https:\/\/www.rucashk.com\/wp-content\/uploads\/replace\/503b8e645f128a97ccde2b6290747646.jpeg","og:image:width":1456,"og:image:height":816,"article:published_time":"2024-01-09T15:33:36+00:00","article:modified_time":"2025-06-22T06:35:08+00:00","twitter:card":"summary_large_image","twitter:title":"QCY T2C TWS Bluetooth 5.0 Earphones Wholesale - Rucas - Wholesale and Distribution","twitter:description":"Main Features\uff1a \u25cfBluetooth V5.0 technology, the transmission speed is twice higher. The anti-interference performance is enhanced and the connection is more stable, avoid sound delays \u25cfCVC 6.0 noise reduction technology high sensitivity silicone mic, improve the recognition of the speech, make sure you can talk without any effort even in noisy environments \u25cfErgonomically designed, the earbuds exactly fit the contours of the ears \u25cf Exclusive take-out-to use design, there is always one step less, safe time and free hands \u25cfSmall charging case built-in 800mAh for backup power Note: T2C and T1S are the same type, and the packaging is shipped alternately.","twitter:image":"https:\/\/www.rucashk.com\/wp-content\/uploads\/replace\/503b8e645f128a97ccde2b6290747646.jpeg","schema":{"@context":"https:\/\/schema.org","@graph":[{"@type":"BreadcrumbList","@id":"https:\/\/www.rucashk.com\/es\/producto\/qcy-t2c-tws-bluetooth-5-0-earphones-wholesale\/#breadcrumblist","itemListElement":[{"@type":"ListItem","@id":"https:\/\/www.rucashk.com\/es\/#listItem","position":1,"name":"Home","item":"https:\/\/www.rucashk.com\/es\/","nextItem":"https:\/\/www.rucashk.com\/es\/producto\/qcy-t2c-tws-bluetooth-5-0-earphones-wholesale\/#listItem"},{"@type":"ListItem","@id":"https:\/\/www.rucashk.com\/es\/producto\/qcy-t2c-tws-bluetooth-5-0-earphones-wholesale\/#listItem","position":2,"name":"QCY T2C TWS Bluetooth 5.0 Earphones Wholesale","previousItem":"https:\/\/www.rucashk.com\/es\/#listItem"}]},{"@type":"Organization","@id":"https:\/\/www.rucashk.com\/es\/#organization","name":"Rucas","url":"https:\/\/www.rucashk.com\/es\/","logo":{"@type":"ImageObject","url":"https:\/\/www.rucashk.com\/wp-content\/uploads\/2023\/12\/Rucas_campany_logo.png","@id":"https:\/\/www.rucashk.com\/es\/producto\/qcy-t2c-tws-bluetooth-5-0-earphones-wholesale\/#organizationLogo","width":221,"height":65},"image":{"@id":"https:\/\/www.rucashk.com\/es\/#organizationLogo"}},{"@type":"Person","@id":"https:\/\/www.rucashk.com\/es\/author\/admin\/#author","url":"https:\/\/www.rucashk.com\/es\/author\/admin\/","name":"admin","image":{"@type":"ImageObject","@id":"https:\/\/www.rucashk.com\/es\/producto\/qcy-t2c-tws-bluetooth-5-0-earphones-wholesale\/#authorImage","url":"https:\/\/secure.gravatar.com\/avatar\/b7c8925b09a27e72b30232f8ecaadbd5af0f70a38c78096863fe51b64f031c24?s=96&d=mm&r=g","width":96,"height":96,"caption":"admin"}},{"@type":"WebPage","@id":"https:\/\/www.rucashk.com\/es\/producto\/qcy-t2c-tws-bluetooth-5-0-earphones-wholesale\/#webpage","url":"https:\/\/www.rucashk.com\/es\/producto\/qcy-t2c-tws-bluetooth-5-0-earphones-wholesale\/","name":"QCY T2C TWS Bluetooth 5.0 Earphones Wholesale - Rucas - Wholesale and Distribution","description":"Main Features\uff1a \u25cfBluetooth V5.0 technology, the transmission speed is twice higher. The anti-interference performance is enhanced and the connection is more stable, avoid sound delays \u25cfCVC 6.0 noise reduction technology high sensitivity silicone mic, improve the recognition of the speech, make sure you can talk without any effort even in noisy environments \u25cfErgonomically designed, the earbuds exactly fit the contours of the ears \u25cf Exclusive take-out-to use design, there is always one step less, safe time and free hands \u25cfSmall charging case built-in 800mAh for backup power Note: T2C and T1S are the same type, and the packaging is shipped alternately.","inLanguage":"es-ES","isPartOf":{"@id":"https:\/\/www.rucashk.com\/es\/#website"},"breadcrumb":{"@id":"https:\/\/www.rucashk.com\/es\/producto\/qcy-t2c-tws-bluetooth-5-0-earphones-wholesale\/#breadcrumblist"},"author":{"@id":"https:\/\/www.rucashk.com\/es\/author\/admin\/#author"},"creator":{"@id":"https:\/\/www.rucashk.com\/es\/author\/admin\/#author"},"image":{"@type":"ImageObject","url":"https:\/\/www.rucashk.com\/wp-content\/uploads\/2024\/01\/QCY-QS2-T1S-TWS-Bluetooth-V5-0-Headset-Sports-Wireless-Earphones-3D-Stereo-Earbuds-Mini-in-1.jpg_640x640-1.jpg","@id":"https:\/\/www.rucashk.com\/es\/producto\/qcy-t2c-tws-bluetooth-5-0-earphones-wholesale\/#mainImage","width":800,"height":800},"primaryImageOfPage":{"@id":"https:\/\/www.rucashk.com\/es\/producto\/qcy-t2c-tws-bluetooth-5-0-earphones-wholesale\/#mainImage"},"datePublished":"2024-01-09T15:33:36+00:00","dateModified":"2025-06-22T06:35:08+00:00"},{"@type":"WebSite","@id":"https:\/\/www.rucashk.com\/es\/#website","url":"https:\/\/www.rucashk.com\/es\/","name":"Rucas - Wholesale and distribution worldwide","alternateName":"Rucas - One-stop AIoT Distribution Worldwide","description":"One-stop AIoT Distribution Worldwide","inLanguage":"es-ES","publisher":{"@id":"https:\/\/www.rucashk.com\/es\/#organization"}}]}},"aioseo_meta_data":{"post_id":"21557","title":null,"description":null,"keywords":null,"keyphrases":null,"primary_term":null,"canonical_url":null,"og_title":null,"og_description":null,"og_object_type":"default","og_image_type":"default","og_image_url":null,"og_image_width":null,"og_image_height":null,"og_image_custom_url":null,"og_image_custom_fields":null,"og_video":null,"og_custom_url":null,"og_article_section":null,"og_article_tags":null,"twitter_use_og":false,"twitter_card":"default","twitter_image_type":"default","twitter_image_url":null,"twitter_image_custom_url":null,"twitter_image_custom_fields":null,"twitter_title":null,"twitter_description":null,"schema":{"blockGraphs":[],"customGraphs":[],"default":{"data":{"Article":[],"Course":[],"Dataset":[],"FAQPage":[],"Movie":[],"Person":[],"Product":[],"Recipe":[],"Service":[],"SoftwareApplication":[],"WebPage":[]},"graphName":"","isEnabled":true},"graphs":[]},"schema_type":"default","schema_type_options":null,"pillar_content":false,"robots_default":true,"robots_noindex":false,"robots_noarchive":false,"robots_nosnippet":false,"robots_nofollow":false,"robots_noimageindex":false,"robots_noodp":false,"robots_notranslate":false,"robots_max_snippet":null,"robots_max_videopreview":null,"robots_max_imagepreview":"large","priority":null,"frequency":null,"local_seo":null,"breadcrumb_settings":null,"limit_modified_date":false,"created":"2024-04-11 01:55:19","updated":"2025-06-22 16:26:02"},"aioseo_breadcrumb":"<div class=\"aioseo-breadcrumbs\"><span class=\"aioseo-breadcrumb\">\n\t<a href=\"https:\/\/www.rucashk.com\/es\" title=\"Home\">Home<\/a>\n<\/span><span class=\"aioseo-breadcrumb-separator\">&raquo;<\/span><span class=\"aioseo-breadcrumb\">\n\t<a href=\"https:\/\/www.rucashk.com\/es\/products\/\" title=\"Productos\">Productos<\/a>\n<\/span><span class=\"aioseo-breadcrumb-separator\">&raquo;<\/span><span class=\"aioseo-breadcrumb\">\n\t<a href=\"https:\/\/www.rucashk.com\/es\/marca\/qcy\/\" title=\"QCY\">QCY<\/a>\n<\/span><span class=\"aioseo-breadcrumb-separator\">&raquo;<\/span><span class=\"aioseo-breadcrumb\">\n\tQCY T2C TWS Bluetooth 5.0 Earphones Wholesale\n<\/span><\/div>","aioseo_breadcrumb_json":[{"label":"Home","link":"https:\/\/www.rucashk.com\/es"},{"label":"Productos","link":"https:\/\/www.rucashk.com\/es\/products\/"},{"label":"QCY","link":"https:\/\/www.rucashk.com\/es\/marca\/qcy\/"},{"label":"QCY T2C TWS Bluetooth 5.0 Earphones Wholesale","link":"https:\/\/www.rucashk.com\/es\/producto\/qcy-t2c-tws-bluetooth-5-0-earphones-wholesale\/"}],"_links":{"self":[{"href":"https:\/\/www.rucashk.com\/es\/wp-json\/wp\/v2\/product\/21557","targetHints":{"allow":["GET"]}}],"collection":[{"href":"https:\/\/www.rucashk.com\/es\/wp-json\/wp\/v2\/product"}],"about":[{"href":"https:\/\/www.rucashk.com\/es\/wp-json\/wp\/v2\/types\/product"}],"wp:featuredmedia":[{"embeddable":true,"href":"https:\/\/www.rucashk.com\/es\/wp-json\/wp\/v2\/media\/21686"}],"wp:attachment":[{"href":"https:\/\/www.rucashk.com\/es\/wp-json\/wp\/v2\/media?parent=21557"}],"wp:term":[{"taxonomy":"product_brand","embeddable":true,"href":"https:\/\/www.rucashk.com\/es\/wp-json\/wp\/v2\/product_brand?post=21557"},{"taxonomy":"product_cat","embeddable":true,"href":"https:\/\/www.rucashk.com\/es\/wp-json\/wp\/v2\/product_cat?post=21557"},{"taxonomy":"product_tag","embeddable":true,"href":"https:\/\/www.rucashk.com\/es\/wp-json\/wp\/v2\/product_tag?post=21557"}],"curies":[{"name":"wp","href":"https:\/\/api.w.org\/{rel}","templated":true}]}}