{"id":21556,"date":"2024-01-09T15:33:35","date_gmt":"2024-01-09T15:33:35","guid":{"rendered":"http:\/\/rucashk.com\/?post_type=product&#038;p=21556"},"modified":"2024-01-22T07:42:22","modified_gmt":"2024-01-22T07:42:22","slug":"xiaomi-redmi-airdots-bluetooth-earphone","status":"publish","type":"product","link":"https:\/\/www.rucashk.com\/es\/producto\/xiaomi-redmi-airdots-bluetooth-earphone\/","title":{"rendered":"Auricular Bluetooth Xiaomi Redmi Airdots"},"content":{"rendered":"<div class=\"detailmodule_text-image\">\n<p class=\"detail-desc-decorate-title\" style=\"text-align: center\" data-spm-anchor-id=\"a2g0o.detail.1000023.i1.527f5a0dko2oTJ\"><a class=\"\" style=\"width: auto !important\" href=\"https:\/\/www.rucashk.com\/es\/producto\/xiaomi-redmi-airdots-wireless-earphone-bluetooth-5-0-wholesale\/\" data-wpil-post-to-id=\"3205\">Xiaomi Redmi AirDots<\/a><\/p>\n<p class=\"detail-desc-decorate-content\" style=\"text-align: center\" data-spm-anchor-id=\"a2g0o.detail.1000023.i0.527f5a0dko2oTJ\"><a class=\"\" style=\"width: auto !important\" href=\"https:\/\/www.rucashk.com\/es\/xiaomi-true-wireless-bluetooth-headset-air2-se-with-endurance-of-20-hours-is-released\/\" data-wpil-post-to-id=\"8073\">Aut\u00e9nticos auriculares bluetooth inal\u00e1mbricos<\/a> , Bluetooth 5.0, conectado autom\u00e1ticamente.<\/p>\n<p><img decoding=\"async\" class=\"detail-desc-decorate-image aligncenter\" src=\"https:\/\/www.rucashk.com\/wp-content\/uploads\/2020\/05\/HTB1KnYfRSzqK1RjSZFpq6ykSXXar.jpg\" \/><\/p>\n<\/div>\n<div class=\"detailmodule_text-image\" style=\"text-align: center\">\n<p class=\"detail-desc-decorate-title\">Una Nueva Generaci\u00f3n de Bluetooth 5.0, m\u00e1s r\u00e1pida y estable<\/p>\n<p class=\"detail-desc-decorate-content\">Redmi <a class=\"\" style=\"width: auto !important\" href=\"https:\/\/www.rucashk.com\/es\/producto\/mi-airdot-pro-tws-bluetooth-earphones\/\" data-wpil-post-to-id=\"1843\">AirDots est\u00e1 equipado con lo \u00faltimo en Bluetooth<\/a> Chip 5.0, la velocidad de transferencia de datos es hasta 2 veces mayor que la generaci\u00f3n anterior, la conexi\u00f3n es m\u00e1s r\u00e1pida y estable. Escuchar canciones y jugar juegos es m\u00e1s fluido.<\/p>\n<p><img decoding=\"async\" class=\"detail-desc-decorate-image\" src=\"https:\/\/www.rucashk.com\/wp-content\/uploads\/2020\/05\/HTB1ZRjfRMHqK1RjSZFPq6AwapXag.jpg\" \/><\/p>\n<\/div>\n<div class=\"detailmodule_text-image\" style=\"text-align: center\">\n<p class=\"detail-desc-decorate-title\">La m\u00fasica es agradable y la llamada es clara.<\/p>\n<p class=\"detail-desc-decorate-content\">Unidad din\u00e1mica de 7,2 mm y reducci\u00f3n de ruido ambiental inteligente DSP.<\/p>\n<p><img decoding=\"async\" class=\"detail-desc-decorate-image\" src=\"https:\/\/www.rucashk.com\/wp-content\/uploads\/2020\/05\/HTB1GWYGRNnaK1RjSZFtq6zC2VXa3.jpg\" \/><\/p>\n<\/div>\n<div class=\"detailmodule_text-image\" style=\"text-align: center\">\n<p class=\"detail-desc-decorate-title\">4,1g de luz<\/p>\n<p class=\"detail-desc-decorate-content\">Tres modelos de tapones para los o\u00eddos para satisfacer tus mayores exigencias de cierre y firmeza, incluso cuando corres, golpeas y escuchas m\u00fasica en la carretera.<\/p>\n<p><img decoding=\"async\" class=\"detail-desc-decorate-image\" src=\"https:\/\/www.rucashk.com\/wp-content\/uploads\/2020\/05\/HTB1Kj2fRQzoK1RjSZFlq6yi4VXak.jpg\" \/><\/p>\n<\/div>\n<div class=\"detailmodule_text-image\" style=\"text-align: center\">\n<p class=\"detail-desc-decorate-title\">Largo <a class=\"\" style=\"width: auto !important\" href=\"https:\/\/www.rucashk.com\/es\/xiaomi-scooter-1s-released-30km-battery-life\/\" data-wpil-post-to-id=\"6898\">Duraci\u00f3n de la bater\u00eda<\/a><\/p>\n<p class=\"detail-desc-decorate-content\">4 h. de <a class=\"\" style=\"width: auto !important\" href=\"https:\/\/www.rucashk.com\/es\/xiaomi-scooter-1s-released-30km-battery-life\/\" data-wpil-post-to-id=\"6898\">duraci\u00f3n de la bater\u00eda<\/a> con una sola carga, 12 h. de <a class=\"\" style=\"width: auto !important\" href=\"https:\/\/www.rucashk.com\/es\/xiaomi-scooter-1s-released-30km-battery-life\/\" data-wpil-post-to-id=\"6898\">duraci\u00f3n de la bater\u00eda<\/a> con estuche de carga, un auricular con bater\u00eda de 40 Mah, caja de carga con bater\u00eda de 300 Mah.<\/p>\n<p><img decoding=\"async\" class=\"detail-desc-decorate-image\" src=\"https:\/\/www.rucashk.com\/wp-content\/uploads\/2020\/05\/HTB14a2dROrpK1RjSZFhq6xSdXXaO.jpg\" \/><\/p>\n<\/div>\n<div class=\"detailmodule_text-image\" style=\"text-align: center\">\n<p class=\"detail-desc-decorate-title\">Bot\u00f3n f\u00edsico multifunci\u00f3n<\/p>\n<p><img decoding=\"async\" class=\"detail-desc-decorate-image\" src=\"https:\/\/www.rucashk.com\/wp-content\/uploads\/2020\/05\/HTB1Xi6pRIfpK1RjSZFOq6y6nFXaq.jpg\" \/><\/p>\n<\/div>\n<div class=\"detailmodule_text-image\" style=\"text-align: center\">\n<p class=\"detail-desc-decorate-title\">Habilidades ocultas de AirDots<\/p>\n<p class=\"detail-desc-decorate-content\">Invoca al asistente de voz AI, encuentra un tel\u00e9fono m\u00f3vil. Abra la navegaci\u00f3n, env\u00ede WeChat, tome una foto. Puede acceder a la navegaci\u00f3n haciendo doble clic en cualquiera de las teclas multifunci\u00f3n del auricular para activar el asistente de voz. Podr\u00e1s concentrarte en conducir y la ruta ya habr\u00e1 sido planificada para ti. Coma con un amigo o puede llegar al destino con anticipaci\u00f3n a trav\u00e9s del asistente de voz WeChat Friend.<\/p>\n<p><img decoding=\"async\" class=\"detail-desc-decorate-image\" src=\"https:\/\/www.rucashk.com\/wp-content\/uploads\/2020\/05\/HTB1HozhRIbpK1RjSZFyq6x_qFXat.jpg\" \/><\/p>\n<\/div>\n<div class=\"detailmodule_text-image\" style=\"text-align: center\">\n<p class=\"detail-desc-decorate-title\">Que esta incluido<\/p>\n<p><img decoding=\"async\" class=\"detail-desc-decorate-image\" src=\"https:\/\/www.rucashk.com\/wp-content\/uploads\/2020\/05\/HTB1Lo6eRHvpK1RjSZFqq6AXUVXar.jpg\" \/><\/p>\n<\/div>\n<div class=\"detailmodule_text-image\"><img decoding=\"async\" class=\"detail-desc-decorate-image aligncenter\" src=\"https:\/\/www.rucashk.com\/wp-content\/uploads\/2020\/05\/HTB1PXbFROLaK1RjSZFxq6ymPFXaK.jpg\" \/><\/div>","protected":false},"excerpt":{"rendered":"<div style=\"text-align: center\">\n<div style=\"text-align: left\">\n<p><strong>Caracteristica principal:<\/strong><\/p>\n<\/div>\n<\/div>\n<div style=\"text-align: left\">Modelo: TWSEJ04LS<\/div>\n<div style=\"text-align: left\">Conexi\u00f3n inal\u00e1mbrica: Bluetooth 5.0<\/div>\n<div style=\"text-align: left\">Protocolo Bluetooth: HFP\/A2DP\/HSP\/AVRCP<\/div>\n<div style=\"text-align: left\">Distancia de comunicaci\u00f3n: 10 metros (entorno abierto accesible)<\/div>\n<div style=\"text-align: left\">Los auriculares duales escuchan canciones continuamente durante aproximadamente 4 horas<\/div>\n<div style=\"text-align: left\">El tiempo de espera de los auriculares es: aproximadamente 150 horas<\/div>\n<div style=\"text-align: left\">Capacidad de la bater\u00eda de un solo auricular: 40 mAh<\/div>\n<div style=\"text-align: left\">Capacidad de la bater\u00eda de la caja de carga: 300 mAh<\/div>\n<div style=\"text-align: left\">Tiempo de carga de los auriculares: aproximadamente 1,5 horas<\/div>\n<div style=\"text-align: left\">Tiempo de carga de la caja de carga: aproximadamente 2 horas<\/div>\n<div style=\"text-align: left\">El peso neto de un solo auricular: aproximadamente 4,1 g.<\/div>\n<div style=\"text-align: left\">El peso neto total de la caja de carga: aproximadamente 35,4 g<\/div>\n<div style=\"text-align: left\">Tama\u00f1o de la caja de carga: 62 \u00d7 40 \u00d7 27,2 mm<\/div>\n<div style=\"text-align: left\">Tama\u00f1o de los auriculares: 26,65 \u00d7 16,4 \u00d7 21,6 mm<\/div>","protected":false},"featured_media":21674,"template":"","meta":[],"product_brand":[],"product_cat":[1306,1305],"product_tag":[460,504],"class_list":{"0":"post-21556","1":"product","2":"type-product","3":"status-publish","4":"has-post-thumbnail","6":"product_cat-mi-redmi-earphone","7":"product_cat-xiaomi-eco","8":"product_tag-airdots","9":"product_tag-bluetooth-earphone","11":"first","12":"instock","13":"shipping-taxable","14":"product-type-external"},"aioseo_notices":[],"aioseo_head":"\n\t\t<!-- All in One SEO Pro 4.5.9.2 - aioseo.com -->\n\t\t<meta name=\"description\" content=\"Main Feature: Model : TWSEJ04LS Wireless connection : Bluetooth 5.0 Bluetooth protocol : HFP\/A2DP\/ HSP\/AVRCP Communication distance :10 meters (accessible open environment) Dual headphones continuously listen to songs for about 4 hours Headphone standby time is: about 150 hours Single earphone battery capacity: 40mAh Charging box battery capacity: 300mAh Headphone charging time : about 1.5 hours Charging box charging time :about 2 hours The net weight of a single earphone :about 4.1g. The total net weight of the charging box : about 35.4g Charging box size: 62\u00d740\u00d727.2mm Headphone size :26.65 \u00d7 16.4 \u00d7 21.6mm\" \/>\n\t\t<meta name=\"robots\" content=\"max-image-preview:large\" \/>\n\t\t<link rel=\"canonical\" href=\"https:\/\/www.rucashk.com\/es\/producto\/xiaomi-redmi-airdots-bluetooth-earphone\/\" \/>\n\t\t<meta name=\"generator\" content=\"All in One SEO Pro (AIOSEO) 4.5.9.2\" \/>\n\t\t<meta property=\"og:locale\" content=\"es_ES\" \/>\n\t\t<meta property=\"og:site_name\" content=\"Rucas - One-stop AIoT Distribution Worldwide\" \/>\n\t\t<meta property=\"og:type\" content=\"article\" \/>\n\t\t<meta property=\"og:title\" content=\"Xiaomi Redmi Airdots Bluetooth Earphone - Rucas - Wholesale and Distribution\" \/>\n\t\t<meta property=\"og:description\" content=\"Main Feature: Model : TWSEJ04LS Wireless connection : Bluetooth 5.0 Bluetooth protocol : HFP\/A2DP\/ HSP\/AVRCP Communication distance :10 meters (accessible open environment) Dual headphones continuously listen to songs for about 4 hours Headphone standby time is: about 150 hours Single earphone battery capacity: 40mAh Charging box battery capacity: 300mAh Headphone charging time : about 1.5 hours Charging box charging time :about 2 hours The net weight of a single earphone :about 4.1g. The total net weight of the charging box : about 35.4g Charging box size: 62\u00d740\u00d727.2mm Headphone size :26.65 \u00d7 16.4 \u00d7 21.6mm\" \/>\n\t\t<meta property=\"og:url\" content=\"https:\/\/www.rucashk.com\/es\/producto\/xiaomi-redmi-airdots-bluetooth-earphone\/\" \/>\n\t\t<meta property=\"og:image\" content=\"https:\/\/www.rucashk.com\/wp-content\/uploads\/replace\/503b8e645f128a97ccde2b6290747646.jpeg\" \/>\n\t\t<meta property=\"og:image:secure_url\" content=\"https:\/\/www.rucashk.com\/wp-content\/uploads\/replace\/503b8e645f128a97ccde2b6290747646.jpeg\" \/>\n\t\t<meta property=\"og:image:width\" content=\"1456\" \/>\n\t\t<meta property=\"og:image:height\" content=\"816\" \/>\n\t\t<meta property=\"article:published_time\" content=\"2024-01-09T15:33:35+00:00\" \/>\n\t\t<meta property=\"article:modified_time\" content=\"2024-01-22T07:42:22+00:00\" \/>\n\t\t<meta name=\"twitter:card\" content=\"summary_large_image\" \/>\n\t\t<meta name=\"twitter:title\" content=\"Xiaomi Redmi Airdots Bluetooth Earphone - Rucas - Wholesale and Distribution\" \/>\n\t\t<meta name=\"twitter:description\" content=\"Main Feature: Model : TWSEJ04LS Wireless connection : Bluetooth 5.0 Bluetooth protocol : HFP\/A2DP\/ HSP\/AVRCP Communication distance :10 meters (accessible open environment) Dual headphones continuously listen to songs for about 4 hours Headphone standby time is: about 150 hours Single earphone battery capacity: 40mAh Charging box battery capacity: 300mAh Headphone charging time : about 1.5 hours Charging box charging time :about 2 hours The net weight of a single earphone :about 4.1g. The total net weight of the charging box : about 35.4g Charging box size: 62\u00d740\u00d727.2mm Headphone size :26.65 \u00d7 16.4 \u00d7 21.6mm\" \/>\n\t\t<meta name=\"twitter:image\" content=\"https:\/\/www.rucashk.com\/wp-content\/uploads\/replace\/503b8e645f128a97ccde2b6290747646.jpeg\" \/>\n\t\t<script type=\"application\/ld+json\" class=\"aioseo-schema\">\n\t\t\t{\"@context\":\"https:\\\/\\\/schema.org\",\"@graph\":[{\"@type\":\"BreadcrumbList\",\"@id\":\"https:\\\/\\\/www.rucashk.com\\\/es\\\/producto\\\/xiaomi-redmi-airdots-bluetooth-earphone\\\/#breadcrumblist\",\"itemListElement\":[{\"@type\":\"ListItem\",\"@id\":\"https:\\\/\\\/www.rucashk.com\\\/es\\\/#listItem\",\"position\":1,\"name\":\"Home\",\"item\":\"https:\\\/\\\/www.rucashk.com\\\/es\\\/\",\"nextItem\":\"https:\\\/\\\/www.rucashk.com\\\/es\\\/producto\\\/xiaomi-redmi-airdots-bluetooth-earphone\\\/#listItem\"},{\"@type\":\"ListItem\",\"@id\":\"https:\\\/\\\/www.rucashk.com\\\/es\\\/producto\\\/xiaomi-redmi-airdots-bluetooth-earphone\\\/#listItem\",\"position\":2,\"name\":\"Xiaomi Redmi Airdots Bluetooth Earphone\",\"previousItem\":\"https:\\\/\\\/www.rucashk.com\\\/es\\\/#listItem\"}]},{\"@type\":\"Organization\",\"@id\":\"https:\\\/\\\/www.rucashk.com\\\/es\\\/#organization\",\"name\":\"Rucas\",\"url\":\"https:\\\/\\\/www.rucashk.com\\\/es\\\/\",\"logo\":{\"@type\":\"ImageObject\",\"url\":\"https:\\\/\\\/www.rucashk.com\\\/wp-content\\\/uploads\\\/2023\\\/12\\\/Rucas_campany_logo.png\",\"@id\":\"https:\\\/\\\/www.rucashk.com\\\/es\\\/producto\\\/xiaomi-redmi-airdots-bluetooth-earphone\\\/#organizationLogo\",\"width\":221,\"height\":65},\"image\":{\"@id\":\"https:\\\/\\\/www.rucashk.com\\\/es\\\/#organizationLogo\"}},{\"@type\":\"Person\",\"@id\":\"https:\\\/\\\/www.rucashk.com\\\/es\\\/author\\\/admin\\\/#author\",\"url\":\"https:\\\/\\\/www.rucashk.com\\\/es\\\/author\\\/admin\\\/\",\"name\":\"admin\",\"image\":{\"@type\":\"ImageObject\",\"@id\":\"https:\\\/\\\/www.rucashk.com\\\/es\\\/producto\\\/xiaomi-redmi-airdots-bluetooth-earphone\\\/#authorImage\",\"url\":\"https:\\\/\\\/secure.gravatar.com\\\/avatar\\\/b7c8925b09a27e72b30232f8ecaadbd5af0f70a38c78096863fe51b64f031c24?s=96&d=mm&r=g\",\"width\":96,\"height\":96,\"caption\":\"admin\"}},{\"@type\":\"WebPage\",\"@id\":\"https:\\\/\\\/www.rucashk.com\\\/es\\\/producto\\\/xiaomi-redmi-airdots-bluetooth-earphone\\\/#webpage\",\"url\":\"https:\\\/\\\/www.rucashk.com\\\/es\\\/producto\\\/xiaomi-redmi-airdots-bluetooth-earphone\\\/\",\"name\":\"Xiaomi Redmi Airdots Bluetooth Earphone - Rucas - Wholesale and Distribution\",\"description\":\"Main Feature: Model : TWSEJ04LS Wireless connection : Bluetooth 5.0 Bluetooth protocol : HFP\\\/A2DP\\\/ HSP\\\/AVRCP Communication distance :10 meters (accessible open environment) Dual headphones continuously listen to songs for about 4 hours Headphone standby time is: about 150 hours Single earphone battery capacity: 40mAh Charging box battery capacity: 300mAh Headphone charging time : about 1.5 hours Charging box charging time :about 2 hours The net weight of a single earphone :about 4.1g. The total net weight of the charging box : about 35.4g Charging box size: 62\\u00d740\\u00d727.2mm Headphone size :26.65 \\u00d7 16.4 \\u00d7 21.6mm\",\"inLanguage\":\"es-ES\",\"isPartOf\":{\"@id\":\"https:\\\/\\\/www.rucashk.com\\\/es\\\/#website\"},\"breadcrumb\":{\"@id\":\"https:\\\/\\\/www.rucashk.com\\\/es\\\/producto\\\/xiaomi-redmi-airdots-bluetooth-earphone\\\/#breadcrumblist\"},\"author\":{\"@id\":\"https:\\\/\\\/www.rucashk.com\\\/es\\\/author\\\/admin\\\/#author\"},\"creator\":{\"@id\":\"https:\\\/\\\/www.rucashk.com\\\/es\\\/author\\\/admin\\\/#author\"},\"image\":{\"@type\":\"ImageObject\",\"url\":\"https:\\\/\\\/www.rucashk.com\\\/wp-content\\\/uploads\\\/2024\\\/01\\\/Xiaomi-Redmi-Airdots-TWS-Bluetooth-Earphone-Stereo-bass-BT-5-0-Eeadphones-With-Mic-Handsfree-Earbuds-4.jpg\",\"@id\":\"https:\\\/\\\/www.rucashk.com\\\/es\\\/producto\\\/xiaomi-redmi-airdots-bluetooth-earphone\\\/#mainImage\",\"width\":800,\"height\":800},\"primaryImageOfPage\":{\"@id\":\"https:\\\/\\\/www.rucashk.com\\\/es\\\/producto\\\/xiaomi-redmi-airdots-bluetooth-earphone\\\/#mainImage\"},\"datePublished\":\"2024-01-09T15:33:35+00:00\",\"dateModified\":\"2024-01-22T07:42:22+00:00\"},{\"@type\":\"WebSite\",\"@id\":\"https:\\\/\\\/www.rucashk.com\\\/es\\\/#website\",\"url\":\"https:\\\/\\\/www.rucashk.com\\\/es\\\/\",\"name\":\"Rucas - Wholesale and distribution worldwide\",\"alternateName\":\"Rucas - One-stop AIoT Distribution Worldwide\",\"description\":\"One-stop AIoT Distribution Worldwide\",\"inLanguage\":\"es-ES\",\"publisher\":{\"@id\":\"https:\\\/\\\/www.rucashk.com\\\/es\\\/#organization\"}}]}\n\t\t<\/script>\n\t\t<!-- All in One SEO Pro -->\r\n\t\t<title>Xiaomi Redmi Airdots Bluetooth Earphone - Rucas - Wholesale and Distribution<\/title>\n\n","aioseo_head_json":{"title":"Xiaomi Redmi Airdots Bluetooth Earphone - Rucas - Wholesale and Distribution","description":"Main Feature: Model : TWSEJ04LS Wireless connection : Bluetooth 5.0 Bluetooth protocol : HFP\/A2DP\/ HSP\/AVRCP Communication distance :10 meters (accessible open environment) Dual headphones continuously listen to songs for about 4 hours Headphone standby time is: about 150 hours Single earphone battery capacity: 40mAh Charging box battery capacity: 300mAh Headphone charging time : about 1.5 hours Charging box charging time :about 2 hours The net weight of a single earphone :about 4.1g. The total net weight of the charging box : about 35.4g Charging box size: 62\u00d740\u00d727.2mm Headphone size :26.65 \u00d7 16.4 \u00d7 21.6mm","canonical_url":"https:\/\/www.rucashk.com\/es\/producto\/xiaomi-redmi-airdots-bluetooth-earphone\/","robots":"max-image-preview:large","keywords":"","webmasterTools":{"miscellaneous":""},"og:locale":"es_ES","og:site_name":"Rucas - One-stop AIoT Distribution Worldwide","og:type":"article","og:title":"Xiaomi Redmi Airdots Bluetooth Earphone - Rucas - Wholesale and Distribution","og:description":"Main Feature: Model : TWSEJ04LS Wireless connection : Bluetooth 5.0 Bluetooth protocol : HFP\/A2DP\/ HSP\/AVRCP Communication distance :10 meters (accessible open environment) Dual headphones continuously listen to songs for about 4 hours Headphone standby time is: about 150 hours Single earphone battery capacity: 40mAh Charging box battery capacity: 300mAh Headphone charging time : about 1.5 hours Charging box charging time :about 2 hours The net weight of a single earphone :about 4.1g. The total net weight of the charging box : about 35.4g Charging box size: 62\u00d740\u00d727.2mm Headphone size :26.65 \u00d7 16.4 \u00d7 21.6mm","og:url":"https:\/\/www.rucashk.com\/es\/producto\/xiaomi-redmi-airdots-bluetooth-earphone\/","og:image":"https:\/\/www.rucashk.com\/wp-content\/uploads\/replace\/503b8e645f128a97ccde2b6290747646.jpeg","og:image:secure_url":"https:\/\/www.rucashk.com\/wp-content\/uploads\/replace\/503b8e645f128a97ccde2b6290747646.jpeg","og:image:width":1456,"og:image:height":816,"article:published_time":"2024-01-09T15:33:35+00:00","article:modified_time":"2024-01-22T07:42:22+00:00","twitter:card":"summary_large_image","twitter:title":"Xiaomi Redmi Airdots Bluetooth Earphone - Rucas - Wholesale and Distribution","twitter:description":"Main Feature: Model : TWSEJ04LS Wireless connection : Bluetooth 5.0 Bluetooth protocol : HFP\/A2DP\/ HSP\/AVRCP Communication distance :10 meters (accessible open environment) Dual headphones continuously listen to songs for about 4 hours Headphone standby time is: about 150 hours Single earphone battery capacity: 40mAh Charging box battery capacity: 300mAh Headphone charging time : about 1.5 hours Charging box charging time :about 2 hours The net weight of a single earphone :about 4.1g. The total net weight of the charging box : about 35.4g Charging box size: 62\u00d740\u00d727.2mm Headphone size :26.65 \u00d7 16.4 \u00d7 21.6mm","twitter:image":"https:\/\/www.rucashk.com\/wp-content\/uploads\/replace\/503b8e645f128a97ccde2b6290747646.jpeg","schema":{"@context":"https:\/\/schema.org","@graph":[{"@type":"BreadcrumbList","@id":"https:\/\/www.rucashk.com\/es\/producto\/xiaomi-redmi-airdots-bluetooth-earphone\/#breadcrumblist","itemListElement":[{"@type":"ListItem","@id":"https:\/\/www.rucashk.com\/es\/#listItem","position":1,"name":"Home","item":"https:\/\/www.rucashk.com\/es\/","nextItem":"https:\/\/www.rucashk.com\/es\/producto\/xiaomi-redmi-airdots-bluetooth-earphone\/#listItem"},{"@type":"ListItem","@id":"https:\/\/www.rucashk.com\/es\/producto\/xiaomi-redmi-airdots-bluetooth-earphone\/#listItem","position":2,"name":"Xiaomi Redmi Airdots Bluetooth Earphone","previousItem":"https:\/\/www.rucashk.com\/es\/#listItem"}]},{"@type":"Organization","@id":"https:\/\/www.rucashk.com\/es\/#organization","name":"Rucas","url":"https:\/\/www.rucashk.com\/es\/","logo":{"@type":"ImageObject","url":"https:\/\/www.rucashk.com\/wp-content\/uploads\/2023\/12\/Rucas_campany_logo.png","@id":"https:\/\/www.rucashk.com\/es\/producto\/xiaomi-redmi-airdots-bluetooth-earphone\/#organizationLogo","width":221,"height":65},"image":{"@id":"https:\/\/www.rucashk.com\/es\/#organizationLogo"}},{"@type":"Person","@id":"https:\/\/www.rucashk.com\/es\/author\/admin\/#author","url":"https:\/\/www.rucashk.com\/es\/author\/admin\/","name":"admin","image":{"@type":"ImageObject","@id":"https:\/\/www.rucashk.com\/es\/producto\/xiaomi-redmi-airdots-bluetooth-earphone\/#authorImage","url":"https:\/\/secure.gravatar.com\/avatar\/b7c8925b09a27e72b30232f8ecaadbd5af0f70a38c78096863fe51b64f031c24?s=96&d=mm&r=g","width":96,"height":96,"caption":"admin"}},{"@type":"WebPage","@id":"https:\/\/www.rucashk.com\/es\/producto\/xiaomi-redmi-airdots-bluetooth-earphone\/#webpage","url":"https:\/\/www.rucashk.com\/es\/producto\/xiaomi-redmi-airdots-bluetooth-earphone\/","name":"Xiaomi Redmi Airdots Bluetooth Earphone - Rucas - Wholesale and Distribution","description":"Main Feature: Model : TWSEJ04LS Wireless connection : Bluetooth 5.0 Bluetooth protocol : HFP\/A2DP\/ HSP\/AVRCP Communication distance :10 meters (accessible open environment) Dual headphones continuously listen to songs for about 4 hours Headphone standby time is: about 150 hours Single earphone battery capacity: 40mAh Charging box battery capacity: 300mAh Headphone charging time : about 1.5 hours Charging box charging time :about 2 hours The net weight of a single earphone :about 4.1g. The total net weight of the charging box : about 35.4g Charging box size: 62\u00d740\u00d727.2mm Headphone size :26.65 \u00d7 16.4 \u00d7 21.6mm","inLanguage":"es-ES","isPartOf":{"@id":"https:\/\/www.rucashk.com\/es\/#website"},"breadcrumb":{"@id":"https:\/\/www.rucashk.com\/es\/producto\/xiaomi-redmi-airdots-bluetooth-earphone\/#breadcrumblist"},"author":{"@id":"https:\/\/www.rucashk.com\/es\/author\/admin\/#author"},"creator":{"@id":"https:\/\/www.rucashk.com\/es\/author\/admin\/#author"},"image":{"@type":"ImageObject","url":"https:\/\/www.rucashk.com\/wp-content\/uploads\/2024\/01\/Xiaomi-Redmi-Airdots-TWS-Bluetooth-Earphone-Stereo-bass-BT-5-0-Eeadphones-With-Mic-Handsfree-Earbuds-4.jpg","@id":"https:\/\/www.rucashk.com\/es\/producto\/xiaomi-redmi-airdots-bluetooth-earphone\/#mainImage","width":800,"height":800},"primaryImageOfPage":{"@id":"https:\/\/www.rucashk.com\/es\/producto\/xiaomi-redmi-airdots-bluetooth-earphone\/#mainImage"},"datePublished":"2024-01-09T15:33:35+00:00","dateModified":"2024-01-22T07:42:22+00:00"},{"@type":"WebSite","@id":"https:\/\/www.rucashk.com\/es\/#website","url":"https:\/\/www.rucashk.com\/es\/","name":"Rucas - Wholesale and distribution worldwide","alternateName":"Rucas - One-stop AIoT Distribution Worldwide","description":"One-stop AIoT Distribution Worldwide","inLanguage":"es-ES","publisher":{"@id":"https:\/\/www.rucashk.com\/es\/#organization"}}]}},"aioseo_meta_data":{"post_id":"21556","title":null,"description":null,"keywords":null,"keyphrases":null,"primary_term":null,"canonical_url":null,"og_title":null,"og_description":null,"og_object_type":"default","og_image_type":"default","og_image_url":null,"og_image_width":null,"og_image_height":null,"og_image_custom_url":null,"og_image_custom_fields":null,"og_video":null,"og_custom_url":null,"og_article_section":null,"og_article_tags":null,"twitter_use_og":false,"twitter_card":"default","twitter_image_type":"default","twitter_image_url":null,"twitter_image_custom_url":null,"twitter_image_custom_fields":null,"twitter_title":null,"twitter_description":null,"schema":{"blockGraphs":[],"customGraphs":[],"default":{"data":{"Article":[],"Course":[],"Dataset":[],"FAQPage":[],"Movie":[],"Person":[],"Product":[],"Recipe":[],"Service":[],"SoftwareApplication":[],"WebPage":[]},"graphName":"","isEnabled":true},"graphs":[]},"schema_type":"default","schema_type_options":null,"pillar_content":false,"robots_default":true,"robots_noindex":false,"robots_noarchive":false,"robots_nosnippet":false,"robots_nofollow":false,"robots_noimageindex":false,"robots_noodp":false,"robots_notranslate":false,"robots_max_snippet":null,"robots_max_videopreview":null,"robots_max_imagepreview":"large","priority":null,"frequency":null,"local_seo":null,"breadcrumb_settings":null,"limit_modified_date":false,"created":"2024-04-11 01:55:19","updated":"2025-06-22 16:26:01"},"aioseo_breadcrumb":"<div class=\"aioseo-breadcrumbs\"><span class=\"aioseo-breadcrumb\">\n\t<a href=\"https:\/\/www.rucashk.com\/es\" title=\"Home\">Home<\/a>\n<\/span><span class=\"aioseo-breadcrumb-separator\">&raquo;<\/span><span class=\"aioseo-breadcrumb\">\n\t<a href=\"https:\/\/www.rucashk.com\/es\/products\/\" title=\"Productos\">Productos<\/a>\n<\/span><span class=\"aioseo-breadcrumb-separator\">&raquo;<\/span><span class=\"aioseo-breadcrumb\">\n\t<a href=\"https:\/\/www.rucashk.com\/es\/categoria-producto\/xiaomi-eco\/\" title=\"Xiaomi Eco\">Xiaomi Eco<\/a>\n<\/span><span class=\"aioseo-breadcrumb-separator\">&raquo;<\/span><span class=\"aioseo-breadcrumb\">\n\t<a href=\"https:\/\/www.rucashk.com\/es\/categoria-producto\/xiaomi-eco\/mi-redmi-earphone\/\" title=\"Mi Redmi Earphone\">Mi Redmi Earphone<\/a>\n<\/span><span class=\"aioseo-breadcrumb-separator\">&raquo;<\/span><span class=\"aioseo-breadcrumb\">\n\tXiaomi Redmi Airdots Bluetooth Earphone\n<\/span><\/div>","aioseo_breadcrumb_json":[{"label":"Home","link":"https:\/\/www.rucashk.com\/es"},{"label":"Productos","link":"https:\/\/www.rucashk.com\/es\/products\/"},{"label":"Xiaomi Eco","link":"https:\/\/www.rucashk.com\/es\/categoria-producto\/xiaomi-eco\/"},{"label":"Mi Redmi Earphone","link":"https:\/\/www.rucashk.com\/es\/categoria-producto\/xiaomi-eco\/mi-redmi-earphone\/"},{"label":"Xiaomi Redmi Airdots Bluetooth Earphone","link":"https:\/\/www.rucashk.com\/es\/producto\/xiaomi-redmi-airdots-bluetooth-earphone\/"}],"_links":{"self":[{"href":"https:\/\/www.rucashk.com\/es\/wp-json\/wp\/v2\/product\/21556","targetHints":{"allow":["GET"]}}],"collection":[{"href":"https:\/\/www.rucashk.com\/es\/wp-json\/wp\/v2\/product"}],"about":[{"href":"https:\/\/www.rucashk.com\/es\/wp-json\/wp\/v2\/types\/product"}],"wp:featuredmedia":[{"embeddable":true,"href":"https:\/\/www.rucashk.com\/es\/wp-json\/wp\/v2\/media\/21674"}],"wp:attachment":[{"href":"https:\/\/www.rucashk.com\/es\/wp-json\/wp\/v2\/media?parent=21556"}],"wp:term":[{"taxonomy":"product_brand","embeddable":true,"href":"https:\/\/www.rucashk.com\/es\/wp-json\/wp\/v2\/product_brand?post=21556"},{"taxonomy":"product_cat","embeddable":true,"href":"https:\/\/www.rucashk.com\/es\/wp-json\/wp\/v2\/product_cat?post=21556"},{"taxonomy":"product_tag","embeddable":true,"href":"https:\/\/www.rucashk.com\/es\/wp-json\/wp\/v2\/product_tag?post=21556"}],"curies":[{"name":"wp","href":"https:\/\/api.w.org\/{rel}","templated":true}]}}