{"id":21550,"date":"2024-01-09T15:33:35","date_gmt":"2024-01-09T15:33:35","guid":{"rendered":"http:\/\/rucashk.com\/?post_type=product&#038;p=21550"},"modified":"2024-03-11T08:24:17","modified_gmt":"2024-03-11T08:24:17","slug":"meizu-15-lite-smartphone","status":"publish","type":"product","link":"https:\/\/www.rucashk.com\/es\/producto\/meizu-15-lite-smartphone\/","title":{"rendered":"Tel\u00e9fono inteligente MEIZU 15 Lite"},"content":{"rendered":"<p><img decoding=\"async\" class=\"aligncenter\" src=\"\/wp-content\/uploads\/replace\/c5d8a64e980d2db58ba2a8972d177dda.jpeg\" alt=\"1\" \/><\/p>\n<p style=\"text-align: center\" align=\"center\"><strong>Dise\u00f1o<\/strong><\/p>\n<p style=\"text-align: center\" align=\"center\"><strong>Hecho para ti<\/strong><\/p>\n<p style=\"text-align: center\" align=\"center\">El Meizu 15 Lite se siente como un dispositivo insignia desde el momento en que lo sostienes por primera vez. Al lograr una asombrosa relaci\u00f3n pantalla-cuerpo de 83.4%, todo sin sacrificar el sensor de huellas dactilares frontal, es verdaderamente \u00fanico en su clase. Con solo 1,1 mm de grosor, los biseles laterales ultradelgados del Meizu 15 Lite ofrecen una experiencia visual incre\u00edble.<\/p>\n<p style=\"text-align: center\"><img decoding=\"async\" src=\"\/wp-content\/uploads\/replace\/e1752097a020d370abd15a0bd31cd778.jpeg\" alt=\"2\" \/><\/p>\n<p style=\"text-align: center\" align=\"center\"><strong>motor h\u00e1ptico<\/strong><\/p>\n<p style=\"text-align: center\" align=\"center\"><strong>Dise\u00f1ado para una visualizaci\u00f3n de borde a borde<\/strong><\/p>\n<p style=\"text-align: center\" align=\"center\">La retroalimentaci\u00f3n t\u00e1ctil precisa y fina es una nueva experiencia que brindan nuestros tel\u00e9fonos con pantallas de borde a borde. Especialmente desarrollado para la serie Meizu 15, el motor de vibraci\u00f3n lineal Meizu 15 Litersquos puede simular miles de niveles de vibraci\u00f3n y brindar la verdadera experiencia t\u00e1ctil de los botones f\u00edsicos, optimizando la interacci\u00f3n entre usted y su tel\u00e9fono.<\/p>\n<p style=\"text-align: center\"><img decoding=\"async\" src=\"\/wp-content\/uploads\/replace\/4ec0ce547c382da03aa276bdbe4b8c82.jpeg\" alt=\"3\" \/><\/p>\n<p style=\"text-align: center\" align=\"center\"><strong>Reconocimiento facial<\/strong><\/p>\n<p style=\"text-align: center\" align=\"center\"><strong>Levantar para despertar<\/strong><\/p>\n<p style=\"text-align: center\" align=\"center\">El Meizu 15 Lite te permite desbloquear tu dispositivo mediante reconocimiento facial. Seg\u00fan los puntos de rasgos faciales recopilados por la c\u00e1mara, el Meizu 15 Lite puede identificar su rostro con precisi\u00f3n. Simplemente levante su tel\u00e9fono y listo.<\/p>\n<p style=\"text-align: center\">nbsp<\/p>\n<p style=\"text-align: center\"><img decoding=\"async\" src=\"\/wp-content\/uploads\/replace\/71f1bf9f3984603ed6d05933c9d05e58.jpeg\" alt=\"4\" \/><\/p>\n<p style=\"text-align: center\" align=\"center\"><strong>C\u00e1mara trasera<\/strong><\/p>\n<p style=\"text-align: center\" align=\"center\"><strong>Enfoque en milisegundos<\/strong><\/p>\n<p style=\"text-align: center\" align=\"center\">La c\u00e1mara trasera del Meizu 15 Lite cuenta con doble PD y enfoca a una velocidad de 0,026 s. El Meizu 15 Lite garantiza que tu personal nunca se perder\u00e1 esa foto especial.<\/p>\n<p style=\"text-align: center\">nbsp<\/p>\n<p style=\"text-align: center\"><img decoding=\"async\" src=\"\/wp-content\/uploads\/replace\/8ba05d321e2846075d57a4af7526d500.jpeg\" alt=\"5\" \/><\/p>\n<p style=\"text-align: center\" align=\"center\"><strong>c\u00e1mara para selfies<\/strong><\/p>\n<p style=\"text-align: center\" align=\"center\"><strong>20 megap\u00edxeles y con tecnolog\u00eda de IA<\/strong><\/p>\n<p style=\"text-align: center\" align=\"center\">El Meizu 15 Lite tiene una c\u00e1mara frontal de 20 megap\u00edxeles. Con la ayuda de la tecnolog\u00eda de inteligencia artificial, sus fotograf\u00edas se pueden mejorar seg\u00fan la edad, el sexo y varios otros factores que se identificar\u00e1n de manera inteligente.<\/p>\n<p style=\"text-align: center\"><img decoding=\"async\" src=\"\/wp-content\/uploads\/replace\/4c3a6921f615906ae8aa2990311d6ff0.jpeg\" alt=\"6\" \/><\/p>\n<p style=\"text-align: center\" align=\"center\"><strong>4 GB de RAM 32 GB y 64 GB de almacenamiento<\/strong><\/p>\n<p style=\"text-align: center\" align=\"center\"><strong>Potente procesador Qualcomm<\/strong><\/p>\n<p style=\"text-align: center\" align=\"center\">El Meizu 15 Lite viene equipado con 4 GB de RAM, 32 GB y 64 GB de almacenamiento, lo que lo convierte en una potencia multimedia. El procesador octa-core Qualcommrsquos y las optimizaciones del software Flymersquos ofrecen una experiencia de usuario m\u00e1s r\u00e1pida y fluida.<\/p>\n<p style=\"text-align: center\"><img decoding=\"async\" src=\"\/wp-content\/uploads\/replace\/7c42fec78ed946f5c6958801ff144e7b.jpeg\" alt=\"7\" \/><\/p>\n<p style=\"text-align: center\" align=\"center\"><strong>Auricular y luz de notificaci\u00f3n<\/strong><\/p>\n<p style=\"text-align: center\" align=\"center\"><strong>Dise\u00f1o sim\u00e9trico<\/strong><\/p>\n<p style=\"text-align: center\" align=\"center\">Escondidos en los espacios en la parte superior del Meizu 15 Lite est\u00e1n el auricular y la luz de notificaci\u00f3n. Esta elecci\u00f3n de dise\u00f1o refleja la pasi\u00f3n de Meizursquo por la simplicidad y la elegancia. No se requieren aberturas adicionales, lo que hace que el dispositivo sea perfectamente sim\u00e9trico.<\/p>\n<p style=\"text-align: center\"><img decoding=\"async\" src=\"\/wp-content\/uploads\/replace\/9934ce3cb07f313de7b7e1abdab256b0.jpeg\" alt=\"8\" \/><\/p>\n<p style=\"text-align: center\" align=\"center\"><strong>mCargar<\/strong><\/p>\n<p style=\"text-align: center\" align=\"center\"><strong>Carga m\u00e1s r\u00e1pida, durabilidad mejorada<\/strong><\/p>\n<p style=\"text-align: center\" align=\"center\">La bater\u00eda de 3000 mAh del Meizu 15 Lite, junto con nuestro algoritmo de ahorro de energ\u00eda cuidadosamente ajustado, garantiza una duraci\u00f3n de bater\u00eda excepcional. La tecnolog\u00eda de carga r\u00e1pida Meizursquos mCharge elimina los largos tiempos de carga, lo que convierte al Meizu 15 Lite en el compa\u00f1ero ideal<\/p>\n<p style=\"text-align: center\"><img decoding=\"async\" src=\"\/wp-content\/uploads\/replace\/c463b4633e9596a89784a0eb8b1cc43a.jpeg\" alt=\"9\" \/><\/p>\n<p style=\"text-align: center\" align=\"center\"><strong>Flyme 7<\/strong><\/p>\n<p style=\"text-align: center\" align=\"center\"><strong>Mejor que nunca antes<\/strong><\/p>\n<p style=\"text-align: center\" align=\"center\">Nuevos colores, animaciones limpias e interacciones mejoradas contribuyen a la sutileza y mayor suavidad de nuestra interfaz de usuario. El sistema One Mind AI actualizado de Flymersquos comprende las necesidades de los usuarios y mejora enormemente su experiencia general, lo que convierte a Flyme 7 en nuestro mejor sistema operativo hasta la fecha.<\/p>\n<p style=\"text-align: center\"><img decoding=\"async\" src=\"\/wp-content\/uploads\/replace\/433f087b5770ec10316ae661468dd435.jpeg\" alt=\"10\" \/><\/p>\n<p><img decoding=\"async\" class=\"aligncenter\" src=\"\/wp-content\/uploads\/replace\/f612246372f7011fa79601d8f7c7faa0.jpeg\" alt=\"11\" \/><\/p>","protected":false},"excerpt":{"rendered":"<p><strong>Caracteristica principal:<\/strong><br \/>\nCPU: Snapdragon 626 Octa Core<br \/>\nScreen: 5.46inch 1920x1080P Screen<br \/>\nRAM+ROM: 4GBGB RAM + 32GB ROM<br \/>\nCamera: 12.0MP Rear Camera, 20.0MP Front Camera<br \/>\nBattery: 3000mAh(typ)<br \/>\nOS: Flyme OS<br \/>\nSIM Card: Dual Nano Sim<br \/>\nNetwork: 2G:GSM 850\/900\/1800\/1900MHz<br \/>\n3G: WCDMA: B1\/2\/5\/8<br \/>\n4G:FDD-LTE: B1\/B3\/B5\/B8<br \/>\nGoogle Play: Yes, Support<\/p>","protected":false},"featured_media":21648,"template":"","meta":[],"product_brand":[],"product_cat":[1295,1322],"product_tag":[502,478,477],"class_list":{"0":"post-21550","1":"product","2":"type-product","3":"status-publish","4":"has-post-thumbnail","6":"product_cat-mobile-phone","7":"product_cat-other-a-brands","8":"product_tag-meizu","9":"product_tag-mobile","10":"product_tag-phone","12":"first","13":"instock","14":"shipping-taxable","15":"product-type-external"},"aioseo_notices":[],"aioseo_head":"\n\t\t<!-- All in One SEO Pro 4.5.9.2 - aioseo.com -->\n\t\t<meta name=\"description\" content=\"Main Feature: CPU: Snapdragon 626 Octa Core Screen: 5.46inch 1920x1080P Screen RAM+ROM: 4GBGB RAM + 32GB ROM Camera: 12.0MP Rear Camera, 20.0MP Front Camera Battery: 3000mAh(typ) OS: Flyme OS SIM Card: Dual Nano Sim Network: 2G:GSM 850\/900\/1800\/1900MHz 3G:WCDMA: B1\/2\/5\/8 4G:FDD-LTE: B1\/B3\/B5\/B8 Google Play: Yes, Support\" \/>\n\t\t<meta name=\"robots\" content=\"max-image-preview:large\" \/>\n\t\t<link rel=\"canonical\" href=\"https:\/\/www.rucashk.com\/es\/producto\/meizu-15-lite-smartphone\/\" \/>\n\t\t<meta name=\"generator\" content=\"All in One SEO Pro (AIOSEO) 4.5.9.2\" \/>\n\t\t<meta property=\"og:locale\" content=\"es_ES\" \/>\n\t\t<meta property=\"og:site_name\" content=\"Rucas - One-stop AIoT Distribution Worldwide\" \/>\n\t\t<meta property=\"og:type\" content=\"article\" \/>\n\t\t<meta property=\"og:title\" content=\"MEIZU 15 Lite Smartphone - Rucas - Wholesale and Distribution\" \/>\n\t\t<meta property=\"og:description\" content=\"Main Feature: CPU: Snapdragon 626 Octa Core Screen: 5.46inch 1920x1080P Screen RAM+ROM: 4GBGB RAM + 32GB ROM Camera: 12.0MP Rear Camera, 20.0MP Front Camera Battery: 3000mAh(typ) OS: Flyme OS SIM Card: Dual Nano Sim Network: 2G:GSM 850\/900\/1800\/1900MHz 3G:WCDMA: B1\/2\/5\/8 4G:FDD-LTE: B1\/B3\/B5\/B8 Google Play: Yes, Support\" \/>\n\t\t<meta property=\"og:url\" content=\"https:\/\/www.rucashk.com\/es\/producto\/meizu-15-lite-smartphone\/\" \/>\n\t\t<meta property=\"og:image\" content=\"https:\/\/www.rucashk.com\/wp-content\/uploads\/replace\/503b8e645f128a97ccde2b6290747646.jpeg\" \/>\n\t\t<meta property=\"og:image:secure_url\" content=\"https:\/\/www.rucashk.com\/wp-content\/uploads\/replace\/503b8e645f128a97ccde2b6290747646.jpeg\" \/>\n\t\t<meta property=\"og:image:width\" content=\"1456\" \/>\n\t\t<meta property=\"og:image:height\" content=\"816\" \/>\n\t\t<meta property=\"article:published_time\" content=\"2024-01-09T15:33:35+00:00\" \/>\n\t\t<meta property=\"article:modified_time\" content=\"2024-03-11T08:24:17+00:00\" \/>\n\t\t<meta name=\"twitter:card\" content=\"summary_large_image\" \/>\n\t\t<meta name=\"twitter:title\" content=\"MEIZU 15 Lite Smartphone - Rucas - Wholesale and Distribution\" \/>\n\t\t<meta name=\"twitter:description\" content=\"Main Feature: CPU: Snapdragon 626 Octa Core Screen: 5.46inch 1920x1080P Screen RAM+ROM: 4GBGB RAM + 32GB ROM Camera: 12.0MP Rear Camera, 20.0MP Front Camera Battery: 3000mAh(typ) OS: Flyme OS SIM Card: Dual Nano Sim Network: 2G:GSM 850\/900\/1800\/1900MHz 3G:WCDMA: B1\/2\/5\/8 4G:FDD-LTE: B1\/B3\/B5\/B8 Google Play: Yes, Support\" \/>\n\t\t<meta name=\"twitter:image\" content=\"https:\/\/www.rucashk.com\/wp-content\/uploads\/replace\/503b8e645f128a97ccde2b6290747646.jpeg\" \/>\n\t\t<script type=\"application\/ld+json\" class=\"aioseo-schema\">\n\t\t\t{\"@context\":\"https:\\\/\\\/schema.org\",\"@graph\":[{\"@type\":\"BreadcrumbList\",\"@id\":\"https:\\\/\\\/www.rucashk.com\\\/es\\\/producto\\\/meizu-15-lite-smartphone\\\/#breadcrumblist\",\"itemListElement\":[{\"@type\":\"ListItem\",\"@id\":\"https:\\\/\\\/www.rucashk.com\\\/es\\\/#listItem\",\"position\":1,\"name\":\"Home\",\"item\":\"https:\\\/\\\/www.rucashk.com\\\/es\\\/\",\"nextItem\":\"https:\\\/\\\/www.rucashk.com\\\/es\\\/producto\\\/meizu-15-lite-smartphone\\\/#listItem\"},{\"@type\":\"ListItem\",\"@id\":\"https:\\\/\\\/www.rucashk.com\\\/es\\\/producto\\\/meizu-15-lite-smartphone\\\/#listItem\",\"position\":2,\"name\":\"MEIZU 15 Lite Smartphone\",\"previousItem\":\"https:\\\/\\\/www.rucashk.com\\\/es\\\/#listItem\"}]},{\"@type\":\"Organization\",\"@id\":\"https:\\\/\\\/www.rucashk.com\\\/es\\\/#organization\",\"name\":\"Rucas\",\"url\":\"https:\\\/\\\/www.rucashk.com\\\/es\\\/\",\"logo\":{\"@type\":\"ImageObject\",\"url\":\"https:\\\/\\\/www.rucashk.com\\\/wp-content\\\/uploads\\\/2023\\\/12\\\/Rucas_campany_logo.png\",\"@id\":\"https:\\\/\\\/www.rucashk.com\\\/es\\\/producto\\\/meizu-15-lite-smartphone\\\/#organizationLogo\",\"width\":221,\"height\":65},\"image\":{\"@id\":\"https:\\\/\\\/www.rucashk.com\\\/es\\\/#organizationLogo\"}},{\"@type\":\"Person\",\"@id\":\"https:\\\/\\\/www.rucashk.com\\\/es\\\/author\\\/admin\\\/#author\",\"url\":\"https:\\\/\\\/www.rucashk.com\\\/es\\\/author\\\/admin\\\/\",\"name\":\"admin\",\"image\":{\"@type\":\"ImageObject\",\"@id\":\"https:\\\/\\\/www.rucashk.com\\\/es\\\/producto\\\/meizu-15-lite-smartphone\\\/#authorImage\",\"url\":\"https:\\\/\\\/secure.gravatar.com\\\/avatar\\\/b7c8925b09a27e72b30232f8ecaadbd5af0f70a38c78096863fe51b64f031c24?s=96&d=mm&r=g\",\"width\":96,\"height\":96,\"caption\":\"admin\"}},{\"@type\":\"WebPage\",\"@id\":\"https:\\\/\\\/www.rucashk.com\\\/es\\\/producto\\\/meizu-15-lite-smartphone\\\/#webpage\",\"url\":\"https:\\\/\\\/www.rucashk.com\\\/es\\\/producto\\\/meizu-15-lite-smartphone\\\/\",\"name\":\"MEIZU 15 Lite Smartphone - Rucas - Wholesale and Distribution\",\"description\":\"Main Feature: CPU: Snapdragon 626 Octa Core Screen: 5.46inch 1920x1080P Screen RAM+ROM: 4GBGB RAM + 32GB ROM Camera: 12.0MP Rear Camera, 20.0MP Front Camera Battery: 3000mAh(typ) OS: Flyme OS SIM Card: Dual Nano Sim Network: 2G:GSM 850\\\/900\\\/1800\\\/1900MHz 3G:WCDMA: B1\\\/2\\\/5\\\/8 4G:FDD-LTE: B1\\\/B3\\\/B5\\\/B8 Google Play: Yes, Support\",\"inLanguage\":\"es-ES\",\"isPartOf\":{\"@id\":\"https:\\\/\\\/www.rucashk.com\\\/es\\\/#website\"},\"breadcrumb\":{\"@id\":\"https:\\\/\\\/www.rucashk.com\\\/es\\\/producto\\\/meizu-15-lite-smartphone\\\/#breadcrumblist\"},\"author\":{\"@id\":\"https:\\\/\\\/www.rucashk.com\\\/es\\\/author\\\/admin\\\/#author\"},\"creator\":{\"@id\":\"https:\\\/\\\/www.rucashk.com\\\/es\\\/author\\\/admin\\\/#author\"},\"image\":{\"@type\":\"ImageObject\",\"url\":\"https:\\\/\\\/www.rucashk.com\\\/wp-content\\\/uploads\\\/2024\\\/01\\\/Meizu-15-Lite-Global-Version-M15-4GB-64GB-MobilePhone-Snapdragon-626-Octa-Core-5-46inch-1-1.jpg\",\"@id\":\"https:\\\/\\\/www.rucashk.com\\\/es\\\/producto\\\/meizu-15-lite-smartphone\\\/#mainImage\",\"width\":800,\"height\":800},\"primaryImageOfPage\":{\"@id\":\"https:\\\/\\\/www.rucashk.com\\\/es\\\/producto\\\/meizu-15-lite-smartphone\\\/#mainImage\"},\"datePublished\":\"2024-01-09T15:33:35+00:00\",\"dateModified\":\"2024-03-11T08:24:17+00:00\"},{\"@type\":\"WebSite\",\"@id\":\"https:\\\/\\\/www.rucashk.com\\\/es\\\/#website\",\"url\":\"https:\\\/\\\/www.rucashk.com\\\/es\\\/\",\"name\":\"Rucas - Wholesale and distribution worldwide\",\"alternateName\":\"Rucas - One-stop AIoT Distribution Worldwide\",\"description\":\"One-stop AIoT Distribution Worldwide\",\"inLanguage\":\"es-ES\",\"publisher\":{\"@id\":\"https:\\\/\\\/www.rucashk.com\\\/es\\\/#organization\"}}]}\n\t\t<\/script>\n\t\t<!-- All in One SEO Pro -->\r\n\t\t<title>MEIZU 15 Lite Smartphone - Rucas - Wholesale and Distribution<\/title>\n\n","aioseo_head_json":{"title":"MEIZU 15 Lite Smartphone - Rucas - Wholesale and Distribution","description":"Main Feature: CPU: Snapdragon 626 Octa Core Screen: 5.46inch 1920x1080P Screen RAM+ROM: 4GBGB RAM + 32GB ROM Camera: 12.0MP Rear Camera, 20.0MP Front Camera Battery: 3000mAh(typ) OS: Flyme OS SIM Card: Dual Nano Sim Network: 2G:GSM 850\/900\/1800\/1900MHz 3G:WCDMA: B1\/2\/5\/8 4G:FDD-LTE: B1\/B3\/B5\/B8 Google Play: Yes, Support","canonical_url":"https:\/\/www.rucashk.com\/es\/producto\/meizu-15-lite-smartphone\/","robots":"max-image-preview:large","keywords":"","webmasterTools":{"miscellaneous":""},"og:locale":"es_ES","og:site_name":"Rucas - One-stop AIoT Distribution Worldwide","og:type":"article","og:title":"MEIZU 15 Lite Smartphone - Rucas - Wholesale and Distribution","og:description":"Main Feature: CPU: Snapdragon 626 Octa Core Screen: 5.46inch 1920x1080P Screen RAM+ROM: 4GBGB RAM + 32GB ROM Camera: 12.0MP Rear Camera, 20.0MP Front Camera Battery: 3000mAh(typ) OS: Flyme OS SIM Card: Dual Nano Sim Network: 2G:GSM 850\/900\/1800\/1900MHz 3G:WCDMA: B1\/2\/5\/8 4G:FDD-LTE: B1\/B3\/B5\/B8 Google Play: Yes, Support","og:url":"https:\/\/www.rucashk.com\/es\/producto\/meizu-15-lite-smartphone\/","og:image":"https:\/\/www.rucashk.com\/wp-content\/uploads\/replace\/503b8e645f128a97ccde2b6290747646.jpeg","og:image:secure_url":"https:\/\/www.rucashk.com\/wp-content\/uploads\/replace\/503b8e645f128a97ccde2b6290747646.jpeg","og:image:width":1456,"og:image:height":816,"article:published_time":"2024-01-09T15:33:35+00:00","article:modified_time":"2024-03-11T08:24:17+00:00","twitter:card":"summary_large_image","twitter:title":"MEIZU 15 Lite Smartphone - Rucas - Wholesale and Distribution","twitter:description":"Main Feature: CPU: Snapdragon 626 Octa Core Screen: 5.46inch 1920x1080P Screen RAM+ROM: 4GBGB RAM + 32GB ROM Camera: 12.0MP Rear Camera, 20.0MP Front Camera Battery: 3000mAh(typ) OS: Flyme OS SIM Card: Dual Nano Sim Network: 2G:GSM 850\/900\/1800\/1900MHz 3G:WCDMA: B1\/2\/5\/8 4G:FDD-LTE: B1\/B3\/B5\/B8 Google Play: Yes, Support","twitter:image":"https:\/\/www.rucashk.com\/wp-content\/uploads\/replace\/503b8e645f128a97ccde2b6290747646.jpeg","schema":{"@context":"https:\/\/schema.org","@graph":[{"@type":"BreadcrumbList","@id":"https:\/\/www.rucashk.com\/es\/producto\/meizu-15-lite-smartphone\/#breadcrumblist","itemListElement":[{"@type":"ListItem","@id":"https:\/\/www.rucashk.com\/es\/#listItem","position":1,"name":"Home","item":"https:\/\/www.rucashk.com\/es\/","nextItem":"https:\/\/www.rucashk.com\/es\/producto\/meizu-15-lite-smartphone\/#listItem"},{"@type":"ListItem","@id":"https:\/\/www.rucashk.com\/es\/producto\/meizu-15-lite-smartphone\/#listItem","position":2,"name":"MEIZU 15 Lite Smartphone","previousItem":"https:\/\/www.rucashk.com\/es\/#listItem"}]},{"@type":"Organization","@id":"https:\/\/www.rucashk.com\/es\/#organization","name":"Rucas","url":"https:\/\/www.rucashk.com\/es\/","logo":{"@type":"ImageObject","url":"https:\/\/www.rucashk.com\/wp-content\/uploads\/2023\/12\/Rucas_campany_logo.png","@id":"https:\/\/www.rucashk.com\/es\/producto\/meizu-15-lite-smartphone\/#organizationLogo","width":221,"height":65},"image":{"@id":"https:\/\/www.rucashk.com\/es\/#organizationLogo"}},{"@type":"Person","@id":"https:\/\/www.rucashk.com\/es\/author\/admin\/#author","url":"https:\/\/www.rucashk.com\/es\/author\/admin\/","name":"admin","image":{"@type":"ImageObject","@id":"https:\/\/www.rucashk.com\/es\/producto\/meizu-15-lite-smartphone\/#authorImage","url":"https:\/\/secure.gravatar.com\/avatar\/b7c8925b09a27e72b30232f8ecaadbd5af0f70a38c78096863fe51b64f031c24?s=96&d=mm&r=g","width":96,"height":96,"caption":"admin"}},{"@type":"WebPage","@id":"https:\/\/www.rucashk.com\/es\/producto\/meizu-15-lite-smartphone\/#webpage","url":"https:\/\/www.rucashk.com\/es\/producto\/meizu-15-lite-smartphone\/","name":"MEIZU 15 Lite Smartphone - Rucas - Wholesale and Distribution","description":"Main Feature: CPU: Snapdragon 626 Octa Core Screen: 5.46inch 1920x1080P Screen RAM+ROM: 4GBGB RAM + 32GB ROM Camera: 12.0MP Rear Camera, 20.0MP Front Camera Battery: 3000mAh(typ) OS: Flyme OS SIM Card: Dual Nano Sim Network: 2G:GSM 850\/900\/1800\/1900MHz 3G:WCDMA: B1\/2\/5\/8 4G:FDD-LTE: B1\/B3\/B5\/B8 Google Play: Yes, Support","inLanguage":"es-ES","isPartOf":{"@id":"https:\/\/www.rucashk.com\/es\/#website"},"breadcrumb":{"@id":"https:\/\/www.rucashk.com\/es\/producto\/meizu-15-lite-smartphone\/#breadcrumblist"},"author":{"@id":"https:\/\/www.rucashk.com\/es\/author\/admin\/#author"},"creator":{"@id":"https:\/\/www.rucashk.com\/es\/author\/admin\/#author"},"image":{"@type":"ImageObject","url":"https:\/\/www.rucashk.com\/wp-content\/uploads\/2024\/01\/Meizu-15-Lite-Global-Version-M15-4GB-64GB-MobilePhone-Snapdragon-626-Octa-Core-5-46inch-1-1.jpg","@id":"https:\/\/www.rucashk.com\/es\/producto\/meizu-15-lite-smartphone\/#mainImage","width":800,"height":800},"primaryImageOfPage":{"@id":"https:\/\/www.rucashk.com\/es\/producto\/meizu-15-lite-smartphone\/#mainImage"},"datePublished":"2024-01-09T15:33:35+00:00","dateModified":"2024-03-11T08:24:17+00:00"},{"@type":"WebSite","@id":"https:\/\/www.rucashk.com\/es\/#website","url":"https:\/\/www.rucashk.com\/es\/","name":"Rucas - Wholesale and distribution worldwide","alternateName":"Rucas - One-stop AIoT Distribution Worldwide","description":"One-stop AIoT Distribution Worldwide","inLanguage":"es-ES","publisher":{"@id":"https:\/\/www.rucashk.com\/es\/#organization"}}]}},"aioseo_meta_data":{"post_id":"21550","title":null,"description":null,"keywords":null,"keyphrases":null,"primary_term":null,"canonical_url":null,"og_title":null,"og_description":null,"og_object_type":"default","og_image_type":"default","og_image_url":null,"og_image_width":null,"og_image_height":null,"og_image_custom_url":null,"og_image_custom_fields":null,"og_video":null,"og_custom_url":null,"og_article_section":null,"og_article_tags":null,"twitter_use_og":false,"twitter_card":"default","twitter_image_type":"default","twitter_image_url":null,"twitter_image_custom_url":null,"twitter_image_custom_fields":null,"twitter_title":null,"twitter_description":null,"schema":{"blockGraphs":[],"customGraphs":[],"default":{"data":{"Article":[],"Course":[],"Dataset":[],"FAQPage":[],"Movie":[],"Person":[],"Product":[],"Recipe":[],"Service":[],"SoftwareApplication":[],"WebPage":[]},"graphName":"","isEnabled":true},"graphs":[]},"schema_type":"default","schema_type_options":null,"pillar_content":false,"robots_default":true,"robots_noindex":false,"robots_noarchive":false,"robots_nosnippet":false,"robots_nofollow":false,"robots_noimageindex":false,"robots_noodp":false,"robots_notranslate":false,"robots_max_snippet":null,"robots_max_videopreview":null,"robots_max_imagepreview":"large","priority":null,"frequency":null,"local_seo":null,"breadcrumb_settings":null,"limit_modified_date":false,"created":"2024-04-11 01:55:19","updated":"2025-06-22 16:25:58"},"aioseo_breadcrumb":"<div class=\"aioseo-breadcrumbs\"><span class=\"aioseo-breadcrumb\">\n\t<a href=\"https:\/\/www.rucashk.com\/es\" title=\"Home\">Home<\/a>\n<\/span><span class=\"aioseo-breadcrumb-separator\">&raquo;<\/span><span class=\"aioseo-breadcrumb\">\n\t<a href=\"https:\/\/www.rucashk.com\/es\/products\/\" title=\"Productos\">Productos<\/a>\n<\/span><span class=\"aioseo-breadcrumb-separator\">&raquo;<\/span><span class=\"aioseo-breadcrumb\">\n\t<a href=\"https:\/\/www.rucashk.com\/es\/categoria-producto\/mobile-phone\/\" title=\"Mobile Phone\">Mobile Phone<\/a>\n<\/span><span class=\"aioseo-breadcrumb-separator\">&raquo;<\/span><span class=\"aioseo-breadcrumb\">\n\tMEIZU 15 Lite Smartphone\n<\/span><\/div>","aioseo_breadcrumb_json":[{"label":"Home","link":"https:\/\/www.rucashk.com\/es"},{"label":"Productos","link":"https:\/\/www.rucashk.com\/es\/products\/"},{"label":"Mobile Phone","link":"https:\/\/www.rucashk.com\/es\/categoria-producto\/mobile-phone\/"},{"label":"MEIZU 15 Lite Smartphone","link":"https:\/\/www.rucashk.com\/es\/producto\/meizu-15-lite-smartphone\/"}],"_links":{"self":[{"href":"https:\/\/www.rucashk.com\/es\/wp-json\/wp\/v2\/product\/21550","targetHints":{"allow":["GET"]}}],"collection":[{"href":"https:\/\/www.rucashk.com\/es\/wp-json\/wp\/v2\/product"}],"about":[{"href":"https:\/\/www.rucashk.com\/es\/wp-json\/wp\/v2\/types\/product"}],"wp:featuredmedia":[{"embeddable":true,"href":"https:\/\/www.rucashk.com\/es\/wp-json\/wp\/v2\/media\/21648"}],"wp:attachment":[{"href":"https:\/\/www.rucashk.com\/es\/wp-json\/wp\/v2\/media?parent=21550"}],"wp:term":[{"taxonomy":"product_brand","embeddable":true,"href":"https:\/\/www.rucashk.com\/es\/wp-json\/wp\/v2\/product_brand?post=21550"},{"taxonomy":"product_cat","embeddable":true,"href":"https:\/\/www.rucashk.com\/es\/wp-json\/wp\/v2\/product_cat?post=21550"},{"taxonomy":"product_tag","embeddable":true,"href":"https:\/\/www.rucashk.com\/es\/wp-json\/wp\/v2\/product_tag?post=21550"}],"curies":[{"name":"wp","href":"https:\/\/api.w.org\/{rel}","templated":true}]}}