{"id":21548,"date":"2024-01-09T15:33:34","date_gmt":"2024-01-09T15:33:34","guid":{"rendered":"http:\/\/rucashk.com\/?post_type=product&#038;p=21548"},"modified":"2024-03-11T08:34:28","modified_gmt":"2024-03-11T08:34:28","slug":"meizu-m6t-smartphone","status":"publish","type":"product","link":"https:\/\/www.rucashk.com\/es\/producto\/meizu-m6t-smartphone\/","title":{"rendered":"Tel\u00e9fono inteligente MEIZU M6T"},"content":{"rendered":"<p style=\"text-align: center\" data-spm-anchor-id=\"a2g0o.detail.1000023.i0.43df2b9etBLsMN\">Cuerpo de luz, reexplorando lo cl\u00e1sico<\/p>\n<p style=\"text-align: center\">Con un peso de s\u00f3lo 145 g, MEIZU M6T adopta un cuerpo de policarbonato colorido integrado cl\u00e1sico. PPG Master&#039;s Mark, un experimentado proveedor de pinturas para la industria aeroespacial y automotriz, crea tres colores para el MEIZU M6T: negro obsidiana, dorado champ\u00e1n y rojo coral.<\/p>\n<p style=\"text-align: center\"><img decoding=\"async\" src=\"\/wp-content\/uploads\/replace\/89a700c44a247e2963533a8c17fbc064.jpeg\" alt=\"m6t_01\" \/><\/p>\n<p style=\"text-align: center\">5,7 pulgadas HD+ <a class=\"\" style=\"width: auto !important\" href=\"https:\/\/www.rucashk.com\/es\/xiaomi-full-screen-tv-pro65-inch-evaluation-tv-is-big-and-thin-massive-resources-are-exhausted\/\" data-wpil-post-to-id=\"7045\">pantalla completa<\/a> Campo de visi\u00f3n m\u00e1s amplio, cuerpo m\u00e1s peque\u00f1o<\/p>\n<p style=\"text-align: center\">Equipado con una pantalla completa de 5,7 pulgadas con relaci\u00f3n 18:9, brillo t\u00edpico de hasta 450 nits, f\u00e1cil de usar en entornos de iluminaci\u00f3n exterior, tecnolog\u00eda In-Cell Full Fit Blessing, el tacto es m\u00e1s preciso.<\/p>\n<p style=\"text-align: center\"><img decoding=\"async\" src=\"\/wp-content\/uploads\/replace\/f81f9cb3efc7f1b143e7e4a453b78353.jpeg\" alt=\"m6t_02\" \/><\/p>\n<p style=\"text-align: center\">Bater\u00eda de 3300 mAh, duraci\u00f3n de la bater\u00eda duradera<\/p>\n<p style=\"text-align: center\">Construimos una bater\u00eda grande con un valor t\u00edpico de 3300 mAh para Meizu 6T, casi 10% m\u00e1s grande que la generaci\u00f3n anterior, complementada con la optimizaci\u00f3n profunda de energ\u00eda del sistema Flyme, usando bater\u00edas de fabricantes conocidos como ATL, le da a Meizu 6T una vida \u00fatil m\u00e1s larga y un mejor rendimiento.<\/p>\n<p style=\"text-align: center\"><img decoding=\"async\" src=\"\/wp-content\/uploads\/replace\/ef2365f096416eb4836682c0db75b803.jpeg\" alt=\"m6t_03\" \/><\/p>\n<p style=\"text-align: center\">Procesador de arquitectura A53 de ocho n\u00facleos, n\u00facleo grande con frecuencia de hasta 1,5 GHz<\/p>\n<p style=\"text-align: center\">El procesador Meizu 6T consta de cuatro n\u00facleos de rendimiento de 1,5 GHz y cuatro n\u00facleos de vida \u00fatil de 1,0 GHz, respectivamente para el uso diario y tambi\u00e9n competente para juegos m\u00f3viles populares, procesador de gr\u00e1ficos Mali-T860.<\/p>\n<p style=\"text-align: center\"><img decoding=\"async\" src=\"\/wp-content\/uploads\/replace\/52875c63914bdc4bc97548b6e65fff15.jpeg\" alt=\"m6t_04\" \/><\/p>\n<p style=\"text-align: center\">Combinaci\u00f3n dorada de c\u00e1mara dual trasera, la m\u00e1quina de cien yuanes tambi\u00e9n es como una virtual<\/p>\n<p style=\"text-align: center\">Combinaci\u00f3n de c\u00e1mara dual trasera de 13MP + 2MP, Proporciona un modo bokeh de retrato para Meizu 6T, En este punto, tambi\u00e9n puede tomar fotograf\u00edas con una peque\u00f1a profundidad de campo de nivel SLR, La c\u00e1mara principal utiliza un sensor de cuatro colores SO\/NY IMX278 RGBW El rendimiento con poca luz sigue siendo excepcional.<\/p>\n<p style=\"text-align: center\"><img decoding=\"async\" src=\"\/wp-content\/uploads\/replace\/b6f189c7c14d8e38fcec673aa04bf4d2.jpeg\" alt=\"m6t_05\" \/><\/p>\n<p style=\"text-align: center\">Interacci\u00f3n Super mBack, m\u00faltiples gestos<\/p>\n<p style=\"text-align: center\">El aclamado Super mBack est\u00e1 integrado interactivamente con Meizu 6T. Toque el &quot;c\u00edrculo peque\u00f1o&quot; para regresar a la capa anterior. Mantenga presionado el &quot;c\u00edrculo peque\u00f1o&quot; para regresar a la interfaz principal. Operaci\u00f3n familiar y cl\u00e1sica. La parte inferior de la barra de navegaci\u00f3n del sistema puede Tambi\u00e9n personaliza el color, Satisfacci\u00f3n con diferentes preferencias de uso. No s\u00f3lo es f\u00e1cil de usar, sino que es incluso mejor.<\/p>\n<p><img decoding=\"async\" class=\"aligncenter\" src=\"\/wp-content\/uploads\/replace\/c03d1b65499d51abad2e8252354efcd9.jpeg\" alt=\"m6t_06\" \/><\/p>\n<p>&nbsp;<\/p>\n<p style=\"text-align: left\">Paquete: 1 x Meizu M6T<strong>\u00a0<\/strong>Tel\u00e9fono m\u00f3vil<\/p>\n<p style=\"text-align: left\">1 bater\u00eda de 3000 mAh.<\/p>\n<p style=\"text-align: left\">1 cable de datos.<\/p>\n<p style=\"text-align: left\" data-spm-anchor-id=\"a2g0o.detail.1000023.i3.95ee638ep4qjeb\">1 cargador.<\/p>\n<p style=\"text-align: left\" data-spm-anchor-id=\"a2g0o.detail.1000023.i4.95ee638ep4qjeb\">1 manual de usuario.<\/p>","protected":false},"excerpt":{"rendered":"<p><b>Principales caracter\u00edsticas:<\/b><br \/>\n<b>MEIZU M6T Phablet 4G de 5,7 pulgadas Android 7,0 MT6750 Octa Core 1,5 GHz 3GB RAM 32GB ROM 13.0MP C\u00e1mara trasera Sensor de huellas dactilares 3300mAh Incorporado.<\/b><br \/>\n\u25cf<b>Mostrar:<\/b> 5.7 inch 1440 x 720 pixels.<br \/>\n\u25cf<b>UPC:<\/b> MT6750 Octa Core 1.5GHz.<br \/>\n\u25cf<b>Sistema:<\/b> Android 7.0.<br \/>\n\u25cf<b>Almacenamiento:<\/b> 3GB RAM 32GB ROM.<br \/>\n\u25cf<b>C\u00e1maras:<\/b> 13.0MP rear camera and 8.0MP front camera.<br \/>\n\u25cf<b>Sensores:<\/b> Fingerprint sensor, Gravity sensor, Infrared, Proximity sensor, Gyroscope, Ambient light sensor, Touch sensor, E-compass.<br \/>\n\u25cf<b>Caracter\u00edsticas:<\/b>GPS.<br \/>\n\u25cf<b>Bluetooth:<\/b>4.1.<br \/>\n\u25cf<b>Tarjeta SIM:<\/b> Doble Nano SIM, doble modo de espera.<br \/>\n<b>Redes:<\/b><br \/>\n2G: GSM: 850 \/ 900 \/ 1800 \/ 1900MHz.<br \/>\n3G: WCDMA: B1 \/ 2 \/ 5 \/ 8, CDMA: BC0.<br \/>\n4G: FDD-LTE: B1 \/ 3 \/ 5 \/ 7 \/ 8 \/ 20, TDD-LTE: B40.<\/p>","protected":false},"featured_media":21634,"template":"","meta":[],"product_brand":[],"product_cat":[1295,1322],"product_tag":[502,478,477],"class_list":{"0":"post-21548","1":"product","2":"type-product","3":"status-publish","4":"has-post-thumbnail","6":"product_cat-mobile-phone","7":"product_cat-other-a-brands","8":"product_tag-meizu","9":"product_tag-mobile","10":"product_tag-phone","12":"first","13":"instock","14":"shipping-taxable","15":"product-type-external"},"aioseo_notices":[],"aioseo_head":"\n\t\t<!-- All in One SEO Pro 4.5.9.2 - aioseo.com -->\n\t\t<meta name=\"description\" content=\"Main Features: MEIZU M6T 4G Phablet 5.7 inch Android 7.0 MT6750 Octa Core 1.5GHz 3GB RAM 32GB ROM 13.0MP Rear Camera Fingerprint Sensor 3300mAh Built-in. \u25cfDisplay: 5.7 inch 1440 x 720 pixels. \u25cfCPU: MT6750 Octa Core 1.5GHz. \u25cfSystem: Android 7.0. \u25cfStorage: 3GB RAM 32GB ROM. \u25cfCameras: 13.0MP rear camera and 8.0MP front camera. \u25cfSensors: Fingerprint sensor, Gravity sensor, Infrared, Proximity sensor, Gyroscope, Ambient light sensor, Touch sensor, E-compass. \u25cfFeatures:GPS. \u25cfBluetooth:4.1. \u25cfSIM Card: dual Nano SIM, dual standby. Networks: 2G: GSM: 850 \/ 900 \/ 1800 \/ 1900MHz. 3G: WCDMA: B1 \/ 2 \/ 5 \/ 8, CDMA: BC0. 4G: FDD-LTE: B1 \/ 3 \/ 5 \/ 7 \/ 8 \/ 20, TDD-LTE: B40.\" \/>\n\t\t<meta name=\"robots\" content=\"max-image-preview:large\" \/>\n\t\t<link rel=\"canonical\" href=\"https:\/\/www.rucashk.com\/es\/producto\/meizu-m6t-smartphone\/\" \/>\n\t\t<meta name=\"generator\" content=\"All in One SEO Pro (AIOSEO) 4.5.9.2\" \/>\n\t\t<meta property=\"og:locale\" content=\"es_ES\" \/>\n\t\t<meta property=\"og:site_name\" content=\"Rucas - One-stop AIoT Distribution Worldwide\" \/>\n\t\t<meta property=\"og:type\" content=\"article\" \/>\n\t\t<meta property=\"og:title\" content=\"MEIZU M6T Smartphone - Rucas - Wholesale and Distribution\" \/>\n\t\t<meta property=\"og:description\" content=\"Main Features: MEIZU M6T 4G Phablet 5.7 inch Android 7.0 MT6750 Octa Core 1.5GHz 3GB RAM 32GB ROM 13.0MP Rear Camera Fingerprint Sensor 3300mAh Built-in. \u25cfDisplay: 5.7 inch 1440 x 720 pixels. \u25cfCPU: MT6750 Octa Core 1.5GHz. \u25cfSystem: Android 7.0. \u25cfStorage: 3GB RAM 32GB ROM. \u25cfCameras: 13.0MP rear camera and 8.0MP front camera. \u25cfSensors: Fingerprint sensor, Gravity sensor, Infrared, Proximity sensor, Gyroscope, Ambient light sensor, Touch sensor, E-compass. \u25cfFeatures:GPS. \u25cfBluetooth:4.1. \u25cfSIM Card: dual Nano SIM, dual standby. Networks: 2G: GSM: 850 \/ 900 \/ 1800 \/ 1900MHz. 3G: WCDMA: B1 \/ 2 \/ 5 \/ 8, CDMA: BC0. 4G: FDD-LTE: B1 \/ 3 \/ 5 \/ 7 \/ 8 \/ 20, TDD-LTE: B40.\" \/>\n\t\t<meta property=\"og:url\" content=\"https:\/\/www.rucashk.com\/es\/producto\/meizu-m6t-smartphone\/\" \/>\n\t\t<meta property=\"og:image\" content=\"https:\/\/www.rucashk.com\/wp-content\/uploads\/replace\/503b8e645f128a97ccde2b6290747646.jpeg\" \/>\n\t\t<meta property=\"og:image:secure_url\" content=\"https:\/\/www.rucashk.com\/wp-content\/uploads\/replace\/503b8e645f128a97ccde2b6290747646.jpeg\" \/>\n\t\t<meta property=\"og:image:width\" content=\"1456\" \/>\n\t\t<meta property=\"og:image:height\" content=\"816\" \/>\n\t\t<meta property=\"article:published_time\" content=\"2024-01-09T15:33:34+00:00\" \/>\n\t\t<meta property=\"article:modified_time\" content=\"2024-03-11T08:34:28+00:00\" \/>\n\t\t<meta name=\"twitter:card\" content=\"summary_large_image\" \/>\n\t\t<meta name=\"twitter:title\" content=\"MEIZU M6T Smartphone - Rucas - Wholesale and Distribution\" \/>\n\t\t<meta name=\"twitter:description\" content=\"Main Features: MEIZU M6T 4G Phablet 5.7 inch Android 7.0 MT6750 Octa Core 1.5GHz 3GB RAM 32GB ROM 13.0MP Rear Camera Fingerprint Sensor 3300mAh Built-in. \u25cfDisplay: 5.7 inch 1440 x 720 pixels. \u25cfCPU: MT6750 Octa Core 1.5GHz. \u25cfSystem: Android 7.0. \u25cfStorage: 3GB RAM 32GB ROM. \u25cfCameras: 13.0MP rear camera and 8.0MP front camera. \u25cfSensors: Fingerprint sensor, Gravity sensor, Infrared, Proximity sensor, Gyroscope, Ambient light sensor, Touch sensor, E-compass. \u25cfFeatures:GPS. \u25cfBluetooth:4.1. \u25cfSIM Card: dual Nano SIM, dual standby. Networks: 2G: GSM: 850 \/ 900 \/ 1800 \/ 1900MHz. 3G: WCDMA: B1 \/ 2 \/ 5 \/ 8, CDMA: BC0. 4G: FDD-LTE: B1 \/ 3 \/ 5 \/ 7 \/ 8 \/ 20, TDD-LTE: B40.\" \/>\n\t\t<meta name=\"twitter:image\" content=\"https:\/\/www.rucashk.com\/wp-content\/uploads\/replace\/503b8e645f128a97ccde2b6290747646.jpeg\" \/>\n\t\t<script type=\"application\/ld+json\" class=\"aioseo-schema\">\n\t\t\t{\"@context\":\"https:\\\/\\\/schema.org\",\"@graph\":[{\"@type\":\"BreadcrumbList\",\"@id\":\"https:\\\/\\\/www.rucashk.com\\\/es\\\/producto\\\/meizu-m6t-smartphone\\\/#breadcrumblist\",\"itemListElement\":[{\"@type\":\"ListItem\",\"@id\":\"https:\\\/\\\/www.rucashk.com\\\/es\\\/#listItem\",\"position\":1,\"name\":\"Home\",\"item\":\"https:\\\/\\\/www.rucashk.com\\\/es\\\/\",\"nextItem\":\"https:\\\/\\\/www.rucashk.com\\\/es\\\/producto\\\/meizu-m6t-smartphone\\\/#listItem\"},{\"@type\":\"ListItem\",\"@id\":\"https:\\\/\\\/www.rucashk.com\\\/es\\\/producto\\\/meizu-m6t-smartphone\\\/#listItem\",\"position\":2,\"name\":\"MEIZU M6T Smartphone\",\"previousItem\":\"https:\\\/\\\/www.rucashk.com\\\/es\\\/#listItem\"}]},{\"@type\":\"Organization\",\"@id\":\"https:\\\/\\\/www.rucashk.com\\\/es\\\/#organization\",\"name\":\"Rucas\",\"url\":\"https:\\\/\\\/www.rucashk.com\\\/es\\\/\",\"logo\":{\"@type\":\"ImageObject\",\"url\":\"https:\\\/\\\/www.rucashk.com\\\/wp-content\\\/uploads\\\/2023\\\/12\\\/Rucas_campany_logo.png\",\"@id\":\"https:\\\/\\\/www.rucashk.com\\\/es\\\/producto\\\/meizu-m6t-smartphone\\\/#organizationLogo\",\"width\":221,\"height\":65},\"image\":{\"@id\":\"https:\\\/\\\/www.rucashk.com\\\/es\\\/#organizationLogo\"}},{\"@type\":\"Person\",\"@id\":\"https:\\\/\\\/www.rucashk.com\\\/es\\\/author\\\/admin\\\/#author\",\"url\":\"https:\\\/\\\/www.rucashk.com\\\/es\\\/author\\\/admin\\\/\",\"name\":\"admin\",\"image\":{\"@type\":\"ImageObject\",\"@id\":\"https:\\\/\\\/www.rucashk.com\\\/es\\\/producto\\\/meizu-m6t-smartphone\\\/#authorImage\",\"url\":\"https:\\\/\\\/secure.gravatar.com\\\/avatar\\\/b7c8925b09a27e72b30232f8ecaadbd5af0f70a38c78096863fe51b64f031c24?s=96&d=mm&r=g\",\"width\":96,\"height\":96,\"caption\":\"admin\"}},{\"@type\":\"WebPage\",\"@id\":\"https:\\\/\\\/www.rucashk.com\\\/es\\\/producto\\\/meizu-m6t-smartphone\\\/#webpage\",\"url\":\"https:\\\/\\\/www.rucashk.com\\\/es\\\/producto\\\/meizu-m6t-smartphone\\\/\",\"name\":\"MEIZU M6T Smartphone - Rucas - Wholesale and Distribution\",\"description\":\"Main Features: MEIZU M6T 4G Phablet 5.7 inch Android 7.0 MT6750 Octa Core 1.5GHz 3GB RAM 32GB ROM 13.0MP Rear Camera Fingerprint Sensor 3300mAh Built-in. \\u25cfDisplay: 5.7 inch 1440 x 720 pixels. \\u25cfCPU: MT6750 Octa Core 1.5GHz. \\u25cfSystem: Android 7.0. \\u25cfStorage: 3GB RAM 32GB ROM. \\u25cfCameras: 13.0MP rear camera and 8.0MP front camera. \\u25cfSensors: Fingerprint sensor, Gravity sensor, Infrared, Proximity sensor, Gyroscope, Ambient light sensor, Touch sensor, E-compass. \\u25cfFeatures:GPS. \\u25cfBluetooth:4.1. \\u25cfSIM Card: dual Nano SIM, dual standby. Networks: 2G: GSM: 850 \\\/ 900 \\\/ 1800 \\\/ 1900MHz. 3G: WCDMA: B1 \\\/ 2 \\\/ 5 \\\/ 8, CDMA: BC0. 4G: FDD-LTE: B1 \\\/ 3 \\\/ 5 \\\/ 7 \\\/ 8 \\\/ 20, TDD-LTE: B40.\",\"inLanguage\":\"es-ES\",\"isPartOf\":{\"@id\":\"https:\\\/\\\/www.rucashk.com\\\/es\\\/#website\"},\"breadcrumb\":{\"@id\":\"https:\\\/\\\/www.rucashk.com\\\/es\\\/producto\\\/meizu-m6t-smartphone\\\/#breadcrumblist\"},\"author\":{\"@id\":\"https:\\\/\\\/www.rucashk.com\\\/es\\\/author\\\/admin\\\/#author\"},\"creator\":{\"@id\":\"https:\\\/\\\/www.rucashk.com\\\/es\\\/author\\\/admin\\\/#author\"},\"image\":{\"@type\":\"ImageObject\",\"url\":\"https:\\\/\\\/www.rucashk.com\\\/wp-content\\\/uploads\\\/2024\\\/01\\\/meizu_m6t_black_2_1.jpg\",\"@id\":\"https:\\\/\\\/www.rucashk.com\\\/es\\\/producto\\\/meizu-m6t-smartphone\\\/#mainImage\",\"width\":800,\"height\":800},\"primaryImageOfPage\":{\"@id\":\"https:\\\/\\\/www.rucashk.com\\\/es\\\/producto\\\/meizu-m6t-smartphone\\\/#mainImage\"},\"datePublished\":\"2024-01-09T15:33:34+00:00\",\"dateModified\":\"2024-03-11T08:34:28+00:00\"},{\"@type\":\"WebSite\",\"@id\":\"https:\\\/\\\/www.rucashk.com\\\/es\\\/#website\",\"url\":\"https:\\\/\\\/www.rucashk.com\\\/es\\\/\",\"name\":\"Rucas - Wholesale and distribution worldwide\",\"alternateName\":\"Rucas - One-stop AIoT Distribution Worldwide\",\"description\":\"One-stop AIoT Distribution Worldwide\",\"inLanguage\":\"es-ES\",\"publisher\":{\"@id\":\"https:\\\/\\\/www.rucashk.com\\\/es\\\/#organization\"}}]}\n\t\t<\/script>\n\t\t<!-- All in One SEO Pro -->\r\n\t\t<title>MEIZU M6T Smartphone - Rucas - Wholesale and Distribution<\/title>\n\n","aioseo_head_json":{"title":"MEIZU M6T Smartphone - Rucas - Wholesale and Distribution","description":"Main Features: MEIZU M6T 4G Phablet 5.7 inch Android 7.0 MT6750 Octa Core 1.5GHz 3GB RAM 32GB ROM 13.0MP Rear Camera Fingerprint Sensor 3300mAh Built-in. \u25cfDisplay: 5.7 inch 1440 x 720 pixels. \u25cfCPU: MT6750 Octa Core 1.5GHz. \u25cfSystem: Android 7.0. \u25cfStorage: 3GB RAM 32GB ROM. \u25cfCameras: 13.0MP rear camera and 8.0MP front camera. \u25cfSensors: Fingerprint sensor, Gravity sensor, Infrared, Proximity sensor, Gyroscope, Ambient light sensor, Touch sensor, E-compass. \u25cfFeatures:GPS. \u25cfBluetooth:4.1. \u25cfSIM Card: dual Nano SIM, dual standby. Networks: 2G: GSM: 850 \/ 900 \/ 1800 \/ 1900MHz. 3G: WCDMA: B1 \/ 2 \/ 5 \/ 8, CDMA: BC0. 4G: FDD-LTE: B1 \/ 3 \/ 5 \/ 7 \/ 8 \/ 20, TDD-LTE: B40.","canonical_url":"https:\/\/www.rucashk.com\/es\/producto\/meizu-m6t-smartphone\/","robots":"max-image-preview:large","keywords":"","webmasterTools":{"miscellaneous":""},"og:locale":"es_ES","og:site_name":"Rucas - One-stop AIoT Distribution Worldwide","og:type":"article","og:title":"MEIZU M6T Smartphone - Rucas - Wholesale and Distribution","og:description":"Main Features: MEIZU M6T 4G Phablet 5.7 inch Android 7.0 MT6750 Octa Core 1.5GHz 3GB RAM 32GB ROM 13.0MP Rear Camera Fingerprint Sensor 3300mAh Built-in. \u25cfDisplay: 5.7 inch 1440 x 720 pixels. \u25cfCPU: MT6750 Octa Core 1.5GHz. \u25cfSystem: Android 7.0. \u25cfStorage: 3GB RAM 32GB ROM. \u25cfCameras: 13.0MP rear camera and 8.0MP front camera. \u25cfSensors: Fingerprint sensor, Gravity sensor, Infrared, Proximity sensor, Gyroscope, Ambient light sensor, Touch sensor, E-compass. \u25cfFeatures:GPS. \u25cfBluetooth:4.1. \u25cfSIM Card: dual Nano SIM, dual standby. Networks: 2G: GSM: 850 \/ 900 \/ 1800 \/ 1900MHz. 3G: WCDMA: B1 \/ 2 \/ 5 \/ 8, CDMA: BC0. 4G: FDD-LTE: B1 \/ 3 \/ 5 \/ 7 \/ 8 \/ 20, TDD-LTE: B40.","og:url":"https:\/\/www.rucashk.com\/es\/producto\/meizu-m6t-smartphone\/","og:image":"https:\/\/www.rucashk.com\/wp-content\/uploads\/replace\/503b8e645f128a97ccde2b6290747646.jpeg","og:image:secure_url":"https:\/\/www.rucashk.com\/wp-content\/uploads\/replace\/503b8e645f128a97ccde2b6290747646.jpeg","og:image:width":1456,"og:image:height":816,"article:published_time":"2024-01-09T15:33:34+00:00","article:modified_time":"2024-03-11T08:34:28+00:00","twitter:card":"summary_large_image","twitter:title":"MEIZU M6T Smartphone - Rucas - Wholesale and Distribution","twitter:description":"Main Features: MEIZU M6T 4G Phablet 5.7 inch Android 7.0 MT6750 Octa Core 1.5GHz 3GB RAM 32GB ROM 13.0MP Rear Camera Fingerprint Sensor 3300mAh Built-in. \u25cfDisplay: 5.7 inch 1440 x 720 pixels. \u25cfCPU: MT6750 Octa Core 1.5GHz. \u25cfSystem: Android 7.0. \u25cfStorage: 3GB RAM 32GB ROM. \u25cfCameras: 13.0MP rear camera and 8.0MP front camera. \u25cfSensors: Fingerprint sensor, Gravity sensor, Infrared, Proximity sensor, Gyroscope, Ambient light sensor, Touch sensor, E-compass. \u25cfFeatures:GPS. \u25cfBluetooth:4.1. \u25cfSIM Card: dual Nano SIM, dual standby. Networks: 2G: GSM: 850 \/ 900 \/ 1800 \/ 1900MHz. 3G: WCDMA: B1 \/ 2 \/ 5 \/ 8, CDMA: BC0. 4G: FDD-LTE: B1 \/ 3 \/ 5 \/ 7 \/ 8 \/ 20, TDD-LTE: B40.","twitter:image":"https:\/\/www.rucashk.com\/wp-content\/uploads\/replace\/503b8e645f128a97ccde2b6290747646.jpeg","schema":{"@context":"https:\/\/schema.org","@graph":[{"@type":"BreadcrumbList","@id":"https:\/\/www.rucashk.com\/es\/producto\/meizu-m6t-smartphone\/#breadcrumblist","itemListElement":[{"@type":"ListItem","@id":"https:\/\/www.rucashk.com\/es\/#listItem","position":1,"name":"Home","item":"https:\/\/www.rucashk.com\/es\/","nextItem":"https:\/\/www.rucashk.com\/es\/producto\/meizu-m6t-smartphone\/#listItem"},{"@type":"ListItem","@id":"https:\/\/www.rucashk.com\/es\/producto\/meizu-m6t-smartphone\/#listItem","position":2,"name":"MEIZU M6T Smartphone","previousItem":"https:\/\/www.rucashk.com\/es\/#listItem"}]},{"@type":"Organization","@id":"https:\/\/www.rucashk.com\/es\/#organization","name":"Rucas","url":"https:\/\/www.rucashk.com\/es\/","logo":{"@type":"ImageObject","url":"https:\/\/www.rucashk.com\/wp-content\/uploads\/2023\/12\/Rucas_campany_logo.png","@id":"https:\/\/www.rucashk.com\/es\/producto\/meizu-m6t-smartphone\/#organizationLogo","width":221,"height":65},"image":{"@id":"https:\/\/www.rucashk.com\/es\/#organizationLogo"}},{"@type":"Person","@id":"https:\/\/www.rucashk.com\/es\/author\/admin\/#author","url":"https:\/\/www.rucashk.com\/es\/author\/admin\/","name":"admin","image":{"@type":"ImageObject","@id":"https:\/\/www.rucashk.com\/es\/producto\/meizu-m6t-smartphone\/#authorImage","url":"https:\/\/secure.gravatar.com\/avatar\/b7c8925b09a27e72b30232f8ecaadbd5af0f70a38c78096863fe51b64f031c24?s=96&d=mm&r=g","width":96,"height":96,"caption":"admin"}},{"@type":"WebPage","@id":"https:\/\/www.rucashk.com\/es\/producto\/meizu-m6t-smartphone\/#webpage","url":"https:\/\/www.rucashk.com\/es\/producto\/meizu-m6t-smartphone\/","name":"MEIZU M6T Smartphone - Rucas - Wholesale and Distribution","description":"Main Features: MEIZU M6T 4G Phablet 5.7 inch Android 7.0 MT6750 Octa Core 1.5GHz 3GB RAM 32GB ROM 13.0MP Rear Camera Fingerprint Sensor 3300mAh Built-in. \u25cfDisplay: 5.7 inch 1440 x 720 pixels. \u25cfCPU: MT6750 Octa Core 1.5GHz. \u25cfSystem: Android 7.0. \u25cfStorage: 3GB RAM 32GB ROM. \u25cfCameras: 13.0MP rear camera and 8.0MP front camera. \u25cfSensors: Fingerprint sensor, Gravity sensor, Infrared, Proximity sensor, Gyroscope, Ambient light sensor, Touch sensor, E-compass. \u25cfFeatures:GPS. \u25cfBluetooth:4.1. \u25cfSIM Card: dual Nano SIM, dual standby. Networks: 2G: GSM: 850 \/ 900 \/ 1800 \/ 1900MHz. 3G: WCDMA: B1 \/ 2 \/ 5 \/ 8, CDMA: BC0. 4G: FDD-LTE: B1 \/ 3 \/ 5 \/ 7 \/ 8 \/ 20, TDD-LTE: B40.","inLanguage":"es-ES","isPartOf":{"@id":"https:\/\/www.rucashk.com\/es\/#website"},"breadcrumb":{"@id":"https:\/\/www.rucashk.com\/es\/producto\/meizu-m6t-smartphone\/#breadcrumblist"},"author":{"@id":"https:\/\/www.rucashk.com\/es\/author\/admin\/#author"},"creator":{"@id":"https:\/\/www.rucashk.com\/es\/author\/admin\/#author"},"image":{"@type":"ImageObject","url":"https:\/\/www.rucashk.com\/wp-content\/uploads\/2024\/01\/meizu_m6t_black_2_1.jpg","@id":"https:\/\/www.rucashk.com\/es\/producto\/meizu-m6t-smartphone\/#mainImage","width":800,"height":800},"primaryImageOfPage":{"@id":"https:\/\/www.rucashk.com\/es\/producto\/meizu-m6t-smartphone\/#mainImage"},"datePublished":"2024-01-09T15:33:34+00:00","dateModified":"2024-03-11T08:34:28+00:00"},{"@type":"WebSite","@id":"https:\/\/www.rucashk.com\/es\/#website","url":"https:\/\/www.rucashk.com\/es\/","name":"Rucas - Wholesale and distribution worldwide","alternateName":"Rucas - One-stop AIoT Distribution Worldwide","description":"One-stop AIoT Distribution Worldwide","inLanguage":"es-ES","publisher":{"@id":"https:\/\/www.rucashk.com\/es\/#organization"}}]}},"aioseo_meta_data":{"post_id":"21548","title":null,"description":null,"keywords":null,"keyphrases":null,"primary_term":null,"canonical_url":null,"og_title":null,"og_description":null,"og_object_type":"default","og_image_type":"default","og_image_url":null,"og_image_width":null,"og_image_height":null,"og_image_custom_url":null,"og_image_custom_fields":null,"og_video":null,"og_custom_url":null,"og_article_section":null,"og_article_tags":null,"twitter_use_og":false,"twitter_card":"default","twitter_image_type":"default","twitter_image_url":null,"twitter_image_custom_url":null,"twitter_image_custom_fields":null,"twitter_title":null,"twitter_description":null,"schema":{"blockGraphs":[],"customGraphs":[],"default":{"data":{"Article":[],"Course":[],"Dataset":[],"FAQPage":[],"Movie":[],"Person":[],"Product":[],"Recipe":[],"Service":[],"SoftwareApplication":[],"WebPage":[]},"graphName":"","isEnabled":true},"graphs":[]},"schema_type":"default","schema_type_options":null,"pillar_content":false,"robots_default":true,"robots_noindex":false,"robots_noarchive":false,"robots_nosnippet":false,"robots_nofollow":false,"robots_noimageindex":false,"robots_noodp":false,"robots_notranslate":false,"robots_max_snippet":null,"robots_max_videopreview":null,"robots_max_imagepreview":"large","priority":null,"frequency":null,"local_seo":null,"breadcrumb_settings":null,"limit_modified_date":false,"created":"2024-04-11 01:55:19","updated":"2025-06-22 16:24:59"},"aioseo_breadcrumb":"<div class=\"aioseo-breadcrumbs\"><span class=\"aioseo-breadcrumb\">\n\t<a href=\"https:\/\/www.rucashk.com\/es\" title=\"Home\">Home<\/a>\n<\/span><span class=\"aioseo-breadcrumb-separator\">&raquo;<\/span><span class=\"aioseo-breadcrumb\">\n\t<a href=\"https:\/\/www.rucashk.com\/es\/products\/\" title=\"Productos\">Productos<\/a>\n<\/span><span class=\"aioseo-breadcrumb-separator\">&raquo;<\/span><span class=\"aioseo-breadcrumb\">\n\t<a href=\"https:\/\/www.rucashk.com\/es\/categoria-producto\/mobile-phone\/\" title=\"Mobile Phone\">Mobile Phone<\/a>\n<\/span><span class=\"aioseo-breadcrumb-separator\">&raquo;<\/span><span class=\"aioseo-breadcrumb\">\n\tMEIZU M6T Smartphone\n<\/span><\/div>","aioseo_breadcrumb_json":[{"label":"Home","link":"https:\/\/www.rucashk.com\/es"},{"label":"Productos","link":"https:\/\/www.rucashk.com\/es\/products\/"},{"label":"Mobile Phone","link":"https:\/\/www.rucashk.com\/es\/categoria-producto\/mobile-phone\/"},{"label":"MEIZU M6T Smartphone","link":"https:\/\/www.rucashk.com\/es\/producto\/meizu-m6t-smartphone\/"}],"_links":{"self":[{"href":"https:\/\/www.rucashk.com\/es\/wp-json\/wp\/v2\/product\/21548","targetHints":{"allow":["GET"]}}],"collection":[{"href":"https:\/\/www.rucashk.com\/es\/wp-json\/wp\/v2\/product"}],"about":[{"href":"https:\/\/www.rucashk.com\/es\/wp-json\/wp\/v2\/types\/product"}],"wp:featuredmedia":[{"embeddable":true,"href":"https:\/\/www.rucashk.com\/es\/wp-json\/wp\/v2\/media\/21634"}],"wp:attachment":[{"href":"https:\/\/www.rucashk.com\/es\/wp-json\/wp\/v2\/media?parent=21548"}],"wp:term":[{"taxonomy":"product_brand","embeddable":true,"href":"https:\/\/www.rucashk.com\/es\/wp-json\/wp\/v2\/product_brand?post=21548"},{"taxonomy":"product_cat","embeddable":true,"href":"https:\/\/www.rucashk.com\/es\/wp-json\/wp\/v2\/product_cat?post=21548"},{"taxonomy":"product_tag","embeddable":true,"href":"https:\/\/www.rucashk.com\/es\/wp-json\/wp\/v2\/product_tag?post=21548"}],"curies":[{"name":"wp","href":"https:\/\/api.w.org\/{rel}","templated":true}]}}