{"id":21396,"date":"2024-01-09T15:32:05","date_gmt":"2024-01-09T15:32:05","guid":{"rendered":"http:\/\/rucashk.com\/?post_type=product&#038;p=21396"},"modified":"2024-03-11T08:47:04","modified_gmt":"2024-03-11T08:47:04","slug":"xiaomi-mi-note-10-108mp-penta-camera-wholesale","status":"publish","type":"product","link":"https:\/\/www.rucashk.com\/es\/producto\/xiaomi-mi-note-10-108mp-penta-camera-wholesale\/","title":{"rendered":"Xiaomi Mi Redmi Note 10 Penta C\u00e1mara 108MP Al Por Mayor"},"content":{"rendered":"<div>\n<div class=\"detailmodule_html\">\n<div class=\"detail-desc-decorate-richtext\">\n<div class=\"detailmodule_html\">\n<div>\n<div>\n<div>\n<div>\n<div style=\"text-align: center\">Mi nota 10<\/div>\n<div style=\"text-align: center\">Sue\u00f1a en grande, dispara \u00e9pico<\/div>\n<div style=\"text-align: center\">La primera c\u00e1mara penta de 108MP del mundo<\/div>\n<div style=\"text-align: center\"><img decoding=\"async\" src=\"\/wp-content\/uploads\/replace\/3ce2bd775e5f4a2eb2cddb541f105d24.jpeg\" alt=\"NOTE-10--\u8be6\u60c5_01\" \/><\/div>\n<div style=\"text-align: center\">Penta c\u00e1mara trasera con IA de 108MP | Pantalla AMOLED curvada 3D de 6,47 \u2033 | Procesador Snapdragon 730G<\/div>\n<div style=\"text-align: center\">\u200bMIUI 11 | 5260 mAh (t\u00edpico)\/ 5170 mAh (m\u00ednimo) | NFC multifuncional compatible con Google Pay<\/div>\n<div style=\"text-align: center\"><img decoding=\"async\" src=\"\/wp-content\/uploads\/replace\/9ed42834f8a526066a79b6c325a845ff.jpeg\" alt=\"NOTE-10--\u8be6\u60c5_02\" \/><\/div>\n<div style=\"text-align: center\"><strong>Sistema de im\u00e1genes para todos los escenarios Bienvenido a Penta Camera Era<\/strong><\/div>\n<div style=\"text-align: center\">\n<div>Teleobjetivo de 5MP <a class=\"\" style=\"width: auto !important\" href=\"https:\/\/www.rucashk.com\/es\/producto\/huawei-p40-pro\/\" data-wpil-post-to-id=\"5675\">c\u00e1mara | C\u00e1mara de retrato de 12MP | 108MP ultra<\/a> c\u00e1mara de alta resoluci\u00f3n<\/div>\n<div>C\u00e1mara ultra gran angular de 20MP | c\u00e1mara macro de 2MP<\/div>\n<div><img decoding=\"async\" src=\"\/wp-content\/uploads\/replace\/d3e0e7ea4f97c32d9e0ce131979037dd.jpeg\" alt=\"NOTE-10--\u8be6\u60c5_03\" \/><\/div>\n<div><strong>Primera c\u00e1mara de 108 MP producida en serie Lente de imagen clara y detallada<\/strong><\/div>\n<div>Sin presentar, <a class=\"\" style=\"width: auto !important\" href=\"https:\/\/www.rucashk.com\/es\/producto\/xiaomi-mi-drone-wifi-fpv-with-4k-30fps-camera-3-axis-gimbal-rc-quadcopter\/\" data-wpil-post-to-id=\"2783\">Mi Note 10 cuenta con una c\u00e1mara de 108MP, con una resoluci\u00f3n de una sola foto de hasta 12032 x 9024, 12 veces m\u00e1s que 4K<\/a> \u00a1resoluci\u00f3n! Con un sensor de imagen s\u00faper grande de un tama\u00f1o de 1\/1,33\u2033, el <a class=\"\" style=\"width: auto !important\" href=\"https:\/\/www.rucashk.com\/es\/producto\/xiaomi-redmi-note-8t-48mp-rear-camera-4000mah-smartphone\/\" data-wpil-post-to-id=\"2427\">c\u00e1mara en Mi Note<\/a> 10 supera a la mayor\u00eda de las c\u00e1maras digitales.<\/div>\n<div><img decoding=\"async\" src=\"\/wp-content\/uploads\/replace\/6bf4eae85749d53369505098a314311b.jpeg\" alt=\"NOTE-10--\u8be6\u60c5_04\" \/><\/div>\n<div>C\u00e1mara telefoto de 5MP | C\u00e1mara de retrato de 12MP | C\u00e1mara ultra gran angular de 20 MP<\/div>\n<div>C\u00e1mara para selfies de 32MP | Tomas macro \u00e9picas | Modo Vlog y modo nocturno 2.0<\/div>\n<div><img decoding=\"async\" src=\"\/wp-content\/uploads\/replace\/79a87007bbf168a69e88422dfb3d7882.jpeg\" alt=\"NOTE-10--\u8be6\u60c5_05\" \/><\/div>\n<div><strong>Pantalla AMOLED curvada 3D de 6,47\u2033 con cristal Corning Gorilla delante y detr\u00e1s<\/strong><\/div>\n<div>\n<div>HDR 10 Excelente contraste de v\u00eddeo<\/div>\n<div>Pantalla FHD+ m\u00e1s clara<\/div>\n<div>Modo de lectura 2.0 Certificaci\u00f3n T\u00dcV Rheinland de baja luz azul<\/div>\n<div><img decoding=\"async\" src=\"\/wp-content\/uploads\/replace\/ae5597552df24aa3612ca3744f926148.jpeg\" alt=\"NOTE-10--\u8be6\u60c5_06\" \/><\/div>\n<div><strong>Nuevo sensor de huellas dactilares en pantalla sensible<\/strong><\/div>\n<div><a class=\"\" style=\"width: auto !important\" href=\"https:\/\/www.rucashk.com\/es\/producto\/soocas-electric-hair-dryer-h3s\/\" data-wpil-post-to-id=\"5046\">Mi Note 10 emplea una tecnolog\u00eda de desbloqueo de pantalla ultraplana completamente nueva y optimiza a\u00fan m\u00e1s la experiencia de desbloqueo con luz brillante y con luz seca.<\/a> dedos y a bajas temperaturas. No s\u00f3lo se ha aumentado la sensibilidad del bot\u00f3n de desbloqueo, sino que tambi\u00e9n ha aumentado la tasa de \u00e9xito.<\/div>\n<div><img decoding=\"async\" src=\"\/wp-content\/uploads\/replace\/0b1e9ca336ea7d2d622ebf6d2208f5ee.jpeg\" alt=\"NOTE-10--\u8be6\u60c5_07\" \/><\/div>\n<div><strong>Bater\u00eda grande y carga r\u00e1pida<\/strong><\/div>\n<div>\n<div>Bater\u00eda de capacidad ultra alta de 5260 mAh para m\u00e1s de dos d\u00edas de uso, carga flash de 30 W incluida,<\/div>\n<div>r\u00e1pido <a class=\"\" style=\"width: auto !important\" href=\"https:\/\/www.rucashk.com\/es\/producto\/xiaomi-mi-usb-c-charger-65w-output-rate-socket-power-adapter\/\" data-wpil-post-to-id=\"2611\">recarga de energ\u00eda, 100% cargado<\/a> en el menor tiempo de 65 minutos<\/div>\n<div><img decoding=\"async\" src=\"\/wp-content\/uploads\/replace\/8aaa693913e1ce810c93b253204e2798.jpeg\" alt=\"NOTE-10--\u8be6\u60c5_08\" \/><\/div>\n<div><strong>Qualcomm Snapdragon 730G\u00a0<\/strong><\/div>\n<div>Como el chip m\u00e1s potente de la serie Qualcomm 7, el Snapdragon 730G ofrece una frecuencia principal m\u00e1xima de hasta 2,2 GHz. <a class=\"\" style=\"width: auto !important\" href=\"https:\/\/www.rucashk.com\/es\/microsoft-releases-10-new-products285000-core-ai-supercomputers-maximum-language-model\/\" data-wpil-post-to-id=\"8630\">frecuencia m\u00e1xima de renderizado de 700 MHz y mayor velocidad en operaciones, juegos e inteligencia artificial<\/a> etc.<\/div>\n<div><img decoding=\"async\" src=\"\/wp-content\/uploads\/replace\/55387663c4f87490db4888c30edc252a.jpeg\" alt=\"NOTE-10--\u8be6\u60c5_09\" \/><\/div>\n<div><strong>NFC multifuncional compatible con Google Pay<\/strong><\/div>\n<div><strong><img decoding=\"async\" src=\"\/wp-content\/uploads\/replace\/d3db0c46e362b3c97f5f210742df88c1.jpeg\" alt=\"NOTE-10--\u8be6\u60c5_10\" \/><\/strong><\/div>\n<\/div>\n<\/div>\n<\/div>\n<\/div>\n<\/div>\n<\/div>\n<\/div>\n<\/div>\n<\/div>\n<\/div>\n<\/div>\n<p><img decoding=\"async\" class=\"aligncenter\" src=\"\/wp-content\/uploads\/replace\/1bf05207bf7948a8eb8b2076db49b01e.jpeg\" alt=\"1-4\" \/><img decoding=\"async\" class=\"aligncenter\" src=\"\/wp-content\/uploads\/replace\/21dc91a4acb6a00f45c56f13b735cd15.jpeg\" alt=\"1-6\" \/><img decoding=\"async\" class=\"aligncenter\" src=\"\/wp-content\/uploads\/replace\/e03633f11a79cdbb4220911521719fb2.jpeg\" alt=\"1-7\" \/><img decoding=\"async\" class=\"aligncenter\" src=\"\/wp-content\/uploads\/replace\/34de3e5c080f1d1f49ba61223c9a8746.jpeg\" alt=\"1-8\" \/><img decoding=\"async\" class=\"aligncenter\" src=\"\/wp-content\/uploads\/replace\/838859b8e8c8c2684ac0b6b7db89c107.jpeg\" alt=\"1-9\" \/><\/p>\n<table border=\"1\" cellspacing=\"0\">\n<tbody>\n<tr>\n<td colspan=\"3\">\n<p align=\"center\"><strong>Mi nota 10\u00a0<\/strong><\/p>\n<\/td>\n<\/tr>\n<tr>\n<td>\n<p align=\"center\"><strong>Versi\u00f3n<\/strong><\/p>\n<\/td>\n<td colspan=\"2\">\n<p align=\"center\"><a class=\"\" style=\"width: auto !important\" href=\"https:\/\/www.rucashk.com\/es\/xiaomi-will-launch-miui-9-global-stability-update-from-november-3\/\" data-wpil-post-to-id=\"7691\">Versi\u00f3n global: compatible con varios idiomas, Google Play, actualizaci\u00f3n OTA<\/a><\/p>\n<\/td>\n<\/tr>\n<tr>\n<td>\n<p align=\"center\"><strong>Procesador<\/strong><\/p>\n<\/td>\n<td colspan=\"2\">\n<p align=\"center\">Procesador Qualcomm\u00aeSnapdragon\u2122730G<\/p>\n<\/td>\n<\/tr>\n<tr>\n<td>\n<p align=\"center\"><strong>C\u00e1mara<\/strong><\/p>\n<\/td>\n<td colspan=\"2\">\n<p align=\"center\">Pentac\u00e1mara trasera con IA de 108MP; C\u00e1mara frontal de 32MP<\/p>\n<\/td>\n<\/tr>\n<tr>\n<td rowspan=\"4\">\n<p align=\"center\"><strong>Pantalla<\/strong><\/p>\n<\/td>\n<td colspan=\"2\">\n<p align=\"center\">Pantalla AMOLED curvada 3D de 6,47\u2033<\/p>\n<\/td>\n<\/tr>\n<tr>\n<td>\n<p align=\"center\">Resoluci\u00f3n<\/p>\n<\/td>\n<td>\n<p align=\"center\">2340\u00d71080 FHD+, 398PPI<\/p>\n<\/td>\n<\/tr>\n<tr>\n<td>\n<p align=\"center\">Brillo<\/p>\n<\/td>\n<td>\n<p align=\"center\">600 nits (HBM) \/ 430 nits (t\u00edpico)<\/p>\n<\/td>\n<\/tr>\n<tr>\n<td>\n<p align=\"center\">Contraste<\/p>\n<\/td>\n<td>\n<p align=\"center\">400000:1 (m\u00edn.) | Gama de colores: DCI-P3<\/p>\n<\/td>\n<\/tr>\n<tr>\n<td>\n<p align=\"center\"><strong><a class=\"\" style=\"width: auto !important\" href=\"https:\/\/www.rucashk.com\/es\/producto\/xiaomi-mi-a3-4g-smartphone-4gb-ram-128gb-rom\/\" data-wpil-post-to-id=\"2352\">RAM+ROM<\/a><\/strong><\/p>\n<\/td>\n<td colspan=\"2\">\n<p align=\"center\">6 GB + 128 GB<\/p>\n<\/td>\n<\/tr>\n<tr>\n<td>\n<p align=\"center\"><strong>Bater\u00eda<\/strong><\/p>\n<\/td>\n<td colspan=\"2\">\n<p align=\"center\">5260 mAh (t\u00edpico), admite carga r\u00e1pida de 30 W<\/p>\n<\/td>\n<\/tr>\n<tr>\n<td>\n<p align=\"center\"><strong>SO<\/strong><\/p>\n<\/td>\n<td colspan=\"2\">\n<p align=\"center\">MIUI 11<\/p>\n<\/td>\n<\/tr>\n<tr>\n<td>\n<p align=\"center\"><strong>Otros<\/strong><\/p>\n<\/td>\n<td colspan=\"2\">\n<p align=\"center\">WIFI, Bluetooth 5.0, desbloqueo de huellas dactilares en pantalla, GPS, OTG, NFC<\/p>\n<\/td>\n<\/tr>\n<tr>\n<td rowspan=\"5\">\n<p align=\"center\"><strong>Red<\/strong><\/p>\n<\/td>\n<td colspan=\"2\">\n<p align=\"center\">\u00a0Doble <a class=\"\" style=\"width: auto !important\" href=\"https:\/\/www.rucashk.com\/es\/producto\/wiko-view4-lite\/\" data-wpil-post-to-id=\"5614\">Doble SIM<\/a> En espera (ranuras duales Nano-SIM)<\/p>\n<\/td>\n<\/tr>\n<tr>\n<td>\n<p align=\"center\">2G<\/p>\n<\/td>\n<td>\n<p align=\"center\">GSM: B2\/B3\/B5\/B8<\/p>\n<\/td>\n<\/tr>\n<tr>\n<td>\n<p align=\"center\">3G<\/p>\n<\/td>\n<td>\n<p align=\"center\">WCDMA: B1\/B2\/B4\/B5\/B6\/B8\/B19<\/p>\n<\/td>\n<\/tr>\n<tr>\n<td rowspan=\"2\">\n<p align=\"center\">4G<\/p>\n<\/td>\n<td>\n<p align=\"center\">LTE FDD: B1\/B2\/B3\/B4\/B5\/B7\/B8\/B18\/B19\/B20\/B26\/B28<\/p>\n<\/td>\n<\/tr>\n<tr>\n<td>\n<p align=\"center\">LTE TDD: B38\/40<\/p>\n<\/td>\n<\/tr>\n<tr>\n<td colspan=\"3\">\n<p align=\"center\"><strong>Nuestros productos son todas versiones globales,<\/strong><\/p>\n<p align=\"center\"><strong>Le enviaremos el enchufe adecuado seg\u00fan su pa\u00eds.<\/strong><\/p>\n<div><\/div>\n<\/td>\n<\/tr>\n<\/tbody>\n<\/table>","protected":false},"excerpt":{"rendered":"<p>Mi nota 10<br \/>\n1. 108MP+5MP+12MP+20MP+2MP Rear Camera.<br \/>\n2. Snapdragon 730G Octa Core.<br \/>\n3. 6.47&#8243; 3D Curved AMOLED 19.5:9 Full Screen.<br \/>\n4. 5260mAh Big Battery.<br \/>\n5. World&#8217;s first 108MP penta camera.<\/p>","protected":false},"featured_media":21523,"template":"","meta":[],"product_brand":[],"product_cat":[1295,1297],"product_tag":[421,418,420],"class_list":{"0":"post-21396","1":"product","2":"type-product","3":"status-publish","4":"has-post-thumbnail","6":"product_cat-mobile-phone","7":"product_cat-redmi-mobile-phone","8":"product_tag-mi-note10","9":"product_tag-mi-phones","10":"product_tag-xiaomi","12":"first","13":"instock","14":"shipping-taxable","15":"product-type-external"},"aioseo_notices":[],"aioseo_head":"\n\t\t<!-- All in One SEO Pro 4.5.9.2 - aioseo.com -->\n\t\t<meta name=\"description\" content=\"Mi Note 10 1. 108MP+5MP+12MP+20MP+2MP Rear Camera. 2. Snapdragon 730G Octa Core. 3. 6.47&quot; 3D Curved AMOLED 19.5:9 Full Screen. 4. 5260mAh Big Battery. 5. World&#039;s first 108MP penta camera.\" \/>\n\t\t<meta name=\"robots\" content=\"max-image-preview:large\" \/>\n\t\t<link rel=\"canonical\" href=\"https:\/\/www.rucashk.com\/es\/producto\/xiaomi-mi-note-10-108mp-penta-camera-wholesale\/\" \/>\n\t\t<meta name=\"generator\" content=\"All in One SEO Pro (AIOSEO) 4.5.9.2\" \/>\n\t\t<meta property=\"og:locale\" content=\"es_ES\" \/>\n\t\t<meta property=\"og:site_name\" content=\"Rucas - One-stop AIoT Distribution Worldwide\" \/>\n\t\t<meta property=\"og:type\" content=\"article\" \/>\n\t\t<meta property=\"og:title\" content=\"Xiaomi Mi Redmi Note 10 108MP Penta Camera Wholesale - Rucas - Wholesale and Distribution\" \/>\n\t\t<meta property=\"og:description\" content=\"Mi Note 10 1. 108MP+5MP+12MP+20MP+2MP Rear Camera. 2. Snapdragon 730G Octa Core. 3. 6.47&quot; 3D Curved AMOLED 19.5:9 Full Screen. 4. 5260mAh Big Battery. 5. World&#039;s first 108MP penta camera.\" \/>\n\t\t<meta property=\"og:url\" content=\"https:\/\/www.rucashk.com\/es\/producto\/xiaomi-mi-note-10-108mp-penta-camera-wholesale\/\" \/>\n\t\t<meta property=\"og:image\" content=\"https:\/\/www.rucashk.com\/wp-content\/uploads\/replace\/503b8e645f128a97ccde2b6290747646.jpeg\" \/>\n\t\t<meta property=\"og:image:secure_url\" content=\"https:\/\/www.rucashk.com\/wp-content\/uploads\/replace\/503b8e645f128a97ccde2b6290747646.jpeg\" \/>\n\t\t<meta property=\"og:image:width\" content=\"1456\" \/>\n\t\t<meta property=\"og:image:height\" content=\"816\" \/>\n\t\t<meta property=\"article:published_time\" content=\"2024-01-09T15:32:05+00:00\" \/>\n\t\t<meta property=\"article:modified_time\" content=\"2024-03-11T08:47:04+00:00\" \/>\n\t\t<meta name=\"twitter:card\" content=\"summary_large_image\" \/>\n\t\t<meta name=\"twitter:title\" content=\"Xiaomi Mi Redmi Note 10 108MP Penta Camera Wholesale - Rucas - Wholesale and Distribution\" \/>\n\t\t<meta name=\"twitter:description\" content=\"Mi Note 10 1. 108MP+5MP+12MP+20MP+2MP Rear Camera. 2. Snapdragon 730G Octa Core. 3. 6.47&quot; 3D Curved AMOLED 19.5:9 Full Screen. 4. 5260mAh Big Battery. 5. World&#039;s first 108MP penta camera.\" \/>\n\t\t<meta name=\"twitter:image\" content=\"https:\/\/www.rucashk.com\/wp-content\/uploads\/replace\/503b8e645f128a97ccde2b6290747646.jpeg\" \/>\n\t\t<script type=\"application\/ld+json\" class=\"aioseo-schema\">\n\t\t\t{\"@context\":\"https:\\\/\\\/schema.org\",\"@graph\":[{\"@type\":\"BreadcrumbList\",\"@id\":\"https:\\\/\\\/www.rucashk.com\\\/es\\\/producto\\\/xiaomi-mi-note-10-108mp-penta-camera-wholesale\\\/#breadcrumblist\",\"itemListElement\":[{\"@type\":\"ListItem\",\"@id\":\"https:\\\/\\\/www.rucashk.com\\\/es\\\/#listItem\",\"position\":1,\"name\":\"Home\",\"item\":\"https:\\\/\\\/www.rucashk.com\\\/es\\\/\",\"nextItem\":\"https:\\\/\\\/www.rucashk.com\\\/es\\\/producto\\\/xiaomi-mi-note-10-108mp-penta-camera-wholesale\\\/#listItem\"},{\"@type\":\"ListItem\",\"@id\":\"https:\\\/\\\/www.rucashk.com\\\/es\\\/producto\\\/xiaomi-mi-note-10-108mp-penta-camera-wholesale\\\/#listItem\",\"position\":2,\"name\":\"Xiaomi Mi Redmi Note 10 108MP Penta Camera Wholesale\",\"previousItem\":\"https:\\\/\\\/www.rucashk.com\\\/es\\\/#listItem\"}]},{\"@type\":\"Organization\",\"@id\":\"https:\\\/\\\/www.rucashk.com\\\/es\\\/#organization\",\"name\":\"Rucas\",\"url\":\"https:\\\/\\\/www.rucashk.com\\\/es\\\/\",\"logo\":{\"@type\":\"ImageObject\",\"url\":\"https:\\\/\\\/www.rucashk.com\\\/wp-content\\\/uploads\\\/2023\\\/12\\\/Rucas_campany_logo.png\",\"@id\":\"https:\\\/\\\/www.rucashk.com\\\/es\\\/producto\\\/xiaomi-mi-note-10-108mp-penta-camera-wholesale\\\/#organizationLogo\",\"width\":221,\"height\":65},\"image\":{\"@id\":\"https:\\\/\\\/www.rucashk.com\\\/es\\\/#organizationLogo\"}},{\"@type\":\"Person\",\"@id\":\"https:\\\/\\\/www.rucashk.com\\\/es\\\/author\\\/admin\\\/#author\",\"url\":\"https:\\\/\\\/www.rucashk.com\\\/es\\\/author\\\/admin\\\/\",\"name\":\"admin\",\"image\":{\"@type\":\"ImageObject\",\"@id\":\"https:\\\/\\\/www.rucashk.com\\\/es\\\/producto\\\/xiaomi-mi-note-10-108mp-penta-camera-wholesale\\\/#authorImage\",\"url\":\"https:\\\/\\\/secure.gravatar.com\\\/avatar\\\/b7c8925b09a27e72b30232f8ecaadbd5af0f70a38c78096863fe51b64f031c24?s=96&d=mm&r=g\",\"width\":96,\"height\":96,\"caption\":\"admin\"}},{\"@type\":\"WebPage\",\"@id\":\"https:\\\/\\\/www.rucashk.com\\\/es\\\/producto\\\/xiaomi-mi-note-10-108mp-penta-camera-wholesale\\\/#webpage\",\"url\":\"https:\\\/\\\/www.rucashk.com\\\/es\\\/producto\\\/xiaomi-mi-note-10-108mp-penta-camera-wholesale\\\/\",\"name\":\"Xiaomi Mi Redmi Note 10 108MP Penta Camera Wholesale - Rucas - Wholesale and Distribution\",\"description\":\"Mi Note 10 1. 108MP+5MP+12MP+20MP+2MP Rear Camera. 2. Snapdragon 730G Octa Core. 3. 6.47\\\" 3D Curved AMOLED 19.5:9 Full Screen. 4. 5260mAh Big Battery. 5. World's first 108MP penta camera.\",\"inLanguage\":\"es-ES\",\"isPartOf\":{\"@id\":\"https:\\\/\\\/www.rucashk.com\\\/es\\\/#website\"},\"breadcrumb\":{\"@id\":\"https:\\\/\\\/www.rucashk.com\\\/es\\\/producto\\\/xiaomi-mi-note-10-108mp-penta-camera-wholesale\\\/#breadcrumblist\"},\"author\":{\"@id\":\"https:\\\/\\\/www.rucashk.com\\\/es\\\/author\\\/admin\\\/#author\"},\"creator\":{\"@id\":\"https:\\\/\\\/www.rucashk.com\\\/es\\\/author\\\/admin\\\/#author\"},\"image\":{\"@type\":\"ImageObject\",\"url\":\"https:\\\/\\\/www.rucashk.com\\\/wp-content\\\/uploads\\\/2024\\\/01\\\/Global-Version-Xiaomi-Mi-Note-10-Pro-256GB-8GB-Cellphone-Snapdragon-730G-5260mAh-NFC-108MP-Penta-1.jpg_640x640-1-1.jpg\",\"@id\":\"https:\\\/\\\/www.rucashk.com\\\/es\\\/producto\\\/xiaomi-mi-note-10-108mp-penta-camera-wholesale\\\/#mainImage\",\"width\":800,\"height\":800},\"primaryImageOfPage\":{\"@id\":\"https:\\\/\\\/www.rucashk.com\\\/es\\\/producto\\\/xiaomi-mi-note-10-108mp-penta-camera-wholesale\\\/#mainImage\"},\"datePublished\":\"2024-01-09T15:32:05+00:00\",\"dateModified\":\"2024-03-11T08:47:04+00:00\"},{\"@type\":\"WebSite\",\"@id\":\"https:\\\/\\\/www.rucashk.com\\\/es\\\/#website\",\"url\":\"https:\\\/\\\/www.rucashk.com\\\/es\\\/\",\"name\":\"Rucas - Wholesale and distribution worldwide\",\"alternateName\":\"Rucas - One-stop AIoT Distribution Worldwide\",\"description\":\"One-stop AIoT Distribution Worldwide\",\"inLanguage\":\"es-ES\",\"publisher\":{\"@id\":\"https:\\\/\\\/www.rucashk.com\\\/es\\\/#organization\"}}]}\n\t\t<\/script>\n\t\t<!-- All in One SEO Pro -->\r\n\t\t<title>Xiaomi Mi Redmi Note 10 108MP Penta Camera Wholesale - Rucas - Wholesale and Distribution<\/title>\n\n","aioseo_head_json":{"title":"Xiaomi Mi Redmi Note 10 108MP Penta Camera Wholesale - Rucas - Wholesale and Distribution","description":"Mi Note 10 1. 108MP+5MP+12MP+20MP+2MP Rear Camera. 2. Snapdragon 730G Octa Core. 3. 6.47\" 3D Curved AMOLED 19.5:9 Full Screen. 4. 5260mAh Big Battery. 5. World's first 108MP penta camera.","canonical_url":"https:\/\/www.rucashk.com\/es\/producto\/xiaomi-mi-note-10-108mp-penta-camera-wholesale\/","robots":"max-image-preview:large","keywords":"","webmasterTools":{"miscellaneous":""},"og:locale":"es_ES","og:site_name":"Rucas - One-stop AIoT Distribution Worldwide","og:type":"article","og:title":"Xiaomi Mi Redmi Note 10 108MP Penta Camera Wholesale - Rucas - Wholesale and Distribution","og:description":"Mi Note 10 1. 108MP+5MP+12MP+20MP+2MP Rear Camera. 2. Snapdragon 730G Octa Core. 3. 6.47&quot; 3D Curved AMOLED 19.5:9 Full Screen. 4. 5260mAh Big Battery. 5. World's first 108MP penta camera.","og:url":"https:\/\/www.rucashk.com\/es\/producto\/xiaomi-mi-note-10-108mp-penta-camera-wholesale\/","og:image":"https:\/\/www.rucashk.com\/wp-content\/uploads\/replace\/503b8e645f128a97ccde2b6290747646.jpeg","og:image:secure_url":"https:\/\/www.rucashk.com\/wp-content\/uploads\/replace\/503b8e645f128a97ccde2b6290747646.jpeg","og:image:width":1456,"og:image:height":816,"article:published_time":"2024-01-09T15:32:05+00:00","article:modified_time":"2024-03-11T08:47:04+00:00","twitter:card":"summary_large_image","twitter:title":"Xiaomi Mi Redmi Note 10 108MP Penta Camera Wholesale - Rucas - Wholesale and Distribution","twitter:description":"Mi Note 10 1. 108MP+5MP+12MP+20MP+2MP Rear Camera. 2. Snapdragon 730G Octa Core. 3. 6.47&quot; 3D Curved AMOLED 19.5:9 Full Screen. 4. 5260mAh Big Battery. 5. World's first 108MP penta camera.","twitter:image":"https:\/\/www.rucashk.com\/wp-content\/uploads\/replace\/503b8e645f128a97ccde2b6290747646.jpeg","schema":{"@context":"https:\/\/schema.org","@graph":[{"@type":"BreadcrumbList","@id":"https:\/\/www.rucashk.com\/es\/producto\/xiaomi-mi-note-10-108mp-penta-camera-wholesale\/#breadcrumblist","itemListElement":[{"@type":"ListItem","@id":"https:\/\/www.rucashk.com\/es\/#listItem","position":1,"name":"Home","item":"https:\/\/www.rucashk.com\/es\/","nextItem":"https:\/\/www.rucashk.com\/es\/producto\/xiaomi-mi-note-10-108mp-penta-camera-wholesale\/#listItem"},{"@type":"ListItem","@id":"https:\/\/www.rucashk.com\/es\/producto\/xiaomi-mi-note-10-108mp-penta-camera-wholesale\/#listItem","position":2,"name":"Xiaomi Mi Redmi Note 10 108MP Penta Camera Wholesale","previousItem":"https:\/\/www.rucashk.com\/es\/#listItem"}]},{"@type":"Organization","@id":"https:\/\/www.rucashk.com\/es\/#organization","name":"Rucas","url":"https:\/\/www.rucashk.com\/es\/","logo":{"@type":"ImageObject","url":"https:\/\/www.rucashk.com\/wp-content\/uploads\/2023\/12\/Rucas_campany_logo.png","@id":"https:\/\/www.rucashk.com\/es\/producto\/xiaomi-mi-note-10-108mp-penta-camera-wholesale\/#organizationLogo","width":221,"height":65},"image":{"@id":"https:\/\/www.rucashk.com\/es\/#organizationLogo"}},{"@type":"Person","@id":"https:\/\/www.rucashk.com\/es\/author\/admin\/#author","url":"https:\/\/www.rucashk.com\/es\/author\/admin\/","name":"admin","image":{"@type":"ImageObject","@id":"https:\/\/www.rucashk.com\/es\/producto\/xiaomi-mi-note-10-108mp-penta-camera-wholesale\/#authorImage","url":"https:\/\/secure.gravatar.com\/avatar\/b7c8925b09a27e72b30232f8ecaadbd5af0f70a38c78096863fe51b64f031c24?s=96&d=mm&r=g","width":96,"height":96,"caption":"admin"}},{"@type":"WebPage","@id":"https:\/\/www.rucashk.com\/es\/producto\/xiaomi-mi-note-10-108mp-penta-camera-wholesale\/#webpage","url":"https:\/\/www.rucashk.com\/es\/producto\/xiaomi-mi-note-10-108mp-penta-camera-wholesale\/","name":"Xiaomi Mi Redmi Note 10 108MP Penta Camera Wholesale - Rucas - Wholesale and Distribution","description":"Mi Note 10 1. 108MP+5MP+12MP+20MP+2MP Rear Camera. 2. Snapdragon 730G Octa Core. 3. 6.47\" 3D Curved AMOLED 19.5:9 Full Screen. 4. 5260mAh Big Battery. 5. World's first 108MP penta camera.","inLanguage":"es-ES","isPartOf":{"@id":"https:\/\/www.rucashk.com\/es\/#website"},"breadcrumb":{"@id":"https:\/\/www.rucashk.com\/es\/producto\/xiaomi-mi-note-10-108mp-penta-camera-wholesale\/#breadcrumblist"},"author":{"@id":"https:\/\/www.rucashk.com\/es\/author\/admin\/#author"},"creator":{"@id":"https:\/\/www.rucashk.com\/es\/author\/admin\/#author"},"image":{"@type":"ImageObject","url":"https:\/\/www.rucashk.com\/wp-content\/uploads\/2024\/01\/Global-Version-Xiaomi-Mi-Note-10-Pro-256GB-8GB-Cellphone-Snapdragon-730G-5260mAh-NFC-108MP-Penta-1.jpg_640x640-1-1.jpg","@id":"https:\/\/www.rucashk.com\/es\/producto\/xiaomi-mi-note-10-108mp-penta-camera-wholesale\/#mainImage","width":800,"height":800},"primaryImageOfPage":{"@id":"https:\/\/www.rucashk.com\/es\/producto\/xiaomi-mi-note-10-108mp-penta-camera-wholesale\/#mainImage"},"datePublished":"2024-01-09T15:32:05+00:00","dateModified":"2024-03-11T08:47:04+00:00"},{"@type":"WebSite","@id":"https:\/\/www.rucashk.com\/es\/#website","url":"https:\/\/www.rucashk.com\/es\/","name":"Rucas - Wholesale and distribution worldwide","alternateName":"Rucas - One-stop AIoT Distribution Worldwide","description":"One-stop AIoT Distribution Worldwide","inLanguage":"es-ES","publisher":{"@id":"https:\/\/www.rucashk.com\/es\/#organization"}}]}},"aioseo_meta_data":{"post_id":"21396","title":null,"description":null,"keywords":null,"keyphrases":null,"primary_term":null,"canonical_url":null,"og_title":null,"og_description":null,"og_object_type":"default","og_image_type":"default","og_image_url":null,"og_image_width":null,"og_image_height":null,"og_image_custom_url":null,"og_image_custom_fields":null,"og_video":null,"og_custom_url":null,"og_article_section":null,"og_article_tags":null,"twitter_use_og":false,"twitter_card":"default","twitter_image_type":"default","twitter_image_url":null,"twitter_image_custom_url":null,"twitter_image_custom_fields":null,"twitter_title":null,"twitter_description":null,"schema":{"blockGraphs":[],"customGraphs":[],"default":{"data":{"Article":[],"Course":[],"Dataset":[],"FAQPage":[],"Movie":[],"Person":[],"Product":[],"Recipe":[],"Service":[],"SoftwareApplication":[],"WebPage":[]},"graphName":"","isEnabled":true},"graphs":[]},"schema_type":"default","schema_type_options":null,"pillar_content":false,"robots_default":true,"robots_noindex":false,"robots_noarchive":false,"robots_nosnippet":false,"robots_nofollow":false,"robots_noimageindex":false,"robots_noodp":false,"robots_notranslate":false,"robots_max_snippet":null,"robots_max_videopreview":null,"robots_max_imagepreview":"large","priority":null,"frequency":null,"local_seo":null,"breadcrumb_settings":null,"limit_modified_date":false,"created":"2024-04-11 01:55:17","updated":"2025-06-22 16:22:54"},"aioseo_breadcrumb":"<div class=\"aioseo-breadcrumbs\"><span class=\"aioseo-breadcrumb\">\n\t<a href=\"https:\/\/www.rucashk.com\/es\" title=\"Home\">Home<\/a>\n<\/span><span class=\"aioseo-breadcrumb-separator\">&raquo;<\/span><span class=\"aioseo-breadcrumb\">\n\t<a href=\"https:\/\/www.rucashk.com\/es\/products\/\" title=\"Productos\">Productos<\/a>\n<\/span><span class=\"aioseo-breadcrumb-separator\">&raquo;<\/span><span class=\"aioseo-breadcrumb\">\n\t<a href=\"https:\/\/www.rucashk.com\/es\/categoria-producto\/mobile-phone\/\" title=\"Mobile Phone\">Mobile Phone<\/a>\n<\/span><span class=\"aioseo-breadcrumb-separator\">&raquo;<\/span><span class=\"aioseo-breadcrumb\">\n\t<a href=\"https:\/\/www.rucashk.com\/es\/categoria-producto\/mobile-phone\/redmi-mobile-phone\/\" title=\"Redmi\">Redmi<\/a>\n<\/span><span class=\"aioseo-breadcrumb-separator\">&raquo;<\/span><span class=\"aioseo-breadcrumb\">\n\tXiaomi Mi Redmi Note 10 108MP Penta Camera Wholesale\n<\/span><\/div>","aioseo_breadcrumb_json":[{"label":"Home","link":"https:\/\/www.rucashk.com\/es"},{"label":"Productos","link":"https:\/\/www.rucashk.com\/es\/products\/"},{"label":"Mobile Phone","link":"https:\/\/www.rucashk.com\/es\/categoria-producto\/mobile-phone\/"},{"label":"Redmi","link":"https:\/\/www.rucashk.com\/es\/categoria-producto\/mobile-phone\/redmi-mobile-phone\/"},{"label":"Xiaomi Mi Redmi Note 10 108MP Penta Camera Wholesale","link":"https:\/\/www.rucashk.com\/es\/producto\/xiaomi-mi-note-10-108mp-penta-camera-wholesale\/"}],"_links":{"self":[{"href":"https:\/\/www.rucashk.com\/es\/wp-json\/wp\/v2\/product\/21396","targetHints":{"allow":["GET"]}}],"collection":[{"href":"https:\/\/www.rucashk.com\/es\/wp-json\/wp\/v2\/product"}],"about":[{"href":"https:\/\/www.rucashk.com\/es\/wp-json\/wp\/v2\/types\/product"}],"wp:featuredmedia":[{"embeddable":true,"href":"https:\/\/www.rucashk.com\/es\/wp-json\/wp\/v2\/media\/21523"}],"wp:attachment":[{"href":"https:\/\/www.rucashk.com\/es\/wp-json\/wp\/v2\/media?parent=21396"}],"wp:term":[{"taxonomy":"product_brand","embeddable":true,"href":"https:\/\/www.rucashk.com\/es\/wp-json\/wp\/v2\/product_brand?post=21396"},{"taxonomy":"product_cat","embeddable":true,"href":"https:\/\/www.rucashk.com\/es\/wp-json\/wp\/v2\/product_cat?post=21396"},{"taxonomy":"product_tag","embeddable":true,"href":"https:\/\/www.rucashk.com\/es\/wp-json\/wp\/v2\/product_tag?post=21396"}],"curies":[{"name":"wp","href":"https:\/\/api.w.org\/{rel}","templated":true}]}}