{"id":21394,"date":"2024-01-09T15:32:04","date_gmt":"2024-01-09T15:32:04","guid":{"rendered":"http:\/\/rucashk.com\/?post_type=product&#038;p=21394"},"modified":"2025-06-22T06:36:09","modified_gmt":"2025-06-22T06:36:09","slug":"qcy-t6-tws-sport-bluetooth-earbuds-wholesale","status":"publish","type":"product","link":"https:\/\/www.rucashk.com\/es\/producto\/qcy-t6-tws-sport-bluetooth-earbuds-wholesale\/","title":{"rendered":"Auriculares Bluetooth deportivos QCY T6 TWS al por mayor"},"content":{"rendered":"<p><img fetchpriority=\"high\" decoding=\"async\" class=\"alignnone size-full wp-image-3120\" src=\"https:\/\/www.rucashk.com\/wp-content\/uploads\/2020\/06\/QCY-T6.jpg\" alt=\"\" width=\"1920\" height=\"842\" \/><img decoding=\"async\" class=\"alignnone size-full wp-image-3111\" src=\"https:\/\/www.rucashk.com\/wp-content\/uploads\/2020\/06\/QCY-T6-TWS-Sport-Bluetooth-Earbuds-Wholesale.jpg\" alt=\"\" width=\"1920\" height=\"1441\" \/><img decoding=\"async\" class=\"alignnone size-full wp-image-3112\" src=\"https:\/\/www.rucashk.com\/wp-content\/uploads\/2020\/06\/QCY_T6_TWS_Sport_Bluetooth_Earbuds_Wholesale_1.jpg\" alt=\"\" width=\"1920\" height=\"927\" \/><img loading=\"lazy\" decoding=\"async\" class=\"alignnone size-full wp-image-3113\" src=\"https:\/\/www.rucashk.com\/wp-content\/uploads\/2020\/06\/QCY_T6_TWS_Sport_Bluetooth_Earbuds_Wholesale_2.jpg\" alt=\"\" width=\"1920\" height=\"840\" \/> <img loading=\"lazy\" decoding=\"async\" class=\"alignnone size-full wp-image-3114\" src=\"https:\/\/www.rucashk.com\/wp-content\/uploads\/2020\/06\/QCY_T6_TWS_Sport_Bluetooth_Earbuds_Wholesale_3.jpg\" alt=\"\" width=\"1920\" height=\"814\" \/><img loading=\"lazy\" decoding=\"async\" class=\"alignnone size-full wp-image-3116\" src=\"https:\/\/www.rucashk.com\/wp-content\/uploads\/2020\/06\/QCY_T6_TWS_Sport_Bluetooth_Earbuds_Wholesale_5.jpg\" alt=\"\" width=\"1920\" height=\"795\" \/> <img loading=\"lazy\" decoding=\"async\" class=\"alignnone size-full wp-image-3117\" src=\"https:\/\/www.rucashk.com\/wp-content\/uploads\/2020\/06\/QCY_T6_TWS_Sport_Bluetooth_Earbuds_Wholesale_6.jpg\" alt=\"\" width=\"1920\" height=\"816\" \/> <img loading=\"lazy\" decoding=\"async\" class=\"alignnone size-full wp-image-3115\" src=\"https:\/\/www.rucashk.com\/wp-content\/uploads\/2020\/06\/QCY_T6_TWS_Sport_Bluetooth_Earbuds_Wholesale_4.jpg\" alt=\"\" width=\"1920\" height=\"789\" \/> <img loading=\"lazy\" decoding=\"async\" class=\"alignnone size-full wp-image-3118\" src=\"https:\/\/www.rucashk.com\/wp-content\/uploads\/2020\/06\/QCY_T6_TWS_Sport_Bluetooth_Earbuds_Wholesale_7.jpg\" alt=\"\" width=\"1920\" height=\"1599\" \/> <img loading=\"lazy\" decoding=\"async\" class=\"alignnone size-full wp-image-3119\" src=\"https:\/\/www.rucashk.com\/wp-content\/uploads\/2020\/06\/QCY_T6_TWS_Sport_Bluetooth_Earbuds_Wholesale_8.jpg\" alt=\"\" width=\"1920\" height=\"725\" \/><\/p>\n<div data-spm-anchor-id=\"a2g0o.detail.1000023.i1.575167f3yqJaQx\">Los auriculares deportivos Bluetooth QCY T6 TWS crean verdaderos efectos de sonido est\u00e9reo, le brindan una impresi\u00f3n de espacio para sentir la m\u00fasica tal como est\u00e1 en el pasillo central. Admite la tecnolog\u00eda de decodificaci\u00f3n de m\u00fasica SBC + AAC, restaura la din\u00e1mica original de la m\u00fasica sin perder cada detalle de la m\u00fasica.<\/div>\n<div><\/div>","protected":false},"excerpt":{"rendered":"<p>Los auriculares deportivos Bluetooth QCY T6 TWS crean verdaderos efectos de sonido est\u00e9reo, le brindan una impresi\u00f3n de espacio para sentir la m\u00fasica tal como est\u00e1 en el pasillo central. Admite la tecnolog\u00eda de decodificaci\u00f3n de m\u00fasica SBC + AAC, restaura la din\u00e1mica original de la m\u00fasica sin perder cada detalle de la m\u00fasica.<\/p>","protected":false},"featured_media":21520,"template":"","meta":[],"product_brand":[1417],"product_cat":[1311,1305],"product_tag":[463,464,465],"class_list":{"0":"post-21394","1":"product","2":"type-product","3":"status-publish","4":"has-post-thumbnail","6":"product_brand-qcy","7":"product_cat-qcy-earphone","8":"product_cat-xiaomi-eco","9":"product_tag-earbuds","10":"product_tag-qcy","11":"product_tag-tws","13":"first","14":"instock","15":"shipping-taxable","16":"product-type-external"},"aioseo_notices":[],"aioseo_head":"\n\t\t<!-- All in One SEO Pro 4.5.9.2 - aioseo.com -->\n\t\t<meta name=\"description\" content=\"QCY T6 TWS Sport Bluetooth Earbuds create true stereo sound effects, brings you an impression of space, to feel the music just as you are in the Centre Hall. Support SBC + AAC music decoding technology,restore the original dynamics of music without missing every detail of the music.\" \/>\n\t\t<meta name=\"robots\" content=\"max-image-preview:large\" \/>\n\t\t<link rel=\"canonical\" href=\"https:\/\/www.rucashk.com\/es\/producto\/qcy-t6-tws-sport-bluetooth-earbuds-wholesale\/\" \/>\n\t\t<meta name=\"generator\" content=\"All in One SEO Pro (AIOSEO) 4.5.9.2\" \/>\n\t\t<meta property=\"og:locale\" content=\"es_ES\" \/>\n\t\t<meta property=\"og:site_name\" content=\"Rucas - One-stop AIoT Distribution Worldwide\" \/>\n\t\t<meta property=\"og:type\" content=\"article\" \/>\n\t\t<meta property=\"og:title\" content=\"QCY T6 TWS Sport Bluetooth Earbuds Wholesale - Rucas - Wholesale and Distribution\" \/>\n\t\t<meta property=\"og:description\" content=\"QCY T6 TWS Sport Bluetooth Earbuds create true stereo sound effects, brings you an impression of space, to feel the music just as you are in the Centre Hall. Support SBC + AAC music decoding technology,restore the original dynamics of music without missing every detail of the music.\" \/>\n\t\t<meta property=\"og:url\" content=\"https:\/\/www.rucashk.com\/es\/producto\/qcy-t6-tws-sport-bluetooth-earbuds-wholesale\/\" \/>\n\t\t<meta property=\"og:image\" content=\"https:\/\/www.rucashk.com\/wp-content\/uploads\/replace\/503b8e645f128a97ccde2b6290747646.jpeg\" \/>\n\t\t<meta property=\"og:image:secure_url\" content=\"https:\/\/www.rucashk.com\/wp-content\/uploads\/replace\/503b8e645f128a97ccde2b6290747646.jpeg\" \/>\n\t\t<meta property=\"og:image:width\" content=\"1456\" \/>\n\t\t<meta property=\"og:image:height\" content=\"816\" \/>\n\t\t<meta property=\"article:published_time\" content=\"2024-01-09T15:32:04+00:00\" \/>\n\t\t<meta property=\"article:modified_time\" content=\"2025-06-22T06:36:09+00:00\" \/>\n\t\t<meta name=\"twitter:card\" content=\"summary_large_image\" \/>\n\t\t<meta name=\"twitter:title\" content=\"QCY T6 TWS Sport Bluetooth Earbuds Wholesale - Rucas - Wholesale and Distribution\" \/>\n\t\t<meta name=\"twitter:description\" content=\"QCY T6 TWS Sport Bluetooth Earbuds create true stereo sound effects, brings you an impression of space, to feel the music just as you are in the Centre Hall. Support SBC + AAC music decoding technology,restore the original dynamics of music without missing every detail of the music.\" \/>\n\t\t<meta name=\"twitter:image\" content=\"https:\/\/www.rucashk.com\/wp-content\/uploads\/replace\/503b8e645f128a97ccde2b6290747646.jpeg\" \/>\n\t\t<script type=\"application\/ld+json\" class=\"aioseo-schema\">\n\t\t\t{\"@context\":\"https:\\\/\\\/schema.org\",\"@graph\":[{\"@type\":\"BreadcrumbList\",\"@id\":\"https:\\\/\\\/www.rucashk.com\\\/es\\\/producto\\\/qcy-t6-tws-sport-bluetooth-earbuds-wholesale\\\/#breadcrumblist\",\"itemListElement\":[{\"@type\":\"ListItem\",\"@id\":\"https:\\\/\\\/www.rucashk.com\\\/es\\\/#listItem\",\"position\":1,\"name\":\"Home\",\"item\":\"https:\\\/\\\/www.rucashk.com\\\/es\\\/\",\"nextItem\":\"https:\\\/\\\/www.rucashk.com\\\/es\\\/producto\\\/qcy-t6-tws-sport-bluetooth-earbuds-wholesale\\\/#listItem\"},{\"@type\":\"ListItem\",\"@id\":\"https:\\\/\\\/www.rucashk.com\\\/es\\\/producto\\\/qcy-t6-tws-sport-bluetooth-earbuds-wholesale\\\/#listItem\",\"position\":2,\"name\":\"QCY T6 TWS Sport Bluetooth Earbuds Wholesale\",\"previousItem\":\"https:\\\/\\\/www.rucashk.com\\\/es\\\/#listItem\"}]},{\"@type\":\"Organization\",\"@id\":\"https:\\\/\\\/www.rucashk.com\\\/es\\\/#organization\",\"name\":\"Rucas\",\"url\":\"https:\\\/\\\/www.rucashk.com\\\/es\\\/\",\"logo\":{\"@type\":\"ImageObject\",\"url\":\"https:\\\/\\\/www.rucashk.com\\\/wp-content\\\/uploads\\\/2023\\\/12\\\/Rucas_campany_logo.png\",\"@id\":\"https:\\\/\\\/www.rucashk.com\\\/es\\\/producto\\\/qcy-t6-tws-sport-bluetooth-earbuds-wholesale\\\/#organizationLogo\",\"width\":221,\"height\":65},\"image\":{\"@id\":\"https:\\\/\\\/www.rucashk.com\\\/es\\\/#organizationLogo\"}},{\"@type\":\"Person\",\"@id\":\"https:\\\/\\\/www.rucashk.com\\\/es\\\/author\\\/admin\\\/#author\",\"url\":\"https:\\\/\\\/www.rucashk.com\\\/es\\\/author\\\/admin\\\/\",\"name\":\"admin\",\"image\":{\"@type\":\"ImageObject\",\"@id\":\"https:\\\/\\\/www.rucashk.com\\\/es\\\/producto\\\/qcy-t6-tws-sport-bluetooth-earbuds-wholesale\\\/#authorImage\",\"url\":\"https:\\\/\\\/secure.gravatar.com\\\/avatar\\\/b7c8925b09a27e72b30232f8ecaadbd5af0f70a38c78096863fe51b64f031c24?s=96&d=mm&r=g\",\"width\":96,\"height\":96,\"caption\":\"admin\"}},{\"@type\":\"WebPage\",\"@id\":\"https:\\\/\\\/www.rucashk.com\\\/es\\\/producto\\\/qcy-t6-tws-sport-bluetooth-earbuds-wholesale\\\/#webpage\",\"url\":\"https:\\\/\\\/www.rucashk.com\\\/es\\\/producto\\\/qcy-t6-tws-sport-bluetooth-earbuds-wholesale\\\/\",\"name\":\"QCY T6 TWS Sport Bluetooth Earbuds Wholesale - Rucas - Wholesale and Distribution\",\"description\":\"QCY T6 TWS Sport Bluetooth Earbuds create true stereo sound effects, brings you an impression of space, to feel the music just as you are in the Centre Hall. Support SBC + AAC music decoding technology,restore the original dynamics of music without missing every detail of the music.\",\"inLanguage\":\"es-ES\",\"isPartOf\":{\"@id\":\"https:\\\/\\\/www.rucashk.com\\\/es\\\/#website\"},\"breadcrumb\":{\"@id\":\"https:\\\/\\\/www.rucashk.com\\\/es\\\/producto\\\/qcy-t6-tws-sport-bluetooth-earbuds-wholesale\\\/#breadcrumblist\"},\"author\":{\"@id\":\"https:\\\/\\\/www.rucashk.com\\\/es\\\/author\\\/admin\\\/#author\"},\"creator\":{\"@id\":\"https:\\\/\\\/www.rucashk.com\\\/es\\\/author\\\/admin\\\/#author\"},\"image\":{\"@type\":\"ImageObject\",\"url\":\"https:\\\/\\\/www.rucashk.com\\\/wp-content\\\/uploads\\\/2024\\\/01\\\/QCY-T6-1-1-2.jpg\",\"@id\":\"https:\\\/\\\/www.rucashk.com\\\/es\\\/producto\\\/qcy-t6-tws-sport-bluetooth-earbuds-wholesale\\\/#mainImage\",\"width\":800,\"height\":800},\"primaryImageOfPage\":{\"@id\":\"https:\\\/\\\/www.rucashk.com\\\/es\\\/producto\\\/qcy-t6-tws-sport-bluetooth-earbuds-wholesale\\\/#mainImage\"},\"datePublished\":\"2024-01-09T15:32:04+00:00\",\"dateModified\":\"2025-06-22T06:36:09+00:00\"},{\"@type\":\"WebSite\",\"@id\":\"https:\\\/\\\/www.rucashk.com\\\/es\\\/#website\",\"url\":\"https:\\\/\\\/www.rucashk.com\\\/es\\\/\",\"name\":\"Rucas - Wholesale and distribution worldwide\",\"alternateName\":\"Rucas - One-stop AIoT Distribution Worldwide\",\"description\":\"One-stop AIoT Distribution Worldwide\",\"inLanguage\":\"es-ES\",\"publisher\":{\"@id\":\"https:\\\/\\\/www.rucashk.com\\\/es\\\/#organization\"}}]}\n\t\t<\/script>\n\t\t<!-- All in One SEO Pro -->\r\n\t\t<title>QCY T6 TWS Sport Bluetooth Earbuds Wholesale - Rucas - Wholesale and Distribution<\/title>\n\n","aioseo_head_json":{"title":"QCY T6 TWS Sport Bluetooth Earbuds Wholesale - Rucas - Wholesale and Distribution","description":"QCY T6 TWS Sport Bluetooth Earbuds create true stereo sound effects, brings you an impression of space, to feel the music just as you are in the Centre Hall. Support SBC + AAC music decoding technology,restore the original dynamics of music without missing every detail of the music.","canonical_url":"https:\/\/www.rucashk.com\/es\/producto\/qcy-t6-tws-sport-bluetooth-earbuds-wholesale\/","robots":"max-image-preview:large","keywords":"","webmasterTools":{"miscellaneous":""},"og:locale":"es_ES","og:site_name":"Rucas - One-stop AIoT Distribution Worldwide","og:type":"article","og:title":"QCY T6 TWS Sport Bluetooth Earbuds Wholesale - Rucas - Wholesale and Distribution","og:description":"QCY T6 TWS Sport Bluetooth Earbuds create true stereo sound effects, brings you an impression of space, to feel the music just as you are in the Centre Hall. Support SBC + AAC music decoding technology,restore the original dynamics of music without missing every detail of the music.","og:url":"https:\/\/www.rucashk.com\/es\/producto\/qcy-t6-tws-sport-bluetooth-earbuds-wholesale\/","og:image":"https:\/\/www.rucashk.com\/wp-content\/uploads\/replace\/503b8e645f128a97ccde2b6290747646.jpeg","og:image:secure_url":"https:\/\/www.rucashk.com\/wp-content\/uploads\/replace\/503b8e645f128a97ccde2b6290747646.jpeg","og:image:width":1456,"og:image:height":816,"article:published_time":"2024-01-09T15:32:04+00:00","article:modified_time":"2025-06-22T06:36:09+00:00","twitter:card":"summary_large_image","twitter:title":"QCY T6 TWS Sport Bluetooth Earbuds Wholesale - Rucas - Wholesale and Distribution","twitter:description":"QCY T6 TWS Sport Bluetooth Earbuds create true stereo sound effects, brings you an impression of space, to feel the music just as you are in the Centre Hall. Support SBC + AAC music decoding technology,restore the original dynamics of music without missing every detail of the music.","twitter:image":"https:\/\/www.rucashk.com\/wp-content\/uploads\/replace\/503b8e645f128a97ccde2b6290747646.jpeg","schema":{"@context":"https:\/\/schema.org","@graph":[{"@type":"BreadcrumbList","@id":"https:\/\/www.rucashk.com\/es\/producto\/qcy-t6-tws-sport-bluetooth-earbuds-wholesale\/#breadcrumblist","itemListElement":[{"@type":"ListItem","@id":"https:\/\/www.rucashk.com\/es\/#listItem","position":1,"name":"Home","item":"https:\/\/www.rucashk.com\/es\/","nextItem":"https:\/\/www.rucashk.com\/es\/producto\/qcy-t6-tws-sport-bluetooth-earbuds-wholesale\/#listItem"},{"@type":"ListItem","@id":"https:\/\/www.rucashk.com\/es\/producto\/qcy-t6-tws-sport-bluetooth-earbuds-wholesale\/#listItem","position":2,"name":"QCY T6 TWS Sport Bluetooth Earbuds Wholesale","previousItem":"https:\/\/www.rucashk.com\/es\/#listItem"}]},{"@type":"Organization","@id":"https:\/\/www.rucashk.com\/es\/#organization","name":"Rucas","url":"https:\/\/www.rucashk.com\/es\/","logo":{"@type":"ImageObject","url":"https:\/\/www.rucashk.com\/wp-content\/uploads\/2023\/12\/Rucas_campany_logo.png","@id":"https:\/\/www.rucashk.com\/es\/producto\/qcy-t6-tws-sport-bluetooth-earbuds-wholesale\/#organizationLogo","width":221,"height":65},"image":{"@id":"https:\/\/www.rucashk.com\/es\/#organizationLogo"}},{"@type":"Person","@id":"https:\/\/www.rucashk.com\/es\/author\/admin\/#author","url":"https:\/\/www.rucashk.com\/es\/author\/admin\/","name":"admin","image":{"@type":"ImageObject","@id":"https:\/\/www.rucashk.com\/es\/producto\/qcy-t6-tws-sport-bluetooth-earbuds-wholesale\/#authorImage","url":"https:\/\/secure.gravatar.com\/avatar\/b7c8925b09a27e72b30232f8ecaadbd5af0f70a38c78096863fe51b64f031c24?s=96&d=mm&r=g","width":96,"height":96,"caption":"admin"}},{"@type":"WebPage","@id":"https:\/\/www.rucashk.com\/es\/producto\/qcy-t6-tws-sport-bluetooth-earbuds-wholesale\/#webpage","url":"https:\/\/www.rucashk.com\/es\/producto\/qcy-t6-tws-sport-bluetooth-earbuds-wholesale\/","name":"QCY T6 TWS Sport Bluetooth Earbuds Wholesale - Rucas - Wholesale and Distribution","description":"QCY T6 TWS Sport Bluetooth Earbuds create true stereo sound effects, brings you an impression of space, to feel the music just as you are in the Centre Hall. Support SBC + AAC music decoding technology,restore the original dynamics of music without missing every detail of the music.","inLanguage":"es-ES","isPartOf":{"@id":"https:\/\/www.rucashk.com\/es\/#website"},"breadcrumb":{"@id":"https:\/\/www.rucashk.com\/es\/producto\/qcy-t6-tws-sport-bluetooth-earbuds-wholesale\/#breadcrumblist"},"author":{"@id":"https:\/\/www.rucashk.com\/es\/author\/admin\/#author"},"creator":{"@id":"https:\/\/www.rucashk.com\/es\/author\/admin\/#author"},"image":{"@type":"ImageObject","url":"https:\/\/www.rucashk.com\/wp-content\/uploads\/2024\/01\/QCY-T6-1-1-2.jpg","@id":"https:\/\/www.rucashk.com\/es\/producto\/qcy-t6-tws-sport-bluetooth-earbuds-wholesale\/#mainImage","width":800,"height":800},"primaryImageOfPage":{"@id":"https:\/\/www.rucashk.com\/es\/producto\/qcy-t6-tws-sport-bluetooth-earbuds-wholesale\/#mainImage"},"datePublished":"2024-01-09T15:32:04+00:00","dateModified":"2025-06-22T06:36:09+00:00"},{"@type":"WebSite","@id":"https:\/\/www.rucashk.com\/es\/#website","url":"https:\/\/www.rucashk.com\/es\/","name":"Rucas - Wholesale and distribution worldwide","alternateName":"Rucas - One-stop AIoT Distribution Worldwide","description":"One-stop AIoT Distribution Worldwide","inLanguage":"es-ES","publisher":{"@id":"https:\/\/www.rucashk.com\/es\/#organization"}}]}},"aioseo_meta_data":{"post_id":"21394","title":null,"description":null,"keywords":null,"keyphrases":null,"primary_term":null,"canonical_url":null,"og_title":null,"og_description":null,"og_object_type":"default","og_image_type":"default","og_image_url":null,"og_image_width":null,"og_image_height":null,"og_image_custom_url":null,"og_image_custom_fields":null,"og_video":null,"og_custom_url":null,"og_article_section":null,"og_article_tags":null,"twitter_use_og":false,"twitter_card":"default","twitter_image_type":"default","twitter_image_url":null,"twitter_image_custom_url":null,"twitter_image_custom_fields":null,"twitter_title":null,"twitter_description":null,"schema":{"blockGraphs":[],"customGraphs":[],"default":{"data":{"Article":[],"Course":[],"Dataset":[],"FAQPage":[],"Movie":[],"Person":[],"Product":[],"Recipe":[],"Service":[],"SoftwareApplication":[],"WebPage":[]},"graphName":"","isEnabled":true},"graphs":[]},"schema_type":"default","schema_type_options":null,"pillar_content":false,"robots_default":true,"robots_noindex":false,"robots_noarchive":false,"robots_nosnippet":false,"robots_nofollow":false,"robots_noimageindex":false,"robots_noodp":false,"robots_notranslate":false,"robots_max_snippet":null,"robots_max_videopreview":null,"robots_max_imagepreview":"large","priority":null,"frequency":null,"local_seo":null,"breadcrumb_settings":null,"limit_modified_date":false,"created":"2024-04-11 01:55:17","updated":"2025-06-22 16:22:13"},"aioseo_breadcrumb":"<div class=\"aioseo-breadcrumbs\"><span class=\"aioseo-breadcrumb\">\n\t<a href=\"https:\/\/www.rucashk.com\/es\" title=\"Home\">Home<\/a>\n<\/span><span class=\"aioseo-breadcrumb-separator\">&raquo;<\/span><span class=\"aioseo-breadcrumb\">\n\t<a href=\"https:\/\/www.rucashk.com\/es\/products\/\" title=\"Productos\">Productos<\/a>\n<\/span><span class=\"aioseo-breadcrumb-separator\">&raquo;<\/span><span class=\"aioseo-breadcrumb\">\n\t<a href=\"https:\/\/www.rucashk.com\/es\/marca\/qcy\/\" title=\"QCY\">QCY<\/a>\n<\/span><span class=\"aioseo-breadcrumb-separator\">&raquo;<\/span><span class=\"aioseo-breadcrumb\">\n\tQCY T6 TWS Sport Bluetooth Earbuds Wholesale\n<\/span><\/div>","aioseo_breadcrumb_json":[{"label":"Home","link":"https:\/\/www.rucashk.com\/es"},{"label":"Productos","link":"https:\/\/www.rucashk.com\/es\/products\/"},{"label":"QCY","link":"https:\/\/www.rucashk.com\/es\/marca\/qcy\/"},{"label":"QCY T6 TWS Sport Bluetooth Earbuds Wholesale","link":"https:\/\/www.rucashk.com\/es\/producto\/qcy-t6-tws-sport-bluetooth-earbuds-wholesale\/"}],"_links":{"self":[{"href":"https:\/\/www.rucashk.com\/es\/wp-json\/wp\/v2\/product\/21394","targetHints":{"allow":["GET"]}}],"collection":[{"href":"https:\/\/www.rucashk.com\/es\/wp-json\/wp\/v2\/product"}],"about":[{"href":"https:\/\/www.rucashk.com\/es\/wp-json\/wp\/v2\/types\/product"}],"wp:featuredmedia":[{"embeddable":true,"href":"https:\/\/www.rucashk.com\/es\/wp-json\/wp\/v2\/media\/21520"}],"wp:attachment":[{"href":"https:\/\/www.rucashk.com\/es\/wp-json\/wp\/v2\/media?parent=21394"}],"wp:term":[{"taxonomy":"product_brand","embeddable":true,"href":"https:\/\/www.rucashk.com\/es\/wp-json\/wp\/v2\/product_brand?post=21394"},{"taxonomy":"product_cat","embeddable":true,"href":"https:\/\/www.rucashk.com\/es\/wp-json\/wp\/v2\/product_cat?post=21394"},{"taxonomy":"product_tag","embeddable":true,"href":"https:\/\/www.rucashk.com\/es\/wp-json\/wp\/v2\/product_tag?post=21394"}],"curies":[{"name":"wp","href":"https:\/\/api.w.org\/{rel}","templated":true}]}}