{"id":21393,"date":"2024-01-09T15:32:04","date_gmt":"2024-01-09T15:32:04","guid":{"rendered":"http:\/\/rucashk.com\/?post_type=product&#038;p=21393"},"modified":"2024-01-21T10:46:47","modified_gmt":"2024-01-21T10:46:47","slug":"xiaomi-70mai-1s-car-dvr-dash-cam-1080p-hd-wholesale","status":"publish","type":"product","link":"https:\/\/www.rucashk.com\/es\/producto\/xiaomi-70mai-1s-car-dvr-dash-cam-1080p-hd-wholesale\/","title":{"rendered":"Xiaomi 70mai 1S coche DVR Dash Cam 1080P HD al por mayor"},"content":{"rendered":"<p><img decoding=\"async\" class=\"aligncenter\" src=\"https:\/\/www.rucashk.com\/wp-content\/uploads\/2020\/05\/He88000c2b4a841b197b67e41cd4a2373v.jpg\" alt=\"01\" \/><img decoding=\"async\" class=\"aligncenter\" src=\"https:\/\/www.rucashk.com\/wp-content\/uploads\/2020\/05\/H8a081152cccc4413ad8acbd5062ada27I.jpg\" alt=\"02\" \/><img decoding=\"async\" class=\"aligncenter\" src=\"https:\/\/www.rucashk.com\/wp-content\/uploads\/2020\/05\/H0527670ebf3e49e8aecd57692ebac312U.jpg\" alt=\"03\" \/><img decoding=\"async\" class=\"aligncenter\" src=\"https:\/\/www.rucashk.com\/wp-content\/uploads\/2020\/05\/H74ac91383bdf462c99a639f0edc57bdfS.jpg\" alt=\"04\" \/><img decoding=\"async\" class=\"aligncenter\" src=\"https:\/\/www.rucashk.com\/wp-content\/uploads\/2020\/05\/H6f6b4792dd104a0fbc55541f6c720a3e3.jpg\" alt=\"05\" \/><img decoding=\"async\" class=\"aligncenter\" src=\"https:\/\/www.rucashk.com\/wp-content\/uploads\/2020\/05\/Ha97a50ffe45b4c03a7d4e7969a98ad80h.jpg\" alt=\"06\" \/><img decoding=\"async\" class=\"aligncenter\" src=\"https:\/\/www.rucashk.com\/wp-content\/uploads\/2020\/05\/H95dec5741e7045a58e999bf677bd32f52.jpg\" alt=\"07\" \/><img decoding=\"async\" class=\"aligncenter\" src=\"https:\/\/www.rucashk.com\/wp-content\/uploads\/2020\/05\/Hdf4bb74a66854a5ba2b10cfaadd69b97i.jpg\" alt=\"08\" \/><\/p>\n<p><img decoding=\"async\" class=\"aligncenter\" src=\"https:\/\/www.rucashk.com\/wp-content\/uploads\/2020\/05\/H781dd4dde4d040859620c81562d183c8Q.jpg\" alt=\"09\" \/><img decoding=\"async\" class=\"aligncenter\" src=\"https:\/\/www.rucashk.com\/wp-content\/uploads\/2020\/05\/Haf69f208045645e7b1a189139ad29555H.jpg\" alt=\"10\" \/><img decoding=\"async\" class=\"aligncenter\" src=\"https:\/\/www.rucashk.com\/wp-content\/uploads\/2020\/05\/H264f8d57e6674e32a1fbd82b3b09364bz.jpg\" alt=\"11\" \/><img decoding=\"async\" class=\"aligncenter\" src=\"https:\/\/www.rucashk.com\/wp-content\/uploads\/2020\/05\/H39232e7850954dd4b405fc29da303e03M.jpg\" alt=\"12\" \/><\/p>\n<p>&nbsp;<\/p>\n<p>Xiaomi <a class=\"\" style=\"width: auto !important\" href=\"https:\/\/www.rucashk.com\/es\/producto\/mi-70mai-smart-dash-cam-1s\/\" data-wpil-post-to-id=\"4687\">70mai 1S c\u00e1mara de salpicadero inteligente<\/a> WiFi Car DVR, con sensor de imagen Sony IMX307, brinda una experiencia de grabaci\u00f3n de excelente calidad. Tiene las funciones distintivas de conexi\u00f3n WiFi, sensor G y ciclo de bucle. <a class=\"\" style=\"width: auto !important\" href=\"https:\/\/www.rucashk.com\/es\/xiaomi-pre-sales-driving-recorder2-2k-version-a-brand-supporting-voice-recording\/\" data-wpil-post-to-id=\"9520\">La grabaci\u00f3n le ofrece una conducci\u00f3n c\u00f3moda, segura y sin preocupaciones.<\/a> ambiente. Mientras tanto, es la tecnolog\u00eda de compresi\u00f3n de fotograf\u00eda H.264 y <a class=\"\" style=\"width: auto !important\" href=\"https:\/\/www.rucashk.com\/es\/producto\/funsnap-idol-fpv-rc-drone-4k-gps-quadrupter-professional-camera-hd-1080p\/\" data-wpil-post-to-id=\"2802\">1080P Full HD<\/a> Lente, \u00e1ngulo de visi\u00f3n agregado de 130 grados y soporte ajustable, lo que le brinda una experiencia de grabaci\u00f3n satisfactoria.<\/p>","protected":false},"excerpt":{"rendered":"<p>Principales caracter\u00edsticas:<\/p>\n<p>\u25cf Accurate Voice Control.<br \/>\n\u25cf AI Integrated.<br \/>\n\u25cf 1080P Full HD.<br \/>\n\u25cf Sony IMX307 High Sensitivity Image Sensor.<br \/>\n\u25cf 130deg Field of View &amp; Night Vision.<br \/>\n\u25cf Built-in G-sensors for Auto Emergency Recording.<br \/>\n\u25cf Mobile APP(Andriod 6.0 above \/iOS).<br \/>\n\u25cf Free WIFI: IEEE 802.11 b\/g\/n 2.4GHz.<br \/>\n\u25cf Video Replay and Download with 70mai free wifi.<br \/>\n\u25cf Bulit-in G-sensor for auto emergency recording.<br \/>\n\u25cf Free Wifi Connect support video replay and download.<br \/>\n\u25cf3.5M length micro charging Cable.<\/p>","protected":false},"featured_media":21517,"template":"","meta":[],"product_brand":[],"product_cat":[1289,1288],"product_tag":[458,459],"class_list":{"0":"post-21393","1":"product","2":"type-product","3":"status-publish","4":"has-post-thumbnail","6":"product_cat-dash-camera","7":"product_cat-e-vehicle-accessories","8":"product_tag-70mai","9":"product_tag-dash-cam","11":"first","12":"instock","13":"shipping-taxable","14":"product-type-external"},"aioseo_notices":[],"aioseo_head":"\n\t\t<!-- All in One SEO Pro 4.5.9.2 - aioseo.com -->\n\t\t<meta name=\"description\" content=\"Main Features: \u25cf Accurate Voice Control. \u25cf AI Integrated. \u25cf 1080P Full HD. \u25cf Sony IMX307 High Sensitivity Image Sensor. \u25cf 130deg Field of View &amp; Night Vision. \u25cf Built-in G-sensors for Auto Emergency Recording. \u25cf Mobile APP(Andriod 6.0 above \/iOS). \u25cf Free WIFI: IEEE 802.11 b\/g\/n 2.4GHz. \u25cf Video Replay and Download with 70mai free wifi. \u25cf Bulit-in G-sensor for auto emergency recording. \u25cf Free Wifi Connect support video replay and download. \u25cf3.5M length micro charging Cable.\" \/>\n\t\t<meta name=\"robots\" content=\"max-image-preview:large\" \/>\n\t\t<link rel=\"canonical\" href=\"https:\/\/www.rucashk.com\/es\/producto\/xiaomi-70mai-1s-car-dvr-dash-cam-1080p-hd-wholesale\/\" \/>\n\t\t<meta name=\"generator\" content=\"All in One SEO Pro (AIOSEO) 4.5.9.2\" \/>\n\t\t<meta property=\"og:locale\" content=\"es_ES\" \/>\n\t\t<meta property=\"og:site_name\" content=\"Rucas - One-stop AIoT Distribution Worldwide\" \/>\n\t\t<meta property=\"og:type\" content=\"article\" \/>\n\t\t<meta property=\"og:title\" content=\"Xiaomi 70mai 1S Car DVR Dash Cam 1080P HD Wholesale - Rucas - Wholesale and Distribution\" \/>\n\t\t<meta property=\"og:description\" content=\"Main Features: \u25cf Accurate Voice Control. \u25cf AI Integrated. \u25cf 1080P Full HD. \u25cf Sony IMX307 High Sensitivity Image Sensor. \u25cf 130deg Field of View &amp; Night Vision. \u25cf Built-in G-sensors for Auto Emergency Recording. \u25cf Mobile APP(Andriod 6.0 above \/iOS). \u25cf Free WIFI: IEEE 802.11 b\/g\/n 2.4GHz. \u25cf Video Replay and Download with 70mai free wifi. \u25cf Bulit-in G-sensor for auto emergency recording. \u25cf Free Wifi Connect support video replay and download. \u25cf3.5M length micro charging Cable.\" \/>\n\t\t<meta property=\"og:url\" content=\"https:\/\/www.rucashk.com\/es\/producto\/xiaomi-70mai-1s-car-dvr-dash-cam-1080p-hd-wholesale\/\" \/>\n\t\t<meta property=\"og:image\" content=\"https:\/\/www.rucashk.com\/wp-content\/uploads\/replace\/503b8e645f128a97ccde2b6290747646.jpeg\" \/>\n\t\t<meta property=\"og:image:secure_url\" content=\"https:\/\/www.rucashk.com\/wp-content\/uploads\/replace\/503b8e645f128a97ccde2b6290747646.jpeg\" \/>\n\t\t<meta property=\"og:image:width\" content=\"1456\" \/>\n\t\t<meta property=\"og:image:height\" content=\"816\" \/>\n\t\t<meta property=\"article:published_time\" content=\"2024-01-09T15:32:04+00:00\" \/>\n\t\t<meta property=\"article:modified_time\" content=\"2024-01-21T10:46:47+00:00\" \/>\n\t\t<meta name=\"twitter:card\" content=\"summary_large_image\" \/>\n\t\t<meta name=\"twitter:title\" content=\"Xiaomi 70mai 1S Car DVR Dash Cam 1080P HD Wholesale - Rucas - Wholesale and Distribution\" \/>\n\t\t<meta name=\"twitter:description\" content=\"Main Features: \u25cf Accurate Voice Control. \u25cf AI Integrated. \u25cf 1080P Full HD. \u25cf Sony IMX307 High Sensitivity Image Sensor. \u25cf 130deg Field of View &amp; Night Vision. \u25cf Built-in G-sensors for Auto Emergency Recording. \u25cf Mobile APP(Andriod 6.0 above \/iOS). \u25cf Free WIFI: IEEE 802.11 b\/g\/n 2.4GHz. \u25cf Video Replay and Download with 70mai free wifi. \u25cf Bulit-in G-sensor for auto emergency recording. \u25cf Free Wifi Connect support video replay and download. \u25cf3.5M length micro charging Cable.\" \/>\n\t\t<meta name=\"twitter:image\" content=\"https:\/\/www.rucashk.com\/wp-content\/uploads\/replace\/503b8e645f128a97ccde2b6290747646.jpeg\" \/>\n\t\t<script type=\"application\/ld+json\" class=\"aioseo-schema\">\n\t\t\t{\"@context\":\"https:\\\/\\\/schema.org\",\"@graph\":[{\"@type\":\"BreadcrumbList\",\"@id\":\"https:\\\/\\\/www.rucashk.com\\\/es\\\/producto\\\/xiaomi-70mai-1s-car-dvr-dash-cam-1080p-hd-wholesale\\\/#breadcrumblist\",\"itemListElement\":[{\"@type\":\"ListItem\",\"@id\":\"https:\\\/\\\/www.rucashk.com\\\/es\\\/#listItem\",\"position\":1,\"name\":\"Home\",\"item\":\"https:\\\/\\\/www.rucashk.com\\\/es\\\/\",\"nextItem\":\"https:\\\/\\\/www.rucashk.com\\\/es\\\/producto\\\/xiaomi-70mai-1s-car-dvr-dash-cam-1080p-hd-wholesale\\\/#listItem\"},{\"@type\":\"ListItem\",\"@id\":\"https:\\\/\\\/www.rucashk.com\\\/es\\\/producto\\\/xiaomi-70mai-1s-car-dvr-dash-cam-1080p-hd-wholesale\\\/#listItem\",\"position\":2,\"name\":\"Xiaomi 70mai 1S Car DVR Dash Cam 1080P HD Wholesale\",\"previousItem\":\"https:\\\/\\\/www.rucashk.com\\\/es\\\/#listItem\"}]},{\"@type\":\"Organization\",\"@id\":\"https:\\\/\\\/www.rucashk.com\\\/es\\\/#organization\",\"name\":\"Rucas\",\"url\":\"https:\\\/\\\/www.rucashk.com\\\/es\\\/\",\"logo\":{\"@type\":\"ImageObject\",\"url\":\"https:\\\/\\\/www.rucashk.com\\\/wp-content\\\/uploads\\\/2023\\\/12\\\/Rucas_campany_logo.png\",\"@id\":\"https:\\\/\\\/www.rucashk.com\\\/es\\\/producto\\\/xiaomi-70mai-1s-car-dvr-dash-cam-1080p-hd-wholesale\\\/#organizationLogo\",\"width\":221,\"height\":65},\"image\":{\"@id\":\"https:\\\/\\\/www.rucashk.com\\\/es\\\/#organizationLogo\"}},{\"@type\":\"Person\",\"@id\":\"https:\\\/\\\/www.rucashk.com\\\/es\\\/author\\\/admin\\\/#author\",\"url\":\"https:\\\/\\\/www.rucashk.com\\\/es\\\/author\\\/admin\\\/\",\"name\":\"admin\",\"image\":{\"@type\":\"ImageObject\",\"@id\":\"https:\\\/\\\/www.rucashk.com\\\/es\\\/producto\\\/xiaomi-70mai-1s-car-dvr-dash-cam-1080p-hd-wholesale\\\/#authorImage\",\"url\":\"https:\\\/\\\/secure.gravatar.com\\\/avatar\\\/b7c8925b09a27e72b30232f8ecaadbd5af0f70a38c78096863fe51b64f031c24?s=96&d=mm&r=g\",\"width\":96,\"height\":96,\"caption\":\"admin\"}},{\"@type\":\"WebPage\",\"@id\":\"https:\\\/\\\/www.rucashk.com\\\/es\\\/producto\\\/xiaomi-70mai-1s-car-dvr-dash-cam-1080p-hd-wholesale\\\/#webpage\",\"url\":\"https:\\\/\\\/www.rucashk.com\\\/es\\\/producto\\\/xiaomi-70mai-1s-car-dvr-dash-cam-1080p-hd-wholesale\\\/\",\"name\":\"Xiaomi 70mai 1S Car DVR Dash Cam 1080P HD Wholesale - Rucas - Wholesale and Distribution\",\"description\":\"Main Features: \\u25cf Accurate Voice Control. \\u25cf AI Integrated. \\u25cf 1080P Full HD. \\u25cf Sony IMX307 High Sensitivity Image Sensor. \\u25cf 130deg Field of View & Night Vision. \\u25cf Built-in G-sensors for Auto Emergency Recording. \\u25cf Mobile APP(Andriod 6.0 above \\\/iOS). \\u25cf Free WIFI: IEEE 802.11 b\\\/g\\\/n 2.4GHz. \\u25cf Video Replay and Download with 70mai free wifi. \\u25cf Bulit-in G-sensor for auto emergency recording. \\u25cf Free Wifi Connect support video replay and download. \\u25cf3.5M length micro charging Cable.\",\"inLanguage\":\"es-ES\",\"isPartOf\":{\"@id\":\"https:\\\/\\\/www.rucashk.com\\\/es\\\/#website\"},\"breadcrumb\":{\"@id\":\"https:\\\/\\\/www.rucashk.com\\\/es\\\/producto\\\/xiaomi-70mai-1s-car-dvr-dash-cam-1080p-hd-wholesale\\\/#breadcrumblist\"},\"author\":{\"@id\":\"https:\\\/\\\/www.rucashk.com\\\/es\\\/author\\\/admin\\\/#author\"},\"creator\":{\"@id\":\"https:\\\/\\\/www.rucashk.com\\\/es\\\/author\\\/admin\\\/#author\"},\"image\":{\"@type\":\"ImageObject\",\"url\":\"https:\\\/\\\/www.rucashk.com\\\/wp-content\\\/uploads\\\/2024\\\/01\\\/Original-Xiaomi-70M-70MAI-Smart-WiFi-Car-DVR-1S-D06-Wrieless-Dash-Cam-130-Degree-Mstar-1.jpg_640x640-1.jpg\",\"@id\":\"https:\\\/\\\/www.rucashk.com\\\/es\\\/producto\\\/xiaomi-70mai-1s-car-dvr-dash-cam-1080p-hd-wholesale\\\/#mainImage\",\"width\":800,\"height\":800},\"primaryImageOfPage\":{\"@id\":\"https:\\\/\\\/www.rucashk.com\\\/es\\\/producto\\\/xiaomi-70mai-1s-car-dvr-dash-cam-1080p-hd-wholesale\\\/#mainImage\"},\"datePublished\":\"2024-01-09T15:32:04+00:00\",\"dateModified\":\"2024-01-21T10:46:47+00:00\"},{\"@type\":\"WebSite\",\"@id\":\"https:\\\/\\\/www.rucashk.com\\\/es\\\/#website\",\"url\":\"https:\\\/\\\/www.rucashk.com\\\/es\\\/\",\"name\":\"Rucas - Wholesale and distribution worldwide\",\"alternateName\":\"Rucas - One-stop AIoT Distribution Worldwide\",\"description\":\"One-stop AIoT Distribution Worldwide\",\"inLanguage\":\"es-ES\",\"publisher\":{\"@id\":\"https:\\\/\\\/www.rucashk.com\\\/es\\\/#organization\"}}]}\n\t\t<\/script>\n\t\t<!-- All in One SEO Pro -->\r\n\t\t<title>Xiaomi 70mai 1S Car DVR Dash Cam 1080P HD Wholesale - Rucas - Wholesale and Distribution<\/title>\n\n","aioseo_head_json":{"title":"Xiaomi 70mai 1S Car DVR Dash Cam 1080P HD Wholesale - Rucas - Wholesale and Distribution","description":"Main Features: \u25cf Accurate Voice Control. \u25cf AI Integrated. \u25cf 1080P Full HD. \u25cf Sony IMX307 High Sensitivity Image Sensor. \u25cf 130deg Field of View & Night Vision. \u25cf Built-in G-sensors for Auto Emergency Recording. \u25cf Mobile APP(Andriod 6.0 above \/iOS). \u25cf Free WIFI: IEEE 802.11 b\/g\/n 2.4GHz. \u25cf Video Replay and Download with 70mai free wifi. \u25cf Bulit-in G-sensor for auto emergency recording. \u25cf Free Wifi Connect support video replay and download. \u25cf3.5M length micro charging Cable.","canonical_url":"https:\/\/www.rucashk.com\/es\/producto\/xiaomi-70mai-1s-car-dvr-dash-cam-1080p-hd-wholesale\/","robots":"max-image-preview:large","keywords":"","webmasterTools":{"miscellaneous":""},"og:locale":"es_ES","og:site_name":"Rucas - One-stop AIoT Distribution Worldwide","og:type":"article","og:title":"Xiaomi 70mai 1S Car DVR Dash Cam 1080P HD Wholesale - Rucas - Wholesale and Distribution","og:description":"Main Features: \u25cf Accurate Voice Control. \u25cf AI Integrated. \u25cf 1080P Full HD. \u25cf Sony IMX307 High Sensitivity Image Sensor. \u25cf 130deg Field of View &amp; Night Vision. \u25cf Built-in G-sensors for Auto Emergency Recording. \u25cf Mobile APP(Andriod 6.0 above \/iOS). \u25cf Free WIFI: IEEE 802.11 b\/g\/n 2.4GHz. \u25cf Video Replay and Download with 70mai free wifi. \u25cf Bulit-in G-sensor for auto emergency recording. \u25cf Free Wifi Connect support video replay and download. \u25cf3.5M length micro charging Cable.","og:url":"https:\/\/www.rucashk.com\/es\/producto\/xiaomi-70mai-1s-car-dvr-dash-cam-1080p-hd-wholesale\/","og:image":"https:\/\/www.rucashk.com\/wp-content\/uploads\/replace\/503b8e645f128a97ccde2b6290747646.jpeg","og:image:secure_url":"https:\/\/www.rucashk.com\/wp-content\/uploads\/replace\/503b8e645f128a97ccde2b6290747646.jpeg","og:image:width":1456,"og:image:height":816,"article:published_time":"2024-01-09T15:32:04+00:00","article:modified_time":"2024-01-21T10:46:47+00:00","twitter:card":"summary_large_image","twitter:title":"Xiaomi 70mai 1S Car DVR Dash Cam 1080P HD Wholesale - Rucas - Wholesale and Distribution","twitter:description":"Main Features: \u25cf Accurate Voice Control. \u25cf AI Integrated. \u25cf 1080P Full HD. \u25cf Sony IMX307 High Sensitivity Image Sensor. \u25cf 130deg Field of View &amp; Night Vision. \u25cf Built-in G-sensors for Auto Emergency Recording. \u25cf Mobile APP(Andriod 6.0 above \/iOS). \u25cf Free WIFI: IEEE 802.11 b\/g\/n 2.4GHz. \u25cf Video Replay and Download with 70mai free wifi. \u25cf Bulit-in G-sensor for auto emergency recording. \u25cf Free Wifi Connect support video replay and download. \u25cf3.5M length micro charging Cable.","twitter:image":"https:\/\/www.rucashk.com\/wp-content\/uploads\/replace\/503b8e645f128a97ccde2b6290747646.jpeg","schema":{"@context":"https:\/\/schema.org","@graph":[{"@type":"BreadcrumbList","@id":"https:\/\/www.rucashk.com\/es\/producto\/xiaomi-70mai-1s-car-dvr-dash-cam-1080p-hd-wholesale\/#breadcrumblist","itemListElement":[{"@type":"ListItem","@id":"https:\/\/www.rucashk.com\/es\/#listItem","position":1,"name":"Home","item":"https:\/\/www.rucashk.com\/es\/","nextItem":"https:\/\/www.rucashk.com\/es\/producto\/xiaomi-70mai-1s-car-dvr-dash-cam-1080p-hd-wholesale\/#listItem"},{"@type":"ListItem","@id":"https:\/\/www.rucashk.com\/es\/producto\/xiaomi-70mai-1s-car-dvr-dash-cam-1080p-hd-wholesale\/#listItem","position":2,"name":"Xiaomi 70mai 1S Car DVR Dash Cam 1080P HD Wholesale","previousItem":"https:\/\/www.rucashk.com\/es\/#listItem"}]},{"@type":"Organization","@id":"https:\/\/www.rucashk.com\/es\/#organization","name":"Rucas","url":"https:\/\/www.rucashk.com\/es\/","logo":{"@type":"ImageObject","url":"https:\/\/www.rucashk.com\/wp-content\/uploads\/2023\/12\/Rucas_campany_logo.png","@id":"https:\/\/www.rucashk.com\/es\/producto\/xiaomi-70mai-1s-car-dvr-dash-cam-1080p-hd-wholesale\/#organizationLogo","width":221,"height":65},"image":{"@id":"https:\/\/www.rucashk.com\/es\/#organizationLogo"}},{"@type":"Person","@id":"https:\/\/www.rucashk.com\/es\/author\/admin\/#author","url":"https:\/\/www.rucashk.com\/es\/author\/admin\/","name":"admin","image":{"@type":"ImageObject","@id":"https:\/\/www.rucashk.com\/es\/producto\/xiaomi-70mai-1s-car-dvr-dash-cam-1080p-hd-wholesale\/#authorImage","url":"https:\/\/secure.gravatar.com\/avatar\/b7c8925b09a27e72b30232f8ecaadbd5af0f70a38c78096863fe51b64f031c24?s=96&d=mm&r=g","width":96,"height":96,"caption":"admin"}},{"@type":"WebPage","@id":"https:\/\/www.rucashk.com\/es\/producto\/xiaomi-70mai-1s-car-dvr-dash-cam-1080p-hd-wholesale\/#webpage","url":"https:\/\/www.rucashk.com\/es\/producto\/xiaomi-70mai-1s-car-dvr-dash-cam-1080p-hd-wholesale\/","name":"Xiaomi 70mai 1S Car DVR Dash Cam 1080P HD Wholesale - Rucas - Wholesale and Distribution","description":"Main Features: \u25cf Accurate Voice Control. \u25cf AI Integrated. \u25cf 1080P Full HD. \u25cf Sony IMX307 High Sensitivity Image Sensor. \u25cf 130deg Field of View & Night Vision. \u25cf Built-in G-sensors for Auto Emergency Recording. \u25cf Mobile APP(Andriod 6.0 above \/iOS). \u25cf Free WIFI: IEEE 802.11 b\/g\/n 2.4GHz. \u25cf Video Replay and Download with 70mai free wifi. \u25cf Bulit-in G-sensor for auto emergency recording. \u25cf Free Wifi Connect support video replay and download. \u25cf3.5M length micro charging Cable.","inLanguage":"es-ES","isPartOf":{"@id":"https:\/\/www.rucashk.com\/es\/#website"},"breadcrumb":{"@id":"https:\/\/www.rucashk.com\/es\/producto\/xiaomi-70mai-1s-car-dvr-dash-cam-1080p-hd-wholesale\/#breadcrumblist"},"author":{"@id":"https:\/\/www.rucashk.com\/es\/author\/admin\/#author"},"creator":{"@id":"https:\/\/www.rucashk.com\/es\/author\/admin\/#author"},"image":{"@type":"ImageObject","url":"https:\/\/www.rucashk.com\/wp-content\/uploads\/2024\/01\/Original-Xiaomi-70M-70MAI-Smart-WiFi-Car-DVR-1S-D06-Wrieless-Dash-Cam-130-Degree-Mstar-1.jpg_640x640-1.jpg","@id":"https:\/\/www.rucashk.com\/es\/producto\/xiaomi-70mai-1s-car-dvr-dash-cam-1080p-hd-wholesale\/#mainImage","width":800,"height":800},"primaryImageOfPage":{"@id":"https:\/\/www.rucashk.com\/es\/producto\/xiaomi-70mai-1s-car-dvr-dash-cam-1080p-hd-wholesale\/#mainImage"},"datePublished":"2024-01-09T15:32:04+00:00","dateModified":"2024-01-21T10:46:47+00:00"},{"@type":"WebSite","@id":"https:\/\/www.rucashk.com\/es\/#website","url":"https:\/\/www.rucashk.com\/es\/","name":"Rucas - Wholesale and distribution worldwide","alternateName":"Rucas - One-stop AIoT Distribution Worldwide","description":"One-stop AIoT Distribution Worldwide","inLanguage":"es-ES","publisher":{"@id":"https:\/\/www.rucashk.com\/es\/#organization"}}]}},"aioseo_meta_data":{"post_id":"21393","title":null,"description":null,"keywords":null,"keyphrases":null,"primary_term":null,"canonical_url":null,"og_title":null,"og_description":null,"og_object_type":"default","og_image_type":"default","og_image_url":null,"og_image_width":null,"og_image_height":null,"og_image_custom_url":null,"og_image_custom_fields":null,"og_video":null,"og_custom_url":null,"og_article_section":null,"og_article_tags":null,"twitter_use_og":false,"twitter_card":"default","twitter_image_type":"default","twitter_image_url":null,"twitter_image_custom_url":null,"twitter_image_custom_fields":null,"twitter_title":null,"twitter_description":null,"schema":{"blockGraphs":[],"customGraphs":[],"default":{"data":{"Article":[],"Course":[],"Dataset":[],"FAQPage":[],"Movie":[],"Person":[],"Product":[],"Recipe":[],"Service":[],"SoftwareApplication":[],"WebPage":[]},"graphName":"","isEnabled":true},"graphs":[]},"schema_type":"default","schema_type_options":null,"pillar_content":false,"robots_default":true,"robots_noindex":false,"robots_noarchive":false,"robots_nosnippet":false,"robots_nofollow":false,"robots_noimageindex":false,"robots_noodp":false,"robots_notranslate":false,"robots_max_snippet":null,"robots_max_videopreview":null,"robots_max_imagepreview":"large","priority":null,"frequency":null,"local_seo":null,"breadcrumb_settings":null,"limit_modified_date":false,"created":"2024-04-11 01:55:17","updated":"2025-06-22 16:22:13"},"aioseo_breadcrumb":"<div class=\"aioseo-breadcrumbs\"><span class=\"aioseo-breadcrumb\">\n\t<a href=\"https:\/\/www.rucashk.com\/es\" title=\"Home\">Home<\/a>\n<\/span><span class=\"aioseo-breadcrumb-separator\">&raquo;<\/span><span class=\"aioseo-breadcrumb\">\n\t<a href=\"https:\/\/www.rucashk.com\/es\/products\/\" title=\"Productos\">Productos<\/a>\n<\/span><span class=\"aioseo-breadcrumb-separator\">&raquo;<\/span><span class=\"aioseo-breadcrumb\">\n\t<a href=\"https:\/\/www.rucashk.com\/es\/categoria-producto\/e-vehicle-accessories\/\" title=\"E-Vehicle Accessories\">E-Vehicle Accessories<\/a>\n<\/span><span class=\"aioseo-breadcrumb-separator\">&raquo;<\/span><span class=\"aioseo-breadcrumb\">\n\t<a href=\"https:\/\/www.rucashk.com\/es\/categoria-producto\/e-vehicle-accessories\/dash-camera\/\" title=\"Dash Camera\">Dash Camera<\/a>\n<\/span><span class=\"aioseo-breadcrumb-separator\">&raquo;<\/span><span class=\"aioseo-breadcrumb\">\n\tXiaomi 70mai 1S Car DVR Dash Cam 1080P HD Wholesale\n<\/span><\/div>","aioseo_breadcrumb_json":[{"label":"Home","link":"https:\/\/www.rucashk.com\/es"},{"label":"Productos","link":"https:\/\/www.rucashk.com\/es\/products\/"},{"label":"E-Vehicle Accessories","link":"https:\/\/www.rucashk.com\/es\/categoria-producto\/e-vehicle-accessories\/"},{"label":"Dash Camera","link":"https:\/\/www.rucashk.com\/es\/categoria-producto\/e-vehicle-accessories\/dash-camera\/"},{"label":"Xiaomi 70mai 1S Car DVR Dash Cam 1080P HD Wholesale","link":"https:\/\/www.rucashk.com\/es\/producto\/xiaomi-70mai-1s-car-dvr-dash-cam-1080p-hd-wholesale\/"}],"_links":{"self":[{"href":"https:\/\/www.rucashk.com\/es\/wp-json\/wp\/v2\/product\/21393","targetHints":{"allow":["GET"]}}],"collection":[{"href":"https:\/\/www.rucashk.com\/es\/wp-json\/wp\/v2\/product"}],"about":[{"href":"https:\/\/www.rucashk.com\/es\/wp-json\/wp\/v2\/types\/product"}],"wp:featuredmedia":[{"embeddable":true,"href":"https:\/\/www.rucashk.com\/es\/wp-json\/wp\/v2\/media\/21517"}],"wp:attachment":[{"href":"https:\/\/www.rucashk.com\/es\/wp-json\/wp\/v2\/media?parent=21393"}],"wp:term":[{"taxonomy":"product_brand","embeddable":true,"href":"https:\/\/www.rucashk.com\/es\/wp-json\/wp\/v2\/product_brand?post=21393"},{"taxonomy":"product_cat","embeddable":true,"href":"https:\/\/www.rucashk.com\/es\/wp-json\/wp\/v2\/product_cat?post=21393"},{"taxonomy":"product_tag","embeddable":true,"href":"https:\/\/www.rucashk.com\/es\/wp-json\/wp\/v2\/product_tag?post=21393"}],"curies":[{"name":"wp","href":"https:\/\/api.w.org\/{rel}","templated":true}]}}