{"id":21360,"date":"2024-01-09T15:31:41","date_gmt":"2024-01-09T15:31:41","guid":{"rendered":"http:\/\/rucashk.com\/?post_type=product&#038;p=21360"},"modified":"2025-06-22T06:31:14","modified_gmt":"2025-06-22T06:31:14","slug":"roborock-s6-robot-vacuum-cleaner-wholesale","status":"publish","type":"product","link":"https:\/\/www.rucashk.com\/es\/producto\/roborock-s6-robot-vacuum-cleaner-wholesale\/","title":{"rendered":"Roborock S6 Robot Aspirador al por mayor"},"content":{"rendered":"<div class=\"self-adaption\"><img decoding=\"async\" alt=\"Roborock S6 Robot Vacuum Cleaner wholesale\" class=\"aligncenter\" title=\"20190507183515_77708.jpg\" src=\"\/wp-content\/uploads\/replace\/304c1c624d4a38aa541bc8e716c2f86d.jpeg\" \/><\/div>\n<div class=\"self-adaption\" style=\"text-align: center\"><img decoding=\"async\" alt=\"Roborock S6 Robot Vacuum Cleaner wholesale\" title=\"20190507183515_57491.jpg\" src=\"\/wp-content\/uploads\/replace\/3879b2116bcce345bdced32e5b0a28a9.jpeg\" \/><\/div>\n<div class=\"self-adaption\" style=\"text-align: center\"><img decoding=\"async\" alt=\"Roborock S6 Robot Vacuum Cleaner wholesale\" title=\"20190507183516_85060.jpg\" src=\"\/wp-content\/uploads\/replace\/282390ab4ce60887f82cc421a0dadf07.jpeg\" \/><\/div>\n<div class=\"self-adaption\" style=\"text-align: center\"><img decoding=\"async\" alt=\"Roborock S6 Robot Vacuum Cleaner wholesale\" title=\"1557801619747642.jpg\" src=\"\/wp-content\/uploads\/replace\/8ea1f39b1f678c961f78c08bcb734d6c.jpeg\" \/><\/div>\n<div class=\"self-adaption\" style=\"text-align: center\"><img decoding=\"async\" alt=\"Roborock S6 Robot Vacuum Cleaner wholesale\" title=\"20190507183516_29427.jpg\" src=\"\/wp-content\/uploads\/replace\/9d921bd5b3f93d6427ef6f272df1d890.jpeg\" \/><\/div>\n<div class=\"self-adaption\" style=\"text-align: center\"><img decoding=\"async\" alt=\"Roborock S6 Robot Vacuum Cleaner wholesale\" title=\"20190507183516_93447.jpg\" src=\"\/wp-content\/uploads\/replace\/f509294a4d47df795dd748ca16ada0a2.jpeg\" \/><\/div>\n<div class=\"self-adaption\" style=\"text-align: center\"><img decoding=\"async\" alt=\"Roborock S6 Robot Vacuum Cleaner wholesale\" title=\"20190507183516_58905.jpg\" src=\"\/wp-content\/uploads\/replace\/bdcb40f4cafa395fc7fc45d1e0c8a1ac.jpeg\" \/><\/div>\n<div class=\"self-adaption\" style=\"text-align: center\"><img decoding=\"async\" alt=\"Roborock S6 Robot Vacuum Cleaner wholesale\" title=\"20190507183516_12917.jpg\" src=\"\/wp-content\/uploads\/replace\/dbf85bfe1239318c21d734dd1253b62b.jpeg\" \/><\/div>\n<div class=\"self-adaption\" style=\"text-align: center\"><img decoding=\"async\" alt=\"Roborock S6 Robot Vacuum Cleaner wholesale\" title=\"20190819113927_63817.jpg\" src=\"\/wp-content\/uploads\/replace\/e569a700a61dc0cb35a61d98de15a15c.jpeg\" \/><\/div>\n<div class=\"self-adaption\" style=\"text-align: center\"><img decoding=\"async\" alt=\"Roborock S6 Robot Vacuum Cleaner wholesale\" title=\"20190819113927_57148.jpg\" src=\"\/wp-content\/uploads\/replace\/b4143819759579f82f213815c3d31320.jpeg\" \/><\/div>\n<div class=\"self-adaption\" style=\"text-align: center\"><img decoding=\"async\" alt=\"Roborock S6 Robot Vacuum Cleaner wholesale\" title=\"20190819113927_44360.jpg\" src=\"\/wp-content\/uploads\/replace\/26b2b81117300efbc056e06d6cd75f23.jpeg\" \/><\/div>\n<div class=\"self-adaption\" style=\"text-align: center\"><img decoding=\"async\" alt=\"Roborock S6 Robot Vacuum Cleaner wholesale\" title=\"20190819113927_95603.jpg\" src=\"\/wp-content\/uploads\/replace\/ba7613c7c84e4ede8ff4e49e5a697a72.jpeg\" \/><\/div>\n<div class=\"self-adaption\" style=\"text-align: center\"><img decoding=\"async\" alt=\"Roborock S6 Robot Vacuum Cleaner wholesale\" title=\"20190819113927_25669.jpg\" src=\"\/wp-content\/uploads\/replace\/be783a71d5edfa995e0adef6d863a687.jpeg\" \/><\/div>\n<div class=\"self-adaption\" style=\"text-align: center\"><img decoding=\"async\" alt=\"Roborock S6 Robot Vacuum Cleaner wholesale\" title=\"20190819113927_79417.jpg\" src=\"\/wp-content\/uploads\/replace\/e480805ef13c0a2a05492b748b71693b.jpeg\" \/><\/div>\n<div class=\"self-adaption\" style=\"text-align: center\"><img decoding=\"async\" alt=\"Roborock S6 Robot Vacuum Cleaner wholesale\" title=\"20190819113927_71584.jpg\" src=\"\/wp-content\/uploads\/replace\/f1c2304ad45bf5ceca1ffb2e021d2af5.jpeg\" \/><\/div>\n<div class=\"self-adaption\" style=\"text-align: center\"><img decoding=\"async\" alt=\"Roborock S6 Robot Vacuum Cleaner wholesale\" title=\"20190819113928_57732.jpg\" src=\"\/wp-content\/uploads\/replace\/1f0c879eaebd04aa4628a5d0252cc582.jpeg\" \/><\/div>\n<div class=\"self-adaption\" style=\"text-align: center\"><img decoding=\"async\" alt=\"Roborock S6 Robot Vacuum Cleaner wholesale\" title=\"20190819113928_89019.jpg\" src=\"\/wp-content\/uploads\/replace\/1f1c65f62ec2b57356e0572979cf1de6.jpeg\" \/><\/div>\n<div class=\"self-adaption\" style=\"text-align: center\"><img decoding=\"async\" alt=\"Roborock S6 Robot Vacuum Cleaner wholesale\" title=\"20190819113928_10024.jpg\" src=\"\/wp-content\/uploads\/replace\/a28dfbb54b43675d3ba946ed40defce5.jpeg\" \/><\/div>\n<div class=\"self-adaption\" style=\"text-align: center\"><img decoding=\"async\" alt=\"Roborock S6 Robot Vacuum Cleaner wholesale\" title=\"20190819113928_53079.jpg\" src=\"\/wp-content\/uploads\/replace\/5deb308b71e83b3388606a9c0ec6c758.jpeg\" \/><\/div>\n<div class=\"self-adaption\"><img decoding=\"async\" alt=\"Roborock S6 Robot Vacuum Cleaner wholesale\" class=\"aligncenter\" title=\"20190819113928_97085.jpg\" src=\"\/wp-content\/uploads\/replace\/2e31d21d7bb5bd0ee1917b40ba19ca73.jpeg\" \/><\/div>\n<div><\/div>\n<div><b data-spm-anchor-id=\"a2g0o.detail.1000023.i1.719d496dweITgF\">Principales caracter\u00edsticas:<\/b><br \/>\n\u25cf Nueva tecnolog\u00eda de mapeo de IA 1.0, algoritmos actualizados que\u00a0<b>Calcula la forma m\u00e1s r\u00e1pida de limpiar cada habitaci\u00f3n.<\/b>, 20% m\u00e1s r\u00e1pido que Roborock S5.<br \/>\n\u25cf Identificar autom\u00e1ticamente habitaciones,\u00a0<b>Limpia una habitaci\u00f3n con un solo clic o establece horarios para cada habitaci\u00f3n.<\/b><br \/>\n\u25cf\u00a0<b>2 en 1 barrer y trapear<\/b>, tanque bi\u00f3nico de 140 ml con volumen de agua ajustable.<br \/>\n\u25cf El motor Mabuchi proporciona\u00a0<b>2000pa fuerte succi\u00f3n<\/b>, Evita que el polvo se esconda.<br \/>\n\u25cf Escaneo lidar LDS y algoritmo SLAM para dibujar mapas precisos,\u00a0<b>Limpieza en forma de S sin perder ning\u00fan punto.<\/b><br \/>\n\u25cf Aplicaci\u00f3n f\u00e1cil de usar, coloque zonas\/barreras virtuales prohibidas o limpie un \u00e1rea espec\u00edfica.<br \/>\n\u25cf\u00a0<b>Trapo desechable para fregar<\/b>, desechar despu\u00e9s de su uso, sin ensuciarse las manos.<br \/>\n\u25cf\u00a0<b>Cepillo principal desmontable para facilitar la depilaci\u00f3n<\/b>, cerdas de calidad de DuPont, 230% m\u00e1s densas que las normales.<br \/>\n\u25cf 6 sensores de desnivel y escalada de obst\u00e1culos de 2 cm, adecuados para terrenos complejos.<br \/>\n\u25cf Equipado con <a class=\"\" style=\"width: auto !important\" href=\"https:\/\/www.rucashk.com\/es\/updating-of-xiaomi-bluetooth-headset-air-2s-can-resolve-iphone-single-ear-noise\/\" data-wpil-post-to-id=\"7375\">aire de reducci\u00f3n de ruido<\/a> pantalla y silenciador de algod\u00f3n,\u00a0<b>50% m\u00e1s silencioso<\/b> Que el ya silencioso Roborock S5.<br \/>\n\u25cf Bater\u00eda de larga duraci\u00f3n de 5200 mAh y caja de polvo grande de 480 ml, limpieza continua durante 150 minutos, cubre 250 metros cuadrados.<br \/>\n\u25cf Organizador de cables integrado, aparte el cable del reloj de carga y mantenga su hogar elegante.<br \/>\n\u25cf Barrer y trapear simult\u00e1neamente.<br \/>\n\u25cf Vigile de cerca <a class=\"\" style=\"width: auto !important\" href=\"https:\/\/www.rucashk.com\/es\/producto\/mi-handheld-wireless-vacuum-cleaner-1c\/\" data-wpil-post-to-id=\"4569\">Progreso de la limpieza con mapeo de rutas en tiempo real en Mi<\/a> Aplicaci\u00f3n de inicio.<br \/>\n\u25cf F\u00e1cil mantenimiento, puede seguir us\u00e1ndose por m\u00e1s tiempo.<\/div>","protected":false},"excerpt":{"rendered":"<p>El robot aspirador Roborock S6 aspira autom\u00e1ticamente su habitaci\u00f3n, la navegaci\u00f3n Roborock mejorada mapea su casa y planifica la ruta en tiempo real.\u00a0<b data-spm-anchor-id=\"a2g0o.detail.1000023.i2.719d496dweITgF\">20% m\u00e1s eficiente que el S5<\/b>\u00a0Gracias al mapeo de vanguardia, S6 identifica habitaciones, puede limpiar una habitaci\u00f3n con un solo clic y establecer horarios para cada habitaci\u00f3n. Es un robot aspirador y trapeador, barre y pasa el trapeador al mismo tiempo,\u00a0<b>no falta ning\u00fan punto, no hay fugas de agua<\/b>, trabajar una vez, limpiar a fondo. Los trapos desechables se pueden tirar despu\u00e9s de su uso, sin necesidad de ensuciarse las manos.<\/p>","protected":false},"featured_media":21501,"template":"","meta":[],"product_brand":[1371],"product_cat":[1312,1305],"product_tag":[455],"class_list":{"0":"post-21360","1":"product","2":"type-product","3":"status-publish","4":"has-post-thumbnail","6":"product_brand-roborock","7":"product_cat-roborock-vacuum-cleaner","8":"product_cat-xiaomi-eco","9":"product_tag-roborock","11":"first","12":"instock","13":"shipping-taxable","14":"product-type-external"},"aioseo_notices":[],"aioseo_head":"\n\t\t<!-- All in One SEO Pro 4.5.9.2 - aioseo.com -->\n\t\t<meta name=\"description\" content=\"Roborock S6 robot vacuum cleaner automatically vacuums your room, the upgraded Roborock navigation maps your house and plans the route in real-time, 20% more efficient than S5 thanks to the cutting-edge mapping, S6 identifies rooms, you can one-click clean a room and set schedules for each room. It is a robot vacuum and mop, sweeps and mops at the same time, no missing spot, no water leakage, work once, thoroughly clean. The disposable mopping rags can be thrown away after use, no need to get hands dirty.\" \/>\n\t\t<meta name=\"robots\" content=\"max-image-preview:large\" \/>\n\t\t<link rel=\"canonical\" href=\"https:\/\/www.rucashk.com\/es\/producto\/roborock-s6-robot-vacuum-cleaner-wholesale\/\" \/>\n\t\t<meta name=\"generator\" content=\"All in One SEO Pro (AIOSEO) 4.5.9.2\" \/>\n\t\t<meta property=\"og:locale\" content=\"es_ES\" \/>\n\t\t<meta property=\"og:site_name\" content=\"Rucas - One-stop AIoT Distribution Worldwide\" \/>\n\t\t<meta property=\"og:type\" content=\"article\" \/>\n\t\t<meta property=\"og:title\" content=\"Roborock S6 Robot Vacuum Cleaner wholesale - Rucas - Wholesale and Distribution\" \/>\n\t\t<meta property=\"og:description\" content=\"Roborock S6 robot vacuum cleaner automatically vacuums your room, the upgraded Roborock navigation maps your house and plans the route in real-time, 20% more efficient than S5 thanks to the cutting-edge mapping, S6 identifies rooms, you can one-click clean a room and set schedules for each room. It is a robot vacuum and mop, sweeps and mops at the same time, no missing spot, no water leakage, work once, thoroughly clean. The disposable mopping rags can be thrown away after use, no need to get hands dirty.\" \/>\n\t\t<meta property=\"og:url\" content=\"https:\/\/www.rucashk.com\/es\/producto\/roborock-s6-robot-vacuum-cleaner-wholesale\/\" \/>\n\t\t<meta property=\"og:image\" content=\"https:\/\/www.rucashk.com\/wp-content\/uploads\/replace\/503b8e645f128a97ccde2b6290747646.jpeg\" \/>\n\t\t<meta property=\"og:image:secure_url\" content=\"https:\/\/www.rucashk.com\/wp-content\/uploads\/replace\/503b8e645f128a97ccde2b6290747646.jpeg\" \/>\n\t\t<meta property=\"og:image:width\" content=\"1456\" \/>\n\t\t<meta property=\"og:image:height\" content=\"816\" \/>\n\t\t<meta property=\"article:published_time\" content=\"2024-01-09T15:31:41+00:00\" \/>\n\t\t<meta property=\"article:modified_time\" content=\"2025-06-22T06:31:14+00:00\" \/>\n\t\t<meta name=\"twitter:card\" content=\"summary_large_image\" \/>\n\t\t<meta name=\"twitter:title\" content=\"Roborock S6 Robot Vacuum Cleaner wholesale - Rucas - Wholesale and Distribution\" \/>\n\t\t<meta name=\"twitter:description\" content=\"Roborock S6 robot vacuum cleaner automatically vacuums your room, the upgraded Roborock navigation maps your house and plans the route in real-time, 20% more efficient than S5 thanks to the cutting-edge mapping, S6 identifies rooms, you can one-click clean a room and set schedules for each room. It is a robot vacuum and mop, sweeps and mops at the same time, no missing spot, no water leakage, work once, thoroughly clean. The disposable mopping rags can be thrown away after use, no need to get hands dirty.\" \/>\n\t\t<meta name=\"twitter:image\" content=\"https:\/\/www.rucashk.com\/wp-content\/uploads\/replace\/503b8e645f128a97ccde2b6290747646.jpeg\" \/>\n\t\t<script type=\"application\/ld+json\" class=\"aioseo-schema\">\n\t\t\t{\"@context\":\"https:\\\/\\\/schema.org\",\"@graph\":[{\"@type\":\"BreadcrumbList\",\"@id\":\"https:\\\/\\\/www.rucashk.com\\\/es\\\/producto\\\/roborock-s6-robot-vacuum-cleaner-wholesale\\\/#breadcrumblist\",\"itemListElement\":[{\"@type\":\"ListItem\",\"@id\":\"https:\\\/\\\/www.rucashk.com\\\/es\\\/#listItem\",\"position\":1,\"name\":\"Home\",\"item\":\"https:\\\/\\\/www.rucashk.com\\\/es\\\/\",\"nextItem\":\"https:\\\/\\\/www.rucashk.com\\\/es\\\/producto\\\/roborock-s6-robot-vacuum-cleaner-wholesale\\\/#listItem\"},{\"@type\":\"ListItem\",\"@id\":\"https:\\\/\\\/www.rucashk.com\\\/es\\\/producto\\\/roborock-s6-robot-vacuum-cleaner-wholesale\\\/#listItem\",\"position\":2,\"name\":\"Roborock S6 Robot Vacuum Cleaner wholesale\",\"previousItem\":\"https:\\\/\\\/www.rucashk.com\\\/es\\\/#listItem\"}]},{\"@type\":\"Organization\",\"@id\":\"https:\\\/\\\/www.rucashk.com\\\/es\\\/#organization\",\"name\":\"Rucas\",\"url\":\"https:\\\/\\\/www.rucashk.com\\\/es\\\/\",\"logo\":{\"@type\":\"ImageObject\",\"url\":\"https:\\\/\\\/www.rucashk.com\\\/wp-content\\\/uploads\\\/2023\\\/12\\\/Rucas_campany_logo.png\",\"@id\":\"https:\\\/\\\/www.rucashk.com\\\/es\\\/producto\\\/roborock-s6-robot-vacuum-cleaner-wholesale\\\/#organizationLogo\",\"width\":221,\"height\":65},\"image\":{\"@id\":\"https:\\\/\\\/www.rucashk.com\\\/es\\\/#organizationLogo\"}},{\"@type\":\"Person\",\"@id\":\"https:\\\/\\\/www.rucashk.com\\\/es\\\/author\\\/admin\\\/#author\",\"url\":\"https:\\\/\\\/www.rucashk.com\\\/es\\\/author\\\/admin\\\/\",\"name\":\"admin\",\"image\":{\"@type\":\"ImageObject\",\"@id\":\"https:\\\/\\\/www.rucashk.com\\\/es\\\/producto\\\/roborock-s6-robot-vacuum-cleaner-wholesale\\\/#authorImage\",\"url\":\"https:\\\/\\\/secure.gravatar.com\\\/avatar\\\/b7c8925b09a27e72b30232f8ecaadbd5af0f70a38c78096863fe51b64f031c24?s=96&d=mm&r=g\",\"width\":96,\"height\":96,\"caption\":\"admin\"}},{\"@type\":\"WebPage\",\"@id\":\"https:\\\/\\\/www.rucashk.com\\\/es\\\/producto\\\/roborock-s6-robot-vacuum-cleaner-wholesale\\\/#webpage\",\"url\":\"https:\\\/\\\/www.rucashk.com\\\/es\\\/producto\\\/roborock-s6-robot-vacuum-cleaner-wholesale\\\/\",\"name\":\"Roborock S6 Robot Vacuum Cleaner wholesale - Rucas - Wholesale and Distribution\",\"description\":\"Roborock S6 robot vacuum cleaner automatically vacuums your room, the upgraded Roborock navigation maps your house and plans the route in real-time, 20% more efficient than S5 thanks to the cutting-edge mapping, S6 identifies rooms, you can one-click clean a room and set schedules for each room. It is a robot vacuum and mop, sweeps and mops at the same time, no missing spot, no water leakage, work once, thoroughly clean. The disposable mopping rags can be thrown away after use, no need to get hands dirty.\",\"inLanguage\":\"es-ES\",\"isPartOf\":{\"@id\":\"https:\\\/\\\/www.rucashk.com\\\/es\\\/#website\"},\"breadcrumb\":{\"@id\":\"https:\\\/\\\/www.rucashk.com\\\/es\\\/producto\\\/roborock-s6-robot-vacuum-cleaner-wholesale\\\/#breadcrumblist\"},\"author\":{\"@id\":\"https:\\\/\\\/www.rucashk.com\\\/es\\\/author\\\/admin\\\/#author\"},\"creator\":{\"@id\":\"https:\\\/\\\/www.rucashk.com\\\/es\\\/author\\\/admin\\\/#author\"},\"image\":{\"@type\":\"ImageObject\",\"url\":\"https:\\\/\\\/www.rucashk.com\\\/wp-content\\\/uploads\\\/2024\\\/01\\\/Roborock-S6-White-Robot-Vacuum-Cleaner-Home-Automatic-Sweeping-Dust-Sterilize-Smart-Planned-Washing-Mopping-from-4.jpg\",\"@id\":\"https:\\\/\\\/www.rucashk.com\\\/es\\\/producto\\\/roborock-s6-robot-vacuum-cleaner-wholesale\\\/#mainImage\",\"width\":800,\"height\":800},\"primaryImageOfPage\":{\"@id\":\"https:\\\/\\\/www.rucashk.com\\\/es\\\/producto\\\/roborock-s6-robot-vacuum-cleaner-wholesale\\\/#mainImage\"},\"datePublished\":\"2024-01-09T15:31:41+00:00\",\"dateModified\":\"2025-06-22T06:31:14+00:00\"},{\"@type\":\"WebSite\",\"@id\":\"https:\\\/\\\/www.rucashk.com\\\/es\\\/#website\",\"url\":\"https:\\\/\\\/www.rucashk.com\\\/es\\\/\",\"name\":\"Rucas - Wholesale and distribution worldwide\",\"alternateName\":\"Rucas - One-stop AIoT Distribution Worldwide\",\"description\":\"One-stop AIoT Distribution Worldwide\",\"inLanguage\":\"es-ES\",\"publisher\":{\"@id\":\"https:\\\/\\\/www.rucashk.com\\\/es\\\/#organization\"}}]}\n\t\t<\/script>\n\t\t<!-- All in One SEO Pro -->\r\n\t\t<title>Roborock S6 Robot Vacuum Cleaner wholesale - Rucas - Wholesale and Distribution<\/title>\n\n","aioseo_head_json":{"title":"Roborock S6 Robot Vacuum Cleaner wholesale - Rucas - Wholesale and Distribution","description":"Roborock S6 robot vacuum cleaner automatically vacuums your room, the upgraded Roborock navigation maps your house and plans the route in real-time, 20% more efficient than S5 thanks to the cutting-edge mapping, S6 identifies rooms, you can one-click clean a room and set schedules for each room. It is a robot vacuum and mop, sweeps and mops at the same time, no missing spot, no water leakage, work once, thoroughly clean. The disposable mopping rags can be thrown away after use, no need to get hands dirty.","canonical_url":"https:\/\/www.rucashk.com\/es\/producto\/roborock-s6-robot-vacuum-cleaner-wholesale\/","robots":"max-image-preview:large","keywords":"","webmasterTools":{"miscellaneous":""},"og:locale":"es_ES","og:site_name":"Rucas - One-stop AIoT Distribution Worldwide","og:type":"article","og:title":"Roborock S6 Robot Vacuum Cleaner wholesale - Rucas - Wholesale and Distribution","og:description":"Roborock S6 robot vacuum cleaner automatically vacuums your room, the upgraded Roborock navigation maps your house and plans the route in real-time, 20% more efficient than S5 thanks to the cutting-edge mapping, S6 identifies rooms, you can one-click clean a room and set schedules for each room. It is a robot vacuum and mop, sweeps and mops at the same time, no missing spot, no water leakage, work once, thoroughly clean. The disposable mopping rags can be thrown away after use, no need to get hands dirty.","og:url":"https:\/\/www.rucashk.com\/es\/producto\/roborock-s6-robot-vacuum-cleaner-wholesale\/","og:image":"https:\/\/www.rucashk.com\/wp-content\/uploads\/replace\/503b8e645f128a97ccde2b6290747646.jpeg","og:image:secure_url":"https:\/\/www.rucashk.com\/wp-content\/uploads\/replace\/503b8e645f128a97ccde2b6290747646.jpeg","og:image:width":1456,"og:image:height":816,"article:published_time":"2024-01-09T15:31:41+00:00","article:modified_time":"2025-06-22T06:31:14+00:00","twitter:card":"summary_large_image","twitter:title":"Roborock S6 Robot Vacuum Cleaner wholesale - Rucas - Wholesale and Distribution","twitter:description":"Roborock S6 robot vacuum cleaner automatically vacuums your room, the upgraded Roborock navigation maps your house and plans the route in real-time, 20% more efficient than S5 thanks to the cutting-edge mapping, S6 identifies rooms, you can one-click clean a room and set schedules for each room. It is a robot vacuum and mop, sweeps and mops at the same time, no missing spot, no water leakage, work once, thoroughly clean. The disposable mopping rags can be thrown away after use, no need to get hands dirty.","twitter:image":"https:\/\/www.rucashk.com\/wp-content\/uploads\/replace\/503b8e645f128a97ccde2b6290747646.jpeg","schema":{"@context":"https:\/\/schema.org","@graph":[{"@type":"BreadcrumbList","@id":"https:\/\/www.rucashk.com\/es\/producto\/roborock-s6-robot-vacuum-cleaner-wholesale\/#breadcrumblist","itemListElement":[{"@type":"ListItem","@id":"https:\/\/www.rucashk.com\/es\/#listItem","position":1,"name":"Home","item":"https:\/\/www.rucashk.com\/es\/","nextItem":"https:\/\/www.rucashk.com\/es\/producto\/roborock-s6-robot-vacuum-cleaner-wholesale\/#listItem"},{"@type":"ListItem","@id":"https:\/\/www.rucashk.com\/es\/producto\/roborock-s6-robot-vacuum-cleaner-wholesale\/#listItem","position":2,"name":"Roborock S6 Robot Vacuum Cleaner wholesale","previousItem":"https:\/\/www.rucashk.com\/es\/#listItem"}]},{"@type":"Organization","@id":"https:\/\/www.rucashk.com\/es\/#organization","name":"Rucas","url":"https:\/\/www.rucashk.com\/es\/","logo":{"@type":"ImageObject","url":"https:\/\/www.rucashk.com\/wp-content\/uploads\/2023\/12\/Rucas_campany_logo.png","@id":"https:\/\/www.rucashk.com\/es\/producto\/roborock-s6-robot-vacuum-cleaner-wholesale\/#organizationLogo","width":221,"height":65},"image":{"@id":"https:\/\/www.rucashk.com\/es\/#organizationLogo"}},{"@type":"Person","@id":"https:\/\/www.rucashk.com\/es\/author\/admin\/#author","url":"https:\/\/www.rucashk.com\/es\/author\/admin\/","name":"admin","image":{"@type":"ImageObject","@id":"https:\/\/www.rucashk.com\/es\/producto\/roborock-s6-robot-vacuum-cleaner-wholesale\/#authorImage","url":"https:\/\/secure.gravatar.com\/avatar\/b7c8925b09a27e72b30232f8ecaadbd5af0f70a38c78096863fe51b64f031c24?s=96&d=mm&r=g","width":96,"height":96,"caption":"admin"}},{"@type":"WebPage","@id":"https:\/\/www.rucashk.com\/es\/producto\/roborock-s6-robot-vacuum-cleaner-wholesale\/#webpage","url":"https:\/\/www.rucashk.com\/es\/producto\/roborock-s6-robot-vacuum-cleaner-wholesale\/","name":"Roborock S6 Robot Vacuum Cleaner wholesale - Rucas - Wholesale and Distribution","description":"Roborock S6 robot vacuum cleaner automatically vacuums your room, the upgraded Roborock navigation maps your house and plans the route in real-time, 20% more efficient than S5 thanks to the cutting-edge mapping, S6 identifies rooms, you can one-click clean a room and set schedules for each room. It is a robot vacuum and mop, sweeps and mops at the same time, no missing spot, no water leakage, work once, thoroughly clean. The disposable mopping rags can be thrown away after use, no need to get hands dirty.","inLanguage":"es-ES","isPartOf":{"@id":"https:\/\/www.rucashk.com\/es\/#website"},"breadcrumb":{"@id":"https:\/\/www.rucashk.com\/es\/producto\/roborock-s6-robot-vacuum-cleaner-wholesale\/#breadcrumblist"},"author":{"@id":"https:\/\/www.rucashk.com\/es\/author\/admin\/#author"},"creator":{"@id":"https:\/\/www.rucashk.com\/es\/author\/admin\/#author"},"image":{"@type":"ImageObject","url":"https:\/\/www.rucashk.com\/wp-content\/uploads\/2024\/01\/Roborock-S6-White-Robot-Vacuum-Cleaner-Home-Automatic-Sweeping-Dust-Sterilize-Smart-Planned-Washing-Mopping-from-4.jpg","@id":"https:\/\/www.rucashk.com\/es\/producto\/roborock-s6-robot-vacuum-cleaner-wholesale\/#mainImage","width":800,"height":800},"primaryImageOfPage":{"@id":"https:\/\/www.rucashk.com\/es\/producto\/roborock-s6-robot-vacuum-cleaner-wholesale\/#mainImage"},"datePublished":"2024-01-09T15:31:41+00:00","dateModified":"2025-06-22T06:31:14+00:00"},{"@type":"WebSite","@id":"https:\/\/www.rucashk.com\/es\/#website","url":"https:\/\/www.rucashk.com\/es\/","name":"Rucas - Wholesale and distribution worldwide","alternateName":"Rucas - One-stop AIoT Distribution Worldwide","description":"One-stop AIoT Distribution Worldwide","inLanguage":"es-ES","publisher":{"@id":"https:\/\/www.rucashk.com\/es\/#organization"}}]}},"aioseo_meta_data":{"post_id":"21360","title":null,"description":null,"keywords":null,"keyphrases":null,"primary_term":null,"canonical_url":null,"og_title":null,"og_description":null,"og_object_type":"default","og_image_type":"default","og_image_url":null,"og_image_width":null,"og_image_height":null,"og_image_custom_url":null,"og_image_custom_fields":null,"og_video":"","og_custom_url":null,"og_article_section":null,"og_article_tags":null,"twitter_use_og":false,"twitter_card":"default","twitter_image_type":"default","twitter_image_url":null,"twitter_image_custom_url":null,"twitter_image_custom_fields":null,"twitter_title":null,"twitter_description":null,"schema":{"blockGraphs":[],"customGraphs":[],"default":{"data":{"Article":[],"Course":[],"Dataset":[],"FAQPage":[],"Movie":[],"Person":[],"Product":[],"Recipe":[],"Service":[],"SoftwareApplication":[],"WebPage":[]},"graphName":"","isEnabled":true},"graphs":[]},"schema_type":"default","schema_type_options":null,"pillar_content":false,"robots_default":true,"robots_noindex":false,"robots_noarchive":false,"robots_nosnippet":false,"robots_nofollow":false,"robots_noimageindex":false,"robots_noodp":false,"robots_notranslate":false,"robots_max_snippet":"-1","robots_max_videopreview":"-1","robots_max_imagepreview":"large","priority":null,"frequency":"default","local_seo":null,"breadcrumb_settings":null,"limit_modified_date":false,"created":"2024-04-11 01:55:17","updated":"2025-06-22 16:22:11"},"aioseo_breadcrumb":"<div class=\"aioseo-breadcrumbs\"><span class=\"aioseo-breadcrumb\">\n\t<a href=\"https:\/\/www.rucashk.com\/es\" title=\"Home\">Home<\/a>\n<\/span><span class=\"aioseo-breadcrumb-separator\">&raquo;<\/span><span class=\"aioseo-breadcrumb\">\n\t<a href=\"https:\/\/www.rucashk.com\/es\/products\/\" title=\"Productos\">Productos<\/a>\n<\/span><span class=\"aioseo-breadcrumb-separator\">&raquo;<\/span><span class=\"aioseo-breadcrumb\">\n\t<a href=\"https:\/\/www.rucashk.com\/es\/marca\/roborock\/\" title=\"Roborock\">Roborock<\/a>\n<\/span><span class=\"aioseo-breadcrumb-separator\">&raquo;<\/span><span class=\"aioseo-breadcrumb\">\n\tRoborock S6 Robot Vacuum Cleaner wholesale\n<\/span><\/div>","aioseo_breadcrumb_json":[{"label":"Home","link":"https:\/\/www.rucashk.com\/es"},{"label":"Productos","link":"https:\/\/www.rucashk.com\/es\/products\/"},{"label":"Roborock","link":"https:\/\/www.rucashk.com\/es\/marca\/roborock\/"},{"label":"Roborock S6 Robot Vacuum Cleaner wholesale","link":"https:\/\/www.rucashk.com\/es\/producto\/roborock-s6-robot-vacuum-cleaner-wholesale\/"}],"_links":{"self":[{"href":"https:\/\/www.rucashk.com\/es\/wp-json\/wp\/v2\/product\/21360","targetHints":{"allow":["GET"]}}],"collection":[{"href":"https:\/\/www.rucashk.com\/es\/wp-json\/wp\/v2\/product"}],"about":[{"href":"https:\/\/www.rucashk.com\/es\/wp-json\/wp\/v2\/types\/product"}],"wp:featuredmedia":[{"embeddable":true,"href":"https:\/\/www.rucashk.com\/es\/wp-json\/wp\/v2\/media\/21501"}],"wp:attachment":[{"href":"https:\/\/www.rucashk.com\/es\/wp-json\/wp\/v2\/media?parent=21360"}],"wp:term":[{"taxonomy":"product_brand","embeddable":true,"href":"https:\/\/www.rucashk.com\/es\/wp-json\/wp\/v2\/product_brand?post=21360"},{"taxonomy":"product_cat","embeddable":true,"href":"https:\/\/www.rucashk.com\/es\/wp-json\/wp\/v2\/product_cat?post=21360"},{"taxonomy":"product_tag","embeddable":true,"href":"https:\/\/www.rucashk.com\/es\/wp-json\/wp\/v2\/product_tag?post=21360"}],"curies":[{"name":"wp","href":"https:\/\/api.w.org\/{rel}","templated":true}]}}