{"id":21323,"date":"2024-01-09T15:31:17","date_gmt":"2024-01-09T15:31:17","guid":{"rendered":"http:\/\/rucashk.com\/?post_type=product&#038;p=21323"},"modified":"2025-06-22T07:34:51","modified_gmt":"2025-06-22T07:34:51","slug":"xiaomi-redmi-power-bank-20000mah-wholesale","status":"publish","type":"product","link":"https:\/\/www.rucashk.com\/es\/producto\/xiaomi-redmi-power-bank-20000mah-wholesale\/","title":{"rendered":"Xiaomi Redmi Power Bank 20000mAh al por mayor"},"content":{"rendered":"<div class=\"detailmodule_text-image\"><img decoding=\"async\" class=\"detail-desc-decorate-image aligncenter\" src=\"https:\/\/www.rucashk.com\/wp-content\/uploads\/2020\/05\/Hc65578134dfc4efdb37e6e37f413b8f2h.jpg\" \/><\/div>\n<div class=\"detailmodule_text-image\" style=\"text-align: center\">\n<p class=\"detail-desc-decorate-title\"><a class=\"\" style=\"width: auto !important\" href=\"https:\/\/www.rucashk.com\/es\/producto\/xiaomi-zmi-power-bank-2-20000mah-27w-charger-qc-3-0-power-supp\/\" data-wpil-post-to-id=\"2701\">Gran potencia de 20000 mAh, carga r\u00e1pida de 2 v\u00edas<\/a><\/p>\n<p class=\"detail-desc-decorate-content\">Puede <a class=\"\" style=\"width: auto !important\" href=\"https:\/\/www.rucashk.com\/es\/producto\/xiaomi-mi-power-bank-3-10000-mah-quick-charge-supports-18w-charging\/\" data-wpil-post-to-id=\"2674\">carga xiaomi 9 4 veces cuando est\u00e9 lleno de energ\u00eda,<\/a> y a\u00fan queda energ\u00eda.<\/p>\n<p><img decoding=\"async\" class=\"detail-desc-decorate-image aligncenter\" src=\"https:\/\/www.rucashk.com\/wp-content\/uploads\/2020\/05\/H3014749cb7fe4c0ea2daf16a03807631e.jpg\" \/><\/p>\n<\/div>\n<div class=\"detailmodule_text-image\" style=\"text-align: center\">\n<p class=\"detail-desc-decorate-title\">Dos interfaces de salida USB-A<\/p>\n<p class=\"detail-desc-decorate-content\">Banco de energ\u00eda Redmi <a class=\"\" style=\"width: auto !important\" href=\"https:\/\/www.rucashk.com\/es\/producto\/xiaomi-car-charger-18w-quick-charge-metal-casing-dual-usb\/\" data-wpil-post-to-id=\"2655\">La versi\u00f3n r\u00e1pida tiene dos salidas USB-A, la salida USB \u00fanica puede alcanzar una carga r\u00e1pida de hasta 18 W, mientras que la doble<\/a> La salida USB puede alcanzar hasta 5,1 V 3,6 A, lo que satisface la demanda de carga tanto de tel\u00e9fonos como de tabletas.<\/p>\n<p><img decoding=\"async\" class=\"detail-desc-decorate-image aligncenter\" src=\"https:\/\/www.rucashk.com\/wp-content\/uploads\/2020\/05\/H08af5cf553b44a6891f183dd2979be66t.jpg\" \/><img decoding=\"async\" class=\"detail-desc-decorate-image aligncenter\" src=\"https:\/\/www.rucashk.com\/wp-content\/uploads\/2020\/05\/H482221e78508465a9d9baf26768068f2s.jpg\" \/><\/p>\n<\/div>\n<div class=\"detailmodule_text-image\" style=\"text-align: center\">\n<p class=\"detail-desc-decorate-title\">Micro <a class=\"\" style=\"width: auto !important\" href=\"https:\/\/www.rucashk.com\/es\/producto\/roidmi-c1-quick-and-intelligent-car-charger-metal-dual-usb\/\" data-wpil-post-to-id=\"2628\">USB y USB-C duales<\/a> Interfaz de entrada<\/p>\n<p class=\"detail-desc-decorate-content\">Los dispositivos Android tienen Micro <a class=\"\" style=\"width: auto !important\" href=\"https:\/\/www.rucashk.com\/es\/producto\/xiaomi-mi-car-charger-qc3-0-x2-dual-usb-quick-charge\/\" data-wpil-post-to-id=\"2642\">Interfaz USB o USB-C, solo use su cable Android original para cargar<\/a> el banco de energ\u00eda<\/p>\n<p><img decoding=\"async\" class=\"detail-desc-decorate-image aligncenter\" src=\"https:\/\/www.rucashk.com\/wp-content\/uploads\/2020\/05\/HTB13WpfbAP2gK0jSZPxq6ycQpXal.jpg\" \/><\/p>\n<\/div>\n<div class=\"detailmodule_text-image\" style=\"text-align: center\">\n<p class=\"detail-desc-decorate-title\">Bater\u00eda de pol\u00edmero de litio<\/p>\n<p><img decoding=\"async\" class=\"detail-desc-decorate-image aligncenter\" src=\"https:\/\/www.rucashk.com\/wp-content\/uploads\/2020\/05\/H156d2a600cd54ea3bcfdee937a0ff625l.jpg\" \/><\/p>\n<\/div>\n<div class=\"detailmodule_text-image\" style=\"text-align: center\">\n<p class=\"detail-desc-decorate-title\">Chip de circuito de alta calidad<\/p>\n<p class=\"detail-desc-decorate-content\">Protecci\u00f3n m\u00faltiple<\/p>\n<p><img decoding=\"async\" class=\"detail-desc-decorate-image aligncenter\" src=\"https:\/\/www.rucashk.com\/wp-content\/uploads\/2020\/05\/HTB1GqFgbuL2gK0jSZFmq6A7iXXaH.jpg\" \/><\/p>\n<\/div>\n<div class=\"detailmodule_text-image\" style=\"text-align: center\">\n<p class=\"detail-desc-decorate-title\">Micro <a class=\"\" style=\"width: auto !important\" href=\"https:\/\/www.rucashk.com\/es\/producto\/xiaomi-70mai-dual-usb-car-quick-charge-adapter-for-smart-phone\/\" data-wpil-post-to-id=\"2526\">USB y USB-C duales<\/a> Interfaz de entrada<\/p>\n<p class=\"detail-desc-decorate-content\">Los dispositivos Android tienen Micro USB o <a class=\"\" style=\"width: auto !important\" href=\"https:\/\/www.rucashk.com\/es\/producto\/xiaomi-mi-usb-c-charger-65w-output-rate-socket-power-adapter\/\" data-wpil-post-to-id=\"2611\">Interfaz USB-C, solo use su cable Android original para cargar la energ\u00eda<\/a> banco<\/p>\n<p><img decoding=\"async\" class=\"detail-desc-decorate-image aligncenter\" src=\"https:\/\/www.rucashk.com\/wp-content\/uploads\/2020\/05\/HTB13WpfbAP2gK0jSZPxq6ycQpXal.jpg\" \/><\/p>\n<\/div>\n<div class=\"detailmodule_text-image\" style=\"text-align: center\"><img decoding=\"async\" class=\"detail-desc-decorate-image aligncenter\" src=\"https:\/\/www.rucashk.com\/wp-content\/uploads\/2020\/05\/Ha2608fc057024a9dbb1800624e1da28eD.jpg\" \/><\/div>\n<div class=\"detailmodule_text-image\" style=\"text-align: center\"><img decoding=\"async\" class=\"detail-desc-decorate-image aligncenter\" src=\"https:\/\/www.rucashk.com\/wp-content\/uploads\/2020\/05\/HTB1uxVcbpT7gK0jSZFpq6yTkpXaI.jpg\" \/><\/div>\n<div class=\"detailmodule_text-image\"><img decoding=\"async\" class=\"detail-desc-decorate-image aligncenter\" src=\"https:\/\/www.rucashk.com\/wp-content\/uploads\/2020\/05\/HTB1uxVcbpT7gK0jSZFpq6yTkpXaI.jpg\" \/><\/div>","protected":false},"excerpt":{"rendered":"<p><strong>Xiaomi Redmi Power Bank 20000mAh Salida USB dual Carga de alta velocidad<\/strong><\/p>\n<p><strong>Principales caracter\u00edsticas<\/strong><br \/>\n\u25cf20000mAh Large Capacity<br \/>\nMore durable and optimises charging efficiency, offer constant power<\/p>\n<p>\u25cfDual USB Input and Output<br \/>\nTwo USB ports, which can charge the devices at the same time, the USB-C and Micro USB provide two charging ways, convenient and fast<\/p>\n<p>\u25cfUp to 18W Power Input<br \/>\n12V \/ 1.5A, 9V \/ 2.1A up to 18W power input, deliver fast and efficient charging for each connected device.<\/p>\n<p>\u25cfHigh-density Lithium Polymer Batteries<br \/>\nAdopts premium Lithium polymer battery cells. It&#8217;s compatible with smartphones and tablets as well as a variety of digital cameras and handheld gaming devices.<\/p>","protected":false},"featured_media":21462,"template":"","meta":[],"product_brand":[1363],"product_cat":[1343,1305],"product_tag":[450],"class_list":{"0":"post-21323","1":"product","2":"type-product","3":"status-publish","4":"has-post-thumbnail","6":"product_brand-xiaomi","7":"product_cat-mi-redmi-power-bank","8":"product_cat-xiaomi-eco","9":"product_tag-xiaomi-redmi-power-bank-20000mah","11":"first","12":"instock","13":"shipping-taxable","14":"product-type-external"},"aioseo_notices":[],"aioseo_head":"\n\t\t<!-- All in One SEO Pro 4.5.9.2 - aioseo.com -->\n\t\t<meta name=\"description\" content=\"Xiaomi Redmi Power Bank 20000mAh Dual USB Output High-speed Charging Main Features \u25cf20000mAh Large Capacity More durable and optimises charging efficiency, offer constant power \u25cfDual USB Input and Output Two USB ports, which can charge the devices at the same time, the USB-C and Micro USB provide two charging ways, convenient and fast \u25cfUp to 18W Power Input 12V \/ 1.5A, 9V \/ 2.1A up to 18W power input, deliver fast and efficient charging for each connected device. \u25cfHigh-density Lithium Polymer Batteries Adopts premium Lithium polymer battery cells. It&#039;s compatible with smartphones and tablets as well as a variety of digital cameras and handheld gaming devices.\" \/>\n\t\t<meta name=\"robots\" content=\"max-image-preview:large\" \/>\n\t\t<link rel=\"canonical\" href=\"https:\/\/www.rucashk.com\/es\/producto\/xiaomi-redmi-power-bank-20000mah-wholesale\/\" \/>\n\t\t<meta name=\"generator\" content=\"All in One SEO Pro (AIOSEO) 4.5.9.2\" \/>\n\t\t<meta property=\"og:locale\" content=\"es_ES\" \/>\n\t\t<meta property=\"og:site_name\" content=\"Rucas - One-stop AIoT Distribution Worldwide\" \/>\n\t\t<meta property=\"og:type\" content=\"article\" \/>\n\t\t<meta property=\"og:title\" content=\"Xiaomi Redmi Power Bank 20000mAh Wholesale - Rucas - Wholesale and Distribution\" \/>\n\t\t<meta property=\"og:description\" content=\"Xiaomi Redmi Power Bank 20000mAh Dual USB Output High-speed Charging Main Features \u25cf20000mAh Large Capacity More durable and optimises charging efficiency, offer constant power \u25cfDual USB Input and Output Two USB ports, which can charge the devices at the same time, the USB-C and Micro USB provide two charging ways, convenient and fast \u25cfUp to 18W Power Input 12V \/ 1.5A, 9V \/ 2.1A up to 18W power input, deliver fast and efficient charging for each connected device. \u25cfHigh-density Lithium Polymer Batteries Adopts premium Lithium polymer battery cells. It&#039;s compatible with smartphones and tablets as well as a variety of digital cameras and handheld gaming devices.\" \/>\n\t\t<meta property=\"og:url\" content=\"https:\/\/www.rucashk.com\/es\/producto\/xiaomi-redmi-power-bank-20000mah-wholesale\/\" \/>\n\t\t<meta property=\"og:image\" content=\"https:\/\/www.rucashk.com\/wp-content\/uploads\/replace\/503b8e645f128a97ccde2b6290747646.jpeg\" \/>\n\t\t<meta property=\"og:image:secure_url\" content=\"https:\/\/www.rucashk.com\/wp-content\/uploads\/replace\/503b8e645f128a97ccde2b6290747646.jpeg\" \/>\n\t\t<meta property=\"og:image:width\" content=\"1456\" \/>\n\t\t<meta property=\"og:image:height\" content=\"816\" \/>\n\t\t<meta property=\"article:published_time\" content=\"2024-01-09T15:31:17+00:00\" \/>\n\t\t<meta property=\"article:modified_time\" content=\"2025-06-22T07:34:51+00:00\" \/>\n\t\t<meta name=\"twitter:card\" content=\"summary_large_image\" \/>\n\t\t<meta name=\"twitter:title\" content=\"Xiaomi Redmi Power Bank 20000mAh Wholesale - Rucas - Wholesale and Distribution\" \/>\n\t\t<meta name=\"twitter:description\" content=\"Xiaomi Redmi Power Bank 20000mAh Dual USB Output High-speed Charging Main Features \u25cf20000mAh Large Capacity More durable and optimises charging efficiency, offer constant power \u25cfDual USB Input and Output Two USB ports, which can charge the devices at the same time, the USB-C and Micro USB provide two charging ways, convenient and fast \u25cfUp to 18W Power Input 12V \/ 1.5A, 9V \/ 2.1A up to 18W power input, deliver fast and efficient charging for each connected device. \u25cfHigh-density Lithium Polymer Batteries Adopts premium Lithium polymer battery cells. It&#039;s compatible with smartphones and tablets as well as a variety of digital cameras and handheld gaming devices.\" \/>\n\t\t<meta name=\"twitter:image\" content=\"https:\/\/www.rucashk.com\/wp-content\/uploads\/replace\/503b8e645f128a97ccde2b6290747646.jpeg\" \/>\n\t\t<script type=\"application\/ld+json\" class=\"aioseo-schema\">\n\t\t\t{\"@context\":\"https:\\\/\\\/schema.org\",\"@graph\":[{\"@type\":\"BreadcrumbList\",\"@id\":\"https:\\\/\\\/www.rucashk.com\\\/es\\\/producto\\\/xiaomi-redmi-power-bank-20000mah-wholesale\\\/#breadcrumblist\",\"itemListElement\":[{\"@type\":\"ListItem\",\"@id\":\"https:\\\/\\\/www.rucashk.com\\\/es\\\/#listItem\",\"position\":1,\"name\":\"Home\",\"item\":\"https:\\\/\\\/www.rucashk.com\\\/es\\\/\",\"nextItem\":\"https:\\\/\\\/www.rucashk.com\\\/es\\\/producto\\\/xiaomi-redmi-power-bank-20000mah-wholesale\\\/#listItem\"},{\"@type\":\"ListItem\",\"@id\":\"https:\\\/\\\/www.rucashk.com\\\/es\\\/producto\\\/xiaomi-redmi-power-bank-20000mah-wholesale\\\/#listItem\",\"position\":2,\"name\":\"Xiaomi Redmi Power Bank 20000mAh Wholesale\",\"previousItem\":\"https:\\\/\\\/www.rucashk.com\\\/es\\\/#listItem\"}]},{\"@type\":\"Organization\",\"@id\":\"https:\\\/\\\/www.rucashk.com\\\/es\\\/#organization\",\"name\":\"Rucas\",\"url\":\"https:\\\/\\\/www.rucashk.com\\\/es\\\/\",\"logo\":{\"@type\":\"ImageObject\",\"url\":\"https:\\\/\\\/www.rucashk.com\\\/wp-content\\\/uploads\\\/2023\\\/12\\\/Rucas_campany_logo.png\",\"@id\":\"https:\\\/\\\/www.rucashk.com\\\/es\\\/producto\\\/xiaomi-redmi-power-bank-20000mah-wholesale\\\/#organizationLogo\",\"width\":221,\"height\":65},\"image\":{\"@id\":\"https:\\\/\\\/www.rucashk.com\\\/es\\\/#organizationLogo\"}},{\"@type\":\"Person\",\"@id\":\"https:\\\/\\\/www.rucashk.com\\\/es\\\/author\\\/admin\\\/#author\",\"url\":\"https:\\\/\\\/www.rucashk.com\\\/es\\\/author\\\/admin\\\/\",\"name\":\"admin\",\"image\":{\"@type\":\"ImageObject\",\"@id\":\"https:\\\/\\\/www.rucashk.com\\\/es\\\/producto\\\/xiaomi-redmi-power-bank-20000mah-wholesale\\\/#authorImage\",\"url\":\"https:\\\/\\\/secure.gravatar.com\\\/avatar\\\/b7c8925b09a27e72b30232f8ecaadbd5af0f70a38c78096863fe51b64f031c24?s=96&d=mm&r=g\",\"width\":96,\"height\":96,\"caption\":\"admin\"}},{\"@type\":\"WebPage\",\"@id\":\"https:\\\/\\\/www.rucashk.com\\\/es\\\/producto\\\/xiaomi-redmi-power-bank-20000mah-wholesale\\\/#webpage\",\"url\":\"https:\\\/\\\/www.rucashk.com\\\/es\\\/producto\\\/xiaomi-redmi-power-bank-20000mah-wholesale\\\/\",\"name\":\"Xiaomi Redmi Power Bank 20000mAh Wholesale - Rucas - Wholesale and Distribution\",\"description\":\"Xiaomi Redmi Power Bank 20000mAh Dual USB Output High-speed Charging Main Features \\u25cf20000mAh Large Capacity More durable and optimises charging efficiency, offer constant power \\u25cfDual USB Input and Output Two USB ports, which can charge the devices at the same time, the USB-C and Micro USB provide two charging ways, convenient and fast \\u25cfUp to 18W Power Input 12V \\\/ 1.5A, 9V \\\/ 2.1A up to 18W power input, deliver fast and efficient charging for each connected device. \\u25cfHigh-density Lithium Polymer Batteries Adopts premium Lithium polymer battery cells. It's compatible with smartphones and tablets as well as a variety of digital cameras and handheld gaming devices.\",\"inLanguage\":\"es-ES\",\"isPartOf\":{\"@id\":\"https:\\\/\\\/www.rucashk.com\\\/es\\\/#website\"},\"breadcrumb\":{\"@id\":\"https:\\\/\\\/www.rucashk.com\\\/es\\\/producto\\\/xiaomi-redmi-power-bank-20000mah-wholesale\\\/#breadcrumblist\"},\"author\":{\"@id\":\"https:\\\/\\\/www.rucashk.com\\\/es\\\/author\\\/admin\\\/#author\"},\"creator\":{\"@id\":\"https:\\\/\\\/www.rucashk.com\\\/es\\\/author\\\/admin\\\/#author\"},\"image\":{\"@type\":\"ImageObject\",\"url\":\"https:\\\/\\\/www.rucashk.com\\\/wp-content\\\/uploads\\\/2024\\\/01\\\/2019-New-Xiaomi-Redmi-20000mAh-Power-bank-External-battery-Dual-USB-Output-Two-way-Charging-Portable.jpg\",\"@id\":\"https:\\\/\\\/www.rucashk.com\\\/es\\\/producto\\\/xiaomi-redmi-power-bank-20000mah-wholesale\\\/#mainImage\",\"width\":800,\"height\":800},\"primaryImageOfPage\":{\"@id\":\"https:\\\/\\\/www.rucashk.com\\\/es\\\/producto\\\/xiaomi-redmi-power-bank-20000mah-wholesale\\\/#mainImage\"},\"datePublished\":\"2024-01-09T15:31:17+00:00\",\"dateModified\":\"2025-06-22T07:34:51+00:00\"},{\"@type\":\"WebSite\",\"@id\":\"https:\\\/\\\/www.rucashk.com\\\/es\\\/#website\",\"url\":\"https:\\\/\\\/www.rucashk.com\\\/es\\\/\",\"name\":\"Rucas - Wholesale and distribution worldwide\",\"alternateName\":\"Rucas - One-stop AIoT Distribution Worldwide\",\"description\":\"One-stop AIoT Distribution Worldwide\",\"inLanguage\":\"es-ES\",\"publisher\":{\"@id\":\"https:\\\/\\\/www.rucashk.com\\\/es\\\/#organization\"}}]}\n\t\t<\/script>\n\t\t<!-- All in One SEO Pro -->\r\n\t\t<title>Xiaomi Redmi Power Bank 20000mAh Wholesale - Rucas - Wholesale and Distribution<\/title>\n\n","aioseo_head_json":{"title":"Xiaomi Redmi Power Bank 20000mAh Wholesale - Rucas - Wholesale and Distribution","description":"Xiaomi Redmi Power Bank 20000mAh Dual USB Output High-speed Charging Main Features \u25cf20000mAh Large Capacity More durable and optimises charging efficiency, offer constant power \u25cfDual USB Input and Output Two USB ports, which can charge the devices at the same time, the USB-C and Micro USB provide two charging ways, convenient and fast \u25cfUp to 18W Power Input 12V \/ 1.5A, 9V \/ 2.1A up to 18W power input, deliver fast and efficient charging for each connected device. \u25cfHigh-density Lithium Polymer Batteries Adopts premium Lithium polymer battery cells. It's compatible with smartphones and tablets as well as a variety of digital cameras and handheld gaming devices.","canonical_url":"https:\/\/www.rucashk.com\/es\/producto\/xiaomi-redmi-power-bank-20000mah-wholesale\/","robots":"max-image-preview:large","keywords":"","webmasterTools":{"miscellaneous":""},"og:locale":"es_ES","og:site_name":"Rucas - One-stop AIoT Distribution Worldwide","og:type":"article","og:title":"Xiaomi Redmi Power Bank 20000mAh Wholesale - Rucas - Wholesale and Distribution","og:description":"Xiaomi Redmi Power Bank 20000mAh Dual USB Output High-speed Charging Main Features \u25cf20000mAh Large Capacity More durable and optimises charging efficiency, offer constant power \u25cfDual USB Input and Output Two USB ports, which can charge the devices at the same time, the USB-C and Micro USB provide two charging ways, convenient and fast \u25cfUp to 18W Power Input 12V \/ 1.5A, 9V \/ 2.1A up to 18W power input, deliver fast and efficient charging for each connected device. \u25cfHigh-density Lithium Polymer Batteries Adopts premium Lithium polymer battery cells. It's compatible with smartphones and tablets as well as a variety of digital cameras and handheld gaming devices.","og:url":"https:\/\/www.rucashk.com\/es\/producto\/xiaomi-redmi-power-bank-20000mah-wholesale\/","og:image":"https:\/\/www.rucashk.com\/wp-content\/uploads\/replace\/503b8e645f128a97ccde2b6290747646.jpeg","og:image:secure_url":"https:\/\/www.rucashk.com\/wp-content\/uploads\/replace\/503b8e645f128a97ccde2b6290747646.jpeg","og:image:width":1456,"og:image:height":816,"article:published_time":"2024-01-09T15:31:17+00:00","article:modified_time":"2025-06-22T07:34:51+00:00","twitter:card":"summary_large_image","twitter:title":"Xiaomi Redmi Power Bank 20000mAh Wholesale - Rucas - Wholesale and Distribution","twitter:description":"Xiaomi Redmi Power Bank 20000mAh Dual USB Output High-speed Charging Main Features \u25cf20000mAh Large Capacity More durable and optimises charging efficiency, offer constant power \u25cfDual USB Input and Output Two USB ports, which can charge the devices at the same time, the USB-C and Micro USB provide two charging ways, convenient and fast \u25cfUp to 18W Power Input 12V \/ 1.5A, 9V \/ 2.1A up to 18W power input, deliver fast and efficient charging for each connected device. \u25cfHigh-density Lithium Polymer Batteries Adopts premium Lithium polymer battery cells. It's compatible with smartphones and tablets as well as a variety of digital cameras and handheld gaming devices.","twitter:image":"https:\/\/www.rucashk.com\/wp-content\/uploads\/replace\/503b8e645f128a97ccde2b6290747646.jpeg","schema":{"@context":"https:\/\/schema.org","@graph":[{"@type":"BreadcrumbList","@id":"https:\/\/www.rucashk.com\/es\/producto\/xiaomi-redmi-power-bank-20000mah-wholesale\/#breadcrumblist","itemListElement":[{"@type":"ListItem","@id":"https:\/\/www.rucashk.com\/es\/#listItem","position":1,"name":"Home","item":"https:\/\/www.rucashk.com\/es\/","nextItem":"https:\/\/www.rucashk.com\/es\/producto\/xiaomi-redmi-power-bank-20000mah-wholesale\/#listItem"},{"@type":"ListItem","@id":"https:\/\/www.rucashk.com\/es\/producto\/xiaomi-redmi-power-bank-20000mah-wholesale\/#listItem","position":2,"name":"Xiaomi Redmi Power Bank 20000mAh Wholesale","previousItem":"https:\/\/www.rucashk.com\/es\/#listItem"}]},{"@type":"Organization","@id":"https:\/\/www.rucashk.com\/es\/#organization","name":"Rucas","url":"https:\/\/www.rucashk.com\/es\/","logo":{"@type":"ImageObject","url":"https:\/\/www.rucashk.com\/wp-content\/uploads\/2023\/12\/Rucas_campany_logo.png","@id":"https:\/\/www.rucashk.com\/es\/producto\/xiaomi-redmi-power-bank-20000mah-wholesale\/#organizationLogo","width":221,"height":65},"image":{"@id":"https:\/\/www.rucashk.com\/es\/#organizationLogo"}},{"@type":"Person","@id":"https:\/\/www.rucashk.com\/es\/author\/admin\/#author","url":"https:\/\/www.rucashk.com\/es\/author\/admin\/","name":"admin","image":{"@type":"ImageObject","@id":"https:\/\/www.rucashk.com\/es\/producto\/xiaomi-redmi-power-bank-20000mah-wholesale\/#authorImage","url":"https:\/\/secure.gravatar.com\/avatar\/b7c8925b09a27e72b30232f8ecaadbd5af0f70a38c78096863fe51b64f031c24?s=96&d=mm&r=g","width":96,"height":96,"caption":"admin"}},{"@type":"WebPage","@id":"https:\/\/www.rucashk.com\/es\/producto\/xiaomi-redmi-power-bank-20000mah-wholesale\/#webpage","url":"https:\/\/www.rucashk.com\/es\/producto\/xiaomi-redmi-power-bank-20000mah-wholesale\/","name":"Xiaomi Redmi Power Bank 20000mAh Wholesale - Rucas - Wholesale and Distribution","description":"Xiaomi Redmi Power Bank 20000mAh Dual USB Output High-speed Charging Main Features \u25cf20000mAh Large Capacity More durable and optimises charging efficiency, offer constant power \u25cfDual USB Input and Output Two USB ports, which can charge the devices at the same time, the USB-C and Micro USB provide two charging ways, convenient and fast \u25cfUp to 18W Power Input 12V \/ 1.5A, 9V \/ 2.1A up to 18W power input, deliver fast and efficient charging for each connected device. \u25cfHigh-density Lithium Polymer Batteries Adopts premium Lithium polymer battery cells. It's compatible with smartphones and tablets as well as a variety of digital cameras and handheld gaming devices.","inLanguage":"es-ES","isPartOf":{"@id":"https:\/\/www.rucashk.com\/es\/#website"},"breadcrumb":{"@id":"https:\/\/www.rucashk.com\/es\/producto\/xiaomi-redmi-power-bank-20000mah-wholesale\/#breadcrumblist"},"author":{"@id":"https:\/\/www.rucashk.com\/es\/author\/admin\/#author"},"creator":{"@id":"https:\/\/www.rucashk.com\/es\/author\/admin\/#author"},"image":{"@type":"ImageObject","url":"https:\/\/www.rucashk.com\/wp-content\/uploads\/2024\/01\/2019-New-Xiaomi-Redmi-20000mAh-Power-bank-External-battery-Dual-USB-Output-Two-way-Charging-Portable.jpg","@id":"https:\/\/www.rucashk.com\/es\/producto\/xiaomi-redmi-power-bank-20000mah-wholesale\/#mainImage","width":800,"height":800},"primaryImageOfPage":{"@id":"https:\/\/www.rucashk.com\/es\/producto\/xiaomi-redmi-power-bank-20000mah-wholesale\/#mainImage"},"datePublished":"2024-01-09T15:31:17+00:00","dateModified":"2025-06-22T07:34:51+00:00"},{"@type":"WebSite","@id":"https:\/\/www.rucashk.com\/es\/#website","url":"https:\/\/www.rucashk.com\/es\/","name":"Rucas - Wholesale and distribution worldwide","alternateName":"Rucas - One-stop AIoT Distribution Worldwide","description":"One-stop AIoT Distribution Worldwide","inLanguage":"es-ES","publisher":{"@id":"https:\/\/www.rucashk.com\/es\/#organization"}}]}},"aioseo_meta_data":{"post_id":"21323","title":null,"description":null,"keywords":null,"keyphrases":null,"primary_term":null,"canonical_url":null,"og_title":null,"og_description":null,"og_object_type":"default","og_image_type":"default","og_image_url":null,"og_image_width":null,"og_image_height":null,"og_image_custom_url":null,"og_image_custom_fields":null,"og_video":null,"og_custom_url":null,"og_article_section":null,"og_article_tags":null,"twitter_use_og":false,"twitter_card":"default","twitter_image_type":"default","twitter_image_url":null,"twitter_image_custom_url":null,"twitter_image_custom_fields":null,"twitter_title":null,"twitter_description":null,"schema":{"blockGraphs":[],"customGraphs":[],"default":{"data":{"Article":[],"Course":[],"Dataset":[],"FAQPage":[],"Movie":[],"Person":[],"Product":[],"Recipe":[],"Service":[],"SoftwareApplication":[],"WebPage":[]},"graphName":"","isEnabled":true},"graphs":[]},"schema_type":"default","schema_type_options":null,"pillar_content":false,"robots_default":true,"robots_noindex":false,"robots_noarchive":false,"robots_nosnippet":false,"robots_nofollow":false,"robots_noimageindex":false,"robots_noodp":false,"robots_notranslate":false,"robots_max_snippet":null,"robots_max_videopreview":null,"robots_max_imagepreview":"large","priority":null,"frequency":null,"local_seo":null,"breadcrumb_settings":null,"limit_modified_date":false,"created":"2024-04-11 01:55:17","updated":"2025-06-22 16:21:03"},"aioseo_breadcrumb":"<div class=\"aioseo-breadcrumbs\"><span class=\"aioseo-breadcrumb\">\n\t<a href=\"https:\/\/www.rucashk.com\/es\" title=\"Home\">Home<\/a>\n<\/span><span class=\"aioseo-breadcrumb-separator\">&raquo;<\/span><span class=\"aioseo-breadcrumb\">\n\t<a href=\"https:\/\/www.rucashk.com\/es\/products\/\" title=\"Productos\">Productos<\/a>\n<\/span><span class=\"aioseo-breadcrumb-separator\">&raquo;<\/span><span class=\"aioseo-breadcrumb\">\n\t<a href=\"https:\/\/www.rucashk.com\/es\/marca\/xiaomi\/\" title=\"Xiaomi\">Xiaomi<\/a>\n<\/span><span class=\"aioseo-breadcrumb-separator\">&raquo;<\/span><span class=\"aioseo-breadcrumb\">\n\tXiaomi Redmi Power Bank 20000mAh Wholesale\n<\/span><\/div>","aioseo_breadcrumb_json":[{"label":"Home","link":"https:\/\/www.rucashk.com\/es"},{"label":"Productos","link":"https:\/\/www.rucashk.com\/es\/products\/"},{"label":"Xiaomi","link":"https:\/\/www.rucashk.com\/es\/marca\/xiaomi\/"},{"label":"Xiaomi Redmi Power Bank 20000mAh Wholesale","link":"https:\/\/www.rucashk.com\/es\/producto\/xiaomi-redmi-power-bank-20000mah-wholesale\/"}],"_links":{"self":[{"href":"https:\/\/www.rucashk.com\/es\/wp-json\/wp\/v2\/product\/21323","targetHints":{"allow":["GET"]}}],"collection":[{"href":"https:\/\/www.rucashk.com\/es\/wp-json\/wp\/v2\/product"}],"about":[{"href":"https:\/\/www.rucashk.com\/es\/wp-json\/wp\/v2\/types\/product"}],"wp:featuredmedia":[{"embeddable":true,"href":"https:\/\/www.rucashk.com\/es\/wp-json\/wp\/v2\/media\/21462"}],"wp:attachment":[{"href":"https:\/\/www.rucashk.com\/es\/wp-json\/wp\/v2\/media?parent=21323"}],"wp:term":[{"taxonomy":"product_brand","embeddable":true,"href":"https:\/\/www.rucashk.com\/es\/wp-json\/wp\/v2\/product_brand?post=21323"},{"taxonomy":"product_cat","embeddable":true,"href":"https:\/\/www.rucashk.com\/es\/wp-json\/wp\/v2\/product_cat?post=21323"},{"taxonomy":"product_tag","embeddable":true,"href":"https:\/\/www.rucashk.com\/es\/wp-json\/wp\/v2\/product_tag?post=21323"}],"curies":[{"name":"wp","href":"https:\/\/api.w.org\/{rel}","templated":true}]}}