{"id":21320,"date":"2024-01-09T15:31:17","date_gmt":"2024-01-09T15:31:17","guid":{"rendered":"http:\/\/rucashk.com\/?post_type=product&#038;p=21320"},"modified":"2025-06-22T07:34:50","modified_gmt":"2025-06-22T07:34:50","slug":"xiaomi-mi-car-charger-qc3-0-x2-dual-usb-quick-charge","status":"publish","type":"product","link":"https:\/\/www.rucashk.com\/es\/producto\/xiaomi-mi-car-charger-qc3-0-x2-dual-usb-quick-charge\/","title":{"rendered":"Cargador de coche Xiaomi Mi QC3.0 X2 Dual USB carga r\u00e1pida"},"content":{"rendered":"<p><img decoding=\"async\" class=\"aligncenter\" src=\"https:\/\/www.rucashk.com\/wp-content\/uploads\/2020\/05\/HTB1y8bcybGYBuNjy0Foq6AiBFXan.jpg\" alt=\"mi2-car-charger-d01\" \/><img decoding=\"async\" class=\"aligncenter\" src=\"https:\/\/www.rucashk.com\/wp-content\/uploads\/2020\/05\/HTB1gzsSiBsmBKNjSZFsq6yXSVXaj.jpg\" alt=\"mi2-car-charger-d02\" \/><img decoding=\"async\" class=\"aligncenter\" src=\"https:\/\/www.rucashk.com\/wp-content\/uploads\/2020\/05\/HTB1jENeiHsrBKNjSZFpq6AXhFXau.jpg\" alt=\"mi2-car-charger-d03\" \/><img decoding=\"async\" class=\"aligncenter\" src=\"https:\/\/www.rucashk.com\/wp-content\/uploads\/2020\/05\/HTB1M5Dryk9WBuNjSspeq6yz5VXaB.jpg\" alt=\"mi2-car-charger-d04\" \/><img decoding=\"async\" class=\"aligncenter\" src=\"https:\/\/www.rucashk.com\/wp-content\/uploads\/2020\/05\/HTB1H0Z3iDqWBKNjSZFxq6ApLpXaG.jpg\" alt=\"mi2-car-charger-d05\" \/><img decoding=\"async\" class=\"aligncenter\" src=\"https:\/\/www.rucashk.com\/wp-content\/uploads\/2020\/05\/HTB19khMyDJYBeNjy1zeq6yhzVXae.jpg\" alt=\"mi2-car-charger-d06\" \/><img decoding=\"async\" class=\"aligncenter\" src=\"https:\/\/www.rucashk.com\/wp-content\/uploads\/2020\/05\/HTB1w3_gyXuWBuNjSszbq6AS7FXao.jpg\" alt=\"mi2-car-charger-d07\" \/><img decoding=\"async\" class=\"aligncenter\" src=\"https:\/\/www.rucashk.com\/wp-content\/uploads\/2020\/05\/HTB1adIOiBjTBKNjSZFwq6AG4XXa2.jpg\" alt=\"mi2-car-charger-d08\" \/><\/p>\n<p>&nbsp;<\/p>\n<p><a class=\"\" style=\"width: auto !important\" href=\"https:\/\/www.rucashk.com\/es\/producto\/xiaomi-mi-20w-max-qi-wireless-car-charger-distribution-and-wholesale\/\" data-wpil-post-to-id=\"2600\">Cargador de coche Xiaomi Mi<\/a> QC3.0 X2 <a class=\"\" style=\"width: auto !important\" href=\"https:\/\/www.rucashk.com\/es\/producto\/xiaomi-car-charger-18w-quick-charge-metal-casing-dual-usb\/\" data-wpil-post-to-id=\"2655\">Carga r\u00e1pida USB dual 18W<\/a> Control de calidad 3.0 <a class=\"\" style=\"width: auto !important\" href=\"https:\/\/www.rucashk.com\/es\/producto\/roidmi-c1-quick-and-intelligent-car-charger-metal-dual-usb\/\" data-wpil-post-to-id=\"2628\">Doble USB M\u00e1x. 36W 5V\/3A 9V 2A Metal<\/a> Para iPhone Samsung Huawei oppo vivo.<\/p>\n<p>&nbsp;<\/p>\n<p data-spm-anchor-id=\"a2g0o.detail.1000023.i1.48232a0ejMrQ84\"><strong><span data-spm-anchor-id=\"a2g0o.detail.1000023.i0.48232a0ejMrQ84\">Cargador de coche Mi2:\u00a0<\/span><\/strong><strong>(<\/strong><strong><a class=\"\" style=\"width: auto !important\" href=\"https:\/\/www.rucashk.com\/es\/producto\/xiaomi-70mai-dual-usb-car-quick-charge-adapter-for-smart-phone\/\" data-wpil-post-to-id=\"2526\">Carga rapida<\/a> Versi\u00f3n 3.0)<\/strong><\/p>\n<div>QC3.0 X2 al mismo tiempo.<\/div>\n<div>Control de temperatura inteligente.<\/div>\n<div>Protecci\u00f3n segura de 5 capas.<\/div>\n<div>Compatible con dispositivos iOS\/Android.<\/div>\n<div>Puerto adicional para extensi\u00f3n dedicada posterior.<\/div>\n<div><\/div>\n<div>Caracter\u00edsticas:<\/div>\n<div>\u25cf El <a class=\"\" style=\"width: auto !important\" href=\"https:\/\/www.rucashk.com\/es\/producto\/xiaomi-mi-power-bank-3-10000-mah-quick-charge-supports-18w-charging\/\" data-wpil-post-to-id=\"2674\">potencia de dos puertos USB de hasta 36W, cumple con la carga r\u00e1pida<\/a> demandas.<\/div>\n<div>\u25cf Botones estirables para una mejor conexi\u00f3n y no f\u00e1ciles de cortar.<\/div>\n<div>\u25cf 5 protecciones (protecci\u00f3n contra sobrecorriente, protecci\u00f3n contra sobretensi\u00f3n, protecci\u00f3n contra sobretemperatura, protecci\u00f3n contra cortocircuitos, anti perturbaciones electromagn\u00e9ticas).<\/div>\n<div>\u25cf Luces LED puras, combinadas con un iris de PC transl\u00facido, elegante y sin visi\u00f3n ciega por la noche.<\/div>\n<div>\u25cf Equipado con puerto ampliado, satisface las necesidades de carga de los pasajeros del asiento trasero.<\/div>\n<div><\/div>","protected":false},"excerpt":{"rendered":"<div>Caracter\u00edsticas:<\/div>\n<div>\u25cf La potencia de los puertos USB duales de hasta 36 W satisface las demandas de carga r\u00e1pida.<\/div>\n<div>\u25cf Botones estirables para una mejor conexi\u00f3n y no f\u00e1ciles de cortar.<\/div>\n<div>\u25cf 5 protecciones (protecci\u00f3n contra sobrecorriente, protecci\u00f3n contra sobretensi\u00f3n, protecci\u00f3n contra sobretemperatura, protecci\u00f3n contra cortocircuitos, anti perturbaciones electromagn\u00e9ticas).<\/div>\n<div>\u25cf Luces LED puras, combinadas con un iris de PC transl\u00facido, elegante y sin visi\u00f3n ciega por la noche.<\/div>\n<div>\u25cf Equipado con puerto ampliado, satisface las necesidades de carga de los pasajeros del asiento trasero.<\/div>","protected":false},"featured_media":21450,"template":"","meta":[],"product_brand":[1363],"product_cat":[1288,1292],"product_tag":[],"class_list":{"0":"post-21320","1":"product","2":"type-product","3":"status-publish","4":"has-post-thumbnail","6":"product_brand-xiaomi","7":"product_cat-e-vehicle-accessories","8":"product_cat-phone-charging","10":"first","11":"instock","12":"shipping-taxable","13":"product-type-external"},"aioseo_notices":[],"aioseo_head":"\n\t\t<!-- All in One SEO Pro 4.5.9.2 - aioseo.com -->\n\t\t<meta name=\"description\" content=\"Features: \u25cf The power of dual USB ports up to 36W, meets the fast charge demands. \u25cf Stretchable buttons for better connection and not easy to cut off. \u25cf 5 protections (over-current protection, over-voltage protection, over-temperature protection, short circuit protection, anti electromagnetic disturbance). \u25cf Pure LED lights, matched with translucent PC iris, elegant and no blind vision at night. \u25cf Equipped with expanded port, satisfies the charging needs for the back seat passengers.\" \/>\n\t\t<meta name=\"robots\" content=\"max-image-preview:large\" \/>\n\t\t<link rel=\"canonical\" href=\"https:\/\/www.rucashk.com\/es\/producto\/xiaomi-mi-car-charger-qc3-0-x2-dual-usb-quick-charge\/\" \/>\n\t\t<meta name=\"generator\" content=\"All in One SEO Pro (AIOSEO) 4.5.9.2\" \/>\n\t\t<meta property=\"og:locale\" content=\"es_ES\" \/>\n\t\t<meta property=\"og:site_name\" content=\"Rucas - One-stop AIoT Distribution Worldwide\" \/>\n\t\t<meta property=\"og:type\" content=\"article\" \/>\n\t\t<meta property=\"og:title\" content=\"Xiaomi Mi Car Charger QC3.0 X2 Dual USB Quick Charge - Rucas - Wholesale and Distribution\" \/>\n\t\t<meta property=\"og:description\" content=\"Features: \u25cf The power of dual USB ports up to 36W, meets the fast charge demands. \u25cf Stretchable buttons for better connection and not easy to cut off. \u25cf 5 protections (over-current protection, over-voltage protection, over-temperature protection, short circuit protection, anti electromagnetic disturbance). \u25cf Pure LED lights, matched with translucent PC iris, elegant and no blind vision at night. \u25cf Equipped with expanded port, satisfies the charging needs for the back seat passengers.\" \/>\n\t\t<meta property=\"og:url\" content=\"https:\/\/www.rucashk.com\/es\/producto\/xiaomi-mi-car-charger-qc3-0-x2-dual-usb-quick-charge\/\" \/>\n\t\t<meta property=\"og:image\" content=\"https:\/\/www.rucashk.com\/wp-content\/uploads\/replace\/503b8e645f128a97ccde2b6290747646.jpeg\" \/>\n\t\t<meta property=\"og:image:secure_url\" content=\"https:\/\/www.rucashk.com\/wp-content\/uploads\/replace\/503b8e645f128a97ccde2b6290747646.jpeg\" \/>\n\t\t<meta property=\"og:image:width\" content=\"1456\" \/>\n\t\t<meta property=\"og:image:height\" content=\"816\" \/>\n\t\t<meta property=\"article:published_time\" content=\"2024-01-09T15:31:17+00:00\" \/>\n\t\t<meta property=\"article:modified_time\" content=\"2025-06-22T07:34:50+00:00\" \/>\n\t\t<meta name=\"twitter:card\" content=\"summary_large_image\" \/>\n\t\t<meta name=\"twitter:title\" content=\"Xiaomi Mi Car Charger QC3.0 X2 Dual USB Quick Charge - Rucas - Wholesale and Distribution\" \/>\n\t\t<meta name=\"twitter:description\" content=\"Features: \u25cf The power of dual USB ports up to 36W, meets the fast charge demands. \u25cf Stretchable buttons for better connection and not easy to cut off. \u25cf 5 protections (over-current protection, over-voltage protection, over-temperature protection, short circuit protection, anti electromagnetic disturbance). \u25cf Pure LED lights, matched with translucent PC iris, elegant and no blind vision at night. \u25cf Equipped with expanded port, satisfies the charging needs for the back seat passengers.\" \/>\n\t\t<meta name=\"twitter:image\" content=\"https:\/\/www.rucashk.com\/wp-content\/uploads\/replace\/503b8e645f128a97ccde2b6290747646.jpeg\" \/>\n\t\t<script type=\"application\/ld+json\" class=\"aioseo-schema\">\n\t\t\t{\"@context\":\"https:\\\/\\\/schema.org\",\"@graph\":[{\"@type\":\"BreadcrumbList\",\"@id\":\"https:\\\/\\\/www.rucashk.com\\\/es\\\/producto\\\/xiaomi-mi-car-charger-qc3-0-x2-dual-usb-quick-charge\\\/#breadcrumblist\",\"itemListElement\":[{\"@type\":\"ListItem\",\"@id\":\"https:\\\/\\\/www.rucashk.com\\\/es\\\/#listItem\",\"position\":1,\"name\":\"Home\",\"item\":\"https:\\\/\\\/www.rucashk.com\\\/es\\\/\",\"nextItem\":\"https:\\\/\\\/www.rucashk.com\\\/es\\\/producto\\\/xiaomi-mi-car-charger-qc3-0-x2-dual-usb-quick-charge\\\/#listItem\"},{\"@type\":\"ListItem\",\"@id\":\"https:\\\/\\\/www.rucashk.com\\\/es\\\/producto\\\/xiaomi-mi-car-charger-qc3-0-x2-dual-usb-quick-charge\\\/#listItem\",\"position\":2,\"name\":\"Xiaomi Mi Car Charger QC3.0 X2 Dual USB Quick Charge\",\"previousItem\":\"https:\\\/\\\/www.rucashk.com\\\/es\\\/#listItem\"}]},{\"@type\":\"Organization\",\"@id\":\"https:\\\/\\\/www.rucashk.com\\\/es\\\/#organization\",\"name\":\"Rucas\",\"url\":\"https:\\\/\\\/www.rucashk.com\\\/es\\\/\",\"logo\":{\"@type\":\"ImageObject\",\"url\":\"https:\\\/\\\/www.rucashk.com\\\/wp-content\\\/uploads\\\/2023\\\/12\\\/Rucas_campany_logo.png\",\"@id\":\"https:\\\/\\\/www.rucashk.com\\\/es\\\/producto\\\/xiaomi-mi-car-charger-qc3-0-x2-dual-usb-quick-charge\\\/#organizationLogo\",\"width\":221,\"height\":65},\"image\":{\"@id\":\"https:\\\/\\\/www.rucashk.com\\\/es\\\/#organizationLogo\"}},{\"@type\":\"Person\",\"@id\":\"https:\\\/\\\/www.rucashk.com\\\/es\\\/author\\\/admin\\\/#author\",\"url\":\"https:\\\/\\\/www.rucashk.com\\\/es\\\/author\\\/admin\\\/\",\"name\":\"admin\",\"image\":{\"@type\":\"ImageObject\",\"@id\":\"https:\\\/\\\/www.rucashk.com\\\/es\\\/producto\\\/xiaomi-mi-car-charger-qc3-0-x2-dual-usb-quick-charge\\\/#authorImage\",\"url\":\"https:\\\/\\\/secure.gravatar.com\\\/avatar\\\/b7c8925b09a27e72b30232f8ecaadbd5af0f70a38c78096863fe51b64f031c24?s=96&d=mm&r=g\",\"width\":96,\"height\":96,\"caption\":\"admin\"}},{\"@type\":\"WebPage\",\"@id\":\"https:\\\/\\\/www.rucashk.com\\\/es\\\/producto\\\/xiaomi-mi-car-charger-qc3-0-x2-dual-usb-quick-charge\\\/#webpage\",\"url\":\"https:\\\/\\\/www.rucashk.com\\\/es\\\/producto\\\/xiaomi-mi-car-charger-qc3-0-x2-dual-usb-quick-charge\\\/\",\"name\":\"Xiaomi Mi Car Charger QC3.0 X2 Dual USB Quick Charge - Rucas - Wholesale and Distribution\",\"description\":\"Features: \\u25cf The power of dual USB ports up to 36W, meets the fast charge demands. \\u25cf Stretchable buttons for better connection and not easy to cut off. \\u25cf 5 protections (over-current protection, over-voltage protection, over-temperature protection, short circuit protection, anti electromagnetic disturbance). \\u25cf Pure LED lights, matched with translucent PC iris, elegant and no blind vision at night. \\u25cf Equipped with expanded port, satisfies the charging needs for the back seat passengers.\",\"inLanguage\":\"es-ES\",\"isPartOf\":{\"@id\":\"https:\\\/\\\/www.rucashk.com\\\/es\\\/#website\"},\"breadcrumb\":{\"@id\":\"https:\\\/\\\/www.rucashk.com\\\/es\\\/producto\\\/xiaomi-mi-car-charger-qc3-0-x2-dual-usb-quick-charge\\\/#breadcrumblist\"},\"author\":{\"@id\":\"https:\\\/\\\/www.rucashk.com\\\/es\\\/author\\\/admin\\\/#author\"},\"creator\":{\"@id\":\"https:\\\/\\\/www.rucashk.com\\\/es\\\/author\\\/admin\\\/#author\"},\"image\":{\"@type\":\"ImageObject\",\"url\":\"https:\\\/\\\/www.rucashk.com\\\/wp-content\\\/uploads\\\/2024\\\/01\\\/Original-Xiaomi-Car-Charger-Mi-Quick-Charge-18W-QC-3-0-Dual-USB-Max-36W-5V-2.jpg\",\"@id\":\"https:\\\/\\\/www.rucashk.com\\\/es\\\/producto\\\/xiaomi-mi-car-charger-qc3-0-x2-dual-usb-quick-charge\\\/#mainImage\",\"width\":800,\"height\":800},\"primaryImageOfPage\":{\"@id\":\"https:\\\/\\\/www.rucashk.com\\\/es\\\/producto\\\/xiaomi-mi-car-charger-qc3-0-x2-dual-usb-quick-charge\\\/#mainImage\"},\"datePublished\":\"2024-01-09T15:31:17+00:00\",\"dateModified\":\"2025-06-22T07:34:50+00:00\"},{\"@type\":\"WebSite\",\"@id\":\"https:\\\/\\\/www.rucashk.com\\\/es\\\/#website\",\"url\":\"https:\\\/\\\/www.rucashk.com\\\/es\\\/\",\"name\":\"Rucas - Wholesale and distribution worldwide\",\"alternateName\":\"Rucas - One-stop AIoT Distribution Worldwide\",\"description\":\"One-stop AIoT Distribution Worldwide\",\"inLanguage\":\"es-ES\",\"publisher\":{\"@id\":\"https:\\\/\\\/www.rucashk.com\\\/es\\\/#organization\"}}]}\n\t\t<\/script>\n\t\t<!-- All in One SEO Pro -->\r\n\t\t<title>Xiaomi Mi Car Charger QC3.0 X2 Dual USB Quick Charge - Rucas - Wholesale and Distribution<\/title>\n\n","aioseo_head_json":{"title":"Xiaomi Mi Car Charger QC3.0 X2 Dual USB Quick Charge - Rucas - Wholesale and Distribution","description":"Features: \u25cf The power of dual USB ports up to 36W, meets the fast charge demands. \u25cf Stretchable buttons for better connection and not easy to cut off. \u25cf 5 protections (over-current protection, over-voltage protection, over-temperature protection, short circuit protection, anti electromagnetic disturbance). \u25cf Pure LED lights, matched with translucent PC iris, elegant and no blind vision at night. \u25cf Equipped with expanded port, satisfies the charging needs for the back seat passengers.","canonical_url":"https:\/\/www.rucashk.com\/es\/producto\/xiaomi-mi-car-charger-qc3-0-x2-dual-usb-quick-charge\/","robots":"max-image-preview:large","keywords":"","webmasterTools":{"miscellaneous":""},"og:locale":"es_ES","og:site_name":"Rucas - One-stop AIoT Distribution Worldwide","og:type":"article","og:title":"Xiaomi Mi Car Charger QC3.0 X2 Dual USB Quick Charge - Rucas - Wholesale and Distribution","og:description":"Features: \u25cf The power of dual USB ports up to 36W, meets the fast charge demands. \u25cf Stretchable buttons for better connection and not easy to cut off. \u25cf 5 protections (over-current protection, over-voltage protection, over-temperature protection, short circuit protection, anti electromagnetic disturbance). \u25cf Pure LED lights, matched with translucent PC iris, elegant and no blind vision at night. \u25cf Equipped with expanded port, satisfies the charging needs for the back seat passengers.","og:url":"https:\/\/www.rucashk.com\/es\/producto\/xiaomi-mi-car-charger-qc3-0-x2-dual-usb-quick-charge\/","og:image":"https:\/\/www.rucashk.com\/wp-content\/uploads\/replace\/503b8e645f128a97ccde2b6290747646.jpeg","og:image:secure_url":"https:\/\/www.rucashk.com\/wp-content\/uploads\/replace\/503b8e645f128a97ccde2b6290747646.jpeg","og:image:width":1456,"og:image:height":816,"article:published_time":"2024-01-09T15:31:17+00:00","article:modified_time":"2025-06-22T07:34:50+00:00","twitter:card":"summary_large_image","twitter:title":"Xiaomi Mi Car Charger QC3.0 X2 Dual USB Quick Charge - Rucas - Wholesale and Distribution","twitter:description":"Features: \u25cf The power of dual USB ports up to 36W, meets the fast charge demands. \u25cf Stretchable buttons for better connection and not easy to cut off. \u25cf 5 protections (over-current protection, over-voltage protection, over-temperature protection, short circuit protection, anti electromagnetic disturbance). \u25cf Pure LED lights, matched with translucent PC iris, elegant and no blind vision at night. \u25cf Equipped with expanded port, satisfies the charging needs for the back seat passengers.","twitter:image":"https:\/\/www.rucashk.com\/wp-content\/uploads\/replace\/503b8e645f128a97ccde2b6290747646.jpeg","schema":{"@context":"https:\/\/schema.org","@graph":[{"@type":"BreadcrumbList","@id":"https:\/\/www.rucashk.com\/es\/producto\/xiaomi-mi-car-charger-qc3-0-x2-dual-usb-quick-charge\/#breadcrumblist","itemListElement":[{"@type":"ListItem","@id":"https:\/\/www.rucashk.com\/es\/#listItem","position":1,"name":"Home","item":"https:\/\/www.rucashk.com\/es\/","nextItem":"https:\/\/www.rucashk.com\/es\/producto\/xiaomi-mi-car-charger-qc3-0-x2-dual-usb-quick-charge\/#listItem"},{"@type":"ListItem","@id":"https:\/\/www.rucashk.com\/es\/producto\/xiaomi-mi-car-charger-qc3-0-x2-dual-usb-quick-charge\/#listItem","position":2,"name":"Xiaomi Mi Car Charger QC3.0 X2 Dual USB Quick Charge","previousItem":"https:\/\/www.rucashk.com\/es\/#listItem"}]},{"@type":"Organization","@id":"https:\/\/www.rucashk.com\/es\/#organization","name":"Rucas","url":"https:\/\/www.rucashk.com\/es\/","logo":{"@type":"ImageObject","url":"https:\/\/www.rucashk.com\/wp-content\/uploads\/2023\/12\/Rucas_campany_logo.png","@id":"https:\/\/www.rucashk.com\/es\/producto\/xiaomi-mi-car-charger-qc3-0-x2-dual-usb-quick-charge\/#organizationLogo","width":221,"height":65},"image":{"@id":"https:\/\/www.rucashk.com\/es\/#organizationLogo"}},{"@type":"Person","@id":"https:\/\/www.rucashk.com\/es\/author\/admin\/#author","url":"https:\/\/www.rucashk.com\/es\/author\/admin\/","name":"admin","image":{"@type":"ImageObject","@id":"https:\/\/www.rucashk.com\/es\/producto\/xiaomi-mi-car-charger-qc3-0-x2-dual-usb-quick-charge\/#authorImage","url":"https:\/\/secure.gravatar.com\/avatar\/b7c8925b09a27e72b30232f8ecaadbd5af0f70a38c78096863fe51b64f031c24?s=96&d=mm&r=g","width":96,"height":96,"caption":"admin"}},{"@type":"WebPage","@id":"https:\/\/www.rucashk.com\/es\/producto\/xiaomi-mi-car-charger-qc3-0-x2-dual-usb-quick-charge\/#webpage","url":"https:\/\/www.rucashk.com\/es\/producto\/xiaomi-mi-car-charger-qc3-0-x2-dual-usb-quick-charge\/","name":"Xiaomi Mi Car Charger QC3.0 X2 Dual USB Quick Charge - Rucas - Wholesale and Distribution","description":"Features: \u25cf The power of dual USB ports up to 36W, meets the fast charge demands. \u25cf Stretchable buttons for better connection and not easy to cut off. \u25cf 5 protections (over-current protection, over-voltage protection, over-temperature protection, short circuit protection, anti electromagnetic disturbance). \u25cf Pure LED lights, matched with translucent PC iris, elegant and no blind vision at night. \u25cf Equipped with expanded port, satisfies the charging needs for the back seat passengers.","inLanguage":"es-ES","isPartOf":{"@id":"https:\/\/www.rucashk.com\/es\/#website"},"breadcrumb":{"@id":"https:\/\/www.rucashk.com\/es\/producto\/xiaomi-mi-car-charger-qc3-0-x2-dual-usb-quick-charge\/#breadcrumblist"},"author":{"@id":"https:\/\/www.rucashk.com\/es\/author\/admin\/#author"},"creator":{"@id":"https:\/\/www.rucashk.com\/es\/author\/admin\/#author"},"image":{"@type":"ImageObject","url":"https:\/\/www.rucashk.com\/wp-content\/uploads\/2024\/01\/Original-Xiaomi-Car-Charger-Mi-Quick-Charge-18W-QC-3-0-Dual-USB-Max-36W-5V-2.jpg","@id":"https:\/\/www.rucashk.com\/es\/producto\/xiaomi-mi-car-charger-qc3-0-x2-dual-usb-quick-charge\/#mainImage","width":800,"height":800},"primaryImageOfPage":{"@id":"https:\/\/www.rucashk.com\/es\/producto\/xiaomi-mi-car-charger-qc3-0-x2-dual-usb-quick-charge\/#mainImage"},"datePublished":"2024-01-09T15:31:17+00:00","dateModified":"2025-06-22T07:34:50+00:00"},{"@type":"WebSite","@id":"https:\/\/www.rucashk.com\/es\/#website","url":"https:\/\/www.rucashk.com\/es\/","name":"Rucas - Wholesale and distribution worldwide","alternateName":"Rucas - One-stop AIoT Distribution Worldwide","description":"One-stop AIoT Distribution Worldwide","inLanguage":"es-ES","publisher":{"@id":"https:\/\/www.rucashk.com\/es\/#organization"}}]}},"aioseo_meta_data":{"post_id":"21320","title":null,"description":null,"keywords":null,"keyphrases":null,"primary_term":null,"canonical_url":null,"og_title":null,"og_description":null,"og_object_type":"default","og_image_type":"default","og_image_url":null,"og_image_width":null,"og_image_height":null,"og_image_custom_url":null,"og_image_custom_fields":null,"og_video":null,"og_custom_url":null,"og_article_section":null,"og_article_tags":null,"twitter_use_og":false,"twitter_card":"default","twitter_image_type":"default","twitter_image_url":null,"twitter_image_custom_url":null,"twitter_image_custom_fields":null,"twitter_title":null,"twitter_description":null,"schema":{"blockGraphs":[],"customGraphs":[],"default":{"data":{"Article":[],"Course":[],"Dataset":[],"FAQPage":[],"Movie":[],"Person":[],"Product":[],"Recipe":[],"Service":[],"SoftwareApplication":[],"WebPage":[]},"graphName":"","isEnabled":true},"graphs":[]},"schema_type":"default","schema_type_options":null,"pillar_content":false,"robots_default":true,"robots_noindex":false,"robots_noarchive":false,"robots_nosnippet":false,"robots_nofollow":false,"robots_noimageindex":false,"robots_noodp":false,"robots_notranslate":false,"robots_max_snippet":null,"robots_max_videopreview":null,"robots_max_imagepreview":"large","priority":null,"frequency":null,"local_seo":null,"breadcrumb_settings":null,"limit_modified_date":false,"created":"2024-04-11 01:55:17","updated":"2025-06-22 16:21:02"},"aioseo_breadcrumb":"<div class=\"aioseo-breadcrumbs\"><span class=\"aioseo-breadcrumb\">\n\t<a href=\"https:\/\/www.rucashk.com\/es\" title=\"Home\">Home<\/a>\n<\/span><span class=\"aioseo-breadcrumb-separator\">&raquo;<\/span><span class=\"aioseo-breadcrumb\">\n\t<a href=\"https:\/\/www.rucashk.com\/es\/products\/\" title=\"Productos\">Productos<\/a>\n<\/span><span class=\"aioseo-breadcrumb-separator\">&raquo;<\/span><span class=\"aioseo-breadcrumb\">\n\t<a href=\"https:\/\/www.rucashk.com\/es\/marca\/xiaomi\/\" title=\"Xiaomi\">Xiaomi<\/a>\n<\/span><span class=\"aioseo-breadcrumb-separator\">&raquo;<\/span><span class=\"aioseo-breadcrumb\">\n\tXiaomi Mi Car Charger QC3.0 X2 Dual USB Quick Charge\n<\/span><\/div>","aioseo_breadcrumb_json":[{"label":"Home","link":"https:\/\/www.rucashk.com\/es"},{"label":"Productos","link":"https:\/\/www.rucashk.com\/es\/products\/"},{"label":"Xiaomi","link":"https:\/\/www.rucashk.com\/es\/marca\/xiaomi\/"},{"label":"Xiaomi Mi Car Charger QC3.0 X2 Dual USB Quick Charge","link":"https:\/\/www.rucashk.com\/es\/producto\/xiaomi-mi-car-charger-qc3-0-x2-dual-usb-quick-charge\/"}],"_links":{"self":[{"href":"https:\/\/www.rucashk.com\/es\/wp-json\/wp\/v2\/product\/21320","targetHints":{"allow":["GET"]}}],"collection":[{"href":"https:\/\/www.rucashk.com\/es\/wp-json\/wp\/v2\/product"}],"about":[{"href":"https:\/\/www.rucashk.com\/es\/wp-json\/wp\/v2\/types\/product"}],"wp:featuredmedia":[{"embeddable":true,"href":"https:\/\/www.rucashk.com\/es\/wp-json\/wp\/v2\/media\/21450"}],"wp:attachment":[{"href":"https:\/\/www.rucashk.com\/es\/wp-json\/wp\/v2\/media?parent=21320"}],"wp:term":[{"taxonomy":"product_brand","embeddable":true,"href":"https:\/\/www.rucashk.com\/es\/wp-json\/wp\/v2\/product_brand?post=21320"},{"taxonomy":"product_cat","embeddable":true,"href":"https:\/\/www.rucashk.com\/es\/wp-json\/wp\/v2\/product_cat?post=21320"},{"taxonomy":"product_tag","embeddable":true,"href":"https:\/\/www.rucashk.com\/es\/wp-json\/wp\/v2\/product_tag?post=21320"}],"curies":[{"name":"wp","href":"https:\/\/api.w.org\/{rel}","templated":true}]}}