{"id":21319,"date":"2024-01-09T15:31:17","date_gmt":"2024-01-09T15:31:17","guid":{"rendered":"http:\/\/rucashk.com\/?post_type=product&#038;p=21319"},"modified":"2024-01-21T07:07:44","modified_gmt":"2024-01-21T07:07:44","slug":"roidmi-c1-quick-and-intelligent-car-charger-metal-dual-usb","status":"publish","type":"product","link":"https:\/\/www.rucashk.com\/es\/producto\/roidmi-c1-quick-and-intelligent-car-charger-metal-dual-usb\/","title":{"rendered":"Roidmi C1 Cargador De Coche R\u00e1pido E Inteligente Metal Dual USB"},"content":{"rendered":"<p align=\"center\"><img decoding=\"async\" src=\"https:\/\/www.rucashk.com\/wp-content\/uploads\/2020\/05\/HTB15Hlsi9_I8KJjy0Foq6yFnVXaL.jpg\" \/><\/p>\n<p align=\"center\"><img decoding=\"async\" src=\"https:\/\/www.rucashk.com\/wp-content\/uploads\/2020\/05\/HTB1Aqp3i26H8KJjSspmq6z2WXXac.jpg\" \/><\/p>\n<p align=\"center\"><img decoding=\"async\" src=\"https:\/\/www.rucashk.com\/wp-content\/uploads\/2020\/05\/HTB1J_4KcAfb_uJkSnhJq6zdDVXaQ.jpg\" \/><\/p>\n<p align=\"center\"><img decoding=\"async\" src=\"https:\/\/www.rucashk.com\/wp-content\/uploads\/2020\/05\/HTB1ExXQi4PI8KJjSspoq6x6MFXaC.jpg\" \/><\/p>\n<p align=\"center\"><img decoding=\"async\" src=\"https:\/\/www.rucashk.com\/wp-content\/uploads\/2020\/05\/HTB1gx4zi8TH8KJjy0Fiq6ARsXXas.jpg\" \/><\/p>\n<p align=\"center\"><img decoding=\"async\" src=\"https:\/\/www.rucashk.com\/wp-content\/uploads\/2020\/05\/HTB1VNV_daLN8KJjSZFvq6xW8VXaq.jpg\" \/><\/p>\n<p align=\"center\"><img decoding=\"async\" src=\"https:\/\/www.rucashk.com\/wp-content\/uploads\/2020\/05\/HTB1P3NkcAfb_uJkSndVq6yBkpXa1.jpg\" \/><\/p>\n<p align=\"center\"><img decoding=\"async\" src=\"https:\/\/www.rucashk.com\/wp-content\/uploads\/2020\/05\/HTB1Qr0Ti6nD8KJjSspbq6zbEXXab.jpg\" \/><\/p>\n<p align=\"center\"><img decoding=\"async\" src=\"https:\/\/www.rucashk.com\/wp-content\/uploads\/2020\/05\/HTB1mjXni8HH8KJjy0Fbq6AqlpXa8.jpg\" \/><\/p>\n<h1 data-spm-anchor-id=\"a2g0o.detail.1000023.i0.1d8ac20e0oLikT\"><\/h1>\n<p>Roidmi Nuevo C1 <a href=\"https:\/\/www.rucashk.com\/es\/producto\/xiaomi-car-charger-18w-quick-charge-metal-casing-dual-usb\/\" class=\"\" style=\"width: auto !important\" data-wpil-post-to-id=\"2655\">Cargador de Coche R\u00e1pido e Inteligente Apariencia Met\u00e1lica Doble USB<\/a> Salida compatible con todos los autom\u00f3viles para tel\u00e9fonos iOS y Android.<\/p>\n<p>Acerca de ROIDMI:<br \/>\nRoidmi Information Technology Co. Ltd. es una de <a href=\"https:\/\/www.rucashk.com\/es\/producto\/xiaomi-mi-band-4-smart-bracelet\/\" class=\"\" style=\"width: auto !important\" data-wpil-post-to-id=\"1828\">Empresas de la cadena ecol\u00f3gica Xiaomi, c\u00e9ntrese en lo inteligente<\/a> productos de hardware para autom\u00f3viles. Nombre de marca en ingl\u00e9s: \u201cROIDMI\u201d.<\/p>\n<p>Par\u00e1metros b\u00e1sicos:<br \/>\nMarca: Roidmi<br \/>\nN\u00famero de modelo: CDQ01RM<br \/>\nTipo: Doble salida USB<br \/>\nVoltaje de entrada: CC de 12 V a 24 V<br \/>\nVoltaje de salida: CC 5 V.<br \/>\nCorriente de salida: 2,4 A x 2 (m\u00e1x. 3,6 A)<br \/>\nTama\u00f1o: 26*25*53mm<\/p>\n<p>&nbsp;<\/p>\n<p>Paquete:<\/p>\n<p>1 * cargador de coche<\/p>\n<p>1 * manual de uso<\/p>\n<p>&nbsp;<\/p>\n<p>Caracter\u00edsticas:<br \/>\n1. Aspecto totalmente met\u00e1lico, inteligente. <a href=\"https:\/\/www.rucashk.com\/es\/producto\/xiaomi-70mai-dual-usb-car-quick-charge-adapter-for-smart-phone\/\" class=\"\" style=\"width: auto !important\" data-wpil-post-to-id=\"2526\">Salida USB dual, soporte r\u00e1pido<\/a> cargar.<br \/>\nSalida de identificaci\u00f3n inteligente 2.3.6A, conversi\u00f3n eficiente 95%, alta eficiencia de carga, tiempo de carga corto<br \/>\n3.Chip inteligente USB integrado.<br \/>\n4.Equipo de identificaci\u00f3n autom\u00e1tica y distribuci\u00f3n de energ\u00eda.<br \/>\n5.Indicador de carga LED redondo blanco.<\/p>\n<p>6.Seguridad:<br \/>\nProtecci\u00f3n contra la sobretensi\u00f3n.<br \/>\nProtecci\u00f3n contra cortocircuitos.<br \/>\nProteccion al sobrevoltaje.<br \/>\nProtecci\u00f3n contra sobrecalentamiento.<br \/>\nInterferencia antielectromagn\u00e9tica.<\/p>","protected":false},"excerpt":{"rendered":"<p>Caracter\u00edsticas:<br \/>\n1.Whole metal appearance,intelligent dual USB output,support quick charge.<br \/>\n2.95% power conversion rate.<br \/>\n3.Chip inteligente USB integrado.<br \/>\n4.Equipo de identificaci\u00f3n autom\u00e1tica y distribuci\u00f3n de energ\u00eda.<br \/>\n5.Indicador de carga LED redondo blanco.<\/p>","protected":false},"featured_media":21446,"template":"","meta":[],"product_brand":[],"product_cat":[1318,1305],"product_tag":[],"class_list":{"0":"post-21319","1":"product","2":"type-product","3":"status-publish","4":"has-post-thumbnail","6":"product_cat-gadgets","7":"product_cat-xiaomi-eco","9":"first","10":"instock","11":"shipping-taxable","12":"product-type-external"},"aioseo_notices":[],"aioseo_head":"\n\t\t<!-- All in One SEO Pro 4.5.9.2 - aioseo.com -->\n\t\t<meta name=\"description\" content=\"Features: 1.Whole metal appearance,intelligent dual USB output,support quick charge. 2.95% power conversion rate. 3.Built-in USB intelligent chip. 4.Automatic identification equipment and distribute power. 5.White round LED charging indicater.\" \/>\n\t\t<meta name=\"robots\" content=\"max-image-preview:large\" \/>\n\t\t<link rel=\"canonical\" href=\"https:\/\/www.rucashk.com\/es\/producto\/roidmi-c1-quick-and-intelligent-car-charger-metal-dual-usb\/\" \/>\n\t\t<meta name=\"generator\" content=\"All in One SEO Pro (AIOSEO) 4.5.9.2\" \/>\n\t\t<meta property=\"og:locale\" content=\"es_ES\" \/>\n\t\t<meta property=\"og:site_name\" content=\"Rucas - One-stop AIoT Distribution Worldwide\" \/>\n\t\t<meta property=\"og:type\" content=\"article\" \/>\n\t\t<meta property=\"og:title\" content=\"Roidmi C1 Quick And Intelligent Car Charger Metal Dual USB - Rucas - Wholesale and Distribution\" \/>\n\t\t<meta property=\"og:description\" content=\"Features: 1.Whole metal appearance,intelligent dual USB output,support quick charge. 2.95% power conversion rate. 3.Built-in USB intelligent chip. 4.Automatic identification equipment and distribute power. 5.White round LED charging indicater.\" \/>\n\t\t<meta property=\"og:url\" content=\"https:\/\/www.rucashk.com\/es\/producto\/roidmi-c1-quick-and-intelligent-car-charger-metal-dual-usb\/\" \/>\n\t\t<meta property=\"og:image\" content=\"https:\/\/www.rucashk.com\/wp-content\/uploads\/replace\/503b8e645f128a97ccde2b6290747646.jpeg\" \/>\n\t\t<meta property=\"og:image:secure_url\" content=\"https:\/\/www.rucashk.com\/wp-content\/uploads\/replace\/503b8e645f128a97ccde2b6290747646.jpeg\" \/>\n\t\t<meta property=\"og:image:width\" content=\"1456\" \/>\n\t\t<meta property=\"og:image:height\" content=\"816\" \/>\n\t\t<meta property=\"article:published_time\" content=\"2024-01-09T15:31:17+00:00\" \/>\n\t\t<meta property=\"article:modified_time\" content=\"2024-01-21T07:07:44+00:00\" \/>\n\t\t<meta name=\"twitter:card\" content=\"summary_large_image\" \/>\n\t\t<meta name=\"twitter:title\" content=\"Roidmi C1 Quick And Intelligent Car Charger Metal Dual USB - Rucas - Wholesale and Distribution\" \/>\n\t\t<meta name=\"twitter:description\" content=\"Features: 1.Whole metal appearance,intelligent dual USB output,support quick charge. 2.95% power conversion rate. 3.Built-in USB intelligent chip. 4.Automatic identification equipment and distribute power. 5.White round LED charging indicater.\" \/>\n\t\t<meta name=\"twitter:image\" content=\"https:\/\/www.rucashk.com\/wp-content\/uploads\/replace\/503b8e645f128a97ccde2b6290747646.jpeg\" \/>\n\t\t<script type=\"application\/ld+json\" class=\"aioseo-schema\">\n\t\t\t{\"@context\":\"https:\\\/\\\/schema.org\",\"@graph\":[{\"@type\":\"BreadcrumbList\",\"@id\":\"https:\\\/\\\/www.rucashk.com\\\/es\\\/producto\\\/roidmi-c1-quick-and-intelligent-car-charger-metal-dual-usb\\\/#breadcrumblist\",\"itemListElement\":[{\"@type\":\"ListItem\",\"@id\":\"https:\\\/\\\/www.rucashk.com\\\/es\\\/#listItem\",\"position\":1,\"name\":\"Home\",\"item\":\"https:\\\/\\\/www.rucashk.com\\\/es\\\/\",\"nextItem\":\"https:\\\/\\\/www.rucashk.com\\\/es\\\/producto\\\/roidmi-c1-quick-and-intelligent-car-charger-metal-dual-usb\\\/#listItem\"},{\"@type\":\"ListItem\",\"@id\":\"https:\\\/\\\/www.rucashk.com\\\/es\\\/producto\\\/roidmi-c1-quick-and-intelligent-car-charger-metal-dual-usb\\\/#listItem\",\"position\":2,\"name\":\"Roidmi C1 Quick And Intelligent Car Charger Metal Dual USB\",\"previousItem\":\"https:\\\/\\\/www.rucashk.com\\\/es\\\/#listItem\"}]},{\"@type\":\"Organization\",\"@id\":\"https:\\\/\\\/www.rucashk.com\\\/es\\\/#organization\",\"name\":\"Rucas\",\"url\":\"https:\\\/\\\/www.rucashk.com\\\/es\\\/\",\"logo\":{\"@type\":\"ImageObject\",\"url\":\"https:\\\/\\\/www.rucashk.com\\\/wp-content\\\/uploads\\\/2023\\\/12\\\/Rucas_campany_logo.png\",\"@id\":\"https:\\\/\\\/www.rucashk.com\\\/es\\\/producto\\\/roidmi-c1-quick-and-intelligent-car-charger-metal-dual-usb\\\/#organizationLogo\",\"width\":221,\"height\":65},\"image\":{\"@id\":\"https:\\\/\\\/www.rucashk.com\\\/es\\\/#organizationLogo\"}},{\"@type\":\"Person\",\"@id\":\"https:\\\/\\\/www.rucashk.com\\\/es\\\/author\\\/admin\\\/#author\",\"url\":\"https:\\\/\\\/www.rucashk.com\\\/es\\\/author\\\/admin\\\/\",\"name\":\"admin\",\"image\":{\"@type\":\"ImageObject\",\"@id\":\"https:\\\/\\\/www.rucashk.com\\\/es\\\/producto\\\/roidmi-c1-quick-and-intelligent-car-charger-metal-dual-usb\\\/#authorImage\",\"url\":\"https:\\\/\\\/secure.gravatar.com\\\/avatar\\\/b7c8925b09a27e72b30232f8ecaadbd5af0f70a38c78096863fe51b64f031c24?s=96&d=mm&r=g\",\"width\":96,\"height\":96,\"caption\":\"admin\"}},{\"@type\":\"WebPage\",\"@id\":\"https:\\\/\\\/www.rucashk.com\\\/es\\\/producto\\\/roidmi-c1-quick-and-intelligent-car-charger-metal-dual-usb\\\/#webpage\",\"url\":\"https:\\\/\\\/www.rucashk.com\\\/es\\\/producto\\\/roidmi-c1-quick-and-intelligent-car-charger-metal-dual-usb\\\/\",\"name\":\"Roidmi C1 Quick And Intelligent Car Charger Metal Dual USB - Rucas - Wholesale and Distribution\",\"description\":\"Features: 1.Whole metal appearance,intelligent dual USB output,support quick charge. 2.95% power conversion rate. 3.Built-in USB intelligent chip. 4.Automatic identification equipment and distribute power. 5.White round LED charging indicater.\",\"inLanguage\":\"es-ES\",\"isPartOf\":{\"@id\":\"https:\\\/\\\/www.rucashk.com\\\/es\\\/#website\"},\"breadcrumb\":{\"@id\":\"https:\\\/\\\/www.rucashk.com\\\/es\\\/producto\\\/roidmi-c1-quick-and-intelligent-car-charger-metal-dual-usb\\\/#breadcrumblist\"},\"author\":{\"@id\":\"https:\\\/\\\/www.rucashk.com\\\/es\\\/author\\\/admin\\\/#author\"},\"creator\":{\"@id\":\"https:\\\/\\\/www.rucashk.com\\\/es\\\/author\\\/admin\\\/#author\"},\"image\":{\"@type\":\"ImageObject\",\"url\":\"https:\\\/\\\/www.rucashk.com\\\/wp-content\\\/uploads\\\/2024\\\/01\\\/Original-Xiaomi-Roidmi-C1-Car-Charger-Metal-Dual-USB-5V-3-6A-Quick-Charger-For-iPhone.jpg\",\"@id\":\"https:\\\/\\\/www.rucashk.com\\\/es\\\/producto\\\/roidmi-c1-quick-and-intelligent-car-charger-metal-dual-usb\\\/#mainImage\",\"width\":800,\"height\":800},\"primaryImageOfPage\":{\"@id\":\"https:\\\/\\\/www.rucashk.com\\\/es\\\/producto\\\/roidmi-c1-quick-and-intelligent-car-charger-metal-dual-usb\\\/#mainImage\"},\"datePublished\":\"2024-01-09T15:31:17+00:00\",\"dateModified\":\"2024-01-21T07:07:44+00:00\"},{\"@type\":\"WebSite\",\"@id\":\"https:\\\/\\\/www.rucashk.com\\\/es\\\/#website\",\"url\":\"https:\\\/\\\/www.rucashk.com\\\/es\\\/\",\"name\":\"Rucas - Wholesale and distribution worldwide\",\"alternateName\":\"Rucas - One-stop AIoT Distribution Worldwide\",\"description\":\"One-stop AIoT Distribution Worldwide\",\"inLanguage\":\"es-ES\",\"publisher\":{\"@id\":\"https:\\\/\\\/www.rucashk.com\\\/es\\\/#organization\"}}]}\n\t\t<\/script>\n\t\t<!-- All in One SEO Pro -->\r\n\t\t<title>Roidmi C1 Quick And Intelligent Car Charger Metal Dual USB - Rucas - Wholesale and Distribution<\/title>\n\n","aioseo_head_json":{"title":"Roidmi C1 Quick And Intelligent Car Charger Metal Dual USB - Rucas - Wholesale and Distribution","description":"Features: 1.Whole metal appearance,intelligent dual USB output,support quick charge. 2.95% power conversion rate. 3.Built-in USB intelligent chip. 4.Automatic identification equipment and distribute power. 5.White round LED charging indicater.","canonical_url":"https:\/\/www.rucashk.com\/es\/producto\/roidmi-c1-quick-and-intelligent-car-charger-metal-dual-usb\/","robots":"max-image-preview:large","keywords":"","webmasterTools":{"miscellaneous":""},"og:locale":"es_ES","og:site_name":"Rucas - One-stop AIoT Distribution Worldwide","og:type":"article","og:title":"Roidmi C1 Quick And Intelligent Car Charger Metal Dual USB - Rucas - Wholesale and Distribution","og:description":"Features: 1.Whole metal appearance,intelligent dual USB output,support quick charge. 2.95% power conversion rate. 3.Built-in USB intelligent chip. 4.Automatic identification equipment and distribute power. 5.White round LED charging indicater.","og:url":"https:\/\/www.rucashk.com\/es\/producto\/roidmi-c1-quick-and-intelligent-car-charger-metal-dual-usb\/","og:image":"https:\/\/www.rucashk.com\/wp-content\/uploads\/replace\/503b8e645f128a97ccde2b6290747646.jpeg","og:image:secure_url":"https:\/\/www.rucashk.com\/wp-content\/uploads\/replace\/503b8e645f128a97ccde2b6290747646.jpeg","og:image:width":1456,"og:image:height":816,"article:published_time":"2024-01-09T15:31:17+00:00","article:modified_time":"2024-01-21T07:07:44+00:00","twitter:card":"summary_large_image","twitter:title":"Roidmi C1 Quick And Intelligent Car Charger Metal Dual USB - Rucas - Wholesale and Distribution","twitter:description":"Features: 1.Whole metal appearance,intelligent dual USB output,support quick charge. 2.95% power conversion rate. 3.Built-in USB intelligent chip. 4.Automatic identification equipment and distribute power. 5.White round LED charging indicater.","twitter:image":"https:\/\/www.rucashk.com\/wp-content\/uploads\/replace\/503b8e645f128a97ccde2b6290747646.jpeg","schema":{"@context":"https:\/\/schema.org","@graph":[{"@type":"BreadcrumbList","@id":"https:\/\/www.rucashk.com\/es\/producto\/roidmi-c1-quick-and-intelligent-car-charger-metal-dual-usb\/#breadcrumblist","itemListElement":[{"@type":"ListItem","@id":"https:\/\/www.rucashk.com\/es\/#listItem","position":1,"name":"Home","item":"https:\/\/www.rucashk.com\/es\/","nextItem":"https:\/\/www.rucashk.com\/es\/producto\/roidmi-c1-quick-and-intelligent-car-charger-metal-dual-usb\/#listItem"},{"@type":"ListItem","@id":"https:\/\/www.rucashk.com\/es\/producto\/roidmi-c1-quick-and-intelligent-car-charger-metal-dual-usb\/#listItem","position":2,"name":"Roidmi C1 Quick And Intelligent Car Charger Metal Dual USB","previousItem":"https:\/\/www.rucashk.com\/es\/#listItem"}]},{"@type":"Organization","@id":"https:\/\/www.rucashk.com\/es\/#organization","name":"Rucas","url":"https:\/\/www.rucashk.com\/es\/","logo":{"@type":"ImageObject","url":"https:\/\/www.rucashk.com\/wp-content\/uploads\/2023\/12\/Rucas_campany_logo.png","@id":"https:\/\/www.rucashk.com\/es\/producto\/roidmi-c1-quick-and-intelligent-car-charger-metal-dual-usb\/#organizationLogo","width":221,"height":65},"image":{"@id":"https:\/\/www.rucashk.com\/es\/#organizationLogo"}},{"@type":"Person","@id":"https:\/\/www.rucashk.com\/es\/author\/admin\/#author","url":"https:\/\/www.rucashk.com\/es\/author\/admin\/","name":"admin","image":{"@type":"ImageObject","@id":"https:\/\/www.rucashk.com\/es\/producto\/roidmi-c1-quick-and-intelligent-car-charger-metal-dual-usb\/#authorImage","url":"https:\/\/secure.gravatar.com\/avatar\/b7c8925b09a27e72b30232f8ecaadbd5af0f70a38c78096863fe51b64f031c24?s=96&d=mm&r=g","width":96,"height":96,"caption":"admin"}},{"@type":"WebPage","@id":"https:\/\/www.rucashk.com\/es\/producto\/roidmi-c1-quick-and-intelligent-car-charger-metal-dual-usb\/#webpage","url":"https:\/\/www.rucashk.com\/es\/producto\/roidmi-c1-quick-and-intelligent-car-charger-metal-dual-usb\/","name":"Roidmi C1 Quick And Intelligent Car Charger Metal Dual USB - Rucas - Wholesale and Distribution","description":"Features: 1.Whole metal appearance,intelligent dual USB output,support quick charge. 2.95% power conversion rate. 3.Built-in USB intelligent chip. 4.Automatic identification equipment and distribute power. 5.White round LED charging indicater.","inLanguage":"es-ES","isPartOf":{"@id":"https:\/\/www.rucashk.com\/es\/#website"},"breadcrumb":{"@id":"https:\/\/www.rucashk.com\/es\/producto\/roidmi-c1-quick-and-intelligent-car-charger-metal-dual-usb\/#breadcrumblist"},"author":{"@id":"https:\/\/www.rucashk.com\/es\/author\/admin\/#author"},"creator":{"@id":"https:\/\/www.rucashk.com\/es\/author\/admin\/#author"},"image":{"@type":"ImageObject","url":"https:\/\/www.rucashk.com\/wp-content\/uploads\/2024\/01\/Original-Xiaomi-Roidmi-C1-Car-Charger-Metal-Dual-USB-5V-3-6A-Quick-Charger-For-iPhone.jpg","@id":"https:\/\/www.rucashk.com\/es\/producto\/roidmi-c1-quick-and-intelligent-car-charger-metal-dual-usb\/#mainImage","width":800,"height":800},"primaryImageOfPage":{"@id":"https:\/\/www.rucashk.com\/es\/producto\/roidmi-c1-quick-and-intelligent-car-charger-metal-dual-usb\/#mainImage"},"datePublished":"2024-01-09T15:31:17+00:00","dateModified":"2024-01-21T07:07:44+00:00"},{"@type":"WebSite","@id":"https:\/\/www.rucashk.com\/es\/#website","url":"https:\/\/www.rucashk.com\/es\/","name":"Rucas - Wholesale and distribution worldwide","alternateName":"Rucas - One-stop AIoT Distribution Worldwide","description":"One-stop AIoT Distribution Worldwide","inLanguage":"es-ES","publisher":{"@id":"https:\/\/www.rucashk.com\/es\/#organization"}}]}},"aioseo_meta_data":{"post_id":"21319","title":null,"description":null,"keywords":null,"keyphrases":null,"primary_term":null,"canonical_url":null,"og_title":null,"og_description":null,"og_object_type":"default","og_image_type":"default","og_image_url":null,"og_image_width":null,"og_image_height":null,"og_image_custom_url":null,"og_image_custom_fields":null,"og_video":null,"og_custom_url":null,"og_article_section":null,"og_article_tags":null,"twitter_use_og":false,"twitter_card":"default","twitter_image_type":"default","twitter_image_url":null,"twitter_image_custom_url":null,"twitter_image_custom_fields":null,"twitter_title":null,"twitter_description":null,"schema":{"blockGraphs":[],"customGraphs":[],"default":{"data":{"Article":[],"Course":[],"Dataset":[],"FAQPage":[],"Movie":[],"Person":[],"Product":[],"Recipe":[],"Service":[],"SoftwareApplication":[],"WebPage":[]},"graphName":"","isEnabled":true},"graphs":[]},"schema_type":"default","schema_type_options":null,"pillar_content":false,"robots_default":true,"robots_noindex":false,"robots_noarchive":false,"robots_nosnippet":false,"robots_nofollow":false,"robots_noimageindex":false,"robots_noodp":false,"robots_notranslate":false,"robots_max_snippet":null,"robots_max_videopreview":null,"robots_max_imagepreview":"large","priority":null,"frequency":null,"local_seo":null,"breadcrumb_settings":null,"limit_modified_date":false,"created":"2024-04-11 01:55:17","updated":"2025-06-22 16:21:01"},"aioseo_breadcrumb":"<div class=\"aioseo-breadcrumbs\"><span class=\"aioseo-breadcrumb\">\n\t<a href=\"https:\/\/www.rucashk.com\/es\" title=\"Home\">Home<\/a>\n<\/span><span class=\"aioseo-breadcrumb-separator\">&raquo;<\/span><span class=\"aioseo-breadcrumb\">\n\t<a href=\"https:\/\/www.rucashk.com\/es\/products\/\" title=\"Productos\">Productos<\/a>\n<\/span><span class=\"aioseo-breadcrumb-separator\">&raquo;<\/span><span class=\"aioseo-breadcrumb\">\n\t<a href=\"https:\/\/www.rucashk.com\/es\/categoria-producto\/xiaomi-eco\/\" title=\"Xiaomi Eco\">Xiaomi Eco<\/a>\n<\/span><span class=\"aioseo-breadcrumb-separator\">&raquo;<\/span><span class=\"aioseo-breadcrumb\">\n\t<a href=\"https:\/\/www.rucashk.com\/es\/categoria-producto\/xiaomi-eco\/gadgets\/\" title=\"Gadgets\">Gadgets<\/a>\n<\/span><span class=\"aioseo-breadcrumb-separator\">&raquo;<\/span><span class=\"aioseo-breadcrumb\">\n\tRoidmi C1 Quick And Intelligent Car Charger Metal Dual USB\n<\/span><\/div>","aioseo_breadcrumb_json":[{"label":"Home","link":"https:\/\/www.rucashk.com\/es"},{"label":"Productos","link":"https:\/\/www.rucashk.com\/es\/products\/"},{"label":"Xiaomi Eco","link":"https:\/\/www.rucashk.com\/es\/categoria-producto\/xiaomi-eco\/"},{"label":"Gadgets","link":"https:\/\/www.rucashk.com\/es\/categoria-producto\/xiaomi-eco\/gadgets\/"},{"label":"Roidmi C1 Quick And Intelligent Car Charger Metal Dual USB","link":"https:\/\/www.rucashk.com\/es\/producto\/roidmi-c1-quick-and-intelligent-car-charger-metal-dual-usb\/"}],"_links":{"self":[{"href":"https:\/\/www.rucashk.com\/es\/wp-json\/wp\/v2\/product\/21319","targetHints":{"allow":["GET"]}}],"collection":[{"href":"https:\/\/www.rucashk.com\/es\/wp-json\/wp\/v2\/product"}],"about":[{"href":"https:\/\/www.rucashk.com\/es\/wp-json\/wp\/v2\/types\/product"}],"wp:featuredmedia":[{"embeddable":true,"href":"https:\/\/www.rucashk.com\/es\/wp-json\/wp\/v2\/media\/21446"}],"wp:attachment":[{"href":"https:\/\/www.rucashk.com\/es\/wp-json\/wp\/v2\/media?parent=21319"}],"wp:term":[{"taxonomy":"product_brand","embeddable":true,"href":"https:\/\/www.rucashk.com\/es\/wp-json\/wp\/v2\/product_brand?post=21319"},{"taxonomy":"product_cat","embeddable":true,"href":"https:\/\/www.rucashk.com\/es\/wp-json\/wp\/v2\/product_cat?post=21319"},{"taxonomy":"product_tag","embeddable":true,"href":"https:\/\/www.rucashk.com\/es\/wp-json\/wp\/v2\/product_tag?post=21319"}],"curies":[{"name":"wp","href":"https:\/\/api.w.org\/{rel}","templated":true}]}}