{"id":21315,"date":"2024-01-09T15:31:16","date_gmt":"2024-01-09T15:31:16","guid":{"rendered":"http:\/\/rucashk.com\/?post_type=product&#038;p=21315"},"modified":"2025-06-22T07:34:51","modified_gmt":"2025-06-22T07:34:51","slug":"xiaomi-70mai-air-compressor-car-tyre-inflator","status":"publish","type":"product","link":"https:\/\/www.rucashk.com\/es\/producto\/xiaomi-70mai-air-compressor-car-tyre-inflator\/","title":{"rendered":"Inflador de neum\u00e1ticos de coche con compresor de aire Xiaomi 70mai"},"content":{"rendered":"<p><img decoding=\"async\" alt=\"Xiaomi 70mai Air Compressor Car Tyre Inflator\" class=\"js-descLazyload lazy-loaded aligncenter\" src=\"https:\/\/www.rucashk.com\/wp-content\/uploads\/2020\/05\/156274119094.jpg\" data-lazy=\"https:\/\/www.rucashk.com\/wp-content\/uploads\/2020\/05\/156274119094.jpg\" data-was-processed=\"true\" \/><\/p>\n<p style=\"text-align: center\"><img decoding=\"async\" alt=\"Xiaomi 70mai Air Compressor Car Tyre Inflator\" class=\"js-descLazyload lazy-loaded\" src=\"https:\/\/www.rucashk.com\/wp-content\/uploads\/2020\/05\/333855b1dc6f.jpg\" data-lazy=\"https:\/\/www.rucashk.com\/wp-content\/uploads\/2020\/05\/333855b1dc6f.jpg\" data-was-processed=\"true\" \/><\/p>\n<p style=\"text-align: center\"><img decoding=\"async\" alt=\"Xiaomi 70mai Air Compressor Car Tyre Inflator\" class=\"js-descLazyload lazy-loaded\" src=\"https:\/\/www.rucashk.com\/wp-content\/uploads\/2020\/05\/6a5d5bdb54b9.jpg\" data-lazy=\"https:\/\/www.rucashk.com\/wp-content\/uploads\/2020\/05\/6a5d5bdb54b9.jpg\" data-was-processed=\"true\" \/><\/p>\n<p style=\"text-align: center\"><img decoding=\"async\" alt=\"Xiaomi 70mai Air Compressor Car Tyre Inflator\" class=\"js-descLazyload lazy-loaded\" src=\"https:\/\/www.rucashk.com\/wp-content\/uploads\/2020\/05\/9348355d7e17.jpg\" data-lazy=\"https:\/\/www.rucashk.com\/wp-content\/uploads\/2020\/05\/9348355d7e17.jpg\" data-was-processed=\"true\" \/><\/p>\n<p style=\"text-align: center\"><img decoding=\"async\" alt=\"Xiaomi 70mai Air Compressor Car Tyre Inflator\" class=\"js-descLazyload lazy-loaded\" src=\"https:\/\/www.rucashk.com\/wp-content\/uploads\/2020\/05\/9ab935466c53.jpg\" data-lazy=\"https:\/\/www.rucashk.com\/wp-content\/uploads\/2020\/05\/9ab935466c53.jpg\" data-was-processed=\"true\" \/><\/p>\n<p style=\"text-align: center\"><img decoding=\"async\" alt=\"Xiaomi 70mai Air Compressor Car Tyre Inflator\" class=\"js-descLazyload lazy-loaded\" src=\"https:\/\/www.rucashk.com\/wp-content\/uploads\/2020\/05\/2bff64429a2b.jpg\" data-lazy=\"https:\/\/www.rucashk.com\/wp-content\/uploads\/2020\/05\/2bff64429a2b.jpg\" data-was-processed=\"true\" \/><\/p>\n<p style=\"text-align: center\"><img decoding=\"async\" alt=\"Xiaomi 70mai Air Compressor Car Tyre Inflator\" class=\"js-descLazyload lazy-loaded\" src=\"https:\/\/www.rucashk.com\/wp-content\/uploads\/2020\/05\/9644cf312bbb.jpg\" data-lazy=\"https:\/\/www.rucashk.com\/wp-content\/uploads\/2020\/05\/9644cf312bbb.jpg\" data-was-processed=\"true\" \/><\/p>\n<p style=\"text-align: center\"><img decoding=\"async\" alt=\"Xiaomi 70mai Air Compressor Car Tyre Inflator\" class=\"js-descLazyload lazy-loaded\" src=\"https:\/\/www.rucashk.com\/wp-content\/uploads\/2020\/05\/f4152c723887.jpg\" data-lazy=\"https:\/\/www.rucashk.com\/wp-content\/uploads\/2020\/05\/f4152c723887.jpg\" data-was-processed=\"true\" \/><\/p>\n<p style=\"text-align: center\"><img decoding=\"async\" alt=\"Xiaomi 70mai Air Compressor Car Tyre Inflator\" class=\"js-descLazyload lazy-loaded\" src=\"https:\/\/www.rucashk.com\/wp-content\/uploads\/2020\/05\/0d5c5904236d.jpg\" data-lazy=\"https:\/\/www.rucashk.com\/wp-content\/uploads\/2020\/05\/0d5c5904236d.jpg\" data-was-processed=\"true\" \/><\/p>\n<p><img decoding=\"async\" alt=\"Xiaomi 70mai Air Compressor Car Tyre Inflator\" class=\"js-descLazyload lazy-loaded aligncenter\" src=\"https:\/\/www.rucashk.com\/wp-content\/uploads\/2020\/05\/66c1d6a807a1.jpg\" data-lazy=\"https:\/\/www.rucashk.com\/wp-content\/uploads\/2020\/05\/66c1d6a807a1.jpg\" data-was-processed=\"true\" \/><\/p>\n<p>Descripci\u00f3n:<br \/>\n<a class=\"\" style=\"width: auto !important\" href=\"https:\/\/www.rucashk.com\/es\/producto\/xiaomi-70mai-dual-usb-car-quick-charge-adapter-for-smart-phone\/\" data-wpil-post-to-id=\"2526\">XIAOMI 70MAI Bomba de aire port\u00e1til para neum\u00e1ticos de coche V\u00e1lvula de rueda de neum\u00e1tico autom\u00e1tico Inflador de mandril Adaptador de conector de compresor<\/a><br \/>\nCaracter\u00edsticas:<br \/>\n1. Pist\u00f3n de PTFE alem\u00e1n importado combinado con aleaci\u00f3n de aluminio de \u00e1nodo <a class=\"\" style=\"width: auto !important\" href=\"https:\/\/www.rucashk.com\/es\/explosive-products-of-xiaomi-ecological-chain-super-high-speed-motor-2-times-the-air-pressure-boost-hairline-i-am-saved\/\" data-wpil-post-to-id=\"7147\">Cilindro de aire, puede aumentar la presi\u00f3n.<\/a> Hasta 7 bar f\u00e1cilmente, el flujo atmosf\u00e9rico es de hasta 32 l\/min cuando est\u00e1 inflado.<br \/>\n2. Gas completamente lleno con un neum\u00e1tico vac\u00edo en 3 minutos, solo toma 6 minutos para un neum\u00e1tico vac\u00edo de SUV. El motor de im\u00e1n permanente de baja corriente, equipado con un n\u00facleo de cobre puro, puede lograr un inflado continuo de 24 horas, sin necesidad de preocuparse por el largo viaje. .<br \/>\n3. El sonido de funcionamiento es inferior a 72 dB en la prueba de campo, reducci\u00f3n de la vibraci\u00f3n, aseg\u00farese de que la salida sea estable.<\/p>\n<p>Especificaci\u00f3n:<br \/>\nMarca: <a class=\"\" style=\"width: auto !important\" href=\"https:\/\/www.rucashk.com\/es\/producto\/mi-70-mai-pro-d02-dash-camera\/\" data-wpil-post-to-id=\"1924\">XIAOMI 70MAI<\/a><br \/>\nNombre: bomba de aire para neum\u00e1ticos de coche<br \/>\nN.\u00ba de producto: Unidad TP01<br \/>\nModelos aplicables: para neum\u00e1ticos de coche<br \/>\nCategoria de producto: <a class=\"\" style=\"width: auto !important\" href=\"https:\/\/www.rucashk.com\/es\/updating-of-xiaomi-bluetooth-headset-air-2s-can-resolve-iphone-single-ear-noise\/\" data-wpil-post-to-id=\"7375\">Aire de un solo cilindro<\/a> Bomba<br \/>\nFlujo de inflaci\u00f3n: 35L\/Min<br \/>\nTipo de pantalla: Pantalla digital<br \/>\nVelocidad de inflaci\u00f3n: Inflaci\u00f3n a velocidad extrema<br \/>\nTama\u00f1o del producto: 235 X 110 X 172,9 mm\/9,25 X 4,33 X 6,81 \u2033<br \/>\nVoltaje de funcionamiento: CC 12 V<br \/>\nCorriente de trabajo: 0A-10A<br \/>\nPresi\u00f3n de inflado: 0bar-7bar (100psi)<br \/>\nTemperatura de trabajo: -20\u00b0C ~ 70\u00b0C<\/p>\n<p>Notas:<br \/>\n1. Es un <a class=\"\" style=\"width: auto !important\" href=\"https:\/\/www.rucashk.com\/es\/explosive-products-of-xiaomi-ecological-chain-super-high-speed-motor-2-times-the-air-pressure-boost-hairline-i-am-saved\/\" data-wpil-post-to-id=\"7147\">Producto ecol\u00f3gico de Xiaomi.<\/a> cadena. Por lo tanto, no hay ning\u00fan logotipo de Xiaomi en el producto.<br \/>\n2. Debido a los diferentes monitores y efectos de la luz, el color real del art\u00edculo puede ser ligeramente diferente al color mostrado en las im\u00e1genes. \u00a1Gracias!<br \/>\n3. Permita una desviaci\u00f3n de medici\u00f3n de 1-3 mm debido a la medici\u00f3n manual.<\/p>","protected":false},"excerpt":{"rendered":"<p><b><span data-spm-anchor-id=\"a2g0o.detail.1000023.i0.3a393a7bNLKrY6\">Principales caracter\u00edsticas:<\/span><\/b><\/p>\n<p>\u2013 Este inflador port\u00e1til es adecuado para neum\u00e1ticos de autom\u00f3viles, neum\u00e1ticos de bicicletas y otros art\u00edculos inflables, como colchones de aire, botes inflables, etc.<\/p>\n<p>\u2013 Esta bomba de neum\u00e1ticos digital est\u00e1 dise\u00f1ada con una pantalla LED brillante, f\u00e1cil de leer mientras se vuelve a inflar el neum\u00e1tico. Adem\u00e1s, tambi\u00e9n puede controlar la presi\u00f3n del aire.<\/p>\n<p>\u2013 Viene con un cable de carga de 3,1 m y un tubo inflable de 0,6 m para ayudar a que los neum\u00e1ticos delanteros y traseros se inflen f\u00e1cilmente.<\/p>\n<p>\u2013 Puede seleccionar la unidad entre psi, kPa y bar, satisfaciendo sus diferentes necesidades de lectura.<\/p>","protected":false},"featured_media":21421,"template":"","meta":[],"product_brand":[1419,1363],"product_cat":[1288,1318,1293,1305],"product_tag":[],"class_list":{"0":"post-21315","1":"product","2":"type-product","3":"status-publish","4":"has-post-thumbnail","6":"product_brand-70mai","7":"product_brand-xiaomi","8":"product_cat-e-vehicle-accessories","9":"product_cat-gadgets","10":"product_cat-tire-pressure-monitoring","11":"product_cat-xiaomi-eco","13":"first","14":"instock","15":"shipping-taxable","16":"product-type-external"},"aioseo_notices":[],"aioseo_head":"\n\t\t<!-- All in One SEO Pro 4.5.9.2 - aioseo.com -->\n\t\t<meta name=\"description\" content=\"Main features: - This portable inflator is suitable for car tires, bike tires, and other inflatable items, like airbeds, inflatable boats, and so on. - This digital tire pump is designed with the bright LED display, easy to read while reflating the tire. Besides, it can also monitor the air pressure. - It is with the 3.1m charging cable and 0.6m inflatable tube to help the front and back tire inflation easily. - You can select the unit among psi, kPa, and bar, meeting your different reading needs.\" \/>\n\t\t<meta name=\"robots\" content=\"max-image-preview:large\" \/>\n\t\t<link rel=\"canonical\" href=\"https:\/\/www.rucashk.com\/es\/producto\/xiaomi-70mai-air-compressor-car-tyre-inflator\/\" \/>\n\t\t<meta name=\"generator\" content=\"All in One SEO Pro (AIOSEO) 4.5.9.2\" \/>\n\t\t<meta property=\"og:locale\" content=\"es_ES\" \/>\n\t\t<meta property=\"og:site_name\" content=\"Rucas - One-stop AIoT Distribution Worldwide\" \/>\n\t\t<meta property=\"og:type\" content=\"article\" \/>\n\t\t<meta property=\"og:title\" content=\"Xiaomi 70mai Air Compressor Car Tyre Inflator - Rucas - Wholesale and Distribution\" \/>\n\t\t<meta property=\"og:description\" content=\"Main features: - This portable inflator is suitable for car tires, bike tires, and other inflatable items, like airbeds, inflatable boats, and so on. - This digital tire pump is designed with the bright LED display, easy to read while reflating the tire. Besides, it can also monitor the air pressure. - It is with the 3.1m charging cable and 0.6m inflatable tube to help the front and back tire inflation easily. - You can select the unit among psi, kPa, and bar, meeting your different reading needs.\" \/>\n\t\t<meta property=\"og:url\" content=\"https:\/\/www.rucashk.com\/es\/producto\/xiaomi-70mai-air-compressor-car-tyre-inflator\/\" \/>\n\t\t<meta property=\"og:image\" content=\"https:\/\/www.rucashk.com\/wp-content\/uploads\/replace\/503b8e645f128a97ccde2b6290747646.jpeg\" \/>\n\t\t<meta property=\"og:image:secure_url\" content=\"https:\/\/www.rucashk.com\/wp-content\/uploads\/replace\/503b8e645f128a97ccde2b6290747646.jpeg\" \/>\n\t\t<meta property=\"og:image:width\" content=\"1456\" \/>\n\t\t<meta property=\"og:image:height\" content=\"816\" \/>\n\t\t<meta property=\"article:published_time\" content=\"2024-01-09T15:31:16+00:00\" \/>\n\t\t<meta property=\"article:modified_time\" content=\"2025-06-22T07:34:51+00:00\" \/>\n\t\t<meta name=\"twitter:card\" content=\"summary_large_image\" \/>\n\t\t<meta name=\"twitter:title\" content=\"Xiaomi 70mai Air Compressor Car Tyre Inflator - Rucas - Wholesale and Distribution\" \/>\n\t\t<meta name=\"twitter:description\" content=\"Main features: - This portable inflator is suitable for car tires, bike tires, and other inflatable items, like airbeds, inflatable boats, and so on. - This digital tire pump is designed with the bright LED display, easy to read while reflating the tire. Besides, it can also monitor the air pressure. - It is with the 3.1m charging cable and 0.6m inflatable tube to help the front and back tire inflation easily. - You can select the unit among psi, kPa, and bar, meeting your different reading needs.\" \/>\n\t\t<meta name=\"twitter:image\" content=\"https:\/\/www.rucashk.com\/wp-content\/uploads\/replace\/503b8e645f128a97ccde2b6290747646.jpeg\" \/>\n\t\t<script type=\"application\/ld+json\" class=\"aioseo-schema\">\n\t\t\t{\"@context\":\"https:\\\/\\\/schema.org\",\"@graph\":[{\"@type\":\"BreadcrumbList\",\"@id\":\"https:\\\/\\\/www.rucashk.com\\\/es\\\/producto\\\/xiaomi-70mai-air-compressor-car-tyre-inflator\\\/#breadcrumblist\",\"itemListElement\":[{\"@type\":\"ListItem\",\"@id\":\"https:\\\/\\\/www.rucashk.com\\\/es\\\/#listItem\",\"position\":1,\"name\":\"Home\",\"item\":\"https:\\\/\\\/www.rucashk.com\\\/es\\\/\",\"nextItem\":\"https:\\\/\\\/www.rucashk.com\\\/es\\\/producto\\\/xiaomi-70mai-air-compressor-car-tyre-inflator\\\/#listItem\"},{\"@type\":\"ListItem\",\"@id\":\"https:\\\/\\\/www.rucashk.com\\\/es\\\/producto\\\/xiaomi-70mai-air-compressor-car-tyre-inflator\\\/#listItem\",\"position\":2,\"name\":\"Xiaomi 70mai Air Compressor Car Tyre Inflator\",\"previousItem\":\"https:\\\/\\\/www.rucashk.com\\\/es\\\/#listItem\"}]},{\"@type\":\"Organization\",\"@id\":\"https:\\\/\\\/www.rucashk.com\\\/es\\\/#organization\",\"name\":\"Rucas\",\"url\":\"https:\\\/\\\/www.rucashk.com\\\/es\\\/\",\"logo\":{\"@type\":\"ImageObject\",\"url\":\"https:\\\/\\\/www.rucashk.com\\\/wp-content\\\/uploads\\\/2023\\\/12\\\/Rucas_campany_logo.png\",\"@id\":\"https:\\\/\\\/www.rucashk.com\\\/es\\\/producto\\\/xiaomi-70mai-air-compressor-car-tyre-inflator\\\/#organizationLogo\",\"width\":221,\"height\":65},\"image\":{\"@id\":\"https:\\\/\\\/www.rucashk.com\\\/es\\\/#organizationLogo\"}},{\"@type\":\"Person\",\"@id\":\"https:\\\/\\\/www.rucashk.com\\\/es\\\/author\\\/admin\\\/#author\",\"url\":\"https:\\\/\\\/www.rucashk.com\\\/es\\\/author\\\/admin\\\/\",\"name\":\"admin\",\"image\":{\"@type\":\"ImageObject\",\"@id\":\"https:\\\/\\\/www.rucashk.com\\\/es\\\/producto\\\/xiaomi-70mai-air-compressor-car-tyre-inflator\\\/#authorImage\",\"url\":\"https:\\\/\\\/secure.gravatar.com\\\/avatar\\\/b7c8925b09a27e72b30232f8ecaadbd5af0f70a38c78096863fe51b64f031c24?s=96&d=mm&r=g\",\"width\":96,\"height\":96,\"caption\":\"admin\"}},{\"@type\":\"WebPage\",\"@id\":\"https:\\\/\\\/www.rucashk.com\\\/es\\\/producto\\\/xiaomi-70mai-air-compressor-car-tyre-inflator\\\/#webpage\",\"url\":\"https:\\\/\\\/www.rucashk.com\\\/es\\\/producto\\\/xiaomi-70mai-air-compressor-car-tyre-inflator\\\/\",\"name\":\"Xiaomi 70mai Air Compressor Car Tyre Inflator - Rucas - Wholesale and Distribution\",\"description\":\"Main features: - This portable inflator is suitable for car tires, bike tires, and other inflatable items, like airbeds, inflatable boats, and so on. - This digital tire pump is designed with the bright LED display, easy to read while reflating the tire. Besides, it can also monitor the air pressure. - It is with the 3.1m charging cable and 0.6m inflatable tube to help the front and back tire inflation easily. - You can select the unit among psi, kPa, and bar, meeting your different reading needs.\",\"inLanguage\":\"es-ES\",\"isPartOf\":{\"@id\":\"https:\\\/\\\/www.rucashk.com\\\/es\\\/#website\"},\"breadcrumb\":{\"@id\":\"https:\\\/\\\/www.rucashk.com\\\/es\\\/producto\\\/xiaomi-70mai-air-compressor-car-tyre-inflator\\\/#breadcrumblist\"},\"author\":{\"@id\":\"https:\\\/\\\/www.rucashk.com\\\/es\\\/author\\\/admin\\\/#author\"},\"creator\":{\"@id\":\"https:\\\/\\\/www.rucashk.com\\\/es\\\/author\\\/admin\\\/#author\"},\"image\":{\"@type\":\"ImageObject\",\"url\":\"https:\\\/\\\/www.rucashk.com\\\/wp-content\\\/uploads\\\/2024\\\/01\\\/70mai-Air-Compressor-3.jpg\",\"@id\":\"https:\\\/\\\/www.rucashk.com\\\/es\\\/producto\\\/xiaomi-70mai-air-compressor-car-tyre-inflator\\\/#mainImage\",\"width\":800,\"height\":800},\"primaryImageOfPage\":{\"@id\":\"https:\\\/\\\/www.rucashk.com\\\/es\\\/producto\\\/xiaomi-70mai-air-compressor-car-tyre-inflator\\\/#mainImage\"},\"datePublished\":\"2024-01-09T15:31:16+00:00\",\"dateModified\":\"2025-06-22T07:34:51+00:00\"},{\"@type\":\"WebSite\",\"@id\":\"https:\\\/\\\/www.rucashk.com\\\/es\\\/#website\",\"url\":\"https:\\\/\\\/www.rucashk.com\\\/es\\\/\",\"name\":\"Rucas - Wholesale and distribution worldwide\",\"alternateName\":\"Rucas - One-stop AIoT Distribution Worldwide\",\"description\":\"One-stop AIoT Distribution Worldwide\",\"inLanguage\":\"es-ES\",\"publisher\":{\"@id\":\"https:\\\/\\\/www.rucashk.com\\\/es\\\/#organization\"}}]}\n\t\t<\/script>\n\t\t<!-- All in One SEO Pro -->\r\n\t\t<title>Xiaomi 70mai Air Compressor Car Tyre Inflator - Rucas - Wholesale and Distribution<\/title>\n\n","aioseo_head_json":{"title":"Xiaomi 70mai Air Compressor Car Tyre Inflator - Rucas - Wholesale and Distribution","description":"Main features: - This portable inflator is suitable for car tires, bike tires, and other inflatable items, like airbeds, inflatable boats, and so on. - This digital tire pump is designed with the bright LED display, easy to read while reflating the tire. Besides, it can also monitor the air pressure. - It is with the 3.1m charging cable and 0.6m inflatable tube to help the front and back tire inflation easily. - You can select the unit among psi, kPa, and bar, meeting your different reading needs.","canonical_url":"https:\/\/www.rucashk.com\/es\/producto\/xiaomi-70mai-air-compressor-car-tyre-inflator\/","robots":"max-image-preview:large","keywords":"","webmasterTools":{"miscellaneous":""},"og:locale":"es_ES","og:site_name":"Rucas - One-stop AIoT Distribution Worldwide","og:type":"article","og:title":"Xiaomi 70mai Air Compressor Car Tyre Inflator - Rucas - Wholesale and Distribution","og:description":"Main features: - This portable inflator is suitable for car tires, bike tires, and other inflatable items, like airbeds, inflatable boats, and so on. - This digital tire pump is designed with the bright LED display, easy to read while reflating the tire. Besides, it can also monitor the air pressure. - It is with the 3.1m charging cable and 0.6m inflatable tube to help the front and back tire inflation easily. - You can select the unit among psi, kPa, and bar, meeting your different reading needs.","og:url":"https:\/\/www.rucashk.com\/es\/producto\/xiaomi-70mai-air-compressor-car-tyre-inflator\/","og:image":"https:\/\/www.rucashk.com\/wp-content\/uploads\/replace\/503b8e645f128a97ccde2b6290747646.jpeg","og:image:secure_url":"https:\/\/www.rucashk.com\/wp-content\/uploads\/replace\/503b8e645f128a97ccde2b6290747646.jpeg","og:image:width":1456,"og:image:height":816,"article:published_time":"2024-01-09T15:31:16+00:00","article:modified_time":"2025-06-22T07:34:51+00:00","twitter:card":"summary_large_image","twitter:title":"Xiaomi 70mai Air Compressor Car Tyre Inflator - Rucas - Wholesale and Distribution","twitter:description":"Main features: - This portable inflator is suitable for car tires, bike tires, and other inflatable items, like airbeds, inflatable boats, and so on. - This digital tire pump is designed with the bright LED display, easy to read while reflating the tire. Besides, it can also monitor the air pressure. - It is with the 3.1m charging cable and 0.6m inflatable tube to help the front and back tire inflation easily. - You can select the unit among psi, kPa, and bar, meeting your different reading needs.","twitter:image":"https:\/\/www.rucashk.com\/wp-content\/uploads\/replace\/503b8e645f128a97ccde2b6290747646.jpeg","schema":{"@context":"https:\/\/schema.org","@graph":[{"@type":"BreadcrumbList","@id":"https:\/\/www.rucashk.com\/es\/producto\/xiaomi-70mai-air-compressor-car-tyre-inflator\/#breadcrumblist","itemListElement":[{"@type":"ListItem","@id":"https:\/\/www.rucashk.com\/es\/#listItem","position":1,"name":"Home","item":"https:\/\/www.rucashk.com\/es\/","nextItem":"https:\/\/www.rucashk.com\/es\/producto\/xiaomi-70mai-air-compressor-car-tyre-inflator\/#listItem"},{"@type":"ListItem","@id":"https:\/\/www.rucashk.com\/es\/producto\/xiaomi-70mai-air-compressor-car-tyre-inflator\/#listItem","position":2,"name":"Xiaomi 70mai Air Compressor Car Tyre Inflator","previousItem":"https:\/\/www.rucashk.com\/es\/#listItem"}]},{"@type":"Organization","@id":"https:\/\/www.rucashk.com\/es\/#organization","name":"Rucas","url":"https:\/\/www.rucashk.com\/es\/","logo":{"@type":"ImageObject","url":"https:\/\/www.rucashk.com\/wp-content\/uploads\/2023\/12\/Rucas_campany_logo.png","@id":"https:\/\/www.rucashk.com\/es\/producto\/xiaomi-70mai-air-compressor-car-tyre-inflator\/#organizationLogo","width":221,"height":65},"image":{"@id":"https:\/\/www.rucashk.com\/es\/#organizationLogo"}},{"@type":"Person","@id":"https:\/\/www.rucashk.com\/es\/author\/admin\/#author","url":"https:\/\/www.rucashk.com\/es\/author\/admin\/","name":"admin","image":{"@type":"ImageObject","@id":"https:\/\/www.rucashk.com\/es\/producto\/xiaomi-70mai-air-compressor-car-tyre-inflator\/#authorImage","url":"https:\/\/secure.gravatar.com\/avatar\/b7c8925b09a27e72b30232f8ecaadbd5af0f70a38c78096863fe51b64f031c24?s=96&d=mm&r=g","width":96,"height":96,"caption":"admin"}},{"@type":"WebPage","@id":"https:\/\/www.rucashk.com\/es\/producto\/xiaomi-70mai-air-compressor-car-tyre-inflator\/#webpage","url":"https:\/\/www.rucashk.com\/es\/producto\/xiaomi-70mai-air-compressor-car-tyre-inflator\/","name":"Xiaomi 70mai Air Compressor Car Tyre Inflator - Rucas - Wholesale and Distribution","description":"Main features: - This portable inflator is suitable for car tires, bike tires, and other inflatable items, like airbeds, inflatable boats, and so on. - This digital tire pump is designed with the bright LED display, easy to read while reflating the tire. Besides, it can also monitor the air pressure. - It is with the 3.1m charging cable and 0.6m inflatable tube to help the front and back tire inflation easily. - You can select the unit among psi, kPa, and bar, meeting your different reading needs.","inLanguage":"es-ES","isPartOf":{"@id":"https:\/\/www.rucashk.com\/es\/#website"},"breadcrumb":{"@id":"https:\/\/www.rucashk.com\/es\/producto\/xiaomi-70mai-air-compressor-car-tyre-inflator\/#breadcrumblist"},"author":{"@id":"https:\/\/www.rucashk.com\/es\/author\/admin\/#author"},"creator":{"@id":"https:\/\/www.rucashk.com\/es\/author\/admin\/#author"},"image":{"@type":"ImageObject","url":"https:\/\/www.rucashk.com\/wp-content\/uploads\/2024\/01\/70mai-Air-Compressor-3.jpg","@id":"https:\/\/www.rucashk.com\/es\/producto\/xiaomi-70mai-air-compressor-car-tyre-inflator\/#mainImage","width":800,"height":800},"primaryImageOfPage":{"@id":"https:\/\/www.rucashk.com\/es\/producto\/xiaomi-70mai-air-compressor-car-tyre-inflator\/#mainImage"},"datePublished":"2024-01-09T15:31:16+00:00","dateModified":"2025-06-22T07:34:51+00:00"},{"@type":"WebSite","@id":"https:\/\/www.rucashk.com\/es\/#website","url":"https:\/\/www.rucashk.com\/es\/","name":"Rucas - Wholesale and distribution worldwide","alternateName":"Rucas - One-stop AIoT Distribution Worldwide","description":"One-stop AIoT Distribution Worldwide","inLanguage":"es-ES","publisher":{"@id":"https:\/\/www.rucashk.com\/es\/#organization"}}]}},"aioseo_meta_data":{"post_id":"21315","title":null,"description":null,"keywords":null,"keyphrases":null,"primary_term":null,"canonical_url":null,"og_title":null,"og_description":null,"og_object_type":"default","og_image_type":"default","og_image_url":null,"og_image_width":null,"og_image_height":null,"og_image_custom_url":null,"og_image_custom_fields":null,"og_video":"","og_custom_url":null,"og_article_section":null,"og_article_tags":null,"twitter_use_og":false,"twitter_card":"default","twitter_image_type":"default","twitter_image_url":null,"twitter_image_custom_url":null,"twitter_image_custom_fields":null,"twitter_title":null,"twitter_description":null,"schema":{"blockGraphs":[],"customGraphs":[],"default":{"data":{"Article":[],"Course":[],"Dataset":[],"FAQPage":[],"Movie":[],"Person":[],"Product":[],"Recipe":[],"Service":[],"SoftwareApplication":[],"WebPage":[]},"graphName":"","isEnabled":true},"graphs":[]},"schema_type":"default","schema_type_options":null,"pillar_content":false,"robots_default":true,"robots_noindex":false,"robots_noarchive":false,"robots_nosnippet":false,"robots_nofollow":false,"robots_noimageindex":false,"robots_noodp":false,"robots_notranslate":false,"robots_max_snippet":"-1","robots_max_videopreview":"-1","robots_max_imagepreview":"large","priority":null,"frequency":"default","local_seo":null,"breadcrumb_settings":null,"limit_modified_date":false,"created":"2024-04-11 01:55:17","updated":"2025-06-22 16:20:08"},"aioseo_breadcrumb":"<div class=\"aioseo-breadcrumbs\"><span class=\"aioseo-breadcrumb\">\n\t<a href=\"https:\/\/www.rucashk.com\/es\" title=\"Home\">Home<\/a>\n<\/span><span class=\"aioseo-breadcrumb-separator\">&raquo;<\/span><span class=\"aioseo-breadcrumb\">\n\t<a href=\"https:\/\/www.rucashk.com\/es\/products\/\" title=\"Productos\">Productos<\/a>\n<\/span><span class=\"aioseo-breadcrumb-separator\">&raquo;<\/span><span class=\"aioseo-breadcrumb\">\n\t<a href=\"https:\/\/www.rucashk.com\/es\/marca\/70mai\/\" title=\"70Mai\">70Mai<\/a>\n<\/span><span class=\"aioseo-breadcrumb-separator\">&raquo;<\/span><span class=\"aioseo-breadcrumb\">\n\tXiaomi 70mai Air Compressor Car Tyre Inflator\n<\/span><\/div>","aioseo_breadcrumb_json":[{"label":"Home","link":"https:\/\/www.rucashk.com\/es"},{"label":"Productos","link":"https:\/\/www.rucashk.com\/es\/products\/"},{"label":"70Mai","link":"https:\/\/www.rucashk.com\/es\/marca\/70mai\/"},{"label":"Xiaomi 70mai Air Compressor Car Tyre Inflator","link":"https:\/\/www.rucashk.com\/es\/producto\/xiaomi-70mai-air-compressor-car-tyre-inflator\/"}],"_links":{"self":[{"href":"https:\/\/www.rucashk.com\/es\/wp-json\/wp\/v2\/product\/21315","targetHints":{"allow":["GET"]}}],"collection":[{"href":"https:\/\/www.rucashk.com\/es\/wp-json\/wp\/v2\/product"}],"about":[{"href":"https:\/\/www.rucashk.com\/es\/wp-json\/wp\/v2\/types\/product"}],"wp:featuredmedia":[{"embeddable":true,"href":"https:\/\/www.rucashk.com\/es\/wp-json\/wp\/v2\/media\/21421"}],"wp:attachment":[{"href":"https:\/\/www.rucashk.com\/es\/wp-json\/wp\/v2\/media?parent=21315"}],"wp:term":[{"taxonomy":"product_brand","embeddable":true,"href":"https:\/\/www.rucashk.com\/es\/wp-json\/wp\/v2\/product_brand?post=21315"},{"taxonomy":"product_cat","embeddable":true,"href":"https:\/\/www.rucashk.com\/es\/wp-json\/wp\/v2\/product_cat?post=21315"},{"taxonomy":"product_tag","embeddable":true,"href":"https:\/\/www.rucashk.com\/es\/wp-json\/wp\/v2\/product_tag?post=21315"}],"curies":[{"name":"wp","href":"https:\/\/api.w.org\/{rel}","templated":true}]}}