{"id":21268,"date":"2024-01-09T15:30:53","date_gmt":"2024-01-09T15:30:53","guid":{"rendered":"http:\/\/rucashk.com\/?post_type=product&#038;p=21268"},"modified":"2025-06-22T07:34:52","modified_gmt":"2025-06-22T07:34:52","slug":"xiaomi-ac1200-smart-wireless-router-wholesale","status":"publish","type":"product","link":"https:\/\/www.rucashk.com\/es\/producto\/xiaomi-ac1200-smart-wireless-router-wholesale\/","title":{"rendered":"Enrutador inal\u00e1mbrico inteligente Xiaomi AC1200 al por mayor"},"content":{"rendered":"<h2 style=\"text-align: center\">Enrutador inal\u00e1mbrico inteligente Mi 4A 5GHz WiFi de doble banda AC1200<\/h2>\n<p><img fetchpriority=\"high\" decoding=\"async\" class=\"js-descLazyload lazy-loaded aligncenter\" src=\"https:\/\/www.rucashk.com\/wp-content\/uploads\/2020\/05\/62096c39a3bf.jpg\" alt=\"Xiaomi Mi 4A 5GHz WiFi Dual Band AC1200M Smart Wireless Router Wholesale\" width=\"1000\" height=\"618\" data-lazy=\"https:\/\/www.rucashk.com\/wp-content\/uploads\/2020\/05\/62096c39a3bf.jpg\" data-was-processed=\"true\" \/><\/p>\n<p style=\"text-align: center\"><img decoding=\"async\" class=\"js-descLazyload lazy-loaded alignnone\" src=\"https:\/\/www.rucashk.com\/wp-content\/uploads\/2020\/05\/eb8ec6405358.jpg\" alt=\"Xiaomi Mi 4A 5GHz WiFi Dual Band AC1200M Smart Wireless Router Wholesale\" width=\"1000\" height=\"474\" data-lazy=\"https:\/\/www.rucashk.com\/wp-content\/uploads\/2020\/05\/eb8ec6405358.jpg\" data-was-processed=\"true\" \/><\/p>\n<p style=\"text-align: center\"><img decoding=\"async\" class=\"js-descLazyload lazy-loaded alignnone\" src=\"https:\/\/www.rucashk.com\/wp-content\/uploads\/2020\/05\/9a93a7531473.jpg\" alt=\"Xiaomi Mi 4A 5GHz WiFi Dual Band AC1200M Smart Wireless Router Wholesale\" width=\"1000\" height=\"440\" data-lazy=\"https:\/\/www.rucashk.com\/wp-content\/uploads\/2020\/05\/9a93a7531473.jpg\" data-was-processed=\"true\" \/><\/p>\n<p style=\"text-align: center\"><img decoding=\"async\" class=\"js-descLazyload lazy-loaded\" src=\"https:\/\/www.rucashk.com\/wp-content\/uploads\/2020\/05\/c97233417ae5.jpg\" data-lazy=\"https:\/\/www.rucashk.com\/wp-content\/uploads\/2020\/05\/c97233417ae5.jpg\" data-was-processed=\"true\" \/><\/p>\n<p style=\"text-align: center\"><img loading=\"lazy\" decoding=\"async\" class=\"js-descLazyload lazy-loaded alignnone\" src=\"https:\/\/www.rucashk.com\/wp-content\/uploads\/2020\/05\/e96eb598c1cc.jpg\" alt=\"Xiaomi Mi 4A 5GHz WiFi Dual Band AC1200M Smart Wireless Router Wholesale\" width=\"1000\" height=\"481\" data-lazy=\"https:\/\/www.rucashk.com\/wp-content\/uploads\/2020\/05\/e96eb598c1cc.jpg\" data-was-processed=\"true\" \/><\/p>\n<p style=\"text-align: center\"><img loading=\"lazy\" decoding=\"async\" class=\"js-descLazyload lazy-loaded alignnone\" src=\"https:\/\/www.rucashk.com\/wp-content\/uploads\/2020\/05\/f9de246b712f.jpg\" alt=\"Xiaomi Mi 4A 5GHz WiFi Dual Band AC1200M Smart Wireless Router Wholesale\" width=\"1000\" height=\"422\" data-lazy=\"https:\/\/www.rucashk.com\/wp-content\/uploads\/2020\/05\/f9de246b712f.jpg\" data-was-processed=\"true\" \/><\/p>\n<p style=\"text-align: center\"><img loading=\"lazy\" decoding=\"async\" class=\"js-descLazyload lazy-loaded alignnone\" src=\"https:\/\/www.rucashk.com\/wp-content\/uploads\/2020\/05\/a99b2061aae5.jpg\" alt=\"Xiaomi Mi 4A 5GHz WiFi Dual Band AC1200M Smart Wireless Router Wholesale\" width=\"1000\" height=\"488\" data-lazy=\"https:\/\/www.rucashk.com\/wp-content\/uploads\/2020\/05\/a99b2061aae5.jpg\" data-was-processed=\"true\" \/><\/p>\n<p><img loading=\"lazy\" decoding=\"async\" class=\"js-descLazyload lazy-loaded aligncenter\" src=\"https:\/\/www.rucashk.com\/wp-content\/uploads\/2020\/05\/b32a18322346.jpg\" alt=\"Xiaomi Mi 4A 5GHz WiFi Dual Band AC1200M Smart Wireless Router Wholesale\" width=\"1000\" height=\"491\" data-lazy=\"https:\/\/www.rucashk.com\/wp-content\/uploads\/2020\/05\/b32a18322346.jpg\" data-was-processed=\"true\" \/><\/p>\n<p>&nbsp;<\/p>\n<p><strong>Especificaciones:<\/strong><\/p>\n<p><a class=\"\" style=\"width: auto !important\" href=\"https:\/\/www.rucashk.com\/es\/producto\/amiro-o-series-cosmetic-mirrors-rechargeable\/\" data-wpil-post-to-id=\"5180\">Nombre de la marca: Xiaomi<\/a><br \/>\nN\u00famero de modelo: 4A<br \/>\nProcesador: MT7628DA<br \/>\nM\u00e1xima velocidad de datos LAN: 1167 Mbps<br \/>\nROM: 16MB<br \/>\nMemoria: 64GB<br \/>\nFrecuencia compatible con Wi-Fi: 2,4G y 5G<br \/>\nVelocidad de transmisi\u00f3n Wi-Fi de 2,4G: 300Mbps<br \/>\nVelocidad de transmisi\u00f3n Wi-Fi 5G: 867 Mbps<br \/>\nN\u00famero de antenas: 4 ra\u00edces, ganancia m\u00e1xima de 2,4 g, 5 dBi, 2 unidades y ganancia m\u00e1xima 5G, 6 dBi, 2 unidades.<br \/>\nPuertos WAN: 1*10\/100Mbps<br \/>\nTipo: Doble frecuencia inal\u00e1mbrica<br \/>\nAdaptador de corriente: 12V 0.6A<br \/>\nEst\u00e1ndar de protocolo: IEEE 802.11a\/b\/g\/n\/ac, IEEE 802.3\/3u<br \/>\nGesti\u00f3n: Soporte Web, Android, iOS<br \/>\nCantidad de luces indicadoras LED: 2<br \/>\nCantidad de botones de reinicio del sistema: 1<br \/>\nCantidad de interfaz de entrada de energ\u00eda: 1<br \/>\nAplicaci\u00f3n: Hogar<br \/>\nColor blanco<\/p>\n<p>&nbsp;<\/p>\n<p><strong>Caracter\u00edsticas:<\/strong><br \/>\nCPU de doble n\u00facleo para una velocidad de red m\u00e1s r\u00e1pida<br \/>\nCon una CPU de cuatro subprocesos de doble n\u00facleo, la frecuencia de un solo n\u00facleo puede alcanzar los 880 MHz. <a class=\"\" style=\"width: auto !important\" href=\"https:\/\/www.rucashk.com\/es\/xiaomi-launched-a-new-machine-with-a-strong-cost-performance-and-a-new-5g-processor\/\" data-wpil-post-to-id=\"8176\">Fuerte desempe\u00f1o<\/a> Admite f\u00e1cilmente red Gigabit y transmisi\u00f3n de datos WiFi de doble banda.<br \/>\nBanda dual inal\u00e1mbrica<br \/>\nAdmite dos bandas de frecuencia de 2,4 GHz y 5 GHz. La velocidad m\u00e1xima puede alcanzar los 1167 Mbps. La banda de 2,4 GHz admite una cobertura mejor y m\u00e1s prolongada y un rendimiento a trav\u00e9s de la pared. La banda de 5 GHz utiliza tecnolog\u00eda 802.11ac. Menos interferencias, alta tasa. Mire videos en HD y juegue sin problemas.<br \/>\nLa banda dual comparte un nombre de WiFi<br \/>\n<a class=\"\" style=\"width: auto !important\" href=\"https:\/\/www.rucashk.com\/es\/producto\/xiaomi-70mai-dual-usb-car-quick-charge-adapter-for-smart-phone\/\" data-wpil-post-to-id=\"2526\">El enrutador Xiaomi 4A admite doble<\/a> banda. Combina 2,4 GHz y 5 GHz en un solo nombre WiFi. 2,4 GHz tiene un mejor rendimiento a trav\u00e9s de la pared y 5 GHz tiene una velocidad m\u00e1s alta.<br \/>\n4 antenas de alta ganancia para una se\u00f1al m\u00e1s fuerte<br \/>\n4 antenas omnidireccionales externas de alta ganancia. Mejora enormemente el rendimiento de la transmisi\u00f3n y hace un gran trabajo en diversos entornos complejos.<br \/>\nMemoria grande de 128 MB<br \/>\n<a class=\"\" style=\"width: auto !important\" href=\"https:\/\/www.rucashk.com\/es\/producto\/aqara-smart-gateway\/\" data-wpil-post-to-id=\"5356\">Casa inteligente<\/a> era de los electrodom\u00e9sticos. M\u00e1s dispositivos necesitan una conexi\u00f3n estable. <a class=\"\" style=\"width: auto !important\" href=\"https:\/\/www.rucashk.com\/es\/producto\/xiaomi-router-mesh\/\" data-wpil-post-to-id=\"6767\">enrutador xiaomi<\/a> 4A adopta una memoria de 128 MB que garantiza una transmisi\u00f3n estable.<br \/>\nC\u00e1lculo inteligente de correcci\u00f3n de errores<br \/>\nLa frecuencia de 5 GHz admite el c\u00e1lculo de correcci\u00f3n de errores LDCP. Fortalecer el rendimiento antiinterferencias. Aumente la se\u00f1al WiFi y mejore la velocidad de transmisi\u00f3n<\/p>","protected":false},"excerpt":{"rendered":"<p><strong>Caracter\u00edsticas:<\/strong><\/p>\n<p>1.\u00a0Four\u00a0antennas make the transmission performance better.<br \/>\n2. Wireless dual band design makes the connection faster.<br \/>\n3. 64MB large memory design enables it to connect multiple terminal devices stably, up to\u00a0up to connect 64 devices\u00a0computers<br \/>\n4. With Mi WiFi APP, it is more convenient for daily use.<br \/>\n5.\u00a0Support 2.4G and 5G dual band, up to 1167Mbps total bandwidth, 300Mbps in 2.4G and 867Mbps in 5G<br \/>\n6. Intelligent anti-rub network.<\/p>","protected":false},"featured_media":21412,"template":"","meta":[],"product_brand":[1363],"product_cat":[1315,1305],"product_tag":[446,420],"class_list":{"0":"post-21268","1":"product","2":"type-product","3":"status-publish","4":"has-post-thumbnail","6":"product_brand-xiaomi","7":"product_cat-tv-accessories","8":"product_cat-xiaomi-eco","9":"product_tag-ac1200","10":"product_tag-xiaomi","12":"first","13":"instock","14":"shipping-taxable","15":"product-type-external"},"aioseo_notices":[],"aioseo_head":"\n\t\t<!-- All in One SEO Pro 4.5.9.2 - aioseo.com -->\n\t\t<meta name=\"description\" content=\"Features: 1. Four antennas make the transmission performance better. 2. Wireless dual band design makes the connection faster. 3. 64MB large memory design enables it to connect multiple terminal devices stably, up to up to connect 64 devices computers 4. With Mi WiFi APP, it is more convenient for daily use. 5. Support 2.4G and 5G dual band, up to 1167Mbps total bandwidth, 300Mbps in 2.4G and 867Mbps in 5G 6. Intelligent anti-rub network.\" \/>\n\t\t<meta name=\"robots\" content=\"max-image-preview:large\" \/>\n\t\t<link rel=\"canonical\" href=\"https:\/\/www.rucashk.com\/es\/producto\/xiaomi-ac1200-smart-wireless-router-wholesale\/\" \/>\n\t\t<meta name=\"generator\" content=\"All in One SEO Pro (AIOSEO) 4.5.9.2\" \/>\n\t\t<meta property=\"og:locale\" content=\"es_ES\" \/>\n\t\t<meta property=\"og:site_name\" content=\"Rucas - One-stop AIoT Distribution Worldwide\" \/>\n\t\t<meta property=\"og:type\" content=\"article\" \/>\n\t\t<meta property=\"og:title\" content=\"Xiaomi AC1200 Smart Wireless Router Wholesale - Rucas - Wholesale and Distribution\" \/>\n\t\t<meta property=\"og:description\" content=\"Features: 1. Four antennas make the transmission performance better. 2. Wireless dual band design makes the connection faster. 3. 64MB large memory design enables it to connect multiple terminal devices stably, up to up to connect 64 devices computers 4. With Mi WiFi APP, it is more convenient for daily use. 5. Support 2.4G and 5G dual band, up to 1167Mbps total bandwidth, 300Mbps in 2.4G and 867Mbps in 5G 6. Intelligent anti-rub network.\" \/>\n\t\t<meta property=\"og:url\" content=\"https:\/\/www.rucashk.com\/es\/producto\/xiaomi-ac1200-smart-wireless-router-wholesale\/\" \/>\n\t\t<meta property=\"og:image\" content=\"https:\/\/www.rucashk.com\/wp-content\/uploads\/replace\/503b8e645f128a97ccde2b6290747646.jpeg\" \/>\n\t\t<meta property=\"og:image:secure_url\" content=\"https:\/\/www.rucashk.com\/wp-content\/uploads\/replace\/503b8e645f128a97ccde2b6290747646.jpeg\" \/>\n\t\t<meta property=\"og:image:width\" content=\"1456\" \/>\n\t\t<meta property=\"og:image:height\" content=\"816\" \/>\n\t\t<meta property=\"article:published_time\" content=\"2024-01-09T15:30:53+00:00\" \/>\n\t\t<meta property=\"article:modified_time\" content=\"2025-06-22T07:34:52+00:00\" \/>\n\t\t<meta name=\"twitter:card\" content=\"summary_large_image\" \/>\n\t\t<meta name=\"twitter:title\" content=\"Xiaomi AC1200 Smart Wireless Router Wholesale - Rucas - Wholesale and Distribution\" \/>\n\t\t<meta name=\"twitter:description\" content=\"Features: 1. Four antennas make the transmission performance better. 2. Wireless dual band design makes the connection faster. 3. 64MB large memory design enables it to connect multiple terminal devices stably, up to up to connect 64 devices computers 4. With Mi WiFi APP, it is more convenient for daily use. 5. Support 2.4G and 5G dual band, up to 1167Mbps total bandwidth, 300Mbps in 2.4G and 867Mbps in 5G 6. Intelligent anti-rub network.\" \/>\n\t\t<meta name=\"twitter:image\" content=\"https:\/\/www.rucashk.com\/wp-content\/uploads\/replace\/503b8e645f128a97ccde2b6290747646.jpeg\" \/>\n\t\t<script type=\"application\/ld+json\" class=\"aioseo-schema\">\n\t\t\t{\"@context\":\"https:\\\/\\\/schema.org\",\"@graph\":[{\"@type\":\"BreadcrumbList\",\"@id\":\"https:\\\/\\\/www.rucashk.com\\\/es\\\/producto\\\/xiaomi-ac1200-smart-wireless-router-wholesale\\\/#breadcrumblist\",\"itemListElement\":[{\"@type\":\"ListItem\",\"@id\":\"https:\\\/\\\/www.rucashk.com\\\/es\\\/#listItem\",\"position\":1,\"name\":\"Home\",\"item\":\"https:\\\/\\\/www.rucashk.com\\\/es\\\/\",\"nextItem\":\"https:\\\/\\\/www.rucashk.com\\\/es\\\/producto\\\/xiaomi-ac1200-smart-wireless-router-wholesale\\\/#listItem\"},{\"@type\":\"ListItem\",\"@id\":\"https:\\\/\\\/www.rucashk.com\\\/es\\\/producto\\\/xiaomi-ac1200-smart-wireless-router-wholesale\\\/#listItem\",\"position\":2,\"name\":\"Xiaomi AC1200 Smart Wireless Router Wholesale\",\"previousItem\":\"https:\\\/\\\/www.rucashk.com\\\/es\\\/#listItem\"}]},{\"@type\":\"Organization\",\"@id\":\"https:\\\/\\\/www.rucashk.com\\\/es\\\/#organization\",\"name\":\"Rucas\",\"url\":\"https:\\\/\\\/www.rucashk.com\\\/es\\\/\",\"logo\":{\"@type\":\"ImageObject\",\"url\":\"https:\\\/\\\/www.rucashk.com\\\/wp-content\\\/uploads\\\/2023\\\/12\\\/Rucas_campany_logo.png\",\"@id\":\"https:\\\/\\\/www.rucashk.com\\\/es\\\/producto\\\/xiaomi-ac1200-smart-wireless-router-wholesale\\\/#organizationLogo\",\"width\":221,\"height\":65},\"image\":{\"@id\":\"https:\\\/\\\/www.rucashk.com\\\/es\\\/#organizationLogo\"}},{\"@type\":\"Person\",\"@id\":\"https:\\\/\\\/www.rucashk.com\\\/es\\\/author\\\/admin\\\/#author\",\"url\":\"https:\\\/\\\/www.rucashk.com\\\/es\\\/author\\\/admin\\\/\",\"name\":\"admin\",\"image\":{\"@type\":\"ImageObject\",\"@id\":\"https:\\\/\\\/www.rucashk.com\\\/es\\\/producto\\\/xiaomi-ac1200-smart-wireless-router-wholesale\\\/#authorImage\",\"url\":\"https:\\\/\\\/secure.gravatar.com\\\/avatar\\\/b7c8925b09a27e72b30232f8ecaadbd5af0f70a38c78096863fe51b64f031c24?s=96&d=mm&r=g\",\"width\":96,\"height\":96,\"caption\":\"admin\"}},{\"@type\":\"WebPage\",\"@id\":\"https:\\\/\\\/www.rucashk.com\\\/es\\\/producto\\\/xiaomi-ac1200-smart-wireless-router-wholesale\\\/#webpage\",\"url\":\"https:\\\/\\\/www.rucashk.com\\\/es\\\/producto\\\/xiaomi-ac1200-smart-wireless-router-wholesale\\\/\",\"name\":\"Xiaomi AC1200 Smart Wireless Router Wholesale - Rucas - Wholesale and Distribution\",\"description\":\"Features: 1. Four antennas make the transmission performance better. 2. Wireless dual band design makes the connection faster. 3. 64MB large memory design enables it to connect multiple terminal devices stably, up to up to connect 64 devices computers 4. With Mi WiFi APP, it is more convenient for daily use. 5. Support 2.4G and 5G dual band, up to 1167Mbps total bandwidth, 300Mbps in 2.4G and 867Mbps in 5G 6. Intelligent anti-rub network.\",\"inLanguage\":\"es-ES\",\"isPartOf\":{\"@id\":\"https:\\\/\\\/www.rucashk.com\\\/es\\\/#website\"},\"breadcrumb\":{\"@id\":\"https:\\\/\\\/www.rucashk.com\\\/es\\\/producto\\\/xiaomi-ac1200-smart-wireless-router-wholesale\\\/#breadcrumblist\"},\"author\":{\"@id\":\"https:\\\/\\\/www.rucashk.com\\\/es\\\/author\\\/admin\\\/#author\"},\"creator\":{\"@id\":\"https:\\\/\\\/www.rucashk.com\\\/es\\\/author\\\/admin\\\/#author\"},\"image\":{\"@type\":\"ImageObject\",\"url\":\"https:\\\/\\\/www.rucashk.com\\\/wp-content\\\/uploads\\\/2024\\\/01\\\/Xiaomi-Mi-Router-4A-1.jpg\",\"@id\":\"https:\\\/\\\/www.rucashk.com\\\/es\\\/producto\\\/xiaomi-ac1200-smart-wireless-router-wholesale\\\/#mainImage\",\"width\":800,\"height\":800},\"primaryImageOfPage\":{\"@id\":\"https:\\\/\\\/www.rucashk.com\\\/es\\\/producto\\\/xiaomi-ac1200-smart-wireless-router-wholesale\\\/#mainImage\"},\"datePublished\":\"2024-01-09T15:30:53+00:00\",\"dateModified\":\"2025-06-22T07:34:52+00:00\"},{\"@type\":\"WebSite\",\"@id\":\"https:\\\/\\\/www.rucashk.com\\\/es\\\/#website\",\"url\":\"https:\\\/\\\/www.rucashk.com\\\/es\\\/\",\"name\":\"Rucas - Wholesale and distribution worldwide\",\"alternateName\":\"Rucas - One-stop AIoT Distribution Worldwide\",\"description\":\"One-stop AIoT Distribution Worldwide\",\"inLanguage\":\"es-ES\",\"publisher\":{\"@id\":\"https:\\\/\\\/www.rucashk.com\\\/es\\\/#organization\"}}]}\n\t\t<\/script>\n\t\t<!-- All in One SEO Pro -->\r\n\t\t<title>Xiaomi AC1200 Smart Wireless Router Wholesale - Rucas - Wholesale and Distribution<\/title>\n\n","aioseo_head_json":{"title":"Xiaomi AC1200 Smart Wireless Router Wholesale - Rucas - Wholesale and Distribution","description":"Features: 1. Four antennas make the transmission performance better. 2. Wireless dual band design makes the connection faster. 3. 64MB large memory design enables it to connect multiple terminal devices stably, up to up to connect 64 devices computers 4. With Mi WiFi APP, it is more convenient for daily use. 5. Support 2.4G and 5G dual band, up to 1167Mbps total bandwidth, 300Mbps in 2.4G and 867Mbps in 5G 6. Intelligent anti-rub network.","canonical_url":"https:\/\/www.rucashk.com\/es\/producto\/xiaomi-ac1200-smart-wireless-router-wholesale\/","robots":"max-image-preview:large","keywords":"","webmasterTools":{"miscellaneous":""},"og:locale":"es_ES","og:site_name":"Rucas - One-stop AIoT Distribution Worldwide","og:type":"article","og:title":"Xiaomi AC1200 Smart Wireless Router Wholesale - Rucas - Wholesale and Distribution","og:description":"Features: 1. Four antennas make the transmission performance better. 2. Wireless dual band design makes the connection faster. 3. 64MB large memory design enables it to connect multiple terminal devices stably, up to up to connect 64 devices computers 4. With Mi WiFi APP, it is more convenient for daily use. 5. Support 2.4G and 5G dual band, up to 1167Mbps total bandwidth, 300Mbps in 2.4G and 867Mbps in 5G 6. Intelligent anti-rub network.","og:url":"https:\/\/www.rucashk.com\/es\/producto\/xiaomi-ac1200-smart-wireless-router-wholesale\/","og:image":"https:\/\/www.rucashk.com\/wp-content\/uploads\/replace\/503b8e645f128a97ccde2b6290747646.jpeg","og:image:secure_url":"https:\/\/www.rucashk.com\/wp-content\/uploads\/replace\/503b8e645f128a97ccde2b6290747646.jpeg","og:image:width":1456,"og:image:height":816,"article:published_time":"2024-01-09T15:30:53+00:00","article:modified_time":"2025-06-22T07:34:52+00:00","twitter:card":"summary_large_image","twitter:title":"Xiaomi AC1200 Smart Wireless Router Wholesale - Rucas - Wholesale and Distribution","twitter:description":"Features: 1. Four antennas make the transmission performance better. 2. Wireless dual band design makes the connection faster. 3. 64MB large memory design enables it to connect multiple terminal devices stably, up to up to connect 64 devices computers 4. With Mi WiFi APP, it is more convenient for daily use. 5. Support 2.4G and 5G dual band, up to 1167Mbps total bandwidth, 300Mbps in 2.4G and 867Mbps in 5G 6. Intelligent anti-rub network.","twitter:image":"https:\/\/www.rucashk.com\/wp-content\/uploads\/replace\/503b8e645f128a97ccde2b6290747646.jpeg","schema":{"@context":"https:\/\/schema.org","@graph":[{"@type":"BreadcrumbList","@id":"https:\/\/www.rucashk.com\/es\/producto\/xiaomi-ac1200-smart-wireless-router-wholesale\/#breadcrumblist","itemListElement":[{"@type":"ListItem","@id":"https:\/\/www.rucashk.com\/es\/#listItem","position":1,"name":"Home","item":"https:\/\/www.rucashk.com\/es\/","nextItem":"https:\/\/www.rucashk.com\/es\/producto\/xiaomi-ac1200-smart-wireless-router-wholesale\/#listItem"},{"@type":"ListItem","@id":"https:\/\/www.rucashk.com\/es\/producto\/xiaomi-ac1200-smart-wireless-router-wholesale\/#listItem","position":2,"name":"Xiaomi AC1200 Smart Wireless Router Wholesale","previousItem":"https:\/\/www.rucashk.com\/es\/#listItem"}]},{"@type":"Organization","@id":"https:\/\/www.rucashk.com\/es\/#organization","name":"Rucas","url":"https:\/\/www.rucashk.com\/es\/","logo":{"@type":"ImageObject","url":"https:\/\/www.rucashk.com\/wp-content\/uploads\/2023\/12\/Rucas_campany_logo.png","@id":"https:\/\/www.rucashk.com\/es\/producto\/xiaomi-ac1200-smart-wireless-router-wholesale\/#organizationLogo","width":221,"height":65},"image":{"@id":"https:\/\/www.rucashk.com\/es\/#organizationLogo"}},{"@type":"Person","@id":"https:\/\/www.rucashk.com\/es\/author\/admin\/#author","url":"https:\/\/www.rucashk.com\/es\/author\/admin\/","name":"admin","image":{"@type":"ImageObject","@id":"https:\/\/www.rucashk.com\/es\/producto\/xiaomi-ac1200-smart-wireless-router-wholesale\/#authorImage","url":"https:\/\/secure.gravatar.com\/avatar\/b7c8925b09a27e72b30232f8ecaadbd5af0f70a38c78096863fe51b64f031c24?s=96&d=mm&r=g","width":96,"height":96,"caption":"admin"}},{"@type":"WebPage","@id":"https:\/\/www.rucashk.com\/es\/producto\/xiaomi-ac1200-smart-wireless-router-wholesale\/#webpage","url":"https:\/\/www.rucashk.com\/es\/producto\/xiaomi-ac1200-smart-wireless-router-wholesale\/","name":"Xiaomi AC1200 Smart Wireless Router Wholesale - Rucas - Wholesale and Distribution","description":"Features: 1. Four antennas make the transmission performance better. 2. Wireless dual band design makes the connection faster. 3. 64MB large memory design enables it to connect multiple terminal devices stably, up to up to connect 64 devices computers 4. With Mi WiFi APP, it is more convenient for daily use. 5. Support 2.4G and 5G dual band, up to 1167Mbps total bandwidth, 300Mbps in 2.4G and 867Mbps in 5G 6. Intelligent anti-rub network.","inLanguage":"es-ES","isPartOf":{"@id":"https:\/\/www.rucashk.com\/es\/#website"},"breadcrumb":{"@id":"https:\/\/www.rucashk.com\/es\/producto\/xiaomi-ac1200-smart-wireless-router-wholesale\/#breadcrumblist"},"author":{"@id":"https:\/\/www.rucashk.com\/es\/author\/admin\/#author"},"creator":{"@id":"https:\/\/www.rucashk.com\/es\/author\/admin\/#author"},"image":{"@type":"ImageObject","url":"https:\/\/www.rucashk.com\/wp-content\/uploads\/2024\/01\/Xiaomi-Mi-Router-4A-1.jpg","@id":"https:\/\/www.rucashk.com\/es\/producto\/xiaomi-ac1200-smart-wireless-router-wholesale\/#mainImage","width":800,"height":800},"primaryImageOfPage":{"@id":"https:\/\/www.rucashk.com\/es\/producto\/xiaomi-ac1200-smart-wireless-router-wholesale\/#mainImage"},"datePublished":"2024-01-09T15:30:53+00:00","dateModified":"2025-06-22T07:34:52+00:00"},{"@type":"WebSite","@id":"https:\/\/www.rucashk.com\/es\/#website","url":"https:\/\/www.rucashk.com\/es\/","name":"Rucas - Wholesale and distribution worldwide","alternateName":"Rucas - One-stop AIoT Distribution Worldwide","description":"One-stop AIoT Distribution Worldwide","inLanguage":"es-ES","publisher":{"@id":"https:\/\/www.rucashk.com\/es\/#organization"}}]}},"aioseo_meta_data":{"post_id":"21268","title":null,"description":null,"keywords":null,"keyphrases":null,"primary_term":null,"canonical_url":null,"og_title":null,"og_description":null,"og_object_type":"default","og_image_type":"default","og_image_url":null,"og_image_width":null,"og_image_height":null,"og_image_custom_url":null,"og_image_custom_fields":null,"og_video":null,"og_custom_url":null,"og_article_section":null,"og_article_tags":null,"twitter_use_og":false,"twitter_card":"default","twitter_image_type":"default","twitter_image_url":null,"twitter_image_custom_url":null,"twitter_image_custom_fields":null,"twitter_title":null,"twitter_description":null,"schema":{"blockGraphs":[],"customGraphs":[],"default":{"data":{"Article":[],"Course":[],"Dataset":[],"FAQPage":[],"Movie":[],"Person":[],"Product":[],"Recipe":[],"Service":[],"SoftwareApplication":[],"WebPage":[]},"graphName":"","isEnabled":true},"graphs":[]},"schema_type":"default","schema_type_options":null,"pillar_content":false,"robots_default":true,"robots_noindex":false,"robots_noarchive":false,"robots_nosnippet":false,"robots_nofollow":false,"robots_noimageindex":false,"robots_noodp":false,"robots_notranslate":false,"robots_max_snippet":null,"robots_max_videopreview":null,"robots_max_imagepreview":"large","priority":null,"frequency":null,"local_seo":null,"breadcrumb_settings":null,"limit_modified_date":false,"created":"2024-04-11 01:55:16","updated":"2025-06-22 16:20:07"},"aioseo_breadcrumb":"<div class=\"aioseo-breadcrumbs\"><span class=\"aioseo-breadcrumb\">\n\t<a href=\"https:\/\/www.rucashk.com\/es\" title=\"Home\">Home<\/a>\n<\/span><span class=\"aioseo-breadcrumb-separator\">&raquo;<\/span><span class=\"aioseo-breadcrumb\">\n\t<a href=\"https:\/\/www.rucashk.com\/es\/products\/\" title=\"Productos\">Productos<\/a>\n<\/span><span class=\"aioseo-breadcrumb-separator\">&raquo;<\/span><span class=\"aioseo-breadcrumb\">\n\t<a href=\"https:\/\/www.rucashk.com\/es\/marca\/xiaomi\/\" title=\"Xiaomi\">Xiaomi<\/a>\n<\/span><span class=\"aioseo-breadcrumb-separator\">&raquo;<\/span><span class=\"aioseo-breadcrumb\">\n\tXiaomi AC1200 Smart Wireless Router Wholesale\n<\/span><\/div>","aioseo_breadcrumb_json":[{"label":"Home","link":"https:\/\/www.rucashk.com\/es"},{"label":"Productos","link":"https:\/\/www.rucashk.com\/es\/products\/"},{"label":"Xiaomi","link":"https:\/\/www.rucashk.com\/es\/marca\/xiaomi\/"},{"label":"Xiaomi AC1200 Smart Wireless Router Wholesale","link":"https:\/\/www.rucashk.com\/es\/producto\/xiaomi-ac1200-smart-wireless-router-wholesale\/"}],"_links":{"self":[{"href":"https:\/\/www.rucashk.com\/es\/wp-json\/wp\/v2\/product\/21268","targetHints":{"allow":["GET"]}}],"collection":[{"href":"https:\/\/www.rucashk.com\/es\/wp-json\/wp\/v2\/product"}],"about":[{"href":"https:\/\/www.rucashk.com\/es\/wp-json\/wp\/v2\/types\/product"}],"wp:featuredmedia":[{"embeddable":true,"href":"https:\/\/www.rucashk.com\/es\/wp-json\/wp\/v2\/media\/21412"}],"wp:attachment":[{"href":"https:\/\/www.rucashk.com\/es\/wp-json\/wp\/v2\/media?parent=21268"}],"wp:term":[{"taxonomy":"product_brand","embeddable":true,"href":"https:\/\/www.rucashk.com\/es\/wp-json\/wp\/v2\/product_brand?post=21268"},{"taxonomy":"product_cat","embeddable":true,"href":"https:\/\/www.rucashk.com\/es\/wp-json\/wp\/v2\/product_cat?post=21268"},{"taxonomy":"product_tag","embeddable":true,"href":"https:\/\/www.rucashk.com\/es\/wp-json\/wp\/v2\/product_tag?post=21268"}],"curies":[{"name":"wp","href":"https:\/\/api.w.org\/{rel}","templated":true}]}}