{"id":21267,"date":"2024-01-09T15:30:53","date_gmt":"2024-01-09T15:30:53","guid":{"rendered":"http:\/\/rucashk.com\/?post_type=product&#038;p=21267"},"modified":"2025-06-22T07:34:52","modified_gmt":"2025-06-22T07:34:52","slug":"xiaomi-mi-scale-2-smart-body-fat-scale-wholesale","status":"publish","type":"product","link":"https:\/\/www.rucashk.com\/es\/producto\/xiaomi-mi-scale-2-smart-body-fat-scale-wholesale\/","title":{"rendered":"B\u00e1scula inteligente de grasa corporal Xiaomi Mi Scale 2 al por mayor"},"content":{"rendered":"<div class=\"detailmodule_text-image\"><img fetchpriority=\"high\" decoding=\"async\" class=\"detail-desc-decorate-image aligncenter\" src=\"https:\/\/www.rucashk.com\/wp-content\/uploads\/2020\/05\/H06c54d76d86f4d28b49538be8022a8deB.jpg\" alt=\"Xiaomi Mi Scale 2 Smart Body Fat Scale Wholesale\" width=\"1000\" height=\"629\" \/><img decoding=\"async\" class=\"detail-desc-decorate-image aligncenter\" src=\"https:\/\/www.rucashk.com\/wp-content\/uploads\/2020\/05\/H98bdc1f0bc4a4c3eb7e4dd97069b630dA.jpg\" alt=\"Xiaomi Mi Scale 2 Smart Body Fat Scale Wholesale\" width=\"1000\" height=\"443\" \/><img decoding=\"async\" class=\"detail-desc-decorate-image aligncenter\" src=\"https:\/\/www.rucashk.com\/wp-content\/uploads\/2020\/05\/H4a16750aaa35493b8e5f4102aa0c3efeq.jpg\" alt=\"Xiaomi Mi Scale 2 Smart Body Fat Scale Wholesale\" width=\"1000\" height=\"1000\" \/><img loading=\"lazy\" decoding=\"async\" class=\"detail-desc-decorate-image aligncenter\" src=\"https:\/\/www.rucashk.com\/wp-content\/uploads\/2020\/05\/Hcbe0dc0d8d5a4b4d9115b6af4088ca3aT.jpg\" alt=\"Xiaomi Mi Scale 2 Smart Body Fat Scale Wholesale\" width=\"1000\" height=\"1000\" \/><\/div>\n<div class=\"detailmodule_text-image\"><img loading=\"lazy\" decoding=\"async\" class=\"detail-desc-decorate-image aligncenter\" src=\"https:\/\/www.rucashk.com\/wp-content\/uploads\/2020\/05\/H7936ca1dbc7f4233b8b8339fdf2f2d21T.jpg\" alt=\"Xiaomi Mi Scale 2 Smart Body Fat Scale Wholesale\" width=\"1000\" height=\"1000\" \/><img loading=\"lazy\" decoding=\"async\" class=\"detail-desc-decorate-image aligncenter\" src=\"https:\/\/www.rucashk.com\/wp-content\/uploads\/2020\/05\/H533dd68937b34be1a85d1079b541b89cM.jpg\" alt=\"Xiaomi Mi Scale 2 Smart Body Fat Scale Wholesale\" width=\"1000\" height=\"442\" \/><\/div>\n<div>\n<p><strong><span data-spm-anchor-id=\"a2g0o.detail.1000023.i0.2ac73e2bWXEkel\">Especificaciones:<\/span><\/strong><\/p>\n<table border=\"1\" cellspacing=\"1\" cellpadding=\"1\">\n<tbody>\n<tr>\n<td>Marca<\/td>\n<td>Xiaomi<\/td>\n<\/tr>\n<tr>\n<td>Art\u00edculo<\/td>\n<td>B\u00e1scula de peso XIAOMI 2.0<\/td>\n<\/tr>\n<tr>\n<td>Modelo<\/td>\n<td>Xiaomi 2.0<\/td>\n<\/tr>\n<tr>\n<td>Material<\/td>\n<td>Vidrio templado + Pl\u00e1stico de ingenier\u00eda<\/td>\n<\/tr>\n<tr>\n<td>Rango de pesaje<\/td>\n<td>100g-150kg<\/td>\n<\/tr>\n<tr>\n<td>Unidad de pesaje<\/td>\n<td>kilogramos, libras<\/td>\n<\/tr>\n<tr>\n<td>Temperatura de funcionamiento<\/td>\n<td>-0 \u2103 ~ + 40 \u2103<\/td>\n<\/tr>\n<tr>\n<td>\n<div>bater\u00eda<\/div>\n<\/td>\n<td>1,5 V<\/td>\n<\/tr>\n<tr>\n<td>Bater\u00eda<\/td>\n<td>3 pilas AAA (no incluidas)<\/td>\n<\/tr>\n<tr>\n<td>\n<div>conexi\u00f3n bluetooth<\/div>\n<\/td>\n<td>bluetooth 5.0<\/td>\n<\/tr>\n<tr>\n<td>Color<\/td>\n<td>Blanco<\/td>\n<\/tr>\n<tr>\n<td>Compatible con tipos de dispositivos<\/td>\n<td>ISO 9.0 y Android 4.3 bluetooth 4.0 y superiores<\/td>\n<\/tr>\n<tr>\n<td>Tama\u00f1o<\/td>\n<td>300x300x20mm\/11,81x11,81x0,78 pulgadas<\/td>\n<\/tr>\n<\/tbody>\n<\/table>\n<p><strong>Caracter\u00edsticas:<\/strong><br \/>\n\u2013 Sensor de alta precisi\u00f3n<\/p>\n<div>Percibe con precisi\u00f3n cambios desde sutiles hasta 50 g.<\/div>\n<div><\/div>\n<div>-para la aplicaci\u00f3n deportiva Xiaomi<\/div>\n<div>abre el para <a class=\"\" style=\"width: auto !important\" href=\"https:\/\/www.rucashk.com\/es\/producto\/aqara-body-sensor\/\" data-wpil-post-to-id=\"5302\">Aplicaci\u00f3n Xiaomi Sports y visualiza la curva de datos y cuerpo<\/a> cambia en cualquier momento y en cualquier lugar.<br \/>\nTambi\u00e9n se pueden realizar planes de acondicionamiento f\u00edsico y ajustes en la dieta en funci\u00f3n del IMC. Al mismo tiempo,<br \/>\nCada registro de pesaje se cargar\u00e1 en la nube de la aplicaci\u00f3n para almacenamiento ilimitado.<\/div>\n<div><\/div>\n<div>- Modo dual<\/div>\n<div>Satisface las necesidades de pesar objetos peque\u00f1os, puede medir naturaleza muerta hasta 100 g despu\u00e9s del arranque.<\/div>\n<div><\/div>\n<div>\u2013 C\u00e1lculo del peso ideal en tiempo real<br \/>\nEquipado con una funci\u00f3n de medici\u00f3n de peso ideal, basada en la altura, la edad, el IMC y otros datos,<br \/>\nCalcula inteligentemente el peso que m\u00e1s te convenga. No pierda peso a ciegas, p\u00e9rdida excesiva de peso.<\/div>\n<div><\/div>\n<div>\u2013 Evaluaci\u00f3n del equilibrio corporal<\/div>\n<div>Equipado con la funci\u00f3n de prueba de equilibrio corporal, puede comprender su capacidad de equilibrio corporal.<br \/>\nen la aplicaci\u00f3n coloc\u00e1ndose sobre la b\u00e1scula con un pie.<\/div>\n<div><\/div>\n<div>\u2013 An\u00e1lisis inteligente<\/div>\n<div>Los miembros del hogar se pueden identificar autom\u00e1ticamente en funci\u00f3n de datos f\u00edsicos y se pueden compartir hasta 16 miembros para compartir en familia.<br \/>\nTambi\u00e9n se puede configurar el modo visitante y los datos de medici\u00f3n de otras personas no se guardan.<\/div>\n<div><\/div>\n<div>\u2013 Admite la funci\u00f3n de pesaje del beb\u00e9<\/div>\n<\/div>","protected":false},"excerpt":{"rendered":"<p><strong>Caracter\u00edsticas principales de la b\u00e1scula de peso inteligente Xiaomi 2:<\/strong><\/p>\n<p>\u2013 Material de la carcasa: vidrio templado.<\/p>\n<p>\u2013 El sensor de alta precisi\u00f3n detecta con precisi\u00f3n los cambios f\u00edsicos todos los d\u00edas.<\/p>\n<p>\u2013 El an\u00e1lisis inteligente identifica autom\u00e1ticamente a cada miembro de la familia.<\/p>\n<p>\u2013 Puede identificar autom\u00e1ticamente a los miembros de la familia seg\u00fan los datos corporales y puede permitir que hasta 16 miembros compartan, de modo que toda la familia pueda compartir.<\/p>\n<p>\u2013 Tambi\u00e9n es posible configurar el modo invitado para que otras personas puedan medir los datos sin dejar rastro.<\/p>\n<p>\u2013 Pantalla LED oculta, la pantalla es clara y brinda una apariencia integrada.<\/p>\n<p>\u2013 Esquinas redondeadas, procesamiento de precisi\u00f3n CNC, suave y delicado, que reduce los da\u00f1os por golpes.<\/p>\n<p>\u2013 Utiliza Bluetooth 5.0 de bajo consumo, la velocidad de transmisi\u00f3n de datos de peso es m\u00e1s r\u00e1pida y estable.<\/p>","protected":false},"featured_media":21408,"template":"","meta":[],"product_brand":[1363],"product_cat":[1318,1305],"product_tag":[],"class_list":{"0":"post-21267","1":"product","2":"type-product","3":"status-publish","4":"has-post-thumbnail","6":"product_brand-xiaomi","7":"product_cat-gadgets","8":"product_cat-xiaomi-eco","10":"first","11":"instock","12":"shipping-taxable","13":"product-type-external"},"aioseo_notices":[],"aioseo_head":"\n\t\t<!-- All in One SEO Pro 4.5.9.2 - aioseo.com -->\n\t\t<meta name=\"description\" content=\"Xiaomi Smart Weight Scale 2 Main Features: - Housing material: tempered glass. - The high-precision sensor accurately senses physical changes every day. - The intelligent analysis automatically identifies every family member. - Can automatically identify family members based on body data, and can support up to 16 members to share, so that the whole family can share. - It is also possible to set the guest mode so that other people can measure the data without leaving any traces. - Hidden LED screen, the display is clear and brings an integrated look and feel. - Rounded corners, CNC precision processing, smooth and delicate, reducing bump damage. - Uses low-power Bluetooth 5.0, the weight data transmission speed is faster and more stable.\" \/>\n\t\t<meta name=\"robots\" content=\"max-image-preview:large\" \/>\n\t\t<link rel=\"canonical\" href=\"https:\/\/www.rucashk.com\/es\/producto\/xiaomi-mi-scale-2-smart-body-fat-scale-wholesale\/\" \/>\n\t\t<meta name=\"generator\" content=\"All in One SEO Pro (AIOSEO) 4.5.9.2\" \/>\n\t\t<meta property=\"og:locale\" content=\"es_ES\" \/>\n\t\t<meta property=\"og:site_name\" content=\"Rucas - One-stop AIoT Distribution Worldwide\" \/>\n\t\t<meta property=\"og:type\" content=\"article\" \/>\n\t\t<meta property=\"og:title\" content=\"Xiaomi Mi Scale 2 Smart Body Fat Scale Wholesale - Rucas - Wholesale and Distribution\" \/>\n\t\t<meta property=\"og:description\" content=\"Xiaomi Smart Weight Scale 2 Main Features: - Housing material: tempered glass. - The high-precision sensor accurately senses physical changes every day. - The intelligent analysis automatically identifies every family member. - Can automatically identify family members based on body data, and can support up to 16 members to share, so that the whole family can share. - It is also possible to set the guest mode so that other people can measure the data without leaving any traces. - Hidden LED screen, the display is clear and brings an integrated look and feel. - Rounded corners, CNC precision processing, smooth and delicate, reducing bump damage. - Uses low-power Bluetooth 5.0, the weight data transmission speed is faster and more stable.\" \/>\n\t\t<meta property=\"og:url\" content=\"https:\/\/www.rucashk.com\/es\/producto\/xiaomi-mi-scale-2-smart-body-fat-scale-wholesale\/\" \/>\n\t\t<meta property=\"og:image\" content=\"https:\/\/www.rucashk.com\/wp-content\/uploads\/replace\/503b8e645f128a97ccde2b6290747646.jpeg\" \/>\n\t\t<meta property=\"og:image:secure_url\" content=\"https:\/\/www.rucashk.com\/wp-content\/uploads\/replace\/503b8e645f128a97ccde2b6290747646.jpeg\" \/>\n\t\t<meta property=\"og:image:width\" content=\"1456\" \/>\n\t\t<meta property=\"og:image:height\" content=\"816\" \/>\n\t\t<meta property=\"article:published_time\" content=\"2024-01-09T15:30:53+00:00\" \/>\n\t\t<meta property=\"article:modified_time\" content=\"2025-06-22T07:34:52+00:00\" \/>\n\t\t<meta name=\"twitter:card\" content=\"summary_large_image\" \/>\n\t\t<meta name=\"twitter:title\" content=\"Xiaomi Mi Scale 2 Smart Body Fat Scale Wholesale - Rucas - Wholesale and Distribution\" \/>\n\t\t<meta name=\"twitter:description\" content=\"Xiaomi Smart Weight Scale 2 Main Features: - Housing material: tempered glass. - The high-precision sensor accurately senses physical changes every day. - The intelligent analysis automatically identifies every family member. - Can automatically identify family members based on body data, and can support up to 16 members to share, so that the whole family can share. - It is also possible to set the guest mode so that other people can measure the data without leaving any traces. - Hidden LED screen, the display is clear and brings an integrated look and feel. - Rounded corners, CNC precision processing, smooth and delicate, reducing bump damage. - Uses low-power Bluetooth 5.0, the weight data transmission speed is faster and more stable.\" \/>\n\t\t<meta name=\"twitter:image\" content=\"https:\/\/www.rucashk.com\/wp-content\/uploads\/replace\/503b8e645f128a97ccde2b6290747646.jpeg\" \/>\n\t\t<script type=\"application\/ld+json\" class=\"aioseo-schema\">\n\t\t\t{\"@context\":\"https:\\\/\\\/schema.org\",\"@graph\":[{\"@type\":\"BreadcrumbList\",\"@id\":\"https:\\\/\\\/www.rucashk.com\\\/es\\\/producto\\\/xiaomi-mi-scale-2-smart-body-fat-scale-wholesale\\\/#breadcrumblist\",\"itemListElement\":[{\"@type\":\"ListItem\",\"@id\":\"https:\\\/\\\/www.rucashk.com\\\/es\\\/#listItem\",\"position\":1,\"name\":\"Home\",\"item\":\"https:\\\/\\\/www.rucashk.com\\\/es\\\/\",\"nextItem\":\"https:\\\/\\\/www.rucashk.com\\\/es\\\/producto\\\/xiaomi-mi-scale-2-smart-body-fat-scale-wholesale\\\/#listItem\"},{\"@type\":\"ListItem\",\"@id\":\"https:\\\/\\\/www.rucashk.com\\\/es\\\/producto\\\/xiaomi-mi-scale-2-smart-body-fat-scale-wholesale\\\/#listItem\",\"position\":2,\"name\":\"Xiaomi Mi Scale 2 Smart Body Fat Scale Wholesale\",\"previousItem\":\"https:\\\/\\\/www.rucashk.com\\\/es\\\/#listItem\"}]},{\"@type\":\"Organization\",\"@id\":\"https:\\\/\\\/www.rucashk.com\\\/es\\\/#organization\",\"name\":\"Rucas\",\"url\":\"https:\\\/\\\/www.rucashk.com\\\/es\\\/\",\"logo\":{\"@type\":\"ImageObject\",\"url\":\"https:\\\/\\\/www.rucashk.com\\\/wp-content\\\/uploads\\\/2023\\\/12\\\/Rucas_campany_logo.png\",\"@id\":\"https:\\\/\\\/www.rucashk.com\\\/es\\\/producto\\\/xiaomi-mi-scale-2-smart-body-fat-scale-wholesale\\\/#organizationLogo\",\"width\":221,\"height\":65},\"image\":{\"@id\":\"https:\\\/\\\/www.rucashk.com\\\/es\\\/#organizationLogo\"}},{\"@type\":\"Person\",\"@id\":\"https:\\\/\\\/www.rucashk.com\\\/es\\\/author\\\/admin\\\/#author\",\"url\":\"https:\\\/\\\/www.rucashk.com\\\/es\\\/author\\\/admin\\\/\",\"name\":\"admin\",\"image\":{\"@type\":\"ImageObject\",\"@id\":\"https:\\\/\\\/www.rucashk.com\\\/es\\\/producto\\\/xiaomi-mi-scale-2-smart-body-fat-scale-wholesale\\\/#authorImage\",\"url\":\"https:\\\/\\\/secure.gravatar.com\\\/avatar\\\/b7c8925b09a27e72b30232f8ecaadbd5af0f70a38c78096863fe51b64f031c24?s=96&d=mm&r=g\",\"width\":96,\"height\":96,\"caption\":\"admin\"}},{\"@type\":\"WebPage\",\"@id\":\"https:\\\/\\\/www.rucashk.com\\\/es\\\/producto\\\/xiaomi-mi-scale-2-smart-body-fat-scale-wholesale\\\/#webpage\",\"url\":\"https:\\\/\\\/www.rucashk.com\\\/es\\\/producto\\\/xiaomi-mi-scale-2-smart-body-fat-scale-wholesale\\\/\",\"name\":\"Xiaomi Mi Scale 2 Smart Body Fat Scale Wholesale - Rucas - Wholesale and Distribution\",\"description\":\"Xiaomi Smart Weight Scale 2 Main Features: - Housing material: tempered glass. - The high-precision sensor accurately senses physical changes every day. - The intelligent analysis automatically identifies every family member. - Can automatically identify family members based on body data, and can support up to 16 members to share, so that the whole family can share. - It is also possible to set the guest mode so that other people can measure the data without leaving any traces. - Hidden LED screen, the display is clear and brings an integrated look and feel. - Rounded corners, CNC precision processing, smooth and delicate, reducing bump damage. - Uses low-power Bluetooth 5.0, the weight data transmission speed is faster and more stable.\",\"inLanguage\":\"es-ES\",\"isPartOf\":{\"@id\":\"https:\\\/\\\/www.rucashk.com\\\/es\\\/#website\"},\"breadcrumb\":{\"@id\":\"https:\\\/\\\/www.rucashk.com\\\/es\\\/producto\\\/xiaomi-mi-scale-2-smart-body-fat-scale-wholesale\\\/#breadcrumblist\"},\"author\":{\"@id\":\"https:\\\/\\\/www.rucashk.com\\\/es\\\/author\\\/admin\\\/#author\"},\"creator\":{\"@id\":\"https:\\\/\\\/www.rucashk.com\\\/es\\\/author\\\/admin\\\/#author\"},\"image\":{\"@type\":\"ImageObject\",\"url\":\"https:\\\/\\\/www.rucashk.com\\\/wp-content\\\/uploads\\\/2024\\\/01\\\/Xiaomi-Mi-Smart-Scale-2.jpg\",\"@id\":\"https:\\\/\\\/www.rucashk.com\\\/es\\\/producto\\\/xiaomi-mi-scale-2-smart-body-fat-scale-wholesale\\\/#mainImage\",\"width\":1000,\"height\":1000},\"primaryImageOfPage\":{\"@id\":\"https:\\\/\\\/www.rucashk.com\\\/es\\\/producto\\\/xiaomi-mi-scale-2-smart-body-fat-scale-wholesale\\\/#mainImage\"},\"datePublished\":\"2024-01-09T15:30:53+00:00\",\"dateModified\":\"2025-06-22T07:34:52+00:00\"},{\"@type\":\"WebSite\",\"@id\":\"https:\\\/\\\/www.rucashk.com\\\/es\\\/#website\",\"url\":\"https:\\\/\\\/www.rucashk.com\\\/es\\\/\",\"name\":\"Rucas - Wholesale and distribution worldwide\",\"alternateName\":\"Rucas - One-stop AIoT Distribution Worldwide\",\"description\":\"One-stop AIoT Distribution Worldwide\",\"inLanguage\":\"es-ES\",\"publisher\":{\"@id\":\"https:\\\/\\\/www.rucashk.com\\\/es\\\/#organization\"}}]}\n\t\t<\/script>\n\t\t<!-- All in One SEO Pro -->\r\n\t\t<title>Xiaomi Mi Scale 2 Smart Body Fat Scale Wholesale - Rucas - Wholesale and Distribution<\/title>\n\n","aioseo_head_json":{"title":"Xiaomi Mi Scale 2 Smart Body Fat Scale Wholesale - Rucas - Wholesale and Distribution","description":"Xiaomi Smart Weight Scale 2 Main Features: - Housing material: tempered glass. - The high-precision sensor accurately senses physical changes every day. - The intelligent analysis automatically identifies every family member. - Can automatically identify family members based on body data, and can support up to 16 members to share, so that the whole family can share. - It is also possible to set the guest mode so that other people can measure the data without leaving any traces. - Hidden LED screen, the display is clear and brings an integrated look and feel. - Rounded corners, CNC precision processing, smooth and delicate, reducing bump damage. - Uses low-power Bluetooth 5.0, the weight data transmission speed is faster and more stable.","canonical_url":"https:\/\/www.rucashk.com\/es\/producto\/xiaomi-mi-scale-2-smart-body-fat-scale-wholesale\/","robots":"max-image-preview:large","keywords":"","webmasterTools":{"miscellaneous":""},"og:locale":"es_ES","og:site_name":"Rucas - One-stop AIoT Distribution Worldwide","og:type":"article","og:title":"Xiaomi Mi Scale 2 Smart Body Fat Scale Wholesale - Rucas - Wholesale and Distribution","og:description":"Xiaomi Smart Weight Scale 2 Main Features: - Housing material: tempered glass. - The high-precision sensor accurately senses physical changes every day. - The intelligent analysis automatically identifies every family member. - Can automatically identify family members based on body data, and can support up to 16 members to share, so that the whole family can share. - It is also possible to set the guest mode so that other people can measure the data without leaving any traces. - Hidden LED screen, the display is clear and brings an integrated look and feel. - Rounded corners, CNC precision processing, smooth and delicate, reducing bump damage. - Uses low-power Bluetooth 5.0, the weight data transmission speed is faster and more stable.","og:url":"https:\/\/www.rucashk.com\/es\/producto\/xiaomi-mi-scale-2-smart-body-fat-scale-wholesale\/","og:image":"https:\/\/www.rucashk.com\/wp-content\/uploads\/replace\/503b8e645f128a97ccde2b6290747646.jpeg","og:image:secure_url":"https:\/\/www.rucashk.com\/wp-content\/uploads\/replace\/503b8e645f128a97ccde2b6290747646.jpeg","og:image:width":1456,"og:image:height":816,"article:published_time":"2024-01-09T15:30:53+00:00","article:modified_time":"2025-06-22T07:34:52+00:00","twitter:card":"summary_large_image","twitter:title":"Xiaomi Mi Scale 2 Smart Body Fat Scale Wholesale - Rucas - Wholesale and Distribution","twitter:description":"Xiaomi Smart Weight Scale 2 Main Features: - Housing material: tempered glass. - The high-precision sensor accurately senses physical changes every day. - The intelligent analysis automatically identifies every family member. - Can automatically identify family members based on body data, and can support up to 16 members to share, so that the whole family can share. - It is also possible to set the guest mode so that other people can measure the data without leaving any traces. - Hidden LED screen, the display is clear and brings an integrated look and feel. - Rounded corners, CNC precision processing, smooth and delicate, reducing bump damage. - Uses low-power Bluetooth 5.0, the weight data transmission speed is faster and more stable.","twitter:image":"https:\/\/www.rucashk.com\/wp-content\/uploads\/replace\/503b8e645f128a97ccde2b6290747646.jpeg","schema":{"@context":"https:\/\/schema.org","@graph":[{"@type":"BreadcrumbList","@id":"https:\/\/www.rucashk.com\/es\/producto\/xiaomi-mi-scale-2-smart-body-fat-scale-wholesale\/#breadcrumblist","itemListElement":[{"@type":"ListItem","@id":"https:\/\/www.rucashk.com\/es\/#listItem","position":1,"name":"Home","item":"https:\/\/www.rucashk.com\/es\/","nextItem":"https:\/\/www.rucashk.com\/es\/producto\/xiaomi-mi-scale-2-smart-body-fat-scale-wholesale\/#listItem"},{"@type":"ListItem","@id":"https:\/\/www.rucashk.com\/es\/producto\/xiaomi-mi-scale-2-smart-body-fat-scale-wholesale\/#listItem","position":2,"name":"Xiaomi Mi Scale 2 Smart Body Fat Scale Wholesale","previousItem":"https:\/\/www.rucashk.com\/es\/#listItem"}]},{"@type":"Organization","@id":"https:\/\/www.rucashk.com\/es\/#organization","name":"Rucas","url":"https:\/\/www.rucashk.com\/es\/","logo":{"@type":"ImageObject","url":"https:\/\/www.rucashk.com\/wp-content\/uploads\/2023\/12\/Rucas_campany_logo.png","@id":"https:\/\/www.rucashk.com\/es\/producto\/xiaomi-mi-scale-2-smart-body-fat-scale-wholesale\/#organizationLogo","width":221,"height":65},"image":{"@id":"https:\/\/www.rucashk.com\/es\/#organizationLogo"}},{"@type":"Person","@id":"https:\/\/www.rucashk.com\/es\/author\/admin\/#author","url":"https:\/\/www.rucashk.com\/es\/author\/admin\/","name":"admin","image":{"@type":"ImageObject","@id":"https:\/\/www.rucashk.com\/es\/producto\/xiaomi-mi-scale-2-smart-body-fat-scale-wholesale\/#authorImage","url":"https:\/\/secure.gravatar.com\/avatar\/b7c8925b09a27e72b30232f8ecaadbd5af0f70a38c78096863fe51b64f031c24?s=96&d=mm&r=g","width":96,"height":96,"caption":"admin"}},{"@type":"WebPage","@id":"https:\/\/www.rucashk.com\/es\/producto\/xiaomi-mi-scale-2-smart-body-fat-scale-wholesale\/#webpage","url":"https:\/\/www.rucashk.com\/es\/producto\/xiaomi-mi-scale-2-smart-body-fat-scale-wholesale\/","name":"Xiaomi Mi Scale 2 Smart Body Fat Scale Wholesale - Rucas - Wholesale and Distribution","description":"Xiaomi Smart Weight Scale 2 Main Features: - Housing material: tempered glass. - The high-precision sensor accurately senses physical changes every day. - The intelligent analysis automatically identifies every family member. - Can automatically identify family members based on body data, and can support up to 16 members to share, so that the whole family can share. - It is also possible to set the guest mode so that other people can measure the data without leaving any traces. - Hidden LED screen, the display is clear and brings an integrated look and feel. - Rounded corners, CNC precision processing, smooth and delicate, reducing bump damage. - Uses low-power Bluetooth 5.0, the weight data transmission speed is faster and more stable.","inLanguage":"es-ES","isPartOf":{"@id":"https:\/\/www.rucashk.com\/es\/#website"},"breadcrumb":{"@id":"https:\/\/www.rucashk.com\/es\/producto\/xiaomi-mi-scale-2-smart-body-fat-scale-wholesale\/#breadcrumblist"},"author":{"@id":"https:\/\/www.rucashk.com\/es\/author\/admin\/#author"},"creator":{"@id":"https:\/\/www.rucashk.com\/es\/author\/admin\/#author"},"image":{"@type":"ImageObject","url":"https:\/\/www.rucashk.com\/wp-content\/uploads\/2024\/01\/Xiaomi-Mi-Smart-Scale-2.jpg","@id":"https:\/\/www.rucashk.com\/es\/producto\/xiaomi-mi-scale-2-smart-body-fat-scale-wholesale\/#mainImage","width":1000,"height":1000},"primaryImageOfPage":{"@id":"https:\/\/www.rucashk.com\/es\/producto\/xiaomi-mi-scale-2-smart-body-fat-scale-wholesale\/#mainImage"},"datePublished":"2024-01-09T15:30:53+00:00","dateModified":"2025-06-22T07:34:52+00:00"},{"@type":"WebSite","@id":"https:\/\/www.rucashk.com\/es\/#website","url":"https:\/\/www.rucashk.com\/es\/","name":"Rucas - Wholesale and distribution worldwide","alternateName":"Rucas - One-stop AIoT Distribution Worldwide","description":"One-stop AIoT Distribution Worldwide","inLanguage":"es-ES","publisher":{"@id":"https:\/\/www.rucashk.com\/es\/#organization"}}]}},"aioseo_meta_data":{"post_id":"21267","title":null,"description":null,"keywords":null,"keyphrases":null,"primary_term":null,"canonical_url":null,"og_title":null,"og_description":null,"og_object_type":"default","og_image_type":"default","og_image_url":null,"og_image_width":null,"og_image_height":null,"og_image_custom_url":null,"og_image_custom_fields":null,"og_video":null,"og_custom_url":null,"og_article_section":null,"og_article_tags":null,"twitter_use_og":false,"twitter_card":"default","twitter_image_type":"default","twitter_image_url":null,"twitter_image_custom_url":null,"twitter_image_custom_fields":null,"twitter_title":null,"twitter_description":null,"schema":{"blockGraphs":[],"customGraphs":[],"default":{"data":{"Article":[],"Course":[],"Dataset":[],"FAQPage":[],"Movie":[],"Person":[],"Product":[],"Recipe":[],"Service":[],"SoftwareApplication":[],"WebPage":[]},"graphName":"","isEnabled":true},"graphs":[]},"schema_type":"default","schema_type_options":null,"pillar_content":false,"robots_default":true,"robots_noindex":false,"robots_noarchive":false,"robots_nosnippet":false,"robots_nofollow":false,"robots_noimageindex":false,"robots_noodp":false,"robots_notranslate":false,"robots_max_snippet":null,"robots_max_videopreview":null,"robots_max_imagepreview":"large","priority":null,"frequency":null,"local_seo":null,"breadcrumb_settings":null,"limit_modified_date":false,"created":"2024-04-11 01:55:16","updated":"2025-06-22 16:20:07"},"aioseo_breadcrumb":"<div class=\"aioseo-breadcrumbs\"><span class=\"aioseo-breadcrumb\">\n\t<a href=\"https:\/\/www.rucashk.com\/es\" title=\"Home\">Home<\/a>\n<\/span><span class=\"aioseo-breadcrumb-separator\">&raquo;<\/span><span class=\"aioseo-breadcrumb\">\n\t<a href=\"https:\/\/www.rucashk.com\/es\/products\/\" title=\"Productos\">Productos<\/a>\n<\/span><span class=\"aioseo-breadcrumb-separator\">&raquo;<\/span><span class=\"aioseo-breadcrumb\">\n\t<a href=\"https:\/\/www.rucashk.com\/es\/marca\/xiaomi\/\" title=\"Xiaomi\">Xiaomi<\/a>\n<\/span><span class=\"aioseo-breadcrumb-separator\">&raquo;<\/span><span class=\"aioseo-breadcrumb\">\n\tXiaomi Mi Scale 2 Smart Body Fat Scale Wholesale\n<\/span><\/div>","aioseo_breadcrumb_json":[{"label":"Home","link":"https:\/\/www.rucashk.com\/es"},{"label":"Productos","link":"https:\/\/www.rucashk.com\/es\/products\/"},{"label":"Xiaomi","link":"https:\/\/www.rucashk.com\/es\/marca\/xiaomi\/"},{"label":"Xiaomi Mi Scale 2 Smart Body Fat Scale Wholesale","link":"https:\/\/www.rucashk.com\/es\/producto\/xiaomi-mi-scale-2-smart-body-fat-scale-wholesale\/"}],"_links":{"self":[{"href":"https:\/\/www.rucashk.com\/es\/wp-json\/wp\/v2\/product\/21267","targetHints":{"allow":["GET"]}}],"collection":[{"href":"https:\/\/www.rucashk.com\/es\/wp-json\/wp\/v2\/product"}],"about":[{"href":"https:\/\/www.rucashk.com\/es\/wp-json\/wp\/v2\/types\/product"}],"wp:featuredmedia":[{"embeddable":true,"href":"https:\/\/www.rucashk.com\/es\/wp-json\/wp\/v2\/media\/21408"}],"wp:attachment":[{"href":"https:\/\/www.rucashk.com\/es\/wp-json\/wp\/v2\/media?parent=21267"}],"wp:term":[{"taxonomy":"product_brand","embeddable":true,"href":"https:\/\/www.rucashk.com\/es\/wp-json\/wp\/v2\/product_brand?post=21267"},{"taxonomy":"product_cat","embeddable":true,"href":"https:\/\/www.rucashk.com\/es\/wp-json\/wp\/v2\/product_cat?post=21267"},{"taxonomy":"product_tag","embeddable":true,"href":"https:\/\/www.rucashk.com\/es\/wp-json\/wp\/v2\/product_tag?post=21267"}],"curies":[{"name":"wp","href":"https:\/\/api.w.org\/{rel}","templated":true}]}}