{"id":21266,"date":"2024-01-09T15:30:52","date_gmt":"2024-01-09T15:30:52","guid":{"rendered":"http:\/\/rucashk.com\/?post_type=product&#038;p=21266"},"modified":"2025-06-22T06:26:23","modified_gmt":"2025-06-22T06:26:23","slug":"xiaomi-smartmi-pure-evaporative-air-humidifier","status":"publish","type":"product","link":"https:\/\/www.rucashk.com\/es\/producto\/xiaomi-smartmi-pure-evaporative-air-humidifier\/","title":{"rendered":"Humidificador de aire evaporativo puro Xiaomi Smartmi"},"content":{"rendered":"<div><img decoding=\"async\" class=\"aligncenter\" src=\"https:\/\/www.rucashk.com\/wp-content\/uploads\/2020\/06\/HTB16TZYiv5TBuNjSspmq6yDRVXaI.jpg\" \/><img decoding=\"async\" class=\"aligncenter\" src=\"https:\/\/www.rucashk.com\/wp-content\/uploads\/2020\/06\/HTB1jTgoaPzuK1Rjy0Fpq6yEpFXaY.jpg\" alt=\"32_\" \/><\/div>\n<div style=\"text-align: center\"><img decoding=\"async\" src=\"https:\/\/www.rucashk.com\/wp-content\/uploads\/2020\/06\/HTB1MmZhcnCWBKNjSZFtq6yC3FXaO.jpg\" \/><\/div>\n<div style=\"text-align: center\"><img decoding=\"async\" src=\"https:\/\/www.rucashk.com\/wp-content\/uploads\/2020\/06\/HTB1dU24iuuSBuNjSsplq6ze8pXac.jpg\" \/><\/div>\n<div style=\"text-align: center\"><img decoding=\"async\" src=\"https:\/\/www.rucashk.com\/wp-content\/uploads\/2020\/06\/HTB1NSARiuuSBuNjy1Xcq6AYjFXaV.jpg\" \/><img decoding=\"async\" src=\"https:\/\/www.rucashk.com\/wp-content\/uploads\/2020\/06\/HTB1NDkoaPzuK1Rjy0Fpq6yEpFXah.jpg\" alt=\"RTX1212_\" \/><\/div>\n<div style=\"text-align: center\"><img decoding=\"async\" src=\"https:\/\/www.rucashk.com\/wp-content\/uploads\/2020\/06\/HTB1.po5ir9YBuNjy0Fgq6AxcXXav.jpg\" \/><\/div>\n<p style=\"text-align: center\"><img decoding=\"async\" src=\"https:\/\/www.rucashk.com\/wp-content\/uploads\/2020\/06\/HTB1gCoQir1YBuNjSszhq6AUsFXaC.jpg\" \/><img decoding=\"async\" src=\"https:\/\/www.rucashk.com\/wp-content\/uploads\/2020\/06\/HTB1vr.paITxK1Rjy0Fgq6yovpXak.jpg\" alt=\"RTX232323_\" \/><img decoding=\"async\" src=\"https:\/\/www.rucashk.com\/wp-content\/uploads\/2020\/06\/HTB1y9woaOnrK1RjSsziq6xptpXaH.jpg\" alt=\"RTX3121_\" \/><\/p>\n<p data-spm-anchor-id=\"a2g0o.detail.1000023.i0.4c716ea210vBdL\"><img decoding=\"async\" class=\"aligncenter\" src=\"https:\/\/www.rucashk.com\/wp-content\/uploads\/2020\/06\/HTB1X8H3ipmWBuNjSspdq6zugXXal.jpg\" \/><img decoding=\"async\" class=\"aligncenter\" src=\"https:\/\/www.rucashk.com\/wp-content\/uploads\/2020\/06\/HTB1m4AaciMnBKNjSZFzq6A_qVXal.jpg\" \/><\/p>\n<p><strong><b>Especificaci\u00f3n<\/b><\/strong><\/p>\n<table>\n<tbody>\n<tr>\n<td width=\"200\"><strong><b>General<\/b><\/strong><\/td>\n<td width=\"798\">Marca: Smartmi<\/td>\n<\/tr>\n<tr>\n<td width=\"200\"><strong><b>Dimensiones y peso<\/b><\/strong><\/td>\n<td width=\"798\">Peso del producto: 5.1700 kg<br \/>\nPeso del paquete: 5.3700 kg<br \/>\nTama\u00f1o del producto (largo x ancho x alto): 35,00 x 35,00 x 70,00 cm \/ 13,78 x 13,78 x 27,56 pulgadas<br \/>\nTama\u00f1o del paquete (largo x ancho x alto): 40,00 x 40,00 x 75,00 cm \/ 15,75 x 15,75 x 29,53 pulgadas<\/td>\n<\/tr>\n<tr>\n<td width=\"200\"><strong><b>contenidos del paquete<\/b><\/strong><\/td>\n<td width=\"798\">Contenidos del paquete: 1 humidificador de aire, 1 manual en chino<\/td>\n<\/tr>\n<\/tbody>\n<\/table>\n<h2>Especificaci\u00f3n<\/h2>\n<ul>\n<li>Marca:XIAOMI SMARTMI<\/li>\n<li>Color blanco<\/li>\n<li>Forma: Plaza comercial<\/li>\n<li>Tipo: humidificador de aire evaporativo<\/li>\n<li>Red inal\u00e1mbrica Wi-Fi: IEEE 802.11b\/g\/n 2,4 GHz<\/li>\n<li>APLICACI\u00d3N: APLICACI\u00d3N Mijia<\/li>\n<li>Funci\u00f3n de sincronizaci\u00f3n: S\u00cd<\/li>\n<li>M\u00e9todo de operaci\u00f3n: Control remoto<\/li>\n<li>Control de humedad: Control remoto<\/li>\n<li>Capacidad del tanque de agua: 4L<\/li>\n<li>Humidificaci\u00f3n nominal: 240 ml\/h<\/li>\n<li>\u00c1rea de humidificaci\u00f3n: 10-15\u33a1<\/li>\n<li>Ruido: 34,3 dB-45 dB.<\/li>\n<li>Enchufe: enchufe CN<\/li>\n<li>Voltaje (V): 220 V<\/li>\n<li>Potencia: 8W<\/li>\n<li>Tama\u00f1o del paquete: 31 cm x 31 cm x 44 cm (12,20 pulgadas x 12,20 pulgadas x 17,32 pulgadas)<\/li>\n<li>Peso del paquete: 5,1 kg (11,24 b)<\/li>\n<\/ul>\n<div><strong>Caracter\u00edsticas<\/strong><br \/>\n*Humidificador Evaporativo Natural.<br \/>\n* Tanque de agua de gran capacidad de 4.0L.<br \/>\n* Inyecte agua c\u00f3modamente. Puede funcionar durante 16 horas.<br \/>\n* Detecci\u00f3n autom\u00e1tica de aire, humidificaci\u00f3n inteligente, control remoto de aplicaci\u00f3n m\u00f3vil.<br \/>\n* M\u00e1quina de interruptor de sincronizaci\u00f3n.<br \/>\n* Protecci\u00f3n de seguridad m\u00faltiple inteligente.<br \/>\n*Sin polvo, sin spray.<br \/>\n*Humidificador evaporativo natural<br \/>\n*Los humidificadores comunes solo aumentan la humedad del aire circundante y cae m\u00e1s niebla de agua al suelo.<br \/>\nEl humidificador evaporativo Xiaomi aumenta naturalmente la humedad del aire ambiente de manera uniforme y el humidificador alcanza un mayor alcance.<br \/>\n* Humidificaci\u00f3n de alta eficiencia 240-250 ml\/h.<br \/>\n*El uso del principio de evaporaci\u00f3n natural, similar al lago, a trav\u00e9s de la evaporaci\u00f3n del agua, aumenta la humedad del aire, sin impurezas.<br \/>\n*Efecto uniforme sobre la humedad ambiental.<br \/>\n* Evaporaci\u00f3n de 36 aspas, contacto total con el agua, formando una capa de evaporaci\u00f3n, deja que el aire pase r\u00e1pidamente a trav\u00e9s de las aspas de evaporaci\u00f3n, humidificaci\u00f3n 240-250 ml por hora.<br \/>\n* Control inteligente, humidificaci\u00f3n preestablece tu propio ambiente confortable.<br \/>\nPuede juzgar por s\u00ed mismo las condiciones de humidificaci\u00f3n del ambiente, en condiciones de humedad de 40% o menos, mejorar la velocidad de vibraci\u00f3n de la pieza de atomizaci\u00f3n y la velocidad del ventilador, y permitir que entre m\u00e1s aire h\u00famedo al ambiente. En humedad &gt;60% del ambiente, controle la velocidad de humidificaci\u00f3n bajo ciertos l\u00edmites. Para garantizar una humidificaci\u00f3n duradera del confort del cuerpo humano. Cuando la humedad ambiental 70% deja de humidificar autom\u00e1ticamente. La humedad para mantener el alcance est\u00e1ndar en un ambiente saludable y confortable.<\/div>","protected":false},"excerpt":{"rendered":"<p><b>Descripci\u00f3n:<\/b><br \/>\nEste es un tipo de humidificador de aire puro smartmi con\u00a0<b>4L<\/b>\u00a0tanque de gran capacidad. Aplica el principio de evaporaci\u00f3n natural para humidificar. El aire h\u00famedo vaporizado no transporta impurezas. Le brinda un ambiente c\u00f3modo de trabajo y de vida.<\/p>\n<p><b>Principales caracter\u00edsticas:<\/b><br \/>\n<b>\u25cf Tanque de gran capacidad de 4L,<\/b>\u00a0hidratar toda la noche incluso si se utiliza la marcha m\u00e1s alta<br \/>\n<b>\u25cf Silencioso y de bajo consumo,<\/b>\u00a034.3dB mute sleep protection<br \/>\n\u25cf Convenient waterflooding<br \/>\n\u25cf Automatic water evaporation, avoid the smell<br \/>\n\u25cf Open water tank, easy to wash<br \/>\n\u25cf Operated by APP<br \/>\n\u25cf Voltage: 220V<br \/>\n\u25cf Material: plastic<\/p>","protected":false},"featured_media":21404,"template":"","meta":[],"product_brand":[1363],"product_cat":[1318,1305],"product_tag":[],"class_list":{"0":"post-21266","1":"product","2":"type-product","3":"status-publish","4":"has-post-thumbnail","6":"product_brand-xiaomi","7":"product_cat-gadgets","8":"product_cat-xiaomi-eco","10":"first","11":"instock","12":"shipping-taxable","13":"product-type-external"},"aioseo_notices":[],"aioseo_head":"\n\t\t<!-- All in One SEO Pro 4.5.9.2 - aioseo.com -->\n\t\t<meta name=\"description\" content=\"Description: This is a kind of smartmi pure air humidifier with the 4L large capacity tank. It applies the natural evaporation principle to humidify. Vaporized humid air does not carry impurities. It brings you a comfortable work and living environment. Main Features: \u25cf 4L large capacity tank, moisturize all night even if top gear operation \u25cf Quiet and low-power, 34.3dB mute sleep protection \u25cf Convenient waterflooding \u25cf Automatic water evaporation, avoid the smell \u25cf Open water tank, easy to wash \u25cf Operated by APP \u25cf Voltage: 220V \u25cf Material: plastic\" \/>\n\t\t<meta name=\"robots\" content=\"max-image-preview:large\" \/>\n\t\t<link rel=\"canonical\" href=\"https:\/\/www.rucashk.com\/es\/producto\/xiaomi-smartmi-pure-evaporative-air-humidifier\/\" \/>\n\t\t<meta name=\"generator\" content=\"All in One SEO Pro (AIOSEO) 4.5.9.2\" \/>\n\t\t<meta property=\"og:locale\" content=\"es_ES\" \/>\n\t\t<meta property=\"og:site_name\" content=\"Rucas - One-stop AIoT Distribution Worldwide\" \/>\n\t\t<meta property=\"og:type\" content=\"article\" \/>\n\t\t<meta property=\"og:title\" content=\"Xiaomi Smartmi Pure Evaporative Air Humidifier - Rucas - Wholesale and Distribution\" \/>\n\t\t<meta property=\"og:description\" content=\"Description: This is a kind of smartmi pure air humidifier with the 4L large capacity tank. It applies the natural evaporation principle to humidify. Vaporized humid air does not carry impurities. It brings you a comfortable work and living environment. Main Features: \u25cf 4L large capacity tank, moisturize all night even if top gear operation \u25cf Quiet and low-power, 34.3dB mute sleep protection \u25cf Convenient waterflooding \u25cf Automatic water evaporation, avoid the smell \u25cf Open water tank, easy to wash \u25cf Operated by APP \u25cf Voltage: 220V \u25cf Material: plastic\" \/>\n\t\t<meta property=\"og:url\" content=\"https:\/\/www.rucashk.com\/es\/producto\/xiaomi-smartmi-pure-evaporative-air-humidifier\/\" \/>\n\t\t<meta property=\"og:image\" content=\"https:\/\/www.rucashk.com\/wp-content\/uploads\/replace\/503b8e645f128a97ccde2b6290747646.jpeg\" \/>\n\t\t<meta property=\"og:image:secure_url\" content=\"https:\/\/www.rucashk.com\/wp-content\/uploads\/replace\/503b8e645f128a97ccde2b6290747646.jpeg\" \/>\n\t\t<meta property=\"og:image:width\" content=\"1456\" \/>\n\t\t<meta property=\"og:image:height\" content=\"816\" \/>\n\t\t<meta property=\"article:published_time\" content=\"2024-01-09T15:30:52+00:00\" \/>\n\t\t<meta property=\"article:modified_time\" content=\"2025-06-22T06:26:23+00:00\" \/>\n\t\t<meta name=\"twitter:card\" content=\"summary_large_image\" \/>\n\t\t<meta name=\"twitter:title\" content=\"Xiaomi Smartmi Pure Evaporative Air Humidifier - Rucas - Wholesale and Distribution\" \/>\n\t\t<meta name=\"twitter:description\" content=\"Description: This is a kind of smartmi pure air humidifier with the 4L large capacity tank. It applies the natural evaporation principle to humidify. Vaporized humid air does not carry impurities. It brings you a comfortable work and living environment. Main Features: \u25cf 4L large capacity tank, moisturize all night even if top gear operation \u25cf Quiet and low-power, 34.3dB mute sleep protection \u25cf Convenient waterflooding \u25cf Automatic water evaporation, avoid the smell \u25cf Open water tank, easy to wash \u25cf Operated by APP \u25cf Voltage: 220V \u25cf Material: plastic\" \/>\n\t\t<meta name=\"twitter:image\" content=\"https:\/\/www.rucashk.com\/wp-content\/uploads\/replace\/503b8e645f128a97ccde2b6290747646.jpeg\" \/>\n\t\t<script type=\"application\/ld+json\" class=\"aioseo-schema\">\n\t\t\t{\"@context\":\"https:\\\/\\\/schema.org\",\"@graph\":[{\"@type\":\"BreadcrumbList\",\"@id\":\"https:\\\/\\\/www.rucashk.com\\\/es\\\/producto\\\/xiaomi-smartmi-pure-evaporative-air-humidifier\\\/#breadcrumblist\",\"itemListElement\":[{\"@type\":\"ListItem\",\"@id\":\"https:\\\/\\\/www.rucashk.com\\\/es\\\/#listItem\",\"position\":1,\"name\":\"Home\",\"item\":\"https:\\\/\\\/www.rucashk.com\\\/es\\\/\",\"nextItem\":\"https:\\\/\\\/www.rucashk.com\\\/es\\\/producto\\\/xiaomi-smartmi-pure-evaporative-air-humidifier\\\/#listItem\"},{\"@type\":\"ListItem\",\"@id\":\"https:\\\/\\\/www.rucashk.com\\\/es\\\/producto\\\/xiaomi-smartmi-pure-evaporative-air-humidifier\\\/#listItem\",\"position\":2,\"name\":\"Xiaomi Smartmi Pure Evaporative Air Humidifier\",\"previousItem\":\"https:\\\/\\\/www.rucashk.com\\\/es\\\/#listItem\"}]},{\"@type\":\"Organization\",\"@id\":\"https:\\\/\\\/www.rucashk.com\\\/es\\\/#organization\",\"name\":\"Rucas\",\"url\":\"https:\\\/\\\/www.rucashk.com\\\/es\\\/\",\"logo\":{\"@type\":\"ImageObject\",\"url\":\"https:\\\/\\\/www.rucashk.com\\\/wp-content\\\/uploads\\\/2023\\\/12\\\/Rucas_campany_logo.png\",\"@id\":\"https:\\\/\\\/www.rucashk.com\\\/es\\\/producto\\\/xiaomi-smartmi-pure-evaporative-air-humidifier\\\/#organizationLogo\",\"width\":221,\"height\":65},\"image\":{\"@id\":\"https:\\\/\\\/www.rucashk.com\\\/es\\\/#organizationLogo\"}},{\"@type\":\"Person\",\"@id\":\"https:\\\/\\\/www.rucashk.com\\\/es\\\/author\\\/admin\\\/#author\",\"url\":\"https:\\\/\\\/www.rucashk.com\\\/es\\\/author\\\/admin\\\/\",\"name\":\"admin\",\"image\":{\"@type\":\"ImageObject\",\"@id\":\"https:\\\/\\\/www.rucashk.com\\\/es\\\/producto\\\/xiaomi-smartmi-pure-evaporative-air-humidifier\\\/#authorImage\",\"url\":\"https:\\\/\\\/secure.gravatar.com\\\/avatar\\\/b7c8925b09a27e72b30232f8ecaadbd5af0f70a38c78096863fe51b64f031c24?s=96&d=mm&r=g\",\"width\":96,\"height\":96,\"caption\":\"admin\"}},{\"@type\":\"WebPage\",\"@id\":\"https:\\\/\\\/www.rucashk.com\\\/es\\\/producto\\\/xiaomi-smartmi-pure-evaporative-air-humidifier\\\/#webpage\",\"url\":\"https:\\\/\\\/www.rucashk.com\\\/es\\\/producto\\\/xiaomi-smartmi-pure-evaporative-air-humidifier\\\/\",\"name\":\"Xiaomi Smartmi Pure Evaporative Air Humidifier - Rucas - Wholesale and Distribution\",\"description\":\"Description: This is a kind of smartmi pure air humidifier with the 4L large capacity tank. It applies the natural evaporation principle to humidify. Vaporized humid air does not carry impurities. It brings you a comfortable work and living environment. Main Features: \\u25cf 4L large capacity tank, moisturize all night even if top gear operation \\u25cf Quiet and low-power, 34.3dB mute sleep protection \\u25cf Convenient waterflooding \\u25cf Automatic water evaporation, avoid the smell \\u25cf Open water tank, easy to wash \\u25cf Operated by APP \\u25cf Voltage: 220V \\u25cf Material: plastic\",\"inLanguage\":\"es-ES\",\"isPartOf\":{\"@id\":\"https:\\\/\\\/www.rucashk.com\\\/es\\\/#website\"},\"breadcrumb\":{\"@id\":\"https:\\\/\\\/www.rucashk.com\\\/es\\\/producto\\\/xiaomi-smartmi-pure-evaporative-air-humidifier\\\/#breadcrumblist\"},\"author\":{\"@id\":\"https:\\\/\\\/www.rucashk.com\\\/es\\\/author\\\/admin\\\/#author\"},\"creator\":{\"@id\":\"https:\\\/\\\/www.rucashk.com\\\/es\\\/author\\\/admin\\\/#author\"},\"image\":{\"@type\":\"ImageObject\",\"url\":\"https:\\\/\\\/www.rucashk.com\\\/wp-content\\\/uploads\\\/2024\\\/01\\\/Xiaomi-Smartmi-Pure-Evaporative-Air-Humidifier-4.jpg\",\"@id\":\"https:\\\/\\\/www.rucashk.com\\\/es\\\/producto\\\/xiaomi-smartmi-pure-evaporative-air-humidifier\\\/#mainImage\",\"width\":800,\"height\":800},\"primaryImageOfPage\":{\"@id\":\"https:\\\/\\\/www.rucashk.com\\\/es\\\/producto\\\/xiaomi-smartmi-pure-evaporative-air-humidifier\\\/#mainImage\"},\"datePublished\":\"2024-01-09T15:30:52+00:00\",\"dateModified\":\"2025-06-22T06:26:23+00:00\"},{\"@type\":\"WebSite\",\"@id\":\"https:\\\/\\\/www.rucashk.com\\\/es\\\/#website\",\"url\":\"https:\\\/\\\/www.rucashk.com\\\/es\\\/\",\"name\":\"Rucas - Wholesale and distribution worldwide\",\"alternateName\":\"Rucas - One-stop AIoT Distribution Worldwide\",\"description\":\"One-stop AIoT Distribution Worldwide\",\"inLanguage\":\"es-ES\",\"publisher\":{\"@id\":\"https:\\\/\\\/www.rucashk.com\\\/es\\\/#organization\"}}]}\n\t\t<\/script>\n\t\t<!-- All in One SEO Pro -->\r\n\t\t<title>Xiaomi Smartmi Pure Evaporative Air Humidifier - Rucas - Wholesale and Distribution<\/title>\n\n","aioseo_head_json":{"title":"Xiaomi Smartmi Pure Evaporative Air Humidifier - Rucas - Wholesale and Distribution","description":"Description: This is a kind of smartmi pure air humidifier with the 4L large capacity tank. It applies the natural evaporation principle to humidify. Vaporized humid air does not carry impurities. It brings you a comfortable work and living environment. Main Features: \u25cf 4L large capacity tank, moisturize all night even if top gear operation \u25cf Quiet and low-power, 34.3dB mute sleep protection \u25cf Convenient waterflooding \u25cf Automatic water evaporation, avoid the smell \u25cf Open water tank, easy to wash \u25cf Operated by APP \u25cf Voltage: 220V \u25cf Material: plastic","canonical_url":"https:\/\/www.rucashk.com\/es\/producto\/xiaomi-smartmi-pure-evaporative-air-humidifier\/","robots":"max-image-preview:large","keywords":"","webmasterTools":{"miscellaneous":""},"og:locale":"es_ES","og:site_name":"Rucas - One-stop AIoT Distribution Worldwide","og:type":"article","og:title":"Xiaomi Smartmi Pure Evaporative Air Humidifier - Rucas - Wholesale and Distribution","og:description":"Description: This is a kind of smartmi pure air humidifier with the 4L large capacity tank. It applies the natural evaporation principle to humidify. Vaporized humid air does not carry impurities. It brings you a comfortable work and living environment. Main Features: \u25cf 4L large capacity tank, moisturize all night even if top gear operation \u25cf Quiet and low-power, 34.3dB mute sleep protection \u25cf Convenient waterflooding \u25cf Automatic water evaporation, avoid the smell \u25cf Open water tank, easy to wash \u25cf Operated by APP \u25cf Voltage: 220V \u25cf Material: plastic","og:url":"https:\/\/www.rucashk.com\/es\/producto\/xiaomi-smartmi-pure-evaporative-air-humidifier\/","og:image":"https:\/\/www.rucashk.com\/wp-content\/uploads\/replace\/503b8e645f128a97ccde2b6290747646.jpeg","og:image:secure_url":"https:\/\/www.rucashk.com\/wp-content\/uploads\/replace\/503b8e645f128a97ccde2b6290747646.jpeg","og:image:width":1456,"og:image:height":816,"article:published_time":"2024-01-09T15:30:52+00:00","article:modified_time":"2025-06-22T06:26:23+00:00","twitter:card":"summary_large_image","twitter:title":"Xiaomi Smartmi Pure Evaporative Air Humidifier - Rucas - Wholesale and Distribution","twitter:description":"Description: This is a kind of smartmi pure air humidifier with the 4L large capacity tank. It applies the natural evaporation principle to humidify. Vaporized humid air does not carry impurities. It brings you a comfortable work and living environment. Main Features: \u25cf 4L large capacity tank, moisturize all night even if top gear operation \u25cf Quiet and low-power, 34.3dB mute sleep protection \u25cf Convenient waterflooding \u25cf Automatic water evaporation, avoid the smell \u25cf Open water tank, easy to wash \u25cf Operated by APP \u25cf Voltage: 220V \u25cf Material: plastic","twitter:image":"https:\/\/www.rucashk.com\/wp-content\/uploads\/replace\/503b8e645f128a97ccde2b6290747646.jpeg","schema":{"@context":"https:\/\/schema.org","@graph":[{"@type":"BreadcrumbList","@id":"https:\/\/www.rucashk.com\/es\/producto\/xiaomi-smartmi-pure-evaporative-air-humidifier\/#breadcrumblist","itemListElement":[{"@type":"ListItem","@id":"https:\/\/www.rucashk.com\/es\/#listItem","position":1,"name":"Home","item":"https:\/\/www.rucashk.com\/es\/","nextItem":"https:\/\/www.rucashk.com\/es\/producto\/xiaomi-smartmi-pure-evaporative-air-humidifier\/#listItem"},{"@type":"ListItem","@id":"https:\/\/www.rucashk.com\/es\/producto\/xiaomi-smartmi-pure-evaporative-air-humidifier\/#listItem","position":2,"name":"Xiaomi Smartmi Pure Evaporative Air Humidifier","previousItem":"https:\/\/www.rucashk.com\/es\/#listItem"}]},{"@type":"Organization","@id":"https:\/\/www.rucashk.com\/es\/#organization","name":"Rucas","url":"https:\/\/www.rucashk.com\/es\/","logo":{"@type":"ImageObject","url":"https:\/\/www.rucashk.com\/wp-content\/uploads\/2023\/12\/Rucas_campany_logo.png","@id":"https:\/\/www.rucashk.com\/es\/producto\/xiaomi-smartmi-pure-evaporative-air-humidifier\/#organizationLogo","width":221,"height":65},"image":{"@id":"https:\/\/www.rucashk.com\/es\/#organizationLogo"}},{"@type":"Person","@id":"https:\/\/www.rucashk.com\/es\/author\/admin\/#author","url":"https:\/\/www.rucashk.com\/es\/author\/admin\/","name":"admin","image":{"@type":"ImageObject","@id":"https:\/\/www.rucashk.com\/es\/producto\/xiaomi-smartmi-pure-evaporative-air-humidifier\/#authorImage","url":"https:\/\/secure.gravatar.com\/avatar\/b7c8925b09a27e72b30232f8ecaadbd5af0f70a38c78096863fe51b64f031c24?s=96&d=mm&r=g","width":96,"height":96,"caption":"admin"}},{"@type":"WebPage","@id":"https:\/\/www.rucashk.com\/es\/producto\/xiaomi-smartmi-pure-evaporative-air-humidifier\/#webpage","url":"https:\/\/www.rucashk.com\/es\/producto\/xiaomi-smartmi-pure-evaporative-air-humidifier\/","name":"Xiaomi Smartmi Pure Evaporative Air Humidifier - Rucas - Wholesale and Distribution","description":"Description: This is a kind of smartmi pure air humidifier with the 4L large capacity tank. It applies the natural evaporation principle to humidify. Vaporized humid air does not carry impurities. It brings you a comfortable work and living environment. Main Features: \u25cf 4L large capacity tank, moisturize all night even if top gear operation \u25cf Quiet and low-power, 34.3dB mute sleep protection \u25cf Convenient waterflooding \u25cf Automatic water evaporation, avoid the smell \u25cf Open water tank, easy to wash \u25cf Operated by APP \u25cf Voltage: 220V \u25cf Material: plastic","inLanguage":"es-ES","isPartOf":{"@id":"https:\/\/www.rucashk.com\/es\/#website"},"breadcrumb":{"@id":"https:\/\/www.rucashk.com\/es\/producto\/xiaomi-smartmi-pure-evaporative-air-humidifier\/#breadcrumblist"},"author":{"@id":"https:\/\/www.rucashk.com\/es\/author\/admin\/#author"},"creator":{"@id":"https:\/\/www.rucashk.com\/es\/author\/admin\/#author"},"image":{"@type":"ImageObject","url":"https:\/\/www.rucashk.com\/wp-content\/uploads\/2024\/01\/Xiaomi-Smartmi-Pure-Evaporative-Air-Humidifier-4.jpg","@id":"https:\/\/www.rucashk.com\/es\/producto\/xiaomi-smartmi-pure-evaporative-air-humidifier\/#mainImage","width":800,"height":800},"primaryImageOfPage":{"@id":"https:\/\/www.rucashk.com\/es\/producto\/xiaomi-smartmi-pure-evaporative-air-humidifier\/#mainImage"},"datePublished":"2024-01-09T15:30:52+00:00","dateModified":"2025-06-22T06:26:23+00:00"},{"@type":"WebSite","@id":"https:\/\/www.rucashk.com\/es\/#website","url":"https:\/\/www.rucashk.com\/es\/","name":"Rucas - Wholesale and distribution worldwide","alternateName":"Rucas - One-stop AIoT Distribution Worldwide","description":"One-stop AIoT Distribution Worldwide","inLanguage":"es-ES","publisher":{"@id":"https:\/\/www.rucashk.com\/es\/#organization"}}]}},"aioseo_meta_data":{"post_id":"21266","title":null,"description":null,"keywords":null,"keyphrases":null,"primary_term":null,"canonical_url":null,"og_title":null,"og_description":null,"og_object_type":"default","og_image_type":"default","og_image_url":null,"og_image_width":null,"og_image_height":null,"og_image_custom_url":null,"og_image_custom_fields":null,"og_video":null,"og_custom_url":null,"og_article_section":null,"og_article_tags":null,"twitter_use_og":false,"twitter_card":"default","twitter_image_type":"default","twitter_image_url":null,"twitter_image_custom_url":null,"twitter_image_custom_fields":null,"twitter_title":null,"twitter_description":null,"schema":{"blockGraphs":[],"customGraphs":[],"default":{"data":{"Article":[],"Course":[],"Dataset":[],"FAQPage":[],"Movie":[],"Person":[],"Product":[],"Recipe":[],"Service":[],"SoftwareApplication":[],"WebPage":[]},"graphName":"","isEnabled":true},"graphs":[]},"schema_type":"default","schema_type_options":null,"pillar_content":false,"robots_default":true,"robots_noindex":false,"robots_noarchive":false,"robots_nosnippet":false,"robots_nofollow":false,"robots_noimageindex":false,"robots_noodp":false,"robots_notranslate":false,"robots_max_snippet":null,"robots_max_videopreview":null,"robots_max_imagepreview":"large","priority":null,"frequency":null,"local_seo":null,"breadcrumb_settings":null,"limit_modified_date":false,"created":"2024-04-11 01:55:16","updated":"2025-06-22 16:20:06"},"aioseo_breadcrumb":"<div class=\"aioseo-breadcrumbs\"><span class=\"aioseo-breadcrumb\">\n\t<a href=\"https:\/\/www.rucashk.com\/es\" title=\"Home\">Home<\/a>\n<\/span><span class=\"aioseo-breadcrumb-separator\">&raquo;<\/span><span class=\"aioseo-breadcrumb\">\n\t<a href=\"https:\/\/www.rucashk.com\/es\/products\/\" title=\"Productos\">Productos<\/a>\n<\/span><span class=\"aioseo-breadcrumb-separator\">&raquo;<\/span><span class=\"aioseo-breadcrumb\">\n\t<a href=\"https:\/\/www.rucashk.com\/es\/marca\/xiaomi\/\" title=\"Xiaomi\">Xiaomi<\/a>\n<\/span><span class=\"aioseo-breadcrumb-separator\">&raquo;<\/span><span class=\"aioseo-breadcrumb\">\n\tXiaomi Smartmi Pure Evaporative Air Humidifier\n<\/span><\/div>","aioseo_breadcrumb_json":[{"label":"Home","link":"https:\/\/www.rucashk.com\/es"},{"label":"Productos","link":"https:\/\/www.rucashk.com\/es\/products\/"},{"label":"Xiaomi","link":"https:\/\/www.rucashk.com\/es\/marca\/xiaomi\/"},{"label":"Xiaomi Smartmi Pure Evaporative Air Humidifier","link":"https:\/\/www.rucashk.com\/es\/producto\/xiaomi-smartmi-pure-evaporative-air-humidifier\/"}],"_links":{"self":[{"href":"https:\/\/www.rucashk.com\/es\/wp-json\/wp\/v2\/product\/21266","targetHints":{"allow":["GET"]}}],"collection":[{"href":"https:\/\/www.rucashk.com\/es\/wp-json\/wp\/v2\/product"}],"about":[{"href":"https:\/\/www.rucashk.com\/es\/wp-json\/wp\/v2\/types\/product"}],"wp:featuredmedia":[{"embeddable":true,"href":"https:\/\/www.rucashk.com\/es\/wp-json\/wp\/v2\/media\/21404"}],"wp:attachment":[{"href":"https:\/\/www.rucashk.com\/es\/wp-json\/wp\/v2\/media?parent=21266"}],"wp:term":[{"taxonomy":"product_brand","embeddable":true,"href":"https:\/\/www.rucashk.com\/es\/wp-json\/wp\/v2\/product_brand?post=21266"},{"taxonomy":"product_cat","embeddable":true,"href":"https:\/\/www.rucashk.com\/es\/wp-json\/wp\/v2\/product_cat?post=21266"},{"taxonomy":"product_tag","embeddable":true,"href":"https:\/\/www.rucashk.com\/es\/wp-json\/wp\/v2\/product_tag?post=21266"}],"curies":[{"name":"wp","href":"https:\/\/api.w.org\/{rel}","templated":true}]}}