{"id":21256,"date":"2024-01-09T15:30:51","date_gmt":"2024-01-09T15:30:51","guid":{"rendered":"http:\/\/rucashk.com\/?post_type=product&#038;p=21256"},"modified":"2025-06-22T06:26:24","modified_gmt":"2025-06-22T06:26:24","slug":"xiaomi-motion-activated-night-light-wholesale","status":"publish","type":"product","link":"https:\/\/www.rucashk.com\/es\/producto\/xiaomi-motion-activated-night-light-wholesale\/","title":{"rendered":"Luz nocturna activada por movimiento Xiaomi al por mayor"},"content":{"rendered":"<div class=\"xiangqing\"><img decoding=\"async\" alt=\"Xiaomi Motion Activated Night Light Wholesale\" class=\"aligncenter\" src=\"\/wp-content\/uploads\/replace\/16d7bb0656d103ba00abe496f35cb682.jpeg\" \/><br \/>\n<img decoding=\"async\" alt=\"Xiaomi Motion Activated Night Light Wholesale\" class=\"aligncenter\" src=\"\/wp-content\/uploads\/replace\/3ffa0ffaacc1e22c7f534243ea9da469.jpeg\" \/><br \/>\n<img decoding=\"async\" alt=\"Xiaomi Motion Activated Night Light Wholesale\" class=\"aligncenter\" src=\"\/wp-content\/uploads\/replace\/2332b9169798459192d8e7a3b91e187f.jpeg\" \/><br \/>\n<img decoding=\"async\" alt=\"Xiaomi Motion Activated Night Light Wholesale\" class=\"aligncenter\" src=\"\/wp-content\/uploads\/replace\/6042fe908c8113efc4682a717ee4b366.jpeg\" \/><br \/>\n<img decoding=\"async\" alt=\"Xiaomi Motion Activated Night Light Wholesale\" class=\"aligncenter\" src=\"\/wp-content\/uploads\/replace\/95c83c133e11da7728485286a7433993.jpeg\" \/><\/div>\n<div class=\"footer\">\n<div class=\"footer-customer-relationship\">\n<div class=\"container\">\n<div class=\"row\">\n<div class=\"customer-relationship span12\">\n<div class=\"introduction\">\n<p><strong>Especificaciones:<\/strong><\/p>\n<p><a class=\"\" style=\"width: auto !important\" href=\"https:\/\/www.rucashk.com\/es\/producto\/mijia-anti-blue-light-goggles\/\" data-wpil-post-to-id=\"3856\">Luz nocturna activada por movimiento Xiaomi<\/a><\/p>\n<p>Marca: <a class=\"\" style=\"width: auto !important\" href=\"https:\/\/www.rucashk.com\/es\/producto\/xiaomi-mijia-electric-scooter-pro-smart-foldable-wholesale\/\" data-wpil-post-to-id=\"3185\">Xiaomi Mijia<\/a><br \/>\nPotencia nominal: 0,25 W<br \/>\nTemperatura de color: 2700K<br \/>\nEs regulable: S\u00ed<br \/>\nL\u00famenes: 0,7 lm-3,8 lm<br \/>\nModo de sensor: cuerpo <a class=\"\" style=\"width: auto !important\" href=\"https:\/\/www.rucashk.com\/es\/producto\/gy-906-mlx90614-mlx90614esf-non-contact-infrared-temperature-sensor-module\/\" data-wpil-post-to-id=\"9545\">Infrarrojo + Sensor de luz<\/a><br \/>\n\u00c1ngulo del sensor: 120 grados<br \/>\nRango de sensores: 5-7 m<br \/>\nTiempos de retraso: 15 s<br \/>\nTemperatura de funcionamiento: -10 \u2013 + 40 \u2103<br \/>\nTipo de bater\u00eda: 3* pilas AA (pilas no incluidas)<br \/>\nTama\u00f1o: 84*84*36mm (largo x ancho x alto)<\/p>\n<\/div>\n<\/div>\n<\/div>\n<\/div>\n<\/div>\n<\/div>","protected":false},"excerpt":{"rendered":"<p>Nuevo Xiaomi Yeelight LED pasillo luz nocturna infrarroja Control remoto cuerpo Sensor de movimiento Smar hogar l\u00e1mpara de noche<\/p>\n<p data-spm-anchor-id=\"a2g0o.detail.1000023.i0.731083afqX1Gx0\"><span data-spm-anchor-id=\"a2g0o.detail.1000023.i1.731083afqX1Gx0\"><strong>Caracter\u00edsticas<\/strong>:<\/span><br \/>\n<span data-spm-anchor-id=\"a2g0o.detail.1000023.i4.731083afqX1Gx0\">La luz se apagar\u00e1 autom\u00e1ticamente durante el d\u00eda.<\/span><br \/>\nIn darkness, the light will turn on when human body is inducted, and it will turn off automatically when you leave after\u00a0 seconds.<br \/>\nPlug-in type, easy and convenient to use and install.<br \/>\nSuitable for bedroom, cabinet, drawer, bar, dining table, living room lamp, etc.<\/p>","protected":false},"featured_media":21337,"template":"","meta":[],"product_brand":[1363],"product_cat":[1318,1305],"product_tag":[441],"class_list":{"0":"post-21256","1":"product","2":"type-product","3":"status-publish","4":"has-post-thumbnail","6":"product_brand-xiaomi","7":"product_cat-gadgets","8":"product_cat-xiaomi-eco","9":"product_tag-xiaomi-night-light","11":"first","12":"instock","13":"shipping-taxable","14":"product-type-external"},"aioseo_notices":[],"aioseo_head":"\n\t\t<!-- All in One SEO Pro 4.5.9.2 - aioseo.com -->\n\t\t<meta name=\"description\" content=\"New Xiaomi Yeelight LED Corridor Night Light Infrared Remote Control Body Motion Sensor Smar Home Night Lamp Features: The light will turn off automatically at the daytime. In darkness, the light will turn on when human body is inducted, and it will turn off automatically when you leave after seconds. Plug-in type, easy and convenient to use and install. Suitable for bedroom, cabinet, drawer, bar, dining table, living room lamp, etc.\" \/>\n\t\t<meta name=\"robots\" content=\"max-image-preview:large\" \/>\n\t\t<link rel=\"canonical\" href=\"https:\/\/www.rucashk.com\/es\/producto\/xiaomi-motion-activated-night-light-wholesale\/\" \/>\n\t\t<meta name=\"generator\" content=\"All in One SEO Pro (AIOSEO) 4.5.9.2\" \/>\n\t\t<meta property=\"og:locale\" content=\"es_ES\" \/>\n\t\t<meta property=\"og:site_name\" content=\"Rucas - One-stop AIoT Distribution Worldwide\" \/>\n\t\t<meta property=\"og:type\" content=\"article\" \/>\n\t\t<meta property=\"og:title\" content=\"Xiaomi Motion Activated Night Light Wholesale - Rucas - Wholesale and Distribution\" \/>\n\t\t<meta property=\"og:description\" content=\"New Xiaomi Yeelight LED Corridor Night Light Infrared Remote Control Body Motion Sensor Smar Home Night Lamp Features: The light will turn off automatically at the daytime. In darkness, the light will turn on when human body is inducted, and it will turn off automatically when you leave after seconds. Plug-in type, easy and convenient to use and install. Suitable for bedroom, cabinet, drawer, bar, dining table, living room lamp, etc.\" \/>\n\t\t<meta property=\"og:url\" content=\"https:\/\/www.rucashk.com\/es\/producto\/xiaomi-motion-activated-night-light-wholesale\/\" \/>\n\t\t<meta property=\"og:image\" content=\"https:\/\/www.rucashk.com\/wp-content\/uploads\/replace\/503b8e645f128a97ccde2b6290747646.jpeg\" \/>\n\t\t<meta property=\"og:image:secure_url\" content=\"https:\/\/www.rucashk.com\/wp-content\/uploads\/replace\/503b8e645f128a97ccde2b6290747646.jpeg\" \/>\n\t\t<meta property=\"og:image:width\" content=\"1456\" \/>\n\t\t<meta property=\"og:image:height\" content=\"816\" \/>\n\t\t<meta property=\"article:published_time\" content=\"2024-01-09T15:30:51+00:00\" \/>\n\t\t<meta property=\"article:modified_time\" content=\"2025-06-22T06:26:24+00:00\" \/>\n\t\t<meta name=\"twitter:card\" content=\"summary_large_image\" \/>\n\t\t<meta name=\"twitter:title\" content=\"Xiaomi Motion Activated Night Light Wholesale - Rucas - Wholesale and Distribution\" \/>\n\t\t<meta name=\"twitter:description\" content=\"New Xiaomi Yeelight LED Corridor Night Light Infrared Remote Control Body Motion Sensor Smar Home Night Lamp Features: The light will turn off automatically at the daytime. In darkness, the light will turn on when human body is inducted, and it will turn off automatically when you leave after seconds. Plug-in type, easy and convenient to use and install. Suitable for bedroom, cabinet, drawer, bar, dining table, living room lamp, etc.\" \/>\n\t\t<meta name=\"twitter:image\" content=\"https:\/\/www.rucashk.com\/wp-content\/uploads\/replace\/503b8e645f128a97ccde2b6290747646.jpeg\" \/>\n\t\t<script type=\"application\/ld+json\" class=\"aioseo-schema\">\n\t\t\t{\"@context\":\"https:\\\/\\\/schema.org\",\"@graph\":[{\"@type\":\"BreadcrumbList\",\"@id\":\"https:\\\/\\\/www.rucashk.com\\\/es\\\/producto\\\/xiaomi-motion-activated-night-light-wholesale\\\/#breadcrumblist\",\"itemListElement\":[{\"@type\":\"ListItem\",\"@id\":\"https:\\\/\\\/www.rucashk.com\\\/es\\\/#listItem\",\"position\":1,\"name\":\"Home\",\"item\":\"https:\\\/\\\/www.rucashk.com\\\/es\\\/\",\"nextItem\":\"https:\\\/\\\/www.rucashk.com\\\/es\\\/producto\\\/xiaomi-motion-activated-night-light-wholesale\\\/#listItem\"},{\"@type\":\"ListItem\",\"@id\":\"https:\\\/\\\/www.rucashk.com\\\/es\\\/producto\\\/xiaomi-motion-activated-night-light-wholesale\\\/#listItem\",\"position\":2,\"name\":\"Xiaomi Motion Activated Night Light Wholesale\",\"previousItem\":\"https:\\\/\\\/www.rucashk.com\\\/es\\\/#listItem\"}]},{\"@type\":\"Organization\",\"@id\":\"https:\\\/\\\/www.rucashk.com\\\/es\\\/#organization\",\"name\":\"Rucas\",\"url\":\"https:\\\/\\\/www.rucashk.com\\\/es\\\/\",\"logo\":{\"@type\":\"ImageObject\",\"url\":\"https:\\\/\\\/www.rucashk.com\\\/wp-content\\\/uploads\\\/2023\\\/12\\\/Rucas_campany_logo.png\",\"@id\":\"https:\\\/\\\/www.rucashk.com\\\/es\\\/producto\\\/xiaomi-motion-activated-night-light-wholesale\\\/#organizationLogo\",\"width\":221,\"height\":65},\"image\":{\"@id\":\"https:\\\/\\\/www.rucashk.com\\\/es\\\/#organizationLogo\"}},{\"@type\":\"Person\",\"@id\":\"https:\\\/\\\/www.rucashk.com\\\/es\\\/author\\\/admin\\\/#author\",\"url\":\"https:\\\/\\\/www.rucashk.com\\\/es\\\/author\\\/admin\\\/\",\"name\":\"admin\",\"image\":{\"@type\":\"ImageObject\",\"@id\":\"https:\\\/\\\/www.rucashk.com\\\/es\\\/producto\\\/xiaomi-motion-activated-night-light-wholesale\\\/#authorImage\",\"url\":\"https:\\\/\\\/secure.gravatar.com\\\/avatar\\\/b7c8925b09a27e72b30232f8ecaadbd5af0f70a38c78096863fe51b64f031c24?s=96&d=mm&r=g\",\"width\":96,\"height\":96,\"caption\":\"admin\"}},{\"@type\":\"WebPage\",\"@id\":\"https:\\\/\\\/www.rucashk.com\\\/es\\\/producto\\\/xiaomi-motion-activated-night-light-wholesale\\\/#webpage\",\"url\":\"https:\\\/\\\/www.rucashk.com\\\/es\\\/producto\\\/xiaomi-motion-activated-night-light-wholesale\\\/\",\"name\":\"Xiaomi Motion Activated Night Light Wholesale - Rucas - Wholesale and Distribution\",\"description\":\"New Xiaomi Yeelight LED Corridor Night Light Infrared Remote Control Body Motion Sensor Smar Home Night Lamp Features: The light will turn off automatically at the daytime. In darkness, the light will turn on when human body is inducted, and it will turn off automatically when you leave after seconds. Plug-in type, easy and convenient to use and install. Suitable for bedroom, cabinet, drawer, bar, dining table, living room lamp, etc.\",\"inLanguage\":\"es-ES\",\"isPartOf\":{\"@id\":\"https:\\\/\\\/www.rucashk.com\\\/es\\\/#website\"},\"breadcrumb\":{\"@id\":\"https:\\\/\\\/www.rucashk.com\\\/es\\\/producto\\\/xiaomi-motion-activated-night-light-wholesale\\\/#breadcrumblist\"},\"author\":{\"@id\":\"https:\\\/\\\/www.rucashk.com\\\/es\\\/author\\\/admin\\\/#author\"},\"creator\":{\"@id\":\"https:\\\/\\\/www.rucashk.com\\\/es\\\/author\\\/admin\\\/#author\"},\"image\":{\"@type\":\"ImageObject\",\"url\":\"https:\\\/\\\/www.rucashk.com\\\/wp-content\\\/uploads\\\/2024\\\/01\\\/afcc0880-1ba0-4b37-86b6-71d40a7990dd-1.jpg\",\"@id\":\"https:\\\/\\\/www.rucashk.com\\\/es\\\/producto\\\/xiaomi-motion-activated-night-light-wholesale\\\/#mainImage\",\"width\":800,\"height\":800},\"primaryImageOfPage\":{\"@id\":\"https:\\\/\\\/www.rucashk.com\\\/es\\\/producto\\\/xiaomi-motion-activated-night-light-wholesale\\\/#mainImage\"},\"datePublished\":\"2024-01-09T15:30:51+00:00\",\"dateModified\":\"2025-06-22T06:26:24+00:00\"},{\"@type\":\"WebSite\",\"@id\":\"https:\\\/\\\/www.rucashk.com\\\/es\\\/#website\",\"url\":\"https:\\\/\\\/www.rucashk.com\\\/es\\\/\",\"name\":\"Rucas - Wholesale and distribution worldwide\",\"alternateName\":\"Rucas - One-stop AIoT Distribution Worldwide\",\"description\":\"One-stop AIoT Distribution Worldwide\",\"inLanguage\":\"es-ES\",\"publisher\":{\"@id\":\"https:\\\/\\\/www.rucashk.com\\\/es\\\/#organization\"}}]}\n\t\t<\/script>\n\t\t<!-- All in One SEO Pro -->\r\n\t\t<title>Xiaomi Motion Activated Night Light Wholesale - Rucas - Wholesale and Distribution<\/title>\n\n","aioseo_head_json":{"title":"Xiaomi Motion Activated Night Light Wholesale - Rucas - Wholesale and Distribution","description":"New Xiaomi Yeelight LED Corridor Night Light Infrared Remote Control Body Motion Sensor Smar Home Night Lamp Features: The light will turn off automatically at the daytime. In darkness, the light will turn on when human body is inducted, and it will turn off automatically when you leave after seconds. Plug-in type, easy and convenient to use and install. Suitable for bedroom, cabinet, drawer, bar, dining table, living room lamp, etc.","canonical_url":"https:\/\/www.rucashk.com\/es\/producto\/xiaomi-motion-activated-night-light-wholesale\/","robots":"max-image-preview:large","keywords":"","webmasterTools":{"miscellaneous":""},"og:locale":"es_ES","og:site_name":"Rucas - One-stop AIoT Distribution Worldwide","og:type":"article","og:title":"Xiaomi Motion Activated Night Light Wholesale - Rucas - Wholesale and Distribution","og:description":"New Xiaomi Yeelight LED Corridor Night Light Infrared Remote Control Body Motion Sensor Smar Home Night Lamp Features: The light will turn off automatically at the daytime. In darkness, the light will turn on when human body is inducted, and it will turn off automatically when you leave after seconds. Plug-in type, easy and convenient to use and install. Suitable for bedroom, cabinet, drawer, bar, dining table, living room lamp, etc.","og:url":"https:\/\/www.rucashk.com\/es\/producto\/xiaomi-motion-activated-night-light-wholesale\/","og:image":"https:\/\/www.rucashk.com\/wp-content\/uploads\/replace\/503b8e645f128a97ccde2b6290747646.jpeg","og:image:secure_url":"https:\/\/www.rucashk.com\/wp-content\/uploads\/replace\/503b8e645f128a97ccde2b6290747646.jpeg","og:image:width":1456,"og:image:height":816,"article:published_time":"2024-01-09T15:30:51+00:00","article:modified_time":"2025-06-22T06:26:24+00:00","twitter:card":"summary_large_image","twitter:title":"Xiaomi Motion Activated Night Light Wholesale - Rucas - Wholesale and Distribution","twitter:description":"New Xiaomi Yeelight LED Corridor Night Light Infrared Remote Control Body Motion Sensor Smar Home Night Lamp Features: The light will turn off automatically at the daytime. In darkness, the light will turn on when human body is inducted, and it will turn off automatically when you leave after seconds. Plug-in type, easy and convenient to use and install. Suitable for bedroom, cabinet, drawer, bar, dining table, living room lamp, etc.","twitter:image":"https:\/\/www.rucashk.com\/wp-content\/uploads\/replace\/503b8e645f128a97ccde2b6290747646.jpeg","schema":{"@context":"https:\/\/schema.org","@graph":[{"@type":"BreadcrumbList","@id":"https:\/\/www.rucashk.com\/es\/producto\/xiaomi-motion-activated-night-light-wholesale\/#breadcrumblist","itemListElement":[{"@type":"ListItem","@id":"https:\/\/www.rucashk.com\/es\/#listItem","position":1,"name":"Home","item":"https:\/\/www.rucashk.com\/es\/","nextItem":"https:\/\/www.rucashk.com\/es\/producto\/xiaomi-motion-activated-night-light-wholesale\/#listItem"},{"@type":"ListItem","@id":"https:\/\/www.rucashk.com\/es\/producto\/xiaomi-motion-activated-night-light-wholesale\/#listItem","position":2,"name":"Xiaomi Motion Activated Night Light Wholesale","previousItem":"https:\/\/www.rucashk.com\/es\/#listItem"}]},{"@type":"Organization","@id":"https:\/\/www.rucashk.com\/es\/#organization","name":"Rucas","url":"https:\/\/www.rucashk.com\/es\/","logo":{"@type":"ImageObject","url":"https:\/\/www.rucashk.com\/wp-content\/uploads\/2023\/12\/Rucas_campany_logo.png","@id":"https:\/\/www.rucashk.com\/es\/producto\/xiaomi-motion-activated-night-light-wholesale\/#organizationLogo","width":221,"height":65},"image":{"@id":"https:\/\/www.rucashk.com\/es\/#organizationLogo"}},{"@type":"Person","@id":"https:\/\/www.rucashk.com\/es\/author\/admin\/#author","url":"https:\/\/www.rucashk.com\/es\/author\/admin\/","name":"admin","image":{"@type":"ImageObject","@id":"https:\/\/www.rucashk.com\/es\/producto\/xiaomi-motion-activated-night-light-wholesale\/#authorImage","url":"https:\/\/secure.gravatar.com\/avatar\/b7c8925b09a27e72b30232f8ecaadbd5af0f70a38c78096863fe51b64f031c24?s=96&d=mm&r=g","width":96,"height":96,"caption":"admin"}},{"@type":"WebPage","@id":"https:\/\/www.rucashk.com\/es\/producto\/xiaomi-motion-activated-night-light-wholesale\/#webpage","url":"https:\/\/www.rucashk.com\/es\/producto\/xiaomi-motion-activated-night-light-wholesale\/","name":"Xiaomi Motion Activated Night Light Wholesale - Rucas - Wholesale and Distribution","description":"New Xiaomi Yeelight LED Corridor Night Light Infrared Remote Control Body Motion Sensor Smar Home Night Lamp Features: The light will turn off automatically at the daytime. In darkness, the light will turn on when human body is inducted, and it will turn off automatically when you leave after seconds. Plug-in type, easy and convenient to use and install. Suitable for bedroom, cabinet, drawer, bar, dining table, living room lamp, etc.","inLanguage":"es-ES","isPartOf":{"@id":"https:\/\/www.rucashk.com\/es\/#website"},"breadcrumb":{"@id":"https:\/\/www.rucashk.com\/es\/producto\/xiaomi-motion-activated-night-light-wholesale\/#breadcrumblist"},"author":{"@id":"https:\/\/www.rucashk.com\/es\/author\/admin\/#author"},"creator":{"@id":"https:\/\/www.rucashk.com\/es\/author\/admin\/#author"},"image":{"@type":"ImageObject","url":"https:\/\/www.rucashk.com\/wp-content\/uploads\/2024\/01\/afcc0880-1ba0-4b37-86b6-71d40a7990dd-1.jpg","@id":"https:\/\/www.rucashk.com\/es\/producto\/xiaomi-motion-activated-night-light-wholesale\/#mainImage","width":800,"height":800},"primaryImageOfPage":{"@id":"https:\/\/www.rucashk.com\/es\/producto\/xiaomi-motion-activated-night-light-wholesale\/#mainImage"},"datePublished":"2024-01-09T15:30:51+00:00","dateModified":"2025-06-22T06:26:24+00:00"},{"@type":"WebSite","@id":"https:\/\/www.rucashk.com\/es\/#website","url":"https:\/\/www.rucashk.com\/es\/","name":"Rucas - Wholesale and distribution worldwide","alternateName":"Rucas - One-stop AIoT Distribution Worldwide","description":"One-stop AIoT Distribution Worldwide","inLanguage":"es-ES","publisher":{"@id":"https:\/\/www.rucashk.com\/es\/#organization"}}]}},"aioseo_meta_data":{"post_id":"21256","title":null,"description":null,"keywords":null,"keyphrases":null,"primary_term":null,"canonical_url":null,"og_title":null,"og_description":null,"og_object_type":"default","og_image_type":"default","og_image_url":null,"og_image_width":null,"og_image_height":null,"og_image_custom_url":null,"og_image_custom_fields":null,"og_video":null,"og_custom_url":null,"og_article_section":null,"og_article_tags":null,"twitter_use_og":false,"twitter_card":"default","twitter_image_type":"default","twitter_image_url":null,"twitter_image_custom_url":null,"twitter_image_custom_fields":null,"twitter_title":null,"twitter_description":null,"schema":{"blockGraphs":[],"customGraphs":[],"default":{"data":{"Article":[],"Course":[],"Dataset":[],"FAQPage":[],"Movie":[],"Person":[],"Product":[],"Recipe":[],"Service":[],"SoftwareApplication":[],"WebPage":[]},"graphName":"","isEnabled":true},"graphs":[]},"schema_type":"default","schema_type_options":null,"pillar_content":false,"robots_default":true,"robots_noindex":false,"robots_noarchive":false,"robots_nosnippet":false,"robots_nofollow":false,"robots_noimageindex":false,"robots_noodp":false,"robots_notranslate":false,"robots_max_snippet":null,"robots_max_videopreview":null,"robots_max_imagepreview":"large","priority":null,"frequency":null,"local_seo":null,"breadcrumb_settings":null,"limit_modified_date":false,"created":"2024-04-11 01:55:15","updated":"2025-06-22 16:18:57"},"aioseo_breadcrumb":"<div class=\"aioseo-breadcrumbs\"><span class=\"aioseo-breadcrumb\">\n\t<a href=\"https:\/\/www.rucashk.com\/es\" title=\"Home\">Home<\/a>\n<\/span><span class=\"aioseo-breadcrumb-separator\">&raquo;<\/span><span class=\"aioseo-breadcrumb\">\n\t<a href=\"https:\/\/www.rucashk.com\/es\/products\/\" title=\"Productos\">Productos<\/a>\n<\/span><span class=\"aioseo-breadcrumb-separator\">&raquo;<\/span><span class=\"aioseo-breadcrumb\">\n\t<a href=\"https:\/\/www.rucashk.com\/es\/marca\/xiaomi\/\" title=\"Xiaomi\">Xiaomi<\/a>\n<\/span><span class=\"aioseo-breadcrumb-separator\">&raquo;<\/span><span class=\"aioseo-breadcrumb\">\n\tXiaomi Motion Activated Night Light Wholesale\n<\/span><\/div>","aioseo_breadcrumb_json":[{"label":"Home","link":"https:\/\/www.rucashk.com\/es"},{"label":"Productos","link":"https:\/\/www.rucashk.com\/es\/products\/"},{"label":"Xiaomi","link":"https:\/\/www.rucashk.com\/es\/marca\/xiaomi\/"},{"label":"Xiaomi Motion Activated Night Light Wholesale","link":"https:\/\/www.rucashk.com\/es\/producto\/xiaomi-motion-activated-night-light-wholesale\/"}],"_links":{"self":[{"href":"https:\/\/www.rucashk.com\/es\/wp-json\/wp\/v2\/product\/21256","targetHints":{"allow":["GET"]}}],"collection":[{"href":"https:\/\/www.rucashk.com\/es\/wp-json\/wp\/v2\/product"}],"about":[{"href":"https:\/\/www.rucashk.com\/es\/wp-json\/wp\/v2\/types\/product"}],"wp:featuredmedia":[{"embeddable":true,"href":"https:\/\/www.rucashk.com\/es\/wp-json\/wp\/v2\/media\/21337"}],"wp:attachment":[{"href":"https:\/\/www.rucashk.com\/es\/wp-json\/wp\/v2\/media?parent=21256"}],"wp:term":[{"taxonomy":"product_brand","embeddable":true,"href":"https:\/\/www.rucashk.com\/es\/wp-json\/wp\/v2\/product_brand?post=21256"},{"taxonomy":"product_cat","embeddable":true,"href":"https:\/\/www.rucashk.com\/es\/wp-json\/wp\/v2\/product_cat?post=21256"},{"taxonomy":"product_tag","embeddable":true,"href":"https:\/\/www.rucashk.com\/es\/wp-json\/wp\/v2\/product_tag?post=21256"}],"curies":[{"name":"wp","href":"https:\/\/api.w.org\/{rel}","templated":true}]}}