{"id":21250,"date":"2024-01-09T15:30:50","date_gmt":"2024-01-09T15:30:50","guid":{"rendered":"http:\/\/rucashk.com\/?post_type=product&#038;p=21250"},"modified":"2025-06-22T06:29:02","modified_gmt":"2025-06-22T06:29:02","slug":"ninebot-kickscooter-es2-wholesale","status":"publish","type":"product","link":"https:\/\/www.rucashk.com\/es\/producto\/ninebot-kickscooter-es2-wholesale\/","title":{"rendered":"Ninebot KickScooter ES2"},"content":{"rendered":"<div class=\"J_nav-bar-con\">\n<div class=\"container nav_container\">\n<div class=\"sub_nav\">\n<div class=\"ct-product\"><img fetchpriority=\"high\" decoding=\"async\" class=\"alignnone\" src=\"https:\/\/www.rucashk.com\/wp-content\/uploads\/2020\/05\/20190626112833434.jpg\" alt=\"Ninebot KickScooter ES2 Wholesale\" width=\"1920\" height=\"1078\" \/><\/div>\n<\/div>\n<\/div>\n<\/div>\n<div class=\"xiangqing\"><img decoding=\"async\" class=\"alignnone\" src=\"https:\/\/www.rucashk.com\/wp-content\/uploads\/2020\/05\/20190626112834368.jpg\" alt=\"Ninebot KickScooter ES2 Wholesale\" width=\"1920\" height=\"1002\" \/><br \/>\n<img decoding=\"async\" class=\"alignnone\" src=\"https:\/\/www.rucashk.com\/wp-content\/uploads\/2020\/05\/20190626112836703.jpg\" alt=\"Ninebot KickScooter ES2 Wholesale\" width=\"1920\" height=\"708\" \/><br \/>\n<img loading=\"lazy\" decoding=\"async\" class=\"alignnone\" src=\"https:\/\/www.rucashk.com\/wp-content\/uploads\/2020\/05\/20190626112838212.jpg\" alt=\"Ninebot KickScooter ES2 Wholesale\" width=\"1920\" height=\"487\" \/><br \/>\n<img loading=\"lazy\" decoding=\"async\" class=\"alignnone\" src=\"https:\/\/www.rucashk.com\/wp-content\/uploads\/2020\/05\/20190626112840636.jpg\" alt=\"Ninebot KickScooter ES2 Wholesale\" width=\"1920\" height=\"1580\" \/><br \/>\n<img loading=\"lazy\" decoding=\"async\" class=\"alignnone\" src=\"https:\/\/www.rucashk.com\/wp-content\/uploads\/2020\/05\/20190626112842937.jpg\" alt=\"Ninebot KickScooter ES2 Wholesale\" width=\"1920\" height=\"637\" \/><\/div>\n<p>&nbsp;<\/p>\n<table class=\"bg\" width=\"85%\" align=\"center\">\n<tbody>\n<tr>\n<th>\n<h1><strong>Nuevebots\u00a0<\/strong><span style=\"font-family: arial, helvetica, sans-serif\">Segway ES2 <a class=\"\" style=\"width: auto !important\" href=\"https:\/\/www.rucashk.com\/es\/producto\/xiaomi-mijia-electric-scooter-pro-smart-foldable-wholesale\/\" data-wpil-post-to-id=\"3185\">Scooter electrico<\/a><\/span><\/h1>\n<\/th>\n<\/tr>\n<tr>\n<th><strong>Especificaciones<\/strong><\/p>\n<table class=\"aliDataTable\" border=\"0\" cellspacing=\"0\" cellpadding=\"0\" align=\"center\">\n<tbody>\n<tr align=\"left\">\n<td><strong>Especificaci\u00f3n<\/strong><\/td>\n<td>Modelo Ninebot Segway ES2<\/td>\n<\/tr>\n<tr align=\"left\">\n<td><strong>Apariencia<\/strong><\/td>\n<td><span style=\"font-family: Arial, Helvetica\">Plata<\/span><\/td>\n<\/tr>\n<tr align=\"left\">\n<td><strong>Tama\u00f1o de la m\u00e1quina (desplegada)<\/strong><\/td>\n<td>40\u2033 Largo \u00d7 17\u2033 Ancho \u00d7 45\u2033 Alto (102cm x 43cm x 113cm)<\/td>\n<\/tr>\n<tr align=\"left\">\n<td><strong>Tama\u00f1o de la m\u00e1quina (plegada)<\/strong><\/td>\n<td>45\u2033 Largo \u00d7 17\u2033 Ancho \u00d7 16\u2033 Alto (113cm x 43cm x 40cm)<\/td>\n<\/tr>\n<tr align=\"left\">\n<td><strong>Di\u00e1metro\/modelo del neum\u00e1tico<\/strong><\/td>\n<td>Neum\u00e1tico de baja presi\u00f3n de 8 \u2033 de di\u00e1metro<\/td>\n<\/tr>\n<tr align=\"left\">\n<td><strong>Carga \u00fatil m\u00e1xima (libras)<\/strong><\/td>\n<td>Alrededor de 220 libras<\/td>\n<\/tr>\n<tr align=\"left\">\n<td><strong>\u00c1ngulo de ascenso t\u00edpico<\/strong><\/td>\n<td>10 grados<\/td>\n<\/tr>\n<tr align=\"left\">\n<td><strong>Temperatura de funcionamiento<\/strong><\/td>\n<td>Acerca de \u201414-104<span style=\"font-family: Arial, Helvetica\">\u2109<\/span><\/td>\n<\/tr>\n<tr align=\"left\">\n<td><strong>Edad<\/strong><\/td>\n<td>14+<\/td>\n<\/tr>\n<tr align=\"left\">\n<td><strong>Peso neto (libras)<\/strong><\/td>\n<td>Alrededor de 28 libras<\/td>\n<\/tr>\n<tr align=\"left\">\n<td><strong>Capacidad de la bater\u00eda<\/strong><\/td>\n<td>187 Wh \u2013 Tiempo m\u00e1ximo de carga: 3,5 horas<\/td>\n<\/tr>\n<tr align=\"left\">\n<td><strong>Kilometraje<\/strong><\/td>\n<td>Aproximadamente 15 millas<\/td>\n<\/tr>\n<tr align=\"left\">\n<td><strong>Cargador\u00a0<\/strong><\/td>\n<td>Entrada de 100 ~ 240 V CA<\/td>\n<\/tr>\n<tr align=\"left\">\n<td><strong>Potencia nominal (vatios)<\/strong><\/td>\n<td><span style=\"font-family: Arial, Helvetica\">300<\/span><\/td>\n<\/tr>\n<tr align=\"left\">\n<td><strong>Potencia m\u00e1xima (vatios)<\/strong><\/td>\n<td>700<\/td>\n<\/tr>\n<tr align=\"left\">\n<td><strong>Velocidad m\u00e1xima (mph)<\/strong><\/td>\n<td>12,4 mph * Menos <a class=\"\" style=\"width: auto !important\" href=\"https:\/\/www.rucashk.com\/es\/5-sport-modes-are-added-in-mi-bracelet-5-control-phones-to-shoot-pictures\/\" data-wpil-post-to-id=\"9254\">Modo deportivo<\/a><\/td>\n<\/tr>\n<tr align=\"left\">\n<td><strong>accesorios estandar<\/strong><\/td>\n<td>Cargador est\u00e1ndar<\/td>\n<\/tr>\n<tr align=\"left\">\n<td><span style=\"font-family: Arial, Helvetica\"><b>Tecnolog\u00eda Superior<\/b><\/span><\/td>\n<td><span style=\"font-size: medium\">con pantalla LED, capacidades Bluetooth, control de crucero, aplicaci\u00f3n m\u00f3vil, conectividad para actualizaciones adicionales de seguridad y firmware, colores de luz ambiental personalizables y m\u00e1s.<\/span><\/td>\n<\/tr>\n<\/tbody>\n<\/table>\n<\/th>\n<\/tr>\n<\/tbody>\n<\/table>\n<p>El sistema de plegado con un solo clic permite llevar el ES2 en el transporte p\u00fablico, guardarlo en su autom\u00f3vil y m\u00e1s.<\/p>\n<p><a class=\"\" style=\"width: auto !important\" href=\"https:\/\/www.rucashk.com\/es\/producto\/ninebot-max-g30-g30d-kickscooter\/\" data-wpil-post-to-id=\"10465\">Patinete Ninebot<\/a> by Segway ES2 tiene su propia APP m\u00f3vil para gestionar viajes al alcance de tu mano en cualquier momento y lugar para personalizar tu experiencia. Tiene una potencia de motor de hasta 700 W y puede alcanzar hasta 15 mph. El <a class=\"\" style=\"width: auto !important\" href=\"https:\/\/www.rucashk.com\/es\/the-super-battery-of-xiaomi-mijia-with-2900mah-surge-of-electric-energy-is-launched\/\" data-wpil-post-to-id=\"8398\">El sistema de bater\u00eda est\u00e1 equipado con energ\u00eda.<\/a> Sistema de recuperaci\u00f3n que lleva a los pasajeros m\u00e1s lejos.<\/p>","protected":false},"excerpt":{"rendered":"<p>Caracter\u00edsticas del scooter el\u00e9ctrico plegable Ninebot ES2:<\/p>\n<p>1. 36V 300W M\u00e1x.600W<br \/>\n2. 187Wh\/bater\u00eda de alta capacidad<br \/>\n3. Control remoto por aplicaci\u00f3n inteligente<br \/>\n4. Plegado r\u00e1pido, ahorro de espacio, port\u00e1til para llevar.<br \/>\n5. Sistema de recuperaci\u00f3n de energ\u00eda verde<br \/>\n6. IP54 a prueba de agua<\/p>\n<p>Tu scooter el\u00e9ctrico de estilo personal<\/p>","protected":false},"featured_media":21307,"template":"","meta":[],"product_brand":[1418],"product_cat":[1350,1305],"product_tag":[],"class_list":{"0":"post-21250","1":"product","2":"type-product","3":"status-publish","4":"has-post-thumbnail","6":"product_brand-ninebot","7":"product_cat-scooter","8":"product_cat-xiaomi-eco","10":"first","11":"instock","12":"shipping-taxable","13":"product-type-external"},"aioseo_notices":[],"aioseo_head":"\n\t\t<!-- All in One SEO Pro 4.5.9.2 - aioseo.com -->\n\t\t<meta name=\"description\" content=\"Ninebot ES2 Folding Electric Scooter Features\uff1a 1. 36V 300W Max.600W 2. 187Wh\/high capacity battery 3. Smart App remote control 4. Quick-folding\uff0cspace-saving\uff0cportable to carry 5. Green energy recovery system 6. IP54 waterproof Your Personal Style Electric Scooter\" \/>\n\t\t<meta name=\"robots\" content=\"max-image-preview:large\" \/>\n\t\t<link rel=\"canonical\" href=\"https:\/\/www.rucashk.com\/es\/producto\/ninebot-kickscooter-es2-wholesale\/\" \/>\n\t\t<meta name=\"generator\" content=\"All in One SEO Pro (AIOSEO) 4.5.9.2\" \/>\n\t\t<meta property=\"og:locale\" content=\"es_ES\" \/>\n\t\t<meta property=\"og:site_name\" content=\"Rucas - One-stop AIoT Distribution Worldwide\" \/>\n\t\t<meta property=\"og:type\" content=\"article\" \/>\n\t\t<meta property=\"og:title\" content=\"Ninebot KickScooter ES2 Wholesale - Rucas - Wholesale and Distribution\" \/>\n\t\t<meta property=\"og:description\" content=\"Ninebot ES2 Folding Electric Scooter Features\uff1a 1. 36V 300W Max.600W 2. 187Wh\/high capacity battery 3. Smart App remote control 4. Quick-folding\uff0cspace-saving\uff0cportable to carry 5. Green energy recovery system 6. IP54 waterproof Your Personal Style Electric Scooter\" \/>\n\t\t<meta property=\"og:url\" content=\"https:\/\/www.rucashk.com\/es\/producto\/ninebot-kickscooter-es2-wholesale\/\" \/>\n\t\t<meta property=\"og:image\" content=\"https:\/\/www.rucashk.com\/wp-content\/uploads\/replace\/503b8e645f128a97ccde2b6290747646.jpeg\" \/>\n\t\t<meta property=\"og:image:secure_url\" content=\"https:\/\/www.rucashk.com\/wp-content\/uploads\/replace\/503b8e645f128a97ccde2b6290747646.jpeg\" \/>\n\t\t<meta property=\"og:image:width\" content=\"1456\" \/>\n\t\t<meta property=\"og:image:height\" content=\"816\" \/>\n\t\t<meta property=\"article:published_time\" content=\"2024-01-09T15:30:50+00:00\" \/>\n\t\t<meta property=\"article:modified_time\" content=\"2025-06-22T06:29:02+00:00\" \/>\n\t\t<meta name=\"twitter:card\" content=\"summary_large_image\" \/>\n\t\t<meta name=\"twitter:title\" content=\"Ninebot KickScooter ES2 Wholesale - Rucas - Wholesale and Distribution\" \/>\n\t\t<meta name=\"twitter:description\" content=\"Ninebot ES2 Folding Electric Scooter Features\uff1a 1. 36V 300W Max.600W 2. 187Wh\/high capacity battery 3. Smart App remote control 4. Quick-folding\uff0cspace-saving\uff0cportable to carry 5. Green energy recovery system 6. IP54 waterproof Your Personal Style Electric Scooter\" \/>\n\t\t<meta name=\"twitter:image\" content=\"https:\/\/www.rucashk.com\/wp-content\/uploads\/replace\/503b8e645f128a97ccde2b6290747646.jpeg\" \/>\n\t\t<script type=\"application\/ld+json\" class=\"aioseo-schema\">\n\t\t\t{\"@context\":\"https:\\\/\\\/schema.org\",\"@graph\":[{\"@type\":\"BreadcrumbList\",\"@id\":\"https:\\\/\\\/www.rucashk.com\\\/es\\\/producto\\\/ninebot-kickscooter-es2-wholesale\\\/#breadcrumblist\",\"itemListElement\":[{\"@type\":\"ListItem\",\"@id\":\"https:\\\/\\\/www.rucashk.com\\\/es\\\/#listItem\",\"position\":1,\"name\":\"Home\",\"item\":\"https:\\\/\\\/www.rucashk.com\\\/es\\\/\",\"nextItem\":\"https:\\\/\\\/www.rucashk.com\\\/es\\\/producto\\\/ninebot-kickscooter-es2-wholesale\\\/#listItem\"},{\"@type\":\"ListItem\",\"@id\":\"https:\\\/\\\/www.rucashk.com\\\/es\\\/producto\\\/ninebot-kickscooter-es2-wholesale\\\/#listItem\",\"position\":2,\"name\":\"Ninebot KickScooter ES2 Wholesale\",\"previousItem\":\"https:\\\/\\\/www.rucashk.com\\\/es\\\/#listItem\"}]},{\"@type\":\"Organization\",\"@id\":\"https:\\\/\\\/www.rucashk.com\\\/es\\\/#organization\",\"name\":\"Rucas\",\"url\":\"https:\\\/\\\/www.rucashk.com\\\/es\\\/\",\"logo\":{\"@type\":\"ImageObject\",\"url\":\"https:\\\/\\\/www.rucashk.com\\\/wp-content\\\/uploads\\\/2023\\\/12\\\/Rucas_campany_logo.png\",\"@id\":\"https:\\\/\\\/www.rucashk.com\\\/es\\\/producto\\\/ninebot-kickscooter-es2-wholesale\\\/#organizationLogo\",\"width\":221,\"height\":65},\"image\":{\"@id\":\"https:\\\/\\\/www.rucashk.com\\\/es\\\/#organizationLogo\"}},{\"@type\":\"Person\",\"@id\":\"https:\\\/\\\/www.rucashk.com\\\/es\\\/author\\\/admin\\\/#author\",\"url\":\"https:\\\/\\\/www.rucashk.com\\\/es\\\/author\\\/admin\\\/\",\"name\":\"admin\",\"image\":{\"@type\":\"ImageObject\",\"@id\":\"https:\\\/\\\/www.rucashk.com\\\/es\\\/producto\\\/ninebot-kickscooter-es2-wholesale\\\/#authorImage\",\"url\":\"https:\\\/\\\/secure.gravatar.com\\\/avatar\\\/b7c8925b09a27e72b30232f8ecaadbd5af0f70a38c78096863fe51b64f031c24?s=96&d=mm&r=g\",\"width\":96,\"height\":96,\"caption\":\"admin\"}},{\"@type\":\"WebPage\",\"@id\":\"https:\\\/\\\/www.rucashk.com\\\/es\\\/producto\\\/ninebot-kickscooter-es2-wholesale\\\/#webpage\",\"url\":\"https:\\\/\\\/www.rucashk.com\\\/es\\\/producto\\\/ninebot-kickscooter-es2-wholesale\\\/\",\"name\":\"Ninebot KickScooter ES2 Wholesale - Rucas - Wholesale and Distribution\",\"description\":\"Ninebot ES2 Folding Electric Scooter Features\\uff1a 1. 36V 300W Max.600W 2. 187Wh\\\/high capacity battery 3. Smart App remote control 4. Quick-folding\\uff0cspace-saving\\uff0cportable to carry 5. Green energy recovery system 6. IP54 waterproof Your Personal Style Electric Scooter\",\"inLanguage\":\"es-ES\",\"isPartOf\":{\"@id\":\"https:\\\/\\\/www.rucashk.com\\\/es\\\/#website\"},\"breadcrumb\":{\"@id\":\"https:\\\/\\\/www.rucashk.com\\\/es\\\/producto\\\/ninebot-kickscooter-es2-wholesale\\\/#breadcrumblist\"},\"author\":{\"@id\":\"https:\\\/\\\/www.rucashk.com\\\/es\\\/author\\\/admin\\\/#author\"},\"creator\":{\"@id\":\"https:\\\/\\\/www.rucashk.com\\\/es\\\/author\\\/admin\\\/#author\"},\"image\":{\"@type\":\"ImageObject\",\"url\":\"https:\\\/\\\/www.rucashk.com\\\/wp-content\\\/uploads\\\/2024\\\/01\\\/Original-ES2-KickScooter-Portable-Foldable-Adult-Electric-Scooter-E-Bike-36V-300W-Black-App-Electric-Scootes-1.jpg\",\"@id\":\"https:\\\/\\\/www.rucashk.com\\\/es\\\/producto\\\/ninebot-kickscooter-es2-wholesale\\\/#mainImage\",\"width\":800,\"height\":800},\"primaryImageOfPage\":{\"@id\":\"https:\\\/\\\/www.rucashk.com\\\/es\\\/producto\\\/ninebot-kickscooter-es2-wholesale\\\/#mainImage\"},\"datePublished\":\"2024-01-09T15:30:50+00:00\",\"dateModified\":\"2025-06-22T06:29:02+00:00\"},{\"@type\":\"WebSite\",\"@id\":\"https:\\\/\\\/www.rucashk.com\\\/es\\\/#website\",\"url\":\"https:\\\/\\\/www.rucashk.com\\\/es\\\/\",\"name\":\"Rucas - Wholesale and distribution worldwide\",\"alternateName\":\"Rucas - One-stop AIoT Distribution Worldwide\",\"description\":\"One-stop AIoT Distribution Worldwide\",\"inLanguage\":\"es-ES\",\"publisher\":{\"@id\":\"https:\\\/\\\/www.rucashk.com\\\/es\\\/#organization\"}}]}\n\t\t<\/script>\n\t\t<!-- All in One SEO Pro -->\r\n\t\t<title>Ninebot KickScooter ES2 Wholesale - Rucas - Wholesale and Distribution<\/title>\n\n","aioseo_head_json":{"title":"Ninebot KickScooter ES2 Wholesale - Rucas - Wholesale and Distribution","description":"Ninebot ES2 Folding Electric Scooter Features\uff1a 1. 36V 300W Max.600W 2. 187Wh\/high capacity battery 3. Smart App remote control 4. Quick-folding\uff0cspace-saving\uff0cportable to carry 5. Green energy recovery system 6. IP54 waterproof Your Personal Style Electric Scooter","canonical_url":"https:\/\/www.rucashk.com\/es\/producto\/ninebot-kickscooter-es2-wholesale\/","robots":"max-image-preview:large","keywords":"","webmasterTools":{"miscellaneous":""},"og:locale":"es_ES","og:site_name":"Rucas - One-stop AIoT Distribution Worldwide","og:type":"article","og:title":"Ninebot KickScooter ES2 Wholesale - Rucas - Wholesale and Distribution","og:description":"Ninebot ES2 Folding Electric Scooter Features\uff1a 1. 36V 300W Max.600W 2. 187Wh\/high capacity battery 3. Smart App remote control 4. Quick-folding\uff0cspace-saving\uff0cportable to carry 5. Green energy recovery system 6. IP54 waterproof Your Personal Style Electric Scooter","og:url":"https:\/\/www.rucashk.com\/es\/producto\/ninebot-kickscooter-es2-wholesale\/","og:image":"https:\/\/www.rucashk.com\/wp-content\/uploads\/replace\/503b8e645f128a97ccde2b6290747646.jpeg","og:image:secure_url":"https:\/\/www.rucashk.com\/wp-content\/uploads\/replace\/503b8e645f128a97ccde2b6290747646.jpeg","og:image:width":1456,"og:image:height":816,"article:published_time":"2024-01-09T15:30:50+00:00","article:modified_time":"2025-06-22T06:29:02+00:00","twitter:card":"summary_large_image","twitter:title":"Ninebot KickScooter ES2 Wholesale - Rucas - Wholesale and Distribution","twitter:description":"Ninebot ES2 Folding Electric Scooter Features\uff1a 1. 36V 300W Max.600W 2. 187Wh\/high capacity battery 3. Smart App remote control 4. Quick-folding\uff0cspace-saving\uff0cportable to carry 5. Green energy recovery system 6. IP54 waterproof Your Personal Style Electric Scooter","twitter:image":"https:\/\/www.rucashk.com\/wp-content\/uploads\/replace\/503b8e645f128a97ccde2b6290747646.jpeg","schema":{"@context":"https:\/\/schema.org","@graph":[{"@type":"BreadcrumbList","@id":"https:\/\/www.rucashk.com\/es\/producto\/ninebot-kickscooter-es2-wholesale\/#breadcrumblist","itemListElement":[{"@type":"ListItem","@id":"https:\/\/www.rucashk.com\/es\/#listItem","position":1,"name":"Home","item":"https:\/\/www.rucashk.com\/es\/","nextItem":"https:\/\/www.rucashk.com\/es\/producto\/ninebot-kickscooter-es2-wholesale\/#listItem"},{"@type":"ListItem","@id":"https:\/\/www.rucashk.com\/es\/producto\/ninebot-kickscooter-es2-wholesale\/#listItem","position":2,"name":"Ninebot KickScooter ES2 Wholesale","previousItem":"https:\/\/www.rucashk.com\/es\/#listItem"}]},{"@type":"Organization","@id":"https:\/\/www.rucashk.com\/es\/#organization","name":"Rucas","url":"https:\/\/www.rucashk.com\/es\/","logo":{"@type":"ImageObject","url":"https:\/\/www.rucashk.com\/wp-content\/uploads\/2023\/12\/Rucas_campany_logo.png","@id":"https:\/\/www.rucashk.com\/es\/producto\/ninebot-kickscooter-es2-wholesale\/#organizationLogo","width":221,"height":65},"image":{"@id":"https:\/\/www.rucashk.com\/es\/#organizationLogo"}},{"@type":"Person","@id":"https:\/\/www.rucashk.com\/es\/author\/admin\/#author","url":"https:\/\/www.rucashk.com\/es\/author\/admin\/","name":"admin","image":{"@type":"ImageObject","@id":"https:\/\/www.rucashk.com\/es\/producto\/ninebot-kickscooter-es2-wholesale\/#authorImage","url":"https:\/\/secure.gravatar.com\/avatar\/b7c8925b09a27e72b30232f8ecaadbd5af0f70a38c78096863fe51b64f031c24?s=96&d=mm&r=g","width":96,"height":96,"caption":"admin"}},{"@type":"WebPage","@id":"https:\/\/www.rucashk.com\/es\/producto\/ninebot-kickscooter-es2-wholesale\/#webpage","url":"https:\/\/www.rucashk.com\/es\/producto\/ninebot-kickscooter-es2-wholesale\/","name":"Ninebot KickScooter ES2 Wholesale - Rucas - Wholesale and Distribution","description":"Ninebot ES2 Folding Electric Scooter Features\uff1a 1. 36V 300W Max.600W 2. 187Wh\/high capacity battery 3. Smart App remote control 4. Quick-folding\uff0cspace-saving\uff0cportable to carry 5. Green energy recovery system 6. IP54 waterproof Your Personal Style Electric Scooter","inLanguage":"es-ES","isPartOf":{"@id":"https:\/\/www.rucashk.com\/es\/#website"},"breadcrumb":{"@id":"https:\/\/www.rucashk.com\/es\/producto\/ninebot-kickscooter-es2-wholesale\/#breadcrumblist"},"author":{"@id":"https:\/\/www.rucashk.com\/es\/author\/admin\/#author"},"creator":{"@id":"https:\/\/www.rucashk.com\/es\/author\/admin\/#author"},"image":{"@type":"ImageObject","url":"https:\/\/www.rucashk.com\/wp-content\/uploads\/2024\/01\/Original-ES2-KickScooter-Portable-Foldable-Adult-Electric-Scooter-E-Bike-36V-300W-Black-App-Electric-Scootes-1.jpg","@id":"https:\/\/www.rucashk.com\/es\/producto\/ninebot-kickscooter-es2-wholesale\/#mainImage","width":800,"height":800},"primaryImageOfPage":{"@id":"https:\/\/www.rucashk.com\/es\/producto\/ninebot-kickscooter-es2-wholesale\/#mainImage"},"datePublished":"2024-01-09T15:30:50+00:00","dateModified":"2025-06-22T06:29:02+00:00"},{"@type":"WebSite","@id":"https:\/\/www.rucashk.com\/es\/#website","url":"https:\/\/www.rucashk.com\/es\/","name":"Rucas - Wholesale and distribution worldwide","alternateName":"Rucas - One-stop AIoT Distribution Worldwide","description":"One-stop AIoT Distribution Worldwide","inLanguage":"es-ES","publisher":{"@id":"https:\/\/www.rucashk.com\/es\/#organization"}}]}},"aioseo_meta_data":{"post_id":"21250","title":null,"description":null,"keywords":null,"keyphrases":null,"primary_term":null,"canonical_url":null,"og_title":null,"og_description":null,"og_object_type":"default","og_image_type":"default","og_image_url":null,"og_image_width":null,"og_image_height":null,"og_image_custom_url":null,"og_image_custom_fields":null,"og_video":"","og_custom_url":null,"og_article_section":null,"og_article_tags":null,"twitter_use_og":false,"twitter_card":"default","twitter_image_type":"default","twitter_image_url":null,"twitter_image_custom_url":null,"twitter_image_custom_fields":null,"twitter_title":null,"twitter_description":null,"schema":{"blockGraphs":[],"customGraphs":[],"default":{"data":{"Article":[],"Course":[],"Dataset":[],"FAQPage":[],"Movie":[],"Person":[],"Product":[],"Recipe":[],"Service":[],"SoftwareApplication":[],"WebPage":[]},"graphName":"","isEnabled":true},"graphs":[]},"schema_type":"default","schema_type_options":null,"pillar_content":false,"robots_default":true,"robots_noindex":false,"robots_noarchive":false,"robots_nosnippet":false,"robots_nofollow":false,"robots_noimageindex":false,"robots_noodp":false,"robots_notranslate":false,"robots_max_snippet":"-1","robots_max_videopreview":"-1","robots_max_imagepreview":"large","priority":null,"frequency":"default","local_seo":null,"breadcrumb_settings":null,"limit_modified_date":false,"created":"2024-04-11 01:55:14","updated":"2025-06-22 16:18:06"},"aioseo_breadcrumb":"<div class=\"aioseo-breadcrumbs\"><span class=\"aioseo-breadcrumb\">\n\t<a href=\"https:\/\/www.rucashk.com\/es\" title=\"Home\">Home<\/a>\n<\/span><span class=\"aioseo-breadcrumb-separator\">&raquo;<\/span><span class=\"aioseo-breadcrumb\">\n\t<a href=\"https:\/\/www.rucashk.com\/es\/products\/\" title=\"Productos\">Productos<\/a>\n<\/span><span class=\"aioseo-breadcrumb-separator\">&raquo;<\/span><span class=\"aioseo-breadcrumb\">\n\t<a href=\"https:\/\/www.rucashk.com\/es\/marca\/ninebot\/\" title=\"Ninebot\">Ninebot<\/a>\n<\/span><span class=\"aioseo-breadcrumb-separator\">&raquo;<\/span><span class=\"aioseo-breadcrumb\">\n\tNinebot KickScooter ES2 Wholesale\n<\/span><\/div>","aioseo_breadcrumb_json":[{"label":"Home","link":"https:\/\/www.rucashk.com\/es"},{"label":"Productos","link":"https:\/\/www.rucashk.com\/es\/products\/"},{"label":"Ninebot","link":"https:\/\/www.rucashk.com\/es\/marca\/ninebot\/"},{"label":"Ninebot KickScooter ES2 Wholesale","link":"https:\/\/www.rucashk.com\/es\/producto\/ninebot-kickscooter-es2-wholesale\/"}],"_links":{"self":[{"href":"https:\/\/www.rucashk.com\/es\/wp-json\/wp\/v2\/product\/21250","targetHints":{"allow":["GET"]}}],"collection":[{"href":"https:\/\/www.rucashk.com\/es\/wp-json\/wp\/v2\/product"}],"about":[{"href":"https:\/\/www.rucashk.com\/es\/wp-json\/wp\/v2\/types\/product"}],"wp:featuredmedia":[{"embeddable":true,"href":"https:\/\/www.rucashk.com\/es\/wp-json\/wp\/v2\/media\/21307"}],"wp:attachment":[{"href":"https:\/\/www.rucashk.com\/es\/wp-json\/wp\/v2\/media?parent=21250"}],"wp:term":[{"taxonomy":"product_brand","embeddable":true,"href":"https:\/\/www.rucashk.com\/es\/wp-json\/wp\/v2\/product_brand?post=21250"},{"taxonomy":"product_cat","embeddable":true,"href":"https:\/\/www.rucashk.com\/es\/wp-json\/wp\/v2\/product_cat?post=21250"},{"taxonomy":"product_tag","embeddable":true,"href":"https:\/\/www.rucashk.com\/es\/wp-json\/wp\/v2\/product_tag?post=21250"}],"curies":[{"name":"wp","href":"https:\/\/api.w.org\/{rel}","templated":true}]}}