{"id":21247,"date":"2024-01-09T15:30:50","date_gmt":"2024-01-09T15:30:50","guid":{"rendered":"http:\/\/rucashk.com\/?post_type=product&#038;p=21247"},"modified":"2025-06-22T06:26:26","modified_gmt":"2025-06-22T06:26:26","slug":"mi-airdot-pro-tws-bluetooth-earphones-wholesale","status":"publish","type":"product","link":"https:\/\/www.rucashk.com\/es\/producto\/mi-airdot-pro-tws-bluetooth-earphones-wholesale\/","title":{"rendered":"Auriculares Bluetooth Mi AirDot Pro TWS al por mayor"},"content":{"rendered":"<div class=\"self-adaption\"><img fetchpriority=\"high\" decoding=\"async\" class=\"aligncenter\" title=\"20190109131918_59309.jpg\" src=\"\/wp-content\/uploads\/replace\/2526f49ebbed17301af91e5d4532abcc.jpeg\" alt=\"Mi AirDot Pro TWS Bluetooth Earphones\" width=\"800\" height=\"460\" \/><\/div>\n<div class=\"self-adaption\"><img decoding=\"async\" class=\"aligncenter\" title=\"20190109131918_73873.jpg\" src=\"\/wp-content\/uploads\/replace\/cc33b83fc9cb55e068451dedb77d0143.jpeg\" alt=\"Mi AirDot Pro TWS Bluetooth Earphones\" width=\"800\" height=\"443\" \/><\/div>\n<div class=\"self-adaption\"><img decoding=\"async\" class=\"aligncenter\" title=\"20190109131919_94363.jpg\" src=\"\/wp-content\/uploads\/replace\/083c023fb61996035f7f0bb072cd2985.jpeg\" alt=\"Mi AirDot Pro TWS Bluetooth Earphones\" width=\"800\" height=\"455\" \/><\/div>\n<div class=\"self-adaption\"><img loading=\"lazy\" decoding=\"async\" class=\"aligncenter\" title=\"20190109131919_92653.jpg\" src=\"\/wp-content\/uploads\/replace\/567d282b3667d186097c15f06d1ad06c.jpeg\" alt=\"Mi AirDot Pro TWS Bluetooth Earphones\" width=\"800\" height=\"450\" \/><\/div>\n<div class=\"self-adaption\"><img loading=\"lazy\" decoding=\"async\" class=\"aligncenter\" title=\"20190109131919_42343.jpg\" src=\"\/wp-content\/uploads\/replace\/b8c88491e03c00ee11d470ca9ce10d76.jpeg\" alt=\"Mi AirDot Pro TWS Bluetooth Earphones\" width=\"800\" height=\"490\" \/><\/div>\n<div class=\"self-adaption\"><img loading=\"lazy\" decoding=\"async\" class=\"aligncenter\" title=\"20190109131920_64526.jpg\" src=\"\/wp-content\/uploads\/replace\/01137d3cc5c8e7908bd58619af527141.jpeg\" alt=\"Mi AirDot Pro TWS Bluetooth Earphones\" width=\"800\" height=\"308\" \/><\/div>\n<div class=\"self-adaption\"><img loading=\"lazy\" decoding=\"async\" class=\"aligncenter\" title=\"20190109131920_75646.jpg\" src=\"\/wp-content\/uploads\/replace\/322e210ad16b1b4e5d1c00f1856ed56c.jpeg\" alt=\"Mi AirDot Pro TWS Bluetooth Earphones\" width=\"800\" height=\"480\" \/><\/div>\n<div class=\"self-adaption\"><img loading=\"lazy\" decoding=\"async\" class=\"aligncenter\" title=\"20190109131920_35878.jpg\" src=\"\/wp-content\/uploads\/replace\/00c1da2967d8af4144a41375d9335342.jpeg\" alt=\"Mi AirDot Pro TWS Bluetooth Earphones\" width=\"800\" height=\"309\" \/><\/div>\n<div class=\"self-adaption\"><img loading=\"lazy\" decoding=\"async\" class=\"aligncenter\" title=\"20190109131920_77967.jpg\" src=\"\/wp-content\/uploads\/replace\/07d4729596b8e870703a7991130fe20c.jpeg\" alt=\"Mi AirDot Pro TWS Bluetooth Earphones\" width=\"800\" height=\"452\" \/><\/div>\n<div class=\"self-adaption\"><img loading=\"lazy\" decoding=\"async\" class=\"aligncenter\" title=\"20190109131920_20079.jpg\" src=\"\/wp-content\/uploads\/replace\/b7caa4fc68903e122e2e1c876960925d.jpeg\" alt=\"Mi AirDot Pro TWS Bluetooth Earphones\" width=\"800\" height=\"451\" \/><\/div>\n<div class=\"self-adaption\"><img loading=\"lazy\" decoding=\"async\" class=\"aligncenter\" title=\"20190109131920_83538.jpg\" src=\"\/wp-content\/uploads\/replace\/ecf559dfed42a6c7ce1f46b0399bf977.jpeg\" alt=\"Mi AirDot Pro TWS Bluetooth Earphones\" width=\"800\" height=\"474\" \/><\/div>\n<div>\n<h2>Especificaciones del producto:<\/h2>\n<p><a class=\"\" style=\"width: auto !important\" href=\"https:\/\/www.rucashk.com\/es\/producto\/xiaomi-airdots-pro-2-true-wireless-earphones-wholesale\/\" data-wpil-post-to-id=\"3067\">Xiaomi Mi Airdots Pro TWS Auriculares Bluetooth Reducci\u00f3n de ruido Control t\u00e1ctil Inal\u00e1mbrico<\/a> Auriculares<\/p>\n<table border=\"0\">\n<tbody>\n<tr>\n<td>General<\/td>\n<td>Marca:\u00a0<a href=\"https:\/\/gearvita.com\/brands\/xiaomi\">Xiaomi<\/a><\/p>\n<p>Color blanco<\/p>\n<p>Funci\u00f3n: Contestar el tel\u00e9fono,Bluetooth,Micr\u00f3fono,Cancelaci\u00f3n de ruido,Cambio de canci\u00f3n,A prueba de sudor,Control de voz,Control de volumen,Impermeable<\/p>\n<p>Material: Pl\u00e1stico<\/p>\n<p>Tipo: En la oreja<\/p>\n<p>Tipo de uso: In-Ear<\/td>\n<\/tr>\n<tr>\n<td>Detalles de producto<\/td>\n<td>Tiempo de carga: 1h<\/p>\n<p>Compatible con: <a class=\"\" style=\"width: auto !important\" href=\"https:\/\/www.rucashk.com\/es\/top-10-mobile-phone-manufacturers-again-refresh-xiaomi-4th-huawei-2nd-one-black-horse-come-out\/\" data-wpil-post-to-id=\"2937\">Tel\u00e9fono m\u00f3vil<\/a><\/p>\n<p>Conectividad: Inal\u00e1mbrica<\/p>\n<p>Tiempo en espera: 10H<\/p>\n<p>Tiempo de conversaci\u00f3n: 10H<\/td>\n<\/tr>\n<tr>\n<td>Funci\u00f3n extendida<\/td>\n<td>Bluetooth: S\u00ed<\/p>\n<p>Distancia de Bluetooth: sin obst\u00e1culos 10 m<\/p>\n<p>Modo Bluetooth: manos libres<\/p>\n<p>Protocolo Bluetooth: A2DP<\/p>\n<p>Versi\u00f3n de Bluetooth: V4.2<\/td>\n<\/tr>\n<tr>\n<td>Informaci\u00f3n de la bater\u00eda<\/td>\n<td>Capacidad de la bater\u00eda (mAh): 100 mAh<\/p>\n<p>Tipo de bater\u00eda: incorporada<\/td>\n<\/tr>\n<tr>\n<td>Dimensi\u00f3n y peso<\/td>\n<td>Tama\u00f1o del producto (largo x ancho x alto): 5,00 x 2,00 x 2,00 cm \/ 1,97 x 0,79 x 0,79 pulgadas<\/p>\n<p>Peso del producto: 0,0116 kg<\/td>\n<\/tr>\n<\/tbody>\n<\/table>\n<p>&nbsp;<\/p>\n<\/div>","protected":false},"excerpt":{"rendered":"<p><strong>Xiaomi Mi Airdots Pro Reducci\u00f3n de ruido Binaural TWS Auriculares Bluetooth Auriculares inal\u00e1mbricos con micr\u00f3fono <\/strong><\/p>\n<p><strong>Principales caracter\u00edsticas<\/strong>:<br \/>\n\u25cf 7mm neodymium iron boron magnetic + titanium-plated diaphragm dynamic ring speaker unit<br \/>\n\u25cf ANC active noise reduction<br \/>\n\u25cf Lightweight, IPX4 water resistance as well<br \/>\n\u25cf Can be paired with iOS and Android devices, including tablets laptops, and mobile phones<br \/>\n\u25cf Both the right and left can function freely of each other providing a true hassle-free sound experience<br \/>\n\u25cf Remove any single one from the ear and the second one will work in unilateral mode and the two headsets can also be shared between two friends without loss of audio quality<\/p>","protected":false},"featured_media":21298,"template":"","meta":[],"product_brand":[1363],"product_cat":[1306,1305],"product_tag":[429],"class_list":{"0":"post-21247","1":"product","2":"type-product","3":"status-publish","4":"has-post-thumbnail","6":"product_brand-xiaomi","7":"product_cat-mi-redmi-earphone","8":"product_cat-xiaomi-eco","9":"product_tag-mi-airdot-pro-tws-bluetooth-earphones","11":"first","12":"instock","13":"shipping-taxable","14":"product-type-external"},"aioseo_notices":[],"aioseo_head":"\n\t\t<!-- All in One SEO Pro 4.5.9.2 - aioseo.com -->\n\t\t<meta name=\"description\" content=\"Xiaomi Mi Airdots Pro Noise Reduction Binaural TWS Bluetooth Earphones Wireless Earbuds with Mic Main Features: \u25cf 7mm neodymium iron boron magnetic + titanium-plated diaphragm dynamic ring speaker unit \u25cf ANC active noise reduction \u25cf Lightweight, IPX4 water resistance as well \u25cf Can be paired with iOS and Android devices, including tablets laptops, and mobile phones \u25cf Both the right and left can function freely of each other providing a true hassle-free sound experience \u25cf Remove any single one from the ear and the second one will work in unilateral mode and the two headsets can also be shared between two friends without loss of audio quality\" \/>\n\t\t<meta name=\"robots\" content=\"max-image-preview:large\" \/>\n\t\t<link rel=\"canonical\" href=\"https:\/\/www.rucashk.com\/es\/producto\/mi-airdot-pro-tws-bluetooth-earphones-wholesale\/\" \/>\n\t\t<meta name=\"generator\" content=\"All in One SEO Pro (AIOSEO) 4.5.9.2\" \/>\n\t\t<meta property=\"og:locale\" content=\"es_ES\" \/>\n\t\t<meta property=\"og:site_name\" content=\"Rucas - One-stop AIoT Distribution Worldwide\" \/>\n\t\t<meta property=\"og:type\" content=\"article\" \/>\n\t\t<meta property=\"og:title\" content=\"Mi AirDot Pro TWS Bluetooth Earphones Wholesale - Rucas - Wholesale and Distribution\" \/>\n\t\t<meta property=\"og:description\" content=\"Xiaomi Mi Airdots Pro Noise Reduction Binaural TWS Bluetooth Earphones Wireless Earbuds with Mic Main Features: \u25cf 7mm neodymium iron boron magnetic + titanium-plated diaphragm dynamic ring speaker unit \u25cf ANC active noise reduction \u25cf Lightweight, IPX4 water resistance as well \u25cf Can be paired with iOS and Android devices, including tablets laptops, and mobile phones \u25cf Both the right and left can function freely of each other providing a true hassle-free sound experience \u25cf Remove any single one from the ear and the second one will work in unilateral mode and the two headsets can also be shared between two friends without loss of audio quality\" \/>\n\t\t<meta property=\"og:url\" content=\"https:\/\/www.rucashk.com\/es\/producto\/mi-airdot-pro-tws-bluetooth-earphones-wholesale\/\" \/>\n\t\t<meta property=\"og:image\" content=\"https:\/\/www.rucashk.com\/wp-content\/uploads\/replace\/503b8e645f128a97ccde2b6290747646.jpeg\" \/>\n\t\t<meta property=\"og:image:secure_url\" content=\"https:\/\/www.rucashk.com\/wp-content\/uploads\/replace\/503b8e645f128a97ccde2b6290747646.jpeg\" \/>\n\t\t<meta property=\"og:image:width\" content=\"1456\" \/>\n\t\t<meta property=\"og:image:height\" content=\"816\" \/>\n\t\t<meta property=\"article:published_time\" content=\"2024-01-09T15:30:50+00:00\" \/>\n\t\t<meta property=\"article:modified_time\" content=\"2025-06-22T06:26:26+00:00\" \/>\n\t\t<meta name=\"twitter:card\" content=\"summary_large_image\" \/>\n\t\t<meta name=\"twitter:title\" content=\"Mi AirDot Pro TWS Bluetooth Earphones Wholesale - Rucas - Wholesale and Distribution\" \/>\n\t\t<meta name=\"twitter:description\" content=\"Xiaomi Mi Airdots Pro Noise Reduction Binaural TWS Bluetooth Earphones Wireless Earbuds with Mic Main Features: \u25cf 7mm neodymium iron boron magnetic + titanium-plated diaphragm dynamic ring speaker unit \u25cf ANC active noise reduction \u25cf Lightweight, IPX4 water resistance as well \u25cf Can be paired with iOS and Android devices, including tablets laptops, and mobile phones \u25cf Both the right and left can function freely of each other providing a true hassle-free sound experience \u25cf Remove any single one from the ear and the second one will work in unilateral mode and the two headsets can also be shared between two friends without loss of audio quality\" \/>\n\t\t<meta name=\"twitter:image\" content=\"https:\/\/www.rucashk.com\/wp-content\/uploads\/replace\/503b8e645f128a97ccde2b6290747646.jpeg\" \/>\n\t\t<script type=\"application\/ld+json\" class=\"aioseo-schema\">\n\t\t\t{\"@context\":\"https:\\\/\\\/schema.org\",\"@graph\":[{\"@type\":\"BreadcrumbList\",\"@id\":\"https:\\\/\\\/www.rucashk.com\\\/es\\\/producto\\\/mi-airdot-pro-tws-bluetooth-earphones-wholesale\\\/#breadcrumblist\",\"itemListElement\":[{\"@type\":\"ListItem\",\"@id\":\"https:\\\/\\\/www.rucashk.com\\\/es\\\/#listItem\",\"position\":1,\"name\":\"Home\",\"item\":\"https:\\\/\\\/www.rucashk.com\\\/es\\\/\",\"nextItem\":\"https:\\\/\\\/www.rucashk.com\\\/es\\\/producto\\\/mi-airdot-pro-tws-bluetooth-earphones-wholesale\\\/#listItem\"},{\"@type\":\"ListItem\",\"@id\":\"https:\\\/\\\/www.rucashk.com\\\/es\\\/producto\\\/mi-airdot-pro-tws-bluetooth-earphones-wholesale\\\/#listItem\",\"position\":2,\"name\":\"Mi AirDot Pro TWS Bluetooth Earphones Wholesale\",\"previousItem\":\"https:\\\/\\\/www.rucashk.com\\\/es\\\/#listItem\"}]},{\"@type\":\"Organization\",\"@id\":\"https:\\\/\\\/www.rucashk.com\\\/es\\\/#organization\",\"name\":\"Rucas\",\"url\":\"https:\\\/\\\/www.rucashk.com\\\/es\\\/\",\"logo\":{\"@type\":\"ImageObject\",\"url\":\"https:\\\/\\\/www.rucashk.com\\\/wp-content\\\/uploads\\\/2023\\\/12\\\/Rucas_campany_logo.png\",\"@id\":\"https:\\\/\\\/www.rucashk.com\\\/es\\\/producto\\\/mi-airdot-pro-tws-bluetooth-earphones-wholesale\\\/#organizationLogo\",\"width\":221,\"height\":65},\"image\":{\"@id\":\"https:\\\/\\\/www.rucashk.com\\\/es\\\/#organizationLogo\"}},{\"@type\":\"Person\",\"@id\":\"https:\\\/\\\/www.rucashk.com\\\/es\\\/author\\\/admin\\\/#author\",\"url\":\"https:\\\/\\\/www.rucashk.com\\\/es\\\/author\\\/admin\\\/\",\"name\":\"admin\",\"image\":{\"@type\":\"ImageObject\",\"@id\":\"https:\\\/\\\/www.rucashk.com\\\/es\\\/producto\\\/mi-airdot-pro-tws-bluetooth-earphones-wholesale\\\/#authorImage\",\"url\":\"https:\\\/\\\/secure.gravatar.com\\\/avatar\\\/b7c8925b09a27e72b30232f8ecaadbd5af0f70a38c78096863fe51b64f031c24?s=96&d=mm&r=g\",\"width\":96,\"height\":96,\"caption\":\"admin\"}},{\"@type\":\"WebPage\",\"@id\":\"https:\\\/\\\/www.rucashk.com\\\/es\\\/producto\\\/mi-airdot-pro-tws-bluetooth-earphones-wholesale\\\/#webpage\",\"url\":\"https:\\\/\\\/www.rucashk.com\\\/es\\\/producto\\\/mi-airdot-pro-tws-bluetooth-earphones-wholesale\\\/\",\"name\":\"Mi AirDot Pro TWS Bluetooth Earphones Wholesale - Rucas - Wholesale and Distribution\",\"description\":\"Xiaomi Mi Airdots Pro Noise Reduction Binaural TWS Bluetooth Earphones Wireless Earbuds with Mic Main Features: \\u25cf 7mm neodymium iron boron magnetic + titanium-plated diaphragm dynamic ring speaker unit \\u25cf ANC active noise reduction \\u25cf Lightweight, IPX4 water resistance as well \\u25cf Can be paired with iOS and Android devices, including tablets laptops, and mobile phones \\u25cf Both the right and left can function freely of each other providing a true hassle-free sound experience \\u25cf Remove any single one from the ear and the second one will work in unilateral mode and the two headsets can also be shared between two friends without loss of audio quality\",\"inLanguage\":\"es-ES\",\"isPartOf\":{\"@id\":\"https:\\\/\\\/www.rucashk.com\\\/es\\\/#website\"},\"breadcrumb\":{\"@id\":\"https:\\\/\\\/www.rucashk.com\\\/es\\\/producto\\\/mi-airdot-pro-tws-bluetooth-earphones-wholesale\\\/#breadcrumblist\"},\"author\":{\"@id\":\"https:\\\/\\\/www.rucashk.com\\\/es\\\/author\\\/admin\\\/#author\"},\"creator\":{\"@id\":\"https:\\\/\\\/www.rucashk.com\\\/es\\\/author\\\/admin\\\/#author\"},\"image\":{\"@type\":\"ImageObject\",\"url\":\"https:\\\/\\\/www.rucashk.com\\\/wp-content\\\/uploads\\\/2024\\\/01\\\/Xiaomi-Mi-Airdots-Pro-Redmi-Airdots-Binaural-TWS-Bluetooth-Earphones-Wireless-Earbuds-1.jpg_640x640-1.jpg\",\"@id\":\"https:\\\/\\\/www.rucashk.com\\\/es\\\/producto\\\/mi-airdot-pro-tws-bluetooth-earphones-wholesale\\\/#mainImage\",\"width\":800,\"height\":800},\"primaryImageOfPage\":{\"@id\":\"https:\\\/\\\/www.rucashk.com\\\/es\\\/producto\\\/mi-airdot-pro-tws-bluetooth-earphones-wholesale\\\/#mainImage\"},\"datePublished\":\"2024-01-09T15:30:50+00:00\",\"dateModified\":\"2025-06-22T06:26:26+00:00\"},{\"@type\":\"WebSite\",\"@id\":\"https:\\\/\\\/www.rucashk.com\\\/es\\\/#website\",\"url\":\"https:\\\/\\\/www.rucashk.com\\\/es\\\/\",\"name\":\"Rucas - Wholesale and distribution worldwide\",\"alternateName\":\"Rucas - One-stop AIoT Distribution Worldwide\",\"description\":\"One-stop AIoT Distribution Worldwide\",\"inLanguage\":\"es-ES\",\"publisher\":{\"@id\":\"https:\\\/\\\/www.rucashk.com\\\/es\\\/#organization\"}}]}\n\t\t<\/script>\n\t\t<!-- All in One SEO Pro -->\r\n\t\t<title>Mi AirDot Pro TWS Bluetooth Earphones Wholesale - Rucas - Wholesale and Distribution<\/title>\n\n","aioseo_head_json":{"title":"Mi AirDot Pro TWS Bluetooth Earphones Wholesale - Rucas - Wholesale and Distribution","description":"Xiaomi Mi Airdots Pro Noise Reduction Binaural TWS Bluetooth Earphones Wireless Earbuds with Mic Main Features: \u25cf 7mm neodymium iron boron magnetic + titanium-plated diaphragm dynamic ring speaker unit \u25cf ANC active noise reduction \u25cf Lightweight, IPX4 water resistance as well \u25cf Can be paired with iOS and Android devices, including tablets laptops, and mobile phones \u25cf Both the right and left can function freely of each other providing a true hassle-free sound experience \u25cf Remove any single one from the ear and the second one will work in unilateral mode and the two headsets can also be shared between two friends without loss of audio quality","canonical_url":"https:\/\/www.rucashk.com\/es\/producto\/mi-airdot-pro-tws-bluetooth-earphones-wholesale\/","robots":"max-image-preview:large","keywords":"","webmasterTools":{"miscellaneous":""},"og:locale":"es_ES","og:site_name":"Rucas - One-stop AIoT Distribution Worldwide","og:type":"article","og:title":"Mi AirDot Pro TWS Bluetooth Earphones Wholesale - Rucas - Wholesale and Distribution","og:description":"Xiaomi Mi Airdots Pro Noise Reduction Binaural TWS Bluetooth Earphones Wireless Earbuds with Mic Main Features: \u25cf 7mm neodymium iron boron magnetic + titanium-plated diaphragm dynamic ring speaker unit \u25cf ANC active noise reduction \u25cf Lightweight, IPX4 water resistance as well \u25cf Can be paired with iOS and Android devices, including tablets laptops, and mobile phones \u25cf Both the right and left can function freely of each other providing a true hassle-free sound experience \u25cf Remove any single one from the ear and the second one will work in unilateral mode and the two headsets can also be shared between two friends without loss of audio quality","og:url":"https:\/\/www.rucashk.com\/es\/producto\/mi-airdot-pro-tws-bluetooth-earphones-wholesale\/","og:image":"https:\/\/www.rucashk.com\/wp-content\/uploads\/replace\/503b8e645f128a97ccde2b6290747646.jpeg","og:image:secure_url":"https:\/\/www.rucashk.com\/wp-content\/uploads\/replace\/503b8e645f128a97ccde2b6290747646.jpeg","og:image:width":1456,"og:image:height":816,"article:published_time":"2024-01-09T15:30:50+00:00","article:modified_time":"2025-06-22T06:26:26+00:00","twitter:card":"summary_large_image","twitter:title":"Mi AirDot Pro TWS Bluetooth Earphones Wholesale - Rucas - Wholesale and Distribution","twitter:description":"Xiaomi Mi Airdots Pro Noise Reduction Binaural TWS Bluetooth Earphones Wireless Earbuds with Mic Main Features: \u25cf 7mm neodymium iron boron magnetic + titanium-plated diaphragm dynamic ring speaker unit \u25cf ANC active noise reduction \u25cf Lightweight, IPX4 water resistance as well \u25cf Can be paired with iOS and Android devices, including tablets laptops, and mobile phones \u25cf Both the right and left can function freely of each other providing a true hassle-free sound experience \u25cf Remove any single one from the ear and the second one will work in unilateral mode and the two headsets can also be shared between two friends without loss of audio quality","twitter:image":"https:\/\/www.rucashk.com\/wp-content\/uploads\/replace\/503b8e645f128a97ccde2b6290747646.jpeg","schema":{"@context":"https:\/\/schema.org","@graph":[{"@type":"BreadcrumbList","@id":"https:\/\/www.rucashk.com\/es\/producto\/mi-airdot-pro-tws-bluetooth-earphones-wholesale\/#breadcrumblist","itemListElement":[{"@type":"ListItem","@id":"https:\/\/www.rucashk.com\/es\/#listItem","position":1,"name":"Home","item":"https:\/\/www.rucashk.com\/es\/","nextItem":"https:\/\/www.rucashk.com\/es\/producto\/mi-airdot-pro-tws-bluetooth-earphones-wholesale\/#listItem"},{"@type":"ListItem","@id":"https:\/\/www.rucashk.com\/es\/producto\/mi-airdot-pro-tws-bluetooth-earphones-wholesale\/#listItem","position":2,"name":"Mi AirDot Pro TWS Bluetooth Earphones Wholesale","previousItem":"https:\/\/www.rucashk.com\/es\/#listItem"}]},{"@type":"Organization","@id":"https:\/\/www.rucashk.com\/es\/#organization","name":"Rucas","url":"https:\/\/www.rucashk.com\/es\/","logo":{"@type":"ImageObject","url":"https:\/\/www.rucashk.com\/wp-content\/uploads\/2023\/12\/Rucas_campany_logo.png","@id":"https:\/\/www.rucashk.com\/es\/producto\/mi-airdot-pro-tws-bluetooth-earphones-wholesale\/#organizationLogo","width":221,"height":65},"image":{"@id":"https:\/\/www.rucashk.com\/es\/#organizationLogo"}},{"@type":"Person","@id":"https:\/\/www.rucashk.com\/es\/author\/admin\/#author","url":"https:\/\/www.rucashk.com\/es\/author\/admin\/","name":"admin","image":{"@type":"ImageObject","@id":"https:\/\/www.rucashk.com\/es\/producto\/mi-airdot-pro-tws-bluetooth-earphones-wholesale\/#authorImage","url":"https:\/\/secure.gravatar.com\/avatar\/b7c8925b09a27e72b30232f8ecaadbd5af0f70a38c78096863fe51b64f031c24?s=96&d=mm&r=g","width":96,"height":96,"caption":"admin"}},{"@type":"WebPage","@id":"https:\/\/www.rucashk.com\/es\/producto\/mi-airdot-pro-tws-bluetooth-earphones-wholesale\/#webpage","url":"https:\/\/www.rucashk.com\/es\/producto\/mi-airdot-pro-tws-bluetooth-earphones-wholesale\/","name":"Mi AirDot Pro TWS Bluetooth Earphones Wholesale - Rucas - Wholesale and Distribution","description":"Xiaomi Mi Airdots Pro Noise Reduction Binaural TWS Bluetooth Earphones Wireless Earbuds with Mic Main Features: \u25cf 7mm neodymium iron boron magnetic + titanium-plated diaphragm dynamic ring speaker unit \u25cf ANC active noise reduction \u25cf Lightweight, IPX4 water resistance as well \u25cf Can be paired with iOS and Android devices, including tablets laptops, and mobile phones \u25cf Both the right and left can function freely of each other providing a true hassle-free sound experience \u25cf Remove any single one from the ear and the second one will work in unilateral mode and the two headsets can also be shared between two friends without loss of audio quality","inLanguage":"es-ES","isPartOf":{"@id":"https:\/\/www.rucashk.com\/es\/#website"},"breadcrumb":{"@id":"https:\/\/www.rucashk.com\/es\/producto\/mi-airdot-pro-tws-bluetooth-earphones-wholesale\/#breadcrumblist"},"author":{"@id":"https:\/\/www.rucashk.com\/es\/author\/admin\/#author"},"creator":{"@id":"https:\/\/www.rucashk.com\/es\/author\/admin\/#author"},"image":{"@type":"ImageObject","url":"https:\/\/www.rucashk.com\/wp-content\/uploads\/2024\/01\/Xiaomi-Mi-Airdots-Pro-Redmi-Airdots-Binaural-TWS-Bluetooth-Earphones-Wireless-Earbuds-1.jpg_640x640-1.jpg","@id":"https:\/\/www.rucashk.com\/es\/producto\/mi-airdot-pro-tws-bluetooth-earphones-wholesale\/#mainImage","width":800,"height":800},"primaryImageOfPage":{"@id":"https:\/\/www.rucashk.com\/es\/producto\/mi-airdot-pro-tws-bluetooth-earphones-wholesale\/#mainImage"},"datePublished":"2024-01-09T15:30:50+00:00","dateModified":"2025-06-22T06:26:26+00:00"},{"@type":"WebSite","@id":"https:\/\/www.rucashk.com\/es\/#website","url":"https:\/\/www.rucashk.com\/es\/","name":"Rucas - Wholesale and distribution worldwide","alternateName":"Rucas - One-stop AIoT Distribution Worldwide","description":"One-stop AIoT Distribution Worldwide","inLanguage":"es-ES","publisher":{"@id":"https:\/\/www.rucashk.com\/es\/#organization"}}]}},"aioseo_meta_data":{"post_id":"21247","title":null,"description":null,"keywords":null,"keyphrases":null,"primary_term":null,"canonical_url":null,"og_title":null,"og_description":null,"og_object_type":"default","og_image_type":"default","og_image_url":null,"og_image_width":null,"og_image_height":null,"og_image_custom_url":null,"og_image_custom_fields":null,"og_video":null,"og_custom_url":null,"og_article_section":null,"og_article_tags":null,"twitter_use_og":false,"twitter_card":"default","twitter_image_type":"default","twitter_image_url":null,"twitter_image_custom_url":null,"twitter_image_custom_fields":null,"twitter_title":null,"twitter_description":null,"schema":{"blockGraphs":[],"customGraphs":[],"default":{"data":{"Article":[],"Course":[],"Dataset":[],"FAQPage":[],"Movie":[],"Person":[],"Product":[],"Recipe":[],"Service":[],"SoftwareApplication":[],"WebPage":[]},"graphName":"","isEnabled":true},"graphs":[]},"schema_type":"default","schema_type_options":null,"pillar_content":false,"robots_default":true,"robots_noindex":false,"robots_noarchive":false,"robots_nosnippet":false,"robots_nofollow":false,"robots_noimageindex":false,"robots_noodp":false,"robots_notranslate":false,"robots_max_snippet":null,"robots_max_videopreview":null,"robots_max_imagepreview":"large","priority":null,"frequency":null,"local_seo":null,"breadcrumb_settings":null,"limit_modified_date":false,"created":"2024-04-11 01:55:14","updated":"2025-06-22 16:18:06"},"aioseo_breadcrumb":"<div class=\"aioseo-breadcrumbs\"><span class=\"aioseo-breadcrumb\">\n\t<a href=\"https:\/\/www.rucashk.com\/es\" title=\"Home\">Home<\/a>\n<\/span><span class=\"aioseo-breadcrumb-separator\">&raquo;<\/span><span class=\"aioseo-breadcrumb\">\n\t<a href=\"https:\/\/www.rucashk.com\/es\/products\/\" title=\"Productos\">Productos<\/a>\n<\/span><span class=\"aioseo-breadcrumb-separator\">&raquo;<\/span><span class=\"aioseo-breadcrumb\">\n\t<a href=\"https:\/\/www.rucashk.com\/es\/marca\/xiaomi\/\" title=\"Xiaomi\">Xiaomi<\/a>\n<\/span><span class=\"aioseo-breadcrumb-separator\">&raquo;<\/span><span class=\"aioseo-breadcrumb\">\n\tMi AirDot Pro TWS Bluetooth Earphones Wholesale\n<\/span><\/div>","aioseo_breadcrumb_json":[{"label":"Home","link":"https:\/\/www.rucashk.com\/es"},{"label":"Productos","link":"https:\/\/www.rucashk.com\/es\/products\/"},{"label":"Xiaomi","link":"https:\/\/www.rucashk.com\/es\/marca\/xiaomi\/"},{"label":"Mi AirDot Pro TWS Bluetooth Earphones Wholesale","link":"https:\/\/www.rucashk.com\/es\/producto\/mi-airdot-pro-tws-bluetooth-earphones-wholesale\/"}],"_links":{"self":[{"href":"https:\/\/www.rucashk.com\/es\/wp-json\/wp\/v2\/product\/21247","targetHints":{"allow":["GET"]}}],"collection":[{"href":"https:\/\/www.rucashk.com\/es\/wp-json\/wp\/v2\/product"}],"about":[{"href":"https:\/\/www.rucashk.com\/es\/wp-json\/wp\/v2\/types\/product"}],"wp:featuredmedia":[{"embeddable":true,"href":"https:\/\/www.rucashk.com\/es\/wp-json\/wp\/v2\/media\/21298"}],"wp:attachment":[{"href":"https:\/\/www.rucashk.com\/es\/wp-json\/wp\/v2\/media?parent=21247"}],"wp:term":[{"taxonomy":"product_brand","embeddable":true,"href":"https:\/\/www.rucashk.com\/es\/wp-json\/wp\/v2\/product_brand?post=21247"},{"taxonomy":"product_cat","embeddable":true,"href":"https:\/\/www.rucashk.com\/es\/wp-json\/wp\/v2\/product_cat?post=21247"},{"taxonomy":"product_tag","embeddable":true,"href":"https:\/\/www.rucashk.com\/es\/wp-json\/wp\/v2\/product_tag?post=21247"}],"curies":[{"name":"wp","href":"https:\/\/api.w.org\/{rel}","templated":true}]}}