{"id":21246,"date":"2024-01-09T15:30:50","date_gmt":"2024-01-09T15:30:50","guid":{"rendered":"http:\/\/rucashk.com\/?post_type=product&#038;p=21246"},"modified":"2025-06-22T06:26:26","modified_gmt":"2025-06-22T06:26:26","slug":"xiaomi-mi-band-4-smart-bracelet-wholesale","status":"publish","type":"product","link":"https:\/\/www.rucashk.com\/es\/producto\/xiaomi-mi-band-4-smart-bracelet-wholesale\/","title":{"rendered":"Pulsera inteligente Xiaomi Mi Band 4 al por mayor"},"content":{"rendered":"<div class=\"J_nav-bar-con\">\n<div class=\"container nav_container\">\n<div class=\"sub_nav\">\n<p><img fetchpriority=\"high\" decoding=\"async\" class=\"aligncenter\" src=\"\/wp-content\/uploads\/replace\/c19b4cc06101cf1dfacfc46d96959dbb.jpeg\" alt=\"Xiaomi Mi Band 4 Smart Bracelet Wholesale\" width=\"1920\" height=\"1079\" \/><\/p>\n<\/div>\n<\/div>\n<\/div>\n<div class=\"xiangqing\"><img decoding=\"async\" class=\"aligncenter\" src=\"\/wp-content\/uploads\/replace\/a51729752b4e29623a3050cff1bca19a.jpeg\" alt=\"Xiaomi Mi Band 4 Smart Bracelet Wholesale\" width=\"1920\" height=\"1079\" \/><br \/>\n<img decoding=\"async\" class=\"aligncenter\" src=\"\/wp-content\/uploads\/replace\/52b8ccdd88749a70429be6d550bc94d3.jpeg\" alt=\"Xiaomi Mi Band 4 Smart Bracelet Wholesale\" width=\"1920\" height=\"1079\" \/><br \/>\n<img loading=\"lazy\" decoding=\"async\" class=\"aligncenter\" src=\"\/wp-content\/uploads\/replace\/3f624451c35158586d15613197bd6be3.jpeg\" alt=\"Xiaomi Mi Band 4 Smart Bracelet Wholesale\" width=\"1920\" height=\"739\" \/><br \/>\n<img loading=\"lazy\" decoding=\"async\" class=\"aligncenter\" src=\"\/wp-content\/uploads\/replace\/c2a485e1ab9cc959475a2dc0fb829ef0.jpeg\" alt=\"Xiaomi Mi Band 4 Smart Bracelet Wholesale\" width=\"1920\" height=\"792\" \/><br \/>\n<img loading=\"lazy\" decoding=\"async\" class=\"aligncenter\" src=\"\/wp-content\/uploads\/replace\/7eece07d78c12bb503e8e5e03a880a8d.jpeg\" alt=\"Xiaomi Mi Band 4 Smart Bracelet Wholesale\" width=\"2560\" height=\"1889\" \/><\/div>\n<div>\n<div class=\"main\">\n<div id=\"J_shouhuan4Specs\" class=\"shouhuan4-specs mj-specs J_section-box\">\n<div class=\"specs-items\">\n<div class=\"items-content\">\n<div class=\"header-image\">\n<div class=\"widget module_tit\"><\/div>\n<div id=\"detail_info\" class=\"widget\">\n<div class=\"widget module_tit\">\n<p><strong>Descripci\u00f3n del Producto<\/strong><\/p>\n<\/div>\n<div id=\"detail_info\" class=\"widget\">\n<table border=\"1\" cellspacing=\"0\" cellpadding=\"0\">\n<tbody>\n<tr>\n<td>Marca<\/td>\n<td>Xiaomi<\/td>\n<\/tr>\n<tr>\n<td>Modelo<\/td>\n<td><a class=\"\" style=\"width: auto !important\" href=\"https:\/\/www.rucashk.com\/es\/producto\/xiaomi-mi-band-5-sp02-blood-oxygen\/\" data-wpil-post-to-id=\"12317\">Pulsera Inteligente Xiaomi Mi Band 4<\/a><\/td>\n<\/tr>\n<tr>\n<td>Peso<\/td>\n<td>22,1g<\/td>\n<\/tr>\n<tr>\n<td>Clasificaci\u00f3n de resistencia al agua<\/td>\n<td>5 cajeros autom\u00e1ticos<\/td>\n<\/tr>\n<tr>\n<td>Tipo de visualizaci\u00f3n<\/td>\n<td>AMOLED<\/td>\n<\/tr>\n<tr>\n<td>Tama\u00f1o de pantalla<\/td>\n<td>0.95&#8243;<\/td>\n<\/tr>\n<tr>\n<td>Resoluci\u00f3n<\/td>\n<td>120 x 240 RGB<\/td>\n<\/tr>\n<tr>\n<td>Profundidad de color<\/td>\n<td>24 bits<\/td>\n<\/tr>\n<tr>\n<td>Brillo de la pantalla<\/td>\n<td>Hasta 400 nits (brillo m\u00e1ximo), brillo ajustable<\/td>\n<\/tr>\n<tr>\n<td>Tipo de pantalla t\u00e1ctil<\/td>\n<td>Pantalla t\u00e1ctil capacitiva en la celda<\/td>\n<\/tr>\n<tr>\n<td>Protecci\u00f3n de pantalla<\/td>\n<td>Vidrio templado 2.5D con revestimiento antihuellas<\/td>\n<\/tr>\n<tr>\n<td>Bot\u00f3n<\/td>\n<td>Bot\u00f3n de un solo toque (despertar, regresar)<\/td>\n<\/tr>\n<tr>\n<td rowspan=\"2\">Tipo de correa para la mu\u00f1eca<\/td>\n<td>Correa de mu\u00f1eca extra\u00edble<\/td>\n<\/tr>\n<tr>\n<td>(Mi Smart Band 4 es compatible con las correas Mi Band 3)<\/td>\n<\/tr>\n<tr>\n<td>Ancho de pulsera<\/td>\n<td>18mm<\/td>\n<\/tr>\n<tr>\n<td>Material de la correa para la mu\u00f1eca<\/td>\n<td>poliuretano termopl\u00e1stico<\/td>\n<\/tr>\n<tr>\n<td>Longitud de la correa de mu\u00f1eca ajustable<\/td>\n<td>155-216 mm<\/td>\n<\/tr>\n<tr>\n<td>RAM<\/td>\n<td>512KB<\/td>\n<\/tr>\n<tr>\n<td>ROM<\/td>\n<td>16MB<\/td>\n<\/tr>\n<tr>\n<td rowspan=\"6\">Sensores<\/td>\n<td>Aceler\u00f3metro de 3 ejes + giroscopio de 3 ejes;<\/td>\n<\/tr>\n<tr>\n<td>sensor de frecuencia card\u00edaca PPG;<\/td>\n<\/tr>\n<tr>\n<td>Idioma de soporte: Global<\/td>\n<\/tr>\n<\/tbody>\n<\/table>\n<p>&nbsp;<\/p>\n<\/div>\n<\/div>\n<\/div>\n<\/div>\n<\/div>\n<\/div>\n<\/div>\n<\/div>","protected":false},"excerpt":{"rendered":"<p><strong>Ha llegado la Mi Band 4 m\u00e1s nueva de 2019 con caracter\u00edsticas mejoradas, su pantalla a color, brillo de visualizaci\u00f3n, capacidad de bater\u00eda mejorada, conectividad BT 5.0 y otras caracter\u00edsticas creadas a un nuevo nivel con respecto a su predecesora.<\/strong>.<\/p>\n<p><strong>Principales caracter\u00edsticas<\/strong><br \/>\n\u25cf The fitness band uses Bluetooth 5.0, offers an improved range, connectivity speed, and efficiency<br \/>\n\u25cf 0.95 inch AMOLED color display that pushes 120 x 240 pixels resolution on an AMOLED screen<br \/>\n\u25cf 5ATM water resistant rating ( up to 50 meters )<br \/>\n\u25cf The fitness band uses Bluetooth 5.0 BLE which offers an improved range, connectivity speed, and efficiency<br \/>\n\u25cf Come with a 135mAh battery and it is rated to last more than 20 days on a single charge<br \/>\n\u25cf Support for Alipay offline payment<br \/>\n\u25cf Focus on your health, built-in heart rate record, sleep monitor, sedentary reminder, etc.<br \/>\n\u25cf 135mAh battery capacity offers up to 20 days of standby time<\/p>","protected":false},"featured_media":21292,"template":"","meta":[],"product_brand":[1363],"product_cat":[1307,1305],"product_tag":[428],"class_list":{"0":"post-21246","1":"product","2":"type-product","3":"status-publish","4":"has-post-thumbnail","6":"product_brand-xiaomi","7":"product_cat-mi-band-smartwatch","8":"product_cat-xiaomi-eco","9":"product_tag-xiaomi-mi-band-4-smart-bracelet","11":"first","12":"instock","13":"shipping-taxable","14":"product-type-external"},"aioseo_notices":[],"aioseo_head":"\n\t\t<!-- All in One SEO Pro 4.5.9.2 - aioseo.com -->\n\t\t<meta name=\"description\" content=\"2019 Newest Mi Band 4 with upgraded features has arrived, its color screen, displayed brightness, improverd battery capacity, BT 5.0 connectivity and other features created by a new level over its predecessor. Main Features \u25cf The fitness band uses Bluetooth 5.0, offers an improved range, connectivity speed, and efficiency \u25cf 0.95 inch AMOLED color display that pushes 120 x 240 pixels resolution on an AMOLED screen \u25cf 5ATM water resistant rating ( up to 50 meters ) \u25cf The fitness band uses Bluetooth 5.0 BLE which offers an improved range, connectivity speed, and efficiency \u25cf Come with a 135mAh battery and it is rated to last more than 20 days on a single charge \u25cf Support for Alipay offline payment \u25cf Focus on your health, built-in heart rate record, sleep monitor, sedentary reminder, etc. \u25cf 135mAh battery capacity offers up to 20 days of standby time\" \/>\n\t\t<meta name=\"robots\" content=\"max-image-preview:large\" \/>\n\t\t<link rel=\"canonical\" href=\"https:\/\/www.rucashk.com\/es\/producto\/xiaomi-mi-band-4-smart-bracelet-wholesale\/\" \/>\n\t\t<meta name=\"generator\" content=\"All in One SEO Pro (AIOSEO) 4.5.9.2\" \/>\n\t\t<meta property=\"og:locale\" content=\"es_ES\" \/>\n\t\t<meta property=\"og:site_name\" content=\"Rucas - One-stop AIoT Distribution Worldwide\" \/>\n\t\t<meta property=\"og:type\" content=\"article\" \/>\n\t\t<meta property=\"og:title\" content=\"Xiaomi Mi Band 4 Smart Bracelet Wholesale - Rucas - Wholesale and Distribution\" \/>\n\t\t<meta property=\"og:description\" content=\"2019 Newest Mi Band 4 with upgraded features has arrived, its color screen, displayed brightness, improverd battery capacity, BT 5.0 connectivity and other features created by a new level over its predecessor. Main Features \u25cf The fitness band uses Bluetooth 5.0, offers an improved range, connectivity speed, and efficiency \u25cf 0.95 inch AMOLED color display that pushes 120 x 240 pixels resolution on an AMOLED screen \u25cf 5ATM water resistant rating ( up to 50 meters ) \u25cf The fitness band uses Bluetooth 5.0 BLE which offers an improved range, connectivity speed, and efficiency \u25cf Come with a 135mAh battery and it is rated to last more than 20 days on a single charge \u25cf Support for Alipay offline payment \u25cf Focus on your health, built-in heart rate record, sleep monitor, sedentary reminder, etc. \u25cf 135mAh battery capacity offers up to 20 days of standby time\" \/>\n\t\t<meta property=\"og:url\" content=\"https:\/\/www.rucashk.com\/es\/producto\/xiaomi-mi-band-4-smart-bracelet-wholesale\/\" \/>\n\t\t<meta property=\"og:image\" content=\"https:\/\/www.rucashk.com\/wp-content\/uploads\/replace\/503b8e645f128a97ccde2b6290747646.jpeg\" \/>\n\t\t<meta property=\"og:image:secure_url\" content=\"https:\/\/www.rucashk.com\/wp-content\/uploads\/replace\/503b8e645f128a97ccde2b6290747646.jpeg\" \/>\n\t\t<meta property=\"og:image:width\" content=\"1456\" \/>\n\t\t<meta property=\"og:image:height\" content=\"816\" \/>\n\t\t<meta property=\"article:published_time\" content=\"2024-01-09T15:30:50+00:00\" \/>\n\t\t<meta property=\"article:modified_time\" content=\"2025-06-22T06:26:26+00:00\" \/>\n\t\t<meta name=\"twitter:card\" content=\"summary_large_image\" \/>\n\t\t<meta name=\"twitter:title\" content=\"Xiaomi Mi Band 4 Smart Bracelet Wholesale - Rucas - Wholesale and Distribution\" \/>\n\t\t<meta name=\"twitter:description\" content=\"2019 Newest Mi Band 4 with upgraded features has arrived, its color screen, displayed brightness, improverd battery capacity, BT 5.0 connectivity and other features created by a new level over its predecessor. Main Features \u25cf The fitness band uses Bluetooth 5.0, offers an improved range, connectivity speed, and efficiency \u25cf 0.95 inch AMOLED color display that pushes 120 x 240 pixels resolution on an AMOLED screen \u25cf 5ATM water resistant rating ( up to 50 meters ) \u25cf The fitness band uses Bluetooth 5.0 BLE which offers an improved range, connectivity speed, and efficiency \u25cf Come with a 135mAh battery and it is rated to last more than 20 days on a single charge \u25cf Support for Alipay offline payment \u25cf Focus on your health, built-in heart rate record, sleep monitor, sedentary reminder, etc. \u25cf 135mAh battery capacity offers up to 20 days of standby time\" \/>\n\t\t<meta name=\"twitter:image\" content=\"https:\/\/www.rucashk.com\/wp-content\/uploads\/replace\/503b8e645f128a97ccde2b6290747646.jpeg\" \/>\n\t\t<script type=\"application\/ld+json\" class=\"aioseo-schema\">\n\t\t\t{\"@context\":\"https:\\\/\\\/schema.org\",\"@graph\":[{\"@type\":\"BreadcrumbList\",\"@id\":\"https:\\\/\\\/www.rucashk.com\\\/es\\\/producto\\\/xiaomi-mi-band-4-smart-bracelet-wholesale\\\/#breadcrumblist\",\"itemListElement\":[{\"@type\":\"ListItem\",\"@id\":\"https:\\\/\\\/www.rucashk.com\\\/es\\\/#listItem\",\"position\":1,\"name\":\"Home\",\"item\":\"https:\\\/\\\/www.rucashk.com\\\/es\\\/\",\"nextItem\":\"https:\\\/\\\/www.rucashk.com\\\/es\\\/producto\\\/xiaomi-mi-band-4-smart-bracelet-wholesale\\\/#listItem\"},{\"@type\":\"ListItem\",\"@id\":\"https:\\\/\\\/www.rucashk.com\\\/es\\\/producto\\\/xiaomi-mi-band-4-smart-bracelet-wholesale\\\/#listItem\",\"position\":2,\"name\":\"Xiaomi Mi Band 4 Smart Bracelet Wholesale\",\"previousItem\":\"https:\\\/\\\/www.rucashk.com\\\/es\\\/#listItem\"}]},{\"@type\":\"Organization\",\"@id\":\"https:\\\/\\\/www.rucashk.com\\\/es\\\/#organization\",\"name\":\"Rucas\",\"url\":\"https:\\\/\\\/www.rucashk.com\\\/es\\\/\",\"logo\":{\"@type\":\"ImageObject\",\"url\":\"https:\\\/\\\/www.rucashk.com\\\/wp-content\\\/uploads\\\/2023\\\/12\\\/Rucas_campany_logo.png\",\"@id\":\"https:\\\/\\\/www.rucashk.com\\\/es\\\/producto\\\/xiaomi-mi-band-4-smart-bracelet-wholesale\\\/#organizationLogo\",\"width\":221,\"height\":65},\"image\":{\"@id\":\"https:\\\/\\\/www.rucashk.com\\\/es\\\/#organizationLogo\"}},{\"@type\":\"Person\",\"@id\":\"https:\\\/\\\/www.rucashk.com\\\/es\\\/author\\\/admin\\\/#author\",\"url\":\"https:\\\/\\\/www.rucashk.com\\\/es\\\/author\\\/admin\\\/\",\"name\":\"admin\",\"image\":{\"@type\":\"ImageObject\",\"@id\":\"https:\\\/\\\/www.rucashk.com\\\/es\\\/producto\\\/xiaomi-mi-band-4-smart-bracelet-wholesale\\\/#authorImage\",\"url\":\"https:\\\/\\\/secure.gravatar.com\\\/avatar\\\/b7c8925b09a27e72b30232f8ecaadbd5af0f70a38c78096863fe51b64f031c24?s=96&d=mm&r=g\",\"width\":96,\"height\":96,\"caption\":\"admin\"}},{\"@type\":\"WebPage\",\"@id\":\"https:\\\/\\\/www.rucashk.com\\\/es\\\/producto\\\/xiaomi-mi-band-4-smart-bracelet-wholesale\\\/#webpage\",\"url\":\"https:\\\/\\\/www.rucashk.com\\\/es\\\/producto\\\/xiaomi-mi-band-4-smart-bracelet-wholesale\\\/\",\"name\":\"Xiaomi Mi Band 4 Smart Bracelet Wholesale - Rucas - Wholesale and Distribution\",\"description\":\"2019 Newest Mi Band 4 with upgraded features has arrived, its color screen, displayed brightness, improverd battery capacity, BT 5.0 connectivity and other features created by a new level over its predecessor. Main Features \\u25cf The fitness band uses Bluetooth 5.0, offers an improved range, connectivity speed, and efficiency \\u25cf 0.95 inch AMOLED color display that pushes 120 x 240 pixels resolution on an AMOLED screen \\u25cf 5ATM water resistant rating ( up to 50 meters ) \\u25cf The fitness band uses Bluetooth 5.0 BLE which offers an improved range, connectivity speed, and efficiency \\u25cf Come with a 135mAh battery and it is rated to last more than 20 days on a single charge \\u25cf Support for Alipay offline payment \\u25cf Focus on your health, built-in heart rate record, sleep monitor, sedentary reminder, etc. \\u25cf 135mAh battery capacity offers up to 20 days of standby time\",\"inLanguage\":\"es-ES\",\"isPartOf\":{\"@id\":\"https:\\\/\\\/www.rucashk.com\\\/es\\\/#website\"},\"breadcrumb\":{\"@id\":\"https:\\\/\\\/www.rucashk.com\\\/es\\\/producto\\\/xiaomi-mi-band-4-smart-bracelet-wholesale\\\/#breadcrumblist\"},\"author\":{\"@id\":\"https:\\\/\\\/www.rucashk.com\\\/es\\\/author\\\/admin\\\/#author\"},\"creator\":{\"@id\":\"https:\\\/\\\/www.rucashk.com\\\/es\\\/author\\\/admin\\\/#author\"},\"image\":{\"@type\":\"ImageObject\",\"url\":\"https:\\\/\\\/www.rucashk.com\\\/wp-content\\\/uploads\\\/2024\\\/01\\\/s-l500-7-1-1.jpg\",\"@id\":\"https:\\\/\\\/www.rucashk.com\\\/es\\\/producto\\\/xiaomi-mi-band-4-smart-bracelet-wholesale\\\/#mainImage\",\"width\":800,\"height\":800},\"primaryImageOfPage\":{\"@id\":\"https:\\\/\\\/www.rucashk.com\\\/es\\\/producto\\\/xiaomi-mi-band-4-smart-bracelet-wholesale\\\/#mainImage\"},\"datePublished\":\"2024-01-09T15:30:50+00:00\",\"dateModified\":\"2025-06-22T06:26:26+00:00\"},{\"@type\":\"WebSite\",\"@id\":\"https:\\\/\\\/www.rucashk.com\\\/es\\\/#website\",\"url\":\"https:\\\/\\\/www.rucashk.com\\\/es\\\/\",\"name\":\"Rucas - Wholesale and distribution worldwide\",\"alternateName\":\"Rucas - One-stop AIoT Distribution Worldwide\",\"description\":\"One-stop AIoT Distribution Worldwide\",\"inLanguage\":\"es-ES\",\"publisher\":{\"@id\":\"https:\\\/\\\/www.rucashk.com\\\/es\\\/#organization\"}}]}\n\t\t<\/script>\n\t\t<!-- All in One SEO Pro -->\r\n\t\t<title>Xiaomi Mi Band 4 Smart Bracelet Wholesale - Rucas - Wholesale and Distribution<\/title>\n\n","aioseo_head_json":{"title":"Xiaomi Mi Band 4 Smart Bracelet Wholesale - Rucas - Wholesale and Distribution","description":"2019 Newest Mi Band 4 with upgraded features has arrived, its color screen, displayed brightness, improverd battery capacity, BT 5.0 connectivity and other features created by a new level over its predecessor. Main Features \u25cf The fitness band uses Bluetooth 5.0, offers an improved range, connectivity speed, and efficiency \u25cf 0.95 inch AMOLED color display that pushes 120 x 240 pixels resolution on an AMOLED screen \u25cf 5ATM water resistant rating ( up to 50 meters ) \u25cf The fitness band uses Bluetooth 5.0 BLE which offers an improved range, connectivity speed, and efficiency \u25cf Come with a 135mAh battery and it is rated to last more than 20 days on a single charge \u25cf Support for Alipay offline payment \u25cf Focus on your health, built-in heart rate record, sleep monitor, sedentary reminder, etc. \u25cf 135mAh battery capacity offers up to 20 days of standby time","canonical_url":"https:\/\/www.rucashk.com\/es\/producto\/xiaomi-mi-band-4-smart-bracelet-wholesale\/","robots":"max-image-preview:large","keywords":"","webmasterTools":{"miscellaneous":""},"og:locale":"es_ES","og:site_name":"Rucas - One-stop AIoT Distribution Worldwide","og:type":"article","og:title":"Xiaomi Mi Band 4 Smart Bracelet Wholesale - Rucas - Wholesale and Distribution","og:description":"2019 Newest Mi Band 4 with upgraded features has arrived, its color screen, displayed brightness, improverd battery capacity, BT 5.0 connectivity and other features created by a new level over its predecessor. Main Features \u25cf The fitness band uses Bluetooth 5.0, offers an improved range, connectivity speed, and efficiency \u25cf 0.95 inch AMOLED color display that pushes 120 x 240 pixels resolution on an AMOLED screen \u25cf 5ATM water resistant rating ( up to 50 meters ) \u25cf The fitness band uses Bluetooth 5.0 BLE which offers an improved range, connectivity speed, and efficiency \u25cf Come with a 135mAh battery and it is rated to last more than 20 days on a single charge \u25cf Support for Alipay offline payment \u25cf Focus on your health, built-in heart rate record, sleep monitor, sedentary reminder, etc. \u25cf 135mAh battery capacity offers up to 20 days of standby time","og:url":"https:\/\/www.rucashk.com\/es\/producto\/xiaomi-mi-band-4-smart-bracelet-wholesale\/","og:image":"https:\/\/www.rucashk.com\/wp-content\/uploads\/replace\/503b8e645f128a97ccde2b6290747646.jpeg","og:image:secure_url":"https:\/\/www.rucashk.com\/wp-content\/uploads\/replace\/503b8e645f128a97ccde2b6290747646.jpeg","og:image:width":1456,"og:image:height":816,"article:published_time":"2024-01-09T15:30:50+00:00","article:modified_time":"2025-06-22T06:26:26+00:00","twitter:card":"summary_large_image","twitter:title":"Xiaomi Mi Band 4 Smart Bracelet Wholesale - Rucas - Wholesale and Distribution","twitter:description":"2019 Newest Mi Band 4 with upgraded features has arrived, its color screen, displayed brightness, improverd battery capacity, BT 5.0 connectivity and other features created by a new level over its predecessor. Main Features \u25cf The fitness band uses Bluetooth 5.0, offers an improved range, connectivity speed, and efficiency \u25cf 0.95 inch AMOLED color display that pushes 120 x 240 pixels resolution on an AMOLED screen \u25cf 5ATM water resistant rating ( up to 50 meters ) \u25cf The fitness band uses Bluetooth 5.0 BLE which offers an improved range, connectivity speed, and efficiency \u25cf Come with a 135mAh battery and it is rated to last more than 20 days on a single charge \u25cf Support for Alipay offline payment \u25cf Focus on your health, built-in heart rate record, sleep monitor, sedentary reminder, etc. \u25cf 135mAh battery capacity offers up to 20 days of standby time","twitter:image":"https:\/\/www.rucashk.com\/wp-content\/uploads\/replace\/503b8e645f128a97ccde2b6290747646.jpeg","schema":{"@context":"https:\/\/schema.org","@graph":[{"@type":"BreadcrumbList","@id":"https:\/\/www.rucashk.com\/es\/producto\/xiaomi-mi-band-4-smart-bracelet-wholesale\/#breadcrumblist","itemListElement":[{"@type":"ListItem","@id":"https:\/\/www.rucashk.com\/es\/#listItem","position":1,"name":"Home","item":"https:\/\/www.rucashk.com\/es\/","nextItem":"https:\/\/www.rucashk.com\/es\/producto\/xiaomi-mi-band-4-smart-bracelet-wholesale\/#listItem"},{"@type":"ListItem","@id":"https:\/\/www.rucashk.com\/es\/producto\/xiaomi-mi-band-4-smart-bracelet-wholesale\/#listItem","position":2,"name":"Xiaomi Mi Band 4 Smart Bracelet Wholesale","previousItem":"https:\/\/www.rucashk.com\/es\/#listItem"}]},{"@type":"Organization","@id":"https:\/\/www.rucashk.com\/es\/#organization","name":"Rucas","url":"https:\/\/www.rucashk.com\/es\/","logo":{"@type":"ImageObject","url":"https:\/\/www.rucashk.com\/wp-content\/uploads\/2023\/12\/Rucas_campany_logo.png","@id":"https:\/\/www.rucashk.com\/es\/producto\/xiaomi-mi-band-4-smart-bracelet-wholesale\/#organizationLogo","width":221,"height":65},"image":{"@id":"https:\/\/www.rucashk.com\/es\/#organizationLogo"}},{"@type":"Person","@id":"https:\/\/www.rucashk.com\/es\/author\/admin\/#author","url":"https:\/\/www.rucashk.com\/es\/author\/admin\/","name":"admin","image":{"@type":"ImageObject","@id":"https:\/\/www.rucashk.com\/es\/producto\/xiaomi-mi-band-4-smart-bracelet-wholesale\/#authorImage","url":"https:\/\/secure.gravatar.com\/avatar\/b7c8925b09a27e72b30232f8ecaadbd5af0f70a38c78096863fe51b64f031c24?s=96&d=mm&r=g","width":96,"height":96,"caption":"admin"}},{"@type":"WebPage","@id":"https:\/\/www.rucashk.com\/es\/producto\/xiaomi-mi-band-4-smart-bracelet-wholesale\/#webpage","url":"https:\/\/www.rucashk.com\/es\/producto\/xiaomi-mi-band-4-smart-bracelet-wholesale\/","name":"Xiaomi Mi Band 4 Smart Bracelet Wholesale - Rucas - Wholesale and Distribution","description":"2019 Newest Mi Band 4 with upgraded features has arrived, its color screen, displayed brightness, improverd battery capacity, BT 5.0 connectivity and other features created by a new level over its predecessor. Main Features \u25cf The fitness band uses Bluetooth 5.0, offers an improved range, connectivity speed, and efficiency \u25cf 0.95 inch AMOLED color display that pushes 120 x 240 pixels resolution on an AMOLED screen \u25cf 5ATM water resistant rating ( up to 50 meters ) \u25cf The fitness band uses Bluetooth 5.0 BLE which offers an improved range, connectivity speed, and efficiency \u25cf Come with a 135mAh battery and it is rated to last more than 20 days on a single charge \u25cf Support for Alipay offline payment \u25cf Focus on your health, built-in heart rate record, sleep monitor, sedentary reminder, etc. \u25cf 135mAh battery capacity offers up to 20 days of standby time","inLanguage":"es-ES","isPartOf":{"@id":"https:\/\/www.rucashk.com\/es\/#website"},"breadcrumb":{"@id":"https:\/\/www.rucashk.com\/es\/producto\/xiaomi-mi-band-4-smart-bracelet-wholesale\/#breadcrumblist"},"author":{"@id":"https:\/\/www.rucashk.com\/es\/author\/admin\/#author"},"creator":{"@id":"https:\/\/www.rucashk.com\/es\/author\/admin\/#author"},"image":{"@type":"ImageObject","url":"https:\/\/www.rucashk.com\/wp-content\/uploads\/2024\/01\/s-l500-7-1-1.jpg","@id":"https:\/\/www.rucashk.com\/es\/producto\/xiaomi-mi-band-4-smart-bracelet-wholesale\/#mainImage","width":800,"height":800},"primaryImageOfPage":{"@id":"https:\/\/www.rucashk.com\/es\/producto\/xiaomi-mi-band-4-smart-bracelet-wholesale\/#mainImage"},"datePublished":"2024-01-09T15:30:50+00:00","dateModified":"2025-06-22T06:26:26+00:00"},{"@type":"WebSite","@id":"https:\/\/www.rucashk.com\/es\/#website","url":"https:\/\/www.rucashk.com\/es\/","name":"Rucas - Wholesale and distribution worldwide","alternateName":"Rucas - One-stop AIoT Distribution Worldwide","description":"One-stop AIoT Distribution Worldwide","inLanguage":"es-ES","publisher":{"@id":"https:\/\/www.rucashk.com\/es\/#organization"}}]}},"aioseo_meta_data":{"post_id":"21246","title":null,"description":null,"keywords":null,"keyphrases":null,"primary_term":null,"canonical_url":null,"og_title":null,"og_description":null,"og_object_type":"default","og_image_type":"default","og_image_url":null,"og_image_width":null,"og_image_height":null,"og_image_custom_url":null,"og_image_custom_fields":null,"og_video":null,"og_custom_url":null,"og_article_section":null,"og_article_tags":null,"twitter_use_og":false,"twitter_card":"default","twitter_image_type":"default","twitter_image_url":null,"twitter_image_custom_url":null,"twitter_image_custom_fields":null,"twitter_title":null,"twitter_description":null,"schema":{"blockGraphs":[],"customGraphs":[],"default":{"data":{"Article":[],"Course":[],"Dataset":[],"FAQPage":[],"Movie":[],"Person":[],"Product":[],"Recipe":[],"Service":[],"SoftwareApplication":[],"WebPage":[]},"graphName":"","isEnabled":true},"graphs":[]},"schema_type":"default","schema_type_options":null,"pillar_content":false,"robots_default":true,"robots_noindex":false,"robots_noarchive":false,"robots_nosnippet":false,"robots_nofollow":false,"robots_noimageindex":false,"robots_noodp":false,"robots_notranslate":false,"robots_max_snippet":null,"robots_max_videopreview":null,"robots_max_imagepreview":"large","priority":null,"frequency":null,"local_seo":null,"breadcrumb_settings":null,"limit_modified_date":false,"created":"2024-04-11 01:55:14","updated":"2025-06-22 16:18:05"},"aioseo_breadcrumb":"<div class=\"aioseo-breadcrumbs\"><span class=\"aioseo-breadcrumb\">\n\t<a href=\"https:\/\/www.rucashk.com\/es\" title=\"Home\">Home<\/a>\n<\/span><span class=\"aioseo-breadcrumb-separator\">&raquo;<\/span><span class=\"aioseo-breadcrumb\">\n\t<a href=\"https:\/\/www.rucashk.com\/es\/products\/\" title=\"Productos\">Productos<\/a>\n<\/span><span class=\"aioseo-breadcrumb-separator\">&raquo;<\/span><span class=\"aioseo-breadcrumb\">\n\t<a href=\"https:\/\/www.rucashk.com\/es\/marca\/xiaomi\/\" title=\"Xiaomi\">Xiaomi<\/a>\n<\/span><span class=\"aioseo-breadcrumb-separator\">&raquo;<\/span><span class=\"aioseo-breadcrumb\">\n\tXiaomi Mi Band 4 Smart Bracelet Wholesale\n<\/span><\/div>","aioseo_breadcrumb_json":[{"label":"Home","link":"https:\/\/www.rucashk.com\/es"},{"label":"Productos","link":"https:\/\/www.rucashk.com\/es\/products\/"},{"label":"Xiaomi","link":"https:\/\/www.rucashk.com\/es\/marca\/xiaomi\/"},{"label":"Xiaomi Mi Band 4 Smart Bracelet Wholesale","link":"https:\/\/www.rucashk.com\/es\/producto\/xiaomi-mi-band-4-smart-bracelet-wholesale\/"}],"_links":{"self":[{"href":"https:\/\/www.rucashk.com\/es\/wp-json\/wp\/v2\/product\/21246","targetHints":{"allow":["GET"]}}],"collection":[{"href":"https:\/\/www.rucashk.com\/es\/wp-json\/wp\/v2\/product"}],"about":[{"href":"https:\/\/www.rucashk.com\/es\/wp-json\/wp\/v2\/types\/product"}],"wp:featuredmedia":[{"embeddable":true,"href":"https:\/\/www.rucashk.com\/es\/wp-json\/wp\/v2\/media\/21292"}],"wp:attachment":[{"href":"https:\/\/www.rucashk.com\/es\/wp-json\/wp\/v2\/media?parent=21246"}],"wp:term":[{"taxonomy":"product_brand","embeddable":true,"href":"https:\/\/www.rucashk.com\/es\/wp-json\/wp\/v2\/product_brand?post=21246"},{"taxonomy":"product_cat","embeddable":true,"href":"https:\/\/www.rucashk.com\/es\/wp-json\/wp\/v2\/product_cat?post=21246"},{"taxonomy":"product_tag","embeddable":true,"href":"https:\/\/www.rucashk.com\/es\/wp-json\/wp\/v2\/product_tag?post=21246"}],"curies":[{"name":"wp","href":"https:\/\/api.w.org\/{rel}","templated":true}]}}