{"id":21244,"date":"2024-01-09T15:30:49","date_gmt":"2024-01-09T15:30:49","guid":{"rendered":"http:\/\/rucashk.com\/?post_type=product&#038;p=21244"},"modified":"2025-06-22T06:25:36","modified_gmt":"2025-06-22T06:25:36","slug":"amazfit-gtr-amoled-smart-watch-gpsglonass-wholesale","status":"publish","type":"product","link":"https:\/\/www.rucashk.com\/es\/producto\/amazfit-gtr-amoled-smart-watch-gpsglonass-wholesale\/","title":{"rendered":"Reloj inteligente Amazfit GTR AMOLED GPS + GLONASS al por mayor"},"content":{"rendered":"<p><img fetchpriority=\"high\" decoding=\"async\" class=\"alignnone\" src=\"\/wp-content\/uploads\/replace\/1ffa28804c75267bccf239d4f0a763b7.jpeg\" alt=\"Amazfit GTR AMOLED Smart Watch GPS+GLONASS Wholesale\" width=\"1920\" height=\"1882\" \/><br \/>\n<img decoding=\"async\" class=\"alignnone\" src=\"\/wp-content\/uploads\/replace\/68f06b37f2480c585c51a01855c49d80.jpeg\" alt=\"Amazfit GTR AMOLED Smart Watch GPS+GLONASS Wholesale\" width=\"1920\" height=\"1882\" \/><br \/>\n<img decoding=\"async\" class=\"alignnone\" src=\"\/wp-content\/uploads\/replace\/73f55c6ddd514f9d22bb000519b0a096.jpeg\" alt=\"Amazfit GTR AMOLED Smart Watch GPS+GLONASS Wholesale\" width=\"1920\" height=\"1882\" \/><br \/>\n<img loading=\"lazy\" decoding=\"async\" class=\"alignnone\" src=\"\/wp-content\/uploads\/replace\/111ad604f143d45abca3c4c0dd475b30.jpeg\" alt=\"Amazfit GTR AMOLED Smart Watch GPS+GLONASS Wholesale\" width=\"1920\" height=\"1882\" \/><br \/>\n<img loading=\"lazy\" decoding=\"async\" class=\"alignnone\" src=\"\/wp-content\/uploads\/replace\/66e97e6f40e3667b00946eaa36d4b1c4.jpeg\" alt=\"Amazfit GTR AMOLED Smart Watch GPS+GLONASS Wholesale\" width=\"1920\" height=\"861\" \/><\/p>\n<p>&nbsp;<\/p>\n<table cellspacing=\"0\" cellpadding=\"0\">\n<thead>\n<tr>\n<th><\/th>\n<th><a class=\"\" style=\"width: auto !important\" href=\"https:\/\/www.rucashk.com\/es\/producto\/amazfit-gtr\/\" data-wpil-post-to-id=\"4429\">Amazfit GTR<\/a> 47mm<\/th>\n<th><a class=\"\" style=\"width: auto !important\" href=\"https:\/\/www.rucashk.com\/es\/producto\/amazfit-gtr\/\" data-wpil-post-to-id=\"4429\">Amazfit GTR<\/a> 42mm<\/th>\n<\/tr>\n<\/thead>\n<tbody>\n<tr>\n<td>\n<h3>Tama\u00f1o<\/h3>\n<\/td>\n<td>47,2x47,2x10,75mm<\/td>\n<td>42,6x42,6x9,2mm<\/td>\n<\/tr>\n<tr>\n<td>\n<h3>Peso<\/h3>\n<p>(sin correa)<\/td>\n<td>Aleaci\u00f3n de aluminio: Aprox. 36g<br \/>\nAcero inoxidable: Aprox. 48g<br \/>\nTitanio: Aprox. 40g<\/td>\n<td>Aprox. 25,5g<\/td>\n<\/tr>\n<tr>\n<td>\n<h3>Grado de resistencia al agua y al polvo<\/h3>\n<\/td>\n<td>5 cajeros autom\u00e1ticos<\/td>\n<td>5 cajeros autom\u00e1ticos<\/td>\n<\/tr>\n<tr>\n<td>\n<h3>Pantalla<\/h3>\n<\/td>\n<td>1,39\u2033 AMOLED, Resoluci\u00f3n 454\u00d7454, 326 ppp<\/td>\n<td>1.2\u2033 AMOLED, Resoluci\u00f3n 390\u00d7390, 326 ppi, Pantalla siempre encendida<\/td>\n<\/tr>\n<tr>\n<td>\n<h3>Pantalla t\u00e1ctil<\/h3>\n<\/td>\n<td>Vidrio templado Corning Gorilla 3 + Recubrimiento antihuellas<\/td>\n<td>Vidrio templado Corning Gorilla 3 + Recubrimiento antihuellas<\/td>\n<\/tr>\n<tr>\n<td>\n<h3>Tipos de correas de reloj est\u00e1ndar<\/h3>\n<\/td>\n<td>Aleaci\u00f3n de aluminio: Correa de cuero marr\u00f3n<br \/>\nAcero inoxidable: Correa de piel marr\u00f3n<br \/>\nTitanio: correa de caucho fluorado<\/td>\n<td>Negro estrellado: correa de silicona negra<br \/>\nCherry Blossom Pink: Correa de silicona rosa<br \/>\nBlanco claro de luna: correa de silicona blanca<br \/>\nRojo Coral: Correa de silicona roja<br \/>\nEdici\u00f3n Glitter: Correa de cuero blanca<\/td>\n<\/tr>\n<tr>\n<td>\n<h3>Ancho de la correa<\/h3>\n<\/td>\n<td>22mm<\/td>\n<td>20 mil\u00edmetros<\/td>\n<\/tr>\n<tr>\n<td>\n<h3>Sensores<\/h3>\n<\/td>\n<td colspan=\"2\">BioTracker<sup>MT<\/sup>\u00a0Sensor \u00f3ptico de seguimiento biol\u00f3gico PPG, sensor de aceleraci\u00f3n de 6 ejes, sensor geomagn\u00e9tico de 3 ejes, sensor de presi\u00f3n de aire, sensor de capacidad, sensor de luz ambiental<\/td>\n<\/tr>\n<tr>\n<td>\n<h3>Posicionamiento<\/h3>\n<\/td>\n<td colspan=\"2\">GPS+GLONASS<\/td>\n<\/tr>\n<tr>\n<td>\n<h3>Conectividad<\/h3>\n<\/td>\n<td colspan=\"2\">BT5.0 BLE<\/td>\n<\/tr>\n<tr>\n<td>\n<h3>Bater\u00eda<\/h3>\n<\/td>\n<td>Bater\u00eda Li-Po de 410 mAh<\/td>\n<td>Bater\u00eda Li-Po de 195 mAh<\/td>\n<\/tr>\n<tr>\n<td>\n<h3>M\u00e9todo de carga<\/h3>\n<\/td>\n<td colspan=\"2\">Base de carga magn\u00e9tica, carga de 2 pines Pogo Pin<\/td>\n<\/tr>\n<tr>\n<td>\n<h3>Duraci\u00f3n te\u00f3rica de la carga<\/h3>\n<\/td>\n<td colspan=\"2\">Aprox. 2 horas<\/td>\n<\/tr>\n<tr>\n<td>\n<h3>Duraci\u00f3n de la bater\u00eda<\/h3>\n<\/td>\n<td>\n<h3>Escenario de uso t\u00edpico: 24 d\u00edas<\/h3>\n<p>Frecuencia card\u00edaca siempre activa, monitorizaci\u00f3n del sue\u00f1o,<br \/>\n150 notificaciones push con pantalla iluminada,<br \/>\nlevanta la mu\u00f1eca para ver la pantalla 30 veces,<br \/>\ncorra o haga ejercicio 3 veces por semana durante 30 minutos con el GPS encendido y 5 minutos para otras operaciones.<\/p>\n<h3>Modo de reloj b\u00e1sico: 74 d\u00edas<\/h3>\n<p>Desactive Bluetooth, frecuencia card\u00edaca y otras funciones, y levante la mu\u00f1eca para ver la pantalla 100 veces al d\u00eda.<\/td>\n<td>\n<h3>Escenario de uso t\u00edpico: 12 d\u00edas<\/h3>\n<p>Frecuencia card\u00edaca siempre activa, monitorizaci\u00f3n del sue\u00f1o,<br \/>\n150 notificaciones push con pantalla iluminada,<br \/>\nlevanta la mu\u00f1eca para ver la pantalla 30 veces,<br \/>\ncorra o haga ejercicio 3 veces por semana durante 30 minutos con el GPS encendido y 5 minutos para otras operaciones.<\/p>\n<h3>Modo de reloj b\u00e1sico: 34 d\u00edas<\/h3>\n<p>Desactive Bluetooth, frecuencia card\u00edaca y otras funciones, y levante la mu\u00f1eca para ver la pantalla 100 veces al d\u00eda.<\/td>\n<\/tr>\n<tr>\n<td>\n<h3>Materiales del cuerpo<\/h3>\n<\/td>\n<td colspan=\"2\">Metal, cer\u00e1mica de circonio microcristalino, materiales polim\u00e9ricos.<\/td>\n<\/tr>\n<tr>\n<td>\n<h3>Dispositivos soportados<\/h3>\n<\/td>\n<td colspan=\"2\">Android 5.0 y superior, iOS 10.0 y superior<\/td>\n<\/tr>\n<tr>\n<td>\n<h3>Accesorios<\/h3>\n<\/td>\n<td colspan=\"2\">Base de carga magn\u00e9tica, manual de usuario.<\/td>\n<\/tr>\n<\/tbody>\n<\/table>","protected":false},"excerpt":{"rendered":"<p>El reloj inteligente Amazfit GTR presenta el aspecto cl\u00e1sico del reloj tradicional, es perfecto para uso deportivo y comercial. Su caracter\u00edstica m\u00e1s destacada es la duraci\u00f3n ultralarga de la bater\u00eda, que puede alcanzar hasta 12 d\u00edas para un uso normal, por lo que podr\u00eda decir adi\u00f3s a la carga frecuente. Se muestran 12 modos deportivos para realizar un seguimiento de su salud en diferentes estados. M\u00e1s de 100 esferas de reloj para tu elecci\u00f3n.<\/p>","protected":false},"featured_media":21285,"template":"","meta":[],"product_brand":[1416],"product_cat":[1339,1305],"product_tag":[425,426,427],"class_list":{"0":"post-21244","1":"product","2":"type-product","3":"status-publish","4":"has-post-thumbnail","6":"product_brand-amazfit","7":"product_cat-amazfit-smartwatch","8":"product_cat-xiaomi-eco","9":"product_tag-amazfit","10":"product_tag-gps","11":"product_tag-smart-watch","13":"first","14":"instock","15":"shipping-taxable","16":"product-type-external"},"aioseo_notices":[],"aioseo_head":"\n\t\t<!-- All in One SEO Pro 4.5.9.2 - aioseo.com -->\n\t\t<meta name=\"description\" content=\"Amazfit GTR smart watch features classic look of the traditional watch, it is perfect for sports and business use. Its most prominent feature is ultra-long battery life, which up to 12 days for normal use, in a result, you could say goodbye to frequent charging. 12 sports modes are shown to keep track of your health in different status. Over 100 watch faces for your choice.\" \/>\n\t\t<meta name=\"robots\" content=\"max-image-preview:large\" \/>\n\t\t<link rel=\"canonical\" href=\"https:\/\/www.rucashk.com\/es\/producto\/amazfit-gtr-amoled-smart-watch-gpsglonass-wholesale\/\" \/>\n\t\t<meta name=\"generator\" content=\"All in One SEO Pro (AIOSEO) 4.5.9.2\" \/>\n\t\t<meta property=\"og:locale\" content=\"es_ES\" \/>\n\t\t<meta property=\"og:site_name\" content=\"Rucas - One-stop AIoT Distribution Worldwide\" \/>\n\t\t<meta property=\"og:type\" content=\"article\" \/>\n\t\t<meta property=\"og:title\" content=\"Amazfit GTR AMOLED Smart Watch GPS+GLONASS Wholesale - Rucas - Wholesale and Distribution\" \/>\n\t\t<meta property=\"og:description\" content=\"Amazfit GTR smart watch features classic look of the traditional watch, it is perfect for sports and business use. Its most prominent feature is ultra-long battery life, which up to 12 days for normal use, in a result, you could say goodbye to frequent charging. 12 sports modes are shown to keep track of your health in different status. Over 100 watch faces for your choice.\" \/>\n\t\t<meta property=\"og:url\" content=\"https:\/\/www.rucashk.com\/es\/producto\/amazfit-gtr-amoled-smart-watch-gpsglonass-wholesale\/\" \/>\n\t\t<meta property=\"og:image\" content=\"https:\/\/www.rucashk.com\/wp-content\/uploads\/replace\/503b8e645f128a97ccde2b6290747646.jpeg\" \/>\n\t\t<meta property=\"og:image:secure_url\" content=\"https:\/\/www.rucashk.com\/wp-content\/uploads\/replace\/503b8e645f128a97ccde2b6290747646.jpeg\" \/>\n\t\t<meta property=\"og:image:width\" content=\"1456\" \/>\n\t\t<meta property=\"og:image:height\" content=\"816\" \/>\n\t\t<meta property=\"article:published_time\" content=\"2024-01-09T15:30:49+00:00\" \/>\n\t\t<meta property=\"article:modified_time\" content=\"2025-06-22T06:25:36+00:00\" \/>\n\t\t<meta name=\"twitter:card\" content=\"summary_large_image\" \/>\n\t\t<meta name=\"twitter:title\" content=\"Amazfit GTR AMOLED Smart Watch GPS+GLONASS Wholesale - Rucas - Wholesale and Distribution\" \/>\n\t\t<meta name=\"twitter:description\" content=\"Amazfit GTR smart watch features classic look of the traditional watch, it is perfect for sports and business use. Its most prominent feature is ultra-long battery life, which up to 12 days for normal use, in a result, you could say goodbye to frequent charging. 12 sports modes are shown to keep track of your health in different status. Over 100 watch faces for your choice.\" \/>\n\t\t<meta name=\"twitter:image\" content=\"https:\/\/www.rucashk.com\/wp-content\/uploads\/replace\/503b8e645f128a97ccde2b6290747646.jpeg\" \/>\n\t\t<script type=\"application\/ld+json\" class=\"aioseo-schema\">\n\t\t\t{\"@context\":\"https:\\\/\\\/schema.org\",\"@graph\":[{\"@type\":\"BreadcrumbList\",\"@id\":\"https:\\\/\\\/www.rucashk.com\\\/es\\\/producto\\\/amazfit-gtr-amoled-smart-watch-gpsglonass-wholesale\\\/#breadcrumblist\",\"itemListElement\":[{\"@type\":\"ListItem\",\"@id\":\"https:\\\/\\\/www.rucashk.com\\\/es\\\/#listItem\",\"position\":1,\"name\":\"Home\",\"item\":\"https:\\\/\\\/www.rucashk.com\\\/es\\\/\",\"nextItem\":\"https:\\\/\\\/www.rucashk.com\\\/es\\\/producto\\\/amazfit-gtr-amoled-smart-watch-gpsglonass-wholesale\\\/#listItem\"},{\"@type\":\"ListItem\",\"@id\":\"https:\\\/\\\/www.rucashk.com\\\/es\\\/producto\\\/amazfit-gtr-amoled-smart-watch-gpsglonass-wholesale\\\/#listItem\",\"position\":2,\"name\":\"Amazfit GTR AMOLED Smart Watch GPS+GLONASS Wholesale\",\"previousItem\":\"https:\\\/\\\/www.rucashk.com\\\/es\\\/#listItem\"}]},{\"@type\":\"Organization\",\"@id\":\"https:\\\/\\\/www.rucashk.com\\\/es\\\/#organization\",\"name\":\"Rucas\",\"url\":\"https:\\\/\\\/www.rucashk.com\\\/es\\\/\",\"logo\":{\"@type\":\"ImageObject\",\"url\":\"https:\\\/\\\/www.rucashk.com\\\/wp-content\\\/uploads\\\/2023\\\/12\\\/Rucas_campany_logo.png\",\"@id\":\"https:\\\/\\\/www.rucashk.com\\\/es\\\/producto\\\/amazfit-gtr-amoled-smart-watch-gpsglonass-wholesale\\\/#organizationLogo\",\"width\":221,\"height\":65},\"image\":{\"@id\":\"https:\\\/\\\/www.rucashk.com\\\/es\\\/#organizationLogo\"}},{\"@type\":\"Person\",\"@id\":\"https:\\\/\\\/www.rucashk.com\\\/es\\\/author\\\/admin\\\/#author\",\"url\":\"https:\\\/\\\/www.rucashk.com\\\/es\\\/author\\\/admin\\\/\",\"name\":\"admin\",\"image\":{\"@type\":\"ImageObject\",\"@id\":\"https:\\\/\\\/www.rucashk.com\\\/es\\\/producto\\\/amazfit-gtr-amoled-smart-watch-gpsglonass-wholesale\\\/#authorImage\",\"url\":\"https:\\\/\\\/secure.gravatar.com\\\/avatar\\\/b7c8925b09a27e72b30232f8ecaadbd5af0f70a38c78096863fe51b64f031c24?s=96&d=mm&r=g\",\"width\":96,\"height\":96,\"caption\":\"admin\"}},{\"@type\":\"WebPage\",\"@id\":\"https:\\\/\\\/www.rucashk.com\\\/es\\\/producto\\\/amazfit-gtr-amoled-smart-watch-gpsglonass-wholesale\\\/#webpage\",\"url\":\"https:\\\/\\\/www.rucashk.com\\\/es\\\/producto\\\/amazfit-gtr-amoled-smart-watch-gpsglonass-wholesale\\\/\",\"name\":\"Amazfit GTR AMOLED Smart Watch GPS+GLONASS Wholesale - Rucas - Wholesale and Distribution\",\"description\":\"Amazfit GTR smart watch features classic look of the traditional watch, it is perfect for sports and business use. Its most prominent feature is ultra-long battery life, which up to 12 days for normal use, in a result, you could say goodbye to frequent charging. 12 sports modes are shown to keep track of your health in different status. Over 100 watch faces for your choice.\",\"inLanguage\":\"es-ES\",\"isPartOf\":{\"@id\":\"https:\\\/\\\/www.rucashk.com\\\/es\\\/#website\"},\"breadcrumb\":{\"@id\":\"https:\\\/\\\/www.rucashk.com\\\/es\\\/producto\\\/amazfit-gtr-amoled-smart-watch-gpsglonass-wholesale\\\/#breadcrumblist\"},\"author\":{\"@id\":\"https:\\\/\\\/www.rucashk.com\\\/es\\\/author\\\/admin\\\/#author\"},\"creator\":{\"@id\":\"https:\\\/\\\/www.rucashk.com\\\/es\\\/author\\\/admin\\\/#author\"},\"image\":{\"@type\":\"ImageObject\",\"url\":\"https:\\\/\\\/www.rucashk.com\\\/wp-content\\\/uploads\\\/2024\\\/01\\\/s-l500-3-1.jpg\",\"@id\":\"https:\\\/\\\/www.rucashk.com\\\/es\\\/producto\\\/amazfit-gtr-amoled-smart-watch-gpsglonass-wholesale\\\/#mainImage\",\"width\":800,\"height\":800},\"primaryImageOfPage\":{\"@id\":\"https:\\\/\\\/www.rucashk.com\\\/es\\\/producto\\\/amazfit-gtr-amoled-smart-watch-gpsglonass-wholesale\\\/#mainImage\"},\"datePublished\":\"2024-01-09T15:30:49+00:00\",\"dateModified\":\"2025-06-22T06:25:36+00:00\"},{\"@type\":\"WebSite\",\"@id\":\"https:\\\/\\\/www.rucashk.com\\\/es\\\/#website\",\"url\":\"https:\\\/\\\/www.rucashk.com\\\/es\\\/\",\"name\":\"Rucas - Wholesale and distribution worldwide\",\"alternateName\":\"Rucas - One-stop AIoT Distribution Worldwide\",\"description\":\"One-stop AIoT Distribution Worldwide\",\"inLanguage\":\"es-ES\",\"publisher\":{\"@id\":\"https:\\\/\\\/www.rucashk.com\\\/es\\\/#organization\"}}]}\n\t\t<\/script>\n\t\t<!-- All in One SEO Pro -->\r\n\t\t<title>Amazfit GTR AMOLED Smart Watch GPS+GLONASS Wholesale - Rucas - Wholesale and Distribution<\/title>\n\n","aioseo_head_json":{"title":"Amazfit GTR AMOLED Smart Watch GPS+GLONASS Wholesale - Rucas - Wholesale and Distribution","description":"Amazfit GTR smart watch features classic look of the traditional watch, it is perfect for sports and business use. Its most prominent feature is ultra-long battery life, which up to 12 days for normal use, in a result, you could say goodbye to frequent charging. 12 sports modes are shown to keep track of your health in different status. Over 100 watch faces for your choice.","canonical_url":"https:\/\/www.rucashk.com\/es\/producto\/amazfit-gtr-amoled-smart-watch-gpsglonass-wholesale\/","robots":"max-image-preview:large","keywords":"","webmasterTools":{"miscellaneous":""},"og:locale":"es_ES","og:site_name":"Rucas - One-stop AIoT Distribution Worldwide","og:type":"article","og:title":"Amazfit GTR AMOLED Smart Watch GPS+GLONASS Wholesale - Rucas - Wholesale and Distribution","og:description":"Amazfit GTR smart watch features classic look of the traditional watch, it is perfect for sports and business use. Its most prominent feature is ultra-long battery life, which up to 12 days for normal use, in a result, you could say goodbye to frequent charging. 12 sports modes are shown to keep track of your health in different status. Over 100 watch faces for your choice.","og:url":"https:\/\/www.rucashk.com\/es\/producto\/amazfit-gtr-amoled-smart-watch-gpsglonass-wholesale\/","og:image":"https:\/\/www.rucashk.com\/wp-content\/uploads\/replace\/503b8e645f128a97ccde2b6290747646.jpeg","og:image:secure_url":"https:\/\/www.rucashk.com\/wp-content\/uploads\/replace\/503b8e645f128a97ccde2b6290747646.jpeg","og:image:width":1456,"og:image:height":816,"article:published_time":"2024-01-09T15:30:49+00:00","article:modified_time":"2025-06-22T06:25:36+00:00","twitter:card":"summary_large_image","twitter:title":"Amazfit GTR AMOLED Smart Watch GPS+GLONASS Wholesale - Rucas - Wholesale and Distribution","twitter:description":"Amazfit GTR smart watch features classic look of the traditional watch, it is perfect for sports and business use. Its most prominent feature is ultra-long battery life, which up to 12 days for normal use, in a result, you could say goodbye to frequent charging. 12 sports modes are shown to keep track of your health in different status. Over 100 watch faces for your choice.","twitter:image":"https:\/\/www.rucashk.com\/wp-content\/uploads\/replace\/503b8e645f128a97ccde2b6290747646.jpeg","schema":{"@context":"https:\/\/schema.org","@graph":[{"@type":"BreadcrumbList","@id":"https:\/\/www.rucashk.com\/es\/producto\/amazfit-gtr-amoled-smart-watch-gpsglonass-wholesale\/#breadcrumblist","itemListElement":[{"@type":"ListItem","@id":"https:\/\/www.rucashk.com\/es\/#listItem","position":1,"name":"Home","item":"https:\/\/www.rucashk.com\/es\/","nextItem":"https:\/\/www.rucashk.com\/es\/producto\/amazfit-gtr-amoled-smart-watch-gpsglonass-wholesale\/#listItem"},{"@type":"ListItem","@id":"https:\/\/www.rucashk.com\/es\/producto\/amazfit-gtr-amoled-smart-watch-gpsglonass-wholesale\/#listItem","position":2,"name":"Amazfit GTR AMOLED Smart Watch GPS+GLONASS Wholesale","previousItem":"https:\/\/www.rucashk.com\/es\/#listItem"}]},{"@type":"Organization","@id":"https:\/\/www.rucashk.com\/es\/#organization","name":"Rucas","url":"https:\/\/www.rucashk.com\/es\/","logo":{"@type":"ImageObject","url":"https:\/\/www.rucashk.com\/wp-content\/uploads\/2023\/12\/Rucas_campany_logo.png","@id":"https:\/\/www.rucashk.com\/es\/producto\/amazfit-gtr-amoled-smart-watch-gpsglonass-wholesale\/#organizationLogo","width":221,"height":65},"image":{"@id":"https:\/\/www.rucashk.com\/es\/#organizationLogo"}},{"@type":"Person","@id":"https:\/\/www.rucashk.com\/es\/author\/admin\/#author","url":"https:\/\/www.rucashk.com\/es\/author\/admin\/","name":"admin","image":{"@type":"ImageObject","@id":"https:\/\/www.rucashk.com\/es\/producto\/amazfit-gtr-amoled-smart-watch-gpsglonass-wholesale\/#authorImage","url":"https:\/\/secure.gravatar.com\/avatar\/b7c8925b09a27e72b30232f8ecaadbd5af0f70a38c78096863fe51b64f031c24?s=96&d=mm&r=g","width":96,"height":96,"caption":"admin"}},{"@type":"WebPage","@id":"https:\/\/www.rucashk.com\/es\/producto\/amazfit-gtr-amoled-smart-watch-gpsglonass-wholesale\/#webpage","url":"https:\/\/www.rucashk.com\/es\/producto\/amazfit-gtr-amoled-smart-watch-gpsglonass-wholesale\/","name":"Amazfit GTR AMOLED Smart Watch GPS+GLONASS Wholesale - Rucas - Wholesale and Distribution","description":"Amazfit GTR smart watch features classic look of the traditional watch, it is perfect for sports and business use. Its most prominent feature is ultra-long battery life, which up to 12 days for normal use, in a result, you could say goodbye to frequent charging. 12 sports modes are shown to keep track of your health in different status. Over 100 watch faces for your choice.","inLanguage":"es-ES","isPartOf":{"@id":"https:\/\/www.rucashk.com\/es\/#website"},"breadcrumb":{"@id":"https:\/\/www.rucashk.com\/es\/producto\/amazfit-gtr-amoled-smart-watch-gpsglonass-wholesale\/#breadcrumblist"},"author":{"@id":"https:\/\/www.rucashk.com\/es\/author\/admin\/#author"},"creator":{"@id":"https:\/\/www.rucashk.com\/es\/author\/admin\/#author"},"image":{"@type":"ImageObject","url":"https:\/\/www.rucashk.com\/wp-content\/uploads\/2024\/01\/s-l500-3-1.jpg","@id":"https:\/\/www.rucashk.com\/es\/producto\/amazfit-gtr-amoled-smart-watch-gpsglonass-wholesale\/#mainImage","width":800,"height":800},"primaryImageOfPage":{"@id":"https:\/\/www.rucashk.com\/es\/producto\/amazfit-gtr-amoled-smart-watch-gpsglonass-wholesale\/#mainImage"},"datePublished":"2024-01-09T15:30:49+00:00","dateModified":"2025-06-22T06:25:36+00:00"},{"@type":"WebSite","@id":"https:\/\/www.rucashk.com\/es\/#website","url":"https:\/\/www.rucashk.com\/es\/","name":"Rucas - Wholesale and distribution worldwide","alternateName":"Rucas - One-stop AIoT Distribution Worldwide","description":"One-stop AIoT Distribution Worldwide","inLanguage":"es-ES","publisher":{"@id":"https:\/\/www.rucashk.com\/es\/#organization"}}]}},"aioseo_meta_data":{"post_id":"21244","title":null,"description":null,"keywords":null,"keyphrases":null,"primary_term":null,"canonical_url":null,"og_title":null,"og_description":null,"og_object_type":"default","og_image_type":"default","og_image_url":null,"og_image_width":null,"og_image_height":null,"og_image_custom_url":null,"og_image_custom_fields":null,"og_video":"","og_custom_url":null,"og_article_section":null,"og_article_tags":null,"twitter_use_og":false,"twitter_card":"default","twitter_image_type":"default","twitter_image_url":null,"twitter_image_custom_url":null,"twitter_image_custom_fields":null,"twitter_title":null,"twitter_description":null,"schema":{"blockGraphs":[],"customGraphs":[],"default":{"data":{"Article":[],"Course":[],"Dataset":[],"FAQPage":[],"Movie":[],"Person":[],"Product":[],"Recipe":[],"Service":[],"SoftwareApplication":[],"WebPage":[]},"graphName":"","isEnabled":true},"graphs":[]},"schema_type":"default","schema_type_options":null,"pillar_content":false,"robots_default":true,"robots_noindex":false,"robots_noarchive":false,"robots_nosnippet":false,"robots_nofollow":false,"robots_noimageindex":false,"robots_noodp":false,"robots_notranslate":false,"robots_max_snippet":"-1","robots_max_videopreview":"-1","robots_max_imagepreview":"large","priority":null,"frequency":"default","local_seo":null,"breadcrumb_settings":null,"limit_modified_date":false,"created":"2024-04-11 01:55:14","updated":"2025-06-22 16:18:05"},"aioseo_breadcrumb":"<div class=\"aioseo-breadcrumbs\"><span class=\"aioseo-breadcrumb\">\n\t<a href=\"https:\/\/www.rucashk.com\/es\" title=\"Home\">Home<\/a>\n<\/span><span class=\"aioseo-breadcrumb-separator\">&raquo;<\/span><span class=\"aioseo-breadcrumb\">\n\t<a href=\"https:\/\/www.rucashk.com\/es\/products\/\" title=\"Productos\">Productos<\/a>\n<\/span><span class=\"aioseo-breadcrumb-separator\">&raquo;<\/span><span class=\"aioseo-breadcrumb\">\n\t<a href=\"https:\/\/www.rucashk.com\/es\/marca\/amazfit\/\" title=\"Amazfit\">Amazfit<\/a>\n<\/span><span class=\"aioseo-breadcrumb-separator\">&raquo;<\/span><span class=\"aioseo-breadcrumb\">\n\tAmazfit GTR AMOLED Smart Watch GPS+GLONASS Wholesale\n<\/span><\/div>","aioseo_breadcrumb_json":[{"label":"Home","link":"https:\/\/www.rucashk.com\/es"},{"label":"Productos","link":"https:\/\/www.rucashk.com\/es\/products\/"},{"label":"Amazfit","link":"https:\/\/www.rucashk.com\/es\/marca\/amazfit\/"},{"label":"Amazfit GTR AMOLED Smart Watch GPS+GLONASS Wholesale","link":"https:\/\/www.rucashk.com\/es\/producto\/amazfit-gtr-amoled-smart-watch-gpsglonass-wholesale\/"}],"_links":{"self":[{"href":"https:\/\/www.rucashk.com\/es\/wp-json\/wp\/v2\/product\/21244","targetHints":{"allow":["GET"]}}],"collection":[{"href":"https:\/\/www.rucashk.com\/es\/wp-json\/wp\/v2\/product"}],"about":[{"href":"https:\/\/www.rucashk.com\/es\/wp-json\/wp\/v2\/types\/product"}],"wp:featuredmedia":[{"embeddable":true,"href":"https:\/\/www.rucashk.com\/es\/wp-json\/wp\/v2\/media\/21285"}],"wp:attachment":[{"href":"https:\/\/www.rucashk.com\/es\/wp-json\/wp\/v2\/media?parent=21244"}],"wp:term":[{"taxonomy":"product_brand","embeddable":true,"href":"https:\/\/www.rucashk.com\/es\/wp-json\/wp\/v2\/product_brand?post=21244"},{"taxonomy":"product_cat","embeddable":true,"href":"https:\/\/www.rucashk.com\/es\/wp-json\/wp\/v2\/product_cat?post=21244"},{"taxonomy":"product_tag","embeddable":true,"href":"https:\/\/www.rucashk.com\/es\/wp-json\/wp\/v2\/product_tag?post=21244"}],"curies":[{"name":"wp","href":"https:\/\/api.w.org\/{rel}","templated":true}]}}