{"id":40347,"date":"2024-03-31T15:31:52","date_gmt":"2024-03-31T15:31:52","guid":{"rendered":"http:\/\/rucashk.com\/?page_id=40347"},"modified":"2024-05-30T01:45:49","modified_gmt":"2024-05-30T01:45:49","slug":"help-center","status":"publish","type":"page","link":"https:\/\/www.rucashk.com\/es\/help-center\/","title":{"rendered":"Centro de ayuda"},"content":{"rendered":"<div data-elementor-type=\"wp-page\" data-elementor-id=\"40347\" class=\"elementor elementor-40347\" data-elementor-post-type=\"page\">\n\t\t\t\t\t\t<section class=\"elementor-section elementor-top-section elementor-element elementor-element-45a3b396 elementor-section-boxed elementor-section-height-default elementor-section-height-default motta-responsive-column motta-tablet-column--default motta-responsive-column motta-mobile-column--default\" data-id=\"45a3b396\" data-element_type=\"section\" data-settings=\"{&quot;background_background&quot;:&quot;classic&quot;,&quot;ekit_has_onepagescroll_dot&quot;:&quot;yes&quot;}\">\n\t\t\t\t\t\t<div class=\"elementor-container elementor-column-gap-default\">\n\t\t\t\t\t<div class=\"elementor-column elementor-col-33 elementor-top-column elementor-element elementor-element-682b88dc\" data-id=\"682b88dc\" data-element_type=\"column\">\n\t\t\t<div class=\"elementor-widget-wrap\">\n\t\t\t\t\t\t\t<\/div>\n\t\t<\/div>\n\t\t\t\t<div class=\"elementor-column elementor-col-33 elementor-top-column elementor-element elementor-element-66a2ea83\" data-id=\"66a2ea83\" data-element_type=\"column\">\n\t\t\t<div class=\"elementor-widget-wrap elementor-element-populated\">\n\t\t\t\t\t\t<div class=\"elementor-element elementor-element-5b863af0 elementor-widget elementor-widget-elementskit-heading\" data-id=\"5b863af0\" data-element_type=\"widget\" data-settings=\"{&quot;ekit_we_effect_on&quot;:&quot;none&quot;}\" data-widget_type=\"elementskit-heading.default\">\n\t\t\t\t<div class=\"elementor-widget-container\">\n\t\t\t\t\t<div class=\"ekit-wid-con\" ><div class=\"ekit-heading elementskit-section-title-wraper text_center   ekit_heading_tablet-   ekit_heading_mobile-\"><h2 class=\"ekit-heading--title elementskit-section-title\">Centro de ayuda<\/h2><div class=\"ekit_heading_separetor_wraper ekit_heading_elementskit-border-divider\"><div class=\"elementskit-border-divider\"><\/div><\/div>\t\t\t\t<div class='ekit-heading__description'>\n\t\t\t\t\t<p>Cualquier duda te podemos ayudar r\u00e1pidamente<\/p>\n\t\t\t\t<\/div>\n\t\t\t<\/div><\/div>\t\t\t\t<\/div>\n\t\t\t\t<\/div>\n\t\t\t\t<div class=\"elementor-element elementor-element-d2546ed motta-skin--base motta-shape--default motta-search__input-size--large motta-search__button-position--outside motta-search__button-icon-position--right motta-search__trending-position--inside elementor-widget elementor-widget-motta-search\" data-id=\"d2546ed\" data-element_type=\"widget\" data-settings=\"{&quot;ekit_we_effect_on&quot;:&quot;none&quot;}\" data-widget_type=\"motta-search.default\">\n\t\t\t\t<div class=\"elementor-widget-container\">\n\t\t\t\t\t<div class=\"motta-search header-search header-search--outside\">\n\t\t\t\t\t\t<div class=\"motta-search__wrapper motta-custom-button--skin\">\n\t\t\t\t\t\t\t<form class=\"header-search__form\" method=\"get\" action=\"https:\/\/www.rucashk.com\/es\/\" data-trp-original-action=\"https:\/\/www.rucashk.com\/es\/\">\n\t\t\t\t\t\t\t\t<div class=\"header-search__container motta-type--input-text\">\n\t\t\t\t\t\t\t\t\t\n\t\t\t\t\t\t\t\t\t<input type=\"text\" name=\"s\" class=\"header-search__field\" value=\"\" placeholder=\"buscar cualquier cosa\" autocomplete=\"off\">\n\t\t\t\t\t\t\t\t\t<div class=\"header-search__categories\">\n\t\t\t\t\t<div class=\"header-search__categories-title\">\n\t\t\t\t\t\t<span>Select Categories<\/span>\n\t\t\t\t\t\t<span class=\"motta-svg-icon motta-svg-icon--close header-search__categories-close\" ><svg width=\"24\" height=\"24\" aria-hidden=\"true\" role=\"img\" focusable=\"false\" viewbox=\"0 0 32 32\"><path d=\"M28.336 5.936l-2.272-2.272-10.064 10.080-10.064-10.080-2.272 2.272 10.080 10.064-10.080 10.064 2.272 2.272 10.064-10.080 10.064 10.080 2.272-2.272-10.080-10.064z\"><\/path><\/svg><\/span>\n\t\t\t\t\t<\/div>\n\t\t\t\t\t<ul class=\"header-search__categories-container\">\n\t\t\t\t\t<li><a href=\"https:\/\/www.rucashk.com\/es\/categoria-producto\/ai\/\" data-slug=\"ai\">AI<\/a><\/li><li><a href=\"https:\/\/www.rucashk.com\/es\/categoria-producto\/e-vehicle-accessories\/\" data-slug=\"e-vehicle-accessories\">Accesorios para veh\u00edculos el\u00e9ctricos<\/a><\/li><li><a href=\"https:\/\/www.rucashk.com\/es\/categoria-producto\/jbl-earphone\/\" data-slug=\"jbl-earphone\">Auricular JBL<\/a><\/li><li><a href=\"https:\/\/www.rucashk.com\/es\/categoria-producto\/jbl-speaker\/\" data-slug=\"jbl-speaker\">Altavoz JBL<\/a><\/li><li><a href=\"https:\/\/www.rucashk.com\/es\/categoria-producto\/mobile-phone\/\" data-slug=\"mobile-phone\">Tel\u00e9fono m\u00f3vil<\/a><\/li><li><a href=\"https:\/\/www.rucashk.com\/es\/categoria-producto\/nintendo-console\/\" data-slug=\"nintendo-console\">Consola Nintendo<\/a><\/li><li><a href=\"https:\/\/www.rucashk.com\/es\/categoria-producto\/other-a-brands\/\" data-slug=\"other-a-brands\">Otras marcas A<\/a><\/li><li><a href=\"https:\/\/www.rucashk.com\/es\/categoria-producto\/sony-playstation\/\" data-slug=\"sony-playstation\">PlayStation de Sony<\/a><\/li><li><a href=\"https:\/\/www.rucashk.com\/es\/categoria-producto\/xiaomi-eco\/\" data-slug=\"xiaomi-eco\">Xiaomi Eco<\/a><\/li><li><a href=\"#\" class=\"active\" data-slug=\"0\">All Categories<\/a><\/li>\n\t\t\t\t\t<\/ul>\n\t\t\t\t<\/div>\n\t\t\t\t\t\t\t\t<\/div>\n\t\t\t\t\t\t\t\t<button class=\"motta-search__button motta-button motta-button--base motta-button--icon\" type=\"submit\"><span class=\"motta-svg-icon motta-svg-icon--search\" ><svg width=\"24\" height=\"24\" aria-hidden=\"true\" role=\"img\" focusable=\"false\" viewbox=\"0 0 32 32\"><path d=\"M28.8 26.544l-5.44-5.44c1.392-1.872 2.24-4.192 2.24-6.704 0-6.176-5.024-11.2-11.2-11.2s-11.2 5.024-11.2 11.2 5.024 11.2 11.2 11.2c2.512 0 4.832-0.848 6.688-2.24l5.44 5.44 2.272-2.256zM6.4 14.4c0-4.416 3.584-8 8-8s8 3.584 8 8-3.584 8-8 8-8-3.584-8-8z\"><\/path><\/svg><\/span><\/button><input type=\"hidden\" name=\"post_type\" class=\"header-search__post-type\" value=\"product\">\n\t\t\t\t\t\t\t<input type=\"hidden\" name=\"trp-form-language\" value=\"es\"\/><\/form>\n\t\t\t\t\t\t<\/div>\n\t\t\t\t\t\t\n\t\t\t\t\t\t<\/div>\t\t\t\t<\/div>\n\t\t\t\t<\/div>\n\t\t\t\t\t<\/div>\n\t\t<\/div>\n\t\t\t\t<div class=\"elementor-column elementor-col-33 elementor-top-column elementor-element elementor-element-1fa6871d\" data-id=\"1fa6871d\" data-element_type=\"column\">\n\t\t\t<div class=\"elementor-widget-wrap\">\n\t\t\t\t\t\t\t<\/div>\n\t\t<\/div>\n\t\t\t\t\t<\/div>\n\t\t<\/section>\n\t\t\t\t<section class=\"elementor-section elementor-top-section elementor-element elementor-element-f287b8d elementor-section-boxed elementor-section-height-default elementor-section-height-default motta-responsive-column motta-tablet-column--default motta-responsive-column motta-mobile-column--default\" data-id=\"f287b8d\" data-element_type=\"section\" data-settings=\"{&quot;ekit_has_onepagescroll_dot&quot;:&quot;yes&quot;}\">\n\t\t\t\t\t\t<div class=\"elementor-container elementor-column-gap-default\">\n\t\t\t\t\t<div class=\"elementor-column elementor-col-100 elementor-top-column elementor-element elementor-element-4195186\" data-id=\"4195186\" data-element_type=\"column\">\n\t\t\t<div class=\"elementor-widget-wrap elementor-element-populated\">\n\t\t\t\t\t\t<div class=\"elementor-element elementor-element-c31157e elementor-widget elementor-widget-motta-accordion\" data-id=\"c31157e\" data-element_type=\"widget\" data-settings=\"{&quot;ekit_we_effect_on&quot;:&quot;none&quot;}\" data-widget_type=\"motta-accordion.default\">\n\t\t\t\t<div class=\"elementor-widget-container\">\n\t\t\t\t\t\t\t<div class=\"motta-accordion\" role=\"tablist\">\n\t\t\t\t\t\t\t<div class=\"motta-accordion__item\">\n\t\t\t\t\t<div id=\"motta-tab-title-2041\" class=\"motta-accordion__title\" data-tab=\"1\" role=\"tab\" aria-controls=\"motta-tab-content-2041\">\n\t\t\t\t\t\t\t\t\t\t\t\t\t<span class=\"motta-accordion__icon motta-accordion__icon--default\" aria-hidden=\"true\"><\/span>\n\t\t\t\t\t\t\t\t\t\t\t\t<a class=\"motta-accordion__title-text\" href=\"#motta-tab-content-2041\">Apoyo t\u00e9cnico<\/a>\n\t\t\t\t\t<\/div>\n\t\t\t\t\t<div id=\"motta-tab-content-2041\" class=\"motta-accordion__content clearfix\" data-tab=\"1\" role=\"tabpanel\" aria-labelledby=\"motta-tab-title-2041\"><p>Proporciona gratuitamente una soluci\u00f3n de software y una gu\u00eda t\u00e9cnica todo el tiempo.<\/p><\/div>\n\t\t\t\t<\/div>\n\t\t\t\t\t\t\t<div class=\"motta-accordion__item\">\n\t\t\t\t\t<div id=\"motta-tab-title-2042\" class=\"motta-accordion__title\" data-tab=\"2\" role=\"tab\" aria-controls=\"motta-tab-content-2042\">\n\t\t\t\t\t\t\t\t\t\t\t\t\t<span class=\"motta-accordion__icon motta-accordion__icon--default\" aria-hidden=\"true\"><\/span>\n\t\t\t\t\t\t\t\t\t\t\t\t<a class=\"motta-accordion__title-text\" href=\"#motta-tab-content-2042\">Soporte local<\/a>\n\t\t\t\t\t<\/div>\n\t\t\t\t\t<div id=\"motta-tab-content-2042\" class=\"motta-accordion__content clearfix\" data-tab=\"2\" role=\"tabpanel\" aria-labelledby=\"motta-tab-title-2042\"><p>En una escala global.<\/p><\/div>\n\t\t\t\t<\/div>\n\t\t\t\t\t\t\t<div class=\"motta-accordion__item\">\n\t\t\t\t\t<div id=\"motta-tab-title-2043\" class=\"motta-accordion__title\" data-tab=\"3\" role=\"tab\" aria-controls=\"motta-tab-content-2043\">\n\t\t\t\t\t\t\t\t\t\t\t\t\t<span class=\"motta-accordion__icon motta-accordion__icon--default\" aria-hidden=\"true\"><\/span>\n\t\t\t\t\t\t\t\t\t\t\t\t<a class=\"motta-accordion__title-text\" href=\"#motta-tab-content-2043\">Preguntas frecuentes<\/a>\n\t\t\t\t\t<\/div>\n\t\t\t\t\t<div id=\"motta-tab-content-2043\" class=\"motta-accordion__content clearfix\" data-tab=\"3\" role=\"tabpanel\" aria-labelledby=\"motta-tab-title-2043\"><p>MOQ: SIN MOQ<\/p><p>T\u00e9rmino: EXW, FOB, CIF, DDP<\/p><p>Puerto de entrega: Puerto HK, Puerto SZ<\/p><p>Pago: TT, L\/C, Paypal, Western Union<\/p><p>Tipo de cargador: Cargador UE (2 pines)<\/p><p>Certificaci\u00f3n: CE, RoHS, MSDS, UN38.3, Declaraci\u00f3n de conformidad<\/p><p>Env\u00edo: Express sugiere menos de 100 kg. Se sugieren m\u00e1s de 100 kg por aire o por mar.<\/p><\/div>\n\t\t\t\t<\/div>\n\t\t\t\t\t<\/div>\n\t\t\t\t\t\t<\/div>\n\t\t\t\t<\/div>\n\t\t\t\t\t<\/div>\n\t\t<\/div>\n\t\t\t\t\t<\/div>\n\t\t<\/section>\n\t\t\t\t<\/div>","protected":false},"excerpt":{"rendered":"<p>Help Center Any questions we can help you quickly Select Categories AI Phone E-Vehicle Accessories JBL Earphone JBL Speaker Mobile Phone Nintendo Console Other A-Brands Sony PlayStation Xiaomi Eco All Categories Technical Support Freely provides software solution and technical guide all the time. Local Support On a global scale. FAQs MOQ: NO MOQ Term\uff1a EXW, [&hellip;]<\/p>","protected":false},"author":1,"featured_media":0,"parent":0,"menu_order":0,"comment_status":"closed","ping_status":"closed","template":"","meta":{"footnotes":""},"class_list":["post-40347","page","type-page","status-publish","hentry"],"aioseo_notices":[],"aioseo_head":"\n\t\t<!-- All in One SEO Pro 4.5.9.2 - aioseo.com -->\n\t\t<meta name=\"description\" content=\"Help Center Any questions we can help you quickly Select Categories AI Phone E-Vehicle Accessories JBL Earphone JBL Speaker Mobile Phone Nintendo Console Other A-Brands Sony PlayStation Xiaomi Eco All Categories Technical Support Freely provides software solution and technical guide all the time. Local Support On a global scale. FAQs MOQ: NO MOQ Term\uff1a EXW,\" \/>\n\t\t<meta name=\"robots\" content=\"max-image-preview:large\" \/>\n\t\t<link rel=\"canonical\" href=\"https:\/\/www.rucashk.com\/es\/help-center\/\" \/>\n\t\t<meta name=\"generator\" content=\"All in One SEO Pro (AIOSEO) 4.5.9.2\" \/>\n\t\t<meta property=\"og:locale\" content=\"es_ES\" \/>\n\t\t<meta property=\"og:site_name\" content=\"Rucas - One-stop AIoT Distribution Worldwide\" \/>\n\t\t<meta property=\"og:type\" content=\"article\" \/>\n\t\t<meta property=\"og:title\" content=\"Help Center - Rucas One-stop AIoT Distribution Worldwide\" \/>\n\t\t<meta property=\"og:description\" content=\"Help Center Any questions we can help you quickly Select Categories AI Phone E-Vehicle Accessories JBL Earphone JBL Speaker Mobile Phone Nintendo Console Other A-Brands Sony PlayStation Xiaomi Eco All Categories Technical Support Freely provides software solution and technical guide all the time. Local Support On a global scale. FAQs MOQ: NO MOQ Term\uff1a EXW,\" \/>\n\t\t<meta property=\"og:url\" content=\"https:\/\/www.rucashk.com\/es\/help-center\/\" \/>\n\t\t<meta property=\"og:image\" content=\"https:\/\/www.rucashk.com\/wp-content\/uploads\/replace\/503b8e645f128a97ccde2b6290747646.jpeg\" \/>\n\t\t<meta property=\"og:image:secure_url\" content=\"https:\/\/www.rucashk.com\/wp-content\/uploads\/replace\/503b8e645f128a97ccde2b6290747646.jpeg\" \/>\n\t\t<meta property=\"og:image:width\" content=\"1456\" \/>\n\t\t<meta property=\"og:image:height\" content=\"816\" \/>\n\t\t<meta property=\"article:published_time\" content=\"2024-03-31T15:31:52+00:00\" \/>\n\t\t<meta property=\"article:modified_time\" content=\"2024-05-30T01:45:49+00:00\" \/>\n\t\t<meta name=\"twitter:card\" content=\"summary_large_image\" \/>\n\t\t<meta name=\"twitter:title\" content=\"Help Center - Rucas One-stop AIoT Distribution Worldwide\" \/>\n\t\t<meta name=\"twitter:description\" content=\"Help Center Any questions we can help you quickly Select Categories AI Phone E-Vehicle Accessories JBL Earphone JBL Speaker Mobile Phone Nintendo Console Other A-Brands Sony PlayStation Xiaomi Eco All Categories Technical Support Freely provides software solution and technical guide all the time. Local Support On a global scale. FAQs MOQ: NO MOQ Term\uff1a EXW,\" \/>\n\t\t<meta name=\"twitter:image\" content=\"https:\/\/www.rucashk.com\/wp-content\/uploads\/replace\/503b8e645f128a97ccde2b6290747646.jpeg\" \/>\n\t\t<script type=\"application\/ld+json\" class=\"aioseo-schema\">\n\t\t\t{\"@context\":\"https:\\\/\\\/schema.org\",\"@graph\":[{\"@type\":\"BreadcrumbList\",\"@id\":\"https:\\\/\\\/www.rucashk.com\\\/es\\\/help-center\\\/#breadcrumblist\",\"itemListElement\":[{\"@type\":\"ListItem\",\"@id\":\"https:\\\/\\\/www.rucashk.com\\\/es\\\/#listItem\",\"position\":1,\"name\":\"Home\",\"item\":\"https:\\\/\\\/www.rucashk.com\\\/es\\\/\",\"nextItem\":\"https:\\\/\\\/www.rucashk.com\\\/es\\\/help-center\\\/#listItem\"},{\"@type\":\"ListItem\",\"@id\":\"https:\\\/\\\/www.rucashk.com\\\/es\\\/help-center\\\/#listItem\",\"position\":2,\"name\":\"Help Center\",\"previousItem\":\"https:\\\/\\\/www.rucashk.com\\\/es\\\/#listItem\"}]},{\"@type\":\"Organization\",\"@id\":\"https:\\\/\\\/www.rucashk.com\\\/es\\\/#organization\",\"name\":\"Rucas\",\"url\":\"https:\\\/\\\/www.rucashk.com\\\/es\\\/\",\"logo\":{\"@type\":\"ImageObject\",\"url\":\"https:\\\/\\\/www.rucashk.com\\\/wp-content\\\/uploads\\\/2023\\\/12\\\/Rucas_campany_logo.png\",\"@id\":\"https:\\\/\\\/www.rucashk.com\\\/es\\\/help-center\\\/#organizationLogo\",\"width\":221,\"height\":65},\"image\":{\"@id\":\"https:\\\/\\\/www.rucashk.com\\\/es\\\/#organizationLogo\"}},{\"@type\":\"WebPage\",\"@id\":\"https:\\\/\\\/www.rucashk.com\\\/es\\\/help-center\\\/#webpage\",\"url\":\"https:\\\/\\\/www.rucashk.com\\\/es\\\/help-center\\\/\",\"name\":\"Help Center - Rucas One-stop AIoT Distribution Worldwide\",\"description\":\"Help Center Any questions we can help you quickly Select Categories AI Phone E-Vehicle Accessories JBL Earphone JBL Speaker Mobile Phone Nintendo Console Other A-Brands Sony PlayStation Xiaomi Eco All Categories Technical Support Freely provides software solution and technical guide all the time. Local Support On a global scale. FAQs MOQ: NO MOQ Term\\uff1a EXW,\",\"inLanguage\":\"es-ES\",\"isPartOf\":{\"@id\":\"https:\\\/\\\/www.rucashk.com\\\/es\\\/#website\"},\"breadcrumb\":{\"@id\":\"https:\\\/\\\/www.rucashk.com\\\/es\\\/help-center\\\/#breadcrumblist\"},\"datePublished\":\"2024-03-31T15:31:52+00:00\",\"dateModified\":\"2024-05-30T01:45:49+00:00\"},{\"@type\":\"WebSite\",\"@id\":\"https:\\\/\\\/www.rucashk.com\\\/es\\\/#website\",\"url\":\"https:\\\/\\\/www.rucashk.com\\\/es\\\/\",\"name\":\"Rucas - Wholesale and distribution worldwide\",\"alternateName\":\"Rucas - One-stop AIoT Distribution Worldwide\",\"description\":\"One-stop AIoT Distribution Worldwide\",\"inLanguage\":\"es-ES\",\"publisher\":{\"@id\":\"https:\\\/\\\/www.rucashk.com\\\/es\\\/#organization\"}}]}\n\t\t<\/script>\n\t\t<!-- All in One SEO Pro -->\r\n\t\t<title>Help Center - Rucas One-stop AIoT Distribution Worldwide<\/title>\n\n","aioseo_head_json":{"title":"Help Center - Rucas One-stop AIoT Distribution Worldwide","description":"Help Center Any questions we can help you quickly Select Categories AI Phone E-Vehicle Accessories JBL Earphone JBL Speaker Mobile Phone Nintendo Console Other A-Brands Sony PlayStation Xiaomi Eco All Categories Technical Support Freely provides software solution and technical guide all the time. Local Support On a global scale. FAQs MOQ: NO MOQ Term\uff1a EXW,","canonical_url":"https:\/\/www.rucashk.com\/es\/help-center\/","robots":"max-image-preview:large","keywords":"","webmasterTools":{"miscellaneous":""},"og:locale":"es_ES","og:site_name":"Rucas - One-stop AIoT Distribution Worldwide","og:type":"article","og:title":"Help Center - Rucas One-stop AIoT Distribution Worldwide","og:description":"Help Center Any questions we can help you quickly Select Categories AI Phone E-Vehicle Accessories JBL Earphone JBL Speaker Mobile Phone Nintendo Console Other A-Brands Sony PlayStation Xiaomi Eco All Categories Technical Support Freely provides software solution and technical guide all the time. Local Support On a global scale. FAQs MOQ: NO MOQ Term\uff1a EXW,","og:url":"https:\/\/www.rucashk.com\/es\/help-center\/","og:image":"https:\/\/www.rucashk.com\/wp-content\/uploads\/replace\/503b8e645f128a97ccde2b6290747646.jpeg","og:image:secure_url":"https:\/\/www.rucashk.com\/wp-content\/uploads\/replace\/503b8e645f128a97ccde2b6290747646.jpeg","og:image:width":1456,"og:image:height":816,"article:published_time":"2024-03-31T15:31:52+00:00","article:modified_time":"2024-05-30T01:45:49+00:00","twitter:card":"summary_large_image","twitter:title":"Help Center - Rucas One-stop AIoT Distribution Worldwide","twitter:description":"Help Center Any questions we can help you quickly Select Categories AI Phone E-Vehicle Accessories JBL Earphone JBL Speaker Mobile Phone Nintendo Console Other A-Brands Sony PlayStation Xiaomi Eco All Categories Technical Support Freely provides software solution and technical guide all the time. Local Support On a global scale. FAQs MOQ: NO MOQ Term\uff1a EXW,","twitter:image":"https:\/\/www.rucashk.com\/wp-content\/uploads\/replace\/503b8e645f128a97ccde2b6290747646.jpeg","schema":{"@context":"https:\/\/schema.org","@graph":[{"@type":"BreadcrumbList","@id":"https:\/\/www.rucashk.com\/es\/help-center\/#breadcrumblist","itemListElement":[{"@type":"ListItem","@id":"https:\/\/www.rucashk.com\/es\/#listItem","position":1,"name":"Home","item":"https:\/\/www.rucashk.com\/es\/","nextItem":"https:\/\/www.rucashk.com\/es\/help-center\/#listItem"},{"@type":"ListItem","@id":"https:\/\/www.rucashk.com\/es\/help-center\/#listItem","position":2,"name":"Help Center","previousItem":"https:\/\/www.rucashk.com\/es\/#listItem"}]},{"@type":"Organization","@id":"https:\/\/www.rucashk.com\/es\/#organization","name":"Rucas","url":"https:\/\/www.rucashk.com\/es\/","logo":{"@type":"ImageObject","url":"https:\/\/www.rucashk.com\/wp-content\/uploads\/2023\/12\/Rucas_campany_logo.png","@id":"https:\/\/www.rucashk.com\/es\/help-center\/#organizationLogo","width":221,"height":65},"image":{"@id":"https:\/\/www.rucashk.com\/es\/#organizationLogo"}},{"@type":"WebPage","@id":"https:\/\/www.rucashk.com\/es\/help-center\/#webpage","url":"https:\/\/www.rucashk.com\/es\/help-center\/","name":"Help Center - Rucas One-stop AIoT Distribution Worldwide","description":"Help Center Any questions we can help you quickly Select Categories AI Phone E-Vehicle Accessories JBL Earphone JBL Speaker Mobile Phone Nintendo Console Other A-Brands Sony PlayStation Xiaomi Eco All Categories Technical Support Freely provides software solution and technical guide all the time. Local Support On a global scale. FAQs MOQ: NO MOQ Term\uff1a EXW,","inLanguage":"es-ES","isPartOf":{"@id":"https:\/\/www.rucashk.com\/es\/#website"},"breadcrumb":{"@id":"https:\/\/www.rucashk.com\/es\/help-center\/#breadcrumblist"},"datePublished":"2024-03-31T15:31:52+00:00","dateModified":"2024-05-30T01:45:49+00:00"},{"@type":"WebSite","@id":"https:\/\/www.rucashk.com\/es\/#website","url":"https:\/\/www.rucashk.com\/es\/","name":"Rucas - Wholesale and distribution worldwide","alternateName":"Rucas - One-stop AIoT Distribution Worldwide","description":"One-stop AIoT Distribution Worldwide","inLanguage":"es-ES","publisher":{"@id":"https:\/\/www.rucashk.com\/es\/#organization"}}]}},"aioseo_meta_data":{"post_id":"40347","title":"#post_title #separator_sa #site_title One-stop AIoT Distribution Worldwide","description":null,"keywords":"[]","keyphrases":"{\"focus\":{\"keyphrase\":\"\",\"score\":0,\"analysis\":{\"keyphraseInTitle\":{\"score\":0,\"maxScore\":9,\"error\":1}}},\"additional\":[]}","primary_term":null,"canonical_url":null,"og_title":null,"og_description":null,"og_object_type":"default","og_image_type":"default","og_image_url":null,"og_image_width":null,"og_image_height":null,"og_image_custom_url":null,"og_image_custom_fields":null,"og_video":"","og_custom_url":null,"og_article_section":null,"og_article_tags":"[]","twitter_use_og":false,"twitter_card":"default","twitter_image_type":"default","twitter_image_url":null,"twitter_image_custom_url":null,"twitter_image_custom_fields":null,"twitter_title":null,"twitter_description":null,"schema":{"blockGraphs":[],"customGraphs":[],"default":{"data":{"Article":[],"Course":[],"Dataset":[],"FAQPage":[],"Movie":[],"Person":[],"Product":[],"Recipe":[],"Service":[],"SoftwareApplication":[],"WebPage":[]},"graphName":"WebPage","isEnabled":true},"graphs":[]},"schema_type":"default","schema_type_options":null,"pillar_content":false,"robots_default":true,"robots_noindex":false,"robots_noarchive":false,"robots_nosnippet":false,"robots_nofollow":false,"robots_noimageindex":false,"robots_noodp":false,"robots_notranslate":false,"robots_max_snippet":"-1","robots_max_videopreview":"-1","robots_max_imagepreview":"large","priority":null,"frequency":"default","local_seo":null,"breadcrumb_settings":null,"limit_modified_date":false,"created":"2024-04-11 01:55:09","updated":"2025-06-22 16:09:35"},"aioseo_breadcrumb":"<div class=\"aioseo-breadcrumbs\"><span class=\"aioseo-breadcrumb\">\n\t<a href=\"https:\/\/www.rucashk.com\/es\" title=\"Home\">Home<\/a>\n<\/span><span class=\"aioseo-breadcrumb-separator\">&raquo;<\/span><span class=\"aioseo-breadcrumb\">\n\tHelp Center\n<\/span><\/div>","aioseo_breadcrumb_json":[{"label":"Home","link":"https:\/\/www.rucashk.com\/es"},{"label":"Help Center","link":"https:\/\/www.rucashk.com\/es\/help-center\/"}],"_links":{"self":[{"href":"https:\/\/www.rucashk.com\/es\/wp-json\/wp\/v2\/pages\/40347","targetHints":{"allow":["GET"]}}],"collection":[{"href":"https:\/\/www.rucashk.com\/es\/wp-json\/wp\/v2\/pages"}],"about":[{"href":"https:\/\/www.rucashk.com\/es\/wp-json\/wp\/v2\/types\/page"}],"author":[{"embeddable":true,"href":"https:\/\/www.rucashk.com\/es\/wp-json\/wp\/v2\/users\/1"}],"replies":[{"embeddable":true,"href":"https:\/\/www.rucashk.com\/es\/wp-json\/wp\/v2\/comments?post=40347"}],"version-history":[{"count":0,"href":"https:\/\/www.rucashk.com\/es\/wp-json\/wp\/v2\/pages\/40347\/revisions"}],"wp:attachment":[{"href":"https:\/\/www.rucashk.com\/es\/wp-json\/wp\/v2\/media?parent=40347"}],"curies":[{"name":"wp","href":"https:\/\/api.w.org\/{rel}","templated":true}]}}