{"id":40328,"date":"2024-03-31T15:18:21","date_gmt":"2024-03-31T15:18:21","guid":{"rendered":"http:\/\/rucashk.com\/?page_id=40328"},"modified":"2024-08-11T14:27:29","modified_gmt":"2024-08-11T14:27:29","slug":"faqs","status":"publish","type":"page","link":"https:\/\/www.rucashk.com\/es\/faqs\/","title":{"rendered":"Preguntas frecuentes"},"content":{"rendered":"<div data-elementor-type=\"wp-page\" data-elementor-id=\"40328\" class=\"elementor elementor-40328\" data-elementor-post-type=\"page\">\n\t\t\t\t\t\t<section class=\"elementor-section elementor-top-section elementor-element elementor-element-6f4175e elementor-section-boxed elementor-section-height-default elementor-section-height-default motta-responsive-column motta-tablet-column--default motta-responsive-column motta-mobile-column--default\" data-id=\"6f4175e\" data-element_type=\"section\" id=\"xs_faq_1\" data-settings=\"{&quot;ekit_has_onepagescroll_dot&quot;:&quot;yes&quot;}\">\n\t\t\t\t\t\t<div class=\"elementor-container elementor-column-gap-default\">\n\t\t\t\t\t<div class=\"elementor-column elementor-col-100 elementor-top-column elementor-element elementor-element-63c911e7\" data-id=\"63c911e7\" data-element_type=\"column\">\n\t\t\t<div class=\"elementor-widget-wrap elementor-element-populated\">\n\t\t\t\t\t\t<div class=\"elementor-element elementor-element-7ca1fe9b elementor-widget elementor-widget-elementskit-heading\" data-id=\"7ca1fe9b\" data-element_type=\"widget\" data-settings=\"{&quot;ekit_we_effect_on&quot;:&quot;none&quot;}\" data-widget_type=\"elementskit-heading.default\">\n\t\t\t\t<div class=\"elementor-widget-container\">\n\t\t\t\t\t<div class=\"ekit-wid-con\" ><div class=\"ekit-heading elementskit-section-title-wraper center   ekit_heading_tablet-   ekit_heading_mobile-\"><h2 class=\"ekit-heading--title elementskit-section-title\">Preguntas frecuentes<\/h2><div class=\"ekit_heading_separetor_wraper ekit_heading_elementskit-border-divider\"><div class=\"elementskit-border-divider\"><\/div><\/div>\t\t\t\t<div class='ekit-heading__description'>\n\t\t\t\t\t<p><span style=\"font-weight: 400\">Configure su estilo de preguntas frecuentes favorito para ayudar a los usuarios a obtener la informaci\u00f3n exacta.<\/span><\/p>\n\t\t\t\t<\/div>\n\t\t\t<\/div><\/div>\t\t\t\t<\/div>\n\t\t\t\t<\/div>\n\t\t\t\t<section class=\"elementor-section elementor-inner-section elementor-element elementor-element-32d4eaa9 elementor-section-boxed elementor-section-height-default elementor-section-height-default motta-responsive-column motta-tablet-column--default motta-responsive-column motta-mobile-column--default\" data-id=\"32d4eaa9\" data-element_type=\"section\" data-settings=\"{&quot;ekit_has_onepagescroll_dot&quot;:&quot;yes&quot;}\">\n\t\t\t\t\t\t<div class=\"elementor-container elementor-column-gap-default\">\n\t\t\t\t\t<div class=\"elementor-column elementor-col-50 elementor-inner-column elementor-element elementor-element-1982c9b\" data-id=\"1982c9b\" data-element_type=\"column\">\n\t\t\t<div class=\"elementor-widget-wrap elementor-element-populated\">\n\t\t\t\t\t\t<div class=\"elementor-element elementor-element-3bc8e5f2 elementor-widget elementor-widget-elementskit-faq\" data-id=\"3bc8e5f2\" data-element_type=\"widget\" data-settings=\"{&quot;ekit_we_effect_on&quot;:&quot;none&quot;}\" data-widget_type=\"elementskit-faq.default\">\n\t\t\t\t<div class=\"elementor-widget-container\">\n\t\t\t\t\t<div class=\"ekit-wid-con\" >\n                <div class=\"elementskit-single-faq elementor-repeater-item-d9fa2c9\">\n            <div class=\"elementskit-faq-header\">\n                <h2 class=\"elementskit-faq-title\">\u00bfC\u00f3mo adquirir los modelos?<\/h2>\n            <\/div>\n            <div class=\"elementskit-faq-body\">\n                No vendemos el producto directamente en el sitio web. En la p\u00e1gina de cada producto, ver\u00e1 un bot\u00f3n &quot;Contactar con el proveedor&quot; en el lado derecho. Al hacer clic en el bot\u00f3n aparecer\u00e1 un formulario. Despu\u00e9s de completar y enviar, el formulario se enviar\u00e1 directamente al representante de ventas. Tambi\u00e9n puede llamar directamente a nuestro representante de ventas. Haga clic en la p\u00e1gina &quot;Cont\u00e1ctenos&quot;.            <\/div>\n        <\/div>\n                <div class=\"elementskit-single-faq elementor-repeater-item-1a01986\">\n            <div class=\"elementskit-faq-header\">\n                <h2 class=\"elementskit-faq-title\">Si tengo preguntas sobre el producto, \u00bfa qui\u00e9n debo comunicarme?<\/h2>\n            <\/div>\n            <div class=\"elementskit-faq-body\">\n                Vaya a la p\u00e1gina de consulta del producto en la secci\u00f3n &quot;Cont\u00e1ctenos&quot;. Aqu\u00ed encontrar\u00e1 contactos de ventas para todas nuestras l\u00edneas de productos, quienes pueden ayudarlo con cualquier pregunta, desde especificaciones t\u00e9cnicas hasta informaci\u00f3n para realizar pedidos.            <\/div>\n        <\/div>\n                <div class=\"elementskit-single-faq elementor-repeater-item-c3ee460\">\n            <div class=\"elementskit-faq-header\">\n                <h2 class=\"elementskit-faq-title\">\u00bfC\u00f3mo obtener una lista de precios de productos?<\/h2>\n            <\/div>\n            <div class=\"elementskit-faq-body\">\n                Puede comunicarse con un representante de ventas a trav\u00e9s del bot\u00f3n Lista de precios en la barra de navegaci\u00f3n o llamando directamente, y el representante de ventas puede obtener informaci\u00f3n sobre precios de los distribuidores en su \u00e1rea.            <\/div>\n        <\/div>\n                <div class=\"elementskit-single-faq elementor-repeater-item-51e9ae6\">\n            <div class=\"elementskit-faq-header\">\n                <h2 class=\"elementskit-faq-title\">No encuentro el producto que busco, \u00bfc\u00f3mo puedo encontrarlo r\u00e1pidamente?<\/h2>\n            <\/div>\n            <div class=\"elementskit-faq-body\">\n                Hay varias formas de encontrar productos en nuestro sitio web: Haga clic en el enlace del producto en la barra de navegaci\u00f3n principal para buscar por l\u00ednea de producto. Encuentre productos por industria o aplicaci\u00f3n haciendo clic en los enlaces en la barra de navegaci\u00f3n principal en la parte superior de la p\u00e1gina. Si a\u00fan no puede encontrar el producto que busca, ingrese el nombre del producto en la barra de b\u00fasqueda en la parte superior de la p\u00e1gina.            <\/div>\n        <\/div>\n                <div class=\"elementskit-single-faq elementor-repeater-item-2b5b00a\">\n            <div class=\"elementskit-faq-header\">\n                <h2 class=\"elementskit-faq-title\">Si hay MOQ\uff1f<\/h2>\n            <\/div>\n            <div class=\"elementskit-faq-body\">\n                Sin cantidad m\u00ednima de pedido            <\/div>\n        <\/div>\n                \n    <\/div>\t\t\t\t<\/div>\n\t\t\t\t<\/div>\n\t\t\t\t\t<\/div>\n\t\t<\/div>\n\t\t\t\t<div class=\"elementor-column elementor-col-50 elementor-inner-column elementor-element elementor-element-6224ff53\" data-id=\"6224ff53\" data-element_type=\"column\">\n\t\t\t<div class=\"elementor-widget-wrap elementor-element-populated\">\n\t\t\t\t\t\t<div class=\"elementor-element elementor-element-27cb79fe elementor-widget elementor-widget-elementskit-faq\" data-id=\"27cb79fe\" data-element_type=\"widget\" data-settings=\"{&quot;ekit_we_effect_on&quot;:&quot;none&quot;}\" data-widget_type=\"elementskit-faq.default\">\n\t\t\t\t<div class=\"elementor-widget-container\">\n\t\t\t\t\t<div class=\"ekit-wid-con\" >\n                <div class=\"elementskit-single-faq elementor-repeater-item-8e6e01e\">\n            <div class=\"elementskit-faq-header\">\n                <h2 class=\"elementskit-faq-title\">\u00bfCu\u00e1les son los soportes de repuestos?<\/h2>\n            <\/div>\n            <div class=\"elementskit-faq-body\">\n                Los repuestos originales se mantienen disponibles en todo momento.            <\/div>\n        <\/div>\n                <div class=\"elementskit-single-faq elementor-repeater-item-55e5019\">\n            <div class=\"elementskit-faq-header\">\n                <h2 class=\"elementskit-faq-title\">\u00bfCu\u00e1les son el soporte t\u00e9cnico?<\/h2>\n            <\/div>\n            <div class=\"elementskit-faq-body\">\n                Proporciona gratuitamente una soluci\u00f3n de software y una gu\u00eda t\u00e9cnica todo el tiempo.            <\/div>\n        <\/div>\n                <div class=\"elementskit-single-faq elementor-repeater-item-b3570ed\">\n            <div class=\"elementskit-faq-header\">\n                <h2 class=\"elementskit-faq-title\">\u00bfCu\u00e1les son el soporte local?<\/h2>\n            <\/div>\n            <div class=\"elementskit-faq-body\">\n                En una escala global.            <\/div>\n        <\/div>\n                <div class=\"elementskit-single-faq elementor-repeater-item-3dd6f67\">\n            <div class=\"elementskit-faq-header\">\n                <h2 class=\"elementskit-faq-title\">\u00bfCu\u00e1les son los mercados de producci\u00f3n?<\/h2>\n            <\/div>\n            <div class=\"elementskit-faq-body\">\n                Mercado principal: Europa; El sudeste de Asia; La comunidad de estados independientes; Am\u00e9rica del Sur, \u00e1rea de Medio Oriente            <\/div>\n        <\/div>\n                <div class=\"elementskit-single-faq elementor-repeater-item-213ca26\">\n            <div class=\"elementskit-faq-header\">\n                <h2 class=\"elementskit-faq-title\">\u00bfC\u00f3mo obtener servicio de garant\u00eda?<\/h2>\n            <\/div>\n            <div class=\"elementskit-faq-body\">\n                Los pedidos de servicios de garant\u00eda deben solicitarse a Rucas dentro del per\u00edodo de garant\u00eda limitada a partir de la fecha de recepci\u00f3n de la mercanc\u00eda. Para solicitar un pedido de servicio de garant\u00eda, comun\u00edquese con el equipo de servicio. Para recibir el servicio de garant\u00eda, debe entregar el producto a la direcci\u00f3n especificada en el paquete original o en un paquete que brinde igual protecci\u00f3n. Rucas puede exigir detalles de prueba de compra y\/o el cumplimiento de los requisitos de registro para calificar para el servicio de garant\u00eda seg\u00fan la ley aplicable. Es su responsabilidad hacer una copia de seguridad de cualquier dato, software u otro material que haya almacenado o retenido en el producto. Rucas no es responsable de la p\u00e9rdida o reformateo de dichos datos, software u otros materiales durante el mantenimiento.            <\/div>\n        <\/div>\n                \n    <\/div>\t\t\t\t<\/div>\n\t\t\t\t<\/div>\n\t\t\t\t\t<\/div>\n\t\t<\/div>\n\t\t\t\t\t<\/div>\n\t\t<\/section>\n\t\t\t\t\t<\/div>\n\t\t<\/div>\n\t\t\t\t\t<\/div>\n\t\t<\/section>\n\t\t\t\t<\/div>","protected":false},"excerpt":{"rendered":"<p>FAQs Set your favorite FAQ style to help users get the exact information. How to purchase the models? We don&#8217;t sell the product directly on the website. On each product page, you will see a \u201c Contact Supplier\u201d button on the right side. Clicking on the button will bring up a form. After filling out [&hellip;]<\/p>","protected":false},"author":1,"featured_media":0,"parent":0,"menu_order":0,"comment_status":"closed","ping_status":"closed","template":"","meta":{"footnotes":""},"class_list":["post-40328","page","type-page","status-publish","hentry"],"aioseo_notices":[],"aioseo_head":"\n\t\t<!-- All in One SEO Pro 4.5.9.2 - aioseo.com -->\n\t\t<meta name=\"description\" content=\"If you encounter problems in the wholesale, purchasing, choosing the best distributor of Xiaomi, you can get answers through the FAQ. We continue to provide you with quality service.\" \/>\n\t\t<meta name=\"robots\" content=\"max-image-preview:large\" \/>\n\t\t<link rel=\"canonical\" href=\"https:\/\/www.rucashk.com\/es\/faqs\/\" \/>\n\t\t<meta name=\"generator\" content=\"All in One SEO Pro (AIOSEO) 4.5.9.2\" \/>\n\t\t<meta property=\"og:locale\" content=\"es_ES\" \/>\n\t\t<meta property=\"og:site_name\" content=\"Rucas - One-stop AIoT Distribution Worldwide\" \/>\n\t\t<meta property=\"og:type\" content=\"article\" \/>\n\t\t<meta property=\"og:title\" content=\"FAQs - Rucas One-stop AIoT Distribution Worldwide.\" \/>\n\t\t<meta property=\"og:description\" content=\"If you encounter problems in the wholesale, purchasing, choosing the best distributor of Xiaomi, you can get answers through the FAQ. We continue to provide you with quality service.\" \/>\n\t\t<meta property=\"og:url\" content=\"https:\/\/www.rucashk.com\/es\/faqs\/\" \/>\n\t\t<meta property=\"og:image\" content=\"https:\/\/www.rucashk.com\/wp-content\/uploads\/replace\/503b8e645f128a97ccde2b6290747646.jpeg\" \/>\n\t\t<meta property=\"og:image:secure_url\" content=\"https:\/\/www.rucashk.com\/wp-content\/uploads\/replace\/503b8e645f128a97ccde2b6290747646.jpeg\" \/>\n\t\t<meta property=\"og:image:width\" content=\"1456\" \/>\n\t\t<meta property=\"og:image:height\" content=\"816\" \/>\n\t\t<meta property=\"article:published_time\" content=\"2024-03-31T15:18:21+00:00\" \/>\n\t\t<meta property=\"article:modified_time\" content=\"2024-08-11T14:27:29+00:00\" \/>\n\t\t<meta name=\"twitter:card\" content=\"summary_large_image\" \/>\n\t\t<meta name=\"twitter:title\" content=\"FAQs - Rucas One-stop AIoT Distribution Worldwide.\" \/>\n\t\t<meta name=\"twitter:description\" content=\"If you encounter problems in the wholesale, purchasing, choosing the best distributor of Xiaomi, you can get answers through the FAQ. We continue to provide you with quality service.\" \/>\n\t\t<meta name=\"twitter:image\" content=\"https:\/\/www.rucashk.com\/wp-content\/uploads\/replace\/503b8e645f128a97ccde2b6290747646.jpeg\" \/>\n\t\t<script type=\"application\/ld+json\" class=\"aioseo-schema\">\n\t\t\t{\"@context\":\"https:\\\/\\\/schema.org\",\"@graph\":[{\"@type\":\"BreadcrumbList\",\"@id\":\"https:\\\/\\\/www.rucashk.com\\\/es\\\/faqs\\\/#breadcrumblist\",\"itemListElement\":[{\"@type\":\"ListItem\",\"@id\":\"https:\\\/\\\/www.rucashk.com\\\/es\\\/#listItem\",\"position\":1,\"name\":\"Home\",\"item\":\"https:\\\/\\\/www.rucashk.com\\\/es\\\/\",\"nextItem\":\"https:\\\/\\\/www.rucashk.com\\\/es\\\/faqs\\\/#listItem\"},{\"@type\":\"ListItem\",\"@id\":\"https:\\\/\\\/www.rucashk.com\\\/es\\\/faqs\\\/#listItem\",\"position\":2,\"name\":\"FAQs\",\"previousItem\":\"https:\\\/\\\/www.rucashk.com\\\/es\\\/#listItem\"}]},{\"@type\":\"Organization\",\"@id\":\"https:\\\/\\\/www.rucashk.com\\\/es\\\/#organization\",\"name\":\"Rucas\",\"url\":\"https:\\\/\\\/www.rucashk.com\\\/es\\\/\",\"logo\":{\"@type\":\"ImageObject\",\"url\":\"https:\\\/\\\/www.rucashk.com\\\/wp-content\\\/uploads\\\/2023\\\/12\\\/Rucas_campany_logo.png\",\"@id\":\"https:\\\/\\\/www.rucashk.com\\\/es\\\/faqs\\\/#organizationLogo\",\"width\":221,\"height\":65},\"image\":{\"@id\":\"https:\\\/\\\/www.rucashk.com\\\/es\\\/#organizationLogo\"}},{\"@type\":\"WebPage\",\"@id\":\"https:\\\/\\\/www.rucashk.com\\\/es\\\/faqs\\\/#webpage\",\"url\":\"https:\\\/\\\/www.rucashk.com\\\/es\\\/faqs\\\/\",\"name\":\"FAQs - Rucas One-stop AIoT Distribution Worldwide.\",\"description\":\"If you encounter problems in the wholesale, purchasing, choosing the best distributor of Xiaomi, you can get answers through the FAQ. We continue to provide you with quality service.\",\"inLanguage\":\"es-ES\",\"isPartOf\":{\"@id\":\"https:\\\/\\\/www.rucashk.com\\\/es\\\/#website\"},\"breadcrumb\":{\"@id\":\"https:\\\/\\\/www.rucashk.com\\\/es\\\/faqs\\\/#breadcrumblist\"},\"datePublished\":\"2024-03-31T15:18:21+00:00\",\"dateModified\":\"2024-08-11T14:27:29+00:00\"},{\"@type\":\"WebSite\",\"@id\":\"https:\\\/\\\/www.rucashk.com\\\/es\\\/#website\",\"url\":\"https:\\\/\\\/www.rucashk.com\\\/es\\\/\",\"name\":\"Rucas - Wholesale and distribution worldwide\",\"alternateName\":\"Rucas - One-stop AIoT Distribution Worldwide\",\"description\":\"One-stop AIoT Distribution Worldwide\",\"inLanguage\":\"es-ES\",\"publisher\":{\"@id\":\"https:\\\/\\\/www.rucashk.com\\\/es\\\/#organization\"}}]}\n\t\t<\/script>\n\t\t<!-- All in One SEO Pro -->\r\n\t\t<title>FAQs - Rucas One-stop AIoT Distribution Worldwide.<\/title>\n\n","aioseo_head_json":{"title":"FAQs - Rucas One-stop AIoT Distribution Worldwide.","description":"If you encounter problems in the wholesale, purchasing, choosing the best distributor of Xiaomi, you can get answers through the FAQ. We continue to provide you with quality service.","canonical_url":"https:\/\/www.rucashk.com\/es\/faqs\/","robots":"max-image-preview:large","keywords":"","webmasterTools":{"miscellaneous":""},"og:locale":"es_ES","og:site_name":"Rucas - One-stop AIoT Distribution Worldwide","og:type":"article","og:title":"FAQs - Rucas One-stop AIoT Distribution Worldwide.","og:description":"If you encounter problems in the wholesale, purchasing, choosing the best distributor of Xiaomi, you can get answers through the FAQ. We continue to provide you with quality service.","og:url":"https:\/\/www.rucashk.com\/es\/faqs\/","og:image":"https:\/\/www.rucashk.com\/wp-content\/uploads\/replace\/503b8e645f128a97ccde2b6290747646.jpeg","og:image:secure_url":"https:\/\/www.rucashk.com\/wp-content\/uploads\/replace\/503b8e645f128a97ccde2b6290747646.jpeg","og:image:width":1456,"og:image:height":816,"article:published_time":"2024-03-31T15:18:21+00:00","article:modified_time":"2024-08-11T14:27:29+00:00","twitter:card":"summary_large_image","twitter:title":"FAQs - Rucas One-stop AIoT Distribution Worldwide.","twitter:description":"If you encounter problems in the wholesale, purchasing, choosing the best distributor of Xiaomi, you can get answers through the FAQ. We continue to provide you with quality service.","twitter:image":"https:\/\/www.rucashk.com\/wp-content\/uploads\/replace\/503b8e645f128a97ccde2b6290747646.jpeg","schema":{"@context":"https:\/\/schema.org","@graph":[{"@type":"BreadcrumbList","@id":"https:\/\/www.rucashk.com\/es\/faqs\/#breadcrumblist","itemListElement":[{"@type":"ListItem","@id":"https:\/\/www.rucashk.com\/es\/#listItem","position":1,"name":"Home","item":"https:\/\/www.rucashk.com\/es\/","nextItem":"https:\/\/www.rucashk.com\/es\/faqs\/#listItem"},{"@type":"ListItem","@id":"https:\/\/www.rucashk.com\/es\/faqs\/#listItem","position":2,"name":"FAQs","previousItem":"https:\/\/www.rucashk.com\/es\/#listItem"}]},{"@type":"Organization","@id":"https:\/\/www.rucashk.com\/es\/#organization","name":"Rucas","url":"https:\/\/www.rucashk.com\/es\/","logo":{"@type":"ImageObject","url":"https:\/\/www.rucashk.com\/wp-content\/uploads\/2023\/12\/Rucas_campany_logo.png","@id":"https:\/\/www.rucashk.com\/es\/faqs\/#organizationLogo","width":221,"height":65},"image":{"@id":"https:\/\/www.rucashk.com\/es\/#organizationLogo"}},{"@type":"WebPage","@id":"https:\/\/www.rucashk.com\/es\/faqs\/#webpage","url":"https:\/\/www.rucashk.com\/es\/faqs\/","name":"FAQs - Rucas One-stop AIoT Distribution Worldwide.","description":"If you encounter problems in the wholesale, purchasing, choosing the best distributor of Xiaomi, you can get answers through the FAQ. We continue to provide you with quality service.","inLanguage":"es-ES","isPartOf":{"@id":"https:\/\/www.rucashk.com\/es\/#website"},"breadcrumb":{"@id":"https:\/\/www.rucashk.com\/es\/faqs\/#breadcrumblist"},"datePublished":"2024-03-31T15:18:21+00:00","dateModified":"2024-08-11T14:27:29+00:00"},{"@type":"WebSite","@id":"https:\/\/www.rucashk.com\/es\/#website","url":"https:\/\/www.rucashk.com\/es\/","name":"Rucas - Wholesale and distribution worldwide","alternateName":"Rucas - One-stop AIoT Distribution Worldwide","description":"One-stop AIoT Distribution Worldwide","inLanguage":"es-ES","publisher":{"@id":"https:\/\/www.rucashk.com\/es\/#organization"}}]}},"aioseo_meta_data":{"post_id":"40328","title":"#post_title #separator_sa #site_title One-stop AIoT Distribution Worldwide.","description":"If you encounter problems in the wholesale, purchasing, choosing the best distributor of Xiaomi, you can get answers through the FAQ. We continue to provide you with quality service.","keywords":"[]","keyphrases":"{\"focus\":{\"keyphrase\":\"\",\"score\":0,\"analysis\":{\"keyphraseInTitle\":{\"score\":0,\"maxScore\":9,\"error\":1}}},\"additional\":[]}","primary_term":null,"canonical_url":null,"og_title":null,"og_description":null,"og_object_type":"default","og_image_type":"default","og_image_url":null,"og_image_width":null,"og_image_height":null,"og_image_custom_url":null,"og_image_custom_fields":null,"og_video":"","og_custom_url":null,"og_article_section":null,"og_article_tags":"[]","twitter_use_og":false,"twitter_card":"default","twitter_image_type":"default","twitter_image_url":null,"twitter_image_custom_url":null,"twitter_image_custom_fields":null,"twitter_title":null,"twitter_description":null,"schema":{"blockGraphs":[],"customGraphs":[],"default":{"data":{"Article":[],"Course":[],"Dataset":[],"FAQPage":[],"Movie":[],"Person":[],"Product":[],"Recipe":[],"Service":[],"SoftwareApplication":[],"WebPage":[]},"graphName":"WebPage","isEnabled":true},"graphs":[]},"schema_type":"default","schema_type_options":null,"pillar_content":false,"robots_default":true,"robots_noindex":false,"robots_noarchive":false,"robots_nosnippet":false,"robots_nofollow":false,"robots_noimageindex":false,"robots_noodp":false,"robots_notranslate":false,"robots_max_snippet":"-1","robots_max_videopreview":"-1","robots_max_imagepreview":"large","priority":null,"frequency":"default","local_seo":null,"breadcrumb_settings":null,"limit_modified_date":false,"created":"2024-04-11 01:55:09","updated":"2025-06-22 16:09:35"},"aioseo_breadcrumb":"<div class=\"aioseo-breadcrumbs\"><span class=\"aioseo-breadcrumb\">\n\t<a href=\"https:\/\/www.rucashk.com\/es\" title=\"Home\">Home<\/a>\n<\/span><span class=\"aioseo-breadcrumb-separator\">&raquo;<\/span><span class=\"aioseo-breadcrumb\">\n\tFAQs\n<\/span><\/div>","aioseo_breadcrumb_json":[{"label":"Home","link":"https:\/\/www.rucashk.com\/es"},{"label":"FAQs","link":"https:\/\/www.rucashk.com\/es\/faqs\/"}],"_links":{"self":[{"href":"https:\/\/www.rucashk.com\/es\/wp-json\/wp\/v2\/pages\/40328","targetHints":{"allow":["GET"]}}],"collection":[{"href":"https:\/\/www.rucashk.com\/es\/wp-json\/wp\/v2\/pages"}],"about":[{"href":"https:\/\/www.rucashk.com\/es\/wp-json\/wp\/v2\/types\/page"}],"author":[{"embeddable":true,"href":"https:\/\/www.rucashk.com\/es\/wp-json\/wp\/v2\/users\/1"}],"replies":[{"embeddable":true,"href":"https:\/\/www.rucashk.com\/es\/wp-json\/wp\/v2\/comments?post=40328"}],"version-history":[{"count":0,"href":"https:\/\/www.rucashk.com\/es\/wp-json\/wp\/v2\/pages\/40328\/revisions"}],"wp:attachment":[{"href":"https:\/\/www.rucashk.com\/es\/wp-json\/wp\/v2\/media?parent=40328"}],"curies":[{"name":"wp","href":"https:\/\/api.w.org\/{rel}","templated":true}]}}